{"id":7385,"date":"2013-10-10T12:59:58","date_gmt":"2013-10-10T10:59:58","guid":{"rendered":"http:\/\/www.ledizioni.it\/?post_type=product&#038;p=7385"},"modified":"2021-05-24T16:41:14","modified_gmt":"2021-05-24T14:41:14","slug":"orientare-i-disabili-al-lavoro","status":"publish","type":"product","link":"https:\/\/www.ledizioni.it\/en\/product\/orientare-i-disabili-al-lavoro\/","title":{"rendered":"Orientare i disabili al lavoro: il caso della Provincia di Bolzano"},"content":{"rendered":"<p style=\"text-align: justify;\">Il libro affronta le problematiche connesse all\u2019inserimento professionale delle persone con disabilit\u00e0, presentando un prototipo per l\u2019orientamento al lavoro, messo a punto in un\u2019esperienza di ricerca-azione realizzata nella provincia di Bolzano e focalizzata sulle \u201cfasce deboli\u201d della popolazione disabile in et\u00e0 lavorativa quali i disabili disoccupati o inattivi immigrati e\/o con disabilit\u00e0 psichica. Il modello, ispirato all\u2019approccio delle <i>capabilities<\/i>, \u00e8 stato definito e sperimentato attraverso una metodologia basata sulla partecipazione e il coinvolgimento dei destinatari e dei principali attori chiamati a gestire e implementare gli strumenti identificati dal prototipo. La ricerca-azione \u00e8 stata sviluppata nell\u2019ambito del progetto \u201cSostenere l\u2019inserimento lavorativo delle fasce deboli dei disabili della Provincia di Bolzano\u201d, promosso e finanziato dalla Provincia Autonoma di Bolzano a valere sul Programma Operativo del Fondo Sociale Europeo 2007- 2013 obiettivo Occupazione e Competitivit\u00e0. Lo studio \u00e8 stato condotto dalla cooperativa sociale Independent L. Onlus e dalla societ\u00e0 Laboratorio per lo Sviluppo Economico Regionale Srl (LaSER). Hanno contribuito alla redazione del volume Alessandro Ceredi, Enzo Dellantonio, Francesco Gagliardi, Lorella Molteni, Cristina Oteri e Francesco Pirone.<\/p>\n<p style=\"text-align: justify;\"><b>Francesco Gagliardi<\/b>, ricercatore presso l\u2019Istituto di Ricerca sulla Popolazione e le Politiche Sociali (IRPPS) del Consiglio Nazionale delle Ricerche, \u00e8 inoltre direttore della societ\u00e0 LaSER srl. Nella sua esperienza professionale e di ricerca ha collaborato con l\u2019Istituto Superiore Mario Boella di Torino, il Politecnico di Torino, la Tecnostruttura delle Regioni per il Fondo Sociale Europeo, il Formez e il Mediocredito centrale. Ha lavorato, inoltre, per istituzioni internazionali come l\u2019OCSE e la Commissione Europea.<\/p>\n<p style=\"text-align: justify;\"><b>Enzo Dellantonio<\/b>, fondatore e presidente della cooperativa sociale Indepedent L. onlus di Merano, \u00e8 membro di numerose associazioni nazionali ed internazionali che si occupano dei diritti delle persone disabili, in particolare delle pari opportunit\u00e0, della vita indipendente, del turismo accessibile e delle tecnologie assistite.<\/p>\n<p style=\"text-align: justify;\"><b>Alessandro Ceredi<\/b>, dottore di ricerca in Sociologia e ricerca sociale con pluriennale esperienza nell\u2019ambito degli studi organizzativi con particolare riferimento alle imprese sociali. Si occupa inoltre di progettazione e coordinamento di percorsi formativi sia nell\u2019ambito della formazione continua che in quello della formazione al lavoro.<\/p>\n<table border=\"0\" width=\"100%\" cellspacing=\"2\" cellpadding=\"2\">\n<tbody>\n<tr>\n<td>\n<h3>DATI BIBLIOGRAFICI<\/h3>\n<\/td>\n<td rowspan=\"3\"><\/td>\n<td><\/td>\n<\/tr>\n<tr>\n<td rowspan=\"2\">a cura di: Francesco Gagliardi, Enzo Dellantonio, Alessandro Ceredi<br \/>\nEditore: Ledizioni<br \/>\nFormato: Pdf Pubblicato in: 2013<br \/>\nISBN: 9788867051274<br \/>\nPrezzo:0,00<\/td>\n<td><\/td>\n<\/tr>\n<tr>\n<td><\/td>\n<\/tr>\n<\/tbody>\n<\/table>","protected":false},"excerpt":{"rendered":"<p>Il libro affronta le problematiche connesse all\u2019inserimento professionale delle persone con disabilit\u00e0, presentando un prototipo per l\u2019orientamento al lavoro, messo<\/p>","protected":false},"featured_media":8669,"comment_status":"open","ping_status":"closed","template":"","meta":{"_acf_changed":false},"product_brand":[],"product_cat":[1042],"product_tag":[598,1023,599,764],"class_list":{"0":"post-7385","1":"product","2":"type-product","3":"status-publish","4":"has-post-thumbnail","6":"product_cat-politica","7":"product_tag-disabilita","8":"product_tag-lavoro","9":"product_tag-occupazione","10":"product_tag-open-access-2","11":"pa_accesso-open-access","12":"pa_formato-ebook-in-pdf","13":"pa_lingua-italiano","15":"first","16":"instock","17":"featured","18":"downloadable","19":"virtual","20":"purchasable","21":"product-type-simple"},"acf":[],"yoast_head":"<!-- This site is optimized with the Yoast SEO plugin v27.3 - https:\/\/yoast.com\/product\/yoast-seo-wordpress\/ -->\n<title>Orientare i disabili al lavoro: il caso della Provincia di Bolzano<\/title>\n<meta name=\"description\" content=\"problematiche all\u2019inserimento professionale delle persone con disabilit\u00e0, prototipo per l\u2019orientamento al lavoro, ricerca-azione provincia di Bolzano\" \/>\n<meta name=\"robots\" content=\"index, follow, max-snippet:-1, max-image-preview:large, max-video-preview:-1\" \/>\n<link rel=\"canonical\" href=\"https:\/\/www.ledizioni.it\/en\/product\/orientare-i-disabili-al-lavoro\/\" \/>\n<meta property=\"og:locale\" content=\"en_GB\" \/>\n<meta property=\"og:type\" content=\"article\" \/>\n<meta property=\"og:title\" content=\"Orientare i disabili al lavoro: il caso della Provincia di Bolzano\" \/>\n<meta property=\"og:description\" content=\"problematiche all\u2019inserimento professionale delle persone con disabilit\u00e0, prototipo per l\u2019orientamento al lavoro, ricerca-azione provincia di Bolzano\" \/>\n<meta property=\"og:url\" content=\"https:\/\/www.ledizioni.it\/en\/product\/orientare-i-disabili-al-lavoro\/\" \/>\n<meta property=\"og:site_name\" content=\"Ledizioni\" \/>\n<meta property=\"article:publisher\" content=\"https:\/\/www.facebook.com\/pages\/Ledizioni-LediPublishing\/109120559173329\" \/>\n<meta property=\"article:modified_time\" content=\"2021-05-24T14:41:14+00:00\" \/>\n<meta property=\"og:image\" content=\"https:\/\/www.ledizioni.it\/stag\/wp-content\/uploads\/2013\/10\/orientare_disabili1-318x5251.jpg\" \/>\n\t<meta property=\"og:image:width\" content=\"1493\" \/>\n\t<meta property=\"og:image:height\" content=\"2080\" \/>\n\t<meta property=\"og:image:type\" content=\"image\/jpeg\" \/>\n<meta name=\"twitter:card\" content=\"summary_large_image\" \/>\n<meta name=\"twitter:site\" content=\"@ledizioni\" \/>\n<meta name=\"twitter:label1\" content=\"Estimated reading time\" \/>\n\t<meta name=\"twitter:data1\" content=\"2 minutes\" \/>\n<script type=\"application\/ld+json\" class=\"yoast-schema-graph\">{\"@context\":\"https:\\\/\\\/schema.org\",\"@graph\":[{\"@type\":\"WebPage\",\"@id\":\"https:\\\/\\\/www.ledizioni.it\\\/en\\\/product\\\/orientare-i-disabili-al-lavoro\\\/\",\"url\":\"https:\\\/\\\/www.ledizioni.it\\\/en\\\/product\\\/orientare-i-disabili-al-lavoro\\\/\",\"name\":\"Orientare i disabili al lavoro: il caso della Provincia di Bolzano\",\"isPartOf\":{\"@id\":\"https:\\\/\\\/www.ledizioni.it\\\/#website\"},\"primaryImageOfPage\":{\"@id\":\"https:\\\/\\\/www.ledizioni.it\\\/en\\\/product\\\/orientare-i-disabili-al-lavoro\\\/#primaryimage\"},\"image\":{\"@id\":\"https:\\\/\\\/www.ledizioni.it\\\/en\\\/product\\\/orientare-i-disabili-al-lavoro\\\/#primaryimage\"},\"thumbnailUrl\":\"https:\\\/\\\/www.ledizioni.it\\\/stag\\\/wp-content\\\/uploads\\\/2013\\\/10\\\/orientare_disabili1-318x5251.jpg\",\"datePublished\":\"2013-10-10T10:59:58+00:00\",\"dateModified\":\"2021-05-24T14:41:14+00:00\",\"description\":\"problematiche all\u2019inserimento professionale delle persone con disabilit\u00e0, prototipo per l\u2019orientamento al lavoro, ricerca-azione provincia di Bolzano\",\"breadcrumb\":{\"@id\":\"https:\\\/\\\/www.ledizioni.it\\\/en\\\/product\\\/orientare-i-disabili-al-lavoro\\\/#breadcrumb\"},\"inLanguage\":\"en-GB\",\"potentialAction\":[{\"@type\":\"ReadAction\",\"target\":[\"https:\\\/\\\/www.ledizioni.it\\\/en\\\/product\\\/orientare-i-disabili-al-lavoro\\\/\"]}]},{\"@type\":\"ImageObject\",\"inLanguage\":\"en-GB\",\"@id\":\"https:\\\/\\\/www.ledizioni.it\\\/en\\\/product\\\/orientare-i-disabili-al-lavoro\\\/#primaryimage\",\"url\":\"https:\\\/\\\/www.ledizioni.it\\\/stag\\\/wp-content\\\/uploads\\\/2013\\\/10\\\/orientare_disabili1-318x5251.jpg\",\"contentUrl\":\"https:\\\/\\\/www.ledizioni.it\\\/stag\\\/wp-content\\\/uploads\\\/2013\\\/10\\\/orientare_disabili1-318x5251.jpg\",\"width\":1493,\"height\":2080},{\"@type\":\"BreadcrumbList\",\"@id\":\"https:\\\/\\\/www.ledizioni.it\\\/en\\\/product\\\/orientare-i-disabili-al-lavoro\\\/#breadcrumb\",\"itemListElement\":[{\"@type\":\"ListItem\",\"position\":1,\"name\":\"Shop\",\"item\":\"https:\\\/\\\/www.ledizioni.it\\\/shop-2\\\/\"},{\"@type\":\"ListItem\",\"position\":2,\"name\":\"Orientare i disabili al lavoro: il caso della Provincia di Bolzano\"}]},{\"@type\":\"WebSite\",\"@id\":\"https:\\\/\\\/www.ledizioni.it\\\/#website\",\"url\":\"https:\\\/\\\/www.ledizioni.it\\\/\",\"name\":\"Ledizioni\",\"description\":\"The Innovative LediPublishing Company - Casa Editrice Universitaria\",\"publisher\":{\"@id\":\"https:\\\/\\\/www.ledizioni.it\\\/#organization\"},\"potentialAction\":[{\"@type\":\"SearchAction\",\"target\":{\"@type\":\"EntryPoint\",\"urlTemplate\":\"https:\\\/\\\/www.ledizioni.it\\\/?s={search_term_string}\"},\"query-input\":{\"@type\":\"PropertyValueSpecification\",\"valueRequired\":true,\"valueName\":\"search_term_string\"}}],\"inLanguage\":\"en-GB\"},{\"@type\":\"Organization\",\"@id\":\"https:\\\/\\\/www.ledizioni.it\\\/#organization\",\"name\":\"Ledizioni\",\"url\":\"https:\\\/\\\/www.ledizioni.it\\\/\",\"logo\":{\"@type\":\"ImageObject\",\"inLanguage\":\"en-GB\",\"@id\":\"https:\\\/\\\/www.ledizioni.it\\\/#\\\/schema\\\/logo\\\/image\\\/\",\"url\":\"https:\\\/\\\/www.ledizioni.it\\\/stag\\\/wp-content\\\/uploads\\\/2023\\\/10\\\/newlogoledizioni500x110_2-1.jpg\",\"contentUrl\":\"https:\\\/\\\/www.ledizioni.it\\\/stag\\\/wp-content\\\/uploads\\\/2023\\\/10\\\/newlogoledizioni500x110_2-1.jpg\",\"width\":354,\"height\":87,\"caption\":\"Ledizioni\"},\"image\":{\"@id\":\"https:\\\/\\\/www.ledizioni.it\\\/#\\\/schema\\\/logo\\\/image\\\/\"},\"sameAs\":[\"https:\\\/\\\/www.facebook.com\\\/pages\\\/Ledizioni-LediPublishing\\\/109120559173329\",\"https:\\\/\\\/x.com\\\/ledizioni\"]}]}<\/script>\n<!-- \/ Yoast SEO plugin. -->","yoast_head_json":{"title":"Orientare i disabili al lavoro: il caso della Provincia di Bolzano","description":"problematiche all\u2019inserimento professionale delle persone con disabilit\u00e0, prototipo per l\u2019orientamento al lavoro, ricerca-azione provincia di Bolzano","robots":{"index":"index","follow":"follow","max-snippet":"max-snippet:-1","max-image-preview":"max-image-preview:large","max-video-preview":"max-video-preview:-1"},"canonical":"https:\/\/www.ledizioni.it\/en\/product\/orientare-i-disabili-al-lavoro\/","og_locale":"en_GB","og_type":"article","og_title":"Orientare i disabili al lavoro: il caso della Provincia di Bolzano","og_description":"problematiche all\u2019inserimento professionale delle persone con disabilit\u00e0, prototipo per l\u2019orientamento al lavoro, ricerca-azione provincia di Bolzano","og_url":"https:\/\/www.ledizioni.it\/en\/product\/orientare-i-disabili-al-lavoro\/","og_site_name":"Ledizioni","article_publisher":"https:\/\/www.facebook.com\/pages\/Ledizioni-LediPublishing\/109120559173329","article_modified_time":"2021-05-24T14:41:14+00:00","og_image":[{"width":1493,"height":2080,"url":"https:\/\/www.ledizioni.it\/stag\/wp-content\/uploads\/2013\/10\/orientare_disabili1-318x5251.jpg","type":"image\/jpeg"}],"twitter_card":"summary_large_image","twitter_site":"@ledizioni","twitter_misc":{"Estimated reading time":"2 minutes"},"schema":{"@context":"https:\/\/schema.org","@graph":[{"@type":"WebPage","@id":"https:\/\/www.ledizioni.it\/en\/product\/orientare-i-disabili-al-lavoro\/","url":"https:\/\/www.ledizioni.it\/en\/product\/orientare-i-disabili-al-lavoro\/","name":"Orientare i disabili al lavoro: il caso della Provincia di Bolzano","isPartOf":{"@id":"https:\/\/www.ledizioni.it\/#website"},"primaryImageOfPage":{"@id":"https:\/\/www.ledizioni.it\/en\/product\/orientare-i-disabili-al-lavoro\/#primaryimage"},"image":{"@id":"https:\/\/www.ledizioni.it\/en\/product\/orientare-i-disabili-al-lavoro\/#primaryimage"},"thumbnailUrl":"https:\/\/www.ledizioni.it\/stag\/wp-content\/uploads\/2013\/10\/orientare_disabili1-318x5251.jpg","datePublished":"2013-10-10T10:59:58+00:00","dateModified":"2021-05-24T14:41:14+00:00","description":"problematiche all\u2019inserimento professionale delle persone con disabilit\u00e0, prototipo per l\u2019orientamento al lavoro, ricerca-azione provincia di Bolzano","breadcrumb":{"@id":"https:\/\/www.ledizioni.it\/en\/product\/orientare-i-disabili-al-lavoro\/#breadcrumb"},"inLanguage":"en-GB","potentialAction":[{"@type":"ReadAction","target":["https:\/\/www.ledizioni.it\/en\/product\/orientare-i-disabili-al-lavoro\/"]}]},{"@type":"ImageObject","inLanguage":"en-GB","@id":"https:\/\/www.ledizioni.it\/en\/product\/orientare-i-disabili-al-lavoro\/#primaryimage","url":"https:\/\/www.ledizioni.it\/stag\/wp-content\/uploads\/2013\/10\/orientare_disabili1-318x5251.jpg","contentUrl":"https:\/\/www.ledizioni.it\/stag\/wp-content\/uploads\/2013\/10\/orientare_disabili1-318x5251.jpg","width":1493,"height":2080},{"@type":"BreadcrumbList","@id":"https:\/\/www.ledizioni.it\/en\/product\/orientare-i-disabili-al-lavoro\/#breadcrumb","itemListElement":[{"@type":"ListItem","position":1,"name":"Shop","item":"https:\/\/www.ledizioni.it\/shop-2\/"},{"@type":"ListItem","position":2,"name":"Orientare i disabili al lavoro: il caso della Provincia di Bolzano"}]},{"@type":"WebSite","@id":"https:\/\/www.ledizioni.it\/#website","url":"https:\/\/www.ledizioni.it\/","name":"Ledizioni","description":"The Innovative LediPublishing Company - Casa Editrice Universitaria","publisher":{"@id":"https:\/\/www.ledizioni.it\/#organization"},"potentialAction":[{"@type":"SearchAction","target":{"@type":"EntryPoint","urlTemplate":"https:\/\/www.ledizioni.it\/?s={search_term_string}"},"query-input":{"@type":"PropertyValueSpecification","valueRequired":true,"valueName":"search_term_string"}}],"inLanguage":"en-GB"},{"@type":"Organization","@id":"https:\/\/www.ledizioni.it\/#organization","name":"Ledizioni","url":"https:\/\/www.ledizioni.it\/","logo":{"@type":"ImageObject","inLanguage":"en-GB","@id":"https:\/\/www.ledizioni.it\/#\/schema\/logo\/image\/","url":"https:\/\/www.ledizioni.it\/stag\/wp-content\/uploads\/2023\/10\/newlogoledizioni500x110_2-1.jpg","contentUrl":"https:\/\/www.ledizioni.it\/stag\/wp-content\/uploads\/2023\/10\/newlogoledizioni500x110_2-1.jpg","width":354,"height":87,"caption":"Ledizioni"},"image":{"@id":"https:\/\/www.ledizioni.it\/#\/schema\/logo\/image\/"},"sameAs":["https:\/\/www.facebook.com\/pages\/Ledizioni-LediPublishing\/109120559173329","https:\/\/x.com\/ledizioni"]}]}},"jetpack_sharing_enabled":true,"_links":{"self":[{"href":"https:\/\/www.ledizioni.it\/en\/wp-json\/wp\/v2\/product\/7385","targetHints":{"allow":["GET"]}}],"collection":[{"href":"https:\/\/www.ledizioni.it\/en\/wp-json\/wp\/v2\/product"}],"about":[{"href":"https:\/\/www.ledizioni.it\/en\/wp-json\/wp\/v2\/types\/product"}],"replies":[{"embeddable":true,"href":"https:\/\/www.ledizioni.it\/en\/wp-json\/wp\/v2\/comments?post=7385"}],"version-history":[{"count":2,"href":"https:\/\/www.ledizioni.it\/en\/wp-json\/wp\/v2\/product\/7385\/revisions"}],"predecessor-version":[{"id":7526,"href":"https:\/\/www.ledizioni.it\/en\/wp-json\/wp\/v2\/product\/7385\/revisions\/7526"}],"wp:featuredmedia":[{"embeddable":true,"href":"https:\/\/www.ledizioni.it\/en\/wp-json\/wp\/v2\/media\/8669"}],"wp:attachment":[{"href":"https:\/\/www.ledizioni.it\/en\/wp-json\/wp\/v2\/media?parent=7385"}],"wp:term":[{"taxonomy":"product_brand","embeddable":true,"href":"https:\/\/www.ledizioni.it\/en\/wp-json\/wp\/v2\/product_brand?post=7385"},{"taxonomy":"product_cat","embeddable":true,"href":"https:\/\/www.ledizioni.it\/en\/wp-json\/wp\/v2\/product_cat?post=7385"},{"taxonomy":"product_tag","embeddable":true,"href":"https:\/\/www.ledizioni.it\/en\/wp-json\/wp\/v2\/product_tag?post=7385"}],"curies":[{"name":"wp","href":"https:\/\/api.w.org\/{rel}","templated":true}]}}