{"id":74218,"date":"2025-03-18T11:06:51","date_gmt":"2025-03-18T09:06:51","guid":{"rendered":"https:\/\/www.ledizioni.it\/?post_type=product&#038;p=74218"},"modified":"2026-03-16T13:00:52","modified_gmt":"2026-03-16T11:00:52","slug":"hideo-nasconde-qualcosa","status":"publish","type":"product","link":"https:\/\/www.ledizioni.it\/en\/product\/hideo-nasconde-qualcosa\/","title":{"rendered":"HIDEO NASCONDE QUALCOSA"},"content":{"rendered":"<p><em><strong>In libreria dal 26 marzo<\/strong><\/em><\/p>\n<p style=\"text-align: justify;\">All\u2019angolo blu, Hideo Kojima, uno dei game designer pi\u00f9 amati e visionari al mondo. All\u2019angolo rosso, la subcultura otaku, una delle forze pi\u00f9 influenti e divisive della rete. Il ring su cui si affrontano \u00e8 <em>Metal Gear Solid 2: Sons of Liberty<\/em>, videogioco controverso, dibattuto, odiato e amato.<br \/>\n13 novembre 2001. Una fila chilometrica di appassionati si snoda davanti a tutti i negozi di videogiochi degli Stati Uniti. Alcuni aspettano di ritirare la loro copia prenotata, altri pregano che il centro commerciale ne abbia ordinata qualcuna in pi\u00f9. In ballo c\u2019\u00e8 il rischio di perdersi l\u2019uscita del videogioco pi\u00f9 atteso di tutti i tempi: <em>Metal Gear Solid 2<\/em>. Non possono sapere che stanno per diventare vittime di un colossale inganno. Perch\u00e9 quello che stanno per comprare non \u00e8 il videogioco che i trailer hanno promesso per anni. \u00c8 qualcosa di completamente diverso.<br \/>\nQuesta \u00e8 la storia di un segreto custodito gelosamente da un ristretto gruppo di persone. Di uno scherzo, anzi, quasi di una truffa, orchestrata con trailer ingannevoli e montaggi studiati al millimetro. Ma perch\u00e9 Hideo Kojima ha scelto di tradire ogni aspettativa, rischiando persino di sabotare la propria carriera? La sua \u00e8 una provocazione audace, un avvertimento a una giovent\u00f9 sempre pi\u00f9 smarrita nei suoi mondi virtuali. Uno scontro che trascende il videogioco, trasformandosi in una battaglia generazionale, un match dall\u2019esito incerto. C\u2019\u00e8 solo una cosa sicura: che Hideo nasconde qualcosa.<\/p>\n<hr \/>\n<p><strong>DATI BIBLIOGRAFICI<\/strong><br \/>\nAutore: Fabio Di Felice<br \/>\nEditore: Ledizioni<br \/>\nPubblicato nel: marzo 2025<br \/>\nCollana: <a href=\"https:\/\/www.ledizioni.it\/en\/product-category\/libri-e-biblioteche\/loading-il-videogioco-tra-produzione-arte-e-cultura\/\">Loading<\/a><br \/>\nFormato: brossura, 214 p. &#8211; ePub<br \/>\nISBN cartaceo: 9791256003570<br \/>\nISBN ePub: 9791256003587<br \/>\nPrezzo cartaceo: 16,90 \u20ac<br \/>\nPrezzo ePub: 6,99 \u20ac<\/p>","protected":false},"excerpt":{"rendered":"<p>In libreria dal 26 marzo All\u2019angolo blu, Hideo Kojima, uno dei game designer pi\u00f9 amati e visionari al mondo. All\u2019angolo<\/p>","protected":false},"featured_media":74671,"comment_status":"open","ping_status":"closed","template":"","meta":{"_acf_changed":false},"product_brand":[],"product_cat":[2772],"product_tag":[2990,3232,2630,2777],"class_list":{"0":"post-74218","1":"product","2":"type-product","3":"status-publish","4":"has-post-thumbnail","6":"product_cat-loading-il-videogioco-tra-produzione-arte-e-cultura","7":"product_tag-giappone","8":"product_tag-metal-gear-solid-2","9":"product_tag-storia","10":"product_tag-videogiochi","11":"pa_formato-cartaceo","12":"pa_formato-ebook-in-epub","14":"first","15":"instock","16":"featured","17":"shipping-taxable","18":"purchasable","19":"product-type-variable"},"acf":[],"yoast_head":"<!-- This site is optimized with the Yoast SEO plugin v27.4 - https:\/\/yoast.com\/product\/yoast-seo-wordpress\/ -->\n<title>HIDEO NASCONDE QUALCOSA -<\/title>\n<meta name=\"description\" content=\"Ledizioni - Innovative Publishing. Casa editrice universitaria. Open Access. eBook, ePub. Creative Commons.\" \/>\n<meta name=\"robots\" content=\"index, follow, max-snippet:-1, max-image-preview:large, max-video-preview:-1\" \/>\n<link rel=\"canonical\" href=\"https:\/\/www.ledizioni.it\/en\/product\/hideo-nasconde-qualcosa\/\" \/>\n<meta property=\"og:locale\" content=\"en_GB\" \/>\n<meta property=\"og:type\" content=\"article\" \/>\n<meta property=\"og:title\" content=\"HIDEO NASCONDE QUALCOSA -\" \/>\n<meta property=\"og:description\" content=\"Ledizioni - Innovative Publishing. Casa editrice universitaria. Open Access. eBook, ePub. Creative Commons.\" \/>\n<meta property=\"og:url\" content=\"https:\/\/www.ledizioni.it\/en\/product\/hideo-nasconde-qualcosa\/\" \/>\n<meta property=\"og:site_name\" content=\"Ledizioni\" \/>\n<meta property=\"article:publisher\" content=\"https:\/\/www.facebook.com\/pages\/Ledizioni-LediPublishing\/109120559173329\" \/>\n<meta property=\"article:modified_time\" content=\"2026-03-16T11:00:52+00:00\" \/>\n<meta property=\"og:image\" content=\"https:\/\/www.ledizioni.it\/stag\/wp-content\/uploads\/2025\/02\/Di_Felice-cover-3D.jpg\" \/>\n\t<meta property=\"og:image:width\" content=\"1510\" \/>\n\t<meta property=\"og:image:height\" content=\"1950\" \/>\n\t<meta property=\"og:image:type\" content=\"image\/jpeg\" \/>\n<meta name=\"twitter:card\" content=\"summary_large_image\" \/>\n<meta name=\"twitter:site\" content=\"@ledizioni\" \/>\n<meta name=\"twitter:label1\" content=\"Estimated reading time\" \/>\n\t<meta name=\"twitter:data1\" content=\"2 minutes\" \/>\n<script type=\"application\/ld+json\" class=\"yoast-schema-graph\">{\"@context\":\"https:\\\/\\\/schema.org\",\"@graph\":[{\"@type\":\"WebPage\",\"@id\":\"https:\\\/\\\/www.ledizioni.it\\\/en\\\/product\\\/hideo-nasconde-qualcosa\\\/\",\"url\":\"https:\\\/\\\/www.ledizioni.it\\\/en\\\/product\\\/hideo-nasconde-qualcosa\\\/\",\"name\":\"HIDEO NASCONDE QUALCOSA -\",\"isPartOf\":{\"@id\":\"https:\\\/\\\/www.ledizioni.it\\\/#website\"},\"primaryImageOfPage\":{\"@id\":\"https:\\\/\\\/www.ledizioni.it\\\/en\\\/product\\\/hideo-nasconde-qualcosa\\\/#primaryimage\"},\"image\":{\"@id\":\"https:\\\/\\\/www.ledizioni.it\\\/en\\\/product\\\/hideo-nasconde-qualcosa\\\/#primaryimage\"},\"thumbnailUrl\":\"https:\\\/\\\/www.ledizioni.it\\\/stag\\\/wp-content\\\/uploads\\\/2025\\\/02\\\/Di_Felice-cover-3D.jpg\",\"datePublished\":\"2025-03-18T09:06:51+00:00\",\"dateModified\":\"2026-03-16T11:00:52+00:00\",\"description\":\"Ledizioni - Innovative Publishing. Casa editrice universitaria. Open Access. eBook, ePub. Creative Commons.\",\"breadcrumb\":{\"@id\":\"https:\\\/\\\/www.ledizioni.it\\\/en\\\/product\\\/hideo-nasconde-qualcosa\\\/#breadcrumb\"},\"inLanguage\":\"en-GB\",\"potentialAction\":[{\"@type\":\"ReadAction\",\"target\":[\"https:\\\/\\\/www.ledizioni.it\\\/en\\\/product\\\/hideo-nasconde-qualcosa\\\/\"]}]},{\"@type\":\"ImageObject\",\"inLanguage\":\"en-GB\",\"@id\":\"https:\\\/\\\/www.ledizioni.it\\\/en\\\/product\\\/hideo-nasconde-qualcosa\\\/#primaryimage\",\"url\":\"https:\\\/\\\/www.ledizioni.it\\\/stag\\\/wp-content\\\/uploads\\\/2025\\\/02\\\/Di_Felice-cover-3D.jpg\",\"contentUrl\":\"https:\\\/\\\/www.ledizioni.it\\\/stag\\\/wp-content\\\/uploads\\\/2025\\\/02\\\/Di_Felice-cover-3D.jpg\",\"width\":1510,\"height\":1950},{\"@type\":\"BreadcrumbList\",\"@id\":\"https:\\\/\\\/www.ledizioni.it\\\/en\\\/product\\\/hideo-nasconde-qualcosa\\\/#breadcrumb\",\"itemListElement\":[{\"@type\":\"ListItem\",\"position\":1,\"name\":\"Shop\",\"item\":\"https:\\\/\\\/www.ledizioni.it\\\/shop-2\\\/\"},{\"@type\":\"ListItem\",\"position\":2,\"name\":\"HIDEO NASCONDE QUALCOSA\"}]},{\"@type\":\"WebSite\",\"@id\":\"https:\\\/\\\/www.ledizioni.it\\\/#website\",\"url\":\"https:\\\/\\\/www.ledizioni.it\\\/\",\"name\":\"Ledizioni\",\"description\":\"The Innovative LediPublishing Company - Casa Editrice Universitaria\",\"publisher\":{\"@id\":\"https:\\\/\\\/www.ledizioni.it\\\/#organization\"},\"potentialAction\":[{\"@type\":\"SearchAction\",\"target\":{\"@type\":\"EntryPoint\",\"urlTemplate\":\"https:\\\/\\\/www.ledizioni.it\\\/?s={search_term_string}\"},\"query-input\":{\"@type\":\"PropertyValueSpecification\",\"valueRequired\":true,\"valueName\":\"search_term_string\"}}],\"inLanguage\":\"en-GB\"},{\"@type\":\"Organization\",\"@id\":\"https:\\\/\\\/www.ledizioni.it\\\/#organization\",\"name\":\"Ledizioni\",\"url\":\"https:\\\/\\\/www.ledizioni.it\\\/\",\"logo\":{\"@type\":\"ImageObject\",\"inLanguage\":\"en-GB\",\"@id\":\"https:\\\/\\\/www.ledizioni.it\\\/#\\\/schema\\\/logo\\\/image\\\/\",\"url\":\"https:\\\/\\\/www.ledizioni.it\\\/stag\\\/wp-content\\\/uploads\\\/2023\\\/10\\\/newlogoledizioni500x110_2-1.jpg\",\"contentUrl\":\"https:\\\/\\\/www.ledizioni.it\\\/stag\\\/wp-content\\\/uploads\\\/2023\\\/10\\\/newlogoledizioni500x110_2-1.jpg\",\"width\":354,\"height\":87,\"caption\":\"Ledizioni\"},\"image\":{\"@id\":\"https:\\\/\\\/www.ledizioni.it\\\/#\\\/schema\\\/logo\\\/image\\\/\"},\"sameAs\":[\"https:\\\/\\\/www.facebook.com\\\/pages\\\/Ledizioni-LediPublishing\\\/109120559173329\",\"https:\\\/\\\/x.com\\\/ledizioni\"]}]}<\/script>\n<!-- \/ Yoast SEO plugin. -->","yoast_head_json":{"title":"HIDEO NASCONDE QUALCOSA -","description":"Ledizioni - Innovative Publishing. Casa editrice universitaria. Open Access. eBook, ePub. Creative Commons.","robots":{"index":"index","follow":"follow","max-snippet":"max-snippet:-1","max-image-preview":"max-image-preview:large","max-video-preview":"max-video-preview:-1"},"canonical":"https:\/\/www.ledizioni.it\/en\/product\/hideo-nasconde-qualcosa\/","og_locale":"en_GB","og_type":"article","og_title":"HIDEO NASCONDE QUALCOSA -","og_description":"Ledizioni - Innovative Publishing. Casa editrice universitaria. Open Access. eBook, ePub. Creative Commons.","og_url":"https:\/\/www.ledizioni.it\/en\/product\/hideo-nasconde-qualcosa\/","og_site_name":"Ledizioni","article_publisher":"https:\/\/www.facebook.com\/pages\/Ledizioni-LediPublishing\/109120559173329","article_modified_time":"2026-03-16T11:00:52+00:00","og_image":[{"width":1510,"height":1950,"url":"https:\/\/www.ledizioni.it\/stag\/wp-content\/uploads\/2025\/02\/Di_Felice-cover-3D.jpg","type":"image\/jpeg"}],"twitter_card":"summary_large_image","twitter_site":"@ledizioni","twitter_misc":{"Estimated reading time":"2 minutes"},"schema":{"@context":"https:\/\/schema.org","@graph":[{"@type":"WebPage","@id":"https:\/\/www.ledizioni.it\/en\/product\/hideo-nasconde-qualcosa\/","url":"https:\/\/www.ledizioni.it\/en\/product\/hideo-nasconde-qualcosa\/","name":"HIDEO NASCONDE QUALCOSA -","isPartOf":{"@id":"https:\/\/www.ledizioni.it\/#website"},"primaryImageOfPage":{"@id":"https:\/\/www.ledizioni.it\/en\/product\/hideo-nasconde-qualcosa\/#primaryimage"},"image":{"@id":"https:\/\/www.ledizioni.it\/en\/product\/hideo-nasconde-qualcosa\/#primaryimage"},"thumbnailUrl":"https:\/\/www.ledizioni.it\/stag\/wp-content\/uploads\/2025\/02\/Di_Felice-cover-3D.jpg","datePublished":"2025-03-18T09:06:51+00:00","dateModified":"2026-03-16T11:00:52+00:00","description":"Ledizioni - Innovative Publishing. Casa editrice universitaria. Open Access. eBook, ePub. Creative Commons.","breadcrumb":{"@id":"https:\/\/www.ledizioni.it\/en\/product\/hideo-nasconde-qualcosa\/#breadcrumb"},"inLanguage":"en-GB","potentialAction":[{"@type":"ReadAction","target":["https:\/\/www.ledizioni.it\/en\/product\/hideo-nasconde-qualcosa\/"]}]},{"@type":"ImageObject","inLanguage":"en-GB","@id":"https:\/\/www.ledizioni.it\/en\/product\/hideo-nasconde-qualcosa\/#primaryimage","url":"https:\/\/www.ledizioni.it\/stag\/wp-content\/uploads\/2025\/02\/Di_Felice-cover-3D.jpg","contentUrl":"https:\/\/www.ledizioni.it\/stag\/wp-content\/uploads\/2025\/02\/Di_Felice-cover-3D.jpg","width":1510,"height":1950},{"@type":"BreadcrumbList","@id":"https:\/\/www.ledizioni.it\/en\/product\/hideo-nasconde-qualcosa\/#breadcrumb","itemListElement":[{"@type":"ListItem","position":1,"name":"Shop","item":"https:\/\/www.ledizioni.it\/shop-2\/"},{"@type":"ListItem","position":2,"name":"HIDEO NASCONDE QUALCOSA"}]},{"@type":"WebSite","@id":"https:\/\/www.ledizioni.it\/#website","url":"https:\/\/www.ledizioni.it\/","name":"Ledizioni","description":"The Innovative LediPublishing Company - Casa Editrice Universitaria","publisher":{"@id":"https:\/\/www.ledizioni.it\/#organization"},"potentialAction":[{"@type":"SearchAction","target":{"@type":"EntryPoint","urlTemplate":"https:\/\/www.ledizioni.it\/?s={search_term_string}"},"query-input":{"@type":"PropertyValueSpecification","valueRequired":true,"valueName":"search_term_string"}}],"inLanguage":"en-GB"},{"@type":"Organization","@id":"https:\/\/www.ledizioni.it\/#organization","name":"Ledizioni","url":"https:\/\/www.ledizioni.it\/","logo":{"@type":"ImageObject","inLanguage":"en-GB","@id":"https:\/\/www.ledizioni.it\/#\/schema\/logo\/image\/","url":"https:\/\/www.ledizioni.it\/stag\/wp-content\/uploads\/2023\/10\/newlogoledizioni500x110_2-1.jpg","contentUrl":"https:\/\/www.ledizioni.it\/stag\/wp-content\/uploads\/2023\/10\/newlogoledizioni500x110_2-1.jpg","width":354,"height":87,"caption":"Ledizioni"},"image":{"@id":"https:\/\/www.ledizioni.it\/#\/schema\/logo\/image\/"},"sameAs":["https:\/\/www.facebook.com\/pages\/Ledizioni-LediPublishing\/109120559173329","https:\/\/x.com\/ledizioni"]}]}},"jetpack_sharing_enabled":true,"_links":{"self":[{"href":"https:\/\/www.ledizioni.it\/en\/wp-json\/wp\/v2\/product\/74218","targetHints":{"allow":["GET"]}}],"collection":[{"href":"https:\/\/www.ledizioni.it\/en\/wp-json\/wp\/v2\/product"}],"about":[{"href":"https:\/\/www.ledizioni.it\/en\/wp-json\/wp\/v2\/types\/product"}],"replies":[{"embeddable":true,"href":"https:\/\/www.ledizioni.it\/en\/wp-json\/wp\/v2\/comments?post=74218"}],"version-history":[{"count":3,"href":"https:\/\/www.ledizioni.it\/en\/wp-json\/wp\/v2\/product\/74218\/revisions"}],"predecessor-version":[{"id":74672,"href":"https:\/\/www.ledizioni.it\/en\/wp-json\/wp\/v2\/product\/74218\/revisions\/74672"}],"wp:featuredmedia":[{"embeddable":true,"href":"https:\/\/www.ledizioni.it\/en\/wp-json\/wp\/v2\/media\/74671"}],"wp:attachment":[{"href":"https:\/\/www.ledizioni.it\/en\/wp-json\/wp\/v2\/media?parent=74218"}],"wp:term":[{"taxonomy":"product_brand","embeddable":true,"href":"https:\/\/www.ledizioni.it\/en\/wp-json\/wp\/v2\/product_brand?post=74218"},{"taxonomy":"product_cat","embeddable":true,"href":"https:\/\/www.ledizioni.it\/en\/wp-json\/wp\/v2\/product_cat?post=74218"},{"taxonomy":"product_tag","embeddable":true,"href":"https:\/\/www.ledizioni.it\/en\/wp-json\/wp\/v2\/product_tag?post=74218"}],"curies":[{"name":"wp","href":"https:\/\/api.w.org\/{rel}","templated":true}]}}