{"id":75372,"date":"2025-04-17T00:00:00","date_gmt":"2025-04-16T22:00:00","guid":{"rendered":"https:\/\/www.ledizioni.it\/?post_type=product&#038;p=75372"},"modified":"2025-04-17T13:05:08","modified_gmt":"2025-04-17T11:05:08","slug":"non-siamo-mica-qui-a-giocare","status":"publish","type":"product","link":"https:\/\/www.ledizioni.it\/en\/product\/non-siamo-mica-qui-a-giocare\/","title":{"rendered":"NON SIAMO MICA QUI A GIOCARE!"},"content":{"rendered":"<p style=\"text-align: justify;\">Dopo un lungo periodo nel quale sono stati considerati dall&#8217;opinione pubblica sottocultura o, al massimo, appartenenti al mondo dell&#8217;infanzia, i giochi, complice anche un mercato in continua crescita, hanno iniziato a contaminare i media tradizionali affermandosi in maniera sempre maggiore nell\u2019<em>entertainment<\/em> culturale. Anche le biblioteche di pubblica lettura hanno iniziato, negli ultimi anni, a dedicare uno spazio ai giochi: la <em>Gaming Zone<\/em>, un\u2019area specifica in cui sono collocati tutti i materiali ludici, nonch\u00e9 luogo espressivo delle potenzialit\u00e0 aggregative e del valore culturale finalmente riconosciuto di giochi da tavolo e videogiochi. La biblioteca che si evolve, emancipandosi cos\u00ec dall\u2019essere esclusivamente una risorsa informativa, pu\u00f2 trovare nuova linfa partecipativa nel<em> gaming<\/em> e nel suo pubblico.<br \/>\nMa come si crea una <em>Gaming Zone<\/em>? Tra esempi concreti frutto di esperienze dirette, consigli operativi e un approccio pratico al lavoro del quotidiano, Alberto Raimondi, bibliotecario, lo racconta sin dalla fase progettuale. Invitandoci a superare le resistenze iniziali, a sperimentare senza timore nuove soluzioni e cercando di prevenire le criticit\u00e0 gestionali, l\u2019autore ci accompagna nella creazione di un servizio che possa contribuire alla crescita e allo sviluppo della biblioteca. Non solo conferendole una nuova immagine, utile ad attrarre un pubblico pi\u00f9 ampio dell\u2019attuale, ma soprattutto che sappia mettere al centro la persona, ancor pi\u00f9 delle collezioni. Per una biblioteca veramente capace di diventare uno spazio pubblico di condivisione al passo coi tempi, senza dimenticare la propria storia e i propri valori fondativi.<br \/>\n<em>Non siamo mica qui a giocare! <\/em>pu\u00f2 essere un manuale utile per chi inizia un percorso per realizzare un nuovo servizio per la propria biblioteca, uno strumento di confronto per chi l\u2019ha gi\u00e0 introdotto e un nuovo sguardo attraverso il quale anche i non addetti ai lavori possono osservare quello che per consuetudine \u00e8 una realt\u00e0 identificata spesso solo con i libri. Attraverso il <em>gaming<\/em>, quindi, ci si interroga sul ruolo dei bibliotecari e delle biblioteche oggi, in termini di proposta culturale e sociale. Perch\u00e9, al di l\u00e0 dei riconoscimenti ufficiali il gioco \u00e8, da sempre, rappresentazione di cultura e societ\u00e0.<\/p>\n<hr \/>\n<p><strong>DATI BIBLIOGRAFICI<\/strong><br \/>\nAutore: Alberto Raimondi<br \/>\nEditore: Ledizioni<br \/>\nPubblicato in: aprile 2025<br \/>\nFormato: brossura, 185 p. &#8211; ePub<br \/>\nISBN cartaceo: 9791256003754<br \/>\nISBN ePub: 9791256003761<br \/>\nPrezzo cartaceo: 18,00 \u20ac<br \/>\nPrezzo ePub: 6,99 \u20ac<\/p>","protected":false},"excerpt":{"rendered":"<p>Dopo un lungo periodo nel quale sono stati considerati dall&#8217;opinione pubblica sottocultura o, al massimo, appartenenti al mondo dell&#8217;infanzia, i<\/p>","protected":false},"featured_media":75432,"comment_status":"closed","ping_status":"closed","template":"","meta":{"_acf_changed":false},"product_brand":[],"product_cat":[2575],"product_tag":[2786,2779,3301,806,2777],"class_list":{"0":"post-75372","1":"product","2":"type-product","3":"status-publish","4":"has-post-thumbnail","6":"product_cat-media","7":"product_tag-biblioteche","8":"product_tag-gaming","9":"product_tag-gaming-zone","10":"product_tag-media","11":"product_tag-videogiochi","12":"pa_formato-cartaceo","13":"pa_formato-ebook-in-epub","15":"first","16":"instock","17":"shipping-taxable","18":"purchasable","19":"product-type-variable"},"acf":[],"yoast_head":"<!-- This site is optimized with the Yoast SEO plugin v27.3 - https:\/\/yoast.com\/product\/yoast-seo-wordpress\/ -->\n<title>NON SIAMO MICA QUI A GIOCARE! -<\/title>\n<meta name=\"description\" content=\"Ledizioni - Innovative Publishing. Casa editrice universitaria. Open Access. eBook, ePub. Creative Commons.\" \/>\n<meta name=\"robots\" content=\"index, follow, max-snippet:-1, max-image-preview:large, max-video-preview:-1\" \/>\n<link rel=\"canonical\" href=\"https:\/\/www.ledizioni.it\/en\/product\/non-siamo-mica-qui-a-giocare\/\" \/>\n<meta property=\"og:locale\" content=\"en_GB\" \/>\n<meta property=\"og:type\" content=\"article\" \/>\n<meta property=\"og:title\" content=\"NON SIAMO MICA QUI A GIOCARE! -\" \/>\n<meta property=\"og:description\" content=\"Ledizioni - Innovative Publishing. Casa editrice universitaria. Open Access. eBook, ePub. Creative Commons.\" \/>\n<meta property=\"og:url\" content=\"https:\/\/www.ledizioni.it\/en\/product\/non-siamo-mica-qui-a-giocare\/\" \/>\n<meta property=\"og:site_name\" content=\"Ledizioni\" \/>\n<meta property=\"article:publisher\" content=\"https:\/\/www.facebook.com\/pages\/Ledizioni-LediPublishing\/109120559173329\" \/>\n<meta property=\"article:modified_time\" content=\"2025-04-17T11:05:08+00:00\" \/>\n<meta property=\"og:image\" content=\"https:\/\/www.ledizioni.it\/stag\/wp-content\/uploads\/2025\/04\/Raimondi_cover-3D.jpg\" \/>\n\t<meta property=\"og:image:width\" content=\"1510\" \/>\n\t<meta property=\"og:image:height\" content=\"1938\" \/>\n\t<meta property=\"og:image:type\" content=\"image\/jpeg\" \/>\n<meta name=\"twitter:card\" content=\"summary_large_image\" \/>\n<meta name=\"twitter:site\" content=\"@ledizioni\" \/>\n<meta name=\"twitter:label1\" content=\"Estimated reading time\" \/>\n\t<meta name=\"twitter:data1\" content=\"3 minutes\" \/>\n<script type=\"application\/ld+json\" class=\"yoast-schema-graph\">{\"@context\":\"https:\\\/\\\/schema.org\",\"@graph\":[{\"@type\":\"WebPage\",\"@id\":\"https:\\\/\\\/www.ledizioni.it\\\/en\\\/product\\\/non-siamo-mica-qui-a-giocare\\\/\",\"url\":\"https:\\\/\\\/www.ledizioni.it\\\/en\\\/product\\\/non-siamo-mica-qui-a-giocare\\\/\",\"name\":\"NON SIAMO MICA QUI A GIOCARE! -\",\"isPartOf\":{\"@id\":\"https:\\\/\\\/www.ledizioni.it\\\/#website\"},\"primaryImageOfPage\":{\"@id\":\"https:\\\/\\\/www.ledizioni.it\\\/en\\\/product\\\/non-siamo-mica-qui-a-giocare\\\/#primaryimage\"},\"image\":{\"@id\":\"https:\\\/\\\/www.ledizioni.it\\\/en\\\/product\\\/non-siamo-mica-qui-a-giocare\\\/#primaryimage\"},\"thumbnailUrl\":\"https:\\\/\\\/www.ledizioni.it\\\/stag\\\/wp-content\\\/uploads\\\/2025\\\/04\\\/Raimondi_cover-3D.jpg\",\"datePublished\":\"2025-04-16T22:00:00+00:00\",\"dateModified\":\"2025-04-17T11:05:08+00:00\",\"description\":\"Ledizioni - Innovative Publishing. Casa editrice universitaria. Open Access. eBook, ePub. Creative Commons.\",\"breadcrumb\":{\"@id\":\"https:\\\/\\\/www.ledizioni.it\\\/en\\\/product\\\/non-siamo-mica-qui-a-giocare\\\/#breadcrumb\"},\"inLanguage\":\"en-GB\",\"potentialAction\":[{\"@type\":\"ReadAction\",\"target\":[\"https:\\\/\\\/www.ledizioni.it\\\/en\\\/product\\\/non-siamo-mica-qui-a-giocare\\\/\"]}]},{\"@type\":\"ImageObject\",\"inLanguage\":\"en-GB\",\"@id\":\"https:\\\/\\\/www.ledizioni.it\\\/en\\\/product\\\/non-siamo-mica-qui-a-giocare\\\/#primaryimage\",\"url\":\"https:\\\/\\\/www.ledizioni.it\\\/stag\\\/wp-content\\\/uploads\\\/2025\\\/04\\\/Raimondi_cover-3D.jpg\",\"contentUrl\":\"https:\\\/\\\/www.ledizioni.it\\\/stag\\\/wp-content\\\/uploads\\\/2025\\\/04\\\/Raimondi_cover-3D.jpg\",\"width\":1510,\"height\":1938},{\"@type\":\"BreadcrumbList\",\"@id\":\"https:\\\/\\\/www.ledizioni.it\\\/en\\\/product\\\/non-siamo-mica-qui-a-giocare\\\/#breadcrumb\",\"itemListElement\":[{\"@type\":\"ListItem\",\"position\":1,\"name\":\"Shop\",\"item\":\"https:\\\/\\\/www.ledizioni.it\\\/shop-2\\\/\"},{\"@type\":\"ListItem\",\"position\":2,\"name\":\"NON SIAMO MICA QUI A GIOCARE!\"}]},{\"@type\":\"WebSite\",\"@id\":\"https:\\\/\\\/www.ledizioni.it\\\/#website\",\"url\":\"https:\\\/\\\/www.ledizioni.it\\\/\",\"name\":\"Ledizioni\",\"description\":\"The Innovative LediPublishing Company - Casa Editrice Universitaria\",\"publisher\":{\"@id\":\"https:\\\/\\\/www.ledizioni.it\\\/#organization\"},\"potentialAction\":[{\"@type\":\"SearchAction\",\"target\":{\"@type\":\"EntryPoint\",\"urlTemplate\":\"https:\\\/\\\/www.ledizioni.it\\\/?s={search_term_string}\"},\"query-input\":{\"@type\":\"PropertyValueSpecification\",\"valueRequired\":true,\"valueName\":\"search_term_string\"}}],\"inLanguage\":\"en-GB\"},{\"@type\":\"Organization\",\"@id\":\"https:\\\/\\\/www.ledizioni.it\\\/#organization\",\"name\":\"Ledizioni\",\"url\":\"https:\\\/\\\/www.ledizioni.it\\\/\",\"logo\":{\"@type\":\"ImageObject\",\"inLanguage\":\"en-GB\",\"@id\":\"https:\\\/\\\/www.ledizioni.it\\\/#\\\/schema\\\/logo\\\/image\\\/\",\"url\":\"https:\\\/\\\/www.ledizioni.it\\\/stag\\\/wp-content\\\/uploads\\\/2023\\\/10\\\/newlogoledizioni500x110_2-1.jpg\",\"contentUrl\":\"https:\\\/\\\/www.ledizioni.it\\\/stag\\\/wp-content\\\/uploads\\\/2023\\\/10\\\/newlogoledizioni500x110_2-1.jpg\",\"width\":354,\"height\":87,\"caption\":\"Ledizioni\"},\"image\":{\"@id\":\"https:\\\/\\\/www.ledizioni.it\\\/#\\\/schema\\\/logo\\\/image\\\/\"},\"sameAs\":[\"https:\\\/\\\/www.facebook.com\\\/pages\\\/Ledizioni-LediPublishing\\\/109120559173329\",\"https:\\\/\\\/x.com\\\/ledizioni\"]}]}<\/script>\n<!-- \/ Yoast SEO plugin. -->","yoast_head_json":{"title":"NON SIAMO MICA QUI A GIOCARE! -","description":"Ledizioni - Innovative Publishing. Casa editrice universitaria. Open Access. eBook, ePub. Creative Commons.","robots":{"index":"index","follow":"follow","max-snippet":"max-snippet:-1","max-image-preview":"max-image-preview:large","max-video-preview":"max-video-preview:-1"},"canonical":"https:\/\/www.ledizioni.it\/en\/product\/non-siamo-mica-qui-a-giocare\/","og_locale":"en_GB","og_type":"article","og_title":"NON SIAMO MICA QUI A GIOCARE! -","og_description":"Ledizioni - Innovative Publishing. Casa editrice universitaria. Open Access. eBook, ePub. Creative Commons.","og_url":"https:\/\/www.ledizioni.it\/en\/product\/non-siamo-mica-qui-a-giocare\/","og_site_name":"Ledizioni","article_publisher":"https:\/\/www.facebook.com\/pages\/Ledizioni-LediPublishing\/109120559173329","article_modified_time":"2025-04-17T11:05:08+00:00","og_image":[{"width":1510,"height":1938,"url":"https:\/\/www.ledizioni.it\/stag\/wp-content\/uploads\/2025\/04\/Raimondi_cover-3D.jpg","type":"image\/jpeg"}],"twitter_card":"summary_large_image","twitter_site":"@ledizioni","twitter_misc":{"Estimated reading time":"3 minutes"},"schema":{"@context":"https:\/\/schema.org","@graph":[{"@type":"WebPage","@id":"https:\/\/www.ledizioni.it\/en\/product\/non-siamo-mica-qui-a-giocare\/","url":"https:\/\/www.ledizioni.it\/en\/product\/non-siamo-mica-qui-a-giocare\/","name":"NON SIAMO MICA QUI A GIOCARE! -","isPartOf":{"@id":"https:\/\/www.ledizioni.it\/#website"},"primaryImageOfPage":{"@id":"https:\/\/www.ledizioni.it\/en\/product\/non-siamo-mica-qui-a-giocare\/#primaryimage"},"image":{"@id":"https:\/\/www.ledizioni.it\/en\/product\/non-siamo-mica-qui-a-giocare\/#primaryimage"},"thumbnailUrl":"https:\/\/www.ledizioni.it\/stag\/wp-content\/uploads\/2025\/04\/Raimondi_cover-3D.jpg","datePublished":"2025-04-16T22:00:00+00:00","dateModified":"2025-04-17T11:05:08+00:00","description":"Ledizioni - Innovative Publishing. Casa editrice universitaria. Open Access. eBook, ePub. Creative Commons.","breadcrumb":{"@id":"https:\/\/www.ledizioni.it\/en\/product\/non-siamo-mica-qui-a-giocare\/#breadcrumb"},"inLanguage":"en-GB","potentialAction":[{"@type":"ReadAction","target":["https:\/\/www.ledizioni.it\/en\/product\/non-siamo-mica-qui-a-giocare\/"]}]},{"@type":"ImageObject","inLanguage":"en-GB","@id":"https:\/\/www.ledizioni.it\/en\/product\/non-siamo-mica-qui-a-giocare\/#primaryimage","url":"https:\/\/www.ledizioni.it\/stag\/wp-content\/uploads\/2025\/04\/Raimondi_cover-3D.jpg","contentUrl":"https:\/\/www.ledizioni.it\/stag\/wp-content\/uploads\/2025\/04\/Raimondi_cover-3D.jpg","width":1510,"height":1938},{"@type":"BreadcrumbList","@id":"https:\/\/www.ledizioni.it\/en\/product\/non-siamo-mica-qui-a-giocare\/#breadcrumb","itemListElement":[{"@type":"ListItem","position":1,"name":"Shop","item":"https:\/\/www.ledizioni.it\/shop-2\/"},{"@type":"ListItem","position":2,"name":"NON SIAMO MICA QUI A GIOCARE!"}]},{"@type":"WebSite","@id":"https:\/\/www.ledizioni.it\/#website","url":"https:\/\/www.ledizioni.it\/","name":"Ledizioni","description":"The Innovative LediPublishing Company - Casa Editrice Universitaria","publisher":{"@id":"https:\/\/www.ledizioni.it\/#organization"},"potentialAction":[{"@type":"SearchAction","target":{"@type":"EntryPoint","urlTemplate":"https:\/\/www.ledizioni.it\/?s={search_term_string}"},"query-input":{"@type":"PropertyValueSpecification","valueRequired":true,"valueName":"search_term_string"}}],"inLanguage":"en-GB"},{"@type":"Organization","@id":"https:\/\/www.ledizioni.it\/#organization","name":"Ledizioni","url":"https:\/\/www.ledizioni.it\/","logo":{"@type":"ImageObject","inLanguage":"en-GB","@id":"https:\/\/www.ledizioni.it\/#\/schema\/logo\/image\/","url":"https:\/\/www.ledizioni.it\/stag\/wp-content\/uploads\/2023\/10\/newlogoledizioni500x110_2-1.jpg","contentUrl":"https:\/\/www.ledizioni.it\/stag\/wp-content\/uploads\/2023\/10\/newlogoledizioni500x110_2-1.jpg","width":354,"height":87,"caption":"Ledizioni"},"image":{"@id":"https:\/\/www.ledizioni.it\/#\/schema\/logo\/image\/"},"sameAs":["https:\/\/www.facebook.com\/pages\/Ledizioni-LediPublishing\/109120559173329","https:\/\/x.com\/ledizioni"]}]}},"jetpack_sharing_enabled":true,"_links":{"self":[{"href":"https:\/\/www.ledizioni.it\/en\/wp-json\/wp\/v2\/product\/75372","targetHints":{"allow":["GET"]}}],"collection":[{"href":"https:\/\/www.ledizioni.it\/en\/wp-json\/wp\/v2\/product"}],"about":[{"href":"https:\/\/www.ledizioni.it\/en\/wp-json\/wp\/v2\/types\/product"}],"replies":[{"embeddable":true,"href":"https:\/\/www.ledizioni.it\/en\/wp-json\/wp\/v2\/comments?post=75372"}],"version-history":[{"count":2,"href":"https:\/\/www.ledizioni.it\/en\/wp-json\/wp\/v2\/product\/75372\/revisions"}],"predecessor-version":[{"id":75735,"href":"https:\/\/www.ledizioni.it\/en\/wp-json\/wp\/v2\/product\/75372\/revisions\/75735"}],"wp:featuredmedia":[{"embeddable":true,"href":"https:\/\/www.ledizioni.it\/en\/wp-json\/wp\/v2\/media\/75432"}],"wp:attachment":[{"href":"https:\/\/www.ledizioni.it\/en\/wp-json\/wp\/v2\/media?parent=75372"}],"wp:term":[{"taxonomy":"product_brand","embeddable":true,"href":"https:\/\/www.ledizioni.it\/en\/wp-json\/wp\/v2\/product_brand?post=75372"},{"taxonomy":"product_cat","embeddable":true,"href":"https:\/\/www.ledizioni.it\/en\/wp-json\/wp\/v2\/product_cat?post=75372"},{"taxonomy":"product_tag","embeddable":true,"href":"https:\/\/www.ledizioni.it\/en\/wp-json\/wp\/v2\/product_tag?post=75372"}],"curies":[{"name":"wp","href":"https:\/\/api.w.org\/{rel}","templated":true}]}}