{"id":75553,"date":"2025-05-02T00:00:00","date_gmt":"2025-05-01T22:00:00","guid":{"rendered":"https:\/\/www.ledizioni.it\/?post_type=product&#038;p=75553"},"modified":"2025-05-21T11:31:08","modified_gmt":"2025-05-21T09:31:08","slug":"manifesto-dei-sociologi-e-delle-sociologhe-dellambiente-e-del-territorio-su-ambiente-territori-e-processi-migratori","status":"publish","type":"product","link":"https:\/\/www.ledizioni.it\/en\/product\/manifesto-dei-sociologi-e-delle-sociologhe-dellambiente-e-del-territorio-su-ambiente-territori-e-processi-migratori\/","title":{"rendered":"MANIFESTO DEI SOCIOLOGI E DELLE SOCIOLOGHE DELL&#8217;AMBIENTE E DEL TERRITORIO SU AMBIENTE, TERRITORI E PROCESSI MIGRATORI"},"content":{"rendered":"<div data-elementor-type=\"product-post\" data-elementor-id=\"75553\" class=\"elementor elementor-75553\" data-elementor-post-type=\"product\">\n\t\t\t\t\t\t<section class=\"elementor-section elementor-top-section elementor-element elementor-element-10f481bb elementor-section-boxed elementor-section-height-default elementor-section-height-default wd-section-disabled\" data-id=\"10f481bb\" data-element_type=\"section\" data-e-type=\"section\">\n\t\t\t\t\t\t<div class=\"elementor-container elementor-column-gap-default\">\n\t\t\t\t\t<div class=\"elementor-column elementor-col-100 elementor-top-column elementor-element elementor-element-3b5b1acb\" data-id=\"3b5b1acb\" data-element_type=\"column\" data-e-type=\"column\">\n\t\t\t<div class=\"elementor-widget-wrap elementor-element-populated\">\n\t\t\t\t\t\t<div class=\"elementor-element elementor-element-3709e446 color-scheme-inherit text-left elementor-widget elementor-widget-text-editor\" data-id=\"3709e446\" data-element_type=\"widget\" data-e-type=\"widget\" data-widget_type=\"text-editor.default\">\n\t\t\t\t<div class=\"elementor-widget-container\">\n\t\t\t\t\t\t\t\t\t<p style=\"text-align: justify;\">In un&#8217;epoca segnata da profonde trasformazioni sociali e ambientali, il <em>Manifesto dei Sociologi e delle Sociologhe dell\u2019Ambiente e del Territorio<\/em> si configura come un intervento critico e costruttivo in grado di leggere in maniera analitica la contemporaneit\u00e0 socio-territoriale.<br \/>Attraverso una pluralit\u00e0 di approcci \u2013 teorici, empirici e interdisciplinari \u2013 questo contributo mette in luce come la questione migratoria investa trasversalmente la societ\u00e0 italiana, ridefinendo spazi di inclusione ed esclusione e configurando nuove forme di periferizzazione. Il <em>Manifesto<\/em> si focalizza sui temi della mobilit\u00e0 umana, della giustizia territoriale e delle disuguaglianze urbane, analizzando i nessi tra migrazioni, crisi ecologiche, precariet\u00e0 urbana e rurale, trasformazioni sociali e politico-istituzionali. La ricca articolazione tematica \u2013 che spazia dai margini urbani ai contesti rurali, dalla crisi climatica alle questioni di genere, dalle politiche di accoglienza ai modelli insediativi, fino alla crescente stigmatizzazione del diverso e alle forme diffuse di vulnerabilit\u00e0 sociale \u2013 evidenzia la molteplicit\u00e0 di forme con cui le migrazioni si inscrivono nello spazio sociale e fisico, contribuendo a ridefinire non solo la morfologia dei luoghi, ma anche i significati della cittadinanza e della convivenza. Il <em>Manifesto<\/em> non si limita a denunciare, ma propone strumenti analitici e orientamenti di policy, sottolineando la necessit\u00e0 di interfacciarsi con una realt\u00e0 sempre pi\u00f9 complessa e strutturalmente interconnessa, fornendo strumenti pratici per affrontare le sfide del presente con rigore scientifico e impegno civile.<\/p><hr \/><p><strong>DATI BIBLIOGRAFICI<\/strong><br \/>Autori: Gennaro Avallone, Fabio Berti, Luca Bottini, Simone Caiello, Francesco Caruso, Gilda Catalano, Carlo Colloca, Natalia Coppolino, Mario Coscarello, Silvia Crivello, Mariaclaudia Cusumano, Luca Daconto, Giovanni Delli Zotti, Romina Deriu, Anna Elia, Enrico Ercole, Fiammetta Fannizza, Maria Camilla Fraudatario, Veronica Guidotti, Licia Lipari, Camilla Macciani, Manuela Maggio, Antonietta Mazzette, Vincenzo Mini, Maria Grazia Montesano, Silvia Mugnano, Antonino Mario Oliveri, Valentina Pantaleo, Gabriella Polizzi, Daniele Pulino, Marianna Ragone, Fiorella Spallone, Sara Spanu, Emanuele Stochino, Alessandra Terenzi, Ornella Urpis, Andrea Valzania, Moreno Zago.<br \/>Pubblicato nel: aprile 2025<br \/>Formato: brossura, 148 p. \u2013 ePub \u2013 PDF in Open Access<br \/>ISBN cartaceo: 9791256004010<br \/>ISBN ePub: 9791256004027<br \/>Prezzo cartaceo: 24 \u20ac<br \/>Prezzo ePub: 11,99 \u20ac<\/p>\t\t\t\t\t\t\t\t<\/div>\n\t\t\t\t<\/div>\n\t\t\t\t\t<\/div>\n\t\t<\/div>\n\t\t\t\t\t<\/div>\n\t\t<\/section>\n\t\t\t\t<section class=\"elementor-section elementor-top-section elementor-element elementor-element-0331f53 elementor-section-boxed elementor-section-height-default elementor-section-height-default wd-section-disabled\" data-id=\"0331f53\" data-element_type=\"section\" data-e-type=\"section\">\n\t\t\t\t\t\t<div class=\"elementor-container elementor-column-gap-default\">\n\t\t\t\t\t<div class=\"elementor-column elementor-col-100 elementor-top-column elementor-element elementor-element-d48b927\" data-id=\"d48b927\" data-element_type=\"column\" data-e-type=\"column\">\n\t\t\t<div class=\"elementor-widget-wrap\">\n\t\t\t\t\t\t\t<\/div>\n\t\t<\/div>\n\t\t\t\t\t<\/div>\n\t\t<\/section>\n\t\t\t\t<section class=\"elementor-section elementor-top-section elementor-element elementor-element-f7968d0 elementor-section-boxed elementor-section-height-default elementor-section-height-default wd-section-disabled\" data-id=\"f7968d0\" data-element_type=\"section\" data-e-type=\"section\">\n\t\t\t\t\t\t<div class=\"elementor-container elementor-column-gap-default\">\n\t\t\t\t\t<div class=\"elementor-column elementor-col-100 elementor-top-column elementor-element elementor-element-cb52d53\" data-id=\"cb52d53\" data-element_type=\"column\" data-e-type=\"column\">\n\t\t\t<div class=\"elementor-widget-wrap elementor-element-populated\">\n\t\t\t\t\t\t<div class=\"elementor-element elementor-element-2596239 elementor-button-danger elementor-align-center elementor-widget elementor-widget-button\" data-id=\"2596239\" data-element_type=\"widget\" data-e-type=\"widget\" data-widget_type=\"button.default\">\n\t\t\t\t<div class=\"elementor-widget-container\">\n\t\t\t\t\t\t\t\t\t<div class=\"elementor-button-wrapper\">\n\t\t\t\t\t<a class=\"elementor-button elementor-button-link elementor-size-sm\" href=\"https:\/\/zenodo.org\/records\/15321877\/files\/Daconto_Manifesto_web_def.pdf?download=1\">\n\t\t\t\t\t\t<span class=\"elementor-button-content-wrapper\">\n\t\t\t\t\t\t\t\t\t<span class=\"elementor-button-text\">Scarica il PDF in Open Access<\/span>\n\t\t\t\t\t<\/span>\n\t\t\t\t\t<\/a>\n\t\t\t\t<\/div>\n\t\t\t\t\t\t\t\t<\/div>\n\t\t\t\t<\/div>\n\t\t\t\t\t<\/div>\n\t\t<\/div>\n\t\t\t\t\t<\/div>\n\t\t<\/section>\n\t\t\t\t<\/div>","protected":false},"excerpt":{"rendered":"<p>In un&#8217;epoca segnata da profonde trasformazioni sociali e ambientali, il Manifesto dei Sociologi e delle Sociologhe dell\u2019Ambiente e del Territorio<\/p>","protected":false},"featured_media":76094,"comment_status":"closed","ping_status":"closed","template":"","meta":{"_acf_changed":false},"product_brand":[],"product_cat":[801,27],"product_tag":[2853,2674,764,3319,2638,527],"class_list":{"0":"post-75553","1":"product","2":"type-product","3":"status-publish","4":"has-post-thumbnail","6":"product_cat-ambiente","7":"product_cat-sociology","8":"product_tag-ambiente","9":"product_tag-clima","10":"product_tag-open-access-2","11":"product_tag-processi-migratori","12":"product_tag-sociologia","13":"product_tag-territorio","14":"pa_formato-cartaceo","15":"pa_formato-ebook-in-epub","16":"pa_formato-ebook-in-pdf","18":"first","19":"instock","20":"shipping-taxable","21":"purchasable","22":"product-type-variable"},"acf":[],"yoast_head":"<!-- This site is optimized with the Yoast SEO plugin v27.3 - https:\/\/yoast.com\/product\/yoast-seo-wordpress\/ -->\n<title>MANIFESTO DEI SOCIOLOGI E DELLE SOCIOLOGHE DELL&#039;AMBIENTE E DEL TERRITORIO SU AMBIENTE, TERRITORI E PROCESSI MIGRATORI -<\/title>\n<meta name=\"description\" content=\"Ledizioni - Innovative Publishing. Casa editrice universitaria. Open Access. eBook, ePub. Creative Commons.\" \/>\n<meta name=\"robots\" content=\"index, follow, max-snippet:-1, max-image-preview:large, max-video-preview:-1\" \/>\n<link rel=\"canonical\" href=\"https:\/\/www.ledizioni.it\/en\/product\/manifesto-dei-sociologi-e-delle-sociologhe-dellambiente-e-del-territorio-su-ambiente-territori-e-processi-migratori\/\" \/>\n<meta property=\"og:locale\" content=\"en_GB\" \/>\n<meta property=\"og:type\" content=\"article\" \/>\n<meta property=\"og:title\" content=\"MANIFESTO DEI SOCIOLOGI E DELLE SOCIOLOGHE DELL&#039;AMBIENTE E DEL TERRITORIO SU AMBIENTE, TERRITORI E PROCESSI MIGRATORI -\" \/>\n<meta property=\"og:description\" content=\"Ledizioni - Innovative Publishing. Casa editrice universitaria. Open Access. eBook, ePub. Creative Commons.\" \/>\n<meta property=\"og:url\" content=\"https:\/\/www.ledizioni.it\/en\/product\/manifesto-dei-sociologi-e-delle-sociologhe-dellambiente-e-del-territorio-su-ambiente-territori-e-processi-migratori\/\" \/>\n<meta property=\"og:site_name\" content=\"Ledizioni\" \/>\n<meta property=\"article:publisher\" content=\"https:\/\/www.facebook.com\/pages\/Ledizioni-LediPublishing\/109120559173329\" \/>\n<meta property=\"article:modified_time\" content=\"2025-05-21T09:31:08+00:00\" \/>\n<meta property=\"og:image\" content=\"https:\/\/www.ledizioni.it\/stag\/wp-content\/uploads\/2025\/05\/Cover_Manifesto_Daconto-3D-2.jpg\" \/>\n\t<meta property=\"og:image:width\" content=\"1474\" \/>\n\t<meta property=\"og:image:height\" content=\"1962\" \/>\n\t<meta property=\"og:image:type\" content=\"image\/jpeg\" \/>\n<meta name=\"twitter:card\" content=\"summary_large_image\" \/>\n<meta name=\"twitter:site\" content=\"@ledizioni\" \/>\n<script type=\"application\/ld+json\" class=\"yoast-schema-graph\">{\"@context\":\"https:\\\/\\\/schema.org\",\"@graph\":[{\"@type\":\"WebPage\",\"@id\":\"https:\\\/\\\/www.ledizioni.it\\\/prodotto\\\/manifesto-dei-sociologi-e-delle-sociologhe-dellambiente-e-del-territorio-su-ambiente-territori-e-processi-migratori\\\/\",\"url\":\"https:\\\/\\\/www.ledizioni.it\\\/prodotto\\\/manifesto-dei-sociologi-e-delle-sociologhe-dellambiente-e-del-territorio-su-ambiente-territori-e-processi-migratori\\\/\",\"name\":\"MANIFESTO DEI SOCIOLOGI E DELLE SOCIOLOGHE DELL'AMBIENTE E DEL TERRITORIO SU AMBIENTE, TERRITORI E PROCESSI MIGRATORI -\",\"isPartOf\":{\"@id\":\"https:\\\/\\\/www.ledizioni.it\\\/#website\"},\"primaryImageOfPage\":{\"@id\":\"https:\\\/\\\/www.ledizioni.it\\\/prodotto\\\/manifesto-dei-sociologi-e-delle-sociologhe-dellambiente-e-del-territorio-su-ambiente-territori-e-processi-migratori\\\/#primaryimage\"},\"image\":{\"@id\":\"https:\\\/\\\/www.ledizioni.it\\\/prodotto\\\/manifesto-dei-sociologi-e-delle-sociologhe-dellambiente-e-del-territorio-su-ambiente-territori-e-processi-migratori\\\/#primaryimage\"},\"thumbnailUrl\":\"https:\\\/\\\/www.ledizioni.it\\\/stag\\\/wp-content\\\/uploads\\\/2025\\\/05\\\/Cover_Manifesto_Daconto-3D-2.jpg\",\"datePublished\":\"2025-05-01T22:00:00+00:00\",\"dateModified\":\"2025-05-21T09:31:08+00:00\",\"description\":\"Ledizioni - Innovative Publishing. Casa editrice universitaria. Open Access. eBook, ePub. Creative Commons.\",\"breadcrumb\":{\"@id\":\"https:\\\/\\\/www.ledizioni.it\\\/prodotto\\\/manifesto-dei-sociologi-e-delle-sociologhe-dellambiente-e-del-territorio-su-ambiente-territori-e-processi-migratori\\\/#breadcrumb\"},\"inLanguage\":\"en-GB\",\"potentialAction\":[{\"@type\":\"ReadAction\",\"target\":[\"https:\\\/\\\/www.ledizioni.it\\\/prodotto\\\/manifesto-dei-sociologi-e-delle-sociologhe-dellambiente-e-del-territorio-su-ambiente-territori-e-processi-migratori\\\/\"]}]},{\"@type\":\"ImageObject\",\"inLanguage\":\"en-GB\",\"@id\":\"https:\\\/\\\/www.ledizioni.it\\\/prodotto\\\/manifesto-dei-sociologi-e-delle-sociologhe-dellambiente-e-del-territorio-su-ambiente-territori-e-processi-migratori\\\/#primaryimage\",\"url\":\"https:\\\/\\\/www.ledizioni.it\\\/stag\\\/wp-content\\\/uploads\\\/2025\\\/05\\\/Cover_Manifesto_Daconto-3D-2.jpg\",\"contentUrl\":\"https:\\\/\\\/www.ledizioni.it\\\/stag\\\/wp-content\\\/uploads\\\/2025\\\/05\\\/Cover_Manifesto_Daconto-3D-2.jpg\",\"width\":1474,\"height\":1962},{\"@type\":\"BreadcrumbList\",\"@id\":\"https:\\\/\\\/www.ledizioni.it\\\/prodotto\\\/manifesto-dei-sociologi-e-delle-sociologhe-dellambiente-e-del-territorio-su-ambiente-territori-e-processi-migratori\\\/#breadcrumb\",\"itemListElement\":[{\"@type\":\"ListItem\",\"position\":1,\"name\":\"Shop\",\"item\":\"https:\\\/\\\/www.ledizioni.it\\\/shop-2\\\/\"},{\"@type\":\"ListItem\",\"position\":2,\"name\":\"MANIFESTO DEI SOCIOLOGI E DELLE SOCIOLOGHE DELL&#8217;AMBIENTE E DEL TERRITORIO SU AMBIENTE, TERRITORI E PROCESSI MIGRATORI\"}]},{\"@type\":\"WebSite\",\"@id\":\"https:\\\/\\\/www.ledizioni.it\\\/#website\",\"url\":\"https:\\\/\\\/www.ledizioni.it\\\/\",\"name\":\"Ledizioni\",\"description\":\"The Innovative LediPublishing Company - Casa Editrice Universitaria\",\"publisher\":{\"@id\":\"https:\\\/\\\/www.ledizioni.it\\\/#organization\"},\"potentialAction\":[{\"@type\":\"SearchAction\",\"target\":{\"@type\":\"EntryPoint\",\"urlTemplate\":\"https:\\\/\\\/www.ledizioni.it\\\/?s={search_term_string}\"},\"query-input\":{\"@type\":\"PropertyValueSpecification\",\"valueRequired\":true,\"valueName\":\"search_term_string\"}}],\"inLanguage\":\"en-GB\"},{\"@type\":\"Organization\",\"@id\":\"https:\\\/\\\/www.ledizioni.it\\\/#organization\",\"name\":\"Ledizioni\",\"url\":\"https:\\\/\\\/www.ledizioni.it\\\/\",\"logo\":{\"@type\":\"ImageObject\",\"inLanguage\":\"en-GB\",\"@id\":\"https:\\\/\\\/www.ledizioni.it\\\/#\\\/schema\\\/logo\\\/image\\\/\",\"url\":\"https:\\\/\\\/www.ledizioni.it\\\/stag\\\/wp-content\\\/uploads\\\/2023\\\/10\\\/newlogoledizioni500x110_2-1.jpg\",\"contentUrl\":\"https:\\\/\\\/www.ledizioni.it\\\/stag\\\/wp-content\\\/uploads\\\/2023\\\/10\\\/newlogoledizioni500x110_2-1.jpg\",\"width\":354,\"height\":87,\"caption\":\"Ledizioni\"},\"image\":{\"@id\":\"https:\\\/\\\/www.ledizioni.it\\\/#\\\/schema\\\/logo\\\/image\\\/\"},\"sameAs\":[\"https:\\\/\\\/www.facebook.com\\\/pages\\\/Ledizioni-LediPublishing\\\/109120559173329\",\"https:\\\/\\\/x.com\\\/ledizioni\"]}]}<\/script>\n<!-- \/ Yoast SEO plugin. -->","yoast_head_json":{"title":"MANIFESTO DEI SOCIOLOGI E DELLE SOCIOLOGHE DELL'AMBIENTE E DEL TERRITORIO SU AMBIENTE, TERRITORI E PROCESSI MIGRATORI -","description":"Ledizioni - Innovative Publishing. Casa editrice universitaria. Open Access. eBook, ePub. Creative Commons.","robots":{"index":"index","follow":"follow","max-snippet":"max-snippet:-1","max-image-preview":"max-image-preview:large","max-video-preview":"max-video-preview:-1"},"canonical":"https:\/\/www.ledizioni.it\/en\/product\/manifesto-dei-sociologi-e-delle-sociologhe-dellambiente-e-del-territorio-su-ambiente-territori-e-processi-migratori\/","og_locale":"en_GB","og_type":"article","og_title":"MANIFESTO DEI SOCIOLOGI E DELLE SOCIOLOGHE DELL'AMBIENTE E DEL TERRITORIO SU AMBIENTE, TERRITORI E PROCESSI MIGRATORI -","og_description":"Ledizioni - Innovative Publishing. Casa editrice universitaria. Open Access. eBook, ePub. Creative Commons.","og_url":"https:\/\/www.ledizioni.it\/en\/product\/manifesto-dei-sociologi-e-delle-sociologhe-dellambiente-e-del-territorio-su-ambiente-territori-e-processi-migratori\/","og_site_name":"Ledizioni","article_publisher":"https:\/\/www.facebook.com\/pages\/Ledizioni-LediPublishing\/109120559173329","article_modified_time":"2025-05-21T09:31:08+00:00","og_image":[{"width":1474,"height":1962,"url":"https:\/\/www.ledizioni.it\/stag\/wp-content\/uploads\/2025\/05\/Cover_Manifesto_Daconto-3D-2.jpg","type":"image\/jpeg"}],"twitter_card":"summary_large_image","twitter_site":"@ledizioni","schema":{"@context":"https:\/\/schema.org","@graph":[{"@type":"WebPage","@id":"https:\/\/www.ledizioni.it\/prodotto\/manifesto-dei-sociologi-e-delle-sociologhe-dellambiente-e-del-territorio-su-ambiente-territori-e-processi-migratori\/","url":"https:\/\/www.ledizioni.it\/prodotto\/manifesto-dei-sociologi-e-delle-sociologhe-dellambiente-e-del-territorio-su-ambiente-territori-e-processi-migratori\/","name":"MANIFESTO DEI SOCIOLOGI E DELLE SOCIOLOGHE DELL'AMBIENTE E DEL TERRITORIO SU AMBIENTE, TERRITORI E PROCESSI MIGRATORI -","isPartOf":{"@id":"https:\/\/www.ledizioni.it\/#website"},"primaryImageOfPage":{"@id":"https:\/\/www.ledizioni.it\/prodotto\/manifesto-dei-sociologi-e-delle-sociologhe-dellambiente-e-del-territorio-su-ambiente-territori-e-processi-migratori\/#primaryimage"},"image":{"@id":"https:\/\/www.ledizioni.it\/prodotto\/manifesto-dei-sociologi-e-delle-sociologhe-dellambiente-e-del-territorio-su-ambiente-territori-e-processi-migratori\/#primaryimage"},"thumbnailUrl":"https:\/\/www.ledizioni.it\/stag\/wp-content\/uploads\/2025\/05\/Cover_Manifesto_Daconto-3D-2.jpg","datePublished":"2025-05-01T22:00:00+00:00","dateModified":"2025-05-21T09:31:08+00:00","description":"Ledizioni - Innovative Publishing. Casa editrice universitaria. Open Access. eBook, ePub. Creative Commons.","breadcrumb":{"@id":"https:\/\/www.ledizioni.it\/prodotto\/manifesto-dei-sociologi-e-delle-sociologhe-dellambiente-e-del-territorio-su-ambiente-territori-e-processi-migratori\/#breadcrumb"},"inLanguage":"en-GB","potentialAction":[{"@type":"ReadAction","target":["https:\/\/www.ledizioni.it\/prodotto\/manifesto-dei-sociologi-e-delle-sociologhe-dellambiente-e-del-territorio-su-ambiente-territori-e-processi-migratori\/"]}]},{"@type":"ImageObject","inLanguage":"en-GB","@id":"https:\/\/www.ledizioni.it\/prodotto\/manifesto-dei-sociologi-e-delle-sociologhe-dellambiente-e-del-territorio-su-ambiente-territori-e-processi-migratori\/#primaryimage","url":"https:\/\/www.ledizioni.it\/stag\/wp-content\/uploads\/2025\/05\/Cover_Manifesto_Daconto-3D-2.jpg","contentUrl":"https:\/\/www.ledizioni.it\/stag\/wp-content\/uploads\/2025\/05\/Cover_Manifesto_Daconto-3D-2.jpg","width":1474,"height":1962},{"@type":"BreadcrumbList","@id":"https:\/\/www.ledizioni.it\/prodotto\/manifesto-dei-sociologi-e-delle-sociologhe-dellambiente-e-del-territorio-su-ambiente-territori-e-processi-migratori\/#breadcrumb","itemListElement":[{"@type":"ListItem","position":1,"name":"Shop","item":"https:\/\/www.ledizioni.it\/shop-2\/"},{"@type":"ListItem","position":2,"name":"MANIFESTO DEI SOCIOLOGI E DELLE SOCIOLOGHE DELL&#8217;AMBIENTE E DEL TERRITORIO SU AMBIENTE, TERRITORI E PROCESSI MIGRATORI"}]},{"@type":"WebSite","@id":"https:\/\/www.ledizioni.it\/#website","url":"https:\/\/www.ledizioni.it\/","name":"Ledizioni","description":"The Innovative LediPublishing Company - Casa Editrice Universitaria","publisher":{"@id":"https:\/\/www.ledizioni.it\/#organization"},"potentialAction":[{"@type":"SearchAction","target":{"@type":"EntryPoint","urlTemplate":"https:\/\/www.ledizioni.it\/?s={search_term_string}"},"query-input":{"@type":"PropertyValueSpecification","valueRequired":true,"valueName":"search_term_string"}}],"inLanguage":"en-GB"},{"@type":"Organization","@id":"https:\/\/www.ledizioni.it\/#organization","name":"Ledizioni","url":"https:\/\/www.ledizioni.it\/","logo":{"@type":"ImageObject","inLanguage":"en-GB","@id":"https:\/\/www.ledizioni.it\/#\/schema\/logo\/image\/","url":"https:\/\/www.ledizioni.it\/stag\/wp-content\/uploads\/2023\/10\/newlogoledizioni500x110_2-1.jpg","contentUrl":"https:\/\/www.ledizioni.it\/stag\/wp-content\/uploads\/2023\/10\/newlogoledizioni500x110_2-1.jpg","width":354,"height":87,"caption":"Ledizioni"},"image":{"@id":"https:\/\/www.ledizioni.it\/#\/schema\/logo\/image\/"},"sameAs":["https:\/\/www.facebook.com\/pages\/Ledizioni-LediPublishing\/109120559173329","https:\/\/x.com\/ledizioni"]}]}},"jetpack_sharing_enabled":true,"_links":{"self":[{"href":"https:\/\/www.ledizioni.it\/en\/wp-json\/wp\/v2\/product\/75553","targetHints":{"allow":["GET"]}}],"collection":[{"href":"https:\/\/www.ledizioni.it\/en\/wp-json\/wp\/v2\/product"}],"about":[{"href":"https:\/\/www.ledizioni.it\/en\/wp-json\/wp\/v2\/types\/product"}],"replies":[{"embeddable":true,"href":"https:\/\/www.ledizioni.it\/en\/wp-json\/wp\/v2\/comments?post=75553"}],"version-history":[{"count":15,"href":"https:\/\/www.ledizioni.it\/en\/wp-json\/wp\/v2\/product\/75553\/revisions"}],"predecessor-version":[{"id":76685,"href":"https:\/\/www.ledizioni.it\/en\/wp-json\/wp\/v2\/product\/75553\/revisions\/76685"}],"wp:featuredmedia":[{"embeddable":true,"href":"https:\/\/www.ledizioni.it\/en\/wp-json\/wp\/v2\/media\/76094"}],"wp:attachment":[{"href":"https:\/\/www.ledizioni.it\/en\/wp-json\/wp\/v2\/media?parent=75553"}],"wp:term":[{"taxonomy":"product_brand","embeddable":true,"href":"https:\/\/www.ledizioni.it\/en\/wp-json\/wp\/v2\/product_brand?post=75553"},{"taxonomy":"product_cat","embeddable":true,"href":"https:\/\/www.ledizioni.it\/en\/wp-json\/wp\/v2\/product_cat?post=75553"},{"taxonomy":"product_tag","embeddable":true,"href":"https:\/\/www.ledizioni.it\/en\/wp-json\/wp\/v2\/product_tag?post=75553"}],"curies":[{"name":"wp","href":"https:\/\/api.w.org\/{rel}","templated":true}]}}