{"id":7586,"date":"2013-10-21T15:43:05","date_gmt":"2013-10-21T15:43:05","guid":{"rendered":"http:\/\/www.ledizioni.it\/?post_type=product&#038;p=7586"},"modified":"2017-03-07T08:31:26","modified_gmt":"2017-03-07T08:31:26","slug":"giordano-bruno-spaccio-de-la-bestia-trionfante","status":"publish","type":"product","link":"https:\/\/www.ledizioni.it\/en\/product\/giordano-bruno-spaccio-de-la-bestia-trionfante\/","title":{"rendered":"Giordano Bruno, Spaccio de la Bestia Trionfante"},"content":{"rendered":"<p style=\"text-align: justify;\">&#8220;Cieco chi non vede il sole, stolto chi nol conosce, ingrato chi nol ringrazia; se tanto \u00e8 il lume, tanto il bene, tanto il beneficio: per cui risplende, per cui eccelle, per cui giova; maestro de sensi, padre di sustanze, autor di vita. Or non so qual mi sarei, eccellente Signore, se io non stimasse il vostro ingegno, non onorasse gli vostri costumi, non celebrasse gli vostri meriti: con gli quali vi siete scuoperto a me nel primo principio ch\u2019io giunsi a l\u2019isola Britannica, per quanto v\u2019ha conceduto a tempo.&#8221;<\/p>\n<p style=\"text-align: justify;\">Lo <i>Spaccio de la bestia trionfante<\/i> di Giordano Bruno (Nola, 1548 \u2013 Roma, 1600) \u00e8 costituito da tre dialoghi di argomento morale che invocano il ritorno alla sincerit\u00e0, semplicit\u00e0 e alla verit\u00e0.<\/p>\n<p>&nbsp;<\/p>\n<h3>DATI BIBLIOGRAFICI<\/h3>\n<table border=\"0\" width=\"100%\">\n<tbody>\n<tr>\n<td width=\"83%\">Autore: Giordano Bruno<br \/>\nEditore: Ledizioni<br \/>\nCollana: <a title=\"History\" href=\"http:\/\/www.ledizioni.it\/en\/sito\/collane\/letteratura\/digital-classics\/\" target=\"_blank\">Digital Classics<br \/>\n<\/a> Formato: ePub<br \/>\nPubblicato in: Ottobre 2013<br \/>\nISBN:\u00a09788867050314 (ePub)<br \/>\nPrezzo ePub: 0.99 \u20ac<\/td>\n<td width=\"17%\"><\/td>\n<\/tr>\n<\/tbody>\n<\/table>\n<p>&nbsp;<\/p>\n<p>&nbsp;<\/p>\n<p>&nbsp;<\/p>","protected":false},"excerpt":{"rendered":"<p>&#8220;Cieco chi non vede il sole, stolto chi nol conosce, ingrato chi nol ringrazia; se tanto \u00e8 il lume, tanto<\/p>","protected":false},"featured_media":8647,"comment_status":"open","ping_status":"closed","template":"","meta":{"_acf_changed":false},"product_brand":[],"product_cat":[1031],"product_tag":[],"class_list":{"0":"post-7586","1":"product","2":"type-product","3":"status-publish","4":"has-post-thumbnail","6":"product_cat-digital-classics","7":"pa_formato-ebook-in-epub","8":"pa_lingua-italiano","10":"first","11":"instock","12":"downloadable","13":"shipping-taxable","14":"purchasable","15":"product-type-simple"},"acf":[],"yoast_head":"<!-- This site is optimized with the Yoast SEO plugin v27.4 - https:\/\/yoast.com\/product\/yoast-seo-wordpress\/ -->\n<title>Giordano Bruno, Spaccio de la Bestia Trionfante -<\/title>\n<meta name=\"description\" content=\"Opera di Giordano Bruno costituita da tre dialoghi di argomento morale che invocano il ritorno alla sincerit\u00e0, semplicit\u00e0 e alla verit\u00e0.\" \/>\n<meta name=\"robots\" content=\"index, follow, max-snippet:-1, max-image-preview:large, max-video-preview:-1\" \/>\n<link rel=\"canonical\" href=\"https:\/\/www.ledizioni.it\/en\/product\/giordano-bruno-spaccio-de-la-bestia-trionfante\/\" \/>\n<meta property=\"og:locale\" content=\"en_GB\" \/>\n<meta property=\"og:type\" content=\"article\" \/>\n<meta property=\"og:title\" content=\"Giordano Bruno, Spaccio de la Bestia Trionfante -\" \/>\n<meta property=\"og:description\" content=\"Opera di Giordano Bruno costituita da tre dialoghi di argomento morale che invocano il ritorno alla sincerit\u00e0, semplicit\u00e0 e alla verit\u00e0.\" \/>\n<meta property=\"og:url\" content=\"https:\/\/www.ledizioni.it\/en\/product\/giordano-bruno-spaccio-de-la-bestia-trionfante\/\" \/>\n<meta property=\"og:site_name\" content=\"Ledizioni\" \/>\n<meta property=\"article:publisher\" content=\"https:\/\/www.facebook.com\/pages\/Ledizioni-LediPublishing\/109120559173329\" \/>\n<meta property=\"article:modified_time\" content=\"2017-03-07T08:31:26+00:00\" \/>\n<meta property=\"og:image\" content=\"https:\/\/www.ledizioni.it\/stag\/wp-content\/uploads\/2013\/10\/spaccio3d1-291x5251.jpg\" \/>\n\t<meta property=\"og:image:width\" content=\"1493\" \/>\n\t<meta property=\"og:image:height\" content=\"2080\" \/>\n\t<meta property=\"og:image:type\" content=\"image\/jpeg\" \/>\n<meta name=\"twitter:card\" content=\"summary_large_image\" \/>\n<meta name=\"twitter:site\" content=\"@ledizioni\" \/>\n<meta name=\"twitter:label1\" content=\"Estimated reading time\" \/>\n\t<meta name=\"twitter:data1\" content=\"1 minute\" \/>\n<script type=\"application\/ld+json\" class=\"yoast-schema-graph\">{\"@context\":\"https:\\\/\\\/schema.org\",\"@graph\":[{\"@type\":\"WebPage\",\"@id\":\"https:\\\/\\\/www.ledizioni.it\\\/en\\\/product\\\/giordano-bruno-spaccio-de-la-bestia-trionfante\\\/\",\"url\":\"https:\\\/\\\/www.ledizioni.it\\\/en\\\/product\\\/giordano-bruno-spaccio-de-la-bestia-trionfante\\\/\",\"name\":\"Giordano Bruno, Spaccio de la Bestia Trionfante -\",\"isPartOf\":{\"@id\":\"https:\\\/\\\/www.ledizioni.it\\\/#website\"},\"primaryImageOfPage\":{\"@id\":\"https:\\\/\\\/www.ledizioni.it\\\/en\\\/product\\\/giordano-bruno-spaccio-de-la-bestia-trionfante\\\/#primaryimage\"},\"image\":{\"@id\":\"https:\\\/\\\/www.ledizioni.it\\\/en\\\/product\\\/giordano-bruno-spaccio-de-la-bestia-trionfante\\\/#primaryimage\"},\"thumbnailUrl\":\"https:\\\/\\\/www.ledizioni.it\\\/stag\\\/wp-content\\\/uploads\\\/2013\\\/10\\\/spaccio3d1-291x5251.jpg\",\"datePublished\":\"2013-10-21T15:43:05+00:00\",\"dateModified\":\"2017-03-07T08:31:26+00:00\",\"description\":\"Opera di Giordano Bruno costituita da tre dialoghi di argomento morale che invocano il ritorno alla sincerit\u00e0, semplicit\u00e0 e alla verit\u00e0.\",\"breadcrumb\":{\"@id\":\"https:\\\/\\\/www.ledizioni.it\\\/en\\\/product\\\/giordano-bruno-spaccio-de-la-bestia-trionfante\\\/#breadcrumb\"},\"inLanguage\":\"en-GB\",\"potentialAction\":[{\"@type\":\"ReadAction\",\"target\":[\"https:\\\/\\\/www.ledizioni.it\\\/en\\\/product\\\/giordano-bruno-spaccio-de-la-bestia-trionfante\\\/\"]}]},{\"@type\":\"ImageObject\",\"inLanguage\":\"en-GB\",\"@id\":\"https:\\\/\\\/www.ledizioni.it\\\/en\\\/product\\\/giordano-bruno-spaccio-de-la-bestia-trionfante\\\/#primaryimage\",\"url\":\"https:\\\/\\\/www.ledizioni.it\\\/stag\\\/wp-content\\\/uploads\\\/2013\\\/10\\\/spaccio3d1-291x5251.jpg\",\"contentUrl\":\"https:\\\/\\\/www.ledizioni.it\\\/stag\\\/wp-content\\\/uploads\\\/2013\\\/10\\\/spaccio3d1-291x5251.jpg\",\"width\":1493,\"height\":2080},{\"@type\":\"BreadcrumbList\",\"@id\":\"https:\\\/\\\/www.ledizioni.it\\\/en\\\/product\\\/giordano-bruno-spaccio-de-la-bestia-trionfante\\\/#breadcrumb\",\"itemListElement\":[{\"@type\":\"ListItem\",\"position\":1,\"name\":\"Shop\",\"item\":\"https:\\\/\\\/www.ledizioni.it\\\/shop-2\\\/\"},{\"@type\":\"ListItem\",\"position\":2,\"name\":\"Giordano Bruno, Spaccio de la Bestia Trionfante\"}]},{\"@type\":\"WebSite\",\"@id\":\"https:\\\/\\\/www.ledizioni.it\\\/#website\",\"url\":\"https:\\\/\\\/www.ledizioni.it\\\/\",\"name\":\"Ledizioni\",\"description\":\"The Innovative LediPublishing Company - Casa Editrice Universitaria\",\"publisher\":{\"@id\":\"https:\\\/\\\/www.ledizioni.it\\\/#organization\"},\"potentialAction\":[{\"@type\":\"SearchAction\",\"target\":{\"@type\":\"EntryPoint\",\"urlTemplate\":\"https:\\\/\\\/www.ledizioni.it\\\/?s={search_term_string}\"},\"query-input\":{\"@type\":\"PropertyValueSpecification\",\"valueRequired\":true,\"valueName\":\"search_term_string\"}}],\"inLanguage\":\"en-GB\"},{\"@type\":\"Organization\",\"@id\":\"https:\\\/\\\/www.ledizioni.it\\\/#organization\",\"name\":\"Ledizioni\",\"url\":\"https:\\\/\\\/www.ledizioni.it\\\/\",\"logo\":{\"@type\":\"ImageObject\",\"inLanguage\":\"en-GB\",\"@id\":\"https:\\\/\\\/www.ledizioni.it\\\/#\\\/schema\\\/logo\\\/image\\\/\",\"url\":\"https:\\\/\\\/www.ledizioni.it\\\/stag\\\/wp-content\\\/uploads\\\/2023\\\/10\\\/newlogoledizioni500x110_2-1.jpg\",\"contentUrl\":\"https:\\\/\\\/www.ledizioni.it\\\/stag\\\/wp-content\\\/uploads\\\/2023\\\/10\\\/newlogoledizioni500x110_2-1.jpg\",\"width\":354,\"height\":87,\"caption\":\"Ledizioni\"},\"image\":{\"@id\":\"https:\\\/\\\/www.ledizioni.it\\\/#\\\/schema\\\/logo\\\/image\\\/\"},\"sameAs\":[\"https:\\\/\\\/www.facebook.com\\\/pages\\\/Ledizioni-LediPublishing\\\/109120559173329\",\"https:\\\/\\\/x.com\\\/ledizioni\"]}]}<\/script>\n<!-- \/ Yoast SEO plugin. -->","yoast_head_json":{"title":"Giordano Bruno, Spaccio de la Bestia Trionfante -","description":"Opera di Giordano Bruno costituita da tre dialoghi di argomento morale che invocano il ritorno alla sincerit\u00e0, semplicit\u00e0 e alla verit\u00e0.","robots":{"index":"index","follow":"follow","max-snippet":"max-snippet:-1","max-image-preview":"max-image-preview:large","max-video-preview":"max-video-preview:-1"},"canonical":"https:\/\/www.ledizioni.it\/en\/product\/giordano-bruno-spaccio-de-la-bestia-trionfante\/","og_locale":"en_GB","og_type":"article","og_title":"Giordano Bruno, Spaccio de la Bestia Trionfante -","og_description":"Opera di Giordano Bruno costituita da tre dialoghi di argomento morale che invocano il ritorno alla sincerit\u00e0, semplicit\u00e0 e alla verit\u00e0.","og_url":"https:\/\/www.ledizioni.it\/en\/product\/giordano-bruno-spaccio-de-la-bestia-trionfante\/","og_site_name":"Ledizioni","article_publisher":"https:\/\/www.facebook.com\/pages\/Ledizioni-LediPublishing\/109120559173329","article_modified_time":"2017-03-07T08:31:26+00:00","og_image":[{"width":1493,"height":2080,"url":"https:\/\/www.ledizioni.it\/stag\/wp-content\/uploads\/2013\/10\/spaccio3d1-291x5251.jpg","type":"image\/jpeg"}],"twitter_card":"summary_large_image","twitter_site":"@ledizioni","twitter_misc":{"Estimated reading time":"1 minute"},"schema":{"@context":"https:\/\/schema.org","@graph":[{"@type":"WebPage","@id":"https:\/\/www.ledizioni.it\/en\/product\/giordano-bruno-spaccio-de-la-bestia-trionfante\/","url":"https:\/\/www.ledizioni.it\/en\/product\/giordano-bruno-spaccio-de-la-bestia-trionfante\/","name":"Giordano Bruno, Spaccio de la Bestia Trionfante -","isPartOf":{"@id":"https:\/\/www.ledizioni.it\/#website"},"primaryImageOfPage":{"@id":"https:\/\/www.ledizioni.it\/en\/product\/giordano-bruno-spaccio-de-la-bestia-trionfante\/#primaryimage"},"image":{"@id":"https:\/\/www.ledizioni.it\/en\/product\/giordano-bruno-spaccio-de-la-bestia-trionfante\/#primaryimage"},"thumbnailUrl":"https:\/\/www.ledizioni.it\/stag\/wp-content\/uploads\/2013\/10\/spaccio3d1-291x5251.jpg","datePublished":"2013-10-21T15:43:05+00:00","dateModified":"2017-03-07T08:31:26+00:00","description":"Opera di Giordano Bruno costituita da tre dialoghi di argomento morale che invocano il ritorno alla sincerit\u00e0, semplicit\u00e0 e alla verit\u00e0.","breadcrumb":{"@id":"https:\/\/www.ledizioni.it\/en\/product\/giordano-bruno-spaccio-de-la-bestia-trionfante\/#breadcrumb"},"inLanguage":"en-GB","potentialAction":[{"@type":"ReadAction","target":["https:\/\/www.ledizioni.it\/en\/product\/giordano-bruno-spaccio-de-la-bestia-trionfante\/"]}]},{"@type":"ImageObject","inLanguage":"en-GB","@id":"https:\/\/www.ledizioni.it\/en\/product\/giordano-bruno-spaccio-de-la-bestia-trionfante\/#primaryimage","url":"https:\/\/www.ledizioni.it\/stag\/wp-content\/uploads\/2013\/10\/spaccio3d1-291x5251.jpg","contentUrl":"https:\/\/www.ledizioni.it\/stag\/wp-content\/uploads\/2013\/10\/spaccio3d1-291x5251.jpg","width":1493,"height":2080},{"@type":"BreadcrumbList","@id":"https:\/\/www.ledizioni.it\/en\/product\/giordano-bruno-spaccio-de-la-bestia-trionfante\/#breadcrumb","itemListElement":[{"@type":"ListItem","position":1,"name":"Shop","item":"https:\/\/www.ledizioni.it\/shop-2\/"},{"@type":"ListItem","position":2,"name":"Giordano Bruno, Spaccio de la Bestia Trionfante"}]},{"@type":"WebSite","@id":"https:\/\/www.ledizioni.it\/#website","url":"https:\/\/www.ledizioni.it\/","name":"Ledizioni","description":"The Innovative LediPublishing Company - Casa Editrice Universitaria","publisher":{"@id":"https:\/\/www.ledizioni.it\/#organization"},"potentialAction":[{"@type":"SearchAction","target":{"@type":"EntryPoint","urlTemplate":"https:\/\/www.ledizioni.it\/?s={search_term_string}"},"query-input":{"@type":"PropertyValueSpecification","valueRequired":true,"valueName":"search_term_string"}}],"inLanguage":"en-GB"},{"@type":"Organization","@id":"https:\/\/www.ledizioni.it\/#organization","name":"Ledizioni","url":"https:\/\/www.ledizioni.it\/","logo":{"@type":"ImageObject","inLanguage":"en-GB","@id":"https:\/\/www.ledizioni.it\/#\/schema\/logo\/image\/","url":"https:\/\/www.ledizioni.it\/stag\/wp-content\/uploads\/2023\/10\/newlogoledizioni500x110_2-1.jpg","contentUrl":"https:\/\/www.ledizioni.it\/stag\/wp-content\/uploads\/2023\/10\/newlogoledizioni500x110_2-1.jpg","width":354,"height":87,"caption":"Ledizioni"},"image":{"@id":"https:\/\/www.ledizioni.it\/#\/schema\/logo\/image\/"},"sameAs":["https:\/\/www.facebook.com\/pages\/Ledizioni-LediPublishing\/109120559173329","https:\/\/x.com\/ledizioni"]}]}},"jetpack_sharing_enabled":true,"_links":{"self":[{"href":"https:\/\/www.ledizioni.it\/en\/wp-json\/wp\/v2\/product\/7586","targetHints":{"allow":["GET"]}}],"collection":[{"href":"https:\/\/www.ledizioni.it\/en\/wp-json\/wp\/v2\/product"}],"about":[{"href":"https:\/\/www.ledizioni.it\/en\/wp-json\/wp\/v2\/types\/product"}],"replies":[{"embeddable":true,"href":"https:\/\/www.ledizioni.it\/en\/wp-json\/wp\/v2\/comments?post=7586"}],"version-history":[{"count":1,"href":"https:\/\/www.ledizioni.it\/en\/wp-json\/wp\/v2\/product\/7586\/revisions"}],"predecessor-version":[{"id":8646,"href":"https:\/\/www.ledizioni.it\/en\/wp-json\/wp\/v2\/product\/7586\/revisions\/8646"}],"wp:featuredmedia":[{"embeddable":true,"href":"https:\/\/www.ledizioni.it\/en\/wp-json\/wp\/v2\/media\/8647"}],"wp:attachment":[{"href":"https:\/\/www.ledizioni.it\/en\/wp-json\/wp\/v2\/media?parent=7586"}],"wp:term":[{"taxonomy":"product_brand","embeddable":true,"href":"https:\/\/www.ledizioni.it\/en\/wp-json\/wp\/v2\/product_brand?post=7586"},{"taxonomy":"product_cat","embeddable":true,"href":"https:\/\/www.ledizioni.it\/en\/wp-json\/wp\/v2\/product_cat?post=7586"},{"taxonomy":"product_tag","embeddable":true,"href":"https:\/\/www.ledizioni.it\/en\/wp-json\/wp\/v2\/product_tag?post=7586"}],"curies":[{"name":"wp","href":"https:\/\/api.w.org\/{rel}","templated":true}]}}