{"id":7621,"date":"2013-10-25T14:41:24","date_gmt":"2013-10-25T14:41:24","guid":{"rendered":"http:\/\/www.ledizioni.it\/?post_type=product&#038;p=7621"},"modified":"2021-07-12T17:58:51","modified_gmt":"2021-07-12T15:58:51","slug":"stefano-armanini-fotografia-timelapse","status":"publish","type":"product","link":"https:\/\/www.ledizioni.it\/en\/product\/stefano-armanini-fotografia-timelapse\/","title":{"rendered":"FOTOGRAFIA TIMELAPSE"},"content":{"rendered":"<p style=\"text-align: justify;\">Succede a tutti i fotografi, da quelli amatori a quelli professionisti. Vi imbattete per caso in un video sui vulcani islandesi o sulla frenesia di New York dall\u2019alba al tramonto. E vi accorgete che si tratta di fotografie. Centinaia, migliaia di fotografie in sequenza. \u00c8 bastato un cavalletto e una reflex, vi dite. \u00c8 quello che fate voi per passione e avete l\u2019attrezzatura adatta. Ed ecco che succede: lo volete fare anche voi. Gi\u00e0, ma \u00e8 veramente stato sufficiente usare un cavalletto e una reflex? E quanto tempo ci \u00e8 voluto? E quante foto, a che intervalli di tempo? E in ogni caso, come hanno messo insieme il tutto in forma di video\u2026?<\/p>\n<p>&nbsp;<\/p>\n<p><strong>DATI BIBLIOGRAFICI<\/strong><\/p>\n<table border=\"0\" width=\"100%\">\n<tbody>\n<tr>\n<td width=\"83%\">Autore: Stefano Armanini<br \/>\nEditore: Ledizioni<br \/>\nCollana: Fai da Tech<br \/>\nFormato: ePub<br \/>\nPubblicato in: Ottobre 2013<br \/>\nISBN:\u00a09788867051182 (ePub)<br \/>\nPrezzo ePub: 2.99 \u20ac<\/td>\n<td width=\"17%\"><\/td>\n<\/tr>\n<\/tbody>\n<\/table>\n<p>&nbsp;<\/p>\n<p>&nbsp;<\/p>\n<p>&nbsp;<\/p>","protected":false},"excerpt":{"rendered":"<p>Succede a tutti i fotografi, da quelli amatori a quelli professionisti. Vi imbattete per caso in un video sui vulcani<\/p>","protected":false},"featured_media":8713,"comment_status":"open","ping_status":"closed","template":"","meta":{"_acf_changed":false},"product_brand":[],"product_cat":[16,2618],"product_tag":[624,626],"class_list":{"0":"post-7621","1":"product","2":"type-product","3":"status-publish","4":"has-post-thumbnail","6":"product_cat-do-tech","7":"product_cat-fotografia","8":"product_tag-fotografia","9":"product_tag-tecniche","10":"pa_formato-ebook-in-epub","11":"pa_lingua-italiano","13":"first","14":"instock","15":"featured","16":"downloadable","17":"virtual","18":"purchasable","19":"product-type-simple"},"acf":[],"yoast_head":"<!-- This site is optimized with the Yoast SEO plugin v27.3 - https:\/\/yoast.com\/product\/yoast-seo-wordpress\/ -->\n<title>FOTOGRAFIA TIMELAPSE -<\/title>\n<meta name=\"description\" content=\"Per tuffarsi nel mondo della fotografia timelapse: fotocamera DSLR, treppiede, intervallometro e programmi di post-produzione al computer....\" \/>\n<meta name=\"robots\" content=\"index, follow, max-snippet:-1, max-image-preview:large, max-video-preview:-1\" \/>\n<link rel=\"canonical\" href=\"https:\/\/www.ledizioni.it\/en\/product\/stefano-armanini-fotografia-timelapse\/\" \/>\n<meta property=\"og:locale\" content=\"en_GB\" \/>\n<meta property=\"og:type\" content=\"article\" \/>\n<meta property=\"og:title\" content=\"FOTOGRAFIA TIMELAPSE -\" \/>\n<meta property=\"og:description\" content=\"Per tuffarsi nel mondo della fotografia timelapse: fotocamera DSLR, treppiede, intervallometro e programmi di post-produzione al computer....\" \/>\n<meta property=\"og:url\" content=\"https:\/\/www.ledizioni.it\/en\/product\/stefano-armanini-fotografia-timelapse\/\" \/>\n<meta property=\"og:site_name\" content=\"Ledizioni\" \/>\n<meta property=\"article:publisher\" content=\"https:\/\/www.facebook.com\/pages\/Ledizioni-LediPublishing\/109120559173329\" \/>\n<meta property=\"article:modified_time\" content=\"2021-07-12T15:58:51+00:00\" \/>\n<meta property=\"og:image\" content=\"https:\/\/www.ledizioni.it\/stag\/wp-content\/uploads\/2013\/10\/3d-sito_33.jpg\" \/>\n\t<meta property=\"og:image:width\" content=\"369\" \/>\n\t<meta property=\"og:image:height\" content=\"514\" \/>\n\t<meta property=\"og:image:type\" content=\"image\/jpeg\" \/>\n<meta name=\"twitter:card\" content=\"summary_large_image\" \/>\n<meta name=\"twitter:site\" content=\"@ledizioni\" \/>\n<meta name=\"twitter:label1\" content=\"Estimated reading time\" \/>\n\t<meta name=\"twitter:data1\" content=\"1 minute\" \/>\n<script type=\"application\/ld+json\" class=\"yoast-schema-graph\">{\"@context\":\"https:\\\/\\\/schema.org\",\"@graph\":[{\"@type\":\"WebPage\",\"@id\":\"https:\\\/\\\/www.ledizioni.it\\\/prodotto\\\/stefano-armanini-fotografia-timelapse\\\/\",\"url\":\"https:\\\/\\\/www.ledizioni.it\\\/prodotto\\\/stefano-armanini-fotografia-timelapse\\\/\",\"name\":\"FOTOGRAFIA TIMELAPSE -\",\"isPartOf\":{\"@id\":\"https:\\\/\\\/www.ledizioni.it\\\/#website\"},\"primaryImageOfPage\":{\"@id\":\"https:\\\/\\\/www.ledizioni.it\\\/prodotto\\\/stefano-armanini-fotografia-timelapse\\\/#primaryimage\"},\"image\":{\"@id\":\"https:\\\/\\\/www.ledizioni.it\\\/prodotto\\\/stefano-armanini-fotografia-timelapse\\\/#primaryimage\"},\"thumbnailUrl\":\"https:\\\/\\\/www.ledizioni.it\\\/stag\\\/wp-content\\\/uploads\\\/2013\\\/10\\\/3d-sito_33.jpg\",\"datePublished\":\"2013-10-25T14:41:24+00:00\",\"dateModified\":\"2021-07-12T15:58:51+00:00\",\"description\":\"Per tuffarsi nel mondo della fotografia timelapse: fotocamera DSLR, treppiede, intervallometro e programmi di post-produzione al computer....\",\"breadcrumb\":{\"@id\":\"https:\\\/\\\/www.ledizioni.it\\\/prodotto\\\/stefano-armanini-fotografia-timelapse\\\/#breadcrumb\"},\"inLanguage\":\"en-GB\",\"potentialAction\":[{\"@type\":\"ReadAction\",\"target\":[\"https:\\\/\\\/www.ledizioni.it\\\/prodotto\\\/stefano-armanini-fotografia-timelapse\\\/\"]}]},{\"@type\":\"ImageObject\",\"inLanguage\":\"en-GB\",\"@id\":\"https:\\\/\\\/www.ledizioni.it\\\/prodotto\\\/stefano-armanini-fotografia-timelapse\\\/#primaryimage\",\"url\":\"https:\\\/\\\/www.ledizioni.it\\\/stag\\\/wp-content\\\/uploads\\\/2013\\\/10\\\/3d-sito_33.jpg\",\"contentUrl\":\"https:\\\/\\\/www.ledizioni.it\\\/stag\\\/wp-content\\\/uploads\\\/2013\\\/10\\\/3d-sito_33.jpg\",\"width\":369,\"height\":514},{\"@type\":\"BreadcrumbList\",\"@id\":\"https:\\\/\\\/www.ledizioni.it\\\/prodotto\\\/stefano-armanini-fotografia-timelapse\\\/#breadcrumb\",\"itemListElement\":[{\"@type\":\"ListItem\",\"position\":1,\"name\":\"Shop\",\"item\":\"https:\\\/\\\/www.ledizioni.it\\\/shop-2\\\/\"},{\"@type\":\"ListItem\",\"position\":2,\"name\":\"FOTOGRAFIA TIMELAPSE\"}]},{\"@type\":\"WebSite\",\"@id\":\"https:\\\/\\\/www.ledizioni.it\\\/#website\",\"url\":\"https:\\\/\\\/www.ledizioni.it\\\/\",\"name\":\"Ledizioni\",\"description\":\"The Innovative LediPublishing Company - Casa Editrice Universitaria\",\"publisher\":{\"@id\":\"https:\\\/\\\/www.ledizioni.it\\\/#organization\"},\"potentialAction\":[{\"@type\":\"SearchAction\",\"target\":{\"@type\":\"EntryPoint\",\"urlTemplate\":\"https:\\\/\\\/www.ledizioni.it\\\/?s={search_term_string}\"},\"query-input\":{\"@type\":\"PropertyValueSpecification\",\"valueRequired\":true,\"valueName\":\"search_term_string\"}}],\"inLanguage\":\"en-GB\"},{\"@type\":\"Organization\",\"@id\":\"https:\\\/\\\/www.ledizioni.it\\\/#organization\",\"name\":\"Ledizioni\",\"url\":\"https:\\\/\\\/www.ledizioni.it\\\/\",\"logo\":{\"@type\":\"ImageObject\",\"inLanguage\":\"en-GB\",\"@id\":\"https:\\\/\\\/www.ledizioni.it\\\/#\\\/schema\\\/logo\\\/image\\\/\",\"url\":\"https:\\\/\\\/www.ledizioni.it\\\/stag\\\/wp-content\\\/uploads\\\/2023\\\/10\\\/newlogoledizioni500x110_2-1.jpg\",\"contentUrl\":\"https:\\\/\\\/www.ledizioni.it\\\/stag\\\/wp-content\\\/uploads\\\/2023\\\/10\\\/newlogoledizioni500x110_2-1.jpg\",\"width\":354,\"height\":87,\"caption\":\"Ledizioni\"},\"image\":{\"@id\":\"https:\\\/\\\/www.ledizioni.it\\\/#\\\/schema\\\/logo\\\/image\\\/\"},\"sameAs\":[\"https:\\\/\\\/www.facebook.com\\\/pages\\\/Ledizioni-LediPublishing\\\/109120559173329\",\"https:\\\/\\\/x.com\\\/ledizioni\"]}]}<\/script>\n<!-- \/ Yoast SEO plugin. -->","yoast_head_json":{"title":"FOTOGRAFIA TIMELAPSE -","description":"Per tuffarsi nel mondo della fotografia timelapse: fotocamera DSLR, treppiede, intervallometro e programmi di post-produzione al computer....","robots":{"index":"index","follow":"follow","max-snippet":"max-snippet:-1","max-image-preview":"max-image-preview:large","max-video-preview":"max-video-preview:-1"},"canonical":"https:\/\/www.ledizioni.it\/en\/product\/stefano-armanini-fotografia-timelapse\/","og_locale":"en_GB","og_type":"article","og_title":"FOTOGRAFIA TIMELAPSE -","og_description":"Per tuffarsi nel mondo della fotografia timelapse: fotocamera DSLR, treppiede, intervallometro e programmi di post-produzione al computer....","og_url":"https:\/\/www.ledizioni.it\/en\/product\/stefano-armanini-fotografia-timelapse\/","og_site_name":"Ledizioni","article_publisher":"https:\/\/www.facebook.com\/pages\/Ledizioni-LediPublishing\/109120559173329","article_modified_time":"2021-07-12T15:58:51+00:00","og_image":[{"width":369,"height":514,"url":"https:\/\/www.ledizioni.it\/stag\/wp-content\/uploads\/2013\/10\/3d-sito_33.jpg","type":"image\/jpeg"}],"twitter_card":"summary_large_image","twitter_site":"@ledizioni","twitter_misc":{"Estimated reading time":"1 minute"},"schema":{"@context":"https:\/\/schema.org","@graph":[{"@type":"WebPage","@id":"https:\/\/www.ledizioni.it\/prodotto\/stefano-armanini-fotografia-timelapse\/","url":"https:\/\/www.ledizioni.it\/prodotto\/stefano-armanini-fotografia-timelapse\/","name":"FOTOGRAFIA TIMELAPSE -","isPartOf":{"@id":"https:\/\/www.ledizioni.it\/#website"},"primaryImageOfPage":{"@id":"https:\/\/www.ledizioni.it\/prodotto\/stefano-armanini-fotografia-timelapse\/#primaryimage"},"image":{"@id":"https:\/\/www.ledizioni.it\/prodotto\/stefano-armanini-fotografia-timelapse\/#primaryimage"},"thumbnailUrl":"https:\/\/www.ledizioni.it\/stag\/wp-content\/uploads\/2013\/10\/3d-sito_33.jpg","datePublished":"2013-10-25T14:41:24+00:00","dateModified":"2021-07-12T15:58:51+00:00","description":"Per tuffarsi nel mondo della fotografia timelapse: fotocamera DSLR, treppiede, intervallometro e programmi di post-produzione al computer....","breadcrumb":{"@id":"https:\/\/www.ledizioni.it\/prodotto\/stefano-armanini-fotografia-timelapse\/#breadcrumb"},"inLanguage":"en-GB","potentialAction":[{"@type":"ReadAction","target":["https:\/\/www.ledizioni.it\/prodotto\/stefano-armanini-fotografia-timelapse\/"]}]},{"@type":"ImageObject","inLanguage":"en-GB","@id":"https:\/\/www.ledizioni.it\/prodotto\/stefano-armanini-fotografia-timelapse\/#primaryimage","url":"https:\/\/www.ledizioni.it\/stag\/wp-content\/uploads\/2013\/10\/3d-sito_33.jpg","contentUrl":"https:\/\/www.ledizioni.it\/stag\/wp-content\/uploads\/2013\/10\/3d-sito_33.jpg","width":369,"height":514},{"@type":"BreadcrumbList","@id":"https:\/\/www.ledizioni.it\/prodotto\/stefano-armanini-fotografia-timelapse\/#breadcrumb","itemListElement":[{"@type":"ListItem","position":1,"name":"Shop","item":"https:\/\/www.ledizioni.it\/shop-2\/"},{"@type":"ListItem","position":2,"name":"FOTOGRAFIA TIMELAPSE"}]},{"@type":"WebSite","@id":"https:\/\/www.ledizioni.it\/#website","url":"https:\/\/www.ledizioni.it\/","name":"Ledizioni","description":"The Innovative LediPublishing Company - Casa Editrice Universitaria","publisher":{"@id":"https:\/\/www.ledizioni.it\/#organization"},"potentialAction":[{"@type":"SearchAction","target":{"@type":"EntryPoint","urlTemplate":"https:\/\/www.ledizioni.it\/?s={search_term_string}"},"query-input":{"@type":"PropertyValueSpecification","valueRequired":true,"valueName":"search_term_string"}}],"inLanguage":"en-GB"},{"@type":"Organization","@id":"https:\/\/www.ledizioni.it\/#organization","name":"Ledizioni","url":"https:\/\/www.ledizioni.it\/","logo":{"@type":"ImageObject","inLanguage":"en-GB","@id":"https:\/\/www.ledizioni.it\/#\/schema\/logo\/image\/","url":"https:\/\/www.ledizioni.it\/stag\/wp-content\/uploads\/2023\/10\/newlogoledizioni500x110_2-1.jpg","contentUrl":"https:\/\/www.ledizioni.it\/stag\/wp-content\/uploads\/2023\/10\/newlogoledizioni500x110_2-1.jpg","width":354,"height":87,"caption":"Ledizioni"},"image":{"@id":"https:\/\/www.ledizioni.it\/#\/schema\/logo\/image\/"},"sameAs":["https:\/\/www.facebook.com\/pages\/Ledizioni-LediPublishing\/109120559173329","https:\/\/x.com\/ledizioni"]}]}},"jetpack_sharing_enabled":true,"_links":{"self":[{"href":"https:\/\/www.ledizioni.it\/en\/wp-json\/wp\/v2\/product\/7621","targetHints":{"allow":["GET"]}}],"collection":[{"href":"https:\/\/www.ledizioni.it\/en\/wp-json\/wp\/v2\/product"}],"about":[{"href":"https:\/\/www.ledizioni.it\/en\/wp-json\/wp\/v2\/types\/product"}],"replies":[{"embeddable":true,"href":"https:\/\/www.ledizioni.it\/en\/wp-json\/wp\/v2\/comments?post=7621"}],"version-history":[{"count":2,"href":"https:\/\/www.ledizioni.it\/en\/wp-json\/wp\/v2\/product\/7621\/revisions"}],"predecessor-version":[{"id":21123,"href":"https:\/\/www.ledizioni.it\/en\/wp-json\/wp\/v2\/product\/7621\/revisions\/21123"}],"wp:featuredmedia":[{"embeddable":true,"href":"https:\/\/www.ledizioni.it\/en\/wp-json\/wp\/v2\/media\/8713"}],"wp:attachment":[{"href":"https:\/\/www.ledizioni.it\/en\/wp-json\/wp\/v2\/media?parent=7621"}],"wp:term":[{"taxonomy":"product_brand","embeddable":true,"href":"https:\/\/www.ledizioni.it\/en\/wp-json\/wp\/v2\/product_brand?post=7621"},{"taxonomy":"product_cat","embeddable":true,"href":"https:\/\/www.ledizioni.it\/en\/wp-json\/wp\/v2\/product_cat?post=7621"},{"taxonomy":"product_tag","embeddable":true,"href":"https:\/\/www.ledizioni.it\/en\/wp-json\/wp\/v2\/product_tag?post=7621"}],"curies":[{"name":"wp","href":"https:\/\/api.w.org\/{rel}","templated":true}]}}