{"id":7630,"date":"2013-10-25T16:16:10","date_gmt":"2013-10-25T16:16:10","guid":{"rendered":"http:\/\/www.ledizioni.it\/?post_type=product&#038;p=7630"},"modified":"2024-09-27T10:22:36","modified_gmt":"2024-09-27T08:22:36","slug":"antonella-piras-la-toscana-boccaccio","status":"publish","type":"product","link":"https:\/\/www.ledizioni.it\/en\/product\/antonella-piras-la-toscana-boccaccio\/","title":{"rendered":"LA TOSCANA DI BOCCACCIO"},"content":{"rendered":"<p style=\"text-align: justify;\">Il progetto \u201cLa Toscana di Boccaccio: itinerari culturali nel paesaggio toscano attraverso il Decameron\u201d, si propone di ricostruire, tramite l\u2019analisi del Decameron, i paesaggi del Trecento, paesaggi espressivi di un forte valore identitario e vivacemente evidenziati da Giovanni Boccaccio.\u00a0 Come viene evidenziato nel Piano Integrato della Cultura 2008-2010 al punto 2.2 : \u201c Le risorse e le attivit\u00e0 culturali rappresentano per la Toscana un fattore costitutivo essenziale e fondante della stessa identit\u00e0 regionale, un identit\u00e0 costruitasi nel tempo attraverso vicende storiche che hanno segnato profondamente il territorio regionale, lasciando come traccia una ricchezza unica in termini di beni culturali e testimonianze artistiche\u201d.<\/p>\n<p>&nbsp;<\/p>\n<h3><span style=\"color: #000000;\">DATI BIBLIOGRAFICI<\/span><\/h3>\n<p>Autori: Antonella Piras<br \/>\nEditore: Ledizioni<br \/>\nFormato: ePub \/ Pdf<br \/>\nPubblicato in: 2013<br \/>\nISBN: 9788867051212 (ePub)<br \/>\nPrezzo: 0,00 \u20ac<\/p>","protected":false},"excerpt":{"rendered":"<p>Il progetto \u201cLa Toscana di Boccaccio: itinerari culturali nel paesaggio toscano attraverso il Decameron\u201d, si propone di ricostruire, tramite l\u2019analisi<\/p>","protected":false},"featured_media":8717,"comment_status":"open","ping_status":"closed","template":"","meta":{"_acf_changed":false},"product_brand":[],"product_cat":[2616],"product_tag":[629,764,1189],"class_list":{"0":"post-7630","1":"product","2":"type-product","3":"status-publish","4":"has-post-thumbnail","6":"product_cat-arti","7":"product_tag-boccaccio","8":"product_tag-open-access-2","9":"product_tag-risorse-didattiche-gratuite","10":"pa_accesso-open-access","11":"pa_formato-ebook-in-epub","12":"pa_formato-ebook-in-pdf","13":"pa_lingua-italiano","15":"first","16":"instock","17":"featured","18":"shipping-taxable","19":"purchasable","20":"product-type-variable"},"acf":[],"yoast_head":"<!-- This site is optimized with the Yoast SEO plugin v27.3 - https:\/\/yoast.com\/product\/yoast-seo-wordpress\/ -->\n<title>LA TOSCANA DI BOCCACCIO -<\/title>\n<meta name=\"description\" content=\"Il progetto La Toscana di Boccaccio, si propone di ricostruire, tramite l\u2019analisi del Decameron, i paesaggi del Trecento.\" \/>\n<meta name=\"robots\" content=\"index, follow, max-snippet:-1, max-image-preview:large, max-video-preview:-1\" \/>\n<link rel=\"canonical\" href=\"https:\/\/www.ledizioni.it\/en\/product\/antonella-piras-la-toscana-boccaccio\/\" \/>\n<meta property=\"og:locale\" content=\"en_GB\" \/>\n<meta property=\"og:type\" content=\"article\" \/>\n<meta property=\"og:title\" content=\"LA TOSCANA DI BOCCACCIO -\" \/>\n<meta property=\"og:description\" content=\"Il progetto La Toscana di Boccaccio, si propone di ricostruire, tramite l\u2019analisi del Decameron, i paesaggi del Trecento.\" \/>\n<meta property=\"og:url\" content=\"https:\/\/www.ledizioni.it\/en\/product\/antonella-piras-la-toscana-boccaccio\/\" \/>\n<meta property=\"og:site_name\" content=\"Ledizioni\" \/>\n<meta property=\"article:publisher\" content=\"https:\/\/www.facebook.com\/pages\/Ledizioni-LediPublishing\/109120559173329\" \/>\n<meta property=\"article:modified_time\" content=\"2024-09-27T08:22:36+00:00\" \/>\n<meta property=\"og:image\" content=\"https:\/\/www.ledizioni.it\/stag\/wp-content\/uploads\/2013\/10\/toscana.jpg\" \/>\n\t<meta property=\"og:image:width\" content=\"369\" \/>\n\t<meta property=\"og:image:height\" content=\"514\" \/>\n\t<meta property=\"og:image:type\" content=\"image\/jpeg\" \/>\n<meta name=\"twitter:card\" content=\"summary_large_image\" \/>\n<meta name=\"twitter:site\" content=\"@ledizioni\" \/>\n<meta name=\"twitter:label1\" content=\"Estimated reading time\" \/>\n\t<meta name=\"twitter:data1\" content=\"1 minute\" \/>\n<script type=\"application\/ld+json\" class=\"yoast-schema-graph\">{\"@context\":\"https:\\\/\\\/schema.org\",\"@graph\":[{\"@type\":\"WebPage\",\"@id\":\"https:\\\/\\\/www.ledizioni.it\\\/en\\\/product\\\/antonella-piras-la-toscana-boccaccio\\\/\",\"url\":\"https:\\\/\\\/www.ledizioni.it\\\/en\\\/product\\\/antonella-piras-la-toscana-boccaccio\\\/\",\"name\":\"LA TOSCANA DI BOCCACCIO -\",\"isPartOf\":{\"@id\":\"https:\\\/\\\/www.ledizioni.it\\\/#website\"},\"primaryImageOfPage\":{\"@id\":\"https:\\\/\\\/www.ledizioni.it\\\/en\\\/product\\\/antonella-piras-la-toscana-boccaccio\\\/#primaryimage\"},\"image\":{\"@id\":\"https:\\\/\\\/www.ledizioni.it\\\/en\\\/product\\\/antonella-piras-la-toscana-boccaccio\\\/#primaryimage\"},\"thumbnailUrl\":\"https:\\\/\\\/www.ledizioni.it\\\/stag\\\/wp-content\\\/uploads\\\/2013\\\/10\\\/toscana.jpg\",\"datePublished\":\"2013-10-25T16:16:10+00:00\",\"dateModified\":\"2024-09-27T08:22:36+00:00\",\"description\":\"Il progetto La Toscana di Boccaccio, si propone di ricostruire, tramite l\u2019analisi del Decameron, i paesaggi del Trecento.\",\"breadcrumb\":{\"@id\":\"https:\\\/\\\/www.ledizioni.it\\\/en\\\/product\\\/antonella-piras-la-toscana-boccaccio\\\/#breadcrumb\"},\"inLanguage\":\"en-GB\",\"potentialAction\":[{\"@type\":\"ReadAction\",\"target\":[\"https:\\\/\\\/www.ledizioni.it\\\/en\\\/product\\\/antonella-piras-la-toscana-boccaccio\\\/\"]}]},{\"@type\":\"ImageObject\",\"inLanguage\":\"en-GB\",\"@id\":\"https:\\\/\\\/www.ledizioni.it\\\/en\\\/product\\\/antonella-piras-la-toscana-boccaccio\\\/#primaryimage\",\"url\":\"https:\\\/\\\/www.ledizioni.it\\\/stag\\\/wp-content\\\/uploads\\\/2013\\\/10\\\/toscana.jpg\",\"contentUrl\":\"https:\\\/\\\/www.ledizioni.it\\\/stag\\\/wp-content\\\/uploads\\\/2013\\\/10\\\/toscana.jpg\",\"width\":369,\"height\":514},{\"@type\":\"BreadcrumbList\",\"@id\":\"https:\\\/\\\/www.ledizioni.it\\\/en\\\/product\\\/antonella-piras-la-toscana-boccaccio\\\/#breadcrumb\",\"itemListElement\":[{\"@type\":\"ListItem\",\"position\":1,\"name\":\"Shop\",\"item\":\"https:\\\/\\\/www.ledizioni.it\\\/shop-2\\\/\"},{\"@type\":\"ListItem\",\"position\":2,\"name\":\"LA TOSCANA DI BOCCACCIO\"}]},{\"@type\":\"WebSite\",\"@id\":\"https:\\\/\\\/www.ledizioni.it\\\/#website\",\"url\":\"https:\\\/\\\/www.ledizioni.it\\\/\",\"name\":\"Ledizioni\",\"description\":\"The Innovative LediPublishing Company - Casa Editrice Universitaria\",\"publisher\":{\"@id\":\"https:\\\/\\\/www.ledizioni.it\\\/#organization\"},\"potentialAction\":[{\"@type\":\"SearchAction\",\"target\":{\"@type\":\"EntryPoint\",\"urlTemplate\":\"https:\\\/\\\/www.ledizioni.it\\\/?s={search_term_string}\"},\"query-input\":{\"@type\":\"PropertyValueSpecification\",\"valueRequired\":true,\"valueName\":\"search_term_string\"}}],\"inLanguage\":\"en-GB\"},{\"@type\":\"Organization\",\"@id\":\"https:\\\/\\\/www.ledizioni.it\\\/#organization\",\"name\":\"Ledizioni\",\"url\":\"https:\\\/\\\/www.ledizioni.it\\\/\",\"logo\":{\"@type\":\"ImageObject\",\"inLanguage\":\"en-GB\",\"@id\":\"https:\\\/\\\/www.ledizioni.it\\\/#\\\/schema\\\/logo\\\/image\\\/\",\"url\":\"https:\\\/\\\/www.ledizioni.it\\\/stag\\\/wp-content\\\/uploads\\\/2023\\\/10\\\/newlogoledizioni500x110_2-1.jpg\",\"contentUrl\":\"https:\\\/\\\/www.ledizioni.it\\\/stag\\\/wp-content\\\/uploads\\\/2023\\\/10\\\/newlogoledizioni500x110_2-1.jpg\",\"width\":354,\"height\":87,\"caption\":\"Ledizioni\"},\"image\":{\"@id\":\"https:\\\/\\\/www.ledizioni.it\\\/#\\\/schema\\\/logo\\\/image\\\/\"},\"sameAs\":[\"https:\\\/\\\/www.facebook.com\\\/pages\\\/Ledizioni-LediPublishing\\\/109120559173329\",\"https:\\\/\\\/x.com\\\/ledizioni\"]}]}<\/script>\n<!-- \/ Yoast SEO plugin. -->","yoast_head_json":{"title":"LA TOSCANA DI BOCCACCIO -","description":"Il progetto La Toscana di Boccaccio, si propone di ricostruire, tramite l\u2019analisi del Decameron, i paesaggi del Trecento.","robots":{"index":"index","follow":"follow","max-snippet":"max-snippet:-1","max-image-preview":"max-image-preview:large","max-video-preview":"max-video-preview:-1"},"canonical":"https:\/\/www.ledizioni.it\/en\/product\/antonella-piras-la-toscana-boccaccio\/","og_locale":"en_GB","og_type":"article","og_title":"LA TOSCANA DI BOCCACCIO -","og_description":"Il progetto La Toscana di Boccaccio, si propone di ricostruire, tramite l\u2019analisi del Decameron, i paesaggi del Trecento.","og_url":"https:\/\/www.ledizioni.it\/en\/product\/antonella-piras-la-toscana-boccaccio\/","og_site_name":"Ledizioni","article_publisher":"https:\/\/www.facebook.com\/pages\/Ledizioni-LediPublishing\/109120559173329","article_modified_time":"2024-09-27T08:22:36+00:00","og_image":[{"width":369,"height":514,"url":"https:\/\/www.ledizioni.it\/stag\/wp-content\/uploads\/2013\/10\/toscana.jpg","type":"image\/jpeg"}],"twitter_card":"summary_large_image","twitter_site":"@ledizioni","twitter_misc":{"Estimated reading time":"1 minute"},"schema":{"@context":"https:\/\/schema.org","@graph":[{"@type":"WebPage","@id":"https:\/\/www.ledizioni.it\/en\/product\/antonella-piras-la-toscana-boccaccio\/","url":"https:\/\/www.ledizioni.it\/en\/product\/antonella-piras-la-toscana-boccaccio\/","name":"LA TOSCANA DI BOCCACCIO -","isPartOf":{"@id":"https:\/\/www.ledizioni.it\/#website"},"primaryImageOfPage":{"@id":"https:\/\/www.ledizioni.it\/en\/product\/antonella-piras-la-toscana-boccaccio\/#primaryimage"},"image":{"@id":"https:\/\/www.ledizioni.it\/en\/product\/antonella-piras-la-toscana-boccaccio\/#primaryimage"},"thumbnailUrl":"https:\/\/www.ledizioni.it\/stag\/wp-content\/uploads\/2013\/10\/toscana.jpg","datePublished":"2013-10-25T16:16:10+00:00","dateModified":"2024-09-27T08:22:36+00:00","description":"Il progetto La Toscana di Boccaccio, si propone di ricostruire, tramite l\u2019analisi del Decameron, i paesaggi del Trecento.","breadcrumb":{"@id":"https:\/\/www.ledizioni.it\/en\/product\/antonella-piras-la-toscana-boccaccio\/#breadcrumb"},"inLanguage":"en-GB","potentialAction":[{"@type":"ReadAction","target":["https:\/\/www.ledizioni.it\/en\/product\/antonella-piras-la-toscana-boccaccio\/"]}]},{"@type":"ImageObject","inLanguage":"en-GB","@id":"https:\/\/www.ledizioni.it\/en\/product\/antonella-piras-la-toscana-boccaccio\/#primaryimage","url":"https:\/\/www.ledizioni.it\/stag\/wp-content\/uploads\/2013\/10\/toscana.jpg","contentUrl":"https:\/\/www.ledizioni.it\/stag\/wp-content\/uploads\/2013\/10\/toscana.jpg","width":369,"height":514},{"@type":"BreadcrumbList","@id":"https:\/\/www.ledizioni.it\/en\/product\/antonella-piras-la-toscana-boccaccio\/#breadcrumb","itemListElement":[{"@type":"ListItem","position":1,"name":"Shop","item":"https:\/\/www.ledizioni.it\/shop-2\/"},{"@type":"ListItem","position":2,"name":"LA TOSCANA DI BOCCACCIO"}]},{"@type":"WebSite","@id":"https:\/\/www.ledizioni.it\/#website","url":"https:\/\/www.ledizioni.it\/","name":"Ledizioni","description":"The Innovative LediPublishing Company - Casa Editrice Universitaria","publisher":{"@id":"https:\/\/www.ledizioni.it\/#organization"},"potentialAction":[{"@type":"SearchAction","target":{"@type":"EntryPoint","urlTemplate":"https:\/\/www.ledizioni.it\/?s={search_term_string}"},"query-input":{"@type":"PropertyValueSpecification","valueRequired":true,"valueName":"search_term_string"}}],"inLanguage":"en-GB"},{"@type":"Organization","@id":"https:\/\/www.ledizioni.it\/#organization","name":"Ledizioni","url":"https:\/\/www.ledizioni.it\/","logo":{"@type":"ImageObject","inLanguage":"en-GB","@id":"https:\/\/www.ledizioni.it\/#\/schema\/logo\/image\/","url":"https:\/\/www.ledizioni.it\/stag\/wp-content\/uploads\/2023\/10\/newlogoledizioni500x110_2-1.jpg","contentUrl":"https:\/\/www.ledizioni.it\/stag\/wp-content\/uploads\/2023\/10\/newlogoledizioni500x110_2-1.jpg","width":354,"height":87,"caption":"Ledizioni"},"image":{"@id":"https:\/\/www.ledizioni.it\/#\/schema\/logo\/image\/"},"sameAs":["https:\/\/www.facebook.com\/pages\/Ledizioni-LediPublishing\/109120559173329","https:\/\/x.com\/ledizioni"]}]}},"jetpack_sharing_enabled":true,"_links":{"self":[{"href":"https:\/\/www.ledizioni.it\/en\/wp-json\/wp\/v2\/product\/7630","targetHints":{"allow":["GET"]}}],"collection":[{"href":"https:\/\/www.ledizioni.it\/en\/wp-json\/wp\/v2\/product"}],"about":[{"href":"https:\/\/www.ledizioni.it\/en\/wp-json\/wp\/v2\/types\/product"}],"replies":[{"embeddable":true,"href":"https:\/\/www.ledizioni.it\/en\/wp-json\/wp\/v2\/comments?post=7630"}],"version-history":[{"count":3,"href":"https:\/\/www.ledizioni.it\/en\/wp-json\/wp\/v2\/product\/7630\/revisions"}],"predecessor-version":[{"id":67908,"href":"https:\/\/www.ledizioni.it\/en\/wp-json\/wp\/v2\/product\/7630\/revisions\/67908"}],"wp:featuredmedia":[{"embeddable":true,"href":"https:\/\/www.ledizioni.it\/en\/wp-json\/wp\/v2\/media\/8717"}],"wp:attachment":[{"href":"https:\/\/www.ledizioni.it\/en\/wp-json\/wp\/v2\/media?parent=7630"}],"wp:term":[{"taxonomy":"product_brand","embeddable":true,"href":"https:\/\/www.ledizioni.it\/en\/wp-json\/wp\/v2\/product_brand?post=7630"},{"taxonomy":"product_cat","embeddable":true,"href":"https:\/\/www.ledizioni.it\/en\/wp-json\/wp\/v2\/product_cat?post=7630"},{"taxonomy":"product_tag","embeddable":true,"href":"https:\/\/www.ledizioni.it\/en\/wp-json\/wp\/v2\/product_tag?post=7630"}],"curies":[{"name":"wp","href":"https:\/\/api.w.org\/{rel}","templated":true}]}}