{"id":7698,"date":"2013-10-31T14:55:58","date_gmt":"2013-10-31T14:55:58","guid":{"rendered":"http:\/\/www.ledizioni.it\/?post_type=product&#038;p=7698"},"modified":"2018-01-11T10:15:04","modified_gmt":"2018-01-11T10:15:04","slug":"alfred-pillet-bibliographie-der-troubadours","status":"publish","type":"product","link":"https:\/\/www.ledizioni.it\/en\/product\/alfred-pillet-bibliographie-der-troubadours\/","title":{"rendered":"Alfred Pillet, Bibliographie der Troubadours"},"content":{"rendered":"<p>\u00abLes proven\u00e7alistes sont gens heureux\u00bb scriveva Charles Sa-maran, fornendo, nella prima annata da lui diretta della \u201cBiblioth\u00e8que de l\u2019\u00c9cole des Chartes\u201d (96, 1935), una breve notizia della Bibliographie des manuscrits litt\u00e9raires en ancien proven\u00e7al di Clovis Brunel, ancora fresca di stampa. E spiegava le ragioni di questa fortuna: \u00abLeur domaine est vaste, mais non d\u00e9mesur\u00e9. Ils peuvent, sans tomber dans le d\u00e9couragement, en d\u00e9nombrer les richesses; ils peu-vent aussi revenir de temps en temps sur les r\u00e9pertoires existants pour les am\u00e9liorer encore\u00bb<\/p>\n<p>&nbsp;<\/p>\n<h3><span style=\"color: #000000;\">DATI BIBLIOGRAFICI<\/span><\/h3>\n<p>Autori: Alfred Pillet, Henry Carstens<br \/>\na cura di: Borsa Paolo,Tagliani Roberto<br \/>\nEditore: Ledizioni<br \/>\nCollana: <a href=\"http:\/\/www.ledizioni.it\/en\/collane\/letteratura\/medioevi\/\">Medioevi sez. Novissima<\/a><br \/>\nFormato: Brossura<br \/>\nPubblicato in: 2013<br \/>\nISBN: 9788895994642 (cartaceo)<br \/>\nPrezzo cartaceo: 48,00 \u20ac<\/p>","protected":false},"excerpt":{"rendered":"<p>\u00abLes proven\u00e7alistes sont gens heureux\u00bb scriveva Charles Sa-maran, fornendo, nella prima annata da lui diretta della \u201cBiblioth\u00e8que de l\u2019\u00c9cole des<\/p>","protected":false},"featured_media":7699,"comment_status":"open","ping_status":"closed","template":"","meta":{"_acf_changed":false},"product_brand":[],"product_cat":[1131],"product_tag":[575],"class_list":{"0":"post-7698","1":"product","2":"type-product","3":"status-publish","4":"has-post-thumbnail","6":"product_cat-medioevi-sez-novissima","7":"product_tag-medioevi","8":"pa_formato-cartaceo","9":"pa_lingua-italiano","11":"first","12":"instock","13":"shipping-taxable","14":"purchasable","15":"product-type-simple"},"acf":[],"yoast_head":"<!-- This site is optimized with the Yoast SEO plugin v27.4 - https:\/\/yoast.com\/product\/yoast-seo-wordpress\/ -->\n<title>Alfred Pillet, Bibliographie der Troubadours -<\/title>\n<meta name=\"description\" content=\"Bibliographie der Troubadours. Ristampa anastatica a cura di Paolo Borsa e Roberto Tagliani. Con presentazione di Maria Luisa Meneghetti e un aggiornamento di Stefano Resconi.\" \/>\n<meta name=\"robots\" content=\"index, follow, max-snippet:-1, max-image-preview:large, max-video-preview:-1\" \/>\n<link rel=\"canonical\" href=\"https:\/\/www.ledizioni.it\/en\/product\/alfred-pillet-bibliographie-der-troubadours\/\" \/>\n<meta property=\"og:locale\" content=\"en_GB\" \/>\n<meta property=\"og:type\" content=\"article\" \/>\n<meta property=\"og:title\" content=\"Alfred Pillet, Bibliographie der Troubadours -\" \/>\n<meta property=\"og:description\" content=\"Bibliographie der Troubadours. Ristampa anastatica a cura di Paolo Borsa e Roberto Tagliani. Con presentazione di Maria Luisa Meneghetti e un aggiornamento di Stefano Resconi.\" \/>\n<meta property=\"og:url\" content=\"https:\/\/www.ledizioni.it\/en\/product\/alfred-pillet-bibliographie-der-troubadours\/\" \/>\n<meta property=\"og:site_name\" content=\"Ledizioni\" \/>\n<meta property=\"article:publisher\" content=\"https:\/\/www.facebook.com\/pages\/Ledizioni-LediPublishing\/109120559173329\" \/>\n<meta property=\"article:modified_time\" content=\"2018-01-11T10:15:04+00:00\" \/>\n<meta property=\"og:image\" content=\"https:\/\/www.ledizioni.it\/stag\/wp-content\/uploads\/2013\/10\/sitoledizioni.jpg\" \/>\n\t<meta property=\"og:image:width\" content=\"1387\" \/>\n\t<meta property=\"og:image:height\" content=\"1924\" \/>\n\t<meta property=\"og:image:type\" content=\"image\/jpeg\" \/>\n<meta name=\"twitter:card\" content=\"summary_large_image\" \/>\n<meta name=\"twitter:site\" content=\"@ledizioni\" \/>\n<meta name=\"twitter:label1\" content=\"Estimated reading time\" \/>\n\t<meta name=\"twitter:data1\" content=\"1 minute\" \/>\n<script type=\"application\/ld+json\" class=\"yoast-schema-graph\">{\"@context\":\"https:\\\/\\\/schema.org\",\"@graph\":[{\"@type\":\"WebPage\",\"@id\":\"https:\\\/\\\/www.ledizioni.it\\\/prodotto\\\/alfred-pillet-bibliographie-der-troubadours\\\/\",\"url\":\"https:\\\/\\\/www.ledizioni.it\\\/prodotto\\\/alfred-pillet-bibliographie-der-troubadours\\\/\",\"name\":\"Alfred Pillet, Bibliographie der Troubadours -\",\"isPartOf\":{\"@id\":\"https:\\\/\\\/www.ledizioni.it\\\/#website\"},\"primaryImageOfPage\":{\"@id\":\"https:\\\/\\\/www.ledizioni.it\\\/prodotto\\\/alfred-pillet-bibliographie-der-troubadours\\\/#primaryimage\"},\"image\":{\"@id\":\"https:\\\/\\\/www.ledizioni.it\\\/prodotto\\\/alfred-pillet-bibliographie-der-troubadours\\\/#primaryimage\"},\"thumbnailUrl\":\"https:\\\/\\\/www.ledizioni.it\\\/stag\\\/wp-content\\\/uploads\\\/2013\\\/10\\\/sitoledizioni.jpg\",\"datePublished\":\"2013-10-31T14:55:58+00:00\",\"dateModified\":\"2018-01-11T10:15:04+00:00\",\"description\":\"Bibliographie der Troubadours. Ristampa anastatica a cura di Paolo Borsa e Roberto Tagliani. Con presentazione di Maria Luisa Meneghetti e un aggiornamento di Stefano Resconi.\",\"breadcrumb\":{\"@id\":\"https:\\\/\\\/www.ledizioni.it\\\/prodotto\\\/alfred-pillet-bibliographie-der-troubadours\\\/#breadcrumb\"},\"inLanguage\":\"en-GB\",\"potentialAction\":[{\"@type\":\"ReadAction\",\"target\":[\"https:\\\/\\\/www.ledizioni.it\\\/prodotto\\\/alfred-pillet-bibliographie-der-troubadours\\\/\"]}]},{\"@type\":\"ImageObject\",\"inLanguage\":\"en-GB\",\"@id\":\"https:\\\/\\\/www.ledizioni.it\\\/prodotto\\\/alfred-pillet-bibliographie-der-troubadours\\\/#primaryimage\",\"url\":\"https:\\\/\\\/www.ledizioni.it\\\/stag\\\/wp-content\\\/uploads\\\/2013\\\/10\\\/sitoledizioni.jpg\",\"contentUrl\":\"https:\\\/\\\/www.ledizioni.it\\\/stag\\\/wp-content\\\/uploads\\\/2013\\\/10\\\/sitoledizioni.jpg\",\"width\":1387,\"height\":1924},{\"@type\":\"BreadcrumbList\",\"@id\":\"https:\\\/\\\/www.ledizioni.it\\\/prodotto\\\/alfred-pillet-bibliographie-der-troubadours\\\/#breadcrumb\",\"itemListElement\":[{\"@type\":\"ListItem\",\"position\":1,\"name\":\"Shop\",\"item\":\"https:\\\/\\\/www.ledizioni.it\\\/shop-2\\\/\"},{\"@type\":\"ListItem\",\"position\":2,\"name\":\"Alfred Pillet, Bibliographie der Troubadours\"}]},{\"@type\":\"WebSite\",\"@id\":\"https:\\\/\\\/www.ledizioni.it\\\/#website\",\"url\":\"https:\\\/\\\/www.ledizioni.it\\\/\",\"name\":\"Ledizioni\",\"description\":\"The Innovative LediPublishing Company - Casa Editrice Universitaria\",\"publisher\":{\"@id\":\"https:\\\/\\\/www.ledizioni.it\\\/#organization\"},\"potentialAction\":[{\"@type\":\"SearchAction\",\"target\":{\"@type\":\"EntryPoint\",\"urlTemplate\":\"https:\\\/\\\/www.ledizioni.it\\\/?s={search_term_string}\"},\"query-input\":{\"@type\":\"PropertyValueSpecification\",\"valueRequired\":true,\"valueName\":\"search_term_string\"}}],\"inLanguage\":\"en-GB\"},{\"@type\":\"Organization\",\"@id\":\"https:\\\/\\\/www.ledizioni.it\\\/#organization\",\"name\":\"Ledizioni\",\"url\":\"https:\\\/\\\/www.ledizioni.it\\\/\",\"logo\":{\"@type\":\"ImageObject\",\"inLanguage\":\"en-GB\",\"@id\":\"https:\\\/\\\/www.ledizioni.it\\\/#\\\/schema\\\/logo\\\/image\\\/\",\"url\":\"https:\\\/\\\/www.ledizioni.it\\\/stag\\\/wp-content\\\/uploads\\\/2023\\\/10\\\/newlogoledizioni500x110_2-1.jpg\",\"contentUrl\":\"https:\\\/\\\/www.ledizioni.it\\\/stag\\\/wp-content\\\/uploads\\\/2023\\\/10\\\/newlogoledizioni500x110_2-1.jpg\",\"width\":354,\"height\":87,\"caption\":\"Ledizioni\"},\"image\":{\"@id\":\"https:\\\/\\\/www.ledizioni.it\\\/#\\\/schema\\\/logo\\\/image\\\/\"},\"sameAs\":[\"https:\\\/\\\/www.facebook.com\\\/pages\\\/Ledizioni-LediPublishing\\\/109120559173329\",\"https:\\\/\\\/x.com\\\/ledizioni\"]}]}<\/script>\n<!-- \/ Yoast SEO plugin. -->","yoast_head_json":{"title":"Alfred Pillet, Bibliographie der Troubadours -","description":"Bibliographie der Troubadours. Ristampa anastatica a cura di Paolo Borsa e Roberto Tagliani. Con presentazione di Maria Luisa Meneghetti e un aggiornamento di Stefano Resconi.","robots":{"index":"index","follow":"follow","max-snippet":"max-snippet:-1","max-image-preview":"max-image-preview:large","max-video-preview":"max-video-preview:-1"},"canonical":"https:\/\/www.ledizioni.it\/en\/product\/alfred-pillet-bibliographie-der-troubadours\/","og_locale":"en_GB","og_type":"article","og_title":"Alfred Pillet, Bibliographie der Troubadours -","og_description":"Bibliographie der Troubadours. Ristampa anastatica a cura di Paolo Borsa e Roberto Tagliani. Con presentazione di Maria Luisa Meneghetti e un aggiornamento di Stefano Resconi.","og_url":"https:\/\/www.ledizioni.it\/en\/product\/alfred-pillet-bibliographie-der-troubadours\/","og_site_name":"Ledizioni","article_publisher":"https:\/\/www.facebook.com\/pages\/Ledizioni-LediPublishing\/109120559173329","article_modified_time":"2018-01-11T10:15:04+00:00","og_image":[{"width":1387,"height":1924,"url":"https:\/\/www.ledizioni.it\/stag\/wp-content\/uploads\/2013\/10\/sitoledizioni.jpg","type":"image\/jpeg"}],"twitter_card":"summary_large_image","twitter_site":"@ledizioni","twitter_misc":{"Estimated reading time":"1 minute"},"schema":{"@context":"https:\/\/schema.org","@graph":[{"@type":"WebPage","@id":"https:\/\/www.ledizioni.it\/prodotto\/alfred-pillet-bibliographie-der-troubadours\/","url":"https:\/\/www.ledizioni.it\/prodotto\/alfred-pillet-bibliographie-der-troubadours\/","name":"Alfred Pillet, Bibliographie der Troubadours -","isPartOf":{"@id":"https:\/\/www.ledizioni.it\/#website"},"primaryImageOfPage":{"@id":"https:\/\/www.ledizioni.it\/prodotto\/alfred-pillet-bibliographie-der-troubadours\/#primaryimage"},"image":{"@id":"https:\/\/www.ledizioni.it\/prodotto\/alfred-pillet-bibliographie-der-troubadours\/#primaryimage"},"thumbnailUrl":"https:\/\/www.ledizioni.it\/stag\/wp-content\/uploads\/2013\/10\/sitoledizioni.jpg","datePublished":"2013-10-31T14:55:58+00:00","dateModified":"2018-01-11T10:15:04+00:00","description":"Bibliographie der Troubadours. Ristampa anastatica a cura di Paolo Borsa e Roberto Tagliani. Con presentazione di Maria Luisa Meneghetti e un aggiornamento di Stefano Resconi.","breadcrumb":{"@id":"https:\/\/www.ledizioni.it\/prodotto\/alfred-pillet-bibliographie-der-troubadours\/#breadcrumb"},"inLanguage":"en-GB","potentialAction":[{"@type":"ReadAction","target":["https:\/\/www.ledizioni.it\/prodotto\/alfred-pillet-bibliographie-der-troubadours\/"]}]},{"@type":"ImageObject","inLanguage":"en-GB","@id":"https:\/\/www.ledizioni.it\/prodotto\/alfred-pillet-bibliographie-der-troubadours\/#primaryimage","url":"https:\/\/www.ledizioni.it\/stag\/wp-content\/uploads\/2013\/10\/sitoledizioni.jpg","contentUrl":"https:\/\/www.ledizioni.it\/stag\/wp-content\/uploads\/2013\/10\/sitoledizioni.jpg","width":1387,"height":1924},{"@type":"BreadcrumbList","@id":"https:\/\/www.ledizioni.it\/prodotto\/alfred-pillet-bibliographie-der-troubadours\/#breadcrumb","itemListElement":[{"@type":"ListItem","position":1,"name":"Shop","item":"https:\/\/www.ledizioni.it\/shop-2\/"},{"@type":"ListItem","position":2,"name":"Alfred Pillet, Bibliographie der Troubadours"}]},{"@type":"WebSite","@id":"https:\/\/www.ledizioni.it\/#website","url":"https:\/\/www.ledizioni.it\/","name":"Ledizioni","description":"The Innovative LediPublishing Company - Casa Editrice Universitaria","publisher":{"@id":"https:\/\/www.ledizioni.it\/#organization"},"potentialAction":[{"@type":"SearchAction","target":{"@type":"EntryPoint","urlTemplate":"https:\/\/www.ledizioni.it\/?s={search_term_string}"},"query-input":{"@type":"PropertyValueSpecification","valueRequired":true,"valueName":"search_term_string"}}],"inLanguage":"en-GB"},{"@type":"Organization","@id":"https:\/\/www.ledizioni.it\/#organization","name":"Ledizioni","url":"https:\/\/www.ledizioni.it\/","logo":{"@type":"ImageObject","inLanguage":"en-GB","@id":"https:\/\/www.ledizioni.it\/#\/schema\/logo\/image\/","url":"https:\/\/www.ledizioni.it\/stag\/wp-content\/uploads\/2023\/10\/newlogoledizioni500x110_2-1.jpg","contentUrl":"https:\/\/www.ledizioni.it\/stag\/wp-content\/uploads\/2023\/10\/newlogoledizioni500x110_2-1.jpg","width":354,"height":87,"caption":"Ledizioni"},"image":{"@id":"https:\/\/www.ledizioni.it\/#\/schema\/logo\/image\/"},"sameAs":["https:\/\/www.facebook.com\/pages\/Ledizioni-LediPublishing\/109120559173329","https:\/\/x.com\/ledizioni"]}]}},"jetpack_sharing_enabled":true,"_links":{"self":[{"href":"https:\/\/www.ledizioni.it\/en\/wp-json\/wp\/v2\/product\/7698","targetHints":{"allow":["GET"]}}],"collection":[{"href":"https:\/\/www.ledizioni.it\/en\/wp-json\/wp\/v2\/product"}],"about":[{"href":"https:\/\/www.ledizioni.it\/en\/wp-json\/wp\/v2\/types\/product"}],"replies":[{"embeddable":true,"href":"https:\/\/www.ledizioni.it\/en\/wp-json\/wp\/v2\/comments?post=7698"}],"version-history":[{"count":0,"href":"https:\/\/www.ledizioni.it\/en\/wp-json\/wp\/v2\/product\/7698\/revisions"}],"wp:featuredmedia":[{"embeddable":true,"href":"https:\/\/www.ledizioni.it\/en\/wp-json\/wp\/v2\/media\/7699"}],"wp:attachment":[{"href":"https:\/\/www.ledizioni.it\/en\/wp-json\/wp\/v2\/media?parent=7698"}],"wp:term":[{"taxonomy":"product_brand","embeddable":true,"href":"https:\/\/www.ledizioni.it\/en\/wp-json\/wp\/v2\/product_brand?post=7698"},{"taxonomy":"product_cat","embeddable":true,"href":"https:\/\/www.ledizioni.it\/en\/wp-json\/wp\/v2\/product_cat?post=7698"},{"taxonomy":"product_tag","embeddable":true,"href":"https:\/\/www.ledizioni.it\/en\/wp-json\/wp\/v2\/product_tag?post=7698"}],"curies":[{"name":"wp","href":"https:\/\/api.w.org\/{rel}","templated":true}]}}