{"id":7738,"date":"2013-11-07T14:33:03","date_gmt":"2013-11-07T14:33:03","guid":{"rendered":"http:\/\/www.ledizioni.it\/?post_type=product&#038;p=7738"},"modified":"2021-05-14T16:56:51","modified_gmt":"2021-05-14T14:56:51","slug":"pipitone-daniele-il-socialismo-democratico-italiano-la-liberazione-la-legge-truffa","status":"publish","type":"product","link":"https:\/\/www.ledizioni.it\/en\/product\/pipitone-daniele-il-socialismo-democratico-italiano-la-liberazione-la-legge-truffa\/","title":{"rendered":"IL SOCIALISMO DEMOCRATICO ITALIANO FRA LA LIBERAZIONE E LA LEGGE TRUFFA"},"content":{"rendered":"<p style=\"text-align: justify;\">Perch\u00e9 l\u2019Italia repubblicana non ha avuto un partito socialdemocratico paragonabile a quelli degli altri paesi europei? E cos\u2019\u00e8 stata, invece, la socialdemocrazia italiana? Che cultura politica ha espresso? Chi ne sono stati i portatori? A queste e altre domande cerca di rispondere questo libro, analizzando le origini del Partito Socialdemocratico Italiano e la sua storia nel primo periodo repubblicano (1947\u20131953). Muovendosi sul duplice binario della storia politica e della storia delle culture politiche, esso ricostruisce sia le convulse vicende dell\u2019area socialista a destra del PSI sia l\u2019evoluzione degli orizzonti dottrinari, delle strutture interpretative della realt\u00e0 e dei modi di intendere l\u2019agire politico che tale area espresse, focalizzando l\u2019attenzione sulla molteplicit\u00e0 di attori, sensibilit\u00e0 e mentalit\u00e0 che in essa, per un breve periodo, si incontrarono. Sullo sfondo, stanno la guerra fredda e il brutale impatto che essa ebbe sul sistema politico italiano.<\/p>\n<p>&nbsp;<\/p>\n<h3><strong><span style=\"color: #000000;\">DATI BIBLIOGRAFICI<\/span><\/strong><\/h3>\n<p>Autori: Pipitone Daniele<br \/>\nEditore: Ledizioni<br \/>\nCollana: <a title=\"History\" href=\"https:\/\/www.ledizioni.it\/en\/product-category\/history\/studi-storici-2\/\">Dipartimento di Studi Storici dell\u2019Universit\u00e0 di Torino<\/a><br \/>\nFormato: Brossura<br \/>\nPubblicato in: Ottobre 2013<br \/>\nISBN: 9788867051090 (cartaceo)<br \/>\nPrezzo cartaceo: 28,00 \u20ac<\/p>\n<p><a href=\"http:\/\/www.mondadoristore.it\/socialismo-democratico-Daniele-Pipitone\/eai978886705109\/?sessionToken=fX4Us2Z4TkFrQZwnHcQ7DLWfZvCe67VN\" target=\"_blank\" rel=\"noopener\"><img decoding=\"async\" class=\"size-full wp-image-14398 aligncenter\" src=\"http:\/\/www.ledizioni.it\/stag\/wp-content\/uploads\/2012\/06\/red-podok.jpg\" alt=\"Pod MondadoriStore\" width=\"200\" height=\"82\" \/><\/a><\/p>\n<p><a href=\"https:\/\/www.torrossa.com\/it\/resources\/an\/3040413\"><img decoding=\"async\" class=\"aligncenter wp-image-23912\" src=\"https:\/\/www.ledizioni.it\/stag\/wp-content\/uploads\/2019\/07\/torrossa_web-150x80.jpg\" alt=\"\" width=\"200\" height=\"60\" \/><\/a><\/p>","protected":false},"excerpt":{"rendered":"<p>Perch\u00e9 l\u2019Italia repubblicana non ha avuto un partito socialdemocratico paragonabile a quelli degli altri paesi europei? E cos\u2019\u00e8 stata, invece,<\/p>","protected":false},"featured_media":7739,"comment_status":"open","ping_status":"closed","template":"","meta":{"_acf_changed":false},"product_brand":[],"product_cat":[549],"product_tag":[663,557,764,661,846,734],"class_list":{"0":"post-7738","1":"product","2":"type-product","3":"status-publish","4":"has-post-thumbnail","6":"product_cat-studi-storici-2","7":"product_tag-democrazia","8":"product_tag-fascismo-2","9":"product_tag-open-access-2","10":"product_tag-socialismo","11":"product_tag-storia-italiana","12":"product_tag-storia-sociale","13":"pa_formato-cartaceo","14":"pa_formato-ebook-in-pdf","15":"pa_lingua-italiano","17":"first","18":"instock","19":"featured","20":"shipping-taxable","21":"purchasable","22":"product-type-variable"},"acf":[],"yoast_head":"<!-- This site is optimized with the Yoast SEO plugin v27.4 - https:\/\/yoast.com\/product\/yoast-seo-wordpress\/ -->\n<title>IL SOCIALISMO DEMOCRATICO ITALIANO FRA LA LIBERAZIONE E LA LEGGE TRUFFA -<\/title>\n<meta name=\"description\" content=\"Perch\u00e9 l\u2019Italia repubblicana non ha avuto un partito socialdemocratico paragonabile a quelli dei paesi europei? E cos\u2019\u00e8 stata la socialdemocrazia italiana?\" \/>\n<meta name=\"robots\" content=\"index, follow, max-snippet:-1, max-image-preview:large, max-video-preview:-1\" \/>\n<link rel=\"canonical\" href=\"https:\/\/www.ledizioni.it\/en\/product\/pipitone-daniele-il-socialismo-democratico-italiano-la-liberazione-la-legge-truffa\/\" \/>\n<meta property=\"og:locale\" content=\"en_GB\" \/>\n<meta property=\"og:type\" content=\"article\" \/>\n<meta property=\"og:title\" content=\"IL SOCIALISMO DEMOCRATICO ITALIANO FRA LA LIBERAZIONE E LA LEGGE TRUFFA -\" \/>\n<meta property=\"og:description\" content=\"Perch\u00e9 l\u2019Italia repubblicana non ha avuto un partito socialdemocratico paragonabile a quelli dei paesi europei? E cos\u2019\u00e8 stata la socialdemocrazia italiana?\" \/>\n<meta property=\"og:url\" content=\"https:\/\/www.ledizioni.it\/en\/product\/pipitone-daniele-il-socialismo-democratico-italiano-la-liberazione-la-legge-truffa\/\" \/>\n<meta property=\"og:site_name\" content=\"Ledizioni\" \/>\n<meta property=\"article:publisher\" content=\"https:\/\/www.facebook.com\/pages\/Ledizioni-LediPublishing\/109120559173329\" \/>\n<meta property=\"article:modified_time\" content=\"2021-05-14T14:56:51+00:00\" \/>\n<meta property=\"og:image\" content=\"https:\/\/www.ledizioni.it\/stag\/wp-content\/uploads\/2013\/11\/sitoledizioni1.jpg\" \/>\n\t<meta property=\"og:image:width\" content=\"1433\" \/>\n\t<meta property=\"og:image:height\" content=\"1968\" \/>\n\t<meta property=\"og:image:type\" content=\"image\/jpeg\" \/>\n<meta name=\"twitter:card\" content=\"summary_large_image\" \/>\n<meta name=\"twitter:site\" content=\"@ledizioni\" \/>\n<meta name=\"twitter:label1\" content=\"Estimated reading time\" \/>\n\t<meta name=\"twitter:data1\" content=\"1 minute\" \/>\n<script type=\"application\/ld+json\" class=\"yoast-schema-graph\">{\"@context\":\"https:\\\/\\\/schema.org\",\"@graph\":[{\"@type\":\"WebPage\",\"@id\":\"https:\\\/\\\/www.ledizioni.it\\\/prodotto\\\/pipitone-daniele-il-socialismo-democratico-italiano-la-liberazione-la-legge-truffa\\\/\",\"url\":\"https:\\\/\\\/www.ledizioni.it\\\/prodotto\\\/pipitone-daniele-il-socialismo-democratico-italiano-la-liberazione-la-legge-truffa\\\/\",\"name\":\"IL SOCIALISMO DEMOCRATICO ITALIANO FRA LA LIBERAZIONE E LA LEGGE TRUFFA -\",\"isPartOf\":{\"@id\":\"https:\\\/\\\/www.ledizioni.it\\\/#website\"},\"primaryImageOfPage\":{\"@id\":\"https:\\\/\\\/www.ledizioni.it\\\/prodotto\\\/pipitone-daniele-il-socialismo-democratico-italiano-la-liberazione-la-legge-truffa\\\/#primaryimage\"},\"image\":{\"@id\":\"https:\\\/\\\/www.ledizioni.it\\\/prodotto\\\/pipitone-daniele-il-socialismo-democratico-italiano-la-liberazione-la-legge-truffa\\\/#primaryimage\"},\"thumbnailUrl\":\"https:\\\/\\\/www.ledizioni.it\\\/stag\\\/wp-content\\\/uploads\\\/2013\\\/11\\\/sitoledizioni1.jpg\",\"datePublished\":\"2013-11-07T14:33:03+00:00\",\"dateModified\":\"2021-05-14T14:56:51+00:00\",\"description\":\"Perch\u00e9 l\u2019Italia repubblicana non ha avuto un partito socialdemocratico paragonabile a quelli dei paesi europei? E cos\u2019\u00e8 stata la socialdemocrazia italiana?\",\"breadcrumb\":{\"@id\":\"https:\\\/\\\/www.ledizioni.it\\\/prodotto\\\/pipitone-daniele-il-socialismo-democratico-italiano-la-liberazione-la-legge-truffa\\\/#breadcrumb\"},\"inLanguage\":\"en-GB\",\"potentialAction\":[{\"@type\":\"ReadAction\",\"target\":[\"https:\\\/\\\/www.ledizioni.it\\\/prodotto\\\/pipitone-daniele-il-socialismo-democratico-italiano-la-liberazione-la-legge-truffa\\\/\"]}]},{\"@type\":\"ImageObject\",\"inLanguage\":\"en-GB\",\"@id\":\"https:\\\/\\\/www.ledizioni.it\\\/prodotto\\\/pipitone-daniele-il-socialismo-democratico-italiano-la-liberazione-la-legge-truffa\\\/#primaryimage\",\"url\":\"https:\\\/\\\/www.ledizioni.it\\\/stag\\\/wp-content\\\/uploads\\\/2013\\\/11\\\/sitoledizioni1.jpg\",\"contentUrl\":\"https:\\\/\\\/www.ledizioni.it\\\/stag\\\/wp-content\\\/uploads\\\/2013\\\/11\\\/sitoledizioni1.jpg\",\"width\":1433,\"height\":1968},{\"@type\":\"BreadcrumbList\",\"@id\":\"https:\\\/\\\/www.ledizioni.it\\\/prodotto\\\/pipitone-daniele-il-socialismo-democratico-italiano-la-liberazione-la-legge-truffa\\\/#breadcrumb\",\"itemListElement\":[{\"@type\":\"ListItem\",\"position\":1,\"name\":\"Shop\",\"item\":\"https:\\\/\\\/www.ledizioni.it\\\/shop-2\\\/\"},{\"@type\":\"ListItem\",\"position\":2,\"name\":\"IL SOCIALISMO DEMOCRATICO ITALIANO FRA LA LIBERAZIONE E LA LEGGE TRUFFA\"}]},{\"@type\":\"WebSite\",\"@id\":\"https:\\\/\\\/www.ledizioni.it\\\/#website\",\"url\":\"https:\\\/\\\/www.ledizioni.it\\\/\",\"name\":\"Ledizioni\",\"description\":\"The Innovative LediPublishing Company - Casa Editrice Universitaria\",\"publisher\":{\"@id\":\"https:\\\/\\\/www.ledizioni.it\\\/#organization\"},\"potentialAction\":[{\"@type\":\"SearchAction\",\"target\":{\"@type\":\"EntryPoint\",\"urlTemplate\":\"https:\\\/\\\/www.ledizioni.it\\\/?s={search_term_string}\"},\"query-input\":{\"@type\":\"PropertyValueSpecification\",\"valueRequired\":true,\"valueName\":\"search_term_string\"}}],\"inLanguage\":\"en-GB\"},{\"@type\":\"Organization\",\"@id\":\"https:\\\/\\\/www.ledizioni.it\\\/#organization\",\"name\":\"Ledizioni\",\"url\":\"https:\\\/\\\/www.ledizioni.it\\\/\",\"logo\":{\"@type\":\"ImageObject\",\"inLanguage\":\"en-GB\",\"@id\":\"https:\\\/\\\/www.ledizioni.it\\\/#\\\/schema\\\/logo\\\/image\\\/\",\"url\":\"https:\\\/\\\/www.ledizioni.it\\\/stag\\\/wp-content\\\/uploads\\\/2023\\\/10\\\/newlogoledizioni500x110_2-1.jpg\",\"contentUrl\":\"https:\\\/\\\/www.ledizioni.it\\\/stag\\\/wp-content\\\/uploads\\\/2023\\\/10\\\/newlogoledizioni500x110_2-1.jpg\",\"width\":354,\"height\":87,\"caption\":\"Ledizioni\"},\"image\":{\"@id\":\"https:\\\/\\\/www.ledizioni.it\\\/#\\\/schema\\\/logo\\\/image\\\/\"},\"sameAs\":[\"https:\\\/\\\/www.facebook.com\\\/pages\\\/Ledizioni-LediPublishing\\\/109120559173329\",\"https:\\\/\\\/x.com\\\/ledizioni\"]}]}<\/script>\n<!-- \/ Yoast SEO plugin. -->","yoast_head_json":{"title":"IL SOCIALISMO DEMOCRATICO ITALIANO FRA LA LIBERAZIONE E LA LEGGE TRUFFA -","description":"Perch\u00e9 l\u2019Italia repubblicana non ha avuto un partito socialdemocratico paragonabile a quelli dei paesi europei? E cos\u2019\u00e8 stata la socialdemocrazia italiana?","robots":{"index":"index","follow":"follow","max-snippet":"max-snippet:-1","max-image-preview":"max-image-preview:large","max-video-preview":"max-video-preview:-1"},"canonical":"https:\/\/www.ledizioni.it\/en\/product\/pipitone-daniele-il-socialismo-democratico-italiano-la-liberazione-la-legge-truffa\/","og_locale":"en_GB","og_type":"article","og_title":"IL SOCIALISMO DEMOCRATICO ITALIANO FRA LA LIBERAZIONE E LA LEGGE TRUFFA -","og_description":"Perch\u00e9 l\u2019Italia repubblicana non ha avuto un partito socialdemocratico paragonabile a quelli dei paesi europei? E cos\u2019\u00e8 stata la socialdemocrazia italiana?","og_url":"https:\/\/www.ledizioni.it\/en\/product\/pipitone-daniele-il-socialismo-democratico-italiano-la-liberazione-la-legge-truffa\/","og_site_name":"Ledizioni","article_publisher":"https:\/\/www.facebook.com\/pages\/Ledizioni-LediPublishing\/109120559173329","article_modified_time":"2021-05-14T14:56:51+00:00","og_image":[{"width":1433,"height":1968,"url":"https:\/\/www.ledizioni.it\/stag\/wp-content\/uploads\/2013\/11\/sitoledizioni1.jpg","type":"image\/jpeg"}],"twitter_card":"summary_large_image","twitter_site":"@ledizioni","twitter_misc":{"Estimated reading time":"1 minute"},"schema":{"@context":"https:\/\/schema.org","@graph":[{"@type":"WebPage","@id":"https:\/\/www.ledizioni.it\/prodotto\/pipitone-daniele-il-socialismo-democratico-italiano-la-liberazione-la-legge-truffa\/","url":"https:\/\/www.ledizioni.it\/prodotto\/pipitone-daniele-il-socialismo-democratico-italiano-la-liberazione-la-legge-truffa\/","name":"IL SOCIALISMO DEMOCRATICO ITALIANO FRA LA LIBERAZIONE E LA LEGGE TRUFFA -","isPartOf":{"@id":"https:\/\/www.ledizioni.it\/#website"},"primaryImageOfPage":{"@id":"https:\/\/www.ledizioni.it\/prodotto\/pipitone-daniele-il-socialismo-democratico-italiano-la-liberazione-la-legge-truffa\/#primaryimage"},"image":{"@id":"https:\/\/www.ledizioni.it\/prodotto\/pipitone-daniele-il-socialismo-democratico-italiano-la-liberazione-la-legge-truffa\/#primaryimage"},"thumbnailUrl":"https:\/\/www.ledizioni.it\/stag\/wp-content\/uploads\/2013\/11\/sitoledizioni1.jpg","datePublished":"2013-11-07T14:33:03+00:00","dateModified":"2021-05-14T14:56:51+00:00","description":"Perch\u00e9 l\u2019Italia repubblicana non ha avuto un partito socialdemocratico paragonabile a quelli dei paesi europei? E cos\u2019\u00e8 stata la socialdemocrazia italiana?","breadcrumb":{"@id":"https:\/\/www.ledizioni.it\/prodotto\/pipitone-daniele-il-socialismo-democratico-italiano-la-liberazione-la-legge-truffa\/#breadcrumb"},"inLanguage":"en-GB","potentialAction":[{"@type":"ReadAction","target":["https:\/\/www.ledizioni.it\/prodotto\/pipitone-daniele-il-socialismo-democratico-italiano-la-liberazione-la-legge-truffa\/"]}]},{"@type":"ImageObject","inLanguage":"en-GB","@id":"https:\/\/www.ledizioni.it\/prodotto\/pipitone-daniele-il-socialismo-democratico-italiano-la-liberazione-la-legge-truffa\/#primaryimage","url":"https:\/\/www.ledizioni.it\/stag\/wp-content\/uploads\/2013\/11\/sitoledizioni1.jpg","contentUrl":"https:\/\/www.ledizioni.it\/stag\/wp-content\/uploads\/2013\/11\/sitoledizioni1.jpg","width":1433,"height":1968},{"@type":"BreadcrumbList","@id":"https:\/\/www.ledizioni.it\/prodotto\/pipitone-daniele-il-socialismo-democratico-italiano-la-liberazione-la-legge-truffa\/#breadcrumb","itemListElement":[{"@type":"ListItem","position":1,"name":"Shop","item":"https:\/\/www.ledizioni.it\/shop-2\/"},{"@type":"ListItem","position":2,"name":"IL SOCIALISMO DEMOCRATICO ITALIANO FRA LA LIBERAZIONE E LA LEGGE TRUFFA"}]},{"@type":"WebSite","@id":"https:\/\/www.ledizioni.it\/#website","url":"https:\/\/www.ledizioni.it\/","name":"Ledizioni","description":"The Innovative LediPublishing Company - Casa Editrice Universitaria","publisher":{"@id":"https:\/\/www.ledizioni.it\/#organization"},"potentialAction":[{"@type":"SearchAction","target":{"@type":"EntryPoint","urlTemplate":"https:\/\/www.ledizioni.it\/?s={search_term_string}"},"query-input":{"@type":"PropertyValueSpecification","valueRequired":true,"valueName":"search_term_string"}}],"inLanguage":"en-GB"},{"@type":"Organization","@id":"https:\/\/www.ledizioni.it\/#organization","name":"Ledizioni","url":"https:\/\/www.ledizioni.it\/","logo":{"@type":"ImageObject","inLanguage":"en-GB","@id":"https:\/\/www.ledizioni.it\/#\/schema\/logo\/image\/","url":"https:\/\/www.ledizioni.it\/stag\/wp-content\/uploads\/2023\/10\/newlogoledizioni500x110_2-1.jpg","contentUrl":"https:\/\/www.ledizioni.it\/stag\/wp-content\/uploads\/2023\/10\/newlogoledizioni500x110_2-1.jpg","width":354,"height":87,"caption":"Ledizioni"},"image":{"@id":"https:\/\/www.ledizioni.it\/#\/schema\/logo\/image\/"},"sameAs":["https:\/\/www.facebook.com\/pages\/Ledizioni-LediPublishing\/109120559173329","https:\/\/x.com\/ledizioni"]}]}},"jetpack_sharing_enabled":true,"_links":{"self":[{"href":"https:\/\/www.ledizioni.it\/en\/wp-json\/wp\/v2\/product\/7738","targetHints":{"allow":["GET"]}}],"collection":[{"href":"https:\/\/www.ledizioni.it\/en\/wp-json\/wp\/v2\/product"}],"about":[{"href":"https:\/\/www.ledizioni.it\/en\/wp-json\/wp\/v2\/types\/product"}],"replies":[{"embeddable":true,"href":"https:\/\/www.ledizioni.it\/en\/wp-json\/wp\/v2\/comments?post=7738"}],"version-history":[{"count":1,"href":"https:\/\/www.ledizioni.it\/en\/wp-json\/wp\/v2\/product\/7738\/revisions"}],"predecessor-version":[{"id":20800,"href":"https:\/\/www.ledizioni.it\/en\/wp-json\/wp\/v2\/product\/7738\/revisions\/20800"}],"wp:featuredmedia":[{"embeddable":true,"href":"https:\/\/www.ledizioni.it\/en\/wp-json\/wp\/v2\/media\/7739"}],"wp:attachment":[{"href":"https:\/\/www.ledizioni.it\/en\/wp-json\/wp\/v2\/media?parent=7738"}],"wp:term":[{"taxonomy":"product_brand","embeddable":true,"href":"https:\/\/www.ledizioni.it\/en\/wp-json\/wp\/v2\/product_brand?post=7738"},{"taxonomy":"product_cat","embeddable":true,"href":"https:\/\/www.ledizioni.it\/en\/wp-json\/wp\/v2\/product_cat?post=7738"},{"taxonomy":"product_tag","embeddable":true,"href":"https:\/\/www.ledizioni.it\/en\/wp-json\/wp\/v2\/product_tag?post=7738"}],"curies":[{"name":"wp","href":"https:\/\/api.w.org\/{rel}","templated":true}]}}