{"id":77595,"date":"2025-06-25T00:00:00","date_gmt":"2025-06-24T22:00:00","guid":{"rendered":"https:\/\/www.ledizioni.it\/?post_type=product&#038;p=77595"},"modified":"2025-10-28T15:46:35","modified_gmt":"2025-10-28T13:46:35","slug":"il-crimine-di-genocidio-nelle-odierne-crisi-internazionali","status":"publish","type":"product","link":"https:\/\/www.ledizioni.it\/en\/product\/il-crimine-di-genocidio-nelle-odierne-crisi-internazionali\/","title":{"rendered":"IL CRIMINE DI GENOCIDIO NELLE ODIERNE CRISI INTERNAZIONALI"},"content":{"rendered":"<div data-elementor-type=\"product-post\" data-elementor-id=\"77595\" class=\"elementor elementor-77595\" data-elementor-post-type=\"product\">\n\t\t\t\t\t\t<section class=\"elementor-section elementor-top-section elementor-element elementor-element-537fe806 elementor-section-boxed elementor-section-height-default elementor-section-height-default wd-section-disabled\" data-id=\"537fe806\" data-element_type=\"section\" data-e-type=\"section\">\n\t\t\t\t\t\t<div class=\"elementor-container elementor-column-gap-default\">\n\t\t\t\t\t<div class=\"elementor-column elementor-col-100 elementor-top-column elementor-element elementor-element-6814a515\" data-id=\"6814a515\" data-element_type=\"column\" data-e-type=\"column\">\n\t\t\t<div class=\"elementor-widget-wrap elementor-element-populated\">\n\t\t\t\t\t\t<div class=\"elementor-element elementor-element-747bc8db color-scheme-inherit text-left elementor-widget elementor-widget-text-editor\" data-id=\"747bc8db\" data-element_type=\"widget\" data-e-type=\"widget\" data-widget_type=\"text-editor.default\">\n\t\t\t\t<div class=\"elementor-widget-container\">\n\t\t\t\t\t\t\t\t\t<p style=\"text-align: justify;\">Gli sconvolgimenti internazionali odierni e le atrocit\u00e0 delle quali quotidianamente siamo testimoni rendono ancor pi\u00f9 urgente una riflessione sul crimine di genocidio.<br \/>Dalla sua prima teorizzazione ad opera del giurista polacco Raphael Lemkin, la fattispecie di genocidio \u00e8 divenuta un pilastro fondamentale del Diritto Penale Internazionale come principale strumento di tutela dell&#8217;integrit\u00e0 dei gruppi umani oggetto di protezione.<br \/>Indagarne la struttura penalistica \u00e8, ancora oggi, fondamentale per comprenderne la finalit\u00e0 teleologica e gli elementi costitutivi, cos\u00ec da avere un quadro chiaro dei limiti del dettato normativo, delle evoluzioni stimolate da giurisprudenza e dottrina e della reale portata applicativa della fattispecie.<br \/>La seconda parte dell\u2019opera \u00e8 invece dedicata all\u2019approfondimento della rilevanza genocidaria delle condotte poste in essere da Russia e Israele nei due teatri di guerra nei quali i due Stati sono attualmente impegnati attraverso lo studio delle determinazioni dei due principali organi di giustizia internazionale. Non \u00e8 possibile sottovalutare il rilievo che queste due situazioni di crisi occupano nel diritto internazionale, le quali aprono la riflessione a considerazioni di carattere etico, giuridico e mettono in discussione la capacit\u00e0 stessa del diritto di fungere da meccanismo di risoluzione pacifica delle controversie e di tutela della stabilit\u00e0 dell\u2019ordinamento internazionale.<br \/>Le sfide che oggi ci troviamo a fronteggiare, ancor prima che come studiosi, ci coinvolgono profondamente come esseri umani e l\u2019indagine analitica \u00e8 una parte integrante dello sforzo che la comunit\u00e0 internazionale deve operare per ribadire che il rispetto dei limiti legali che delimitano l\u2019operato di Stati ed individui \u00e8 ancor pi\u00f9 determinante in condizioni di instabilit\u00e0.<\/p><hr \/><p><strong>DATI BIBLIOGRAFICI<\/strong><br \/>Autore: Giorgio Zeppieri<br \/>Editore: Ledizioni\u00a0<br \/>Pubblicato in: giugno 2025<br \/>Formato: brossura, 125 p. &#8211; ePub &#8211; PDF in OA<br \/>ISBN cartaceo: 9791256004485<br \/>ISBN ePub: 9791256004492<br \/>Prezzo cartaceo: 24,00 \u20ac<br \/>Prezzo ePub: 11,99 \u20ac<\/p>\t\t\t\t\t\t\t\t<\/div>\n\t\t\t\t<\/div>\n\t\t\t\t\t<\/div>\n\t\t<\/div>\n\t\t\t\t\t<\/div>\n\t\t<\/section>\n\t\t\t\t<section class=\"elementor-section elementor-top-section elementor-element elementor-element-3ac01a3 elementor-section-boxed elementor-section-height-default elementor-section-height-default wd-section-disabled\" data-id=\"3ac01a3\" data-element_type=\"section\" data-e-type=\"section\">\n\t\t\t\t\t\t<div class=\"elementor-container elementor-column-gap-default\">\n\t\t\t\t\t<div class=\"elementor-column elementor-col-100 elementor-top-column elementor-element elementor-element-b332bc6\" data-id=\"b332bc6\" data-element_type=\"column\" data-e-type=\"column\">\n\t\t\t<div class=\"elementor-widget-wrap elementor-element-populated\">\n\t\t\t\t\t\t<div class=\"elementor-element elementor-element-bad7a0e elementor-button-danger elementor-align-center elementor-widget elementor-widget-button\" data-id=\"bad7a0e\" data-element_type=\"widget\" data-e-type=\"widget\" data-widget_type=\"button.default\">\n\t\t\t\t<div class=\"elementor-widget-container\">\n\t\t\t\t\t\t\t\t\t<div class=\"elementor-button-wrapper\">\n\t\t\t\t\t<a class=\"elementor-button elementor-button-link elementor-size-sm\" href=\"https:\/\/www.ledizioni.it\/en\/download\/77749\/\">\n\t\t\t\t\t\t<span class=\"elementor-button-content-wrapper\">\n\t\t\t\t\t\t\t\t\t<span class=\"elementor-button-text\">Scarica il PDF Open Access<\/span>\n\t\t\t\t\t<\/span>\n\t\t\t\t\t<\/a>\n\t\t\t\t<\/div>\n\t\t\t\t\t\t\t\t<\/div>\n\t\t\t\t<\/div>\n\t\t\t\t\t<\/div>\n\t\t<\/div>\n\t\t\t\t\t<\/div>\n\t\t<\/section>\n\t\t\t\t<section class=\"elementor-section elementor-top-section elementor-element elementor-element-1979d9c elementor-section-boxed elementor-section-height-default elementor-section-height-default wd-section-disabled\" data-id=\"1979d9c\" data-element_type=\"section\" data-e-type=\"section\">\n\t\t\t\t\t\t<div class=\"elementor-container elementor-column-gap-default\">\n\t\t\t\t\t<div class=\"elementor-column elementor-col-100 elementor-top-column elementor-element elementor-element-2019eea\" data-id=\"2019eea\" data-element_type=\"column\" data-e-type=\"column\">\n\t\t\t<div class=\"elementor-widget-wrap elementor-element-populated\">\n\t\t\t\t\t\t<div class=\"elementor-element elementor-element-8a1e0aa elementor-button-warning elementor-align-center elementor-widget elementor-widget-button\" data-id=\"8a1e0aa\" data-element_type=\"widget\" data-e-type=\"widget\" data-widget_type=\"button.default\">\n\t\t\t\t<div class=\"elementor-widget-container\">\n\t\t\t\t\t\t\t\t\t<div class=\"elementor-button-wrapper\">\n\t\t\t\t\t<a class=\"elementor-button elementor-button-link elementor-size-sm\" href=\"https:\/\/ledibooks.com\/projects\/il-crimine-di-genocidio-nelle-odierne-crisi-internazionali\" target=\"_blank\">\n\t\t\t\t\t\t<span class=\"elementor-button-content-wrapper\">\n\t\t\t\t\t\t\t\t\t<span class=\"elementor-button-text\">Leggi su LediBooks<\/span>\n\t\t\t\t\t<\/span>\n\t\t\t\t\t<\/a>\n\t\t\t\t<\/div>\n\t\t\t\t\t\t\t\t<\/div>\n\t\t\t\t<\/div>\n\t\t\t\t\t<\/div>\n\t\t<\/div>\n\t\t\t\t\t<\/div>\n\t\t<\/section>\n\t\t\t\t<\/div>","protected":false},"excerpt":{"rendered":"<p>Gli sconvolgimenti internazionali odierni e le atrocit\u00e0 delle quali quotidianamente siamo testimoni rendono ancor pi\u00f9 urgente una riflessione sul crimine<\/p>","protected":false},"featured_media":77748,"comment_status":"open","ping_status":"closed","template":"","meta":{"_acf_changed":false},"product_brand":[],"product_cat":[1042,566],"product_tag":[3372,2844,2405,764],"class_list":{"0":"post-77595","1":"product","2":"type-product","3":"status-publish","4":"has-post-thumbnail","6":"product_cat-politica","7":"product_cat-diritto-2","8":"product_tag-comunita-internazionale","9":"product_tag-genocidio","10":"product_tag-geopolitica","11":"product_tag-open-access-2","12":"pa_formato-cartaceo","13":"pa_formato-ebook-in-epub","14":"pa_formato-ebook-in-pdf","16":"first","17":"instock","18":"featured","19":"shipping-taxable","20":"purchasable","21":"product-type-variable"},"acf":[],"yoast_head":"<!-- This site is optimized with the Yoast SEO plugin v27.3 - https:\/\/yoast.com\/product\/yoast-seo-wordpress\/ -->\n<title>IL CRIMINE DI GENOCIDIO NELLE ODIERNE CRISI INTERNAZIONALI -<\/title>\n<meta name=\"description\" content=\"Ledizioni - Innovative Publishing. Casa editrice universitaria. Open Access. eBook, ePub. Creative Commons.\" \/>\n<meta name=\"robots\" content=\"index, follow, max-snippet:-1, max-image-preview:large, max-video-preview:-1\" \/>\n<link rel=\"canonical\" href=\"https:\/\/www.ledizioni.it\/en\/product\/il-crimine-di-genocidio-nelle-odierne-crisi-internazionali\/\" \/>\n<meta property=\"og:locale\" content=\"en_GB\" \/>\n<meta property=\"og:type\" content=\"article\" \/>\n<meta property=\"og:title\" content=\"IL CRIMINE DI GENOCIDIO NELLE ODIERNE CRISI INTERNAZIONALI -\" \/>\n<meta property=\"og:description\" content=\"Ledizioni - Innovative Publishing. Casa editrice universitaria. Open Access. eBook, ePub. Creative Commons.\" \/>\n<meta property=\"og:url\" content=\"https:\/\/www.ledizioni.it\/en\/product\/il-crimine-di-genocidio-nelle-odierne-crisi-internazionali\/\" \/>\n<meta property=\"og:site_name\" content=\"Ledizioni\" \/>\n<meta property=\"article:publisher\" content=\"https:\/\/www.facebook.com\/pages\/Ledizioni-LediPublishing\/109120559173329\" \/>\n<meta property=\"article:modified_time\" content=\"2025-10-28T13:46:35+00:00\" \/>\n<meta property=\"og:image\" content=\"https:\/\/www.ledizioni.it\/stag\/wp-content\/uploads\/2025\/06\/Zeppieri_cover-3D.jpg\" \/>\n\t<meta property=\"og:image:width\" content=\"1504\" \/>\n\t<meta property=\"og:image:height\" content=\"1992\" \/>\n\t<meta property=\"og:image:type\" content=\"image\/jpeg\" \/>\n<meta name=\"twitter:card\" content=\"summary_large_image\" \/>\n<meta name=\"twitter:site\" content=\"@ledizioni\" \/>\n<meta name=\"twitter:label1\" content=\"Estimated reading time\" \/>\n\t<meta name=\"twitter:data1\" content=\"2 minutes\" \/>\n<script type=\"application\/ld+json\" class=\"yoast-schema-graph\">{\"@context\":\"https:\\\/\\\/schema.org\",\"@graph\":[{\"@type\":\"WebPage\",\"@id\":\"https:\\\/\\\/www.ledizioni.it\\\/prodotto\\\/il-crimine-di-genocidio-nelle-odierne-crisi-internazionali\\\/\",\"url\":\"https:\\\/\\\/www.ledizioni.it\\\/prodotto\\\/il-crimine-di-genocidio-nelle-odierne-crisi-internazionali\\\/\",\"name\":\"IL CRIMINE DI GENOCIDIO NELLE ODIERNE CRISI INTERNAZIONALI -\",\"isPartOf\":{\"@id\":\"https:\\\/\\\/www.ledizioni.it\\\/#website\"},\"primaryImageOfPage\":{\"@id\":\"https:\\\/\\\/www.ledizioni.it\\\/prodotto\\\/il-crimine-di-genocidio-nelle-odierne-crisi-internazionali\\\/#primaryimage\"},\"image\":{\"@id\":\"https:\\\/\\\/www.ledizioni.it\\\/prodotto\\\/il-crimine-di-genocidio-nelle-odierne-crisi-internazionali\\\/#primaryimage\"},\"thumbnailUrl\":\"https:\\\/\\\/www.ledizioni.it\\\/stag\\\/wp-content\\\/uploads\\\/2025\\\/06\\\/Zeppieri_cover-3D.jpg\",\"datePublished\":\"2025-06-24T22:00:00+00:00\",\"dateModified\":\"2025-10-28T13:46:35+00:00\",\"description\":\"Ledizioni - Innovative Publishing. Casa editrice universitaria. Open Access. eBook, ePub. Creative Commons.\",\"breadcrumb\":{\"@id\":\"https:\\\/\\\/www.ledizioni.it\\\/prodotto\\\/il-crimine-di-genocidio-nelle-odierne-crisi-internazionali\\\/#breadcrumb\"},\"inLanguage\":\"en-GB\",\"potentialAction\":[{\"@type\":\"ReadAction\",\"target\":[\"https:\\\/\\\/www.ledizioni.it\\\/prodotto\\\/il-crimine-di-genocidio-nelle-odierne-crisi-internazionali\\\/\"]}]},{\"@type\":\"ImageObject\",\"inLanguage\":\"en-GB\",\"@id\":\"https:\\\/\\\/www.ledizioni.it\\\/prodotto\\\/il-crimine-di-genocidio-nelle-odierne-crisi-internazionali\\\/#primaryimage\",\"url\":\"https:\\\/\\\/www.ledizioni.it\\\/stag\\\/wp-content\\\/uploads\\\/2025\\\/06\\\/Zeppieri_cover-3D.jpg\",\"contentUrl\":\"https:\\\/\\\/www.ledizioni.it\\\/stag\\\/wp-content\\\/uploads\\\/2025\\\/06\\\/Zeppieri_cover-3D.jpg\",\"width\":1504,\"height\":1992},{\"@type\":\"BreadcrumbList\",\"@id\":\"https:\\\/\\\/www.ledizioni.it\\\/prodotto\\\/il-crimine-di-genocidio-nelle-odierne-crisi-internazionali\\\/#breadcrumb\",\"itemListElement\":[{\"@type\":\"ListItem\",\"position\":1,\"name\":\"Shop\",\"item\":\"https:\\\/\\\/www.ledizioni.it\\\/shop-2\\\/\"},{\"@type\":\"ListItem\",\"position\":2,\"name\":\"IL CRIMINE DI GENOCIDIO NELLE ODIERNE CRISI INTERNAZIONALI\"}]},{\"@type\":\"WebSite\",\"@id\":\"https:\\\/\\\/www.ledizioni.it\\\/#website\",\"url\":\"https:\\\/\\\/www.ledizioni.it\\\/\",\"name\":\"Ledizioni\",\"description\":\"The Innovative LediPublishing Company - Casa Editrice Universitaria\",\"publisher\":{\"@id\":\"https:\\\/\\\/www.ledizioni.it\\\/#organization\"},\"potentialAction\":[{\"@type\":\"SearchAction\",\"target\":{\"@type\":\"EntryPoint\",\"urlTemplate\":\"https:\\\/\\\/www.ledizioni.it\\\/?s={search_term_string}\"},\"query-input\":{\"@type\":\"PropertyValueSpecification\",\"valueRequired\":true,\"valueName\":\"search_term_string\"}}],\"inLanguage\":\"en-GB\"},{\"@type\":\"Organization\",\"@id\":\"https:\\\/\\\/www.ledizioni.it\\\/#organization\",\"name\":\"Ledizioni\",\"url\":\"https:\\\/\\\/www.ledizioni.it\\\/\",\"logo\":{\"@type\":\"ImageObject\",\"inLanguage\":\"en-GB\",\"@id\":\"https:\\\/\\\/www.ledizioni.it\\\/#\\\/schema\\\/logo\\\/image\\\/\",\"url\":\"https:\\\/\\\/www.ledizioni.it\\\/stag\\\/wp-content\\\/uploads\\\/2023\\\/10\\\/newlogoledizioni500x110_2-1.jpg\",\"contentUrl\":\"https:\\\/\\\/www.ledizioni.it\\\/stag\\\/wp-content\\\/uploads\\\/2023\\\/10\\\/newlogoledizioni500x110_2-1.jpg\",\"width\":354,\"height\":87,\"caption\":\"Ledizioni\"},\"image\":{\"@id\":\"https:\\\/\\\/www.ledizioni.it\\\/#\\\/schema\\\/logo\\\/image\\\/\"},\"sameAs\":[\"https:\\\/\\\/www.facebook.com\\\/pages\\\/Ledizioni-LediPublishing\\\/109120559173329\",\"https:\\\/\\\/x.com\\\/ledizioni\"]}]}<\/script>\n<!-- \/ Yoast SEO plugin. -->","yoast_head_json":{"title":"IL CRIMINE DI GENOCIDIO NELLE ODIERNE CRISI INTERNAZIONALI -","description":"Ledizioni - Innovative Publishing. Casa editrice universitaria. Open Access. eBook, ePub. Creative Commons.","robots":{"index":"index","follow":"follow","max-snippet":"max-snippet:-1","max-image-preview":"max-image-preview:large","max-video-preview":"max-video-preview:-1"},"canonical":"https:\/\/www.ledizioni.it\/en\/product\/il-crimine-di-genocidio-nelle-odierne-crisi-internazionali\/","og_locale":"en_GB","og_type":"article","og_title":"IL CRIMINE DI GENOCIDIO NELLE ODIERNE CRISI INTERNAZIONALI -","og_description":"Ledizioni - Innovative Publishing. Casa editrice universitaria. Open Access. eBook, ePub. Creative Commons.","og_url":"https:\/\/www.ledizioni.it\/en\/product\/il-crimine-di-genocidio-nelle-odierne-crisi-internazionali\/","og_site_name":"Ledizioni","article_publisher":"https:\/\/www.facebook.com\/pages\/Ledizioni-LediPublishing\/109120559173329","article_modified_time":"2025-10-28T13:46:35+00:00","og_image":[{"width":1504,"height":1992,"url":"https:\/\/www.ledizioni.it\/stag\/wp-content\/uploads\/2025\/06\/Zeppieri_cover-3D.jpg","type":"image\/jpeg"}],"twitter_card":"summary_large_image","twitter_site":"@ledizioni","twitter_misc":{"Estimated reading time":"2 minutes"},"schema":{"@context":"https:\/\/schema.org","@graph":[{"@type":"WebPage","@id":"https:\/\/www.ledizioni.it\/prodotto\/il-crimine-di-genocidio-nelle-odierne-crisi-internazionali\/","url":"https:\/\/www.ledizioni.it\/prodotto\/il-crimine-di-genocidio-nelle-odierne-crisi-internazionali\/","name":"IL CRIMINE DI GENOCIDIO NELLE ODIERNE CRISI INTERNAZIONALI -","isPartOf":{"@id":"https:\/\/www.ledizioni.it\/#website"},"primaryImageOfPage":{"@id":"https:\/\/www.ledizioni.it\/prodotto\/il-crimine-di-genocidio-nelle-odierne-crisi-internazionali\/#primaryimage"},"image":{"@id":"https:\/\/www.ledizioni.it\/prodotto\/il-crimine-di-genocidio-nelle-odierne-crisi-internazionali\/#primaryimage"},"thumbnailUrl":"https:\/\/www.ledizioni.it\/stag\/wp-content\/uploads\/2025\/06\/Zeppieri_cover-3D.jpg","datePublished":"2025-06-24T22:00:00+00:00","dateModified":"2025-10-28T13:46:35+00:00","description":"Ledizioni - Innovative Publishing. Casa editrice universitaria. Open Access. eBook, ePub. Creative Commons.","breadcrumb":{"@id":"https:\/\/www.ledizioni.it\/prodotto\/il-crimine-di-genocidio-nelle-odierne-crisi-internazionali\/#breadcrumb"},"inLanguage":"en-GB","potentialAction":[{"@type":"ReadAction","target":["https:\/\/www.ledizioni.it\/prodotto\/il-crimine-di-genocidio-nelle-odierne-crisi-internazionali\/"]}]},{"@type":"ImageObject","inLanguage":"en-GB","@id":"https:\/\/www.ledizioni.it\/prodotto\/il-crimine-di-genocidio-nelle-odierne-crisi-internazionali\/#primaryimage","url":"https:\/\/www.ledizioni.it\/stag\/wp-content\/uploads\/2025\/06\/Zeppieri_cover-3D.jpg","contentUrl":"https:\/\/www.ledizioni.it\/stag\/wp-content\/uploads\/2025\/06\/Zeppieri_cover-3D.jpg","width":1504,"height":1992},{"@type":"BreadcrumbList","@id":"https:\/\/www.ledizioni.it\/prodotto\/il-crimine-di-genocidio-nelle-odierne-crisi-internazionali\/#breadcrumb","itemListElement":[{"@type":"ListItem","position":1,"name":"Shop","item":"https:\/\/www.ledizioni.it\/shop-2\/"},{"@type":"ListItem","position":2,"name":"IL CRIMINE DI GENOCIDIO NELLE ODIERNE CRISI INTERNAZIONALI"}]},{"@type":"WebSite","@id":"https:\/\/www.ledizioni.it\/#website","url":"https:\/\/www.ledizioni.it\/","name":"Ledizioni","description":"The Innovative LediPublishing Company - Casa Editrice Universitaria","publisher":{"@id":"https:\/\/www.ledizioni.it\/#organization"},"potentialAction":[{"@type":"SearchAction","target":{"@type":"EntryPoint","urlTemplate":"https:\/\/www.ledizioni.it\/?s={search_term_string}"},"query-input":{"@type":"PropertyValueSpecification","valueRequired":true,"valueName":"search_term_string"}}],"inLanguage":"en-GB"},{"@type":"Organization","@id":"https:\/\/www.ledizioni.it\/#organization","name":"Ledizioni","url":"https:\/\/www.ledizioni.it\/","logo":{"@type":"ImageObject","inLanguage":"en-GB","@id":"https:\/\/www.ledizioni.it\/#\/schema\/logo\/image\/","url":"https:\/\/www.ledizioni.it\/stag\/wp-content\/uploads\/2023\/10\/newlogoledizioni500x110_2-1.jpg","contentUrl":"https:\/\/www.ledizioni.it\/stag\/wp-content\/uploads\/2023\/10\/newlogoledizioni500x110_2-1.jpg","width":354,"height":87,"caption":"Ledizioni"},"image":{"@id":"https:\/\/www.ledizioni.it\/#\/schema\/logo\/image\/"},"sameAs":["https:\/\/www.facebook.com\/pages\/Ledizioni-LediPublishing\/109120559173329","https:\/\/x.com\/ledizioni"]}]}},"jetpack_sharing_enabled":true,"_links":{"self":[{"href":"https:\/\/www.ledizioni.it\/en\/wp-json\/wp\/v2\/product\/77595","targetHints":{"allow":["GET"]}}],"collection":[{"href":"https:\/\/www.ledizioni.it\/en\/wp-json\/wp\/v2\/product"}],"about":[{"href":"https:\/\/www.ledizioni.it\/en\/wp-json\/wp\/v2\/types\/product"}],"replies":[{"embeddable":true,"href":"https:\/\/www.ledizioni.it\/en\/wp-json\/wp\/v2\/comments?post=77595"}],"version-history":[{"count":10,"href":"https:\/\/www.ledizioni.it\/en\/wp-json\/wp\/v2\/product\/77595\/revisions"}],"predecessor-version":[{"id":78265,"href":"https:\/\/www.ledizioni.it\/en\/wp-json\/wp\/v2\/product\/77595\/revisions\/78265"}],"wp:featuredmedia":[{"embeddable":true,"href":"https:\/\/www.ledizioni.it\/en\/wp-json\/wp\/v2\/media\/77748"}],"wp:attachment":[{"href":"https:\/\/www.ledizioni.it\/en\/wp-json\/wp\/v2\/media?parent=77595"}],"wp:term":[{"taxonomy":"product_brand","embeddable":true,"href":"https:\/\/www.ledizioni.it\/en\/wp-json\/wp\/v2\/product_brand?post=77595"},{"taxonomy":"product_cat","embeddable":true,"href":"https:\/\/www.ledizioni.it\/en\/wp-json\/wp\/v2\/product_cat?post=77595"},{"taxonomy":"product_tag","embeddable":true,"href":"https:\/\/www.ledizioni.it\/en\/wp-json\/wp\/v2\/product_tag?post=77595"}],"curies":[{"name":"wp","href":"https:\/\/api.w.org\/{rel}","templated":true}]}}