{"id":77874,"date":"2025-07-02T00:00:00","date_gmt":"2025-07-01T22:00:00","guid":{"rendered":"https:\/\/www.ledizioni.it\/?post_type=product&#038;p=77874"},"modified":"2025-07-02T14:23:59","modified_gmt":"2025-07-02T12:23:59","slug":"tommaso-stigliani-dello-occhiale-opera-difensiva","status":"publish","type":"product","link":"https:\/\/www.ledizioni.it\/en\/product\/tommaso-stigliani-dello-occhiale-opera-difensiva\/","title":{"rendered":"TOMMASO STIGLIANI, DELLO OCCHIALE OPERA DIFENSIVA"},"content":{"rendered":"<div data-elementor-type=\"product-post\" data-elementor-id=\"77874\" class=\"elementor elementor-77874\" data-elementor-post-type=\"product\">\n\t\t\t\t\t\t<section class=\"elementor-section elementor-top-section elementor-element elementor-element-1b7f5bdf elementor-section-boxed elementor-section-height-default elementor-section-height-default wd-section-disabled\" data-id=\"1b7f5bdf\" data-element_type=\"section\" data-e-type=\"section\">\n\t\t\t\t\t\t<div class=\"elementor-container elementor-column-gap-default\">\n\t\t\t\t\t<div class=\"elementor-column elementor-col-100 elementor-top-column elementor-element elementor-element-658cdbd5\" data-id=\"658cdbd5\" data-element_type=\"column\" data-e-type=\"column\">\n\t\t\t<div class=\"elementor-widget-wrap elementor-element-populated\">\n\t\t\t\t\t\t<div class=\"elementor-element elementor-element-27428ed8 color-scheme-inherit text-left elementor-widget elementor-widget-text-editor\" data-id=\"27428ed8\" data-element_type=\"widget\" data-e-type=\"widget\" data-widget_type=\"text-editor.default\">\n\t\t\t\t<div class=\"elementor-widget-container\">\n\t\t\t\t\t\t\t\t\t<p style=\"text-align: justify;\">Nel 1623 Giovan Battista Marino pubblica a Parigi l&#8217;<em>Adone<\/em>. Incentrato sugli amore di Venere e Adone, il poema segna una frattura rispetto alla norma che si era sedimentata nel corso del &#8216;500 e che aveva trovato il suo culmine con l\u2019esperienza tassiana. Tommaso Stigliani, gi\u00e0 critico verso Marino a causa di una rivalit\u00e0 poetica pi\u00f9 che ventennale, compone quindi l\u2019<em>Occhiale<\/em> con l\u2019obiettivo di screditare l\u2019<em>Adone<\/em>, mostrarne gli errori poetici e metterne in discussione lo status di capolavoro che gi\u00e0 i contemporanei gli avevano attribuito. Nonostante l\u2019<em>Occhiale<\/em> incarni una visione chiusa e dogmatica della poetica, ancora pienamente cinquecentesca e non aperta al nuovo gusto del secolo, a Stigliani va riconosciuto un ruolo fondamentale nelle prime fasi di ricezione ed esegesi del poema mariniano. Il metodo adottato per la costruzione del commento al testo, basato su un costante riscontro sulle carte e sui testi, ha permesso finalmente di chiarire la genesi e le fonti dell\u2019<em>Occhiale<\/em>, restituendo pienamente l\u2019opera al suo contesto, anche attraverso il dialogo con la folta schiera di risposte scritte in difesa dell\u2019<em>Adone<\/em>. L\u2019edizione consente ora di inaugurare nuovi percorsi di studio e di approfondimento di cui possono giovarsi anche le ricerche su Marino e in particolare sull\u2019<em>Adone<\/em>: gli snodi critici messi in luce dal commento, soprattutto per i passaggi che da sempre sono considerati i pi\u00f9 problematici del poema, possono ora essere letti alla luce di nuovi dati in grado di arricchire e consolidare l\u2019ermeneutica del poema.<\/p><hr \/><p><strong>DATI BIBLIOGRAFICI<\/strong><br \/>A cura di: Federica Chiesa<br \/>Editore: Ledizioni\u00a0<br \/>Pubblicato in: giugno 2025<br \/>Collana: <a href=\"https:\/\/www.ledizioni.it\/en\/product-category\/italianistica\/bites\/\">Bit&amp;S<\/a><br \/>Formato: brossura con alette, 414 p. &#8211; PDF in OA<br \/>ISBN: 9791280391452<br \/>Prezzo: 59,00 \u20ac<\/p>\t\t\t\t\t\t\t\t<\/div>\n\t\t\t\t<\/div>\n\t\t\t\t\t<\/div>\n\t\t<\/div>\n\t\t\t\t\t<\/div>\n\t\t<\/section>\n\t\t\t\t<section class=\"elementor-section elementor-top-section elementor-element elementor-element-e18c06c elementor-section-boxed elementor-section-height-default elementor-section-height-default wd-section-disabled\" data-id=\"e18c06c\" data-element_type=\"section\" data-e-type=\"section\">\n\t\t\t\t\t\t<div class=\"elementor-container elementor-column-gap-default\">\n\t\t\t\t\t<div class=\"elementor-column elementor-col-100 elementor-top-column elementor-element elementor-element-cb37cf7\" data-id=\"cb37cf7\" data-element_type=\"column\" data-e-type=\"column\">\n\t\t\t<div class=\"elementor-widget-wrap elementor-element-populated\">\n\t\t\t\t\t\t<div class=\"elementor-element elementor-element-d7efcc0 elementor-button-danger elementor-align-center elementor-widget elementor-widget-button\" data-id=\"d7efcc0\" data-element_type=\"widget\" data-e-type=\"widget\" data-widget_type=\"button.default\">\n\t\t\t\t<div class=\"elementor-widget-container\">\n\t\t\t\t\t\t\t\t\t<div class=\"elementor-button-wrapper\">\n\t\t\t\t\t<a class=\"elementor-button elementor-button-link elementor-size-sm\" href=\"https:\/\/www.ledizioni.it\/en\/download\/78048\/\">\n\t\t\t\t\t\t<span class=\"elementor-button-content-wrapper\">\n\t\t\t\t\t\t\t\t\t<span class=\"elementor-button-text\">Scarica il PDF Open Access<\/span>\n\t\t\t\t\t<\/span>\n\t\t\t\t\t<\/a>\n\t\t\t\t<\/div>\n\t\t\t\t\t\t\t\t<\/div>\n\t\t\t\t<\/div>\n\t\t\t\t\t<\/div>\n\t\t<\/div>\n\t\t\t\t\t<\/div>\n\t\t<\/section>\n\t\t\t\t<\/div>","protected":false},"excerpt":{"rendered":"<p>Nel 1623 Giovan Battista Marino pubblica a Parigi l&#8217;Adone. Incentrato sugli amore di Venere e Adone, il poema segna una<\/p>","protected":false},"featured_media":78051,"comment_status":"open","ping_status":"closed","template":"","meta":{"_acf_changed":false},"product_brand":[],"product_cat":[2395],"product_tag":[2941,764,3384,1056,3383],"class_list":{"0":"post-77874","1":"product","2":"type-product","3":"status-publish","4":"has-post-thumbnail","6":"product_cat-bites","7":"product_tag-bites","8":"product_tag-open-access-2","9":"product_tag-poema","10":"product_tag-poesia","11":"product_tag-tommaso-stigliani","12":"pa_formato-cartaceo","13":"pa_formato-ebook-in-pdf","15":"first","16":"instock","17":"shipping-taxable","18":"purchasable","19":"product-type-variable"},"acf":[],"yoast_head":"<!-- This site is optimized with the Yoast SEO plugin v27.4 - https:\/\/yoast.com\/product\/yoast-seo-wordpress\/ -->\n<title>TOMMASO STIGLIANI, DELLO OCCHIALE OPERA DIFENSIVA -<\/title>\n<meta name=\"description\" content=\"Ledizioni - Innovative Publishing. Casa editrice universitaria. Open Access. eBook, ePub. Creative Commons.\" \/>\n<meta name=\"robots\" content=\"index, follow, max-snippet:-1, max-image-preview:large, max-video-preview:-1\" \/>\n<link rel=\"canonical\" href=\"https:\/\/www.ledizioni.it\/en\/product\/tommaso-stigliani-dello-occhiale-opera-difensiva\/\" \/>\n<meta property=\"og:locale\" content=\"en_GB\" \/>\n<meta property=\"og:type\" content=\"article\" \/>\n<meta property=\"og:title\" content=\"TOMMASO STIGLIANI, DELLO OCCHIALE OPERA DIFENSIVA -\" \/>\n<meta property=\"og:description\" content=\"Ledizioni - Innovative Publishing. Casa editrice universitaria. Open Access. eBook, ePub. Creative Commons.\" \/>\n<meta property=\"og:url\" content=\"https:\/\/www.ledizioni.it\/en\/product\/tommaso-stigliani-dello-occhiale-opera-difensiva\/\" \/>\n<meta property=\"og:site_name\" content=\"Ledizioni\" \/>\n<meta property=\"article:publisher\" content=\"https:\/\/www.facebook.com\/pages\/Ledizioni-LediPublishing\/109120559173329\" \/>\n<meta property=\"article:modified_time\" content=\"2025-07-02T12:23:59+00:00\" \/>\n<meta property=\"og:image\" content=\"https:\/\/www.ledizioni.it\/stag\/wp-content\/uploads\/2025\/07\/Stigliani-Dello-Occhiale_Cover_3D.jpg\" \/>\n\t<meta property=\"og:image:width\" content=\"1578\" \/>\n\t<meta property=\"og:image:height\" content=\"1992\" \/>\n\t<meta property=\"og:image:type\" content=\"image\/jpeg\" \/>\n<meta name=\"twitter:card\" content=\"summary_large_image\" \/>\n<meta name=\"twitter:site\" content=\"@ledizioni\" \/>\n<script type=\"application\/ld+json\" class=\"yoast-schema-graph\">{\"@context\":\"https:\\\/\\\/schema.org\",\"@graph\":[{\"@type\":\"WebPage\",\"@id\":\"https:\\\/\\\/www.ledizioni.it\\\/en\\\/product\\\/tommaso-stigliani-dello-occhiale-opera-difensiva\\\/\",\"url\":\"https:\\\/\\\/www.ledizioni.it\\\/en\\\/product\\\/tommaso-stigliani-dello-occhiale-opera-difensiva\\\/\",\"name\":\"TOMMASO STIGLIANI, DELLO OCCHIALE OPERA DIFENSIVA -\",\"isPartOf\":{\"@id\":\"https:\\\/\\\/www.ledizioni.it\\\/#website\"},\"primaryImageOfPage\":{\"@id\":\"https:\\\/\\\/www.ledizioni.it\\\/en\\\/product\\\/tommaso-stigliani-dello-occhiale-opera-difensiva\\\/#primaryimage\"},\"image\":{\"@id\":\"https:\\\/\\\/www.ledizioni.it\\\/en\\\/product\\\/tommaso-stigliani-dello-occhiale-opera-difensiva\\\/#primaryimage\"},\"thumbnailUrl\":\"https:\\\/\\\/www.ledizioni.it\\\/stag\\\/wp-content\\\/uploads\\\/2025\\\/07\\\/Stigliani-Dello-Occhiale_Cover_3D.jpg\",\"datePublished\":\"2025-07-01T22:00:00+00:00\",\"dateModified\":\"2025-07-02T12:23:59+00:00\",\"description\":\"Ledizioni - Innovative Publishing. Casa editrice universitaria. Open Access. eBook, ePub. Creative Commons.\",\"breadcrumb\":{\"@id\":\"https:\\\/\\\/www.ledizioni.it\\\/en\\\/product\\\/tommaso-stigliani-dello-occhiale-opera-difensiva\\\/#breadcrumb\"},\"inLanguage\":\"en-GB\",\"potentialAction\":[{\"@type\":\"ReadAction\",\"target\":[\"https:\\\/\\\/www.ledizioni.it\\\/en\\\/product\\\/tommaso-stigliani-dello-occhiale-opera-difensiva\\\/\"]}]},{\"@type\":\"ImageObject\",\"inLanguage\":\"en-GB\",\"@id\":\"https:\\\/\\\/www.ledizioni.it\\\/en\\\/product\\\/tommaso-stigliani-dello-occhiale-opera-difensiva\\\/#primaryimage\",\"url\":\"https:\\\/\\\/www.ledizioni.it\\\/stag\\\/wp-content\\\/uploads\\\/2025\\\/07\\\/Stigliani-Dello-Occhiale_Cover_3D.jpg\",\"contentUrl\":\"https:\\\/\\\/www.ledizioni.it\\\/stag\\\/wp-content\\\/uploads\\\/2025\\\/07\\\/Stigliani-Dello-Occhiale_Cover_3D.jpg\",\"width\":1578,\"height\":1992},{\"@type\":\"BreadcrumbList\",\"@id\":\"https:\\\/\\\/www.ledizioni.it\\\/en\\\/product\\\/tommaso-stigliani-dello-occhiale-opera-difensiva\\\/#breadcrumb\",\"itemListElement\":[{\"@type\":\"ListItem\",\"position\":1,\"name\":\"Shop\",\"item\":\"https:\\\/\\\/www.ledizioni.it\\\/shop-2\\\/\"},{\"@type\":\"ListItem\",\"position\":2,\"name\":\"TOMMASO STIGLIANI, DELLO OCCHIALE OPERA DIFENSIVA\"}]},{\"@type\":\"WebSite\",\"@id\":\"https:\\\/\\\/www.ledizioni.it\\\/#website\",\"url\":\"https:\\\/\\\/www.ledizioni.it\\\/\",\"name\":\"Ledizioni\",\"description\":\"The Innovative LediPublishing Company - Casa Editrice Universitaria\",\"publisher\":{\"@id\":\"https:\\\/\\\/www.ledizioni.it\\\/#organization\"},\"potentialAction\":[{\"@type\":\"SearchAction\",\"target\":{\"@type\":\"EntryPoint\",\"urlTemplate\":\"https:\\\/\\\/www.ledizioni.it\\\/?s={search_term_string}\"},\"query-input\":{\"@type\":\"PropertyValueSpecification\",\"valueRequired\":true,\"valueName\":\"search_term_string\"}}],\"inLanguage\":\"en-GB\"},{\"@type\":\"Organization\",\"@id\":\"https:\\\/\\\/www.ledizioni.it\\\/#organization\",\"name\":\"Ledizioni\",\"url\":\"https:\\\/\\\/www.ledizioni.it\\\/\",\"logo\":{\"@type\":\"ImageObject\",\"inLanguage\":\"en-GB\",\"@id\":\"https:\\\/\\\/www.ledizioni.it\\\/#\\\/schema\\\/logo\\\/image\\\/\",\"url\":\"https:\\\/\\\/www.ledizioni.it\\\/stag\\\/wp-content\\\/uploads\\\/2023\\\/10\\\/newlogoledizioni500x110_2-1.jpg\",\"contentUrl\":\"https:\\\/\\\/www.ledizioni.it\\\/stag\\\/wp-content\\\/uploads\\\/2023\\\/10\\\/newlogoledizioni500x110_2-1.jpg\",\"width\":354,\"height\":87,\"caption\":\"Ledizioni\"},\"image\":{\"@id\":\"https:\\\/\\\/www.ledizioni.it\\\/#\\\/schema\\\/logo\\\/image\\\/\"},\"sameAs\":[\"https:\\\/\\\/www.facebook.com\\\/pages\\\/Ledizioni-LediPublishing\\\/109120559173329\",\"https:\\\/\\\/x.com\\\/ledizioni\"]}]}<\/script>\n<!-- \/ Yoast SEO plugin. -->","yoast_head_json":{"title":"TOMMASO STIGLIANI, DELLO OCCHIALE OPERA DIFENSIVA -","description":"Ledizioni - Innovative Publishing. Casa editrice universitaria. Open Access. eBook, ePub. Creative Commons.","robots":{"index":"index","follow":"follow","max-snippet":"max-snippet:-1","max-image-preview":"max-image-preview:large","max-video-preview":"max-video-preview:-1"},"canonical":"https:\/\/www.ledizioni.it\/en\/product\/tommaso-stigliani-dello-occhiale-opera-difensiva\/","og_locale":"en_GB","og_type":"article","og_title":"TOMMASO STIGLIANI, DELLO OCCHIALE OPERA DIFENSIVA -","og_description":"Ledizioni - Innovative Publishing. Casa editrice universitaria. Open Access. eBook, ePub. Creative Commons.","og_url":"https:\/\/www.ledizioni.it\/en\/product\/tommaso-stigliani-dello-occhiale-opera-difensiva\/","og_site_name":"Ledizioni","article_publisher":"https:\/\/www.facebook.com\/pages\/Ledizioni-LediPublishing\/109120559173329","article_modified_time":"2025-07-02T12:23:59+00:00","og_image":[{"width":1578,"height":1992,"url":"https:\/\/www.ledizioni.it\/stag\/wp-content\/uploads\/2025\/07\/Stigliani-Dello-Occhiale_Cover_3D.jpg","type":"image\/jpeg"}],"twitter_card":"summary_large_image","twitter_site":"@ledizioni","schema":{"@context":"https:\/\/schema.org","@graph":[{"@type":"WebPage","@id":"https:\/\/www.ledizioni.it\/en\/product\/tommaso-stigliani-dello-occhiale-opera-difensiva\/","url":"https:\/\/www.ledizioni.it\/en\/product\/tommaso-stigliani-dello-occhiale-opera-difensiva\/","name":"TOMMASO STIGLIANI, DELLO OCCHIALE OPERA DIFENSIVA -","isPartOf":{"@id":"https:\/\/www.ledizioni.it\/#website"},"primaryImageOfPage":{"@id":"https:\/\/www.ledizioni.it\/en\/product\/tommaso-stigliani-dello-occhiale-opera-difensiva\/#primaryimage"},"image":{"@id":"https:\/\/www.ledizioni.it\/en\/product\/tommaso-stigliani-dello-occhiale-opera-difensiva\/#primaryimage"},"thumbnailUrl":"https:\/\/www.ledizioni.it\/stag\/wp-content\/uploads\/2025\/07\/Stigliani-Dello-Occhiale_Cover_3D.jpg","datePublished":"2025-07-01T22:00:00+00:00","dateModified":"2025-07-02T12:23:59+00:00","description":"Ledizioni - Innovative Publishing. Casa editrice universitaria. Open Access. eBook, ePub. Creative Commons.","breadcrumb":{"@id":"https:\/\/www.ledizioni.it\/en\/product\/tommaso-stigliani-dello-occhiale-opera-difensiva\/#breadcrumb"},"inLanguage":"en-GB","potentialAction":[{"@type":"ReadAction","target":["https:\/\/www.ledizioni.it\/en\/product\/tommaso-stigliani-dello-occhiale-opera-difensiva\/"]}]},{"@type":"ImageObject","inLanguage":"en-GB","@id":"https:\/\/www.ledizioni.it\/en\/product\/tommaso-stigliani-dello-occhiale-opera-difensiva\/#primaryimage","url":"https:\/\/www.ledizioni.it\/stag\/wp-content\/uploads\/2025\/07\/Stigliani-Dello-Occhiale_Cover_3D.jpg","contentUrl":"https:\/\/www.ledizioni.it\/stag\/wp-content\/uploads\/2025\/07\/Stigliani-Dello-Occhiale_Cover_3D.jpg","width":1578,"height":1992},{"@type":"BreadcrumbList","@id":"https:\/\/www.ledizioni.it\/en\/product\/tommaso-stigliani-dello-occhiale-opera-difensiva\/#breadcrumb","itemListElement":[{"@type":"ListItem","position":1,"name":"Shop","item":"https:\/\/www.ledizioni.it\/shop-2\/"},{"@type":"ListItem","position":2,"name":"TOMMASO STIGLIANI, DELLO OCCHIALE OPERA DIFENSIVA"}]},{"@type":"WebSite","@id":"https:\/\/www.ledizioni.it\/#website","url":"https:\/\/www.ledizioni.it\/","name":"Ledizioni","description":"The Innovative LediPublishing Company - Casa Editrice Universitaria","publisher":{"@id":"https:\/\/www.ledizioni.it\/#organization"},"potentialAction":[{"@type":"SearchAction","target":{"@type":"EntryPoint","urlTemplate":"https:\/\/www.ledizioni.it\/?s={search_term_string}"},"query-input":{"@type":"PropertyValueSpecification","valueRequired":true,"valueName":"search_term_string"}}],"inLanguage":"en-GB"},{"@type":"Organization","@id":"https:\/\/www.ledizioni.it\/#organization","name":"Ledizioni","url":"https:\/\/www.ledizioni.it\/","logo":{"@type":"ImageObject","inLanguage":"en-GB","@id":"https:\/\/www.ledizioni.it\/#\/schema\/logo\/image\/","url":"https:\/\/www.ledizioni.it\/stag\/wp-content\/uploads\/2023\/10\/newlogoledizioni500x110_2-1.jpg","contentUrl":"https:\/\/www.ledizioni.it\/stag\/wp-content\/uploads\/2023\/10\/newlogoledizioni500x110_2-1.jpg","width":354,"height":87,"caption":"Ledizioni"},"image":{"@id":"https:\/\/www.ledizioni.it\/#\/schema\/logo\/image\/"},"sameAs":["https:\/\/www.facebook.com\/pages\/Ledizioni-LediPublishing\/109120559173329","https:\/\/x.com\/ledizioni"]}]}},"jetpack_sharing_enabled":true,"_links":{"self":[{"href":"https:\/\/www.ledizioni.it\/en\/wp-json\/wp\/v2\/product\/77874","targetHints":{"allow":["GET"]}}],"collection":[{"href":"https:\/\/www.ledizioni.it\/en\/wp-json\/wp\/v2\/product"}],"about":[{"href":"https:\/\/www.ledizioni.it\/en\/wp-json\/wp\/v2\/types\/product"}],"replies":[{"embeddable":true,"href":"https:\/\/www.ledizioni.it\/en\/wp-json\/wp\/v2\/comments?post=77874"}],"version-history":[{"count":5,"href":"https:\/\/www.ledizioni.it\/en\/wp-json\/wp\/v2\/product\/77874\/revisions"}],"predecessor-version":[{"id":78058,"href":"https:\/\/www.ledizioni.it\/en\/wp-json\/wp\/v2\/product\/77874\/revisions\/78058"}],"wp:featuredmedia":[{"embeddable":true,"href":"https:\/\/www.ledizioni.it\/en\/wp-json\/wp\/v2\/media\/78051"}],"wp:attachment":[{"href":"https:\/\/www.ledizioni.it\/en\/wp-json\/wp\/v2\/media?parent=77874"}],"wp:term":[{"taxonomy":"product_brand","embeddable":true,"href":"https:\/\/www.ledizioni.it\/en\/wp-json\/wp\/v2\/product_brand?post=77874"},{"taxonomy":"product_cat","embeddable":true,"href":"https:\/\/www.ledizioni.it\/en\/wp-json\/wp\/v2\/product_cat?post=77874"},{"taxonomy":"product_tag","embeddable":true,"href":"https:\/\/www.ledizioni.it\/en\/wp-json\/wp\/v2\/product_tag?post=77874"}],"curies":[{"name":"wp","href":"https:\/\/api.w.org\/{rel}","templated":true}]}}