{"id":7794,"date":"2013-11-29T12:10:28","date_gmt":"2013-11-29T10:10:28","guid":{"rendered":"http:\/\/www.ledizioni.it\/?post_type=product&#038;p=7794"},"modified":"2021-05-28T17:51:41","modified_gmt":"2021-05-28T15:51:41","slug":"tabucchi-o-del-novecento","status":"publish","type":"product","link":"https:\/\/www.ledizioni.it\/en\/product\/tabucchi-o-del-novecento\/","title":{"rendered":"TABUCCHI O DEL NOVECENTO"},"content":{"rendered":"<p style=\"text-align: justify;\">Otto saggi e una testimonianza. Di questo \u00e8 composto <em>Tabucchi o del Novecento<\/em>, raccolta di studi e interventi con cui un gruppo di specialisti ha voluto rendere omaggio alla memoria dello scrittore, dell\u2019intellettuale e del portoghesista Antonio Tabucchi (1943-2012). L\u2019opera narrativa analizzata dalla prospettiva teorica degli italianisti o letta nelle pieghe della sua ricezione europea (in special modo, iberica), l\u2019opera traduttiva nella sua dorsale brasiliana o declinata come impraticabile autotraduzione, l\u2019opera critica dell\u2019interprete di Fernando Pessoa nelle sue rifrazioni ermeneutiche: ecco le tessere di un \u201cpossibile\u201d puzzle che prova a restituire uno dei volti \u201cpossibili\u201d dell\u2019autore di Sostiene Pereira. In appendice, il ricordo inedito di Antonio Tabucchi firmato dallo scrittore Giovanni Catelli.<\/p>\n<p style=\"text-align: justify;\"><strong>CONTRIBUTI DI<\/strong>: Vincenzo Russo (Universit\u00e0 degli Studi di Milano), William Spaggiari (Universit\u00e0 degli Studi di Milano), Alessandra Cioccarelli (Universit\u00e0 degli Studi di Milano), Isotta Piazza (Universit\u00e0 degli Studi di Milano), Davide Bigalli (Universit\u00e0 degli Studi di Milano), Danilo Manera (Universit\u00e0 degli Studi di Milano), Roberto Vecchi (Universit\u00e0 di Bologna), Roberto Mulinacci (Universit\u00e0 di Bologna), Giovanni Catelli.<\/p>\n<h3 style=\"text-align: justify;\"><strong>DATI BIBLIOGRAFICI<\/strong><\/h3>\n<p style=\"text-align: justify;\">A cura di: Russo Vincenzo<br \/>\nEditore: Ledizioni<br \/>\nCollana: <a title=\"Di\/Segni\" href=\"http:\/\/www.ledizioni.it\/en\/collane\/letteratura\/disegni\/\">Di\/Segni<\/a><br \/>\nFormato: Brossura<br \/>\nPubblicato in: Novembre 2013<br \/>\nISBN: 9788867051380 (cartaceo)<br \/>\nPrezzo cartaceo: 18,00 \u20ac<\/p>\n<p><a href=\"http:\/\/www.mondadoristore.it\/Tabucchi-o-del-Novecento-na\/eai978886705138\/?sessionToken=Zf26AcAOB4KNhxPzVxcHL1Deu9oOSNXG\" target=\"_blank\" rel=\"noopener\"><img decoding=\"async\" class=\"alignnone size-full wp-image-14398 aligncenter\" src=\"http:\/\/www.ledizioni.it\/stag\/wp-content\/uploads\/2012\/06\/red-podok.jpg\" alt=\"Pod MondadoriStore\" width=\"200\" height=\"82\" \/><\/a><\/p>\n<p><a href=\"https:\/\/www.torrossa.com\/it\/resources\/an\/3052426\"><img decoding=\"async\" class=\"aligncenter wp-image-23912\" src=\"https:\/\/www.ledizioni.it\/stag\/wp-content\/uploads\/2019\/07\/torrossa_web-150x80.jpg\" alt=\"\" width=\"200\" height=\"60\" \/><\/a><\/p>","protected":false},"excerpt":{"rendered":"<p>Otto saggi e una testimonianza. Di questo \u00e8 composto Tabucchi o del Novecento, raccolta di studi e interventi con cui<\/p>","protected":false},"featured_media":7792,"comment_status":"open","ping_status":"closed","template":"","meta":{"_acf_changed":false},"product_brand":[],"product_cat":[1080],"product_tag":[692,678,764],"class_list":{"0":"post-7794","1":"product","2":"type-product","3":"status-publish","4":"has-post-thumbnail","6":"product_cat-disegni","7":"product_tag-iberistica","8":"product_tag-novecento","9":"product_tag-open-access-2","10":"pa_formato-cartaceo","11":"pa_formato-ebook-in-pdf","12":"pa_lingua-italiano","14":"first","15":"instock","16":"featured","17":"shipping-taxable","18":"purchasable","19":"product-type-variable","20":"has-default-attributes"},"acf":[],"yoast_head":"<!-- This site is optimized with the Yoast SEO plugin v27.3 - https:\/\/yoast.com\/product\/yoast-seo-wordpress\/ -->\n<title>TABUCCHI O DEL NOVECENTO -<\/title>\n<meta name=\"description\" content=\"E&#039; una raccolta di studi in omaggio all&#039;intellettuale, portoghesista e scrittore Antonio Tabucchi (1943-2012), autore di &quot;Sostiene Pereira&quot;\" \/>\n<meta name=\"robots\" content=\"index, follow, max-snippet:-1, max-image-preview:large, max-video-preview:-1\" \/>\n<link rel=\"canonical\" href=\"https:\/\/www.ledizioni.it\/en\/product\/tabucchi-o-del-novecento\/\" \/>\n<meta property=\"og:locale\" content=\"en_GB\" \/>\n<meta property=\"og:type\" content=\"article\" \/>\n<meta property=\"og:title\" content=\"TABUCCHI O DEL NOVECENTO -\" \/>\n<meta property=\"og:description\" content=\"E&#039; una raccolta di studi in omaggio all&#039;intellettuale, portoghesista e scrittore Antonio Tabucchi (1943-2012), autore di &quot;Sostiene Pereira&quot;\" \/>\n<meta property=\"og:url\" content=\"https:\/\/www.ledizioni.it\/en\/product\/tabucchi-o-del-novecento\/\" \/>\n<meta property=\"og:site_name\" content=\"Ledizioni\" \/>\n<meta property=\"article:publisher\" content=\"https:\/\/www.facebook.com\/pages\/Ledizioni-LediPublishing\/109120559173329\" \/>\n<meta property=\"article:modified_time\" content=\"2021-05-28T15:51:41+00:00\" \/>\n<meta property=\"og:image\" content=\"https:\/\/www.ledizioni.it\/stag\/wp-content\/uploads\/2013\/11\/ledizioni.jpg\" \/>\n\t<meta property=\"og:image:width\" content=\"1397\" \/>\n\t<meta property=\"og:image:height\" content=\"1968\" \/>\n\t<meta property=\"og:image:type\" content=\"image\/jpeg\" \/>\n<meta name=\"twitter:card\" content=\"summary_large_image\" \/>\n<meta name=\"twitter:site\" content=\"@ledizioni\" \/>\n<meta name=\"twitter:label1\" content=\"Estimated reading time\" \/>\n\t<meta name=\"twitter:data1\" content=\"1 minute\" \/>\n<script type=\"application\/ld+json\" class=\"yoast-schema-graph\">{\"@context\":\"https:\\\/\\\/schema.org\",\"@graph\":[{\"@type\":\"WebPage\",\"@id\":\"https:\\\/\\\/www.ledizioni.it\\\/prodotto\\\/tabucchi-o-del-novecento\\\/\",\"url\":\"https:\\\/\\\/www.ledizioni.it\\\/prodotto\\\/tabucchi-o-del-novecento\\\/\",\"name\":\"TABUCCHI O DEL NOVECENTO -\",\"isPartOf\":{\"@id\":\"https:\\\/\\\/www.ledizioni.it\\\/#website\"},\"primaryImageOfPage\":{\"@id\":\"https:\\\/\\\/www.ledizioni.it\\\/prodotto\\\/tabucchi-o-del-novecento\\\/#primaryimage\"},\"image\":{\"@id\":\"https:\\\/\\\/www.ledizioni.it\\\/prodotto\\\/tabucchi-o-del-novecento\\\/#primaryimage\"},\"thumbnailUrl\":\"https:\\\/\\\/www.ledizioni.it\\\/stag\\\/wp-content\\\/uploads\\\/2013\\\/11\\\/ledizioni.jpg\",\"datePublished\":\"2013-11-29T10:10:28+00:00\",\"dateModified\":\"2021-05-28T15:51:41+00:00\",\"description\":\"E' una raccolta di studi in omaggio all'intellettuale, portoghesista e scrittore Antonio Tabucchi (1943-2012), autore di \\\"Sostiene Pereira\\\"\",\"breadcrumb\":{\"@id\":\"https:\\\/\\\/www.ledizioni.it\\\/prodotto\\\/tabucchi-o-del-novecento\\\/#breadcrumb\"},\"inLanguage\":\"en-GB\",\"potentialAction\":[{\"@type\":\"ReadAction\",\"target\":[\"https:\\\/\\\/www.ledizioni.it\\\/prodotto\\\/tabucchi-o-del-novecento\\\/\"]}]},{\"@type\":\"ImageObject\",\"inLanguage\":\"en-GB\",\"@id\":\"https:\\\/\\\/www.ledizioni.it\\\/prodotto\\\/tabucchi-o-del-novecento\\\/#primaryimage\",\"url\":\"https:\\\/\\\/www.ledizioni.it\\\/stag\\\/wp-content\\\/uploads\\\/2013\\\/11\\\/ledizioni.jpg\",\"contentUrl\":\"https:\\\/\\\/www.ledizioni.it\\\/stag\\\/wp-content\\\/uploads\\\/2013\\\/11\\\/ledizioni.jpg\",\"width\":1397,\"height\":1968},{\"@type\":\"BreadcrumbList\",\"@id\":\"https:\\\/\\\/www.ledizioni.it\\\/prodotto\\\/tabucchi-o-del-novecento\\\/#breadcrumb\",\"itemListElement\":[{\"@type\":\"ListItem\",\"position\":1,\"name\":\"Shop\",\"item\":\"https:\\\/\\\/www.ledizioni.it\\\/shop-2\\\/\"},{\"@type\":\"ListItem\",\"position\":2,\"name\":\"TABUCCHI O DEL NOVECENTO\"}]},{\"@type\":\"WebSite\",\"@id\":\"https:\\\/\\\/www.ledizioni.it\\\/#website\",\"url\":\"https:\\\/\\\/www.ledizioni.it\\\/\",\"name\":\"Ledizioni\",\"description\":\"The Innovative LediPublishing Company - Casa Editrice Universitaria\",\"publisher\":{\"@id\":\"https:\\\/\\\/www.ledizioni.it\\\/#organization\"},\"potentialAction\":[{\"@type\":\"SearchAction\",\"target\":{\"@type\":\"EntryPoint\",\"urlTemplate\":\"https:\\\/\\\/www.ledizioni.it\\\/?s={search_term_string}\"},\"query-input\":{\"@type\":\"PropertyValueSpecification\",\"valueRequired\":true,\"valueName\":\"search_term_string\"}}],\"inLanguage\":\"en-GB\"},{\"@type\":\"Organization\",\"@id\":\"https:\\\/\\\/www.ledizioni.it\\\/#organization\",\"name\":\"Ledizioni\",\"url\":\"https:\\\/\\\/www.ledizioni.it\\\/\",\"logo\":{\"@type\":\"ImageObject\",\"inLanguage\":\"en-GB\",\"@id\":\"https:\\\/\\\/www.ledizioni.it\\\/#\\\/schema\\\/logo\\\/image\\\/\",\"url\":\"https:\\\/\\\/www.ledizioni.it\\\/stag\\\/wp-content\\\/uploads\\\/2023\\\/10\\\/newlogoledizioni500x110_2-1.jpg\",\"contentUrl\":\"https:\\\/\\\/www.ledizioni.it\\\/stag\\\/wp-content\\\/uploads\\\/2023\\\/10\\\/newlogoledizioni500x110_2-1.jpg\",\"width\":354,\"height\":87,\"caption\":\"Ledizioni\"},\"image\":{\"@id\":\"https:\\\/\\\/www.ledizioni.it\\\/#\\\/schema\\\/logo\\\/image\\\/\"},\"sameAs\":[\"https:\\\/\\\/www.facebook.com\\\/pages\\\/Ledizioni-LediPublishing\\\/109120559173329\",\"https:\\\/\\\/x.com\\\/ledizioni\"]}]}<\/script>\n<!-- \/ Yoast SEO plugin. -->","yoast_head_json":{"title":"TABUCCHI O DEL NOVECENTO -","description":"E' una raccolta di studi in omaggio all'intellettuale, portoghesista e scrittore Antonio Tabucchi (1943-2012), autore di \"Sostiene Pereira\"","robots":{"index":"index","follow":"follow","max-snippet":"max-snippet:-1","max-image-preview":"max-image-preview:large","max-video-preview":"max-video-preview:-1"},"canonical":"https:\/\/www.ledizioni.it\/en\/product\/tabucchi-o-del-novecento\/","og_locale":"en_GB","og_type":"article","og_title":"TABUCCHI O DEL NOVECENTO -","og_description":"E' una raccolta di studi in omaggio all'intellettuale, portoghesista e scrittore Antonio Tabucchi (1943-2012), autore di \"Sostiene Pereira\"","og_url":"https:\/\/www.ledizioni.it\/en\/product\/tabucchi-o-del-novecento\/","og_site_name":"Ledizioni","article_publisher":"https:\/\/www.facebook.com\/pages\/Ledizioni-LediPublishing\/109120559173329","article_modified_time":"2021-05-28T15:51:41+00:00","og_image":[{"width":1397,"height":1968,"url":"https:\/\/www.ledizioni.it\/stag\/wp-content\/uploads\/2013\/11\/ledizioni.jpg","type":"image\/jpeg"}],"twitter_card":"summary_large_image","twitter_site":"@ledizioni","twitter_misc":{"Estimated reading time":"1 minute"},"schema":{"@context":"https:\/\/schema.org","@graph":[{"@type":"WebPage","@id":"https:\/\/www.ledizioni.it\/prodotto\/tabucchi-o-del-novecento\/","url":"https:\/\/www.ledizioni.it\/prodotto\/tabucchi-o-del-novecento\/","name":"TABUCCHI O DEL NOVECENTO -","isPartOf":{"@id":"https:\/\/www.ledizioni.it\/#website"},"primaryImageOfPage":{"@id":"https:\/\/www.ledizioni.it\/prodotto\/tabucchi-o-del-novecento\/#primaryimage"},"image":{"@id":"https:\/\/www.ledizioni.it\/prodotto\/tabucchi-o-del-novecento\/#primaryimage"},"thumbnailUrl":"https:\/\/www.ledizioni.it\/stag\/wp-content\/uploads\/2013\/11\/ledizioni.jpg","datePublished":"2013-11-29T10:10:28+00:00","dateModified":"2021-05-28T15:51:41+00:00","description":"E' una raccolta di studi in omaggio all'intellettuale, portoghesista e scrittore Antonio Tabucchi (1943-2012), autore di \"Sostiene Pereira\"","breadcrumb":{"@id":"https:\/\/www.ledizioni.it\/prodotto\/tabucchi-o-del-novecento\/#breadcrumb"},"inLanguage":"en-GB","potentialAction":[{"@type":"ReadAction","target":["https:\/\/www.ledizioni.it\/prodotto\/tabucchi-o-del-novecento\/"]}]},{"@type":"ImageObject","inLanguage":"en-GB","@id":"https:\/\/www.ledizioni.it\/prodotto\/tabucchi-o-del-novecento\/#primaryimage","url":"https:\/\/www.ledizioni.it\/stag\/wp-content\/uploads\/2013\/11\/ledizioni.jpg","contentUrl":"https:\/\/www.ledizioni.it\/stag\/wp-content\/uploads\/2013\/11\/ledizioni.jpg","width":1397,"height":1968},{"@type":"BreadcrumbList","@id":"https:\/\/www.ledizioni.it\/prodotto\/tabucchi-o-del-novecento\/#breadcrumb","itemListElement":[{"@type":"ListItem","position":1,"name":"Shop","item":"https:\/\/www.ledizioni.it\/shop-2\/"},{"@type":"ListItem","position":2,"name":"TABUCCHI O DEL NOVECENTO"}]},{"@type":"WebSite","@id":"https:\/\/www.ledizioni.it\/#website","url":"https:\/\/www.ledizioni.it\/","name":"Ledizioni","description":"The Innovative LediPublishing Company - Casa Editrice Universitaria","publisher":{"@id":"https:\/\/www.ledizioni.it\/#organization"},"potentialAction":[{"@type":"SearchAction","target":{"@type":"EntryPoint","urlTemplate":"https:\/\/www.ledizioni.it\/?s={search_term_string}"},"query-input":{"@type":"PropertyValueSpecification","valueRequired":true,"valueName":"search_term_string"}}],"inLanguage":"en-GB"},{"@type":"Organization","@id":"https:\/\/www.ledizioni.it\/#organization","name":"Ledizioni","url":"https:\/\/www.ledizioni.it\/","logo":{"@type":"ImageObject","inLanguage":"en-GB","@id":"https:\/\/www.ledizioni.it\/#\/schema\/logo\/image\/","url":"https:\/\/www.ledizioni.it\/stag\/wp-content\/uploads\/2023\/10\/newlogoledizioni500x110_2-1.jpg","contentUrl":"https:\/\/www.ledizioni.it\/stag\/wp-content\/uploads\/2023\/10\/newlogoledizioni500x110_2-1.jpg","width":354,"height":87,"caption":"Ledizioni"},"image":{"@id":"https:\/\/www.ledizioni.it\/#\/schema\/logo\/image\/"},"sameAs":["https:\/\/www.facebook.com\/pages\/Ledizioni-LediPublishing\/109120559173329","https:\/\/x.com\/ledizioni"]}]}},"jetpack_sharing_enabled":true,"_links":{"self":[{"href":"https:\/\/www.ledizioni.it\/en\/wp-json\/wp\/v2\/product\/7794","targetHints":{"allow":["GET"]}}],"collection":[{"href":"https:\/\/www.ledizioni.it\/en\/wp-json\/wp\/v2\/product"}],"about":[{"href":"https:\/\/www.ledizioni.it\/en\/wp-json\/wp\/v2\/types\/product"}],"replies":[{"embeddable":true,"href":"https:\/\/www.ledizioni.it\/en\/wp-json\/wp\/v2\/comments?post=7794"}],"version-history":[{"count":1,"href":"https:\/\/www.ledizioni.it\/en\/wp-json\/wp\/v2\/product\/7794\/revisions"}],"predecessor-version":[{"id":7804,"href":"https:\/\/www.ledizioni.it\/en\/wp-json\/wp\/v2\/product\/7794\/revisions\/7804"}],"wp:featuredmedia":[{"embeddable":true,"href":"https:\/\/www.ledizioni.it\/en\/wp-json\/wp\/v2\/media\/7792"}],"wp:attachment":[{"href":"https:\/\/www.ledizioni.it\/en\/wp-json\/wp\/v2\/media?parent=7794"}],"wp:term":[{"taxonomy":"product_brand","embeddable":true,"href":"https:\/\/www.ledizioni.it\/en\/wp-json\/wp\/v2\/product_brand?post=7794"},{"taxonomy":"product_cat","embeddable":true,"href":"https:\/\/www.ledizioni.it\/en\/wp-json\/wp\/v2\/product_cat?post=7794"},{"taxonomy":"product_tag","embeddable":true,"href":"https:\/\/www.ledizioni.it\/en\/wp-json\/wp\/v2\/product_tag?post=7794"}],"curies":[{"name":"wp","href":"https:\/\/api.w.org\/{rel}","templated":true}]}}