{"id":7797,"date":"2013-11-29T11:24:32","date_gmt":"2013-11-29T09:24:32","guid":{"rendered":"http:\/\/www.ledizioni.it\/?post_type=product&#038;p=7797"},"modified":"2021-05-28T17:52:07","modified_gmt":"2021-05-28T15:52:07","slug":"mujeres-y-emancipacion-de-la-america-latina-y-el-caribe-en-los-siglos-xix-y-xx","status":"publish","type":"product","link":"https:\/\/www.ledizioni.it\/en\/product\/mujeres-y-emancipacion-de-la-america-latina-y-el-caribe-en-los-siglos-xix-y-xx\/","title":{"rendered":"MUJERES Y EMANCIPACI\u00d3N DE LA AM\u00c9RICA LATINA Y EL CARIBE EN LOS SIGLOS XIX Y XX"},"content":{"rendered":"<p style=\"text-align: justify;\">La determinaci\u00f3n adoptada por los gobiernos de la regi\u00f3n para conmemorar el inicio de los movimientos y guerras que condujeron a la mayor parte de los pa\u00edses que hoy llamamos Latinoam\u00e9rica a alcanzar la independencia del yugo colonial, fue un acuerdo basado m\u00e1s en la coincidencia o cercan\u00eda de algunas fechas que en una simultaneidad estrictamente cronol\u00f3gica. Este volumen da cuenta de las anticipaciones, retrasos y continuidades de un proceso emancipatorio a\u00fan por completar; de la participaci\u00f3n que en \u00e9l tuvieron y tienen las mujeres, de sus liderazgos, vivencias, estrategias y perspectivas; as\u00ed como de su representaci\u00f3n por la literatura y el arte, y de su apreciaci\u00f3n por la historiograf\u00eda de m\u00e1s variada naturaleza o por quienes descubren las entretelas y la manipulaci\u00f3n de estas efem\u00e9rides. Los textos aqu\u00ed reunidos se dividen en dos secciones: la primera agrupa a los que se relacionan con distintos momentos del proceso de emancipaci\u00f3n latinoamericana y de sus mujeres; la segunda, sobre distintas escritoras italianas contempor\u00e1neas, est\u00e1 dedicada a Alba de C\u00e9spedes, autora de origen cubano que vivi\u00f3 entre Roma y Par\u00eds, y cuyo abuelo iniciara las guerras de independencia de la Isla en 1868. La valiosa concurrencia de firmas internacionales en esta miscel\u00e1nea se debe al auspicio del Programa de Estudios de la Mujer de la prestigiosa instituci\u00f3n cultural Casa de las Am\u00e9ricas de Cuba, destinado a dar visibilidad a la trayectoria hist\u00f3rica y, a las manifestaciones culturales de las mujeres latinoamericanas y caribe\u00f1as, a promover el trabajo de sus artistas y escritoras contempor\u00e1neas, as\u00ed como a discutir los temas te\u00f3ricos correspondientes, y sus contextos de producci\u00f3n y recepci\u00f3n.<\/p>\n<p style=\"text-align: justify;\"><strong>Estudios de:<\/strong> Irina Bajini, Mar\u00eda del Carmen Barcia Zequeira, Mary G. Berg, Ilaria Bonomi, Luisa Campuzano, Zaida Capote Cruz, Mar\u00eda Guadalupe Flores Grajales, Claudia Gami\u00f1o Estrada, Jorge G\u00f3mez Narado, Iledys Gonz\u00e1lez Guti\u00e9rrez Rosa Maria Grillo, Helen Hern\u00e1ndez Hormilla, Alejandra Guadalupe Hidalgo Rodr\u00edguez, Ilaria Magnani, Vivian Mart\u00ednez Tabares, Elizabeth Mirabal, Elina Miranda Cancela, Mary Yaneth Oviedo, Emilia Perassi, Graziella Pogolotti, Susanna Regazzoni, Milena Rodr\u00edguez Guti\u00e9rrez, Laura Scarabelli, Mar\u00eda del Carmen Sim\u00f3n Palmer, Alberto E. Sosa Cabanas, Gianni Turchetta,Catharina Vallejo, Nicoletta Vallorani, Yolanda Wood, Alma Delia Zamorano.<\/p>\n<h3 style=\"text-align: justify;\">DATI BIBLIOGRAFICI<\/h3>\n<p style=\"text-align: justify;\">A cura di: Irina Bajini, Luisa Campuzano y Emilia Perassi<br \/>\nEditore: Ledizioni<br \/>\nCollana: <a title=\"Di\/Segni\" href=\"http:\/\/www.ledizioni.it\/en\/collane\/letteratura\/disegni\/\">Di\/Segni<\/a><br \/>\nFormato: Brossura<br \/>\nPubblicato in: Novembre 2013<br \/>\nISBN: 9788867050741 (cartaceo)<br \/>\nPrezzo cartaceo: 24,00 \u20ac<\/p>\n<p><a href=\"http:\/\/www.mondadoristore.it\/Mujeres-y-emancipacion-de-na\/eai978886705074\/?sessionToken=jhqA6BZEEj3ert2zIMTGFAoXgHFfQO50\" target=\"_blank\" rel=\"noopener\"><img decoding=\"async\" class=\"alignnone size-full wp-image-14398 aligncenter\" src=\"http:\/\/www.ledizioni.it\/stag\/wp-content\/uploads\/2012\/06\/red-podok.jpg\" alt=\"Pod MondadoriStore\" width=\"200\" height=\"82\" \/><\/a><\/p>\n<p><a href=\"https:\/\/www.torrossa.com\/it\/resources\/an\/3037661\"><img decoding=\"async\" class=\"aligncenter wp-image-23912\" src=\"https:\/\/www.ledizioni.it\/stag\/wp-content\/uploads\/2019\/07\/torrossa_web-150x80.jpg\" alt=\"\" width=\"200\" height=\"60\" \/><\/a><\/p>","protected":false},"excerpt":{"rendered":"<p>La determinaci\u00f3n adoptada por los gobiernos de la regi\u00f3n para conmemorar el inicio de los movimientos y guerras que condujeron<\/p>","protected":false},"featured_media":7798,"comment_status":"open","ping_status":"closed","template":"","meta":{"_acf_changed":false},"product_brand":[],"product_cat":[1080],"product_tag":[686,554,1499,764,1189,781],"class_list":{"0":"post-7797","1":"product","2":"type-product","3":"status-publish","4":"has-post-thumbnail","6":"product_cat-disegni","7":"product_tag-america-latina","8":"product_tag-donne","9":"product_tag-spagnolo","10":"product_tag-open-access-2","11":"product_tag-risorse-didattiche-gratuite","12":"product_tag-studi-di-genere","13":"pa_formato-cartaceo","14":"pa_formato-ebook-in-pdf","15":"pa_lingua-spagnolo","17":"first","18":"instock","19":"featured","20":"shipping-taxable","21":"purchasable","22":"product-type-variable"},"acf":[],"yoast_head":"<!-- This site is optimized with the Yoast SEO plugin v27.4 - https:\/\/yoast.com\/product\/yoast-seo-wordpress\/ -->\n<title>MUJERES Y EMANCIPACI\u00d3N DE LA AM\u00c9RICA LATINA Y EL CARIBE EN LOS SIGLOS XIX Y XX -<\/title>\n<meta name=\"description\" content=\"Este volumen da cuenta de las anticipaciones, retrasos y continuidades de un proceso de Emancipaci\u00f3n de la Am\u00e9rica Latina y de las mujeres a\u00fan por completar.\" \/>\n<meta name=\"robots\" content=\"index, follow, max-snippet:-1, max-image-preview:large, max-video-preview:-1\" \/>\n<link rel=\"canonical\" href=\"https:\/\/www.ledizioni.it\/en\/product\/mujeres-y-emancipacion-de-la-america-latina-y-el-caribe-en-los-siglos-xix-y-xx\/\" \/>\n<meta property=\"og:locale\" content=\"en_GB\" \/>\n<meta property=\"og:type\" content=\"article\" \/>\n<meta property=\"og:title\" content=\"MUJERES Y EMANCIPACI\u00d3N DE LA AM\u00c9RICA LATINA Y EL CARIBE EN LOS SIGLOS XIX Y XX -\" \/>\n<meta property=\"og:description\" content=\"Este volumen da cuenta de las anticipaciones, retrasos y continuidades de un proceso de Emancipaci\u00f3n de la Am\u00e9rica Latina y de las mujeres a\u00fan por completar.\" \/>\n<meta property=\"og:url\" content=\"https:\/\/www.ledizioni.it\/en\/product\/mujeres-y-emancipacion-de-la-america-latina-y-el-caribe-en-los-siglos-xix-y-xx\/\" \/>\n<meta property=\"og:site_name\" content=\"Ledizioni\" \/>\n<meta property=\"article:publisher\" content=\"https:\/\/www.facebook.com\/pages\/Ledizioni-LediPublishing\/109120559173329\" \/>\n<meta property=\"article:modified_time\" content=\"2021-05-28T15:52:07+00:00\" \/>\n<meta property=\"og:image\" content=\"https:\/\/www.ledizioni.it\/stag\/wp-content\/uploads\/2013\/11\/ledizioni2.jpg\" \/>\n\t<meta property=\"og:image:width\" content=\"1368\" \/>\n\t<meta property=\"og:image:height\" content=\"1941\" \/>\n\t<meta property=\"og:image:type\" content=\"image\/jpeg\" \/>\n<meta name=\"twitter:card\" content=\"summary_large_image\" \/>\n<meta name=\"twitter:site\" content=\"@ledizioni\" \/>\n<meta name=\"twitter:label1\" content=\"Estimated reading time\" \/>\n\t<meta name=\"twitter:data1\" content=\"2 minutes\" \/>\n<script type=\"application\/ld+json\" class=\"yoast-schema-graph\">{\"@context\":\"https:\\\/\\\/schema.org\",\"@graph\":[{\"@type\":\"WebPage\",\"@id\":\"https:\\\/\\\/www.ledizioni.it\\\/prodotto\\\/mujeres-y-emancipacion-de-la-america-latina-y-el-caribe-en-los-siglos-xix-y-xx\\\/\",\"url\":\"https:\\\/\\\/www.ledizioni.it\\\/prodotto\\\/mujeres-y-emancipacion-de-la-america-latina-y-el-caribe-en-los-siglos-xix-y-xx\\\/\",\"name\":\"MUJERES Y EMANCIPACI\u00d3N DE LA AM\u00c9RICA LATINA Y EL CARIBE EN LOS SIGLOS XIX Y XX -\",\"isPartOf\":{\"@id\":\"https:\\\/\\\/www.ledizioni.it\\\/#website\"},\"primaryImageOfPage\":{\"@id\":\"https:\\\/\\\/www.ledizioni.it\\\/prodotto\\\/mujeres-y-emancipacion-de-la-america-latina-y-el-caribe-en-los-siglos-xix-y-xx\\\/#primaryimage\"},\"image\":{\"@id\":\"https:\\\/\\\/www.ledizioni.it\\\/prodotto\\\/mujeres-y-emancipacion-de-la-america-latina-y-el-caribe-en-los-siglos-xix-y-xx\\\/#primaryimage\"},\"thumbnailUrl\":\"https:\\\/\\\/www.ledizioni.it\\\/stag\\\/wp-content\\\/uploads\\\/2013\\\/11\\\/ledizioni2.jpg\",\"datePublished\":\"2013-11-29T09:24:32+00:00\",\"dateModified\":\"2021-05-28T15:52:07+00:00\",\"description\":\"Este volumen da cuenta de las anticipaciones, retrasos y continuidades de un proceso de Emancipaci\u00f3n de la Am\u00e9rica Latina y de las mujeres a\u00fan por completar.\",\"breadcrumb\":{\"@id\":\"https:\\\/\\\/www.ledizioni.it\\\/prodotto\\\/mujeres-y-emancipacion-de-la-america-latina-y-el-caribe-en-los-siglos-xix-y-xx\\\/#breadcrumb\"},\"inLanguage\":\"en-GB\",\"potentialAction\":[{\"@type\":\"ReadAction\",\"target\":[\"https:\\\/\\\/www.ledizioni.it\\\/prodotto\\\/mujeres-y-emancipacion-de-la-america-latina-y-el-caribe-en-los-siglos-xix-y-xx\\\/\"]}]},{\"@type\":\"ImageObject\",\"inLanguage\":\"en-GB\",\"@id\":\"https:\\\/\\\/www.ledizioni.it\\\/prodotto\\\/mujeres-y-emancipacion-de-la-america-latina-y-el-caribe-en-los-siglos-xix-y-xx\\\/#primaryimage\",\"url\":\"https:\\\/\\\/www.ledizioni.it\\\/stag\\\/wp-content\\\/uploads\\\/2013\\\/11\\\/ledizioni2.jpg\",\"contentUrl\":\"https:\\\/\\\/www.ledizioni.it\\\/stag\\\/wp-content\\\/uploads\\\/2013\\\/11\\\/ledizioni2.jpg\",\"width\":1368,\"height\":1941},{\"@type\":\"BreadcrumbList\",\"@id\":\"https:\\\/\\\/www.ledizioni.it\\\/prodotto\\\/mujeres-y-emancipacion-de-la-america-latina-y-el-caribe-en-los-siglos-xix-y-xx\\\/#breadcrumb\",\"itemListElement\":[{\"@type\":\"ListItem\",\"position\":1,\"name\":\"Shop\",\"item\":\"https:\\\/\\\/www.ledizioni.it\\\/shop-2\\\/\"},{\"@type\":\"ListItem\",\"position\":2,\"name\":\"MUJERES Y EMANCIPACI\u00d3N DE LA AM\u00c9RICA LATINA Y EL CARIBE EN LOS SIGLOS XIX Y XX\"}]},{\"@type\":\"WebSite\",\"@id\":\"https:\\\/\\\/www.ledizioni.it\\\/#website\",\"url\":\"https:\\\/\\\/www.ledizioni.it\\\/\",\"name\":\"Ledizioni\",\"description\":\"The Innovative LediPublishing Company - Casa Editrice Universitaria\",\"publisher\":{\"@id\":\"https:\\\/\\\/www.ledizioni.it\\\/#organization\"},\"potentialAction\":[{\"@type\":\"SearchAction\",\"target\":{\"@type\":\"EntryPoint\",\"urlTemplate\":\"https:\\\/\\\/www.ledizioni.it\\\/?s={search_term_string}\"},\"query-input\":{\"@type\":\"PropertyValueSpecification\",\"valueRequired\":true,\"valueName\":\"search_term_string\"}}],\"inLanguage\":\"en-GB\"},{\"@type\":\"Organization\",\"@id\":\"https:\\\/\\\/www.ledizioni.it\\\/#organization\",\"name\":\"Ledizioni\",\"url\":\"https:\\\/\\\/www.ledizioni.it\\\/\",\"logo\":{\"@type\":\"ImageObject\",\"inLanguage\":\"en-GB\",\"@id\":\"https:\\\/\\\/www.ledizioni.it\\\/#\\\/schema\\\/logo\\\/image\\\/\",\"url\":\"https:\\\/\\\/www.ledizioni.it\\\/stag\\\/wp-content\\\/uploads\\\/2023\\\/10\\\/newlogoledizioni500x110_2-1.jpg\",\"contentUrl\":\"https:\\\/\\\/www.ledizioni.it\\\/stag\\\/wp-content\\\/uploads\\\/2023\\\/10\\\/newlogoledizioni500x110_2-1.jpg\",\"width\":354,\"height\":87,\"caption\":\"Ledizioni\"},\"image\":{\"@id\":\"https:\\\/\\\/www.ledizioni.it\\\/#\\\/schema\\\/logo\\\/image\\\/\"},\"sameAs\":[\"https:\\\/\\\/www.facebook.com\\\/pages\\\/Ledizioni-LediPublishing\\\/109120559173329\",\"https:\\\/\\\/x.com\\\/ledizioni\"]}]}<\/script>\n<!-- \/ Yoast SEO plugin. -->","yoast_head_json":{"title":"MUJERES Y EMANCIPACI\u00d3N DE LA AM\u00c9RICA LATINA Y EL CARIBE EN LOS SIGLOS XIX Y XX -","description":"Este volumen da cuenta de las anticipaciones, retrasos y continuidades de un proceso de Emancipaci\u00f3n de la Am\u00e9rica Latina y de las mujeres a\u00fan por completar.","robots":{"index":"index","follow":"follow","max-snippet":"max-snippet:-1","max-image-preview":"max-image-preview:large","max-video-preview":"max-video-preview:-1"},"canonical":"https:\/\/www.ledizioni.it\/en\/product\/mujeres-y-emancipacion-de-la-america-latina-y-el-caribe-en-los-siglos-xix-y-xx\/","og_locale":"en_GB","og_type":"article","og_title":"MUJERES Y EMANCIPACI\u00d3N DE LA AM\u00c9RICA LATINA Y EL CARIBE EN LOS SIGLOS XIX Y XX -","og_description":"Este volumen da cuenta de las anticipaciones, retrasos y continuidades de un proceso de Emancipaci\u00f3n de la Am\u00e9rica Latina y de las mujeres a\u00fan por completar.","og_url":"https:\/\/www.ledizioni.it\/en\/product\/mujeres-y-emancipacion-de-la-america-latina-y-el-caribe-en-los-siglos-xix-y-xx\/","og_site_name":"Ledizioni","article_publisher":"https:\/\/www.facebook.com\/pages\/Ledizioni-LediPublishing\/109120559173329","article_modified_time":"2021-05-28T15:52:07+00:00","og_image":[{"width":1368,"height":1941,"url":"https:\/\/www.ledizioni.it\/stag\/wp-content\/uploads\/2013\/11\/ledizioni2.jpg","type":"image\/jpeg"}],"twitter_card":"summary_large_image","twitter_site":"@ledizioni","twitter_misc":{"Estimated reading time":"2 minutes"},"schema":{"@context":"https:\/\/schema.org","@graph":[{"@type":"WebPage","@id":"https:\/\/www.ledizioni.it\/prodotto\/mujeres-y-emancipacion-de-la-america-latina-y-el-caribe-en-los-siglos-xix-y-xx\/","url":"https:\/\/www.ledizioni.it\/prodotto\/mujeres-y-emancipacion-de-la-america-latina-y-el-caribe-en-los-siglos-xix-y-xx\/","name":"MUJERES Y EMANCIPACI\u00d3N DE LA AM\u00c9RICA LATINA Y EL CARIBE EN LOS SIGLOS XIX Y XX -","isPartOf":{"@id":"https:\/\/www.ledizioni.it\/#website"},"primaryImageOfPage":{"@id":"https:\/\/www.ledizioni.it\/prodotto\/mujeres-y-emancipacion-de-la-america-latina-y-el-caribe-en-los-siglos-xix-y-xx\/#primaryimage"},"image":{"@id":"https:\/\/www.ledizioni.it\/prodotto\/mujeres-y-emancipacion-de-la-america-latina-y-el-caribe-en-los-siglos-xix-y-xx\/#primaryimage"},"thumbnailUrl":"https:\/\/www.ledizioni.it\/stag\/wp-content\/uploads\/2013\/11\/ledizioni2.jpg","datePublished":"2013-11-29T09:24:32+00:00","dateModified":"2021-05-28T15:52:07+00:00","description":"Este volumen da cuenta de las anticipaciones, retrasos y continuidades de un proceso de Emancipaci\u00f3n de la Am\u00e9rica Latina y de las mujeres a\u00fan por completar.","breadcrumb":{"@id":"https:\/\/www.ledizioni.it\/prodotto\/mujeres-y-emancipacion-de-la-america-latina-y-el-caribe-en-los-siglos-xix-y-xx\/#breadcrumb"},"inLanguage":"en-GB","potentialAction":[{"@type":"ReadAction","target":["https:\/\/www.ledizioni.it\/prodotto\/mujeres-y-emancipacion-de-la-america-latina-y-el-caribe-en-los-siglos-xix-y-xx\/"]}]},{"@type":"ImageObject","inLanguage":"en-GB","@id":"https:\/\/www.ledizioni.it\/prodotto\/mujeres-y-emancipacion-de-la-america-latina-y-el-caribe-en-los-siglos-xix-y-xx\/#primaryimage","url":"https:\/\/www.ledizioni.it\/stag\/wp-content\/uploads\/2013\/11\/ledizioni2.jpg","contentUrl":"https:\/\/www.ledizioni.it\/stag\/wp-content\/uploads\/2013\/11\/ledizioni2.jpg","width":1368,"height":1941},{"@type":"BreadcrumbList","@id":"https:\/\/www.ledizioni.it\/prodotto\/mujeres-y-emancipacion-de-la-america-latina-y-el-caribe-en-los-siglos-xix-y-xx\/#breadcrumb","itemListElement":[{"@type":"ListItem","position":1,"name":"Shop","item":"https:\/\/www.ledizioni.it\/shop-2\/"},{"@type":"ListItem","position":2,"name":"MUJERES Y EMANCIPACI\u00d3N DE LA AM\u00c9RICA LATINA Y EL CARIBE EN LOS SIGLOS XIX Y XX"}]},{"@type":"WebSite","@id":"https:\/\/www.ledizioni.it\/#website","url":"https:\/\/www.ledizioni.it\/","name":"Ledizioni","description":"The Innovative LediPublishing Company - Casa Editrice Universitaria","publisher":{"@id":"https:\/\/www.ledizioni.it\/#organization"},"potentialAction":[{"@type":"SearchAction","target":{"@type":"EntryPoint","urlTemplate":"https:\/\/www.ledizioni.it\/?s={search_term_string}"},"query-input":{"@type":"PropertyValueSpecification","valueRequired":true,"valueName":"search_term_string"}}],"inLanguage":"en-GB"},{"@type":"Organization","@id":"https:\/\/www.ledizioni.it\/#organization","name":"Ledizioni","url":"https:\/\/www.ledizioni.it\/","logo":{"@type":"ImageObject","inLanguage":"en-GB","@id":"https:\/\/www.ledizioni.it\/#\/schema\/logo\/image\/","url":"https:\/\/www.ledizioni.it\/stag\/wp-content\/uploads\/2023\/10\/newlogoledizioni500x110_2-1.jpg","contentUrl":"https:\/\/www.ledizioni.it\/stag\/wp-content\/uploads\/2023\/10\/newlogoledizioni500x110_2-1.jpg","width":354,"height":87,"caption":"Ledizioni"},"image":{"@id":"https:\/\/www.ledizioni.it\/#\/schema\/logo\/image\/"},"sameAs":["https:\/\/www.facebook.com\/pages\/Ledizioni-LediPublishing\/109120559173329","https:\/\/x.com\/ledizioni"]}]}},"jetpack_sharing_enabled":true,"_links":{"self":[{"href":"https:\/\/www.ledizioni.it\/en\/wp-json\/wp\/v2\/product\/7797","targetHints":{"allow":["GET"]}}],"collection":[{"href":"https:\/\/www.ledizioni.it\/en\/wp-json\/wp\/v2\/product"}],"about":[{"href":"https:\/\/www.ledizioni.it\/en\/wp-json\/wp\/v2\/types\/product"}],"replies":[{"embeddable":true,"href":"https:\/\/www.ledizioni.it\/en\/wp-json\/wp\/v2\/comments?post=7797"}],"version-history":[{"count":1,"href":"https:\/\/www.ledizioni.it\/en\/wp-json\/wp\/v2\/product\/7797\/revisions"}],"predecessor-version":[{"id":7802,"href":"https:\/\/www.ledizioni.it\/en\/wp-json\/wp\/v2\/product\/7797\/revisions\/7802"}],"wp:featuredmedia":[{"embeddable":true,"href":"https:\/\/www.ledizioni.it\/en\/wp-json\/wp\/v2\/media\/7798"}],"wp:attachment":[{"href":"https:\/\/www.ledizioni.it\/en\/wp-json\/wp\/v2\/media?parent=7797"}],"wp:term":[{"taxonomy":"product_brand","embeddable":true,"href":"https:\/\/www.ledizioni.it\/en\/wp-json\/wp\/v2\/product_brand?post=7797"},{"taxonomy":"product_cat","embeddable":true,"href":"https:\/\/www.ledizioni.it\/en\/wp-json\/wp\/v2\/product_cat?post=7797"},{"taxonomy":"product_tag","embeddable":true,"href":"https:\/\/www.ledizioni.it\/en\/wp-json\/wp\/v2\/product_tag?post=7797"}],"curies":[{"name":"wp","href":"https:\/\/api.w.org\/{rel}","templated":true}]}}