{"id":7849,"date":"2013-12-20T09:18:16","date_gmt":"2013-12-20T07:18:16","guid":{"rendered":"http:\/\/www.ledizioni.it\/?post_type=product&#038;p=7849"},"modified":"2022-07-08T17:22:59","modified_gmt":"2022-07-08T15:22:59","slug":"la-guerra-troia-ottava-rima","status":"publish","type":"product","link":"https:\/\/www.ledizioni.it\/en\/product\/la-guerra-troia-ottava-rima\/","title":{"rendered":"LA GUERRA DI TROIA IN OTTAVA RIMA"},"content":{"rendered":"<p style=\"text-align: justify;\">A partire dalla met\u00e0 del Trecento, una gran parte dei temi narrativi della grande letteratura europea, ma anche molti materiali folclorici, storici e religiosi, furono tradotti in versi nelle ottave canterine. Tra i cantari antichi, databili cio\u00e8 entro il XIV secolo, la Guerra di Troia \u00e8 un esempio del tutto singolare, per le sue ampie dimensioni e per la sua dipendenza da fonti scritte. Quasi un poema, pur nelle vesti di un cantare, essa \u00e8 prova del grande impatto che ebbero, non solo presso il pubblico dei mercanti, ma anche presso uditor\u00ee pi\u00fa vasti, materie fortunatissime come quella troiana, che a partire dal <em>Roman de Troie<\/em> di Beno\u00eet de Sainte-Maure (XII secolo) si sono spinte dal centro alla periferia della letteratura romanza medievale.<\/p>\n<h3><strong><span style=\"color: #000000;\">DATI BIBLIOGRAFICI<\/span><\/strong><\/h3>\n<p>A cura di : Dario Mantovani<br \/>\nEditore: Ledizioni<br \/>\nCollana: <a title=\"Biblioteca di carte romanze\" href=\"http:\/\/www.ledizioni.it\/en\/collane\/letteratura\/biblioteca-carte-romanze\/\">Romance Papers Library<\/a><br \/>\nFormato: Brossura<br \/>\nPubblicato in: Novembre 2013<br \/>\nISBN cartaceo: 9788867051359<br \/>\nPrezzo cartaceo: 28,00 \u20ac<\/p>\n<p><a href=\"http:\/\/www.mondadoristore.it\/guerra-di-Troia-in-ottava-rima-na\/eai978886705135\/?sessionToken=ldeUJsQCDoHLVcIewCKaELcGIfL3Oluq\" target=\"_blank\" rel=\"noopener\"><img decoding=\"async\" class=\"alignnone size-full wp-image-14398 aligncenter\" src=\"http:\/\/www.ledizioni.it\/stag\/wp-content\/uploads\/2012\/06\/red-podok.jpg\" alt=\"Pod MondadoriStore\" width=\"200\" height=\"82\" \/><\/a><\/p>\n<p><a href=\"https:\/\/www.torrossa.com\/it\/resources\/an\/3040410\"><img decoding=\"async\" class=\"aligncenter wp-image-23912\" src=\"https:\/\/www.ledizioni.it\/stag\/wp-content\/uploads\/2019\/07\/torrossa_web-150x80.jpg\" alt=\"\" width=\"200\" height=\"60\" \/><\/a><\/p>","protected":false},"excerpt":{"rendered":"<p>A partire dalla met\u00e0 del Trecento, una gran parte dei temi narrativi della grande letteratura europea, ma anche molti materiali<\/p>","protected":false},"featured_media":7850,"comment_status":"open","ping_status":"closed","template":"","meta":{"_acf_changed":false},"product_brand":[],"product_cat":[705],"product_tag":[764],"class_list":{"0":"post-7849","1":"product","2":"type-product","3":"status-publish","4":"has-post-thumbnail","6":"product_cat-biblioteca-di-carte-romanze","7":"product_tag-open-access-2","8":"pa_formato-cartaceo","9":"pa_formato-ebook-in-pdf","10":"pa_lingua-italiano","12":"first","13":"instock","14":"featured","15":"shipping-taxable","16":"purchasable","17":"product-type-variable"},"acf":[],"yoast_head":"<!-- This site is optimized with the Yoast SEO plugin v27.3 - https:\/\/yoast.com\/product\/yoast-seo-wordpress\/ -->\n<title>LA GUERRA DI TROIA IN OTTAVA RIMA -<\/title>\n<meta name=\"description\" content=\"Tra i cantari antichi, databili cio\u00e8 entro il XIV secolo, la Guerra di Troia \u00e8 un esempio del tutto singolare\" \/>\n<meta name=\"robots\" content=\"index, follow, max-snippet:-1, max-image-preview:large, max-video-preview:-1\" \/>\n<link rel=\"canonical\" href=\"https:\/\/www.ledizioni.it\/en\/product\/la-guerra-troia-ottava-rima\/\" \/>\n<meta property=\"og:locale\" content=\"en_GB\" \/>\n<meta property=\"og:type\" content=\"article\" \/>\n<meta property=\"og:title\" content=\"LA GUERRA DI TROIA IN OTTAVA RIMA -\" \/>\n<meta property=\"og:description\" content=\"Tra i cantari antichi, databili cio\u00e8 entro il XIV secolo, la Guerra di Troia \u00e8 un esempio del tutto singolare\" \/>\n<meta property=\"og:url\" content=\"https:\/\/www.ledizioni.it\/en\/product\/la-guerra-troia-ottava-rima\/\" \/>\n<meta property=\"og:site_name\" content=\"Ledizioni\" \/>\n<meta property=\"article:publisher\" content=\"https:\/\/www.facebook.com\/pages\/Ledizioni-LediPublishing\/109120559173329\" \/>\n<meta property=\"article:modified_time\" content=\"2022-07-08T15:22:59+00:00\" \/>\n<meta property=\"og:image\" content=\"https:\/\/www.ledizioni.it\/stag\/wp-content\/uploads\/2013\/12\/ledizioni1.jpg\" \/>\n\t<meta property=\"og:image:width\" content=\"1391\" \/>\n\t<meta property=\"og:image:height\" content=\"1926\" \/>\n\t<meta property=\"og:image:type\" content=\"image\/jpeg\" \/>\n<meta name=\"twitter:card\" content=\"summary_large_image\" \/>\n<meta name=\"twitter:site\" content=\"@ledizioni\" \/>\n<meta name=\"twitter:label1\" content=\"Estimated reading time\" \/>\n\t<meta name=\"twitter:data1\" content=\"1 minute\" \/>\n<script type=\"application\/ld+json\" class=\"yoast-schema-graph\">{\"@context\":\"https:\\\/\\\/schema.org\",\"@graph\":[{\"@type\":\"WebPage\",\"@id\":\"https:\\\/\\\/www.ledizioni.it\\\/prodotto\\\/la-guerra-troia-ottava-rima\\\/\",\"url\":\"https:\\\/\\\/www.ledizioni.it\\\/prodotto\\\/la-guerra-troia-ottava-rima\\\/\",\"name\":\"LA GUERRA DI TROIA IN OTTAVA RIMA -\",\"isPartOf\":{\"@id\":\"https:\\\/\\\/www.ledizioni.it\\\/#website\"},\"primaryImageOfPage\":{\"@id\":\"https:\\\/\\\/www.ledizioni.it\\\/prodotto\\\/la-guerra-troia-ottava-rima\\\/#primaryimage\"},\"image\":{\"@id\":\"https:\\\/\\\/www.ledizioni.it\\\/prodotto\\\/la-guerra-troia-ottava-rima\\\/#primaryimage\"},\"thumbnailUrl\":\"https:\\\/\\\/www.ledizioni.it\\\/stag\\\/wp-content\\\/uploads\\\/2013\\\/12\\\/ledizioni1.jpg\",\"datePublished\":\"2013-12-20T07:18:16+00:00\",\"dateModified\":\"2022-07-08T15:22:59+00:00\",\"description\":\"Tra i cantari antichi, databili cio\u00e8 entro il XIV secolo, la Guerra di Troia \u00e8 un esempio del tutto singolare\",\"breadcrumb\":{\"@id\":\"https:\\\/\\\/www.ledizioni.it\\\/prodotto\\\/la-guerra-troia-ottava-rima\\\/#breadcrumb\"},\"inLanguage\":\"en-GB\",\"potentialAction\":[{\"@type\":\"ReadAction\",\"target\":[\"https:\\\/\\\/www.ledizioni.it\\\/prodotto\\\/la-guerra-troia-ottava-rima\\\/\"]}]},{\"@type\":\"ImageObject\",\"inLanguage\":\"en-GB\",\"@id\":\"https:\\\/\\\/www.ledizioni.it\\\/prodotto\\\/la-guerra-troia-ottava-rima\\\/#primaryimage\",\"url\":\"https:\\\/\\\/www.ledizioni.it\\\/stag\\\/wp-content\\\/uploads\\\/2013\\\/12\\\/ledizioni1.jpg\",\"contentUrl\":\"https:\\\/\\\/www.ledizioni.it\\\/stag\\\/wp-content\\\/uploads\\\/2013\\\/12\\\/ledizioni1.jpg\",\"width\":1391,\"height\":1926},{\"@type\":\"BreadcrumbList\",\"@id\":\"https:\\\/\\\/www.ledizioni.it\\\/prodotto\\\/la-guerra-troia-ottava-rima\\\/#breadcrumb\",\"itemListElement\":[{\"@type\":\"ListItem\",\"position\":1,\"name\":\"Shop\",\"item\":\"https:\\\/\\\/www.ledizioni.it\\\/shop-2\\\/\"},{\"@type\":\"ListItem\",\"position\":2,\"name\":\"LA GUERRA DI TROIA IN OTTAVA RIMA\"}]},{\"@type\":\"WebSite\",\"@id\":\"https:\\\/\\\/www.ledizioni.it\\\/#website\",\"url\":\"https:\\\/\\\/www.ledizioni.it\\\/\",\"name\":\"Ledizioni\",\"description\":\"The Innovative LediPublishing Company - Casa Editrice Universitaria\",\"publisher\":{\"@id\":\"https:\\\/\\\/www.ledizioni.it\\\/#organization\"},\"potentialAction\":[{\"@type\":\"SearchAction\",\"target\":{\"@type\":\"EntryPoint\",\"urlTemplate\":\"https:\\\/\\\/www.ledizioni.it\\\/?s={search_term_string}\"},\"query-input\":{\"@type\":\"PropertyValueSpecification\",\"valueRequired\":true,\"valueName\":\"search_term_string\"}}],\"inLanguage\":\"en-GB\"},{\"@type\":\"Organization\",\"@id\":\"https:\\\/\\\/www.ledizioni.it\\\/#organization\",\"name\":\"Ledizioni\",\"url\":\"https:\\\/\\\/www.ledizioni.it\\\/\",\"logo\":{\"@type\":\"ImageObject\",\"inLanguage\":\"en-GB\",\"@id\":\"https:\\\/\\\/www.ledizioni.it\\\/#\\\/schema\\\/logo\\\/image\\\/\",\"url\":\"https:\\\/\\\/www.ledizioni.it\\\/stag\\\/wp-content\\\/uploads\\\/2023\\\/10\\\/newlogoledizioni500x110_2-1.jpg\",\"contentUrl\":\"https:\\\/\\\/www.ledizioni.it\\\/stag\\\/wp-content\\\/uploads\\\/2023\\\/10\\\/newlogoledizioni500x110_2-1.jpg\",\"width\":354,\"height\":87,\"caption\":\"Ledizioni\"},\"image\":{\"@id\":\"https:\\\/\\\/www.ledizioni.it\\\/#\\\/schema\\\/logo\\\/image\\\/\"},\"sameAs\":[\"https:\\\/\\\/www.facebook.com\\\/pages\\\/Ledizioni-LediPublishing\\\/109120559173329\",\"https:\\\/\\\/x.com\\\/ledizioni\"]}]}<\/script>\n<!-- \/ Yoast SEO plugin. -->","yoast_head_json":{"title":"LA GUERRA DI TROIA IN OTTAVA RIMA -","description":"Tra i cantari antichi, databili cio\u00e8 entro il XIV secolo, la Guerra di Troia \u00e8 un esempio del tutto singolare","robots":{"index":"index","follow":"follow","max-snippet":"max-snippet:-1","max-image-preview":"max-image-preview:large","max-video-preview":"max-video-preview:-1"},"canonical":"https:\/\/www.ledizioni.it\/en\/product\/la-guerra-troia-ottava-rima\/","og_locale":"en_GB","og_type":"article","og_title":"LA GUERRA DI TROIA IN OTTAVA RIMA -","og_description":"Tra i cantari antichi, databili cio\u00e8 entro il XIV secolo, la Guerra di Troia \u00e8 un esempio del tutto singolare","og_url":"https:\/\/www.ledizioni.it\/en\/product\/la-guerra-troia-ottava-rima\/","og_site_name":"Ledizioni","article_publisher":"https:\/\/www.facebook.com\/pages\/Ledizioni-LediPublishing\/109120559173329","article_modified_time":"2022-07-08T15:22:59+00:00","og_image":[{"width":1391,"height":1926,"url":"https:\/\/www.ledizioni.it\/stag\/wp-content\/uploads\/2013\/12\/ledizioni1.jpg","type":"image\/jpeg"}],"twitter_card":"summary_large_image","twitter_site":"@ledizioni","twitter_misc":{"Estimated reading time":"1 minute"},"schema":{"@context":"https:\/\/schema.org","@graph":[{"@type":"WebPage","@id":"https:\/\/www.ledizioni.it\/prodotto\/la-guerra-troia-ottava-rima\/","url":"https:\/\/www.ledizioni.it\/prodotto\/la-guerra-troia-ottava-rima\/","name":"LA GUERRA DI TROIA IN OTTAVA RIMA -","isPartOf":{"@id":"https:\/\/www.ledizioni.it\/#website"},"primaryImageOfPage":{"@id":"https:\/\/www.ledizioni.it\/prodotto\/la-guerra-troia-ottava-rima\/#primaryimage"},"image":{"@id":"https:\/\/www.ledizioni.it\/prodotto\/la-guerra-troia-ottava-rima\/#primaryimage"},"thumbnailUrl":"https:\/\/www.ledizioni.it\/stag\/wp-content\/uploads\/2013\/12\/ledizioni1.jpg","datePublished":"2013-12-20T07:18:16+00:00","dateModified":"2022-07-08T15:22:59+00:00","description":"Tra i cantari antichi, databili cio\u00e8 entro il XIV secolo, la Guerra di Troia \u00e8 un esempio del tutto singolare","breadcrumb":{"@id":"https:\/\/www.ledizioni.it\/prodotto\/la-guerra-troia-ottava-rima\/#breadcrumb"},"inLanguage":"en-GB","potentialAction":[{"@type":"ReadAction","target":["https:\/\/www.ledizioni.it\/prodotto\/la-guerra-troia-ottava-rima\/"]}]},{"@type":"ImageObject","inLanguage":"en-GB","@id":"https:\/\/www.ledizioni.it\/prodotto\/la-guerra-troia-ottava-rima\/#primaryimage","url":"https:\/\/www.ledizioni.it\/stag\/wp-content\/uploads\/2013\/12\/ledizioni1.jpg","contentUrl":"https:\/\/www.ledizioni.it\/stag\/wp-content\/uploads\/2013\/12\/ledizioni1.jpg","width":1391,"height":1926},{"@type":"BreadcrumbList","@id":"https:\/\/www.ledizioni.it\/prodotto\/la-guerra-troia-ottava-rima\/#breadcrumb","itemListElement":[{"@type":"ListItem","position":1,"name":"Shop","item":"https:\/\/www.ledizioni.it\/shop-2\/"},{"@type":"ListItem","position":2,"name":"LA GUERRA DI TROIA IN OTTAVA RIMA"}]},{"@type":"WebSite","@id":"https:\/\/www.ledizioni.it\/#website","url":"https:\/\/www.ledizioni.it\/","name":"Ledizioni","description":"The Innovative LediPublishing Company - Casa Editrice Universitaria","publisher":{"@id":"https:\/\/www.ledizioni.it\/#organization"},"potentialAction":[{"@type":"SearchAction","target":{"@type":"EntryPoint","urlTemplate":"https:\/\/www.ledizioni.it\/?s={search_term_string}"},"query-input":{"@type":"PropertyValueSpecification","valueRequired":true,"valueName":"search_term_string"}}],"inLanguage":"en-GB"},{"@type":"Organization","@id":"https:\/\/www.ledizioni.it\/#organization","name":"Ledizioni","url":"https:\/\/www.ledizioni.it\/","logo":{"@type":"ImageObject","inLanguage":"en-GB","@id":"https:\/\/www.ledizioni.it\/#\/schema\/logo\/image\/","url":"https:\/\/www.ledizioni.it\/stag\/wp-content\/uploads\/2023\/10\/newlogoledizioni500x110_2-1.jpg","contentUrl":"https:\/\/www.ledizioni.it\/stag\/wp-content\/uploads\/2023\/10\/newlogoledizioni500x110_2-1.jpg","width":354,"height":87,"caption":"Ledizioni"},"image":{"@id":"https:\/\/www.ledizioni.it\/#\/schema\/logo\/image\/"},"sameAs":["https:\/\/www.facebook.com\/pages\/Ledizioni-LediPublishing\/109120559173329","https:\/\/x.com\/ledizioni"]}]}},"jetpack_sharing_enabled":true,"_links":{"self":[{"href":"https:\/\/www.ledizioni.it\/en\/wp-json\/wp\/v2\/product\/7849","targetHints":{"allow":["GET"]}}],"collection":[{"href":"https:\/\/www.ledizioni.it\/en\/wp-json\/wp\/v2\/product"}],"about":[{"href":"https:\/\/www.ledizioni.it\/en\/wp-json\/wp\/v2\/types\/product"}],"replies":[{"embeddable":true,"href":"https:\/\/www.ledizioni.it\/en\/wp-json\/wp\/v2\/comments?post=7849"}],"version-history":[{"count":0,"href":"https:\/\/www.ledizioni.it\/en\/wp-json\/wp\/v2\/product\/7849\/revisions"}],"wp:featuredmedia":[{"embeddable":true,"href":"https:\/\/www.ledizioni.it\/en\/wp-json\/wp\/v2\/media\/7850"}],"wp:attachment":[{"href":"https:\/\/www.ledizioni.it\/en\/wp-json\/wp\/v2\/media?parent=7849"}],"wp:term":[{"taxonomy":"product_brand","embeddable":true,"href":"https:\/\/www.ledizioni.it\/en\/wp-json\/wp\/v2\/product_brand?post=7849"},{"taxonomy":"product_cat","embeddable":true,"href":"https:\/\/www.ledizioni.it\/en\/wp-json\/wp\/v2\/product_cat?post=7849"},{"taxonomy":"product_tag","embeddable":true,"href":"https:\/\/www.ledizioni.it\/en\/wp-json\/wp\/v2\/product_tag?post=7849"}],"curies":[{"name":"wp","href":"https:\/\/api.w.org\/{rel}","templated":true}]}}