{"id":80158,"date":"2025-10-03T00:00:00","date_gmt":"2025-10-02T22:00:00","guid":{"rendered":"https:\/\/www.ledizioni.it\/?post_type=product&#038;p=80158"},"modified":"2025-10-28T10:44:38","modified_gmt":"2025-10-28T08:44:38","slug":"distopie-avverate","status":"publish","type":"product","link":"https:\/\/www.ledizioni.it\/en\/product\/distopie-avverate\/","title":{"rendered":"DISTOPIE AVVERATE"},"content":{"rendered":"<p style=\"text-align: justify;\">E se le peggiori distopie non fossero pi\u00f9 finzione?<\/p>\n<p style=\"text-align: justify;\">Sorveglianza pervasiva, manipolazione algoritmica, reputazione come valuta sociale, amore sintetico, prevenzione dei crimini, controllo dei corpi. Da <em>1984 <\/em>a <em>Black Mirror<\/em>, molte delle distopie che ci sembravano iperboli letterarie o provocazioni futuristiche sono diventate parte integrante del nostro presente.<br \/>\nQuesto libro esplora dieci scenari narrativi, nati come scenari fantascientifici e oggi trasformati in realt\u00e0 quotidiane.<br \/>\nCon un linguaggio chiaro ma rigoroso, ogni capitolo intreccia l&#8217;analisi di un&#8217;opera distopica con una ricognizione documentata delle sue realizzazioni nel mondo contemporaneo. li risultato \u00e8 un viaggio attraverso il lato oscuro del progresso tecnologico, dove la libert\u00e0 si dissolve nel consenso, la verit\u00e0 vacilla sotto il peso della disinformazione, e l&#8217;identit\u00e0 si frammenta nell&#8217;economia dell&#8217;attenzione.<br \/>\nUn saggio lucido, inquietante e necessario, che non si limita a denunciare la distopia realizzata, ma invita alla consapevolezza come primo atto di resistenza.<\/p>\n<hr \/>\n<p><strong>DATI BIBLIOGRAFICI<\/strong><br \/>\nAutore: Fiorenzo Pilla<br \/>\nEditore: Ledizioni<br \/>\nPubblicato in: ottobre 2025<br \/>\nCollana: <a href=\"https:\/\/www.ledizioni.it\/en\/product-category\/politica\/technology-and-society\/\">Technology and Society<\/a><br \/>\nFormato: brossura, 175 p. &#8211; ePub<br \/>\nISBN cartaceo: 9791256004546<br \/>\nISBN ePub: 9791256004553<br \/>\nPrezzo cartaceo: 18,00 \u20ac<br \/>\nPrezzo ePub: 8,99 \u20ac<\/p>\n<p><iframe title=\"&quot;Distopie avverate. Da 1984 a Black Mirror, 10 scenari distopici divenuti realt\u00e0&quot; di Fiorenzo Pilla\" width=\"500\" height=\"281\" src=\"https:\/\/www.youtube.com\/embed\/o9U_8cXjRYY?feature=oembed\" frameborder=\"0\" allow=\"accelerometer; autoplay; clipboard-write; encrypted-media; gyroscope; picture-in-picture; web-share\" referrerpolicy=\"strict-origin-when-cross-origin\" allowfullscreen><\/iframe><\/p>","protected":false},"excerpt":{"rendered":"<p>E se le peggiori distopie non fossero pi\u00f9 finzione? Sorveglianza pervasiva, manipolazione algoritmica, reputazione come valuta sociale, amore sintetico, prevenzione<\/p>","protected":false},"featured_media":80259,"comment_status":"closed","ping_status":"closed","template":"","meta":{"_acf_changed":false},"product_brand":[],"product_cat":[392],"product_tag":[3051,2043,2686,1018],"class_list":{"0":"post-80158","1":"product","2":"type-product","3":"status-publish","4":"has-post-thumbnail","6":"product_cat-technology-and-society","7":"product_tag-distopia","8":"product_tag-fantascienza","9":"product_tag-ia","10":"product_tag-tecnologia","11":"pa_formato-cartaceo","12":"pa_formato-ebook-in-epub","14":"first","15":"instock","16":"featured","17":"shipping-taxable","18":"purchasable","19":"product-type-variable"},"acf":[],"yoast_head":"<!-- This site is optimized with the Yoast SEO plugin v27.4 - https:\/\/yoast.com\/product\/yoast-seo-wordpress\/ -->\n<title>DISTOPIE AVVERATE -<\/title>\n<meta name=\"description\" content=\"Ledizioni - Innovative Publishing. Casa editrice universitaria. Open Access. eBook, ePub. Creative Commons.\" \/>\n<meta name=\"robots\" content=\"index, follow, max-snippet:-1, max-image-preview:large, max-video-preview:-1\" \/>\n<link rel=\"canonical\" href=\"https:\/\/www.ledizioni.it\/en\/product\/distopie-avverate\/\" \/>\n<meta property=\"og:locale\" content=\"en_GB\" \/>\n<meta property=\"og:type\" content=\"article\" \/>\n<meta property=\"og:title\" content=\"DISTOPIE AVVERATE -\" \/>\n<meta property=\"og:description\" content=\"Ledizioni - Innovative Publishing. Casa editrice universitaria. Open Access. eBook, ePub. Creative Commons.\" \/>\n<meta property=\"og:url\" content=\"https:\/\/www.ledizioni.it\/en\/product\/distopie-avverate\/\" \/>\n<meta property=\"og:site_name\" content=\"Ledizioni\" \/>\n<meta property=\"article:publisher\" content=\"https:\/\/www.facebook.com\/pages\/Ledizioni-LediPublishing\/109120559173329\" \/>\n<meta property=\"article:modified_time\" content=\"2025-10-28T08:44:38+00:00\" \/>\n<meta property=\"og:image\" content=\"https:\/\/www.ledizioni.it\/stag\/wp-content\/uploads\/2025\/10\/DISTOPIE-COVER-3D.jpg\" \/>\n\t<meta property=\"og:image:width\" content=\"1474\" \/>\n\t<meta property=\"og:image:height\" content=\"1876\" \/>\n\t<meta property=\"og:image:type\" content=\"image\/jpeg\" \/>\n<meta name=\"twitter:card\" content=\"summary_large_image\" \/>\n<meta name=\"twitter:site\" content=\"@ledizioni\" \/>\n<meta name=\"twitter:label1\" content=\"Estimated reading time\" \/>\n\t<meta name=\"twitter:data1\" content=\"2 minutes\" \/>\n<script type=\"application\/ld+json\" class=\"yoast-schema-graph\">{\"@context\":\"https:\\\/\\\/schema.org\",\"@graph\":[{\"@type\":\"WebPage\",\"@id\":\"https:\\\/\\\/www.ledizioni.it\\\/prodotto\\\/distopie-avverate\\\/\",\"url\":\"https:\\\/\\\/www.ledizioni.it\\\/prodotto\\\/distopie-avverate\\\/\",\"name\":\"DISTOPIE AVVERATE -\",\"isPartOf\":{\"@id\":\"https:\\\/\\\/www.ledizioni.it\\\/#website\"},\"primaryImageOfPage\":{\"@id\":\"https:\\\/\\\/www.ledizioni.it\\\/prodotto\\\/distopie-avverate\\\/#primaryimage\"},\"image\":{\"@id\":\"https:\\\/\\\/www.ledizioni.it\\\/prodotto\\\/distopie-avverate\\\/#primaryimage\"},\"thumbnailUrl\":\"https:\\\/\\\/www.ledizioni.it\\\/stag\\\/wp-content\\\/uploads\\\/2025\\\/10\\\/DISTOPIE-COVER-3D.jpg\",\"datePublished\":\"2025-10-02T22:00:00+00:00\",\"dateModified\":\"2025-10-28T08:44:38+00:00\",\"description\":\"Ledizioni - Innovative Publishing. Casa editrice universitaria. Open Access. eBook, ePub. Creative Commons.\",\"breadcrumb\":{\"@id\":\"https:\\\/\\\/www.ledizioni.it\\\/prodotto\\\/distopie-avverate\\\/#breadcrumb\"},\"inLanguage\":\"en-GB\",\"potentialAction\":[{\"@type\":\"ReadAction\",\"target\":[\"https:\\\/\\\/www.ledizioni.it\\\/prodotto\\\/distopie-avverate\\\/\"]}]},{\"@type\":\"ImageObject\",\"inLanguage\":\"en-GB\",\"@id\":\"https:\\\/\\\/www.ledizioni.it\\\/prodotto\\\/distopie-avverate\\\/#primaryimage\",\"url\":\"https:\\\/\\\/www.ledizioni.it\\\/stag\\\/wp-content\\\/uploads\\\/2025\\\/10\\\/DISTOPIE-COVER-3D.jpg\",\"contentUrl\":\"https:\\\/\\\/www.ledizioni.it\\\/stag\\\/wp-content\\\/uploads\\\/2025\\\/10\\\/DISTOPIE-COVER-3D.jpg\",\"width\":1474,\"height\":1876},{\"@type\":\"BreadcrumbList\",\"@id\":\"https:\\\/\\\/www.ledizioni.it\\\/prodotto\\\/distopie-avverate\\\/#breadcrumb\",\"itemListElement\":[{\"@type\":\"ListItem\",\"position\":1,\"name\":\"Shop\",\"item\":\"https:\\\/\\\/www.ledizioni.it\\\/shop-2\\\/\"},{\"@type\":\"ListItem\",\"position\":2,\"name\":\"DISTOPIE AVVERATE\"}]},{\"@type\":\"WebSite\",\"@id\":\"https:\\\/\\\/www.ledizioni.it\\\/#website\",\"url\":\"https:\\\/\\\/www.ledizioni.it\\\/\",\"name\":\"Ledizioni\",\"description\":\"The Innovative LediPublishing Company - Casa Editrice Universitaria\",\"publisher\":{\"@id\":\"https:\\\/\\\/www.ledizioni.it\\\/#organization\"},\"potentialAction\":[{\"@type\":\"SearchAction\",\"target\":{\"@type\":\"EntryPoint\",\"urlTemplate\":\"https:\\\/\\\/www.ledizioni.it\\\/?s={search_term_string}\"},\"query-input\":{\"@type\":\"PropertyValueSpecification\",\"valueRequired\":true,\"valueName\":\"search_term_string\"}}],\"inLanguage\":\"en-GB\"},{\"@type\":\"Organization\",\"@id\":\"https:\\\/\\\/www.ledizioni.it\\\/#organization\",\"name\":\"Ledizioni\",\"url\":\"https:\\\/\\\/www.ledizioni.it\\\/\",\"logo\":{\"@type\":\"ImageObject\",\"inLanguage\":\"en-GB\",\"@id\":\"https:\\\/\\\/www.ledizioni.it\\\/#\\\/schema\\\/logo\\\/image\\\/\",\"url\":\"https:\\\/\\\/www.ledizioni.it\\\/stag\\\/wp-content\\\/uploads\\\/2023\\\/10\\\/newlogoledizioni500x110_2-1.jpg\",\"contentUrl\":\"https:\\\/\\\/www.ledizioni.it\\\/stag\\\/wp-content\\\/uploads\\\/2023\\\/10\\\/newlogoledizioni500x110_2-1.jpg\",\"width\":354,\"height\":87,\"caption\":\"Ledizioni\"},\"image\":{\"@id\":\"https:\\\/\\\/www.ledizioni.it\\\/#\\\/schema\\\/logo\\\/image\\\/\"},\"sameAs\":[\"https:\\\/\\\/www.facebook.com\\\/pages\\\/Ledizioni-LediPublishing\\\/109120559173329\",\"https:\\\/\\\/x.com\\\/ledizioni\"]}]}<\/script>\n<!-- \/ Yoast SEO plugin. -->","yoast_head_json":{"title":"DISTOPIE AVVERATE -","description":"Ledizioni - Innovative Publishing. Casa editrice universitaria. Open Access. eBook, ePub. Creative Commons.","robots":{"index":"index","follow":"follow","max-snippet":"max-snippet:-1","max-image-preview":"max-image-preview:large","max-video-preview":"max-video-preview:-1"},"canonical":"https:\/\/www.ledizioni.it\/en\/product\/distopie-avverate\/","og_locale":"en_GB","og_type":"article","og_title":"DISTOPIE AVVERATE -","og_description":"Ledizioni - Innovative Publishing. Casa editrice universitaria. Open Access. eBook, ePub. Creative Commons.","og_url":"https:\/\/www.ledizioni.it\/en\/product\/distopie-avverate\/","og_site_name":"Ledizioni","article_publisher":"https:\/\/www.facebook.com\/pages\/Ledizioni-LediPublishing\/109120559173329","article_modified_time":"2025-10-28T08:44:38+00:00","og_image":[{"width":1474,"height":1876,"url":"https:\/\/www.ledizioni.it\/stag\/wp-content\/uploads\/2025\/10\/DISTOPIE-COVER-3D.jpg","type":"image\/jpeg"}],"twitter_card":"summary_large_image","twitter_site":"@ledizioni","twitter_misc":{"Estimated reading time":"2 minutes"},"schema":{"@context":"https:\/\/schema.org","@graph":[{"@type":"WebPage","@id":"https:\/\/www.ledizioni.it\/prodotto\/distopie-avverate\/","url":"https:\/\/www.ledizioni.it\/prodotto\/distopie-avverate\/","name":"DISTOPIE AVVERATE -","isPartOf":{"@id":"https:\/\/www.ledizioni.it\/#website"},"primaryImageOfPage":{"@id":"https:\/\/www.ledizioni.it\/prodotto\/distopie-avverate\/#primaryimage"},"image":{"@id":"https:\/\/www.ledizioni.it\/prodotto\/distopie-avverate\/#primaryimage"},"thumbnailUrl":"https:\/\/www.ledizioni.it\/stag\/wp-content\/uploads\/2025\/10\/DISTOPIE-COVER-3D.jpg","datePublished":"2025-10-02T22:00:00+00:00","dateModified":"2025-10-28T08:44:38+00:00","description":"Ledizioni - Innovative Publishing. Casa editrice universitaria. Open Access. eBook, ePub. Creative Commons.","breadcrumb":{"@id":"https:\/\/www.ledizioni.it\/prodotto\/distopie-avverate\/#breadcrumb"},"inLanguage":"en-GB","potentialAction":[{"@type":"ReadAction","target":["https:\/\/www.ledizioni.it\/prodotto\/distopie-avverate\/"]}]},{"@type":"ImageObject","inLanguage":"en-GB","@id":"https:\/\/www.ledizioni.it\/prodotto\/distopie-avverate\/#primaryimage","url":"https:\/\/www.ledizioni.it\/stag\/wp-content\/uploads\/2025\/10\/DISTOPIE-COVER-3D.jpg","contentUrl":"https:\/\/www.ledizioni.it\/stag\/wp-content\/uploads\/2025\/10\/DISTOPIE-COVER-3D.jpg","width":1474,"height":1876},{"@type":"BreadcrumbList","@id":"https:\/\/www.ledizioni.it\/prodotto\/distopie-avverate\/#breadcrumb","itemListElement":[{"@type":"ListItem","position":1,"name":"Shop","item":"https:\/\/www.ledizioni.it\/shop-2\/"},{"@type":"ListItem","position":2,"name":"DISTOPIE AVVERATE"}]},{"@type":"WebSite","@id":"https:\/\/www.ledizioni.it\/#website","url":"https:\/\/www.ledizioni.it\/","name":"Ledizioni","description":"The Innovative LediPublishing Company - Casa Editrice Universitaria","publisher":{"@id":"https:\/\/www.ledizioni.it\/#organization"},"potentialAction":[{"@type":"SearchAction","target":{"@type":"EntryPoint","urlTemplate":"https:\/\/www.ledizioni.it\/?s={search_term_string}"},"query-input":{"@type":"PropertyValueSpecification","valueRequired":true,"valueName":"search_term_string"}}],"inLanguage":"en-GB"},{"@type":"Organization","@id":"https:\/\/www.ledizioni.it\/#organization","name":"Ledizioni","url":"https:\/\/www.ledizioni.it\/","logo":{"@type":"ImageObject","inLanguage":"en-GB","@id":"https:\/\/www.ledizioni.it\/#\/schema\/logo\/image\/","url":"https:\/\/www.ledizioni.it\/stag\/wp-content\/uploads\/2023\/10\/newlogoledizioni500x110_2-1.jpg","contentUrl":"https:\/\/www.ledizioni.it\/stag\/wp-content\/uploads\/2023\/10\/newlogoledizioni500x110_2-1.jpg","width":354,"height":87,"caption":"Ledizioni"},"image":{"@id":"https:\/\/www.ledizioni.it\/#\/schema\/logo\/image\/"},"sameAs":["https:\/\/www.facebook.com\/pages\/Ledizioni-LediPublishing\/109120559173329","https:\/\/x.com\/ledizioni"]}]}},"jetpack_sharing_enabled":true,"_links":{"self":[{"href":"https:\/\/www.ledizioni.it\/en\/wp-json\/wp\/v2\/product\/80158","targetHints":{"allow":["GET"]}}],"collection":[{"href":"https:\/\/www.ledizioni.it\/en\/wp-json\/wp\/v2\/product"}],"about":[{"href":"https:\/\/www.ledizioni.it\/en\/wp-json\/wp\/v2\/types\/product"}],"replies":[{"embeddable":true,"href":"https:\/\/www.ledizioni.it\/en\/wp-json\/wp\/v2\/comments?post=80158"}],"version-history":[{"count":7,"href":"https:\/\/www.ledizioni.it\/en\/wp-json\/wp\/v2\/product\/80158\/revisions"}],"predecessor-version":[{"id":81906,"href":"https:\/\/www.ledizioni.it\/en\/wp-json\/wp\/v2\/product\/80158\/revisions\/81906"}],"wp:featuredmedia":[{"embeddable":true,"href":"https:\/\/www.ledizioni.it\/en\/wp-json\/wp\/v2\/media\/80259"}],"wp:attachment":[{"href":"https:\/\/www.ledizioni.it\/en\/wp-json\/wp\/v2\/media?parent=80158"}],"wp:term":[{"taxonomy":"product_brand","embeddable":true,"href":"https:\/\/www.ledizioni.it\/en\/wp-json\/wp\/v2\/product_brand?post=80158"},{"taxonomy":"product_cat","embeddable":true,"href":"https:\/\/www.ledizioni.it\/en\/wp-json\/wp\/v2\/product_cat?post=80158"},{"taxonomy":"product_tag","embeddable":true,"href":"https:\/\/www.ledizioni.it\/en\/wp-json\/wp\/v2\/product_tag?post=80158"}],"curies":[{"name":"wp","href":"https:\/\/api.w.org\/{rel}","templated":true}]}}