{"id":8017,"date":"2014-02-14T12:45:36","date_gmt":"2014-02-14T10:45:36","guid":{"rendered":"http:\/\/www.ledizioni.it\/?post_type=product&#038;p=8017"},"modified":"2023-05-19T12:51:14","modified_gmt":"2023-05-19T10:51:14","slug":"simone-aliprandi-il-fenomeno-open-data","status":"publish","type":"product","link":"https:\/\/www.ledizioni.it\/en\/product\/simone-aliprandi-il-fenomeno-open-data\/","title":{"rendered":"IL FENOMENO OPEN DATA"},"content":{"rendered":"<p style=\"text-align: justify;\">Nell\u2019affascinante mondo della cultura open, dopo software open source, standard aperti, open access e open content, il fenomeno dei dati aperti rappresenta l\u2019ultima frontiera e forse anche quella attualmente pi\u00f9 strategica. Alla fine degli anni 2000 si \u00e8 infatti aperto il dibattito sull\u2019importanza della disponibilit\u00e0 e libera diffusione di dati \u201ccrudi\u201d (anche e soprattutto da parte del settore pubblico) cos\u00ec da poter aumentare il potenziale informativo e comunicativo della conoscenza condivisa figlia della rivoluzione digitale. Ci si \u00e8 presto accorti che la possibilit\u00e0 di raccogliere, gestire e riutilizzare quantit\u00e0 di dati sempre maggiori e sempre pi\u00f9 dense di correlazioni porta la necessit\u00e0 di alcune riflessioni di carattere sia giuridico che tecnologico. In questo libro, in ottica divulgativa, si cerca di presentare le principali questioni emergenti, tracciando un quadro normativo completo e fornendo alcune essenziali linee guida.<\/p>\n<p style=\"text-align: center;\">[button link=&#8221;http:\/\/ledibooks.com\/opendata\/&#8221; style=&#8221;info&#8221;]LEGGILO ONLINE SU LEDIBOOKS![\/button]<\/p>\n<h3><strong>DATI BIBLIOGRAFICI<\/strong><\/h3>\n<p>Autore: Simone Aliprandi<br \/>\nEditore: Ledizioni<br \/>\nCollana: <a href=\"https:\/\/www.ledizioni.it\/en\/product-category\/diritto-2\/copyleft-italy\/\">CopyLeft Italia<br \/>\n<\/a> Formato: Brossura<br \/>\nPubblicato in: Febbraio 2014<br \/>\nISBN: 9788867051687 (cartaceo) 9788867051670 (epub)<br \/>\nPrezzo: 12,00 \u20ac (cartaceo) \u20ac 3,99 (epub)<\/p>\n<p>[ilink url=&#8221;http:\/\/www.scribd.com\/doc\/208319814\/Il-fenomeno-Open-Data-Simone-Aliprandi#fullscreen=1&#8243; style=&#8221;download&#8221;]Scarica la scheda in PDF[\/ilink]<\/p>\n<p><a href=\"http:\/\/www.mondadoristore.it\/fenomeno-open-data-na\/eai978886705168\/?sessionToken=dyUUMCM6aWOGoRRoZ6LsStjLw058MvFf\" target=\"_blank\" rel=\"noopener\"><img decoding=\"async\" class=\"alignnone size-full wp-image-14398 aligncenter\" src=\"http:\/\/www.ledizioni.it\/stag\/wp-content\/uploads\/2012\/06\/red-podok.jpg\" alt=\"Pod MondadoriStore\" width=\"200\" height=\"82\" \/><\/a><\/p>\n<p><a href=\"https:\/\/www.torrossa.com\/it\/resources\/an\/3027880\"><img decoding=\"async\" class=\"aligncenter wp-image-23912\" src=\"https:\/\/www.ledizioni.it\/stag\/wp-content\/uploads\/2019\/07\/torrossa_web-150x80.jpg\" alt=\"\" width=\"200\" height=\"60\" \/><\/a><\/p>","protected":false},"excerpt":{"rendered":"<p>Nell\u2019affascinante mondo della cultura open, dopo software open source, standard aperti, open access e open content, il fenomeno dei dati<\/p>","protected":false},"featured_media":8019,"comment_status":"open","ping_status":"closed","template":"","meta":{"_acf_changed":false},"product_brand":[],"product_cat":[430],"product_tag":[1706,1030,805,2554,764],"class_list":{"0":"post-8017","1":"product","2":"type-product","3":"status-publish","4":"has-post-thumbnail","6":"product_cat-copyleft-italy","7":"product_tag-big-data","8":"product_tag-copyright","9":"product_tag-digitale-2","10":"product_tag-diritto-privato","11":"product_tag-open-access-2","12":"pa_accesso-pagamento","13":"pa_formato-cartaceo","14":"pa_formato-ebook-in-epub","15":"pa_formato-ebook-in-pdf","16":"pa_lingua-italiano","18":"first","19":"instock","20":"featured","21":"shipping-taxable","22":"purchasable","23":"product-type-variable","24":"has-default-attributes"},"acf":[],"yoast_head":"<!-- This site is optimized with the Yoast SEO plugin v27.3 - https:\/\/yoast.com\/product\/yoast-seo-wordpress\/ -->\n<title>IL FENOMENO OPEN DATA -<\/title>\n<meta name=\"description\" content=\"Dopo software open source, standard aperti, open access e open content, il fenomeno dei dati aperti (Open Data) rappresenta l\u2019ultima frontiera.\" \/>\n<meta name=\"robots\" content=\"index, follow, max-snippet:-1, max-image-preview:large, max-video-preview:-1\" \/>\n<link rel=\"canonical\" href=\"https:\/\/www.ledizioni.it\/en\/product\/simone-aliprandi-il-fenomeno-open-data\/\" \/>\n<meta property=\"og:locale\" content=\"en_GB\" \/>\n<meta property=\"og:type\" content=\"article\" \/>\n<meta property=\"og:title\" content=\"IL FENOMENO OPEN DATA -\" \/>\n<meta property=\"og:description\" content=\"Dopo software open source, standard aperti, open access e open content, il fenomeno dei dati aperti (Open Data) rappresenta l\u2019ultima frontiera.\" \/>\n<meta property=\"og:url\" content=\"https:\/\/www.ledizioni.it\/en\/product\/simone-aliprandi-il-fenomeno-open-data\/\" \/>\n<meta property=\"og:site_name\" content=\"Ledizioni\" \/>\n<meta property=\"article:publisher\" content=\"https:\/\/www.facebook.com\/pages\/Ledizioni-LediPublishing\/109120559173329\" \/>\n<meta property=\"article:modified_time\" content=\"2023-05-19T10:51:14+00:00\" \/>\n<meta property=\"og:image\" content=\"https:\/\/www.ledizioni.it\/stag\/wp-content\/uploads\/2014\/02\/aliprandi3d.jpg\" \/>\n\t<meta property=\"og:image:width\" content=\"1457\" \/>\n\t<meta property=\"og:image:height\" content=\"1878\" \/>\n\t<meta property=\"og:image:type\" content=\"image\/jpeg\" \/>\n<meta name=\"twitter:card\" content=\"summary_large_image\" \/>\n<meta name=\"twitter:site\" content=\"@ledizioni\" \/>\n<meta name=\"twitter:label1\" content=\"Estimated reading time\" \/>\n\t<meta name=\"twitter:data1\" content=\"2 minutes\" \/>\n<script type=\"application\/ld+json\" class=\"yoast-schema-graph\">{\"@context\":\"https:\\\/\\\/schema.org\",\"@graph\":[{\"@type\":\"WebPage\",\"@id\":\"https:\\\/\\\/www.ledizioni.it\\\/prodotto\\\/simone-aliprandi-il-fenomeno-open-data\\\/\",\"url\":\"https:\\\/\\\/www.ledizioni.it\\\/prodotto\\\/simone-aliprandi-il-fenomeno-open-data\\\/\",\"name\":\"IL FENOMENO OPEN DATA -\",\"isPartOf\":{\"@id\":\"https:\\\/\\\/www.ledizioni.it\\\/#website\"},\"primaryImageOfPage\":{\"@id\":\"https:\\\/\\\/www.ledizioni.it\\\/prodotto\\\/simone-aliprandi-il-fenomeno-open-data\\\/#primaryimage\"},\"image\":{\"@id\":\"https:\\\/\\\/www.ledizioni.it\\\/prodotto\\\/simone-aliprandi-il-fenomeno-open-data\\\/#primaryimage\"},\"thumbnailUrl\":\"https:\\\/\\\/www.ledizioni.it\\\/stag\\\/wp-content\\\/uploads\\\/2014\\\/02\\\/aliprandi3d.jpg\",\"datePublished\":\"2014-02-14T10:45:36+00:00\",\"dateModified\":\"2023-05-19T10:51:14+00:00\",\"description\":\"Dopo software open source, standard aperti, open access e open content, il fenomeno dei dati aperti (Open Data) rappresenta l\u2019ultima frontiera.\",\"breadcrumb\":{\"@id\":\"https:\\\/\\\/www.ledizioni.it\\\/prodotto\\\/simone-aliprandi-il-fenomeno-open-data\\\/#breadcrumb\"},\"inLanguage\":\"en-GB\",\"potentialAction\":[{\"@type\":\"ReadAction\",\"target\":[\"https:\\\/\\\/www.ledizioni.it\\\/prodotto\\\/simone-aliprandi-il-fenomeno-open-data\\\/\"]}]},{\"@type\":\"ImageObject\",\"inLanguage\":\"en-GB\",\"@id\":\"https:\\\/\\\/www.ledizioni.it\\\/prodotto\\\/simone-aliprandi-il-fenomeno-open-data\\\/#primaryimage\",\"url\":\"https:\\\/\\\/www.ledizioni.it\\\/stag\\\/wp-content\\\/uploads\\\/2014\\\/02\\\/aliprandi3d.jpg\",\"contentUrl\":\"https:\\\/\\\/www.ledizioni.it\\\/stag\\\/wp-content\\\/uploads\\\/2014\\\/02\\\/aliprandi3d.jpg\",\"width\":1457,\"height\":1878},{\"@type\":\"BreadcrumbList\",\"@id\":\"https:\\\/\\\/www.ledizioni.it\\\/prodotto\\\/simone-aliprandi-il-fenomeno-open-data\\\/#breadcrumb\",\"itemListElement\":[{\"@type\":\"ListItem\",\"position\":1,\"name\":\"Shop\",\"item\":\"https:\\\/\\\/www.ledizioni.it\\\/shop-2\\\/\"},{\"@type\":\"ListItem\",\"position\":2,\"name\":\"IL FENOMENO OPEN DATA\"}]},{\"@type\":\"WebSite\",\"@id\":\"https:\\\/\\\/www.ledizioni.it\\\/#website\",\"url\":\"https:\\\/\\\/www.ledizioni.it\\\/\",\"name\":\"Ledizioni\",\"description\":\"The Innovative LediPublishing Company - Casa Editrice Universitaria\",\"publisher\":{\"@id\":\"https:\\\/\\\/www.ledizioni.it\\\/#organization\"},\"potentialAction\":[{\"@type\":\"SearchAction\",\"target\":{\"@type\":\"EntryPoint\",\"urlTemplate\":\"https:\\\/\\\/www.ledizioni.it\\\/?s={search_term_string}\"},\"query-input\":{\"@type\":\"PropertyValueSpecification\",\"valueRequired\":true,\"valueName\":\"search_term_string\"}}],\"inLanguage\":\"en-GB\"},{\"@type\":\"Organization\",\"@id\":\"https:\\\/\\\/www.ledizioni.it\\\/#organization\",\"name\":\"Ledizioni\",\"url\":\"https:\\\/\\\/www.ledizioni.it\\\/\",\"logo\":{\"@type\":\"ImageObject\",\"inLanguage\":\"en-GB\",\"@id\":\"https:\\\/\\\/www.ledizioni.it\\\/#\\\/schema\\\/logo\\\/image\\\/\",\"url\":\"https:\\\/\\\/www.ledizioni.it\\\/stag\\\/wp-content\\\/uploads\\\/2023\\\/10\\\/newlogoledizioni500x110_2-1.jpg\",\"contentUrl\":\"https:\\\/\\\/www.ledizioni.it\\\/stag\\\/wp-content\\\/uploads\\\/2023\\\/10\\\/newlogoledizioni500x110_2-1.jpg\",\"width\":354,\"height\":87,\"caption\":\"Ledizioni\"},\"image\":{\"@id\":\"https:\\\/\\\/www.ledizioni.it\\\/#\\\/schema\\\/logo\\\/image\\\/\"},\"sameAs\":[\"https:\\\/\\\/www.facebook.com\\\/pages\\\/Ledizioni-LediPublishing\\\/109120559173329\",\"https:\\\/\\\/x.com\\\/ledizioni\"]}]}<\/script>\n<!-- \/ Yoast SEO plugin. -->","yoast_head_json":{"title":"IL FENOMENO OPEN DATA -","description":"Dopo software open source, standard aperti, open access e open content, il fenomeno dei dati aperti (Open Data) rappresenta l\u2019ultima frontiera.","robots":{"index":"index","follow":"follow","max-snippet":"max-snippet:-1","max-image-preview":"max-image-preview:large","max-video-preview":"max-video-preview:-1"},"canonical":"https:\/\/www.ledizioni.it\/en\/product\/simone-aliprandi-il-fenomeno-open-data\/","og_locale":"en_GB","og_type":"article","og_title":"IL FENOMENO OPEN DATA -","og_description":"Dopo software open source, standard aperti, open access e open content, il fenomeno dei dati aperti (Open Data) rappresenta l\u2019ultima frontiera.","og_url":"https:\/\/www.ledizioni.it\/en\/product\/simone-aliprandi-il-fenomeno-open-data\/","og_site_name":"Ledizioni","article_publisher":"https:\/\/www.facebook.com\/pages\/Ledizioni-LediPublishing\/109120559173329","article_modified_time":"2023-05-19T10:51:14+00:00","og_image":[{"width":1457,"height":1878,"url":"https:\/\/www.ledizioni.it\/stag\/wp-content\/uploads\/2014\/02\/aliprandi3d.jpg","type":"image\/jpeg"}],"twitter_card":"summary_large_image","twitter_site":"@ledizioni","twitter_misc":{"Estimated reading time":"2 minutes"},"schema":{"@context":"https:\/\/schema.org","@graph":[{"@type":"WebPage","@id":"https:\/\/www.ledizioni.it\/prodotto\/simone-aliprandi-il-fenomeno-open-data\/","url":"https:\/\/www.ledizioni.it\/prodotto\/simone-aliprandi-il-fenomeno-open-data\/","name":"IL FENOMENO OPEN DATA -","isPartOf":{"@id":"https:\/\/www.ledizioni.it\/#website"},"primaryImageOfPage":{"@id":"https:\/\/www.ledizioni.it\/prodotto\/simone-aliprandi-il-fenomeno-open-data\/#primaryimage"},"image":{"@id":"https:\/\/www.ledizioni.it\/prodotto\/simone-aliprandi-il-fenomeno-open-data\/#primaryimage"},"thumbnailUrl":"https:\/\/www.ledizioni.it\/stag\/wp-content\/uploads\/2014\/02\/aliprandi3d.jpg","datePublished":"2014-02-14T10:45:36+00:00","dateModified":"2023-05-19T10:51:14+00:00","description":"Dopo software open source, standard aperti, open access e open content, il fenomeno dei dati aperti (Open Data) rappresenta l\u2019ultima frontiera.","breadcrumb":{"@id":"https:\/\/www.ledizioni.it\/prodotto\/simone-aliprandi-il-fenomeno-open-data\/#breadcrumb"},"inLanguage":"en-GB","potentialAction":[{"@type":"ReadAction","target":["https:\/\/www.ledizioni.it\/prodotto\/simone-aliprandi-il-fenomeno-open-data\/"]}]},{"@type":"ImageObject","inLanguage":"en-GB","@id":"https:\/\/www.ledizioni.it\/prodotto\/simone-aliprandi-il-fenomeno-open-data\/#primaryimage","url":"https:\/\/www.ledizioni.it\/stag\/wp-content\/uploads\/2014\/02\/aliprandi3d.jpg","contentUrl":"https:\/\/www.ledizioni.it\/stag\/wp-content\/uploads\/2014\/02\/aliprandi3d.jpg","width":1457,"height":1878},{"@type":"BreadcrumbList","@id":"https:\/\/www.ledizioni.it\/prodotto\/simone-aliprandi-il-fenomeno-open-data\/#breadcrumb","itemListElement":[{"@type":"ListItem","position":1,"name":"Shop","item":"https:\/\/www.ledizioni.it\/shop-2\/"},{"@type":"ListItem","position":2,"name":"IL FENOMENO OPEN DATA"}]},{"@type":"WebSite","@id":"https:\/\/www.ledizioni.it\/#website","url":"https:\/\/www.ledizioni.it\/","name":"Ledizioni","description":"The Innovative LediPublishing Company - Casa Editrice Universitaria","publisher":{"@id":"https:\/\/www.ledizioni.it\/#organization"},"potentialAction":[{"@type":"SearchAction","target":{"@type":"EntryPoint","urlTemplate":"https:\/\/www.ledizioni.it\/?s={search_term_string}"},"query-input":{"@type":"PropertyValueSpecification","valueRequired":true,"valueName":"search_term_string"}}],"inLanguage":"en-GB"},{"@type":"Organization","@id":"https:\/\/www.ledizioni.it\/#organization","name":"Ledizioni","url":"https:\/\/www.ledizioni.it\/","logo":{"@type":"ImageObject","inLanguage":"en-GB","@id":"https:\/\/www.ledizioni.it\/#\/schema\/logo\/image\/","url":"https:\/\/www.ledizioni.it\/stag\/wp-content\/uploads\/2023\/10\/newlogoledizioni500x110_2-1.jpg","contentUrl":"https:\/\/www.ledizioni.it\/stag\/wp-content\/uploads\/2023\/10\/newlogoledizioni500x110_2-1.jpg","width":354,"height":87,"caption":"Ledizioni"},"image":{"@id":"https:\/\/www.ledizioni.it\/#\/schema\/logo\/image\/"},"sameAs":["https:\/\/www.facebook.com\/pages\/Ledizioni-LediPublishing\/109120559173329","https:\/\/x.com\/ledizioni"]}]}},"jetpack_sharing_enabled":true,"_links":{"self":[{"href":"https:\/\/www.ledizioni.it\/en\/wp-json\/wp\/v2\/product\/8017","targetHints":{"allow":["GET"]}}],"collection":[{"href":"https:\/\/www.ledizioni.it\/en\/wp-json\/wp\/v2\/product"}],"about":[{"href":"https:\/\/www.ledizioni.it\/en\/wp-json\/wp\/v2\/types\/product"}],"replies":[{"embeddable":true,"href":"https:\/\/www.ledizioni.it\/en\/wp-json\/wp\/v2\/comments?post=8017"}],"version-history":[{"count":1,"href":"https:\/\/www.ledizioni.it\/en\/wp-json\/wp\/v2\/product\/8017\/revisions"}],"predecessor-version":[{"id":20164,"href":"https:\/\/www.ledizioni.it\/en\/wp-json\/wp\/v2\/product\/8017\/revisions\/20164"}],"wp:featuredmedia":[{"embeddable":true,"href":"https:\/\/www.ledizioni.it\/en\/wp-json\/wp\/v2\/media\/8019"}],"wp:attachment":[{"href":"https:\/\/www.ledizioni.it\/en\/wp-json\/wp\/v2\/media?parent=8017"}],"wp:term":[{"taxonomy":"product_brand","embeddable":true,"href":"https:\/\/www.ledizioni.it\/en\/wp-json\/wp\/v2\/product_brand?post=8017"},{"taxonomy":"product_cat","embeddable":true,"href":"https:\/\/www.ledizioni.it\/en\/wp-json\/wp\/v2\/product_cat?post=8017"},{"taxonomy":"product_tag","embeddable":true,"href":"https:\/\/www.ledizioni.it\/en\/wp-json\/wp\/v2\/product_tag?post=8017"}],"curies":[{"name":"wp","href":"https:\/\/api.w.org\/{rel}","templated":true}]}}