{"id":8074,"date":"2014-02-21T12:06:03","date_gmt":"2014-02-21T12:06:03","guid":{"rendered":"http:\/\/www.ledizioni.it\/?post_type=product&#038;p=8074"},"modified":"2018-11-26T10:41:59","modified_gmt":"2018-11-26T10:41:59","slug":"jean-louis-fournel-les-dialogues-de-sperone-speronilibertes-de-la-parole-et-regles-de-lecriture","status":"publish","type":"product","link":"https:\/\/www.ledizioni.it\/en\/product\/jean-louis-fournel-les-dialogues-de-sperone-speronilibertes-de-la-parole-et-regles-de-lecriture\/","title":{"rendered":"LES DIALOGUES DE SPERONE SPERONI:LIBERT\u00c9S DE LA PAROLE ET R\u00c8GLES DE L\u2019\u00c9CRITURE"},"content":{"rendered":"<p style=\"text-align: justify;\">Ce livre \u00e9tudie l\u2019ensemble des dialogues de Sperone Speroni et le parcours de cet homme de lettres padouan dans un X VI\u00e8me si\u00e8cle agit\u00e9. Il voudrait servir \u00e0 la compr\u00e9hension d\u2019une production intellectuelle particuli\u00e8re &#8211; le dialogue &#8211; qui se trouve \u00e0 mi-chemin entre une pratique orale et collective &#8211; la conversation &#8211; et un exercice solitaire et r\u00e9glement\u00e9 &#8211; P\u00e9criture. S\u2019int\u00e9ressant aux sujets les plus divers Speroni utilise un type de dialogue souvent inachev\u00e9, d\u00e9nu\u00e9 de toute mise en sc\u00e8ne cic\u00e9ro- nienne. Ses travaux sont toujours \u00e0 la recherche d\u2019une voie (impos- sible?) entre le discours apodictique d\u2019une v\u00e9rit\u00e9 contraignante et les beaut\u00e9s inutiles d\u2019une rh\u00e9torique pervertie. L\u2019\u00e9chec relatif de cette incessante recherche d\u2019une parole aussi vraie que convaincante ou plaisante n\u2019\u00f3te rien \u00e0 son importance m\u00e9thodologique dans l\u2019\u00e9tude des formes de transmission de la connaissance.<\/p>\n<p><a href=\"http:\/\/www.ledizioni.it\/stag\/wp-content\/uploads\/2014\/02\/Recensioni_CRITICA-LETTERARIA-3-4_2015.pdf\" target=\"_blank\" rel=\"noopener\">Leggi la recensione apparsa su &#8220;La Critica Letteraria&#8221; 3-4\/2015<\/a><\/p>\n<h3><span style=\"color: #000000;\"><strong>DATI BIBLIOGRAFICI<\/strong><br \/>\n<\/span><\/h3>\n<p>Autore: Jean-Louis Fournel<br \/>\nA cura di: Paolo Borsa<br \/>\nEditore: Ledizioni<br \/>\nCollana: <a href=\"https:\/\/www.ledizioni.it\/en\/collane\/letteratura\/letteraria-reprint\/\">Letteraria Reprint<\/a><br \/>\nFormato: Brossura<br \/>\nPubblicato in: Febbraio 2014<br \/>\nISBN cartaceo: 9788867051632<br \/>\nPrezzo cartaceo:28,00 \u20ac<\/p>\n<p><a href=\"http:\/\/www.mondadoristore.it\/Les-dialogues-de-Sperone-Jean-Louis-Fournel\/eai978886705163\/?sessionToken=iOVDw48piHZTZN6bcH69qFqp6kY6kR0o\" target=\"_blank\" rel=\"noopener\"><img decoding=\"async\" class=\"size-full wp-image-14398 aligncenter\" src=\"http:\/\/www.ledizioni.it\/stag\/wp-content\/uploads\/2012\/06\/red-podok.jpg\" alt=\"Pod MondadoriStore\" width=\"200\" height=\"82\" \/><\/a><\/p>","protected":false},"excerpt":{"rendered":"<p>Ce livre \u00e9tudie l\u2019ensemble des dialogues de Sperone Speroni et le parcours de cet homme de lettres padouan dans un<\/p>","protected":false},"featured_media":8075,"comment_status":"open","ping_status":"closed","template":"","meta":{"_acf_changed":false},"product_brand":[],"product_cat":[555],"product_tag":[],"class_list":{"0":"post-8074","1":"product","2":"type-product","3":"status-publish","4":"has-post-thumbnail","6":"product_cat-letteraria-reprints","7":"pa_formato-cartaceo","8":"pa_lingua-francese","10":"first","11":"instock","12":"shipping-taxable","13":"purchasable","14":"product-type-simple"},"acf":[],"yoast_head":"<!-- This site is optimized with the Yoast SEO plugin v27.4 - https:\/\/yoast.com\/product\/yoast-seo-wordpress\/ -->\n<title>LES DIALOGUES DE SPERONE SPERONI:LIBERT\u00c9S DE LA PAROLE ET R\u00c8GLES DE L\u2019\u00c9CRITURE -<\/title>\n<meta name=\"description\" content=\"Ledizioni - Innovative Publishing. Casa editrice universitaria. Open Access. eBook, ePub. Creative Commons.\" \/>\n<meta name=\"robots\" content=\"index, follow, max-snippet:-1, max-image-preview:large, max-video-preview:-1\" \/>\n<link rel=\"canonical\" href=\"https:\/\/www.ledizioni.it\/en\/product\/jean-louis-fournel-les-dialogues-de-sperone-speronilibertes-de-la-parole-et-regles-de-lecriture\/\" \/>\n<meta property=\"og:locale\" content=\"en_GB\" \/>\n<meta property=\"og:type\" content=\"article\" \/>\n<meta property=\"og:title\" content=\"LES DIALOGUES DE SPERONE SPERONI:LIBERT\u00c9S DE LA PAROLE ET R\u00c8GLES DE L\u2019\u00c9CRITURE -\" \/>\n<meta property=\"og:description\" content=\"Ledizioni - Innovative Publishing. Casa editrice universitaria. Open Access. eBook, ePub. Creative Commons.\" \/>\n<meta property=\"og:url\" content=\"https:\/\/www.ledizioni.it\/en\/product\/jean-louis-fournel-les-dialogues-de-sperone-speronilibertes-de-la-parole-et-regles-de-lecriture\/\" \/>\n<meta property=\"og:site_name\" content=\"Ledizioni\" \/>\n<meta property=\"article:publisher\" content=\"https:\/\/www.facebook.com\/pages\/Ledizioni-LediPublishing\/109120559173329\" \/>\n<meta property=\"article:modified_time\" content=\"2018-11-26T10:41:59+00:00\" \/>\n<meta property=\"og:image\" content=\"https:\/\/www.ledizioni.it\/stag\/wp-content\/uploads\/2014\/02\/FOURNEL3D.jpg\" \/>\n\t<meta property=\"og:image:width\" content=\"1383\" \/>\n\t<meta property=\"og:image:height\" content=\"1832\" \/>\n\t<meta property=\"og:image:type\" content=\"image\/jpeg\" \/>\n<meta name=\"twitter:card\" content=\"summary_large_image\" \/>\n<meta name=\"twitter:site\" content=\"@ledizioni\" \/>\n<meta name=\"twitter:label1\" content=\"Estimated reading time\" \/>\n\t<meta name=\"twitter:data1\" content=\"1 minute\" \/>\n<script type=\"application\/ld+json\" class=\"yoast-schema-graph\">{\"@context\":\"https:\\\/\\\/schema.org\",\"@graph\":[{\"@type\":\"WebPage\",\"@id\":\"https:\\\/\\\/www.ledizioni.it\\\/prodotto\\\/jean-louis-fournel-les-dialogues-de-sperone-speronilibertes-de-la-parole-et-regles-de-lecriture\\\/\",\"url\":\"https:\\\/\\\/www.ledizioni.it\\\/prodotto\\\/jean-louis-fournel-les-dialogues-de-sperone-speronilibertes-de-la-parole-et-regles-de-lecriture\\\/\",\"name\":\"LES DIALOGUES DE SPERONE SPERONI:LIBERT\u00c9S DE LA PAROLE ET R\u00c8GLES DE L\u2019\u00c9CRITURE -\",\"isPartOf\":{\"@id\":\"https:\\\/\\\/www.ledizioni.it\\\/#website\"},\"primaryImageOfPage\":{\"@id\":\"https:\\\/\\\/www.ledizioni.it\\\/prodotto\\\/jean-louis-fournel-les-dialogues-de-sperone-speronilibertes-de-la-parole-et-regles-de-lecriture\\\/#primaryimage\"},\"image\":{\"@id\":\"https:\\\/\\\/www.ledizioni.it\\\/prodotto\\\/jean-louis-fournel-les-dialogues-de-sperone-speronilibertes-de-la-parole-et-regles-de-lecriture\\\/#primaryimage\"},\"thumbnailUrl\":\"https:\\\/\\\/www.ledizioni.it\\\/stag\\\/wp-content\\\/uploads\\\/2014\\\/02\\\/FOURNEL3D.jpg\",\"datePublished\":\"2014-02-21T12:06:03+00:00\",\"dateModified\":\"2018-11-26T10:41:59+00:00\",\"description\":\"Ledizioni - Innovative Publishing. Casa editrice universitaria. Open Access. eBook, ePub. Creative Commons.\",\"breadcrumb\":{\"@id\":\"https:\\\/\\\/www.ledizioni.it\\\/prodotto\\\/jean-louis-fournel-les-dialogues-de-sperone-speronilibertes-de-la-parole-et-regles-de-lecriture\\\/#breadcrumb\"},\"inLanguage\":\"en-GB\",\"potentialAction\":[{\"@type\":\"ReadAction\",\"target\":[\"https:\\\/\\\/www.ledizioni.it\\\/prodotto\\\/jean-louis-fournel-les-dialogues-de-sperone-speronilibertes-de-la-parole-et-regles-de-lecriture\\\/\"]}]},{\"@type\":\"ImageObject\",\"inLanguage\":\"en-GB\",\"@id\":\"https:\\\/\\\/www.ledizioni.it\\\/prodotto\\\/jean-louis-fournel-les-dialogues-de-sperone-speronilibertes-de-la-parole-et-regles-de-lecriture\\\/#primaryimage\",\"url\":\"https:\\\/\\\/www.ledizioni.it\\\/stag\\\/wp-content\\\/uploads\\\/2014\\\/02\\\/FOURNEL3D.jpg\",\"contentUrl\":\"https:\\\/\\\/www.ledizioni.it\\\/stag\\\/wp-content\\\/uploads\\\/2014\\\/02\\\/FOURNEL3D.jpg\",\"width\":1383,\"height\":1832},{\"@type\":\"BreadcrumbList\",\"@id\":\"https:\\\/\\\/www.ledizioni.it\\\/prodotto\\\/jean-louis-fournel-les-dialogues-de-sperone-speronilibertes-de-la-parole-et-regles-de-lecriture\\\/#breadcrumb\",\"itemListElement\":[{\"@type\":\"ListItem\",\"position\":1,\"name\":\"Shop\",\"item\":\"https:\\\/\\\/www.ledizioni.it\\\/shop-2\\\/\"},{\"@type\":\"ListItem\",\"position\":2,\"name\":\"LES DIALOGUES DE SPERONE SPERONI:LIBERT\u00c9S DE LA PAROLE ET R\u00c8GLES DE L\u2019\u00c9CRITURE\"}]},{\"@type\":\"WebSite\",\"@id\":\"https:\\\/\\\/www.ledizioni.it\\\/#website\",\"url\":\"https:\\\/\\\/www.ledizioni.it\\\/\",\"name\":\"Ledizioni\",\"description\":\"The Innovative LediPublishing Company - Casa Editrice Universitaria\",\"publisher\":{\"@id\":\"https:\\\/\\\/www.ledizioni.it\\\/#organization\"},\"potentialAction\":[{\"@type\":\"SearchAction\",\"target\":{\"@type\":\"EntryPoint\",\"urlTemplate\":\"https:\\\/\\\/www.ledizioni.it\\\/?s={search_term_string}\"},\"query-input\":{\"@type\":\"PropertyValueSpecification\",\"valueRequired\":true,\"valueName\":\"search_term_string\"}}],\"inLanguage\":\"en-GB\"},{\"@type\":\"Organization\",\"@id\":\"https:\\\/\\\/www.ledizioni.it\\\/#organization\",\"name\":\"Ledizioni\",\"url\":\"https:\\\/\\\/www.ledizioni.it\\\/\",\"logo\":{\"@type\":\"ImageObject\",\"inLanguage\":\"en-GB\",\"@id\":\"https:\\\/\\\/www.ledizioni.it\\\/#\\\/schema\\\/logo\\\/image\\\/\",\"url\":\"https:\\\/\\\/www.ledizioni.it\\\/stag\\\/wp-content\\\/uploads\\\/2023\\\/10\\\/newlogoledizioni500x110_2-1.jpg\",\"contentUrl\":\"https:\\\/\\\/www.ledizioni.it\\\/stag\\\/wp-content\\\/uploads\\\/2023\\\/10\\\/newlogoledizioni500x110_2-1.jpg\",\"width\":354,\"height\":87,\"caption\":\"Ledizioni\"},\"image\":{\"@id\":\"https:\\\/\\\/www.ledizioni.it\\\/#\\\/schema\\\/logo\\\/image\\\/\"},\"sameAs\":[\"https:\\\/\\\/www.facebook.com\\\/pages\\\/Ledizioni-LediPublishing\\\/109120559173329\",\"https:\\\/\\\/x.com\\\/ledizioni\"]}]}<\/script>\n<!-- \/ Yoast SEO plugin. -->","yoast_head_json":{"title":"LES DIALOGUES DE SPERONE SPERONI:LIBERT\u00c9S DE LA PAROLE ET R\u00c8GLES DE L\u2019\u00c9CRITURE -","description":"Ledizioni - Innovative Publishing. Casa editrice universitaria. Open Access. eBook, ePub. Creative Commons.","robots":{"index":"index","follow":"follow","max-snippet":"max-snippet:-1","max-image-preview":"max-image-preview:large","max-video-preview":"max-video-preview:-1"},"canonical":"https:\/\/www.ledizioni.it\/en\/product\/jean-louis-fournel-les-dialogues-de-sperone-speronilibertes-de-la-parole-et-regles-de-lecriture\/","og_locale":"en_GB","og_type":"article","og_title":"LES DIALOGUES DE SPERONE SPERONI:LIBERT\u00c9S DE LA PAROLE ET R\u00c8GLES DE L\u2019\u00c9CRITURE -","og_description":"Ledizioni - Innovative Publishing. Casa editrice universitaria. Open Access. eBook, ePub. Creative Commons.","og_url":"https:\/\/www.ledizioni.it\/en\/product\/jean-louis-fournel-les-dialogues-de-sperone-speronilibertes-de-la-parole-et-regles-de-lecriture\/","og_site_name":"Ledizioni","article_publisher":"https:\/\/www.facebook.com\/pages\/Ledizioni-LediPublishing\/109120559173329","article_modified_time":"2018-11-26T10:41:59+00:00","og_image":[{"width":1383,"height":1832,"url":"https:\/\/www.ledizioni.it\/stag\/wp-content\/uploads\/2014\/02\/FOURNEL3D.jpg","type":"image\/jpeg"}],"twitter_card":"summary_large_image","twitter_site":"@ledizioni","twitter_misc":{"Estimated reading time":"1 minute"},"schema":{"@context":"https:\/\/schema.org","@graph":[{"@type":"WebPage","@id":"https:\/\/www.ledizioni.it\/prodotto\/jean-louis-fournel-les-dialogues-de-sperone-speronilibertes-de-la-parole-et-regles-de-lecriture\/","url":"https:\/\/www.ledizioni.it\/prodotto\/jean-louis-fournel-les-dialogues-de-sperone-speronilibertes-de-la-parole-et-regles-de-lecriture\/","name":"LES DIALOGUES DE SPERONE SPERONI:LIBERT\u00c9S DE LA PAROLE ET R\u00c8GLES DE L\u2019\u00c9CRITURE -","isPartOf":{"@id":"https:\/\/www.ledizioni.it\/#website"},"primaryImageOfPage":{"@id":"https:\/\/www.ledizioni.it\/prodotto\/jean-louis-fournel-les-dialogues-de-sperone-speronilibertes-de-la-parole-et-regles-de-lecriture\/#primaryimage"},"image":{"@id":"https:\/\/www.ledizioni.it\/prodotto\/jean-louis-fournel-les-dialogues-de-sperone-speronilibertes-de-la-parole-et-regles-de-lecriture\/#primaryimage"},"thumbnailUrl":"https:\/\/www.ledizioni.it\/stag\/wp-content\/uploads\/2014\/02\/FOURNEL3D.jpg","datePublished":"2014-02-21T12:06:03+00:00","dateModified":"2018-11-26T10:41:59+00:00","description":"Ledizioni - Innovative Publishing. Casa editrice universitaria. Open Access. eBook, ePub. Creative Commons.","breadcrumb":{"@id":"https:\/\/www.ledizioni.it\/prodotto\/jean-louis-fournel-les-dialogues-de-sperone-speronilibertes-de-la-parole-et-regles-de-lecriture\/#breadcrumb"},"inLanguage":"en-GB","potentialAction":[{"@type":"ReadAction","target":["https:\/\/www.ledizioni.it\/prodotto\/jean-louis-fournel-les-dialogues-de-sperone-speronilibertes-de-la-parole-et-regles-de-lecriture\/"]}]},{"@type":"ImageObject","inLanguage":"en-GB","@id":"https:\/\/www.ledizioni.it\/prodotto\/jean-louis-fournel-les-dialogues-de-sperone-speronilibertes-de-la-parole-et-regles-de-lecriture\/#primaryimage","url":"https:\/\/www.ledizioni.it\/stag\/wp-content\/uploads\/2014\/02\/FOURNEL3D.jpg","contentUrl":"https:\/\/www.ledizioni.it\/stag\/wp-content\/uploads\/2014\/02\/FOURNEL3D.jpg","width":1383,"height":1832},{"@type":"BreadcrumbList","@id":"https:\/\/www.ledizioni.it\/prodotto\/jean-louis-fournel-les-dialogues-de-sperone-speronilibertes-de-la-parole-et-regles-de-lecriture\/#breadcrumb","itemListElement":[{"@type":"ListItem","position":1,"name":"Shop","item":"https:\/\/www.ledizioni.it\/shop-2\/"},{"@type":"ListItem","position":2,"name":"LES DIALOGUES DE SPERONE SPERONI:LIBERT\u00c9S DE LA PAROLE ET R\u00c8GLES DE L\u2019\u00c9CRITURE"}]},{"@type":"WebSite","@id":"https:\/\/www.ledizioni.it\/#website","url":"https:\/\/www.ledizioni.it\/","name":"Ledizioni","description":"The Innovative LediPublishing Company - Casa Editrice Universitaria","publisher":{"@id":"https:\/\/www.ledizioni.it\/#organization"},"potentialAction":[{"@type":"SearchAction","target":{"@type":"EntryPoint","urlTemplate":"https:\/\/www.ledizioni.it\/?s={search_term_string}"},"query-input":{"@type":"PropertyValueSpecification","valueRequired":true,"valueName":"search_term_string"}}],"inLanguage":"en-GB"},{"@type":"Organization","@id":"https:\/\/www.ledizioni.it\/#organization","name":"Ledizioni","url":"https:\/\/www.ledizioni.it\/","logo":{"@type":"ImageObject","inLanguage":"en-GB","@id":"https:\/\/www.ledizioni.it\/#\/schema\/logo\/image\/","url":"https:\/\/www.ledizioni.it\/stag\/wp-content\/uploads\/2023\/10\/newlogoledizioni500x110_2-1.jpg","contentUrl":"https:\/\/www.ledizioni.it\/stag\/wp-content\/uploads\/2023\/10\/newlogoledizioni500x110_2-1.jpg","width":354,"height":87,"caption":"Ledizioni"},"image":{"@id":"https:\/\/www.ledizioni.it\/#\/schema\/logo\/image\/"},"sameAs":["https:\/\/www.facebook.com\/pages\/Ledizioni-LediPublishing\/109120559173329","https:\/\/x.com\/ledizioni"]}]}},"jetpack_sharing_enabled":true,"_links":{"self":[{"href":"https:\/\/www.ledizioni.it\/en\/wp-json\/wp\/v2\/product\/8074","targetHints":{"allow":["GET"]}}],"collection":[{"href":"https:\/\/www.ledizioni.it\/en\/wp-json\/wp\/v2\/product"}],"about":[{"href":"https:\/\/www.ledizioni.it\/en\/wp-json\/wp\/v2\/types\/product"}],"replies":[{"embeddable":true,"href":"https:\/\/www.ledizioni.it\/en\/wp-json\/wp\/v2\/comments?post=8074"}],"version-history":[{"count":1,"href":"https:\/\/www.ledizioni.it\/en\/wp-json\/wp\/v2\/product\/8074\/revisions"}],"predecessor-version":[{"id":14028,"href":"https:\/\/www.ledizioni.it\/en\/wp-json\/wp\/v2\/product\/8074\/revisions\/14028"}],"wp:featuredmedia":[{"embeddable":true,"href":"https:\/\/www.ledizioni.it\/en\/wp-json\/wp\/v2\/media\/8075"}],"wp:attachment":[{"href":"https:\/\/www.ledizioni.it\/en\/wp-json\/wp\/v2\/media?parent=8074"}],"wp:term":[{"taxonomy":"product_brand","embeddable":true,"href":"https:\/\/www.ledizioni.it\/en\/wp-json\/wp\/v2\/product_brand?post=8074"},{"taxonomy":"product_cat","embeddable":true,"href":"https:\/\/www.ledizioni.it\/en\/wp-json\/wp\/v2\/product_cat?post=8074"},{"taxonomy":"product_tag","embeddable":true,"href":"https:\/\/www.ledizioni.it\/en\/wp-json\/wp\/v2\/product_tag?post=8074"}],"curies":[{"name":"wp","href":"https:\/\/api.w.org\/{rel}","templated":true}]}}