{"id":8153,"date":"2014-03-04T11:44:56","date_gmt":"2014-03-04T09:44:56","guid":{"rendered":"http:\/\/www.ledizioni.it\/prodotto\/tramarin-si-rende-noto-che-alle-ore\/"},"modified":"2021-07-06T17:21:19","modified_gmt":"2021-07-06T15:21:19","slug":"tramarin-si-rende-noto-che-alle-ore","status":"publish","type":"product","link":"https:\/\/www.ledizioni.it\/en\/product\/tramarin-si-rende-noto-che-alle-ore\/","title":{"rendered":"SI RENDE NOTO CHE ALLE ORE&#8230;"},"content":{"rendered":"<p style=\"text-align: justify;\">Dalla prefazione di \u00a0Pierpaolo Vargiu,\u00a0Presidente della XII Commissione Affari sociali e sanit\u00e0 della Camera dei Deputati:<\/p>\n<p style=\"text-align: justify;\">&#8220;Questo libro racconta una storia di medici, di ospedali, di vite che s\u2019intrecciano nelle dinamiche delle piccole e delle grandi comunit\u00e0.\u00a0Una storia che, nel frontespizio, \u00e8 meglio rechi bene in vista la famosa dicitura \u201cOgni riferimento a fatti e persone realmente esistiti \u00e8 puramente casuale\u201d.\u00a0Perch\u00e9 la capacit\u00e0 raffinata di Tramarin \u00e8 proprio quella di raccontare un ospedale che esiste realmente, una realt\u00e0 vera, popolata di figure che chiunque abbia bazzicato un ospedale ha incontrato quotidianamente nelle corsie (\u2026). Neppure ci sono personaggi a met\u00e0, bastano poche pennellate umane, mai caricaturali, per definire ciascuna figura: il direttore generale, il primario,\u00a0gli aiuti, gli assistenti, il resto del mondo vivono di vita reale, come se il romanzo fosse un articolo di giornale, il racconto di una cronaca vera. Anche le colf, gli amori e gli infermieri sembra di averli incontrati ieri, salendo le scale del nostro condominio. Chi, come me, ha vissuto in ospedale conosce i nomi dei protagonisti, stereotipi non stereotipati, figli dei tempi. Chi \u00e8 estraneo al mondo sanitario \u00e8 comunque introdotto nella dimensione globale dell\u2019ospedale, senza nessun tentativo di dipingerla migliore o peggiore di quanto realmente essa sia.&#8221;<\/p>\n<p><strong>DATI BIBLIOGRAFICI<\/strong><\/p>\n<p>Autore: Andrea Tramarin<br \/>\nEditore: Ledizioni<br \/>\nFormato: Brossura<br \/>\nPubblicato in: 2014<br \/>\nISBN:\u00a09788867051557 (cartaceo) \/\u00a09788867051564 (ebook)<br \/>\nPrezzo: 12,00 \u20ac (cartaceo) \/ 4,99 \u20ac (ebook)<\/p>\n<p><a href=\"http:\/\/www.mondadoristore.it\/Si-rende-noto-che-ore-Andrea-Tramarin\/eai978886705155\/\" target=\"_blank\" rel=\"noopener\"><img decoding=\"async\" class=\"alignnone size-full wp-image-14398 aligncenter\" src=\"http:\/\/www.ledizioni.it\/stag\/wp-content\/uploads\/2012\/06\/red-podok.jpg\" alt=\"Pod MondadoriStore\" width=\"200\" height=\"82\" \/><\/a><\/p>","protected":false},"excerpt":{"rendered":"<p>Dalla prefazione di \u00a0Pierpaolo Vargiu,\u00a0Presidente della XII Commissione Affari sociali e sanit\u00e0 della Camera dei Deputati: &#8220;Questo libro racconta una<\/p>","protected":false},"featured_media":8157,"comment_status":"open","ping_status":"closed","template":"","meta":{"_acf_changed":false},"product_brand":[],"product_cat":[2614,1037],"product_tag":[754,537,756,1502],"class_list":{"0":"post-8153","1":"product","2":"type-product","3":"status-publish","4":"has-post-thumbnail","6":"product_cat-offerte","7":"product_cat-varia","8":"product_tag-comunita","9":"product_tag-narrativa-2","10":"product_tag-romanzo-2","11":"product_tag-salute","12":"pa_formato-cartaceo","13":"pa_formato-ebook-in-epub","14":"pa_lingua-italiano","16":"first","17":"instock","18":"sale","19":"featured","20":"shipping-taxable","21":"purchasable","22":"product-type-variable"},"acf":[],"yoast_head":"<!-- This site is optimized with the Yoast SEO plugin v27.4 - https:\/\/yoast.com\/product\/yoast-seo-wordpress\/ -->\n<title>Si rende noto che alle ore...<\/title>\n<meta name=\"description\" content=\"&quot;Si rende noto che alle ore...&quot; racconta una storia di medici, di ospedali, di vite che s\u2019intrecciano nelle dinamiche delle piccole e delle grandi comunit\u00e0.\" \/>\n<meta name=\"robots\" content=\"index, follow, max-snippet:-1, max-image-preview:large, max-video-preview:-1\" \/>\n<link rel=\"canonical\" href=\"https:\/\/www.ledizioni.it\/en\/product\/tramarin-si-rende-noto-che-alle-ore\/\" \/>\n<meta property=\"og:locale\" content=\"en_GB\" \/>\n<meta property=\"og:type\" content=\"article\" \/>\n<meta property=\"og:title\" content=\"Si rende noto che alle ore...\" \/>\n<meta property=\"og:description\" content=\"&quot;Si rende noto che alle ore...&quot; racconta una storia di medici, di ospedali, di vite che s\u2019intrecciano nelle dinamiche delle piccole e delle grandi comunit\u00e0.\" \/>\n<meta property=\"og:url\" content=\"https:\/\/www.ledizioni.it\/en\/product\/tramarin-si-rende-noto-che-alle-ore\/\" \/>\n<meta property=\"og:site_name\" content=\"Ledizioni\" \/>\n<meta property=\"article:publisher\" content=\"https:\/\/www.facebook.com\/pages\/Ledizioni-LediPublishing\/109120559173329\" \/>\n<meta property=\"article:modified_time\" content=\"2021-07-06T15:21:19+00:00\" \/>\n<meta property=\"og:image\" content=\"https:\/\/www.ledizioni.it\/stag\/wp-content\/uploads\/2014\/03\/tramarin3d.jpg\" \/>\n\t<meta property=\"og:image:width\" content=\"1505\" \/>\n\t<meta property=\"og:image:height\" content=\"2088\" \/>\n\t<meta property=\"og:image:type\" content=\"image\/jpeg\" \/>\n<meta name=\"twitter:card\" content=\"summary_large_image\" \/>\n<meta name=\"twitter:site\" content=\"@ledizioni\" \/>\n<meta name=\"twitter:label1\" content=\"Estimated reading time\" \/>\n\t<meta name=\"twitter:data1\" content=\"1 minute\" \/>\n<script type=\"application\/ld+json\" class=\"yoast-schema-graph\">{\"@context\":\"https:\\\/\\\/schema.org\",\"@graph\":[{\"@type\":\"WebPage\",\"@id\":\"https:\\\/\\\/www.ledizioni.it\\\/prodotto\\\/tramarin-si-rende-noto-che-alle-ore\\\/\",\"url\":\"https:\\\/\\\/www.ledizioni.it\\\/prodotto\\\/tramarin-si-rende-noto-che-alle-ore\\\/\",\"name\":\"Si rende noto che alle ore...\",\"isPartOf\":{\"@id\":\"https:\\\/\\\/www.ledizioni.it\\\/#website\"},\"primaryImageOfPage\":{\"@id\":\"https:\\\/\\\/www.ledizioni.it\\\/prodotto\\\/tramarin-si-rende-noto-che-alle-ore\\\/#primaryimage\"},\"image\":{\"@id\":\"https:\\\/\\\/www.ledizioni.it\\\/prodotto\\\/tramarin-si-rende-noto-che-alle-ore\\\/#primaryimage\"},\"thumbnailUrl\":\"https:\\\/\\\/www.ledizioni.it\\\/stag\\\/wp-content\\\/uploads\\\/2014\\\/03\\\/tramarin3d.jpg\",\"datePublished\":\"2014-03-04T09:44:56+00:00\",\"dateModified\":\"2021-07-06T15:21:19+00:00\",\"description\":\"\\\"Si rende noto che alle ore...\\\" racconta una storia di medici, di ospedali, di vite che s\u2019intrecciano nelle dinamiche delle piccole e delle grandi comunit\u00e0.\",\"breadcrumb\":{\"@id\":\"https:\\\/\\\/www.ledizioni.it\\\/prodotto\\\/tramarin-si-rende-noto-che-alle-ore\\\/#breadcrumb\"},\"inLanguage\":\"en-GB\",\"potentialAction\":[{\"@type\":\"ReadAction\",\"target\":[\"https:\\\/\\\/www.ledizioni.it\\\/prodotto\\\/tramarin-si-rende-noto-che-alle-ore\\\/\"]}]},{\"@type\":\"ImageObject\",\"inLanguage\":\"en-GB\",\"@id\":\"https:\\\/\\\/www.ledizioni.it\\\/prodotto\\\/tramarin-si-rende-noto-che-alle-ore\\\/#primaryimage\",\"url\":\"https:\\\/\\\/www.ledizioni.it\\\/stag\\\/wp-content\\\/uploads\\\/2014\\\/03\\\/tramarin3d.jpg\",\"contentUrl\":\"https:\\\/\\\/www.ledizioni.it\\\/stag\\\/wp-content\\\/uploads\\\/2014\\\/03\\\/tramarin3d.jpg\",\"width\":1505,\"height\":2088},{\"@type\":\"BreadcrumbList\",\"@id\":\"https:\\\/\\\/www.ledizioni.it\\\/prodotto\\\/tramarin-si-rende-noto-che-alle-ore\\\/#breadcrumb\",\"itemListElement\":[{\"@type\":\"ListItem\",\"position\":1,\"name\":\"Shop\",\"item\":\"https:\\\/\\\/www.ledizioni.it\\\/shop-2\\\/\"},{\"@type\":\"ListItem\",\"position\":2,\"name\":\"SI RENDE NOTO CHE ALLE ORE&#8230;\"}]},{\"@type\":\"WebSite\",\"@id\":\"https:\\\/\\\/www.ledizioni.it\\\/#website\",\"url\":\"https:\\\/\\\/www.ledizioni.it\\\/\",\"name\":\"Ledizioni\",\"description\":\"The Innovative LediPublishing Company - Casa Editrice Universitaria\",\"publisher\":{\"@id\":\"https:\\\/\\\/www.ledizioni.it\\\/#organization\"},\"potentialAction\":[{\"@type\":\"SearchAction\",\"target\":{\"@type\":\"EntryPoint\",\"urlTemplate\":\"https:\\\/\\\/www.ledizioni.it\\\/?s={search_term_string}\"},\"query-input\":{\"@type\":\"PropertyValueSpecification\",\"valueRequired\":true,\"valueName\":\"search_term_string\"}}],\"inLanguage\":\"en-GB\"},{\"@type\":\"Organization\",\"@id\":\"https:\\\/\\\/www.ledizioni.it\\\/#organization\",\"name\":\"Ledizioni\",\"url\":\"https:\\\/\\\/www.ledizioni.it\\\/\",\"logo\":{\"@type\":\"ImageObject\",\"inLanguage\":\"en-GB\",\"@id\":\"https:\\\/\\\/www.ledizioni.it\\\/#\\\/schema\\\/logo\\\/image\\\/\",\"url\":\"https:\\\/\\\/www.ledizioni.it\\\/stag\\\/wp-content\\\/uploads\\\/2023\\\/10\\\/newlogoledizioni500x110_2-1.jpg\",\"contentUrl\":\"https:\\\/\\\/www.ledizioni.it\\\/stag\\\/wp-content\\\/uploads\\\/2023\\\/10\\\/newlogoledizioni500x110_2-1.jpg\",\"width\":354,\"height\":87,\"caption\":\"Ledizioni\"},\"image\":{\"@id\":\"https:\\\/\\\/www.ledizioni.it\\\/#\\\/schema\\\/logo\\\/image\\\/\"},\"sameAs\":[\"https:\\\/\\\/www.facebook.com\\\/pages\\\/Ledizioni-LediPublishing\\\/109120559173329\",\"https:\\\/\\\/x.com\\\/ledizioni\"]}]}<\/script>\n<!-- \/ Yoast SEO plugin. -->","yoast_head_json":{"title":"Si rende noto che alle ore...","description":"\"Si rende noto che alle ore...\" racconta una storia di medici, di ospedali, di vite che s\u2019intrecciano nelle dinamiche delle piccole e delle grandi comunit\u00e0.","robots":{"index":"index","follow":"follow","max-snippet":"max-snippet:-1","max-image-preview":"max-image-preview:large","max-video-preview":"max-video-preview:-1"},"canonical":"https:\/\/www.ledizioni.it\/en\/product\/tramarin-si-rende-noto-che-alle-ore\/","og_locale":"en_GB","og_type":"article","og_title":"Si rende noto che alle ore...","og_description":"\"Si rende noto che alle ore...\" racconta una storia di medici, di ospedali, di vite che s\u2019intrecciano nelle dinamiche delle piccole e delle grandi comunit\u00e0.","og_url":"https:\/\/www.ledizioni.it\/en\/product\/tramarin-si-rende-noto-che-alle-ore\/","og_site_name":"Ledizioni","article_publisher":"https:\/\/www.facebook.com\/pages\/Ledizioni-LediPublishing\/109120559173329","article_modified_time":"2021-07-06T15:21:19+00:00","og_image":[{"width":1505,"height":2088,"url":"https:\/\/www.ledizioni.it\/stag\/wp-content\/uploads\/2014\/03\/tramarin3d.jpg","type":"image\/jpeg"}],"twitter_card":"summary_large_image","twitter_site":"@ledizioni","twitter_misc":{"Estimated reading time":"1 minute"},"schema":{"@context":"https:\/\/schema.org","@graph":[{"@type":"WebPage","@id":"https:\/\/www.ledizioni.it\/prodotto\/tramarin-si-rende-noto-che-alle-ore\/","url":"https:\/\/www.ledizioni.it\/prodotto\/tramarin-si-rende-noto-che-alle-ore\/","name":"Si rende noto che alle ore...","isPartOf":{"@id":"https:\/\/www.ledizioni.it\/#website"},"primaryImageOfPage":{"@id":"https:\/\/www.ledizioni.it\/prodotto\/tramarin-si-rende-noto-che-alle-ore\/#primaryimage"},"image":{"@id":"https:\/\/www.ledizioni.it\/prodotto\/tramarin-si-rende-noto-che-alle-ore\/#primaryimage"},"thumbnailUrl":"https:\/\/www.ledizioni.it\/stag\/wp-content\/uploads\/2014\/03\/tramarin3d.jpg","datePublished":"2014-03-04T09:44:56+00:00","dateModified":"2021-07-06T15:21:19+00:00","description":"\"Si rende noto che alle ore...\" racconta una storia di medici, di ospedali, di vite che s\u2019intrecciano nelle dinamiche delle piccole e delle grandi comunit\u00e0.","breadcrumb":{"@id":"https:\/\/www.ledizioni.it\/prodotto\/tramarin-si-rende-noto-che-alle-ore\/#breadcrumb"},"inLanguage":"en-GB","potentialAction":[{"@type":"ReadAction","target":["https:\/\/www.ledizioni.it\/prodotto\/tramarin-si-rende-noto-che-alle-ore\/"]}]},{"@type":"ImageObject","inLanguage":"en-GB","@id":"https:\/\/www.ledizioni.it\/prodotto\/tramarin-si-rende-noto-che-alle-ore\/#primaryimage","url":"https:\/\/www.ledizioni.it\/stag\/wp-content\/uploads\/2014\/03\/tramarin3d.jpg","contentUrl":"https:\/\/www.ledizioni.it\/stag\/wp-content\/uploads\/2014\/03\/tramarin3d.jpg","width":1505,"height":2088},{"@type":"BreadcrumbList","@id":"https:\/\/www.ledizioni.it\/prodotto\/tramarin-si-rende-noto-che-alle-ore\/#breadcrumb","itemListElement":[{"@type":"ListItem","position":1,"name":"Shop","item":"https:\/\/www.ledizioni.it\/shop-2\/"},{"@type":"ListItem","position":2,"name":"SI RENDE NOTO CHE ALLE ORE&#8230;"}]},{"@type":"WebSite","@id":"https:\/\/www.ledizioni.it\/#website","url":"https:\/\/www.ledizioni.it\/","name":"Ledizioni","description":"The Innovative LediPublishing Company - Casa Editrice Universitaria","publisher":{"@id":"https:\/\/www.ledizioni.it\/#organization"},"potentialAction":[{"@type":"SearchAction","target":{"@type":"EntryPoint","urlTemplate":"https:\/\/www.ledizioni.it\/?s={search_term_string}"},"query-input":{"@type":"PropertyValueSpecification","valueRequired":true,"valueName":"search_term_string"}}],"inLanguage":"en-GB"},{"@type":"Organization","@id":"https:\/\/www.ledizioni.it\/#organization","name":"Ledizioni","url":"https:\/\/www.ledizioni.it\/","logo":{"@type":"ImageObject","inLanguage":"en-GB","@id":"https:\/\/www.ledizioni.it\/#\/schema\/logo\/image\/","url":"https:\/\/www.ledizioni.it\/stag\/wp-content\/uploads\/2023\/10\/newlogoledizioni500x110_2-1.jpg","contentUrl":"https:\/\/www.ledizioni.it\/stag\/wp-content\/uploads\/2023\/10\/newlogoledizioni500x110_2-1.jpg","width":354,"height":87,"caption":"Ledizioni"},"image":{"@id":"https:\/\/www.ledizioni.it\/#\/schema\/logo\/image\/"},"sameAs":["https:\/\/www.facebook.com\/pages\/Ledizioni-LediPublishing\/109120559173329","https:\/\/x.com\/ledizioni"]}]}},"jetpack_sharing_enabled":true,"_links":{"self":[{"href":"https:\/\/www.ledizioni.it\/en\/wp-json\/wp\/v2\/product\/8153","targetHints":{"allow":["GET"]}}],"collection":[{"href":"https:\/\/www.ledizioni.it\/en\/wp-json\/wp\/v2\/product"}],"about":[{"href":"https:\/\/www.ledizioni.it\/en\/wp-json\/wp\/v2\/types\/product"}],"replies":[{"embeddable":true,"href":"https:\/\/www.ledizioni.it\/en\/wp-json\/wp\/v2\/comments?post=8153"}],"version-history":[{"count":1,"href":"https:\/\/www.ledizioni.it\/en\/wp-json\/wp\/v2\/product\/8153\/revisions"}],"predecessor-version":[{"id":8347,"href":"https:\/\/www.ledizioni.it\/en\/wp-json\/wp\/v2\/product\/8153\/revisions\/8347"}],"wp:featuredmedia":[{"embeddable":true,"href":"https:\/\/www.ledizioni.it\/en\/wp-json\/wp\/v2\/media\/8157"}],"wp:attachment":[{"href":"https:\/\/www.ledizioni.it\/en\/wp-json\/wp\/v2\/media?parent=8153"}],"wp:term":[{"taxonomy":"product_brand","embeddable":true,"href":"https:\/\/www.ledizioni.it\/en\/wp-json\/wp\/v2\/product_brand?post=8153"},{"taxonomy":"product_cat","embeddable":true,"href":"https:\/\/www.ledizioni.it\/en\/wp-json\/wp\/v2\/product_cat?post=8153"},{"taxonomy":"product_tag","embeddable":true,"href":"https:\/\/www.ledizioni.it\/en\/wp-json\/wp\/v2\/product_tag?post=8153"}],"curies":[{"name":"wp","href":"https:\/\/api.w.org\/{rel}","templated":true}]}}