{"id":8239,"date":"2014-03-11T15:38:24","date_gmt":"2014-03-11T15:38:24","guid":{"rendered":"http:\/\/www.ledizioni.it\/prodotto\/cuadernos-aispi-2-2013\/"},"modified":"2022-06-10T16:34:53","modified_gmt":"2022-06-10T14:34:53","slug":"cuadernos-aispi-2-2013","status":"publish","type":"product","link":"https:\/\/www.ledizioni.it\/en\/product\/cuadernos-aispi-2-2013\/","title":{"rendered":"Cuadernos AISPI  n.2\/2013: Nuevas tendencias en la ling\u00fc\u00edstica del discurso"},"content":{"rendered":"<h3><strong>Cuadernos AISPI: Estudios de lenguas y literaturas hisp\u00e1nicas. Revista semestral de la Associazione Ispanisti Italiani.<\/strong><\/h3>\n<h3><strong>2\/2013. Nuevas tendencias en la ling\u00fc\u00edstica del discurso.<\/strong><\/h3>\n<p>&nbsp;<\/p>\n<p><strong>Editores<\/strong><br \/>\nMaria Vittoria Calvi<br \/>\nAntonio Briz<\/p>\n<h3>Secci\u00f3n monogr\u00e1fica<\/h3>\n<p><strong>Antonio Briz y Maria Vittoria Calvi<\/strong> Introducci\u00f3n<br \/>\n<strong>Catalina Fuentes Rodr\u00edguez<\/strong> La gram\u00e1tica discursiva: niveles, unidades y planos de an\u00e1lisis<br \/>\n<strong>Giovanni Garofalo<\/strong> \u00bfQui\u00e9n paga el pato? La argumentaci\u00f3n en el \u00e1mbito empresarial en \u00e9poca de crisis<br \/>\n<strong>Elena Landone<\/strong> La modalidad liminar en la normativa territorial de las comunidades aut\u00f3nomas espa\u00f1olas<br \/>\n<strong>\u00d3scar Loureda, Adriana Cruz y Grupo Diskurspartikeln und Kognition <\/strong>Aproximaci\u00f3n experimental sobre los costes de procesamiento de las part\u00edculas focales del espa\u00f1ol <em>tambi\u00e9n<\/em> and <em>incluso<\/em><br \/>\n<strong>Laura Mariottini<\/strong> La expresi\u00f3n de la agentividad en los juicios orales y sus consecuencias interaccionales e institucionales<br \/>\n<strong>Estrella Montol\u00edo Dur\u00e1n<\/strong> Construcciones conectivas que encapsulan. [A pesar de + SN] y la escritura experta<br \/>\n<strong>Jos\u00e9 Portol\u00e9s L\u00e1zaro<\/strong> Censura y an\u00e1lisis de la conversaci\u00f3n<br \/>\n<strong>Salvador Pons Border\u00eda<\/strong> Un solo tipo de reformulaci\u00f3n<br \/>\n<strong>Carla Prestigiacomo<\/strong> <em>Patente de corso y La zona fantasma<\/em>: estrategias argumentativas y (des)cortes\u00eda instrumental<br \/>\n<strong>Leonor Ruiz Gurillo<\/strong> El mon\u00f3logo humor\u00edstico como tipo de discurso. El dinamismo de los rasgos primarios<\/p>\n<p style=\"text-align: justify;\">Versione Online su LediJournals<\/p>\n<h3>DATI BIBLIOGRAFICI<\/h3>\n<p>Autore: Maria Vittoria Calvi, Antonio Briz (a cura di)<br \/>\nEditore: Ledizioni<br \/>\nCollana: <a href=\"http:\/\/www.ledizioni.it\/en\/collane\/letteratura\/cuadernos-aispi\/\" target=\"_blank\">Cuadernos AISPI<\/a><br \/>\nFormato: Brossura<br \/>\nPubblicato in:\u00a0 2013<br \/>\nISSN cartaceo: 2283981X<br \/>\nPrezzo cartaceo: 25.00 \u20ac<\/p>","protected":false},"excerpt":{"rendered":"<p>Cuaderno AISPI n.2: Nuevas tendencias en la ling\u00fc\u00edstica del discurso. Editores: Maria Vittoria Calvi, Antonio Briz.<\/p>","protected":false},"featured_media":8240,"comment_status":"open","ping_status":"closed","template":"","meta":{"_acf_changed":false},"product_brand":[],"product_cat":[767],"product_tag":[768,771],"class_list":{"0":"post-8239","1":"product","2":"type-product","3":"status-publish","4":"has-post-thumbnail","6":"product_cat-cuadernos-aispi","7":"product_tag-ispanisti","8":"product_tag-linguistica","9":"pa_formato-cartaceo","10":"pa_lingua-spagnolo","12":"first","13":"instock","14":"shipping-taxable","15":"purchasable","16":"product-type-simple"},"acf":[],"yoast_head":"<!-- This site is optimized with the Yoast SEO plugin v27.4 - https:\/\/yoast.com\/product\/yoast-seo-wordpress\/ -->\n<title>Cuadernos AISPI n.2\/2013: Nuevas tendencias en la ling\u00fc\u00edstica del discurso -<\/title>\n<meta name=\"description\" content=\"Cuaderno AISPI n.2: Nuevas tendencias en la ling\u00fc\u00edstica del discurso. Editores: Maria Vittoria Calvi, Antonio Briz.\" \/>\n<meta name=\"robots\" content=\"index, follow, max-snippet:-1, max-image-preview:large, max-video-preview:-1\" \/>\n<link rel=\"canonical\" href=\"https:\/\/www.ledizioni.it\/en\/product\/cuadernos-aispi-2-2013\/\" \/>\n<meta property=\"og:locale\" content=\"en_GB\" \/>\n<meta property=\"og:type\" content=\"article\" \/>\n<meta property=\"og:title\" content=\"Cuadernos AISPI n.2\/2013: Nuevas tendencias en la ling\u00fc\u00edstica del discurso -\" \/>\n<meta property=\"og:description\" content=\"Cuaderno AISPI n.2: Nuevas tendencias en la ling\u00fc\u00edstica del discurso. Editores: Maria Vittoria Calvi, Antonio Briz.\" \/>\n<meta property=\"og:url\" content=\"https:\/\/www.ledizioni.it\/en\/product\/cuadernos-aispi-2-2013\/\" \/>\n<meta property=\"og:site_name\" content=\"Ledizioni\" \/>\n<meta property=\"article:publisher\" content=\"https:\/\/www.facebook.com\/pages\/Ledizioni-LediPublishing\/109120559173329\" \/>\n<meta property=\"article:modified_time\" content=\"2022-06-10T14:34:53+00:00\" \/>\n<meta property=\"og:image\" content=\"https:\/\/www.ledizioni.it\/stag\/wp-content\/uploads\/2014\/03\/caud2_3d.jpg\" \/>\n\t<meta property=\"og:image:width\" content=\"1559\" \/>\n\t<meta property=\"og:image:height\" content=\"2094\" \/>\n\t<meta property=\"og:image:type\" content=\"image\/jpeg\" \/>\n<meta name=\"twitter:card\" content=\"summary_large_image\" \/>\n<meta name=\"twitter:site\" content=\"@ledizioni\" \/>\n<meta name=\"twitter:label1\" content=\"Estimated reading time\" \/>\n\t<meta name=\"twitter:data1\" content=\"1 minute\" \/>\n<script type=\"application\/ld+json\" class=\"yoast-schema-graph\">{\"@context\":\"https:\\\/\\\/schema.org\",\"@graph\":[{\"@type\":\"WebPage\",\"@id\":\"https:\\\/\\\/www.ledizioni.it\\\/en\\\/product\\\/cuadernos-aispi-2-2013\\\/\",\"url\":\"https:\\\/\\\/www.ledizioni.it\\\/en\\\/product\\\/cuadernos-aispi-2-2013\\\/\",\"name\":\"Cuadernos AISPI n.2\\\/2013: Nuevas tendencias en la ling\u00fc\u00edstica del discurso -\",\"isPartOf\":{\"@id\":\"https:\\\/\\\/www.ledizioni.it\\\/#website\"},\"primaryImageOfPage\":{\"@id\":\"https:\\\/\\\/www.ledizioni.it\\\/en\\\/product\\\/cuadernos-aispi-2-2013\\\/#primaryimage\"},\"image\":{\"@id\":\"https:\\\/\\\/www.ledizioni.it\\\/en\\\/product\\\/cuadernos-aispi-2-2013\\\/#primaryimage\"},\"thumbnailUrl\":\"https:\\\/\\\/www.ledizioni.it\\\/stag\\\/wp-content\\\/uploads\\\/2014\\\/03\\\/caud2_3d.jpg\",\"datePublished\":\"2014-03-11T15:38:24+00:00\",\"dateModified\":\"2022-06-10T14:34:53+00:00\",\"description\":\"Cuaderno AISPI n.2: Nuevas tendencias en la ling\u00fc\u00edstica del discurso. Editores: Maria Vittoria Calvi, Antonio Briz.\",\"breadcrumb\":{\"@id\":\"https:\\\/\\\/www.ledizioni.it\\\/en\\\/product\\\/cuadernos-aispi-2-2013\\\/#breadcrumb\"},\"inLanguage\":\"en-GB\",\"potentialAction\":[{\"@type\":\"ReadAction\",\"target\":[\"https:\\\/\\\/www.ledizioni.it\\\/en\\\/product\\\/cuadernos-aispi-2-2013\\\/\"]}]},{\"@type\":\"ImageObject\",\"inLanguage\":\"en-GB\",\"@id\":\"https:\\\/\\\/www.ledizioni.it\\\/en\\\/product\\\/cuadernos-aispi-2-2013\\\/#primaryimage\",\"url\":\"https:\\\/\\\/www.ledizioni.it\\\/stag\\\/wp-content\\\/uploads\\\/2014\\\/03\\\/caud2_3d.jpg\",\"contentUrl\":\"https:\\\/\\\/www.ledizioni.it\\\/stag\\\/wp-content\\\/uploads\\\/2014\\\/03\\\/caud2_3d.jpg\",\"width\":1559,\"height\":2094},{\"@type\":\"BreadcrumbList\",\"@id\":\"https:\\\/\\\/www.ledizioni.it\\\/en\\\/product\\\/cuadernos-aispi-2-2013\\\/#breadcrumb\",\"itemListElement\":[{\"@type\":\"ListItem\",\"position\":1,\"name\":\"Shop\",\"item\":\"https:\\\/\\\/www.ledizioni.it\\\/shop-2\\\/\"},{\"@type\":\"ListItem\",\"position\":2,\"name\":\"Cuadernos AISPI n.2\\\/2013: Nuevas tendencias en la ling\u00fc\u00edstica del discurso\"}]},{\"@type\":\"WebSite\",\"@id\":\"https:\\\/\\\/www.ledizioni.it\\\/#website\",\"url\":\"https:\\\/\\\/www.ledizioni.it\\\/\",\"name\":\"Ledizioni\",\"description\":\"The Innovative LediPublishing Company - Casa Editrice Universitaria\",\"publisher\":{\"@id\":\"https:\\\/\\\/www.ledizioni.it\\\/#organization\"},\"potentialAction\":[{\"@type\":\"SearchAction\",\"target\":{\"@type\":\"EntryPoint\",\"urlTemplate\":\"https:\\\/\\\/www.ledizioni.it\\\/?s={search_term_string}\"},\"query-input\":{\"@type\":\"PropertyValueSpecification\",\"valueRequired\":true,\"valueName\":\"search_term_string\"}}],\"inLanguage\":\"en-GB\"},{\"@type\":\"Organization\",\"@id\":\"https:\\\/\\\/www.ledizioni.it\\\/#organization\",\"name\":\"Ledizioni\",\"url\":\"https:\\\/\\\/www.ledizioni.it\\\/\",\"logo\":{\"@type\":\"ImageObject\",\"inLanguage\":\"en-GB\",\"@id\":\"https:\\\/\\\/www.ledizioni.it\\\/#\\\/schema\\\/logo\\\/image\\\/\",\"url\":\"https:\\\/\\\/www.ledizioni.it\\\/stag\\\/wp-content\\\/uploads\\\/2023\\\/10\\\/newlogoledizioni500x110_2-1.jpg\",\"contentUrl\":\"https:\\\/\\\/www.ledizioni.it\\\/stag\\\/wp-content\\\/uploads\\\/2023\\\/10\\\/newlogoledizioni500x110_2-1.jpg\",\"width\":354,\"height\":87,\"caption\":\"Ledizioni\"},\"image\":{\"@id\":\"https:\\\/\\\/www.ledizioni.it\\\/#\\\/schema\\\/logo\\\/image\\\/\"},\"sameAs\":[\"https:\\\/\\\/www.facebook.com\\\/pages\\\/Ledizioni-LediPublishing\\\/109120559173329\",\"https:\\\/\\\/x.com\\\/ledizioni\"]}]}<\/script>\n<!-- \/ Yoast SEO plugin. -->","yoast_head_json":{"title":"Cuadernos AISPI n.2\/2013: Nuevas tendencias en la ling\u00fc\u00edstica del discurso -","description":"Cuaderno AISPI n.2: Nuevas tendencias en la ling\u00fc\u00edstica del discurso. Editores: Maria Vittoria Calvi, Antonio Briz.","robots":{"index":"index","follow":"follow","max-snippet":"max-snippet:-1","max-image-preview":"max-image-preview:large","max-video-preview":"max-video-preview:-1"},"canonical":"https:\/\/www.ledizioni.it\/en\/product\/cuadernos-aispi-2-2013\/","og_locale":"en_GB","og_type":"article","og_title":"Cuadernos AISPI n.2\/2013: Nuevas tendencias en la ling\u00fc\u00edstica del discurso -","og_description":"Cuaderno AISPI n.2: Nuevas tendencias en la ling\u00fc\u00edstica del discurso. Editores: Maria Vittoria Calvi, Antonio Briz.","og_url":"https:\/\/www.ledizioni.it\/en\/product\/cuadernos-aispi-2-2013\/","og_site_name":"Ledizioni","article_publisher":"https:\/\/www.facebook.com\/pages\/Ledizioni-LediPublishing\/109120559173329","article_modified_time":"2022-06-10T14:34:53+00:00","og_image":[{"width":1559,"height":2094,"url":"https:\/\/www.ledizioni.it\/stag\/wp-content\/uploads\/2014\/03\/caud2_3d.jpg","type":"image\/jpeg"}],"twitter_card":"summary_large_image","twitter_site":"@ledizioni","twitter_misc":{"Estimated reading time":"1 minute"},"schema":{"@context":"https:\/\/schema.org","@graph":[{"@type":"WebPage","@id":"https:\/\/www.ledizioni.it\/en\/product\/cuadernos-aispi-2-2013\/","url":"https:\/\/www.ledizioni.it\/en\/product\/cuadernos-aispi-2-2013\/","name":"Cuadernos AISPI n.2\/2013: Nuevas tendencias en la ling\u00fc\u00edstica del discurso -","isPartOf":{"@id":"https:\/\/www.ledizioni.it\/#website"},"primaryImageOfPage":{"@id":"https:\/\/www.ledizioni.it\/en\/product\/cuadernos-aispi-2-2013\/#primaryimage"},"image":{"@id":"https:\/\/www.ledizioni.it\/en\/product\/cuadernos-aispi-2-2013\/#primaryimage"},"thumbnailUrl":"https:\/\/www.ledizioni.it\/stag\/wp-content\/uploads\/2014\/03\/caud2_3d.jpg","datePublished":"2014-03-11T15:38:24+00:00","dateModified":"2022-06-10T14:34:53+00:00","description":"Cuaderno AISPI n.2: Nuevas tendencias en la ling\u00fc\u00edstica del discurso. Editores: Maria Vittoria Calvi, Antonio Briz.","breadcrumb":{"@id":"https:\/\/www.ledizioni.it\/en\/product\/cuadernos-aispi-2-2013\/#breadcrumb"},"inLanguage":"en-GB","potentialAction":[{"@type":"ReadAction","target":["https:\/\/www.ledizioni.it\/en\/product\/cuadernos-aispi-2-2013\/"]}]},{"@type":"ImageObject","inLanguage":"en-GB","@id":"https:\/\/www.ledizioni.it\/en\/product\/cuadernos-aispi-2-2013\/#primaryimage","url":"https:\/\/www.ledizioni.it\/stag\/wp-content\/uploads\/2014\/03\/caud2_3d.jpg","contentUrl":"https:\/\/www.ledizioni.it\/stag\/wp-content\/uploads\/2014\/03\/caud2_3d.jpg","width":1559,"height":2094},{"@type":"BreadcrumbList","@id":"https:\/\/www.ledizioni.it\/en\/product\/cuadernos-aispi-2-2013\/#breadcrumb","itemListElement":[{"@type":"ListItem","position":1,"name":"Shop","item":"https:\/\/www.ledizioni.it\/shop-2\/"},{"@type":"ListItem","position":2,"name":"Cuadernos AISPI n.2\/2013: Nuevas tendencias en la ling\u00fc\u00edstica del discurso"}]},{"@type":"WebSite","@id":"https:\/\/www.ledizioni.it\/#website","url":"https:\/\/www.ledizioni.it\/","name":"Ledizioni","description":"The Innovative LediPublishing Company - Casa Editrice Universitaria","publisher":{"@id":"https:\/\/www.ledizioni.it\/#organization"},"potentialAction":[{"@type":"SearchAction","target":{"@type":"EntryPoint","urlTemplate":"https:\/\/www.ledizioni.it\/?s={search_term_string}"},"query-input":{"@type":"PropertyValueSpecification","valueRequired":true,"valueName":"search_term_string"}}],"inLanguage":"en-GB"},{"@type":"Organization","@id":"https:\/\/www.ledizioni.it\/#organization","name":"Ledizioni","url":"https:\/\/www.ledizioni.it\/","logo":{"@type":"ImageObject","inLanguage":"en-GB","@id":"https:\/\/www.ledizioni.it\/#\/schema\/logo\/image\/","url":"https:\/\/www.ledizioni.it\/stag\/wp-content\/uploads\/2023\/10\/newlogoledizioni500x110_2-1.jpg","contentUrl":"https:\/\/www.ledizioni.it\/stag\/wp-content\/uploads\/2023\/10\/newlogoledizioni500x110_2-1.jpg","width":354,"height":87,"caption":"Ledizioni"},"image":{"@id":"https:\/\/www.ledizioni.it\/#\/schema\/logo\/image\/"},"sameAs":["https:\/\/www.facebook.com\/pages\/Ledizioni-LediPublishing\/109120559173329","https:\/\/x.com\/ledizioni"]}]}},"jetpack_sharing_enabled":true,"_links":{"self":[{"href":"https:\/\/www.ledizioni.it\/en\/wp-json\/wp\/v2\/product\/8239","targetHints":{"allow":["GET"]}}],"collection":[{"href":"https:\/\/www.ledizioni.it\/en\/wp-json\/wp\/v2\/product"}],"about":[{"href":"https:\/\/www.ledizioni.it\/en\/wp-json\/wp\/v2\/types\/product"}],"replies":[{"embeddable":true,"href":"https:\/\/www.ledizioni.it\/en\/wp-json\/wp\/v2\/comments?post=8239"}],"version-history":[{"count":0,"href":"https:\/\/www.ledizioni.it\/en\/wp-json\/wp\/v2\/product\/8239\/revisions"}],"wp:featuredmedia":[{"embeddable":true,"href":"https:\/\/www.ledizioni.it\/en\/wp-json\/wp\/v2\/media\/8240"}],"wp:attachment":[{"href":"https:\/\/www.ledizioni.it\/en\/wp-json\/wp\/v2\/media?parent=8239"}],"wp:term":[{"taxonomy":"product_brand","embeddable":true,"href":"https:\/\/www.ledizioni.it\/en\/wp-json\/wp\/v2\/product_brand?post=8239"},{"taxonomy":"product_cat","embeddable":true,"href":"https:\/\/www.ledizioni.it\/en\/wp-json\/wp\/v2\/product_cat?post=8239"},{"taxonomy":"product_tag","embeddable":true,"href":"https:\/\/www.ledizioni.it\/en\/wp-json\/wp\/v2\/product_tag?post=8239"}],"curies":[{"name":"wp","href":"https:\/\/api.w.org\/{rel}","templated":true}]}}