{"id":8283,"date":"2014-03-19T15:52:33","date_gmt":"2014-03-19T13:52:33","guid":{"rendered":"http:\/\/www.ledizioni.it\/prodotto\/quaderni-del-master-in-immigrazione-genere-modelli-familiari-e-strategie-di-integrazione-n-1\/"},"modified":"2021-05-19T16:05:36","modified_gmt":"2021-05-19T14:05:36","slug":"quaderni-del-master-in-immigrazione-genere-modelli-familiari-e-strategie-di-integrazione-n-1","status":"publish","type":"product","link":"https:\/\/www.ledizioni.it\/en\/product\/quaderni-del-master-in-immigrazione-genere-modelli-familiari-e-strategie-di-integrazione-n-1\/","title":{"rendered":"Quaderni del Master in &#8220;Immigrazione, Genere, Modelli Familiari e Strategie di Integrazione&#8221;, n. 1"},"content":{"rendered":"<p style=\"text-align: justify;\">Quest\u2019anno, in occasione della sesta edizione del Master in \u201cImmigrazione, Genere, Modelli Familiari e Strategie di Integrazione dell\u2019Universit\u00e0 degli Studi di Pavia\u201d, \u00e8 stata inaugurata una serie di Quaderni sui temi delle migrazioni. I Quaderni si propongono di diventare uno spazio per quanti portano il proprio contributo all\u2019interno del Master che ogni anno si arricchisce della presenza di studiosi, ricercatori e operatori che indagano e affrontano, con il loro lavoro, i tanti aspetti del fenomeno delle mobilit\u00e0 umane e che mostrano in ci\u00f2 particolare sensibilit\u00e0 ai temi di genere.<br \/>\nIl Master nasce infatti dalla considerazione che troppo spesso la progettazione e la gestione di interventi a favore dell\u2019integrazione degli immigrati non tiene conto delle differenze di genere e della complessit\u00e0 che definisce l\u2019universo dell\u2019immigrazione, sottovalutando l\u2019urgenza di offrire risposte adeguate alle domande che da l\u00ec provengono. Ci\u00f2 \u00e8 una grave omissione per una serie di motivi: perch\u00e9 alle donne debbono essere destinate misure specifiche volte a combattere il doppio rischio di esclusione sociale a cui sono esposte in quanto donne e in quanto migranti; perch\u00e9 l\u2019esperienza dei paesi di pi\u00f9 antica immigrazione conferma la funzione stabilizzante e di mediazione tra sfera pubblica e sfera privata che le donne immigrate svolgono all\u2019interno delle loro famiglie; perch\u00e9 come lavoratrici la maggior parte di loro offre servizi di accudimento e assistenza presso le famiglie italiane , svolgendo anche in questo caso un compito insostituibile; perch\u00e9 quanto pi\u00f9 gli immigrati e le loro famiglie saranno integrati nel tessuto sociale del nostro paese, tanto pi\u00f9 saranno alti i benefici di cui tutti noi, autoctoni e immigrati, potremo godere.<\/p>\n<p><strong>Autori inclusi in questo volume:<\/strong><br \/>\nErika Bin, Maria Carmela Rondinone, Cecilia Barbesi, Th\u00e9r\u00e8se Flore Tuegem, Oana Cristina Moruz, Giulia Caravaggi.<\/p>\n<p><strong>Comitato scientifico:<\/strong><br \/>\nAnna Rita Calabr\u00f2 (Coordinatore del Master e Direttore del Centro Interdipartimentale di Studi di Genere), Marina Chini, Maria Antonietta Confalonieri, Giovanni Cordini, Silvia Illari, Antonietta Marchi, Caterina Mauri, Antonio Morone, Maria Assunta Zanetti.<\/p>\n<p><strong>DATI BIBLIOGRAFICI<\/strong><\/p>\n<p>Autore: AA. VV.<br \/>\nEditore: Ledizioni<br \/>\nCollana: <a href=\"https:\/\/www.ledizioni.it\/en\/product-category\/politica\/quaderni-del-master-in-immigrazione\/-strategie-di-integrazione\/\" target=\"_blank\" rel=\"noopener\">Quaderni del Master in Immigrazione, Genere, Modelli Familiari e Strategie di Integrazione<\/a><br \/>\nFormato: Brossura 17 x 24<br \/>\nPubblicato in: 2014<br \/>\nISBN cartaceo: 9788867052066<br \/>\nPrezzo cartaceo: 18,00 \u20ac<\/p>\n<p><a href=\"https:\/\/www.torrossa.com\/it\/resources\/an\/3057379\"><img decoding=\"async\" class=\"aligncenter wp-image-23912\" src=\"https:\/\/www.ledizioni.it\/stag\/wp-content\/uploads\/2019\/07\/torrossa_web-150x80.jpg\" alt=\"\" width=\"200\" height=\"60\" \/><\/a><\/p>","protected":false},"excerpt":{"rendered":"<p>Quest\u2019anno, in occasione della sesta edizione del Master in \u201cImmigrazione, Genere, Modelli Familiari e Strategie di Integrazione dell\u2019Universit\u00e0 degli Studi<\/p>","protected":false},"featured_media":8286,"comment_status":"open","ping_status":"closed","template":"","meta":{"_acf_changed":false},"product_brand":[],"product_cat":[783],"product_tag":[1651,758,554,742,1497,822,781],"class_list":{"0":"post-8283","1":"product","2":"type-product","3":"status-publish","4":"has-post-thumbnail","6":"product_cat-quaderni-del-master-in-immigrazione","7":"product_tag-coesione-sociale","8":"product_tag-diritti-umani","9":"product_tag-donne","10":"product_tag-femminismo","11":"product_tag-inserimento-sociale","12":"product_tag-migrazioni","13":"product_tag-studi-di-genere","14":"pa_formato-cartaceo","15":"pa_lingua-francese","16":"pa_lingua-italiano","18":"first","19":"instock","20":"featured","21":"shipping-taxable","22":"purchasable","23":"product-type-simple"},"acf":[],"yoast_head":"<!-- This site is optimized with the Yoast SEO plugin v27.3 - https:\/\/yoast.com\/product\/yoast-seo-wordpress\/ -->\n<title>Quaderni del Master in &quot;Immigrazione, genere, modelli familiari e strategie di integrazione&quot;, n. 1<\/title>\n<meta name=\"description\" content=\"Il primo di una serie di Quaderni sui temi delle migrazioni. Per quanti portano il proprio contributo all\u2019interno del Master in \u201cImmigrazione, Genere, Modelli Familiari e Strategie di Integrazione dell\u2019Universit\u00e0 degli Studi di Pavia\u201d.\" \/>\n<meta name=\"robots\" content=\"index, follow, max-snippet:-1, max-image-preview:large, max-video-preview:-1\" \/>\n<link rel=\"canonical\" href=\"https:\/\/www.ledizioni.it\/en\/product\/quaderni-del-master-in-immigrazione-genere-modelli-familiari-e-strategie-di-integrazione-n-1\/\" \/>\n<meta property=\"og:locale\" content=\"en_GB\" \/>\n<meta property=\"og:type\" content=\"article\" \/>\n<meta property=\"og:title\" content=\"Quaderni del Master in &quot;Immigrazione, genere, modelli familiari e strategie di integrazione&quot;, n. 1\" \/>\n<meta property=\"og:description\" content=\"Il primo di una serie di Quaderni sui temi delle migrazioni. Per quanti portano il proprio contributo all\u2019interno del Master in \u201cImmigrazione, Genere, Modelli Familiari e Strategie di Integrazione dell\u2019Universit\u00e0 degli Studi di Pavia\u201d.\" \/>\n<meta property=\"og:url\" content=\"https:\/\/www.ledizioni.it\/en\/product\/quaderni-del-master-in-immigrazione-genere-modelli-familiari-e-strategie-di-integrazione-n-1\/\" \/>\n<meta property=\"og:site_name\" content=\"Ledizioni\" \/>\n<meta property=\"article:publisher\" content=\"https:\/\/www.facebook.com\/pages\/Ledizioni-LediPublishing\/109120559173329\" \/>\n<meta property=\"article:modified_time\" content=\"2021-05-19T14:05:36+00:00\" \/>\n<meta property=\"og:image\" content=\"https:\/\/www.ledizioni.it\/stag\/wp-content\/uploads\/2014\/03\/cover-3d2.jpg\" \/>\n\t<meta property=\"og:image:width\" content=\"1523\" \/>\n\t<meta property=\"og:image:height\" content=\"2136\" \/>\n\t<meta property=\"og:image:type\" content=\"image\/jpeg\" \/>\n<meta name=\"twitter:card\" content=\"summary_large_image\" \/>\n<meta name=\"twitter:site\" content=\"@ledizioni\" \/>\n<meta name=\"twitter:label1\" content=\"Estimated reading time\" \/>\n\t<meta name=\"twitter:data1\" content=\"2 minutes\" \/>\n<script type=\"application\/ld+json\" class=\"yoast-schema-graph\">{\"@context\":\"https:\\\/\\\/schema.org\",\"@graph\":[{\"@type\":\"WebPage\",\"@id\":\"https:\\\/\\\/www.ledizioni.it\\\/en\\\/product\\\/quaderni-del-master-in-immigrazione-genere-modelli-familiari-e-strategie-di-integrazione-n-1\\\/\",\"url\":\"https:\\\/\\\/www.ledizioni.it\\\/en\\\/product\\\/quaderni-del-master-in-immigrazione-genere-modelli-familiari-e-strategie-di-integrazione-n-1\\\/\",\"name\":\"Quaderni del Master in \\\"Immigrazione, genere, modelli familiari e strategie di integrazione\\\", n. 1\",\"isPartOf\":{\"@id\":\"https:\\\/\\\/www.ledizioni.it\\\/#website\"},\"primaryImageOfPage\":{\"@id\":\"https:\\\/\\\/www.ledizioni.it\\\/en\\\/product\\\/quaderni-del-master-in-immigrazione-genere-modelli-familiari-e-strategie-di-integrazione-n-1\\\/#primaryimage\"},\"image\":{\"@id\":\"https:\\\/\\\/www.ledizioni.it\\\/en\\\/product\\\/quaderni-del-master-in-immigrazione-genere-modelli-familiari-e-strategie-di-integrazione-n-1\\\/#primaryimage\"},\"thumbnailUrl\":\"https:\\\/\\\/www.ledizioni.it\\\/stag\\\/wp-content\\\/uploads\\\/2014\\\/03\\\/cover-3d2.jpg\",\"datePublished\":\"2014-03-19T13:52:33+00:00\",\"dateModified\":\"2021-05-19T14:05:36+00:00\",\"description\":\"Il primo di una serie di Quaderni sui temi delle migrazioni. Per quanti portano il proprio contributo all\u2019interno del Master in \u201cImmigrazione, Genere, Modelli Familiari e Strategie di Integrazione dell\u2019Universit\u00e0 degli Studi di Pavia\u201d.\",\"breadcrumb\":{\"@id\":\"https:\\\/\\\/www.ledizioni.it\\\/en\\\/product\\\/quaderni-del-master-in-immigrazione-genere-modelli-familiari-e-strategie-di-integrazione-n-1\\\/#breadcrumb\"},\"inLanguage\":\"en-GB\",\"potentialAction\":[{\"@type\":\"ReadAction\",\"target\":[\"https:\\\/\\\/www.ledizioni.it\\\/en\\\/product\\\/quaderni-del-master-in-immigrazione-genere-modelli-familiari-e-strategie-di-integrazione-n-1\\\/\"]}]},{\"@type\":\"ImageObject\",\"inLanguage\":\"en-GB\",\"@id\":\"https:\\\/\\\/www.ledizioni.it\\\/en\\\/product\\\/quaderni-del-master-in-immigrazione-genere-modelli-familiari-e-strategie-di-integrazione-n-1\\\/#primaryimage\",\"url\":\"https:\\\/\\\/www.ledizioni.it\\\/stag\\\/wp-content\\\/uploads\\\/2014\\\/03\\\/cover-3d2.jpg\",\"contentUrl\":\"https:\\\/\\\/www.ledizioni.it\\\/stag\\\/wp-content\\\/uploads\\\/2014\\\/03\\\/cover-3d2.jpg\",\"width\":1523,\"height\":2136},{\"@type\":\"BreadcrumbList\",\"@id\":\"https:\\\/\\\/www.ledizioni.it\\\/en\\\/product\\\/quaderni-del-master-in-immigrazione-genere-modelli-familiari-e-strategie-di-integrazione-n-1\\\/#breadcrumb\",\"itemListElement\":[{\"@type\":\"ListItem\",\"position\":1,\"name\":\"Shop\",\"item\":\"https:\\\/\\\/www.ledizioni.it\\\/shop-2\\\/\"},{\"@type\":\"ListItem\",\"position\":2,\"name\":\"Quaderni del Master in &#8220;Immigrazione, Genere, Modelli Familiari e Strategie di Integrazione&#8221;, n. 1\"}]},{\"@type\":\"WebSite\",\"@id\":\"https:\\\/\\\/www.ledizioni.it\\\/#website\",\"url\":\"https:\\\/\\\/www.ledizioni.it\\\/\",\"name\":\"Ledizioni\",\"description\":\"The Innovative LediPublishing Company - Casa Editrice Universitaria\",\"publisher\":{\"@id\":\"https:\\\/\\\/www.ledizioni.it\\\/#organization\"},\"potentialAction\":[{\"@type\":\"SearchAction\",\"target\":{\"@type\":\"EntryPoint\",\"urlTemplate\":\"https:\\\/\\\/www.ledizioni.it\\\/?s={search_term_string}\"},\"query-input\":{\"@type\":\"PropertyValueSpecification\",\"valueRequired\":true,\"valueName\":\"search_term_string\"}}],\"inLanguage\":\"en-GB\"},{\"@type\":\"Organization\",\"@id\":\"https:\\\/\\\/www.ledizioni.it\\\/#organization\",\"name\":\"Ledizioni\",\"url\":\"https:\\\/\\\/www.ledizioni.it\\\/\",\"logo\":{\"@type\":\"ImageObject\",\"inLanguage\":\"en-GB\",\"@id\":\"https:\\\/\\\/www.ledizioni.it\\\/#\\\/schema\\\/logo\\\/image\\\/\",\"url\":\"https:\\\/\\\/www.ledizioni.it\\\/stag\\\/wp-content\\\/uploads\\\/2023\\\/10\\\/newlogoledizioni500x110_2-1.jpg\",\"contentUrl\":\"https:\\\/\\\/www.ledizioni.it\\\/stag\\\/wp-content\\\/uploads\\\/2023\\\/10\\\/newlogoledizioni500x110_2-1.jpg\",\"width\":354,\"height\":87,\"caption\":\"Ledizioni\"},\"image\":{\"@id\":\"https:\\\/\\\/www.ledizioni.it\\\/#\\\/schema\\\/logo\\\/image\\\/\"},\"sameAs\":[\"https:\\\/\\\/www.facebook.com\\\/pages\\\/Ledizioni-LediPublishing\\\/109120559173329\",\"https:\\\/\\\/x.com\\\/ledizioni\"]}]}<\/script>\n<!-- \/ Yoast SEO plugin. -->","yoast_head_json":{"title":"Quaderni del Master in \"Immigrazione, genere, modelli familiari e strategie di integrazione\", n. 1","description":"Il primo di una serie di Quaderni sui temi delle migrazioni. Per quanti portano il proprio contributo all\u2019interno del Master in \u201cImmigrazione, Genere, Modelli Familiari e Strategie di Integrazione dell\u2019Universit\u00e0 degli Studi di Pavia\u201d.","robots":{"index":"index","follow":"follow","max-snippet":"max-snippet:-1","max-image-preview":"max-image-preview:large","max-video-preview":"max-video-preview:-1"},"canonical":"https:\/\/www.ledizioni.it\/en\/product\/quaderni-del-master-in-immigrazione-genere-modelli-familiari-e-strategie-di-integrazione-n-1\/","og_locale":"en_GB","og_type":"article","og_title":"Quaderni del Master in \"Immigrazione, genere, modelli familiari e strategie di integrazione\", n. 1","og_description":"Il primo di una serie di Quaderni sui temi delle migrazioni. Per quanti portano il proprio contributo all\u2019interno del Master in \u201cImmigrazione, Genere, Modelli Familiari e Strategie di Integrazione dell\u2019Universit\u00e0 degli Studi di Pavia\u201d.","og_url":"https:\/\/www.ledizioni.it\/en\/product\/quaderni-del-master-in-immigrazione-genere-modelli-familiari-e-strategie-di-integrazione-n-1\/","og_site_name":"Ledizioni","article_publisher":"https:\/\/www.facebook.com\/pages\/Ledizioni-LediPublishing\/109120559173329","article_modified_time":"2021-05-19T14:05:36+00:00","og_image":[{"width":1523,"height":2136,"url":"https:\/\/www.ledizioni.it\/stag\/wp-content\/uploads\/2014\/03\/cover-3d2.jpg","type":"image\/jpeg"}],"twitter_card":"summary_large_image","twitter_site":"@ledizioni","twitter_misc":{"Estimated reading time":"2 minutes"},"schema":{"@context":"https:\/\/schema.org","@graph":[{"@type":"WebPage","@id":"https:\/\/www.ledizioni.it\/en\/product\/quaderni-del-master-in-immigrazione-genere-modelli-familiari-e-strategie-di-integrazione-n-1\/","url":"https:\/\/www.ledizioni.it\/en\/product\/quaderni-del-master-in-immigrazione-genere-modelli-familiari-e-strategie-di-integrazione-n-1\/","name":"Quaderni del Master in \"Immigrazione, genere, modelli familiari e strategie di integrazione\", n. 1","isPartOf":{"@id":"https:\/\/www.ledizioni.it\/#website"},"primaryImageOfPage":{"@id":"https:\/\/www.ledizioni.it\/en\/product\/quaderni-del-master-in-immigrazione-genere-modelli-familiari-e-strategie-di-integrazione-n-1\/#primaryimage"},"image":{"@id":"https:\/\/www.ledizioni.it\/en\/product\/quaderni-del-master-in-immigrazione-genere-modelli-familiari-e-strategie-di-integrazione-n-1\/#primaryimage"},"thumbnailUrl":"https:\/\/www.ledizioni.it\/stag\/wp-content\/uploads\/2014\/03\/cover-3d2.jpg","datePublished":"2014-03-19T13:52:33+00:00","dateModified":"2021-05-19T14:05:36+00:00","description":"Il primo di una serie di Quaderni sui temi delle migrazioni. Per quanti portano il proprio contributo all\u2019interno del Master in \u201cImmigrazione, Genere, Modelli Familiari e Strategie di Integrazione dell\u2019Universit\u00e0 degli Studi di Pavia\u201d.","breadcrumb":{"@id":"https:\/\/www.ledizioni.it\/en\/product\/quaderni-del-master-in-immigrazione-genere-modelli-familiari-e-strategie-di-integrazione-n-1\/#breadcrumb"},"inLanguage":"en-GB","potentialAction":[{"@type":"ReadAction","target":["https:\/\/www.ledizioni.it\/en\/product\/quaderni-del-master-in-immigrazione-genere-modelli-familiari-e-strategie-di-integrazione-n-1\/"]}]},{"@type":"ImageObject","inLanguage":"en-GB","@id":"https:\/\/www.ledizioni.it\/en\/product\/quaderni-del-master-in-immigrazione-genere-modelli-familiari-e-strategie-di-integrazione-n-1\/#primaryimage","url":"https:\/\/www.ledizioni.it\/stag\/wp-content\/uploads\/2014\/03\/cover-3d2.jpg","contentUrl":"https:\/\/www.ledizioni.it\/stag\/wp-content\/uploads\/2014\/03\/cover-3d2.jpg","width":1523,"height":2136},{"@type":"BreadcrumbList","@id":"https:\/\/www.ledizioni.it\/en\/product\/quaderni-del-master-in-immigrazione-genere-modelli-familiari-e-strategie-di-integrazione-n-1\/#breadcrumb","itemListElement":[{"@type":"ListItem","position":1,"name":"Shop","item":"https:\/\/www.ledizioni.it\/shop-2\/"},{"@type":"ListItem","position":2,"name":"Quaderni del Master in &#8220;Immigrazione, Genere, Modelli Familiari e Strategie di Integrazione&#8221;, n. 1"}]},{"@type":"WebSite","@id":"https:\/\/www.ledizioni.it\/#website","url":"https:\/\/www.ledizioni.it\/","name":"Ledizioni","description":"The Innovative LediPublishing Company - Casa Editrice Universitaria","publisher":{"@id":"https:\/\/www.ledizioni.it\/#organization"},"potentialAction":[{"@type":"SearchAction","target":{"@type":"EntryPoint","urlTemplate":"https:\/\/www.ledizioni.it\/?s={search_term_string}"},"query-input":{"@type":"PropertyValueSpecification","valueRequired":true,"valueName":"search_term_string"}}],"inLanguage":"en-GB"},{"@type":"Organization","@id":"https:\/\/www.ledizioni.it\/#organization","name":"Ledizioni","url":"https:\/\/www.ledizioni.it\/","logo":{"@type":"ImageObject","inLanguage":"en-GB","@id":"https:\/\/www.ledizioni.it\/#\/schema\/logo\/image\/","url":"https:\/\/www.ledizioni.it\/stag\/wp-content\/uploads\/2023\/10\/newlogoledizioni500x110_2-1.jpg","contentUrl":"https:\/\/www.ledizioni.it\/stag\/wp-content\/uploads\/2023\/10\/newlogoledizioni500x110_2-1.jpg","width":354,"height":87,"caption":"Ledizioni"},"image":{"@id":"https:\/\/www.ledizioni.it\/#\/schema\/logo\/image\/"},"sameAs":["https:\/\/www.facebook.com\/pages\/Ledizioni-LediPublishing\/109120559173329","https:\/\/x.com\/ledizioni"]}]}},"jetpack_sharing_enabled":true,"_links":{"self":[{"href":"https:\/\/www.ledizioni.it\/en\/wp-json\/wp\/v2\/product\/8283","targetHints":{"allow":["GET"]}}],"collection":[{"href":"https:\/\/www.ledizioni.it\/en\/wp-json\/wp\/v2\/product"}],"about":[{"href":"https:\/\/www.ledizioni.it\/en\/wp-json\/wp\/v2\/types\/product"}],"replies":[{"embeddable":true,"href":"https:\/\/www.ledizioni.it\/en\/wp-json\/wp\/v2\/comments?post=8283"}],"version-history":[{"count":1,"href":"https:\/\/www.ledizioni.it\/en\/wp-json\/wp\/v2\/product\/8283\/revisions"}],"predecessor-version":[{"id":8343,"href":"https:\/\/www.ledizioni.it\/en\/wp-json\/wp\/v2\/product\/8283\/revisions\/8343"}],"wp:featuredmedia":[{"embeddable":true,"href":"https:\/\/www.ledizioni.it\/en\/wp-json\/wp\/v2\/media\/8286"}],"wp:attachment":[{"href":"https:\/\/www.ledizioni.it\/en\/wp-json\/wp\/v2\/media?parent=8283"}],"wp:term":[{"taxonomy":"product_brand","embeddable":true,"href":"https:\/\/www.ledizioni.it\/en\/wp-json\/wp\/v2\/product_brand?post=8283"},{"taxonomy":"product_cat","embeddable":true,"href":"https:\/\/www.ledizioni.it\/en\/wp-json\/wp\/v2\/product_cat?post=8283"},{"taxonomy":"product_tag","embeddable":true,"href":"https:\/\/www.ledizioni.it\/en\/wp-json\/wp\/v2\/product_tag?post=8283"}],"curies":[{"name":"wp","href":"https:\/\/api.w.org\/{rel}","templated":true}]}}