{"id":8382,"date":"2014-04-03T12:41:45","date_gmt":"2014-04-03T12:41:45","guid":{"rendered":"http:\/\/www.ledizioni.it\/prodotto\/giovanni-della-casa-galateo\/"},"modified":"2017-03-06T14:57:17","modified_gmt":"2017-03-06T14:57:17","slug":"giovanni-della-casa-galateo","status":"publish","type":"product","link":"https:\/\/www.ledizioni.it\/en\/product\/giovanni-della-casa-galateo\/","title":{"rendered":"Giovanni Della Casa, Galateo"},"content":{"rendered":"<p style=\"text-align: justify;\">&#8220;Con ci\u00f2 sia cosa che tu incominci pur ora quel viaggio del quale io ho la maggior parte, s\u00ec come tu vedi, fornito, cio\u00e8 questa vita mortale, amandoti io assai, come io fo, ho proposto meco medesimo di venirti mostrando quando un luogo e quando altro, dove io, come colui che gli ho sperimentati, temo che tu, caminando per essa, possi agevolmente o cadere, o come che sia, errare: accioch\u00e9 tu, ammaestrato da me, possi tenere la diritta via con la salute dell\u2019anima tua e con laude et onore della tua orrevole e nobile famiglia.&#8221;<br \/>\nCos\u00ec, con un anziano che si appresta ad istruire un fanciullo sui modi giusti ed errati di comportarsi, inizia il Galateo di Giovanni Della Casa, celeberrimo trattato sulle buone maniere, scritto nella met\u00e0 del 1500 ma ancora per molti aspetti tremendamente attuale.<br \/>\nNella sua opera, Monsignor Della Casa d\u00e0 30 &#8220;consigli&#8221; su come comportarsi nelle pi\u00f9 svariate situazioni di vita quotidiana, dalla conversazione, alla tavola, alle cerimonie. E se leggere di come tu debba vestirti alla maniera del luogo &#8220;acci\u00f2 che tu solo non sii colui che nelle tue contrade abbia la guarnaccia lunga fino in sul tallone, ove tutti gli altri la portino cortissima poco pi\u00f9 gi\u00f9 che la cintura&#8221; \u00e8 poco pi\u00f9 che una piacevole digressione storica e culturale nel mondo del Rinascimento, l&#8217;idea che tu non debba &#8220;soffiato che tu ti sarai il naso, aprire il moccichino e guatarvi entro, come se perle o rubini ti dovessero esser discesi dal ci\u00e8labro&#8221; \u00e8 sicuramente un consiglio che potrete dispensare anche nel 2014.<\/p>\n<p style=\"text-align: justify;\">Ledizioni pubblica quest&#8217;opera fuori diritti in formato ePub.<\/p>\n<p>&nbsp;<\/p>\n<h3>DATI BIBLIOGRAFICI<\/h3>\n<table border=\"0\" width=\"100%\">\n<tbody>\n<tr>\n<td width=\"83%\">Autore: Giovanni Della Casa<br \/>\nEditore: Ledizioni<br \/>\nCollana: <a title=\"History\" href=\"http:\/\/www.ledizioni.it\/en\/sito\/collane\/letteratura\/digital-classics\/\" target=\"_blank\">Digital Classics<br \/>\n<\/a> Formato: ePub<br \/>\nPubblicato in: Aprile 2014<br \/>\nISBN:\u00a0\u00a09788867052158 (ePub)<br \/>\nPrezzo (ePub): 0.49 \u20ac<\/td>\n<td width=\"17%\">\n<h3><strong>\u00a0<\/strong><\/h3>\n<\/td>\n<\/tr>\n<\/tbody>\n<\/table>\n<p style=\"text-align: center;\">\u00a0[button link=&#8221;http:\/\/ledibooks.com\/galateo\/&#8221; style=&#8221;info&#8221;]Leggilo online su Ledibooks[\/button]<\/p>\n<p>&nbsp;<\/p>\n<p>&nbsp;<\/p>","protected":false},"excerpt":{"rendered":"<p>&#8220;Con ci\u00f2 sia cosa che tu incominci pur ora quel viaggio del quale io ho la maggior parte, s\u00ec come<\/p>","protected":false},"featured_media":8641,"comment_status":"open","ping_status":"closed","template":"","meta":{"_acf_changed":false},"product_brand":[],"product_cat":[1031],"product_tag":[796,669],"class_list":{"0":"post-8382","1":"product","2":"type-product","3":"status-publish","4":"has-post-thumbnail","6":"product_cat-digital-classics","7":"product_tag-classici","8":"product_tag-galateo","9":"pa_formato-ebook-in-epub","10":"pa_lingua-italiano","12":"first","13":"instock","14":"downloadable","15":"shipping-taxable","16":"purchasable","17":"product-type-simple"},"acf":[],"yoast_head":"<!-- This site is optimized with the Yoast SEO plugin v27.3 - https:\/\/yoast.com\/product\/yoast-seo-wordpress\/ -->\n<title>Giovanni Della Casa, Galateo -<\/title>\n<meta name=\"description\" content=\"Il Galateo di Giovanni della Casa, opera fuori diritti, ripubblicato in formato ePub da Ledizioni.\" \/>\n<meta name=\"robots\" content=\"index, follow, max-snippet:-1, max-image-preview:large, max-video-preview:-1\" \/>\n<link rel=\"canonical\" href=\"https:\/\/www.ledizioni.it\/en\/product\/giovanni-della-casa-galateo\/\" \/>\n<meta property=\"og:locale\" content=\"en_GB\" \/>\n<meta property=\"og:type\" content=\"article\" \/>\n<meta property=\"og:title\" content=\"Giovanni Della Casa, Galateo -\" \/>\n<meta property=\"og:description\" content=\"Il Galateo di Giovanni della Casa, opera fuori diritti, ripubblicato in formato ePub da Ledizioni.\" \/>\n<meta property=\"og:url\" content=\"https:\/\/www.ledizioni.it\/en\/product\/giovanni-della-casa-galateo\/\" \/>\n<meta property=\"og:site_name\" content=\"Ledizioni\" \/>\n<meta property=\"article:publisher\" content=\"https:\/\/www.facebook.com\/pages\/Ledizioni-LediPublishing\/109120559173329\" \/>\n<meta property=\"article:modified_time\" content=\"2017-03-06T14:57:17+00:00\" \/>\n<meta property=\"og:image\" content=\"https:\/\/www.ledizioni.it\/stag\/wp-content\/uploads\/2014\/04\/galateo3dpiccola1-291x5251.jpg\" \/>\n\t<meta property=\"og:image:width\" content=\"1493\" \/>\n\t<meta property=\"og:image:height\" content=\"2080\" \/>\n\t<meta property=\"og:image:type\" content=\"image\/jpeg\" \/>\n<meta name=\"twitter:card\" content=\"summary_large_image\" \/>\n<meta name=\"twitter:site\" content=\"@ledizioni\" \/>\n<meta name=\"twitter:label1\" content=\"Estimated reading time\" \/>\n\t<meta name=\"twitter:data1\" content=\"2 minutes\" \/>\n<script type=\"application\/ld+json\" class=\"yoast-schema-graph\">{\"@context\":\"https:\\\/\\\/schema.org\",\"@graph\":[{\"@type\":\"WebPage\",\"@id\":\"https:\\\/\\\/www.ledizioni.it\\\/prodotto\\\/giovanni-della-casa-galateo\\\/\",\"url\":\"https:\\\/\\\/www.ledizioni.it\\\/prodotto\\\/giovanni-della-casa-galateo\\\/\",\"name\":\"Giovanni Della Casa, Galateo -\",\"isPartOf\":{\"@id\":\"https:\\\/\\\/www.ledizioni.it\\\/#website\"},\"primaryImageOfPage\":{\"@id\":\"https:\\\/\\\/www.ledizioni.it\\\/prodotto\\\/giovanni-della-casa-galateo\\\/#primaryimage\"},\"image\":{\"@id\":\"https:\\\/\\\/www.ledizioni.it\\\/prodotto\\\/giovanni-della-casa-galateo\\\/#primaryimage\"},\"thumbnailUrl\":\"https:\\\/\\\/www.ledizioni.it\\\/stag\\\/wp-content\\\/uploads\\\/2014\\\/04\\\/galateo3dpiccola1-291x5251.jpg\",\"datePublished\":\"2014-04-03T12:41:45+00:00\",\"dateModified\":\"2017-03-06T14:57:17+00:00\",\"description\":\"Il Galateo di Giovanni della Casa, opera fuori diritti, ripubblicato in formato ePub da Ledizioni.\",\"breadcrumb\":{\"@id\":\"https:\\\/\\\/www.ledizioni.it\\\/prodotto\\\/giovanni-della-casa-galateo\\\/#breadcrumb\"},\"inLanguage\":\"en-GB\",\"potentialAction\":[{\"@type\":\"ReadAction\",\"target\":[\"https:\\\/\\\/www.ledizioni.it\\\/prodotto\\\/giovanni-della-casa-galateo\\\/\"]}]},{\"@type\":\"ImageObject\",\"inLanguage\":\"en-GB\",\"@id\":\"https:\\\/\\\/www.ledizioni.it\\\/prodotto\\\/giovanni-della-casa-galateo\\\/#primaryimage\",\"url\":\"https:\\\/\\\/www.ledizioni.it\\\/stag\\\/wp-content\\\/uploads\\\/2014\\\/04\\\/galateo3dpiccola1-291x5251.jpg\",\"contentUrl\":\"https:\\\/\\\/www.ledizioni.it\\\/stag\\\/wp-content\\\/uploads\\\/2014\\\/04\\\/galateo3dpiccola1-291x5251.jpg\",\"width\":1493,\"height\":2080},{\"@type\":\"BreadcrumbList\",\"@id\":\"https:\\\/\\\/www.ledizioni.it\\\/prodotto\\\/giovanni-della-casa-galateo\\\/#breadcrumb\",\"itemListElement\":[{\"@type\":\"ListItem\",\"position\":1,\"name\":\"Shop\",\"item\":\"https:\\\/\\\/www.ledizioni.it\\\/shop-2\\\/\"},{\"@type\":\"ListItem\",\"position\":2,\"name\":\"Giovanni Della Casa, Galateo\"}]},{\"@type\":\"WebSite\",\"@id\":\"https:\\\/\\\/www.ledizioni.it\\\/#website\",\"url\":\"https:\\\/\\\/www.ledizioni.it\\\/\",\"name\":\"Ledizioni\",\"description\":\"The Innovative LediPublishing Company - Casa Editrice Universitaria\",\"publisher\":{\"@id\":\"https:\\\/\\\/www.ledizioni.it\\\/#organization\"},\"potentialAction\":[{\"@type\":\"SearchAction\",\"target\":{\"@type\":\"EntryPoint\",\"urlTemplate\":\"https:\\\/\\\/www.ledizioni.it\\\/?s={search_term_string}\"},\"query-input\":{\"@type\":\"PropertyValueSpecification\",\"valueRequired\":true,\"valueName\":\"search_term_string\"}}],\"inLanguage\":\"en-GB\"},{\"@type\":\"Organization\",\"@id\":\"https:\\\/\\\/www.ledizioni.it\\\/#organization\",\"name\":\"Ledizioni\",\"url\":\"https:\\\/\\\/www.ledizioni.it\\\/\",\"logo\":{\"@type\":\"ImageObject\",\"inLanguage\":\"en-GB\",\"@id\":\"https:\\\/\\\/www.ledizioni.it\\\/#\\\/schema\\\/logo\\\/image\\\/\",\"url\":\"https:\\\/\\\/www.ledizioni.it\\\/stag\\\/wp-content\\\/uploads\\\/2023\\\/10\\\/newlogoledizioni500x110_2-1.jpg\",\"contentUrl\":\"https:\\\/\\\/www.ledizioni.it\\\/stag\\\/wp-content\\\/uploads\\\/2023\\\/10\\\/newlogoledizioni500x110_2-1.jpg\",\"width\":354,\"height\":87,\"caption\":\"Ledizioni\"},\"image\":{\"@id\":\"https:\\\/\\\/www.ledizioni.it\\\/#\\\/schema\\\/logo\\\/image\\\/\"},\"sameAs\":[\"https:\\\/\\\/www.facebook.com\\\/pages\\\/Ledizioni-LediPublishing\\\/109120559173329\",\"https:\\\/\\\/x.com\\\/ledizioni\"]}]}<\/script>\n<!-- \/ Yoast SEO plugin. -->","yoast_head_json":{"title":"Giovanni Della Casa, Galateo -","description":"Il Galateo di Giovanni della Casa, opera fuori diritti, ripubblicato in formato ePub da Ledizioni.","robots":{"index":"index","follow":"follow","max-snippet":"max-snippet:-1","max-image-preview":"max-image-preview:large","max-video-preview":"max-video-preview:-1"},"canonical":"https:\/\/www.ledizioni.it\/en\/product\/giovanni-della-casa-galateo\/","og_locale":"en_GB","og_type":"article","og_title":"Giovanni Della Casa, Galateo -","og_description":"Il Galateo di Giovanni della Casa, opera fuori diritti, ripubblicato in formato ePub da Ledizioni.","og_url":"https:\/\/www.ledizioni.it\/en\/product\/giovanni-della-casa-galateo\/","og_site_name":"Ledizioni","article_publisher":"https:\/\/www.facebook.com\/pages\/Ledizioni-LediPublishing\/109120559173329","article_modified_time":"2017-03-06T14:57:17+00:00","og_image":[{"width":1493,"height":2080,"url":"https:\/\/www.ledizioni.it\/stag\/wp-content\/uploads\/2014\/04\/galateo3dpiccola1-291x5251.jpg","type":"image\/jpeg"}],"twitter_card":"summary_large_image","twitter_site":"@ledizioni","twitter_misc":{"Estimated reading time":"2 minutes"},"schema":{"@context":"https:\/\/schema.org","@graph":[{"@type":"WebPage","@id":"https:\/\/www.ledizioni.it\/prodotto\/giovanni-della-casa-galateo\/","url":"https:\/\/www.ledizioni.it\/prodotto\/giovanni-della-casa-galateo\/","name":"Giovanni Della Casa, Galateo -","isPartOf":{"@id":"https:\/\/www.ledizioni.it\/#website"},"primaryImageOfPage":{"@id":"https:\/\/www.ledizioni.it\/prodotto\/giovanni-della-casa-galateo\/#primaryimage"},"image":{"@id":"https:\/\/www.ledizioni.it\/prodotto\/giovanni-della-casa-galateo\/#primaryimage"},"thumbnailUrl":"https:\/\/www.ledizioni.it\/stag\/wp-content\/uploads\/2014\/04\/galateo3dpiccola1-291x5251.jpg","datePublished":"2014-04-03T12:41:45+00:00","dateModified":"2017-03-06T14:57:17+00:00","description":"Il Galateo di Giovanni della Casa, opera fuori diritti, ripubblicato in formato ePub da Ledizioni.","breadcrumb":{"@id":"https:\/\/www.ledizioni.it\/prodotto\/giovanni-della-casa-galateo\/#breadcrumb"},"inLanguage":"en-GB","potentialAction":[{"@type":"ReadAction","target":["https:\/\/www.ledizioni.it\/prodotto\/giovanni-della-casa-galateo\/"]}]},{"@type":"ImageObject","inLanguage":"en-GB","@id":"https:\/\/www.ledizioni.it\/prodotto\/giovanni-della-casa-galateo\/#primaryimage","url":"https:\/\/www.ledizioni.it\/stag\/wp-content\/uploads\/2014\/04\/galateo3dpiccola1-291x5251.jpg","contentUrl":"https:\/\/www.ledizioni.it\/stag\/wp-content\/uploads\/2014\/04\/galateo3dpiccola1-291x5251.jpg","width":1493,"height":2080},{"@type":"BreadcrumbList","@id":"https:\/\/www.ledizioni.it\/prodotto\/giovanni-della-casa-galateo\/#breadcrumb","itemListElement":[{"@type":"ListItem","position":1,"name":"Shop","item":"https:\/\/www.ledizioni.it\/shop-2\/"},{"@type":"ListItem","position":2,"name":"Giovanni Della Casa, Galateo"}]},{"@type":"WebSite","@id":"https:\/\/www.ledizioni.it\/#website","url":"https:\/\/www.ledizioni.it\/","name":"Ledizioni","description":"The Innovative LediPublishing Company - Casa Editrice Universitaria","publisher":{"@id":"https:\/\/www.ledizioni.it\/#organization"},"potentialAction":[{"@type":"SearchAction","target":{"@type":"EntryPoint","urlTemplate":"https:\/\/www.ledizioni.it\/?s={search_term_string}"},"query-input":{"@type":"PropertyValueSpecification","valueRequired":true,"valueName":"search_term_string"}}],"inLanguage":"en-GB"},{"@type":"Organization","@id":"https:\/\/www.ledizioni.it\/#organization","name":"Ledizioni","url":"https:\/\/www.ledizioni.it\/","logo":{"@type":"ImageObject","inLanguage":"en-GB","@id":"https:\/\/www.ledizioni.it\/#\/schema\/logo\/image\/","url":"https:\/\/www.ledizioni.it\/stag\/wp-content\/uploads\/2023\/10\/newlogoledizioni500x110_2-1.jpg","contentUrl":"https:\/\/www.ledizioni.it\/stag\/wp-content\/uploads\/2023\/10\/newlogoledizioni500x110_2-1.jpg","width":354,"height":87,"caption":"Ledizioni"},"image":{"@id":"https:\/\/www.ledizioni.it\/#\/schema\/logo\/image\/"},"sameAs":["https:\/\/www.facebook.com\/pages\/Ledizioni-LediPublishing\/109120559173329","https:\/\/x.com\/ledizioni"]}]}},"jetpack_sharing_enabled":true,"_links":{"self":[{"href":"https:\/\/www.ledizioni.it\/en\/wp-json\/wp\/v2\/product\/8382","targetHints":{"allow":["GET"]}}],"collection":[{"href":"https:\/\/www.ledizioni.it\/en\/wp-json\/wp\/v2\/product"}],"about":[{"href":"https:\/\/www.ledizioni.it\/en\/wp-json\/wp\/v2\/types\/product"}],"replies":[{"embeddable":true,"href":"https:\/\/www.ledizioni.it\/en\/wp-json\/wp\/v2\/comments?post=8382"}],"version-history":[{"count":0,"href":"https:\/\/www.ledizioni.it\/en\/wp-json\/wp\/v2\/product\/8382\/revisions"}],"wp:featuredmedia":[{"embeddable":true,"href":"https:\/\/www.ledizioni.it\/en\/wp-json\/wp\/v2\/media\/8641"}],"wp:attachment":[{"href":"https:\/\/www.ledizioni.it\/en\/wp-json\/wp\/v2\/media?parent=8382"}],"wp:term":[{"taxonomy":"product_brand","embeddable":true,"href":"https:\/\/www.ledizioni.it\/en\/wp-json\/wp\/v2\/product_brand?post=8382"},{"taxonomy":"product_cat","embeddable":true,"href":"https:\/\/www.ledizioni.it\/en\/wp-json\/wp\/v2\/product_cat?post=8382"},{"taxonomy":"product_tag","embeddable":true,"href":"https:\/\/www.ledizioni.it\/en\/wp-json\/wp\/v2\/product_tag?post=8382"}],"curies":[{"name":"wp","href":"https:\/\/api.w.org\/{rel}","templated":true}]}}