{"id":8404,"date":"2013-01-04T12:47:13","date_gmt":"2013-01-04T12:47:13","guid":{"rendered":"http:\/\/www.ledizioni.it\/prodotto\/giornale-di-metafisica-fascicolo-32012\/"},"modified":"2021-05-13T16:18:08","modified_gmt":"2021-05-13T14:18:08","slug":"giornale-di-metafisica-fascicolo-32012","status":"publish","type":"product","link":"https:\/\/www.ledizioni.it\/en\/product\/giornale-di-metafisica-fascicolo-32012\/","title":{"rendered":"Giornale di Metafisica &#8211; Fascicolo 3\/2012"},"content":{"rendered":"<h2><strong>Questioni aperte in Hegel.<\/strong><br \/>\n<strong> A 200 anni dalla <em>Scienza della logica<\/em><\/strong><\/h2>\n<p><strong>SOMMARIO<\/strong><\/p>\n<p><em><strong>INTERVENTI<\/strong><\/em><br \/>\nLeonardo Samon\u00e0, <em>Premessa<\/em><br \/>\nFranco Biasutti,<em> Logica dell\u2019essenza e teoria dell\u2019azione in Hegel<\/em><br \/>\nGianfranco Dalmasso, <em>Il movimento della verit\u00e0. Nota su quattro note della Scienza della logica<\/em><br \/>\nF\u00e9lix Duque, <em>Hegel: la logica come manifestazione della latenza dell\u2019assoluto<\/em><br \/>\nLuigi Ruggiu, <em>Logica e tempo<\/em><br \/>\nLeonardo Samon\u00e0,<em> Libert\u00e0 e necessit\u00e0 nell\u2019inizio della Scienza della logica. Un confronto tra la prima e la seconda edizione<\/em><br \/>\nMichael St\u00e4dtler, <em>Contraddizione &#8211; Totalit\u00e0 &#8211; Esperienza. Sui presupposti, la forma e i problemi del concetto hegeliano di contraddizione nella Scienza della logica<\/em><\/p>\n<p><em><strong>ARCHIVIO SPECULATIVO<\/strong><\/em><br \/>\nFranz Brentano, <em>Sul nominalismo contro Guastella. A cura di N. De Domenico<\/em><br \/>\nFranz Brentano, <em>\/50189\/ Vom Nominalismus genen Guastella<\/em><\/p>\n<p><em><strong>Appendice<\/strong><\/em><br \/>\nFranz Brentano, <em>Gegen den Nominalismus (Entw\u00fcrfe zu einer Widerlegung Guastallas [sic])<\/em><\/p>\n<p><strong><em>RASSEGNA E NOTE<\/em><\/strong><br \/>\nRosaria Caldarone, <em>Una prassi di senso. Su l\u2019adorazione di Jean-Luc Nancy<\/em><br \/>\nPatrizia Cecala, <em>Nota critica a Jacques Derrida, Seminaire la peine de mort. Volume I (1999-2000)<\/em><br \/>\nLuca Ghisleri, <em>Essere e relazione. Nota al Breviario di Metafisica di Virgilio Melchiorre<\/em><\/p>\n<p><strong><em>BIBLIOGRAFICA<\/em><\/strong><\/p>\n<p>&#8212;&#8212;&#8212;&#8212;&#8212;&#8212;&#8212;&#8212;&#8212;&#8212;&#8212;&#8212;&#8212;&#8212;&#8212;-<\/p>\n<h3>DATI BIBLIOGRAFICI<\/h3>\n<p>Direttore: Giuseppe Nicolaci<br \/>\nEditore: Ledizioni<br \/>\nCollana: Giornale di Metafisica<br \/>\nFormato: Brossura<br \/>\nPubblicato in: Dicembre 2012<br \/>\nISBN: 9788867051236 (cartaceo)<br \/>\nPrezzo cartaceo:\u00a0 35,00 \u20ac\u00a0 Volume 3\/2012 &#8211; singolo fascicolo<\/p>","protected":false},"excerpt":{"rendered":"<p>Questioni aperte in Hegel. A 200 anni dalla Scienza della logica SOMMARIO INTERVENTI Leonardo Samon\u00e0, Premessa Franco Biasutti, Logica dell\u2019essenza<\/p>","protected":false},"featured_media":8405,"comment_status":"open","ping_status":"closed","template":"","meta":{"_acf_changed":false},"product_brand":[],"product_cat":[418],"product_tag":[800,1081],"class_list":{"0":"post-8404","1":"product","2":"type-product","3":"status-publish","4":"has-post-thumbnail","6":"product_cat-journal-of-metaphysics","7":"product_tag-hegel","8":"product_tag-metafisica","10":"first","11":"instock","12":"shipping-taxable","13":"purchasable","14":"product-type-simple"},"acf":[],"yoast_head":"<!-- This site is optimized with the Yoast SEO plugin v27.4 - https:\/\/yoast.com\/product\/yoast-seo-wordpress\/ -->\n<title>Giornale di Metafisica - Fascicolo 3\/2012 -<\/title>\n<meta name=\"description\" content=\"Giornale di Metafisica 3\/2012. Questioni aperte in Hegel a 200 anni dalla &quot;Scienza della logica&quot;.\" \/>\n<meta name=\"robots\" content=\"index, follow, max-snippet:-1, max-image-preview:large, max-video-preview:-1\" \/>\n<link rel=\"canonical\" href=\"https:\/\/www.ledizioni.it\/en\/product\/giornale-di-metafisica-fascicolo-32012\/\" \/>\n<meta property=\"og:locale\" content=\"en_GB\" \/>\n<meta property=\"og:type\" content=\"article\" \/>\n<meta property=\"og:title\" content=\"Giornale di Metafisica - Fascicolo 3\/2012 -\" \/>\n<meta property=\"og:description\" content=\"Giornale di Metafisica 3\/2012. Questioni aperte in Hegel a 200 anni dalla &quot;Scienza della logica&quot;.\" \/>\n<meta property=\"og:url\" content=\"https:\/\/www.ledizioni.it\/en\/product\/giornale-di-metafisica-fascicolo-32012\/\" \/>\n<meta property=\"og:site_name\" content=\"Ledizioni\" \/>\n<meta property=\"article:publisher\" content=\"https:\/\/www.facebook.com\/pages\/Ledizioni-LediPublishing\/109120559173329\" \/>\n<meta property=\"article:modified_time\" content=\"2021-05-13T14:18:08+00:00\" \/>\n<meta property=\"og:image\" content=\"https:\/\/www.ledizioni.it\/stag\/wp-content\/uploads\/2014\/04\/copertina_3d.gif\" \/>\n\t<meta property=\"og:image:width\" content=\"400\" \/>\n\t<meta property=\"og:image:height\" content=\"547\" \/>\n\t<meta property=\"og:image:type\" content=\"image\/gif\" \/>\n<meta name=\"twitter:card\" content=\"summary_large_image\" \/>\n<meta name=\"twitter:site\" content=\"@ledizioni\" \/>\n<meta name=\"twitter:label1\" content=\"Estimated reading time\" \/>\n\t<meta name=\"twitter:data1\" content=\"1 minute\" \/>\n<script type=\"application\/ld+json\" class=\"yoast-schema-graph\">{\"@context\":\"https:\\\/\\\/schema.org\",\"@graph\":[{\"@type\":\"WebPage\",\"@id\":\"https:\\\/\\\/www.ledizioni.it\\\/en\\\/product\\\/giornale-di-metafisica-fascicolo-32012\\\/\",\"url\":\"https:\\\/\\\/www.ledizioni.it\\\/en\\\/product\\\/giornale-di-metafisica-fascicolo-32012\\\/\",\"name\":\"Giornale di Metafisica - Fascicolo 3\\\/2012 -\",\"isPartOf\":{\"@id\":\"https:\\\/\\\/www.ledizioni.it\\\/#website\"},\"primaryImageOfPage\":{\"@id\":\"https:\\\/\\\/www.ledizioni.it\\\/en\\\/product\\\/giornale-di-metafisica-fascicolo-32012\\\/#primaryimage\"},\"image\":{\"@id\":\"https:\\\/\\\/www.ledizioni.it\\\/en\\\/product\\\/giornale-di-metafisica-fascicolo-32012\\\/#primaryimage\"},\"thumbnailUrl\":\"https:\\\/\\\/www.ledizioni.it\\\/stag\\\/wp-content\\\/uploads\\\/2014\\\/04\\\/copertina_3d.gif\",\"datePublished\":\"2013-01-04T12:47:13+00:00\",\"dateModified\":\"2021-05-13T14:18:08+00:00\",\"description\":\"Giornale di Metafisica 3\\\/2012. Questioni aperte in Hegel a 200 anni dalla \\\"Scienza della logica\\\".\",\"breadcrumb\":{\"@id\":\"https:\\\/\\\/www.ledizioni.it\\\/en\\\/product\\\/giornale-di-metafisica-fascicolo-32012\\\/#breadcrumb\"},\"inLanguage\":\"en-GB\",\"potentialAction\":[{\"@type\":\"ReadAction\",\"target\":[\"https:\\\/\\\/www.ledizioni.it\\\/en\\\/product\\\/giornale-di-metafisica-fascicolo-32012\\\/\"]}]},{\"@type\":\"ImageObject\",\"inLanguage\":\"en-GB\",\"@id\":\"https:\\\/\\\/www.ledizioni.it\\\/en\\\/product\\\/giornale-di-metafisica-fascicolo-32012\\\/#primaryimage\",\"url\":\"https:\\\/\\\/www.ledizioni.it\\\/stag\\\/wp-content\\\/uploads\\\/2014\\\/04\\\/copertina_3d.gif\",\"contentUrl\":\"https:\\\/\\\/www.ledizioni.it\\\/stag\\\/wp-content\\\/uploads\\\/2014\\\/04\\\/copertina_3d.gif\",\"width\":400,\"height\":547},{\"@type\":\"BreadcrumbList\",\"@id\":\"https:\\\/\\\/www.ledizioni.it\\\/en\\\/product\\\/giornale-di-metafisica-fascicolo-32012\\\/#breadcrumb\",\"itemListElement\":[{\"@type\":\"ListItem\",\"position\":1,\"name\":\"Shop\",\"item\":\"https:\\\/\\\/www.ledizioni.it\\\/shop-2\\\/\"},{\"@type\":\"ListItem\",\"position\":2,\"name\":\"Giornale di Metafisica &#8211; Fascicolo 3\\\/2012\"}]},{\"@type\":\"WebSite\",\"@id\":\"https:\\\/\\\/www.ledizioni.it\\\/#website\",\"url\":\"https:\\\/\\\/www.ledizioni.it\\\/\",\"name\":\"Ledizioni\",\"description\":\"The Innovative LediPublishing Company - Casa Editrice Universitaria\",\"publisher\":{\"@id\":\"https:\\\/\\\/www.ledizioni.it\\\/#organization\"},\"potentialAction\":[{\"@type\":\"SearchAction\",\"target\":{\"@type\":\"EntryPoint\",\"urlTemplate\":\"https:\\\/\\\/www.ledizioni.it\\\/?s={search_term_string}\"},\"query-input\":{\"@type\":\"PropertyValueSpecification\",\"valueRequired\":true,\"valueName\":\"search_term_string\"}}],\"inLanguage\":\"en-GB\"},{\"@type\":\"Organization\",\"@id\":\"https:\\\/\\\/www.ledizioni.it\\\/#organization\",\"name\":\"Ledizioni\",\"url\":\"https:\\\/\\\/www.ledizioni.it\\\/\",\"logo\":{\"@type\":\"ImageObject\",\"inLanguage\":\"en-GB\",\"@id\":\"https:\\\/\\\/www.ledizioni.it\\\/#\\\/schema\\\/logo\\\/image\\\/\",\"url\":\"https:\\\/\\\/www.ledizioni.it\\\/stag\\\/wp-content\\\/uploads\\\/2023\\\/10\\\/newlogoledizioni500x110_2-1.jpg\",\"contentUrl\":\"https:\\\/\\\/www.ledizioni.it\\\/stag\\\/wp-content\\\/uploads\\\/2023\\\/10\\\/newlogoledizioni500x110_2-1.jpg\",\"width\":354,\"height\":87,\"caption\":\"Ledizioni\"},\"image\":{\"@id\":\"https:\\\/\\\/www.ledizioni.it\\\/#\\\/schema\\\/logo\\\/image\\\/\"},\"sameAs\":[\"https:\\\/\\\/www.facebook.com\\\/pages\\\/Ledizioni-LediPublishing\\\/109120559173329\",\"https:\\\/\\\/x.com\\\/ledizioni\"]}]}<\/script>\n<!-- \/ Yoast SEO plugin. -->","yoast_head_json":{"title":"Giornale di Metafisica - Fascicolo 3\/2012 -","description":"Giornale di Metafisica 3\/2012. Questioni aperte in Hegel a 200 anni dalla \"Scienza della logica\".","robots":{"index":"index","follow":"follow","max-snippet":"max-snippet:-1","max-image-preview":"max-image-preview:large","max-video-preview":"max-video-preview:-1"},"canonical":"https:\/\/www.ledizioni.it\/en\/product\/giornale-di-metafisica-fascicolo-32012\/","og_locale":"en_GB","og_type":"article","og_title":"Giornale di Metafisica - Fascicolo 3\/2012 -","og_description":"Giornale di Metafisica 3\/2012. Questioni aperte in Hegel a 200 anni dalla \"Scienza della logica\".","og_url":"https:\/\/www.ledizioni.it\/en\/product\/giornale-di-metafisica-fascicolo-32012\/","og_site_name":"Ledizioni","article_publisher":"https:\/\/www.facebook.com\/pages\/Ledizioni-LediPublishing\/109120559173329","article_modified_time":"2021-05-13T14:18:08+00:00","og_image":[{"width":400,"height":547,"url":"https:\/\/www.ledizioni.it\/stag\/wp-content\/uploads\/2014\/04\/copertina_3d.gif","type":"image\/gif"}],"twitter_card":"summary_large_image","twitter_site":"@ledizioni","twitter_misc":{"Estimated reading time":"1 minute"},"schema":{"@context":"https:\/\/schema.org","@graph":[{"@type":"WebPage","@id":"https:\/\/www.ledizioni.it\/en\/product\/giornale-di-metafisica-fascicolo-32012\/","url":"https:\/\/www.ledizioni.it\/en\/product\/giornale-di-metafisica-fascicolo-32012\/","name":"Giornale di Metafisica - Fascicolo 3\/2012 -","isPartOf":{"@id":"https:\/\/www.ledizioni.it\/#website"},"primaryImageOfPage":{"@id":"https:\/\/www.ledizioni.it\/en\/product\/giornale-di-metafisica-fascicolo-32012\/#primaryimage"},"image":{"@id":"https:\/\/www.ledizioni.it\/en\/product\/giornale-di-metafisica-fascicolo-32012\/#primaryimage"},"thumbnailUrl":"https:\/\/www.ledizioni.it\/stag\/wp-content\/uploads\/2014\/04\/copertina_3d.gif","datePublished":"2013-01-04T12:47:13+00:00","dateModified":"2021-05-13T14:18:08+00:00","description":"Giornale di Metafisica 3\/2012. Questioni aperte in Hegel a 200 anni dalla \"Scienza della logica\".","breadcrumb":{"@id":"https:\/\/www.ledizioni.it\/en\/product\/giornale-di-metafisica-fascicolo-32012\/#breadcrumb"},"inLanguage":"en-GB","potentialAction":[{"@type":"ReadAction","target":["https:\/\/www.ledizioni.it\/en\/product\/giornale-di-metafisica-fascicolo-32012\/"]}]},{"@type":"ImageObject","inLanguage":"en-GB","@id":"https:\/\/www.ledizioni.it\/en\/product\/giornale-di-metafisica-fascicolo-32012\/#primaryimage","url":"https:\/\/www.ledizioni.it\/stag\/wp-content\/uploads\/2014\/04\/copertina_3d.gif","contentUrl":"https:\/\/www.ledizioni.it\/stag\/wp-content\/uploads\/2014\/04\/copertina_3d.gif","width":400,"height":547},{"@type":"BreadcrumbList","@id":"https:\/\/www.ledizioni.it\/en\/product\/giornale-di-metafisica-fascicolo-32012\/#breadcrumb","itemListElement":[{"@type":"ListItem","position":1,"name":"Shop","item":"https:\/\/www.ledizioni.it\/shop-2\/"},{"@type":"ListItem","position":2,"name":"Giornale di Metafisica &#8211; Fascicolo 3\/2012"}]},{"@type":"WebSite","@id":"https:\/\/www.ledizioni.it\/#website","url":"https:\/\/www.ledizioni.it\/","name":"Ledizioni","description":"The Innovative LediPublishing Company - Casa Editrice Universitaria","publisher":{"@id":"https:\/\/www.ledizioni.it\/#organization"},"potentialAction":[{"@type":"SearchAction","target":{"@type":"EntryPoint","urlTemplate":"https:\/\/www.ledizioni.it\/?s={search_term_string}"},"query-input":{"@type":"PropertyValueSpecification","valueRequired":true,"valueName":"search_term_string"}}],"inLanguage":"en-GB"},{"@type":"Organization","@id":"https:\/\/www.ledizioni.it\/#organization","name":"Ledizioni","url":"https:\/\/www.ledizioni.it\/","logo":{"@type":"ImageObject","inLanguage":"en-GB","@id":"https:\/\/www.ledizioni.it\/#\/schema\/logo\/image\/","url":"https:\/\/www.ledizioni.it\/stag\/wp-content\/uploads\/2023\/10\/newlogoledizioni500x110_2-1.jpg","contentUrl":"https:\/\/www.ledizioni.it\/stag\/wp-content\/uploads\/2023\/10\/newlogoledizioni500x110_2-1.jpg","width":354,"height":87,"caption":"Ledizioni"},"image":{"@id":"https:\/\/www.ledizioni.it\/#\/schema\/logo\/image\/"},"sameAs":["https:\/\/www.facebook.com\/pages\/Ledizioni-LediPublishing\/109120559173329","https:\/\/x.com\/ledizioni"]}]}},"jetpack_sharing_enabled":true,"_links":{"self":[{"href":"https:\/\/www.ledizioni.it\/en\/wp-json\/wp\/v2\/product\/8404","targetHints":{"allow":["GET"]}}],"collection":[{"href":"https:\/\/www.ledizioni.it\/en\/wp-json\/wp\/v2\/product"}],"about":[{"href":"https:\/\/www.ledizioni.it\/en\/wp-json\/wp\/v2\/types\/product"}],"replies":[{"embeddable":true,"href":"https:\/\/www.ledizioni.it\/en\/wp-json\/wp\/v2\/comments?post=8404"}],"version-history":[{"count":1,"href":"https:\/\/www.ledizioni.it\/en\/wp-json\/wp\/v2\/product\/8404\/revisions"}],"predecessor-version":[{"id":37429,"href":"https:\/\/www.ledizioni.it\/en\/wp-json\/wp\/v2\/product\/8404\/revisions\/37429"}],"wp:featuredmedia":[{"embeddable":true,"href":"https:\/\/www.ledizioni.it\/en\/wp-json\/wp\/v2\/media\/8405"}],"wp:attachment":[{"href":"https:\/\/www.ledizioni.it\/en\/wp-json\/wp\/v2\/media?parent=8404"}],"wp:term":[{"taxonomy":"product_brand","embeddable":true,"href":"https:\/\/www.ledizioni.it\/en\/wp-json\/wp\/v2\/product_brand?post=8404"},{"taxonomy":"product_cat","embeddable":true,"href":"https:\/\/www.ledizioni.it\/en\/wp-json\/wp\/v2\/product_cat?post=8404"},{"taxonomy":"product_tag","embeddable":true,"href":"https:\/\/www.ledizioni.it\/en\/wp-json\/wp\/v2\/product_tag?post=8404"}],"curies":[{"name":"wp","href":"https:\/\/api.w.org\/{rel}","templated":true}]}}