{"id":84232,"date":"2025-11-26T00:00:00","date_gmt":"2025-11-25T22:00:00","guid":{"rendered":"https:\/\/www.ledizioni.it\/?post_type=product&#038;p=84232"},"modified":"2025-11-26T12:23:58","modified_gmt":"2025-11-26T10:23:58","slug":"postille-dante-alighieri-commedia","status":"publish","type":"product","link":"https:\/\/www.ledizioni.it\/en\/product\/postille-dante-alighieri-commedia\/","title":{"rendered":"POSTILLE. DANTE ALIGHIERI, COMMEDIA"},"content":{"rendered":"<div data-elementor-type=\"product-post\" data-elementor-id=\"84232\" class=\"elementor elementor-84232\" data-elementor-post-type=\"product\">\n\t\t\t\t\t\t<section class=\"elementor-section elementor-top-section elementor-element elementor-element-1c265604 elementor-section-boxed elementor-section-height-default elementor-section-height-default wd-section-disabled\" data-id=\"1c265604\" data-element_type=\"section\" data-e-type=\"section\">\n\t\t\t\t\t\t<div class=\"elementor-container elementor-column-gap-default\">\n\t\t\t\t\t<div class=\"elementor-column elementor-col-100 elementor-top-column elementor-element elementor-element-15902e71\" data-id=\"15902e71\" data-element_type=\"column\" data-e-type=\"column\">\n\t\t\t<div class=\"elementor-widget-wrap elementor-element-populated\">\n\t\t\t\t\t\t<div class=\"elementor-element elementor-element-1feb3841 color-scheme-inherit text-left elementor-widget elementor-widget-text-editor\" data-id=\"1feb3841\" data-element_type=\"widget\" data-e-type=\"widget\" data-widget_type=\"text-editor.default\">\n\t\t\t\t<div class=\"elementor-widget-container\">\n\t\t\t\t\t\t\t\t\t<p style=\"text-align: justify;\">All&#8217;interno del consistente <em>corpus <\/em>di postillati tassiani, i volumi danteschi \u2013 <em>Commedia<\/em>, <em>Convivio<\/em>, e <em>Rime <\/em>tramandate dalla cosiddetta <em>Giuntina di rime antiche<\/em> \u2013 costituiscono un nucleo autoriale significativo e, perci\u00f2, prezioso per riconsiderare il rapporto tra Tasso e Dante. Si tratta di un insieme documentario in parte gi\u00e0 noto e oggetto di edizioni sin dalla prima met\u00e0 dell\u2019Ottocento, in parte ancora da indagare, in alcuni casi anche sotto il profilo dell\u2019autografia e della cronologia degli esemplari. Le annotazioni alla <em>Commedia<\/em>, che interagiscono con il poema e lo interrogano sui due piani della forma e del contenuto, sono quelle che pi\u00f9 hanno attirato l\u2019attenzione dei numerosi contributi dedicati nel tempo all\u2019analisi del confronto tassiano con il modello dantesco. La nuova edizione commentata delle postille ai primi 24 canti dell\u2019<em>Inferno<\/em>, che fornisce un quadro aggiornato dei materiali utili a ripensare il Tasso lettore di Dante, intende contribuire alla restituzione della sezione dantesca della biblioteca tassiana e valorizzare le potenzialit\u00e0 ermeneutiche dello studio delle annotazioni del Tasso.<\/p>\n<p><strong>DATI BIBLIOGRAFICI<\/strong><br>A cura di: Giulia Mari&nbsp;<br>Marchio editoriale: <a href=\"https:\/\/www.ledizioni.it\/en\/product-category\/italianistica\/bites\/\">Bit&amp;S<\/a><br>Pubblicato in: novembre 2025<br>Formato: brossura con alette, 160 p. &#8211; PDF in OA<br>ISBN cartaceo: 9791280391513<br>Prezzo cartaceo: 28,00 \u20ac<\/p>\t\t\t\t\t\t\t\t<\/div>\n\t\t\t\t<\/div>\n\t\t\t\t\t<\/div>\n\t\t<\/div>\n\t\t\t\t\t<\/div>\n\t\t<\/section>\n\t\t\t\t<section class=\"elementor-section elementor-top-section elementor-element elementor-element-beed57f elementor-section-boxed elementor-section-height-default elementor-section-height-default wd-section-disabled\" data-id=\"beed57f\" data-element_type=\"section\" data-e-type=\"section\">\n\t\t\t\t\t\t<div class=\"elementor-container elementor-column-gap-default\">\n\t\t\t\t\t<div class=\"elementor-column elementor-col-100 elementor-top-column elementor-element elementor-element-212c8cc\" data-id=\"212c8cc\" data-element_type=\"column\" data-e-type=\"column\">\n\t\t\t<div class=\"elementor-widget-wrap elementor-element-populated\">\n\t\t\t\t\t\t<div class=\"elementor-element elementor-element-a8cf470 elementor-button-danger elementor-align-center elementor-widget elementor-widget-button\" data-id=\"a8cf470\" data-element_type=\"widget\" data-e-type=\"widget\" data-widget_type=\"button.default\">\n\t\t\t\t<div class=\"elementor-widget-container\">\n\t\t\t\t\t\t\t\t\t<div class=\"elementor-button-wrapper\">\n\t\t\t\t\t<a class=\"elementor-button elementor-button-link elementor-size-sm\" href=\"https:\/\/www.ledizioni.it\/en\/download\/84278\/\">\n\t\t\t\t\t\t<span class=\"elementor-button-content-wrapper\">\n\t\t\t\t\t\t\t\t\t<span class=\"elementor-button-text\">Scarica il PDF Open Access<\/span>\n\t\t\t\t\t<\/span>\n\t\t\t\t\t<\/a>\n\t\t\t\t<\/div>\n\t\t\t\t\t\t\t\t<\/div>\n\t\t\t\t<\/div>\n\t\t\t\t\t<\/div>\n\t\t<\/div>\n\t\t\t\t\t<\/div>\n\t\t<\/section>\n\t\t\t\t<\/div>","protected":false},"excerpt":{"rendered":"<p>All&#8217;interno del consistente corpus di postillati tassiani, i volumi danteschi \u2013 Commedia, Convivio, e Rime tramandate dalla cosiddetta Giuntina di<\/p>","protected":false},"featured_media":84273,"comment_status":"closed","ping_status":"closed","template":"","meta":{"_acf_changed":false},"product_brand":[],"product_cat":[2395],"product_tag":[999,2863,3538,764,3539,2942],"class_list":{"0":"post-84232","1":"product","2":"type-product","3":"status-publish","4":"has-post-thumbnail","6":"product_cat-bites","7":"product_tag-dante","8":"product_tag-divina-commedia","9":"product_tag-inferno","10":"product_tag-open-access-2","11":"product_tag-postille","12":"product_tag-tasso","13":"pa_formato-cartaceo","14":"pa_formato-ebook-in-pdf","16":"first","17":"instock","18":"featured","19":"shipping-taxable","20":"purchasable","21":"product-type-variable"},"acf":[],"yoast_head":"<!-- This site is optimized with the Yoast SEO plugin v27.5 - https:\/\/yoast.com\/product\/yoast-seo-wordpress\/ -->\n<title>POSTILLE. DANTE ALIGHIERI, COMMEDIA -<\/title>\n<meta name=\"description\" content=\"Ledizioni - Innovative Publishing. Casa editrice universitaria. Open Access. eBook, ePub. Creative Commons.\" \/>\n<meta name=\"robots\" content=\"index, follow, max-snippet:-1, max-image-preview:large, max-video-preview:-1\" \/>\n<link rel=\"canonical\" href=\"https:\/\/www.ledizioni.it\/en\/product\/postille-dante-alighieri-commedia\/\" \/>\n<meta property=\"og:locale\" content=\"en_GB\" \/>\n<meta property=\"og:type\" content=\"article\" \/>\n<meta property=\"og:title\" content=\"POSTILLE. DANTE ALIGHIERI, COMMEDIA -\" \/>\n<meta property=\"og:description\" content=\"Ledizioni - Innovative Publishing. Casa editrice universitaria. Open Access. eBook, ePub. Creative Commons.\" \/>\n<meta property=\"og:url\" content=\"https:\/\/www.ledizioni.it\/en\/product\/postille-dante-alighieri-commedia\/\" \/>\n<meta property=\"og:site_name\" content=\"Ledizioni\" \/>\n<meta property=\"article:publisher\" content=\"https:\/\/www.facebook.com\/pages\/Ledizioni-LediPublishing\/109120559173329\" \/>\n<meta property=\"article:modified_time\" content=\"2025-11-26T10:23:58+00:00\" \/>\n<meta property=\"og:image\" content=\"https:\/\/www.ledizioni.it\/stag\/wp-content\/uploads\/2025\/12\/PostilleCommedia_cover_stampa_3D_Pagina_1.jpg\" \/>\n\t<meta property=\"og:image:width\" content=\"1480\" \/>\n\t<meta property=\"og:image:height\" content=\"1932\" \/>\n\t<meta property=\"og:image:type\" content=\"image\/jpeg\" \/>\n<meta name=\"twitter:card\" content=\"summary_large_image\" \/>\n<meta name=\"twitter:site\" content=\"@ledizioni\" \/>\n<script type=\"application\/ld+json\" class=\"yoast-schema-graph\">{\"@context\":\"https:\\\/\\\/schema.org\",\"@graph\":[{\"@type\":\"WebPage\",\"@id\":\"https:\\\/\\\/www.ledizioni.it\\\/prodotto\\\/postille-dante-alighieri-commedia\\\/\",\"url\":\"https:\\\/\\\/www.ledizioni.it\\\/prodotto\\\/postille-dante-alighieri-commedia\\\/\",\"name\":\"POSTILLE. DANTE ALIGHIERI, COMMEDIA -\",\"isPartOf\":{\"@id\":\"https:\\\/\\\/www.ledizioni.it\\\/#website\"},\"primaryImageOfPage\":{\"@id\":\"https:\\\/\\\/www.ledizioni.it\\\/prodotto\\\/postille-dante-alighieri-commedia\\\/#primaryimage\"},\"image\":{\"@id\":\"https:\\\/\\\/www.ledizioni.it\\\/prodotto\\\/postille-dante-alighieri-commedia\\\/#primaryimage\"},\"thumbnailUrl\":\"https:\\\/\\\/www.ledizioni.it\\\/stag\\\/wp-content\\\/uploads\\\/2025\\\/12\\\/PostilleCommedia_cover_stampa_3D_Pagina_1.jpg\",\"datePublished\":\"2025-11-25T22:00:00+00:00\",\"dateModified\":\"2025-11-26T10:23:58+00:00\",\"description\":\"Ledizioni - Innovative Publishing. Casa editrice universitaria. Open Access. eBook, ePub. Creative Commons.\",\"breadcrumb\":{\"@id\":\"https:\\\/\\\/www.ledizioni.it\\\/prodotto\\\/postille-dante-alighieri-commedia\\\/#breadcrumb\"},\"inLanguage\":\"en-GB\",\"potentialAction\":[{\"@type\":\"ReadAction\",\"target\":[\"https:\\\/\\\/www.ledizioni.it\\\/prodotto\\\/postille-dante-alighieri-commedia\\\/\"]}]},{\"@type\":\"ImageObject\",\"inLanguage\":\"en-GB\",\"@id\":\"https:\\\/\\\/www.ledizioni.it\\\/prodotto\\\/postille-dante-alighieri-commedia\\\/#primaryimage\",\"url\":\"https:\\\/\\\/www.ledizioni.it\\\/stag\\\/wp-content\\\/uploads\\\/2025\\\/12\\\/PostilleCommedia_cover_stampa_3D_Pagina_1.jpg\",\"contentUrl\":\"https:\\\/\\\/www.ledizioni.it\\\/stag\\\/wp-content\\\/uploads\\\/2025\\\/12\\\/PostilleCommedia_cover_stampa_3D_Pagina_1.jpg\",\"width\":1480,\"height\":1932},{\"@type\":\"BreadcrumbList\",\"@id\":\"https:\\\/\\\/www.ledizioni.it\\\/prodotto\\\/postille-dante-alighieri-commedia\\\/#breadcrumb\",\"itemListElement\":[{\"@type\":\"ListItem\",\"position\":1,\"name\":\"Shop\",\"item\":\"https:\\\/\\\/www.ledizioni.it\\\/shop-2\\\/\"},{\"@type\":\"ListItem\",\"position\":2,\"name\":\"POSTILLE. DANTE ALIGHIERI, COMMEDIA\"}]},{\"@type\":\"WebSite\",\"@id\":\"https:\\\/\\\/www.ledizioni.it\\\/#website\",\"url\":\"https:\\\/\\\/www.ledizioni.it\\\/\",\"name\":\"Ledizioni\",\"description\":\"The Innovative LediPublishing Company - Casa Editrice Universitaria\",\"publisher\":{\"@id\":\"https:\\\/\\\/www.ledizioni.it\\\/#organization\"},\"potentialAction\":[{\"@type\":\"SearchAction\",\"target\":{\"@type\":\"EntryPoint\",\"urlTemplate\":\"https:\\\/\\\/www.ledizioni.it\\\/?s={search_term_string}\"},\"query-input\":{\"@type\":\"PropertyValueSpecification\",\"valueRequired\":true,\"valueName\":\"search_term_string\"}}],\"inLanguage\":\"en-GB\"},{\"@type\":\"Organization\",\"@id\":\"https:\\\/\\\/www.ledizioni.it\\\/#organization\",\"name\":\"Ledizioni\",\"url\":\"https:\\\/\\\/www.ledizioni.it\\\/\",\"logo\":{\"@type\":\"ImageObject\",\"inLanguage\":\"en-GB\",\"@id\":\"https:\\\/\\\/www.ledizioni.it\\\/#\\\/schema\\\/logo\\\/image\\\/\",\"url\":\"https:\\\/\\\/www.ledizioni.it\\\/stag\\\/wp-content\\\/uploads\\\/2023\\\/10\\\/newlogoledizioni500x110_2-1.jpg\",\"contentUrl\":\"https:\\\/\\\/www.ledizioni.it\\\/stag\\\/wp-content\\\/uploads\\\/2023\\\/10\\\/newlogoledizioni500x110_2-1.jpg\",\"width\":354,\"height\":87,\"caption\":\"Ledizioni\"},\"image\":{\"@id\":\"https:\\\/\\\/www.ledizioni.it\\\/#\\\/schema\\\/logo\\\/image\\\/\"},\"sameAs\":[\"https:\\\/\\\/www.facebook.com\\\/pages\\\/Ledizioni-LediPublishing\\\/109120559173329\",\"https:\\\/\\\/x.com\\\/ledizioni\"]}]}<\/script>\n<!-- \/ Yoast SEO plugin. -->","yoast_head_json":{"title":"POSTILLE. DANTE ALIGHIERI, COMMEDIA -","description":"Ledizioni - Innovative Publishing. Casa editrice universitaria. Open Access. eBook, ePub. Creative Commons.","robots":{"index":"index","follow":"follow","max-snippet":"max-snippet:-1","max-image-preview":"max-image-preview:large","max-video-preview":"max-video-preview:-1"},"canonical":"https:\/\/www.ledizioni.it\/en\/product\/postille-dante-alighieri-commedia\/","og_locale":"en_GB","og_type":"article","og_title":"POSTILLE. DANTE ALIGHIERI, COMMEDIA -","og_description":"Ledizioni - Innovative Publishing. Casa editrice universitaria. Open Access. eBook, ePub. Creative Commons.","og_url":"https:\/\/www.ledizioni.it\/en\/product\/postille-dante-alighieri-commedia\/","og_site_name":"Ledizioni","article_publisher":"https:\/\/www.facebook.com\/pages\/Ledizioni-LediPublishing\/109120559173329","article_modified_time":"2025-11-26T10:23:58+00:00","og_image":[{"width":1480,"height":1932,"url":"https:\/\/www.ledizioni.it\/stag\/wp-content\/uploads\/2025\/12\/PostilleCommedia_cover_stampa_3D_Pagina_1.jpg","type":"image\/jpeg"}],"twitter_card":"summary_large_image","twitter_site":"@ledizioni","schema":{"@context":"https:\/\/schema.org","@graph":[{"@type":"WebPage","@id":"https:\/\/www.ledizioni.it\/prodotto\/postille-dante-alighieri-commedia\/","url":"https:\/\/www.ledizioni.it\/prodotto\/postille-dante-alighieri-commedia\/","name":"POSTILLE. DANTE ALIGHIERI, COMMEDIA -","isPartOf":{"@id":"https:\/\/www.ledizioni.it\/#website"},"primaryImageOfPage":{"@id":"https:\/\/www.ledizioni.it\/prodotto\/postille-dante-alighieri-commedia\/#primaryimage"},"image":{"@id":"https:\/\/www.ledizioni.it\/prodotto\/postille-dante-alighieri-commedia\/#primaryimage"},"thumbnailUrl":"https:\/\/www.ledizioni.it\/stag\/wp-content\/uploads\/2025\/12\/PostilleCommedia_cover_stampa_3D_Pagina_1.jpg","datePublished":"2025-11-25T22:00:00+00:00","dateModified":"2025-11-26T10:23:58+00:00","description":"Ledizioni - Innovative Publishing. Casa editrice universitaria. Open Access. eBook, ePub. Creative Commons.","breadcrumb":{"@id":"https:\/\/www.ledizioni.it\/prodotto\/postille-dante-alighieri-commedia\/#breadcrumb"},"inLanguage":"en-GB","potentialAction":[{"@type":"ReadAction","target":["https:\/\/www.ledizioni.it\/prodotto\/postille-dante-alighieri-commedia\/"]}]},{"@type":"ImageObject","inLanguage":"en-GB","@id":"https:\/\/www.ledizioni.it\/prodotto\/postille-dante-alighieri-commedia\/#primaryimage","url":"https:\/\/www.ledizioni.it\/stag\/wp-content\/uploads\/2025\/12\/PostilleCommedia_cover_stampa_3D_Pagina_1.jpg","contentUrl":"https:\/\/www.ledizioni.it\/stag\/wp-content\/uploads\/2025\/12\/PostilleCommedia_cover_stampa_3D_Pagina_1.jpg","width":1480,"height":1932},{"@type":"BreadcrumbList","@id":"https:\/\/www.ledizioni.it\/prodotto\/postille-dante-alighieri-commedia\/#breadcrumb","itemListElement":[{"@type":"ListItem","position":1,"name":"Shop","item":"https:\/\/www.ledizioni.it\/shop-2\/"},{"@type":"ListItem","position":2,"name":"POSTILLE. DANTE ALIGHIERI, COMMEDIA"}]},{"@type":"WebSite","@id":"https:\/\/www.ledizioni.it\/#website","url":"https:\/\/www.ledizioni.it\/","name":"Ledizioni","description":"The Innovative LediPublishing Company - Casa Editrice Universitaria","publisher":{"@id":"https:\/\/www.ledizioni.it\/#organization"},"potentialAction":[{"@type":"SearchAction","target":{"@type":"EntryPoint","urlTemplate":"https:\/\/www.ledizioni.it\/?s={search_term_string}"},"query-input":{"@type":"PropertyValueSpecification","valueRequired":true,"valueName":"search_term_string"}}],"inLanguage":"en-GB"},{"@type":"Organization","@id":"https:\/\/www.ledizioni.it\/#organization","name":"Ledizioni","url":"https:\/\/www.ledizioni.it\/","logo":{"@type":"ImageObject","inLanguage":"en-GB","@id":"https:\/\/www.ledizioni.it\/#\/schema\/logo\/image\/","url":"https:\/\/www.ledizioni.it\/stag\/wp-content\/uploads\/2023\/10\/newlogoledizioni500x110_2-1.jpg","contentUrl":"https:\/\/www.ledizioni.it\/stag\/wp-content\/uploads\/2023\/10\/newlogoledizioni500x110_2-1.jpg","width":354,"height":87,"caption":"Ledizioni"},"image":{"@id":"https:\/\/www.ledizioni.it\/#\/schema\/logo\/image\/"},"sameAs":["https:\/\/www.facebook.com\/pages\/Ledizioni-LediPublishing\/109120559173329","https:\/\/x.com\/ledizioni"]}]}},"jetpack_sharing_enabled":true,"_links":{"self":[{"href":"https:\/\/www.ledizioni.it\/en\/wp-json\/wp\/v2\/product\/84232","targetHints":{"allow":["GET"]}}],"collection":[{"href":"https:\/\/www.ledizioni.it\/en\/wp-json\/wp\/v2\/product"}],"about":[{"href":"https:\/\/www.ledizioni.it\/en\/wp-json\/wp\/v2\/types\/product"}],"replies":[{"embeddable":true,"href":"https:\/\/www.ledizioni.it\/en\/wp-json\/wp\/v2\/comments?post=84232"}],"version-history":[{"count":6,"href":"https:\/\/www.ledizioni.it\/en\/wp-json\/wp\/v2\/product\/84232\/revisions"}],"predecessor-version":[{"id":84284,"href":"https:\/\/www.ledizioni.it\/en\/wp-json\/wp\/v2\/product\/84232\/revisions\/84284"}],"wp:featuredmedia":[{"embeddable":true,"href":"https:\/\/www.ledizioni.it\/en\/wp-json\/wp\/v2\/media\/84273"}],"wp:attachment":[{"href":"https:\/\/www.ledizioni.it\/en\/wp-json\/wp\/v2\/media?parent=84232"}],"wp:term":[{"taxonomy":"product_brand","embeddable":true,"href":"https:\/\/www.ledizioni.it\/en\/wp-json\/wp\/v2\/product_brand?post=84232"},{"taxonomy":"product_cat","embeddable":true,"href":"https:\/\/www.ledizioni.it\/en\/wp-json\/wp\/v2\/product_cat?post=84232"},{"taxonomy":"product_tag","embeddable":true,"href":"https:\/\/www.ledizioni.it\/en\/wp-json\/wp\/v2\/product_tag?post=84232"}],"curies":[{"name":"wp","href":"https:\/\/api.w.org\/{rel}","templated":true}]}}