{"id":8436,"date":"2014-04-09T13:37:56","date_gmt":"2014-04-09T11:37:56","guid":{"rendered":"http:\/\/www.ledizioni.it\/prodotto\/letture-contenuti-e-granularita\/"},"modified":"2024-01-24T05:14:59","modified_gmt":"2024-01-24T03:14:59","slug":"letture-contenuti-e-granularita","status":"publish","type":"product","link":"https:\/\/www.ledizioni.it\/en\/product\/letture-contenuti-e-granularita\/","title":{"rendered":"Letture, contenuti e granularit\u00e0"},"content":{"rendered":"<p style=\"text-align: justify;\"><strong><em>La lettura fra web, digitale, ebook e libri<\/em><\/strong><\/p>\n<p style=\"text-align: justify;\">Questo eBook nasce da un progetto di aggregazione di contenuti online sparsi su blog e social network. Ne risulta una riflessione non solo sul calo del numero dei lettori in Italia, ma su cosa e come si legge nell&#8217;attuale ecosistema della comunicazione cartacea e digitale, su cosa costituisca \u201ccontenuto\u201d (e se la sua eventuale complessit\u00e0 o granularit\u00e0 influiscano sulla sua rilevanza), oltre a come lo si possa trovare e sfruttare nel mondo digitale e quindi cosa forse si stia perdendo e cosa guadagnando col passare del tempo e delle tecnologie.<\/p>\n<p style=\"text-align: justify;\">Il testo \u00e8 disponibile online su\u00a0<a href=\"http:\/\/ledibooks.com\/lettura\">Ledizioni WebBooks<\/a>\u00a0ed \u00e8 corredato di funzioni interattive quali la possibilit\u00e0 di commentare e sottolineare specifiche parti di testo. Per accedere alle funzionalit\u00e0 complete \u00e8 necessario creare un account, inserendo i propri dati direttamente da Ledizioni WebBooks, che utilizza la piattaforma <a href=\"https:\/\/hypothes.is\">Hypothes.is<\/a>\u00a0per offrire queste funzionalit\u00e0. Gli utenti registrati potranno quindi pubblicare i loro commenti, sviluppare la conversazione e portare avanti le riflessioni, allo scopo di creare un nuovo luogo dove aggregare i contenuti granulari di cui si parla nel libro stesso ed aggiungere un nuovo livello di complessit\u00e0.<\/p>\n<p style=\"text-align: justify;\">Con contributi di:<br \/>\nDino Baldi &#8211;\u00a0Marco Dominici &#8211;\u00a0Marco Ferrario &#8211;\u00a0Giuseppe Landolfi Petrone &#8211;\u00a0Franco Perini &#8211;\u00a0Ivan Rachieli &#8211;\u00a0Gino Roncaglia &#8211;\u00a0Mario Tedeschini Lalli &#8211;\u00a0Fabrizio Venerandi<\/p>\n<h3>DATI BIBLIOGRAFICI<\/h3>\n<table border=\"0\" width=\"100%\">\n<tbody>\n<tr>\n<td width=\"83%\">Autore: AA. VV.<br \/>\nEditore: Ledizioni<br \/>\nCollana: <a title=\"Publishing: past, present and future\" href=\"http:\/\/www.ledizioni.it\/en\/collane\/libri-e-biblioteche\/editoria-presente-e-futuro\/\" target=\"_blank\" rel=\"noopener\">Publishing: past, present and future<br \/>\n<\/a> Formato: ePub<br \/>\nPubblicato in: Aprile 2014<br \/>\nISBN:\u00a0 9788867052172 (ePub)<br \/>\nPrezzo (ePub): 0.99 \u20ac<\/td>\n<td width=\"17%\">\n<h3><strong>\u00a0<\/strong><\/h3>\n<\/td>\n<\/tr>\n<\/tbody>\n<\/table>\n<p style=\"text-align: center;\">\u00a0[button link=&#8221;http:\/\/ledibooks.com\/lettura\/&#8221; style=&#8221;info&#8221;]Leggilo online su Ledibooks[\/button]<\/p>\n<p>&nbsp;<\/p>\n<p>&nbsp;<\/p>","protected":false},"excerpt":{"rendered":"<p>La lettura fra web, digitale, ebook e libri Questo eBook nasce da un progetto di aggregazione di contenuti online sparsi<\/p>","protected":false},"featured_media":8437,"comment_status":"open","ping_status":"closed","template":"","meta":{"_acf_changed":false},"product_brand":[],"product_cat":[1040],"product_tag":[805,2606,916],"class_list":{"0":"post-8436","1":"product","2":"type-product","3":"status-publish","4":"has-post-thumbnail","6":"product_cat-editoria","7":"product_tag-digitale-2","8":"product_tag-ebook","9":"product_tag-internet","10":"pa_formato-ebook-in-epub","11":"pa_lingua-italiano","13":"first","14":"instock","15":"featured","16":"downloadable","17":"virtual","18":"purchasable","19":"product-type-simple"},"acf":[],"yoast_head":"<!-- This site is optimized with the Yoast SEO plugin v27.3 - https:\/\/yoast.com\/product\/yoast-seo-wordpress\/ -->\n<title>Letture, contenuti e granularit\u00e0 -<\/title>\n<meta name=\"description\" content=\"Una rilessione non solo sul calo del numero dei lettori in Italia, ma su cosa e come si legge nell&#039;attuale ecosistema della comunicazione cartacea e digitale, su cosa costituisca \u201ccontenuto\u201d (e se la sua eventuale complessit\u00e0 o granularit\u00e0 influiscano sulla sua rilevanza), oltre a come lo si possa trovare e sfruttare nel mondo digitale.\" \/>\n<meta name=\"robots\" content=\"index, follow, max-snippet:-1, max-image-preview:large, max-video-preview:-1\" \/>\n<link rel=\"canonical\" href=\"https:\/\/www.ledizioni.it\/en\/product\/letture-contenuti-e-granularita\/\" \/>\n<meta property=\"og:locale\" content=\"en_GB\" \/>\n<meta property=\"og:type\" content=\"article\" \/>\n<meta property=\"og:title\" content=\"Letture, contenuti e granularit\u00e0 -\" \/>\n<meta property=\"og:description\" content=\"Una rilessione non solo sul calo del numero dei lettori in Italia, ma su cosa e come si legge nell&#039;attuale ecosistema della comunicazione cartacea e digitale, su cosa costituisca \u201ccontenuto\u201d (e se la sua eventuale complessit\u00e0 o granularit\u00e0 influiscano sulla sua rilevanza), oltre a come lo si possa trovare e sfruttare nel mondo digitale.\" \/>\n<meta property=\"og:url\" content=\"https:\/\/www.ledizioni.it\/en\/product\/letture-contenuti-e-granularita\/\" \/>\n<meta property=\"og:site_name\" content=\"Ledizioni\" \/>\n<meta property=\"article:publisher\" content=\"https:\/\/www.facebook.com\/pages\/Ledizioni-LediPublishing\/109120559173329\" \/>\n<meta property=\"article:modified_time\" content=\"2024-01-24T03:14:59+00:00\" \/>\n<meta property=\"og:image\" content=\"https:\/\/www.ledizioni.it\/stag\/wp-content\/uploads\/2014\/04\/3d.jpg\" \/>\n\t<meta property=\"og:image:width\" content=\"1500\" \/>\n\t<meta property=\"og:image:height\" content=\"2080\" \/>\n\t<meta property=\"og:image:type\" content=\"image\/jpeg\" \/>\n<meta name=\"twitter:card\" content=\"summary_large_image\" \/>\n<meta name=\"twitter:site\" content=\"@ledizioni\" \/>\n<meta name=\"twitter:label1\" content=\"Estimated reading time\" \/>\n\t<meta name=\"twitter:data1\" content=\"1 minute\" \/>\n<script type=\"application\/ld+json\" class=\"yoast-schema-graph\">{\"@context\":\"https:\\\/\\\/schema.org\",\"@graph\":[{\"@type\":\"WebPage\",\"@id\":\"https:\\\/\\\/www.ledizioni.it\\\/prodotto\\\/letture-contenuti-e-granularita\\\/\",\"url\":\"https:\\\/\\\/www.ledizioni.it\\\/prodotto\\\/letture-contenuti-e-granularita\\\/\",\"name\":\"Letture, contenuti e granularit\u00e0 -\",\"isPartOf\":{\"@id\":\"https:\\\/\\\/www.ledizioni.it\\\/#website\"},\"primaryImageOfPage\":{\"@id\":\"https:\\\/\\\/www.ledizioni.it\\\/prodotto\\\/letture-contenuti-e-granularita\\\/#primaryimage\"},\"image\":{\"@id\":\"https:\\\/\\\/www.ledizioni.it\\\/prodotto\\\/letture-contenuti-e-granularita\\\/#primaryimage\"},\"thumbnailUrl\":\"https:\\\/\\\/www.ledizioni.it\\\/stag\\\/wp-content\\\/uploads\\\/2014\\\/04\\\/3d.jpg\",\"datePublished\":\"2014-04-09T11:37:56+00:00\",\"dateModified\":\"2024-01-24T03:14:59+00:00\",\"description\":\"Una rilessione non solo sul calo del numero dei lettori in Italia, ma su cosa e come si legge nell'attuale ecosistema della comunicazione cartacea e digitale, su cosa costituisca \u201ccontenuto\u201d (e se la sua eventuale complessit\u00e0 o granularit\u00e0 influiscano sulla sua rilevanza), oltre a come lo si possa trovare e sfruttare nel mondo digitale.\",\"breadcrumb\":{\"@id\":\"https:\\\/\\\/www.ledizioni.it\\\/prodotto\\\/letture-contenuti-e-granularita\\\/#breadcrumb\"},\"inLanguage\":\"en-GB\",\"potentialAction\":[{\"@type\":\"ReadAction\",\"target\":[\"https:\\\/\\\/www.ledizioni.it\\\/prodotto\\\/letture-contenuti-e-granularita\\\/\"]}]},{\"@type\":\"ImageObject\",\"inLanguage\":\"en-GB\",\"@id\":\"https:\\\/\\\/www.ledizioni.it\\\/prodotto\\\/letture-contenuti-e-granularita\\\/#primaryimage\",\"url\":\"https:\\\/\\\/www.ledizioni.it\\\/stag\\\/wp-content\\\/uploads\\\/2014\\\/04\\\/3d.jpg\",\"contentUrl\":\"https:\\\/\\\/www.ledizioni.it\\\/stag\\\/wp-content\\\/uploads\\\/2014\\\/04\\\/3d.jpg\",\"width\":1500,\"height\":2080},{\"@type\":\"BreadcrumbList\",\"@id\":\"https:\\\/\\\/www.ledizioni.it\\\/prodotto\\\/letture-contenuti-e-granularita\\\/#breadcrumb\",\"itemListElement\":[{\"@type\":\"ListItem\",\"position\":1,\"name\":\"Shop\",\"item\":\"https:\\\/\\\/www.ledizioni.it\\\/shop-2\\\/\"},{\"@type\":\"ListItem\",\"position\":2,\"name\":\"Letture, contenuti e granularit\u00e0\"}]},{\"@type\":\"WebSite\",\"@id\":\"https:\\\/\\\/www.ledizioni.it\\\/#website\",\"url\":\"https:\\\/\\\/www.ledizioni.it\\\/\",\"name\":\"Ledizioni\",\"description\":\"The Innovative LediPublishing Company - Casa Editrice Universitaria\",\"publisher\":{\"@id\":\"https:\\\/\\\/www.ledizioni.it\\\/#organization\"},\"potentialAction\":[{\"@type\":\"SearchAction\",\"target\":{\"@type\":\"EntryPoint\",\"urlTemplate\":\"https:\\\/\\\/www.ledizioni.it\\\/?s={search_term_string}\"},\"query-input\":{\"@type\":\"PropertyValueSpecification\",\"valueRequired\":true,\"valueName\":\"search_term_string\"}}],\"inLanguage\":\"en-GB\"},{\"@type\":\"Organization\",\"@id\":\"https:\\\/\\\/www.ledizioni.it\\\/#organization\",\"name\":\"Ledizioni\",\"url\":\"https:\\\/\\\/www.ledizioni.it\\\/\",\"logo\":{\"@type\":\"ImageObject\",\"inLanguage\":\"en-GB\",\"@id\":\"https:\\\/\\\/www.ledizioni.it\\\/#\\\/schema\\\/logo\\\/image\\\/\",\"url\":\"https:\\\/\\\/www.ledizioni.it\\\/stag\\\/wp-content\\\/uploads\\\/2023\\\/10\\\/newlogoledizioni500x110_2-1.jpg\",\"contentUrl\":\"https:\\\/\\\/www.ledizioni.it\\\/stag\\\/wp-content\\\/uploads\\\/2023\\\/10\\\/newlogoledizioni500x110_2-1.jpg\",\"width\":354,\"height\":87,\"caption\":\"Ledizioni\"},\"image\":{\"@id\":\"https:\\\/\\\/www.ledizioni.it\\\/#\\\/schema\\\/logo\\\/image\\\/\"},\"sameAs\":[\"https:\\\/\\\/www.facebook.com\\\/pages\\\/Ledizioni-LediPublishing\\\/109120559173329\",\"https:\\\/\\\/x.com\\\/ledizioni\"]}]}<\/script>\n<!-- \/ Yoast SEO plugin. -->","yoast_head_json":{"title":"Letture, contenuti e granularit\u00e0 -","description":"Una rilessione non solo sul calo del numero dei lettori in Italia, ma su cosa e come si legge nell'attuale ecosistema della comunicazione cartacea e digitale, su cosa costituisca \u201ccontenuto\u201d (e se la sua eventuale complessit\u00e0 o granularit\u00e0 influiscano sulla sua rilevanza), oltre a come lo si possa trovare e sfruttare nel mondo digitale.","robots":{"index":"index","follow":"follow","max-snippet":"max-snippet:-1","max-image-preview":"max-image-preview:large","max-video-preview":"max-video-preview:-1"},"canonical":"https:\/\/www.ledizioni.it\/en\/product\/letture-contenuti-e-granularita\/","og_locale":"en_GB","og_type":"article","og_title":"Letture, contenuti e granularit\u00e0 -","og_description":"Una rilessione non solo sul calo del numero dei lettori in Italia, ma su cosa e come si legge nell'attuale ecosistema della comunicazione cartacea e digitale, su cosa costituisca \u201ccontenuto\u201d (e se la sua eventuale complessit\u00e0 o granularit\u00e0 influiscano sulla sua rilevanza), oltre a come lo si possa trovare e sfruttare nel mondo digitale.","og_url":"https:\/\/www.ledizioni.it\/en\/product\/letture-contenuti-e-granularita\/","og_site_name":"Ledizioni","article_publisher":"https:\/\/www.facebook.com\/pages\/Ledizioni-LediPublishing\/109120559173329","article_modified_time":"2024-01-24T03:14:59+00:00","og_image":[{"width":1500,"height":2080,"url":"https:\/\/www.ledizioni.it\/stag\/wp-content\/uploads\/2014\/04\/3d.jpg","type":"image\/jpeg"}],"twitter_card":"summary_large_image","twitter_site":"@ledizioni","twitter_misc":{"Estimated reading time":"1 minute"},"schema":{"@context":"https:\/\/schema.org","@graph":[{"@type":"WebPage","@id":"https:\/\/www.ledizioni.it\/prodotto\/letture-contenuti-e-granularita\/","url":"https:\/\/www.ledizioni.it\/prodotto\/letture-contenuti-e-granularita\/","name":"Letture, contenuti e granularit\u00e0 -","isPartOf":{"@id":"https:\/\/www.ledizioni.it\/#website"},"primaryImageOfPage":{"@id":"https:\/\/www.ledizioni.it\/prodotto\/letture-contenuti-e-granularita\/#primaryimage"},"image":{"@id":"https:\/\/www.ledizioni.it\/prodotto\/letture-contenuti-e-granularita\/#primaryimage"},"thumbnailUrl":"https:\/\/www.ledizioni.it\/stag\/wp-content\/uploads\/2014\/04\/3d.jpg","datePublished":"2014-04-09T11:37:56+00:00","dateModified":"2024-01-24T03:14:59+00:00","description":"Una rilessione non solo sul calo del numero dei lettori in Italia, ma su cosa e come si legge nell'attuale ecosistema della comunicazione cartacea e digitale, su cosa costituisca \u201ccontenuto\u201d (e se la sua eventuale complessit\u00e0 o granularit\u00e0 influiscano sulla sua rilevanza), oltre a come lo si possa trovare e sfruttare nel mondo digitale.","breadcrumb":{"@id":"https:\/\/www.ledizioni.it\/prodotto\/letture-contenuti-e-granularita\/#breadcrumb"},"inLanguage":"en-GB","potentialAction":[{"@type":"ReadAction","target":["https:\/\/www.ledizioni.it\/prodotto\/letture-contenuti-e-granularita\/"]}]},{"@type":"ImageObject","inLanguage":"en-GB","@id":"https:\/\/www.ledizioni.it\/prodotto\/letture-contenuti-e-granularita\/#primaryimage","url":"https:\/\/www.ledizioni.it\/stag\/wp-content\/uploads\/2014\/04\/3d.jpg","contentUrl":"https:\/\/www.ledizioni.it\/stag\/wp-content\/uploads\/2014\/04\/3d.jpg","width":1500,"height":2080},{"@type":"BreadcrumbList","@id":"https:\/\/www.ledizioni.it\/prodotto\/letture-contenuti-e-granularita\/#breadcrumb","itemListElement":[{"@type":"ListItem","position":1,"name":"Shop","item":"https:\/\/www.ledizioni.it\/shop-2\/"},{"@type":"ListItem","position":2,"name":"Letture, contenuti e granularit\u00e0"}]},{"@type":"WebSite","@id":"https:\/\/www.ledizioni.it\/#website","url":"https:\/\/www.ledizioni.it\/","name":"Ledizioni","description":"The Innovative LediPublishing Company - Casa Editrice Universitaria","publisher":{"@id":"https:\/\/www.ledizioni.it\/#organization"},"potentialAction":[{"@type":"SearchAction","target":{"@type":"EntryPoint","urlTemplate":"https:\/\/www.ledizioni.it\/?s={search_term_string}"},"query-input":{"@type":"PropertyValueSpecification","valueRequired":true,"valueName":"search_term_string"}}],"inLanguage":"en-GB"},{"@type":"Organization","@id":"https:\/\/www.ledizioni.it\/#organization","name":"Ledizioni","url":"https:\/\/www.ledizioni.it\/","logo":{"@type":"ImageObject","inLanguage":"en-GB","@id":"https:\/\/www.ledizioni.it\/#\/schema\/logo\/image\/","url":"https:\/\/www.ledizioni.it\/stag\/wp-content\/uploads\/2023\/10\/newlogoledizioni500x110_2-1.jpg","contentUrl":"https:\/\/www.ledizioni.it\/stag\/wp-content\/uploads\/2023\/10\/newlogoledizioni500x110_2-1.jpg","width":354,"height":87,"caption":"Ledizioni"},"image":{"@id":"https:\/\/www.ledizioni.it\/#\/schema\/logo\/image\/"},"sameAs":["https:\/\/www.facebook.com\/pages\/Ledizioni-LediPublishing\/109120559173329","https:\/\/x.com\/ledizioni"]}]}},"jetpack_sharing_enabled":true,"_links":{"self":[{"href":"https:\/\/www.ledizioni.it\/en\/wp-json\/wp\/v2\/product\/8436","targetHints":{"allow":["GET"]}}],"collection":[{"href":"https:\/\/www.ledizioni.it\/en\/wp-json\/wp\/v2\/product"}],"about":[{"href":"https:\/\/www.ledizioni.it\/en\/wp-json\/wp\/v2\/types\/product"}],"replies":[{"embeddable":true,"href":"https:\/\/www.ledizioni.it\/en\/wp-json\/wp\/v2\/comments?post=8436"}],"version-history":[{"count":1,"href":"https:\/\/www.ledizioni.it\/en\/wp-json\/wp\/v2\/product\/8436\/revisions"}],"predecessor-version":[{"id":8476,"href":"https:\/\/www.ledizioni.it\/en\/wp-json\/wp\/v2\/product\/8436\/revisions\/8476"}],"wp:featuredmedia":[{"embeddable":true,"href":"https:\/\/www.ledizioni.it\/en\/wp-json\/wp\/v2\/media\/8437"}],"wp:attachment":[{"href":"https:\/\/www.ledizioni.it\/en\/wp-json\/wp\/v2\/media?parent=8436"}],"wp:term":[{"taxonomy":"product_brand","embeddable":true,"href":"https:\/\/www.ledizioni.it\/en\/wp-json\/wp\/v2\/product_brand?post=8436"},{"taxonomy":"product_cat","embeddable":true,"href":"https:\/\/www.ledizioni.it\/en\/wp-json\/wp\/v2\/product_cat?post=8436"},{"taxonomy":"product_tag","embeddable":true,"href":"https:\/\/www.ledizioni.it\/en\/wp-json\/wp\/v2\/product_tag?post=8436"}],"curies":[{"name":"wp","href":"https:\/\/api.w.org\/{rel}","templated":true}]}}