{"id":8456,"date":"2014-04-10T08:15:49","date_gmt":"2014-04-10T08:15:49","guid":{"rendered":"http:\/\/www.ledizioni.it\/prodotto\/il-fascino-inquieto-dell-utopia\/"},"modified":"2022-08-04T12:11:18","modified_gmt":"2022-08-04T10:11:18","slug":"il-fascino-inquieto-dell-utopia","status":"publish","type":"product","link":"https:\/\/www.ledizioni.it\/en\/product\/il-fascino-inquieto-dell-utopia\/","title":{"rendered":"IL FASCINO INQUIETO DELL&#8217;UTOPIA"},"content":{"rendered":"<div><\/div>\n<p style=\"text-align: justify;\">Marialuisa Bignami, cui questo volume \u00e8 dedicato, \u00e8 una tra le pi\u00f9 illustri studiose dell\u2019utopia letteraria in Italia. In dialogo con la sua opera critica, il volume discute origini ed esiti del concetto di utopia nel panorama letterario e sociale occidentale, in particolare anglosassone. La riflessione prende le mosse da un\u2019elaborazione di stampo millenarista del pensiero utopico, per proseguire nell\u2019indagine dei suoi esiti letterari tardorinascimentali, settecenteschi e anche coloniali; si approda infine alle utopie moderne, postmoderne e femministe del nostro tempo, senza tralasciare gli esiti dell\u2019immaginario utopico nella cultura di massa. L\u2019utopia, un po\u2019 come il romanticismo, sembra essere una necessit\u00e0 della cultura occidentale, una categoria dello spirito, che pu\u00f2 essere reinterpretata, negata, persino vilipesa, ma non abbandonata. I percorsi attraverso le mutazioni spazio-temporali dell\u2019utopia raccolti in questo volume sono ispirati ad approcci critici diversi e sono trasversali a pi\u00f9 ambiti di ricerca; la ricchezza del dibattito invita a proseguire l\u2019indagine sui volti molteplici del genere utopico, anche attraverso l\u2019esplorazione di nuove interazioni e di nuovi linguaggi.<\/p>\n<p><strong>Contributi di: <\/strong>Marialuisa Bignami, Mirella Billi, Giovanni Cianci, Lidia De Michelis, Filippo Falcone, Vita Fortunati, Giuliana Iannaccaro, Franco Marenco, Francesca Orestano, Carlo Pagetti, Stefano Simonetta, Nicoletta Vallorani, Alessandro Vescovi.<\/p>\n<h3 style=\"text-align: justify;\"><strong>DATI BIBLIOGRAFICI<\/strong><\/h3>\n<p style=\"text-align: justify;\">A cura di: Lidia De Michelis, Giuliana Iannaccaro e Alessandro Vescovi<br \/>\nEditore: Ledizioni<br \/>\nCollana: <a title=\"Di\/Segni\" href=\"http:\/\/www.ledizioni.it\/en\/collane\/letteratura\/disegni\/\">Di\/Segni<\/a><br \/>\nFormato: Brossura, 213 p.<br \/>\nPubblicato in: Aprile 2014<br \/>\nISBN: 9788867051588 (cartaceo)<br \/>\nPrezzo (cartaceo): 18,00 \u20ac<\/p>\n<p><a href=\"https:\/\/www.amazon.it\/gp\/product\/886705158X\/ref=as_li_tl?ie=UTF8&amp;camp=3414&amp;creative=21718&amp;creativeASIN=8867057839&amp;linkCode=as2&amp;tag=ledizioni-21&amp;linkId=21587617ce23b3075bd3743ada8c92c3\" target=\"_blank\" rel=\"noopener\"><img decoding=\"async\" class=\"aligncenter size-medium wp-image-23060\" src=\"https:\/\/www.ledizioni.it\/stag\/wp-content\/uploads\/2018\/10\/pulsante-amazon-1-300x104.jpg\" alt=\"\" width=\"150\" height=\"50\" \/><\/a><img decoding=\"async\" style=\"border: none !important; margin: 0px !important;\" src=\"\/\/ir-it.amazon-adsystem.com\/e\/ir?t=ledizioni-21&amp;l=am2&amp;o=29&amp;a=8867057839\" alt=\"\" width=\"1\" height=\"1\" border=\"0\" \/><\/p>\n<p><a href=\"https:\/\/www.torrossa.com\/it\/resources\/an\/3038204\"><img decoding=\"async\" class=\"aligncenter wp-image-23912\" src=\"https:\/\/www.ledizioni.it\/stag\/wp-content\/uploads\/2019\/07\/torrossa_web-150x80.jpg\" alt=\"\" width=\"200\" height=\"60\" \/><\/a><\/p>","protected":false},"excerpt":{"rendered":"<p>Marialuisa Bignami, cui questo volume \u00e8 dedicato, \u00e8 una tra le pi\u00f9 illustri studiose dell\u2019utopia letteraria in Italia. In dialogo<\/p>","protected":false},"featured_media":8461,"comment_status":"open","ping_status":"closed","template":"","meta":{"_acf_changed":false},"product_brand":[],"product_cat":[1080],"product_tag":[1092,764,812],"class_list":{"0":"post-8456","1":"product","2":"type-product","3":"status-publish","4":"has-post-thumbnail","6":"product_cat-disegni","7":"product_tag-critica-letteraria","8":"product_tag-open-access-2","9":"product_tag-utopia","10":"pa_formato-cartaceo","11":"pa_formato-ebook-in-pdf","12":"pa_lingua-italiano","14":"first","15":"instock","16":"featured","17":"shipping-taxable","18":"purchasable","19":"product-type-variable"},"acf":[],"yoast_head":"<!-- This site is optimized with the Yoast SEO plugin v27.3 - https:\/\/yoast.com\/product\/yoast-seo-wordpress\/ -->\n<title>IL FASCINO INQUIETO DELL&#039;UTOPIA -<\/title>\n<meta name=\"description\" content=\"La riflessione parte da un\u2019elaborazione millenarista del pensiero sull&#039;utopia e prosegue in un&#039;indagine dei suoi esiti letterari dal Rinascimento ad oggi.\" \/>\n<meta name=\"robots\" content=\"index, follow, max-snippet:-1, max-image-preview:large, max-video-preview:-1\" \/>\n<link rel=\"canonical\" href=\"https:\/\/www.ledizioni.it\/en\/product\/il-fascino-inquieto-dell-utopia\/\" \/>\n<meta property=\"og:locale\" content=\"en_GB\" \/>\n<meta property=\"og:type\" content=\"article\" \/>\n<meta property=\"og:title\" content=\"IL FASCINO INQUIETO DELL&#039;UTOPIA -\" \/>\n<meta property=\"og:description\" content=\"La riflessione parte da un\u2019elaborazione millenarista del pensiero sull&#039;utopia e prosegue in un&#039;indagine dei suoi esiti letterari dal Rinascimento ad oggi.\" \/>\n<meta property=\"og:url\" content=\"https:\/\/www.ledizioni.it\/en\/product\/il-fascino-inquieto-dell-utopia\/\" \/>\n<meta property=\"og:site_name\" content=\"Ledizioni\" \/>\n<meta property=\"article:publisher\" content=\"https:\/\/www.facebook.com\/pages\/Ledizioni-LediPublishing\/109120559173329\" \/>\n<meta property=\"article:modified_time\" content=\"2022-08-04T10:11:18+00:00\" \/>\n<meta property=\"og:image\" content=\"https:\/\/www.ledizioni.it\/stag\/wp-content\/uploads\/2014\/04\/Utopia3d.jpg\" \/>\n\t<meta property=\"og:image:width\" content=\"1571\" \/>\n\t<meta property=\"og:image:height\" content=\"2100\" \/>\n\t<meta property=\"og:image:type\" content=\"image\/jpeg\" \/>\n<meta name=\"twitter:card\" content=\"summary_large_image\" \/>\n<meta name=\"twitter:site\" content=\"@ledizioni\" \/>\n<meta name=\"twitter:label1\" content=\"Estimated reading time\" \/>\n\t<meta name=\"twitter:data1\" content=\"1 minute\" \/>\n<script type=\"application\/ld+json\" class=\"yoast-schema-graph\">{\"@context\":\"https:\\\/\\\/schema.org\",\"@graph\":[{\"@type\":\"WebPage\",\"@id\":\"https:\\\/\\\/www.ledizioni.it\\\/prodotto\\\/il-fascino-inquieto-dell-utopia\\\/\",\"url\":\"https:\\\/\\\/www.ledizioni.it\\\/prodotto\\\/il-fascino-inquieto-dell-utopia\\\/\",\"name\":\"IL FASCINO INQUIETO DELL'UTOPIA -\",\"isPartOf\":{\"@id\":\"https:\\\/\\\/www.ledizioni.it\\\/#website\"},\"primaryImageOfPage\":{\"@id\":\"https:\\\/\\\/www.ledizioni.it\\\/prodotto\\\/il-fascino-inquieto-dell-utopia\\\/#primaryimage\"},\"image\":{\"@id\":\"https:\\\/\\\/www.ledizioni.it\\\/prodotto\\\/il-fascino-inquieto-dell-utopia\\\/#primaryimage\"},\"thumbnailUrl\":\"https:\\\/\\\/www.ledizioni.it\\\/stag\\\/wp-content\\\/uploads\\\/2014\\\/04\\\/Utopia3d.jpg\",\"datePublished\":\"2014-04-10T08:15:49+00:00\",\"dateModified\":\"2022-08-04T10:11:18+00:00\",\"description\":\"La riflessione parte da un\u2019elaborazione millenarista del pensiero sull'utopia e prosegue in un'indagine dei suoi esiti letterari dal Rinascimento ad oggi.\",\"breadcrumb\":{\"@id\":\"https:\\\/\\\/www.ledizioni.it\\\/prodotto\\\/il-fascino-inquieto-dell-utopia\\\/#breadcrumb\"},\"inLanguage\":\"en-GB\",\"potentialAction\":[{\"@type\":\"ReadAction\",\"target\":[\"https:\\\/\\\/www.ledizioni.it\\\/prodotto\\\/il-fascino-inquieto-dell-utopia\\\/\"]}]},{\"@type\":\"ImageObject\",\"inLanguage\":\"en-GB\",\"@id\":\"https:\\\/\\\/www.ledizioni.it\\\/prodotto\\\/il-fascino-inquieto-dell-utopia\\\/#primaryimage\",\"url\":\"https:\\\/\\\/www.ledizioni.it\\\/stag\\\/wp-content\\\/uploads\\\/2014\\\/04\\\/Utopia3d.jpg\",\"contentUrl\":\"https:\\\/\\\/www.ledizioni.it\\\/stag\\\/wp-content\\\/uploads\\\/2014\\\/04\\\/Utopia3d.jpg\",\"width\":1571,\"height\":2100},{\"@type\":\"BreadcrumbList\",\"@id\":\"https:\\\/\\\/www.ledizioni.it\\\/prodotto\\\/il-fascino-inquieto-dell-utopia\\\/#breadcrumb\",\"itemListElement\":[{\"@type\":\"ListItem\",\"position\":1,\"name\":\"Shop\",\"item\":\"https:\\\/\\\/www.ledizioni.it\\\/shop-2\\\/\"},{\"@type\":\"ListItem\",\"position\":2,\"name\":\"IL FASCINO INQUIETO DELL&#8217;UTOPIA\"}]},{\"@type\":\"WebSite\",\"@id\":\"https:\\\/\\\/www.ledizioni.it\\\/#website\",\"url\":\"https:\\\/\\\/www.ledizioni.it\\\/\",\"name\":\"Ledizioni\",\"description\":\"The Innovative LediPublishing Company - Casa Editrice Universitaria\",\"publisher\":{\"@id\":\"https:\\\/\\\/www.ledizioni.it\\\/#organization\"},\"potentialAction\":[{\"@type\":\"SearchAction\",\"target\":{\"@type\":\"EntryPoint\",\"urlTemplate\":\"https:\\\/\\\/www.ledizioni.it\\\/?s={search_term_string}\"},\"query-input\":{\"@type\":\"PropertyValueSpecification\",\"valueRequired\":true,\"valueName\":\"search_term_string\"}}],\"inLanguage\":\"en-GB\"},{\"@type\":\"Organization\",\"@id\":\"https:\\\/\\\/www.ledizioni.it\\\/#organization\",\"name\":\"Ledizioni\",\"url\":\"https:\\\/\\\/www.ledizioni.it\\\/\",\"logo\":{\"@type\":\"ImageObject\",\"inLanguage\":\"en-GB\",\"@id\":\"https:\\\/\\\/www.ledizioni.it\\\/#\\\/schema\\\/logo\\\/image\\\/\",\"url\":\"https:\\\/\\\/www.ledizioni.it\\\/stag\\\/wp-content\\\/uploads\\\/2023\\\/10\\\/newlogoledizioni500x110_2-1.jpg\",\"contentUrl\":\"https:\\\/\\\/www.ledizioni.it\\\/stag\\\/wp-content\\\/uploads\\\/2023\\\/10\\\/newlogoledizioni500x110_2-1.jpg\",\"width\":354,\"height\":87,\"caption\":\"Ledizioni\"},\"image\":{\"@id\":\"https:\\\/\\\/www.ledizioni.it\\\/#\\\/schema\\\/logo\\\/image\\\/\"},\"sameAs\":[\"https:\\\/\\\/www.facebook.com\\\/pages\\\/Ledizioni-LediPublishing\\\/109120559173329\",\"https:\\\/\\\/x.com\\\/ledizioni\"]}]}<\/script>\n<!-- \/ Yoast SEO plugin. -->","yoast_head_json":{"title":"IL FASCINO INQUIETO DELL'UTOPIA -","description":"La riflessione parte da un\u2019elaborazione millenarista del pensiero sull'utopia e prosegue in un'indagine dei suoi esiti letterari dal Rinascimento ad oggi.","robots":{"index":"index","follow":"follow","max-snippet":"max-snippet:-1","max-image-preview":"max-image-preview:large","max-video-preview":"max-video-preview:-1"},"canonical":"https:\/\/www.ledizioni.it\/en\/product\/il-fascino-inquieto-dell-utopia\/","og_locale":"en_GB","og_type":"article","og_title":"IL FASCINO INQUIETO DELL'UTOPIA -","og_description":"La riflessione parte da un\u2019elaborazione millenarista del pensiero sull'utopia e prosegue in un'indagine dei suoi esiti letterari dal Rinascimento ad oggi.","og_url":"https:\/\/www.ledizioni.it\/en\/product\/il-fascino-inquieto-dell-utopia\/","og_site_name":"Ledizioni","article_publisher":"https:\/\/www.facebook.com\/pages\/Ledizioni-LediPublishing\/109120559173329","article_modified_time":"2022-08-04T10:11:18+00:00","og_image":[{"width":1571,"height":2100,"url":"https:\/\/www.ledizioni.it\/stag\/wp-content\/uploads\/2014\/04\/Utopia3d.jpg","type":"image\/jpeg"}],"twitter_card":"summary_large_image","twitter_site":"@ledizioni","twitter_misc":{"Estimated reading time":"1 minute"},"schema":{"@context":"https:\/\/schema.org","@graph":[{"@type":"WebPage","@id":"https:\/\/www.ledizioni.it\/prodotto\/il-fascino-inquieto-dell-utopia\/","url":"https:\/\/www.ledizioni.it\/prodotto\/il-fascino-inquieto-dell-utopia\/","name":"IL FASCINO INQUIETO DELL'UTOPIA -","isPartOf":{"@id":"https:\/\/www.ledizioni.it\/#website"},"primaryImageOfPage":{"@id":"https:\/\/www.ledizioni.it\/prodotto\/il-fascino-inquieto-dell-utopia\/#primaryimage"},"image":{"@id":"https:\/\/www.ledizioni.it\/prodotto\/il-fascino-inquieto-dell-utopia\/#primaryimage"},"thumbnailUrl":"https:\/\/www.ledizioni.it\/stag\/wp-content\/uploads\/2014\/04\/Utopia3d.jpg","datePublished":"2014-04-10T08:15:49+00:00","dateModified":"2022-08-04T10:11:18+00:00","description":"La riflessione parte da un\u2019elaborazione millenarista del pensiero sull'utopia e prosegue in un'indagine dei suoi esiti letterari dal Rinascimento ad oggi.","breadcrumb":{"@id":"https:\/\/www.ledizioni.it\/prodotto\/il-fascino-inquieto-dell-utopia\/#breadcrumb"},"inLanguage":"en-GB","potentialAction":[{"@type":"ReadAction","target":["https:\/\/www.ledizioni.it\/prodotto\/il-fascino-inquieto-dell-utopia\/"]}]},{"@type":"ImageObject","inLanguage":"en-GB","@id":"https:\/\/www.ledizioni.it\/prodotto\/il-fascino-inquieto-dell-utopia\/#primaryimage","url":"https:\/\/www.ledizioni.it\/stag\/wp-content\/uploads\/2014\/04\/Utopia3d.jpg","contentUrl":"https:\/\/www.ledizioni.it\/stag\/wp-content\/uploads\/2014\/04\/Utopia3d.jpg","width":1571,"height":2100},{"@type":"BreadcrumbList","@id":"https:\/\/www.ledizioni.it\/prodotto\/il-fascino-inquieto-dell-utopia\/#breadcrumb","itemListElement":[{"@type":"ListItem","position":1,"name":"Shop","item":"https:\/\/www.ledizioni.it\/shop-2\/"},{"@type":"ListItem","position":2,"name":"IL FASCINO INQUIETO DELL&#8217;UTOPIA"}]},{"@type":"WebSite","@id":"https:\/\/www.ledizioni.it\/#website","url":"https:\/\/www.ledizioni.it\/","name":"Ledizioni","description":"The Innovative LediPublishing Company - Casa Editrice Universitaria","publisher":{"@id":"https:\/\/www.ledizioni.it\/#organization"},"potentialAction":[{"@type":"SearchAction","target":{"@type":"EntryPoint","urlTemplate":"https:\/\/www.ledizioni.it\/?s={search_term_string}"},"query-input":{"@type":"PropertyValueSpecification","valueRequired":true,"valueName":"search_term_string"}}],"inLanguage":"en-GB"},{"@type":"Organization","@id":"https:\/\/www.ledizioni.it\/#organization","name":"Ledizioni","url":"https:\/\/www.ledizioni.it\/","logo":{"@type":"ImageObject","inLanguage":"en-GB","@id":"https:\/\/www.ledizioni.it\/#\/schema\/logo\/image\/","url":"https:\/\/www.ledizioni.it\/stag\/wp-content\/uploads\/2023\/10\/newlogoledizioni500x110_2-1.jpg","contentUrl":"https:\/\/www.ledizioni.it\/stag\/wp-content\/uploads\/2023\/10\/newlogoledizioni500x110_2-1.jpg","width":354,"height":87,"caption":"Ledizioni"},"image":{"@id":"https:\/\/www.ledizioni.it\/#\/schema\/logo\/image\/"},"sameAs":["https:\/\/www.facebook.com\/pages\/Ledizioni-LediPublishing\/109120559173329","https:\/\/x.com\/ledizioni"]}]}},"jetpack_sharing_enabled":true,"_links":{"self":[{"href":"https:\/\/www.ledizioni.it\/en\/wp-json\/wp\/v2\/product\/8456","targetHints":{"allow":["GET"]}}],"collection":[{"href":"https:\/\/www.ledizioni.it\/en\/wp-json\/wp\/v2\/product"}],"about":[{"href":"https:\/\/www.ledizioni.it\/en\/wp-json\/wp\/v2\/types\/product"}],"replies":[{"embeddable":true,"href":"https:\/\/www.ledizioni.it\/en\/wp-json\/wp\/v2\/comments?post=8456"}],"version-history":[{"count":1,"href":"https:\/\/www.ledizioni.it\/en\/wp-json\/wp\/v2\/product\/8456\/revisions"}],"predecessor-version":[{"id":8462,"href":"https:\/\/www.ledizioni.it\/en\/wp-json\/wp\/v2\/product\/8456\/revisions\/8462"}],"wp:featuredmedia":[{"embeddable":true,"href":"https:\/\/www.ledizioni.it\/en\/wp-json\/wp\/v2\/media\/8461"}],"wp:attachment":[{"href":"https:\/\/www.ledizioni.it\/en\/wp-json\/wp\/v2\/media?parent=8456"}],"wp:term":[{"taxonomy":"product_brand","embeddable":true,"href":"https:\/\/www.ledizioni.it\/en\/wp-json\/wp\/v2\/product_brand?post=8456"},{"taxonomy":"product_cat","embeddable":true,"href":"https:\/\/www.ledizioni.it\/en\/wp-json\/wp\/v2\/product_cat?post=8456"},{"taxonomy":"product_tag","embeddable":true,"href":"https:\/\/www.ledizioni.it\/en\/wp-json\/wp\/v2\/product_tag?post=8456"}],"curies":[{"name":"wp","href":"https:\/\/api.w.org\/{rel}","templated":true}]}}