{"id":8812,"date":"2014-06-25T16:04:05","date_gmt":"2014-06-25T16:04:05","guid":{"rendered":"http:\/\/www.ledizioni.it\/prodotto\/antonella-pezzotti-esperienze-pratiche-di-biologia-nella-scuola-primaria\/"},"modified":"2024-01-06T12:19:09","modified_gmt":"2024-01-06T10:19:09","slug":"antonella-pezzotti-esperienze-pratiche-di-biologia-nella-scuola-primaria","status":"publish","type":"product","link":"https:\/\/www.ledizioni.it\/en\/product\/antonella-pezzotti-esperienze-pratiche-di-biologia-nella-scuola-primaria\/","title":{"rendered":"ESPERIENZE PRATICHE DI BIOLOGIA NELLA SCUOLA PRIMARIA"},"content":{"rendered":"<p style=\"text-align: justify;\">La biologia parla sempre di noi. Conoscere alcuni aspetti di un organismo vivente significa, quindi, imparare qualche cosa che ci riguarda.<br \/>\nStudiare biologia vuol dire studiare gli organismi viventi: come sono fatti, come si comportano, come mangiano, come si accoppiano, come comunicano con l\u2019esterno. Per \u201ccapire\u201d in modo significativo questi aspetti occorrono esperienze dirette e personali, in cui ciascuno, con il proprio bagaglio culturale e le proprie esperienze precedenti, sperimenti il piacere di scoprire dal vero quello che fanno i viventi. Per questo \u00e8 importante privilegiare una didattica di tipo laboratoriale, in cui i bambini siano protagonisti di un fare per capire, in cui il loro interesse naturale nei confronti della vita si possa esprimere in tutte le sue potenzialit\u00e0.\u00a0 Questa raccolta di esperienze, proponibili nella scuola primaria, si basa proprio su questi presupposti. I suggerimenti qui riportati si potranno ampliare e concertare con quello che si far\u00e0 in classe, durante le ore di scienze e non solo\u2026. L\u2019aspetto pi\u00f9 importante del lavoro, che servir\u00e0 come base di partenza per ulteriori viaggi nel mondo dei viventi, sar\u00e0 costituito dalle conversazioni, dai dibattiti, dalle domande sulla vita che\u00a0 emergeranno dai bambini.<\/p>\n<p>&nbsp;<\/p>\n<h3><strong>DATI BIBLIOGRAFICI<\/strong><\/h3>\n<table border=\"0\" width=\"100%\">\n<tbody>\n<tr>\n<td width=\"83%\">Autore:Antonella Pezzotti<br \/>\nEditore: Ledizioni<a title=\"Publishing: past, present and future\" href=\"http:\/\/www.ledizioni.it\/en\/collane\/libri-e-biblioteche\/editoria-presente-e-futuro\/\" target=\"_blank\" rel=\"noopener\"><br \/>\n<\/a> Formato: cartaceo e Pdf<br \/>\nPubblicato in: Giugno 2014<br \/>\nISBN PDF:\u00a09788867052295<br \/>\nISBN cartaceo: 9788867053025<br \/>\nPrezzo PDF: 0.00 \u20ac<br \/>\nPrezzo cartaceo: 10.00\u20ac<\/td>\n<td width=\"17%\"><\/td>\n<\/tr>\n<\/tbody>\n<\/table>\n<p>&nbsp;<\/p>\n<p><a href=\"http:\/\/www.mondadoristore.it\/Esperienze-pratiche-biologia-Antonella-Pezzotti\/eai978886705302\/?sessionToken=BC4KYQ64i97K09xmF5qMWsXiejBz5Q6K\" target=\"_blank\" rel=\"noopener\"><img decoding=\"async\" class=\"alignnone size-full wp-image-14398 aligncenter\" src=\"http:\/\/www.ledizioni.it\/stag\/wp-content\/uploads\/2012\/06\/red-podok.jpg\" alt=\"Pod MondadoriStore\" width=\"200\" height=\"82\" \/><\/a><\/p>","protected":false},"excerpt":{"rendered":"<p>La biologia parla sempre di noi. Conoscere alcuni aspetti di un organismo vivente significa, quindi, imparare qualche cosa che ci<\/p>","protected":false},"featured_media":8814,"comment_status":"open","ping_status":"closed","template":"","meta":{"_acf_changed":false},"product_brand":[],"product_cat":[563,763],"product_tag":[759,764,1189],"class_list":{"0":"post-8812","1":"product","2":"type-product","3":"status-publish","4":"has-post-thumbnail","6":"product_cat-biology","7":"product_cat-didattica-scienze-umane-2","8":"product_tag-biologia-2","9":"product_tag-open-access-2","10":"product_tag-risorse-didattiche-gratuite","11":"pa_accesso-open-access","12":"pa_formato-cartaceo","13":"pa_formato-ebook-in-pdf","14":"pa_lingua-italiano","16":"first","17":"instock","18":"shipping-taxable","19":"purchasable","20":"product-type-variable"},"acf":[],"yoast_head":"<!-- This site is optimized with the Yoast SEO plugin v27.4 - https:\/\/yoast.com\/product\/yoast-seo-wordpress\/ -->\n<title>Antonella Pezzotti - Esperienze pratiche di biologia<\/title>\n<meta name=\"description\" content=\"La biologia parla sempre di noi. Queste esperienze pratiche di biologia per la scuola primaria aiutano nell&#039;insegnamento.\" \/>\n<meta name=\"robots\" content=\"index, follow, max-snippet:-1, max-image-preview:large, max-video-preview:-1\" \/>\n<link rel=\"canonical\" href=\"https:\/\/www.ledizioni.it\/en\/product\/antonella-pezzotti-esperienze-pratiche-di-biologia-nella-scuola-primaria\/\" \/>\n<meta property=\"og:locale\" content=\"en_GB\" \/>\n<meta property=\"og:type\" content=\"article\" \/>\n<meta property=\"og:title\" content=\"Antonella Pezzotti - Esperienze pratiche di biologia\" \/>\n<meta property=\"og:description\" content=\"La biologia parla sempre di noi. Queste esperienze pratiche di biologia per la scuola primaria aiutano nell&#039;insegnamento.\" \/>\n<meta property=\"og:url\" content=\"https:\/\/www.ledizioni.it\/en\/product\/antonella-pezzotti-esperienze-pratiche-di-biologia-nella-scuola-primaria\/\" \/>\n<meta property=\"og:site_name\" content=\"Ledizioni\" \/>\n<meta property=\"article:publisher\" content=\"https:\/\/www.facebook.com\/pages\/Ledizioni-LediPublishing\/109120559173329\" \/>\n<meta property=\"article:modified_time\" content=\"2024-01-06T10:19:09+00:00\" \/>\n<meta property=\"og:image\" content=\"https:\/\/www.ledizioni.it\/stag\/wp-content\/uploads\/2014\/06\/sitoled.jpg\" \/>\n\t<meta property=\"og:image:width\" content=\"1504\" \/>\n\t<meta property=\"og:image:height\" content=\"2080\" \/>\n\t<meta property=\"og:image:type\" content=\"image\/jpeg\" \/>\n<meta name=\"twitter:card\" content=\"summary_large_image\" \/>\n<meta name=\"twitter:site\" content=\"@ledizioni\" \/>\n<meta name=\"twitter:label1\" content=\"Estimated reading time\" \/>\n\t<meta name=\"twitter:data1\" content=\"1 minute\" \/>\n<script type=\"application\/ld+json\" class=\"yoast-schema-graph\">{\"@context\":\"https:\\\/\\\/schema.org\",\"@graph\":[{\"@type\":\"WebPage\",\"@id\":\"https:\\\/\\\/www.ledizioni.it\\\/prodotto\\\/antonella-pezzotti-esperienze-pratiche-di-biologia-nella-scuola-primaria\\\/\",\"url\":\"https:\\\/\\\/www.ledizioni.it\\\/prodotto\\\/antonella-pezzotti-esperienze-pratiche-di-biologia-nella-scuola-primaria\\\/\",\"name\":\"Antonella Pezzotti - Esperienze pratiche di biologia\",\"isPartOf\":{\"@id\":\"https:\\\/\\\/www.ledizioni.it\\\/#website\"},\"primaryImageOfPage\":{\"@id\":\"https:\\\/\\\/www.ledizioni.it\\\/prodotto\\\/antonella-pezzotti-esperienze-pratiche-di-biologia-nella-scuola-primaria\\\/#primaryimage\"},\"image\":{\"@id\":\"https:\\\/\\\/www.ledizioni.it\\\/prodotto\\\/antonella-pezzotti-esperienze-pratiche-di-biologia-nella-scuola-primaria\\\/#primaryimage\"},\"thumbnailUrl\":\"https:\\\/\\\/www.ledizioni.it\\\/stag\\\/wp-content\\\/uploads\\\/2014\\\/06\\\/sitoled.jpg\",\"datePublished\":\"2014-06-25T16:04:05+00:00\",\"dateModified\":\"2024-01-06T10:19:09+00:00\",\"description\":\"La biologia parla sempre di noi. Queste esperienze pratiche di biologia per la scuola primaria aiutano nell'insegnamento.\",\"breadcrumb\":{\"@id\":\"https:\\\/\\\/www.ledizioni.it\\\/prodotto\\\/antonella-pezzotti-esperienze-pratiche-di-biologia-nella-scuola-primaria\\\/#breadcrumb\"},\"inLanguage\":\"en-GB\",\"potentialAction\":[{\"@type\":\"ReadAction\",\"target\":[\"https:\\\/\\\/www.ledizioni.it\\\/prodotto\\\/antonella-pezzotti-esperienze-pratiche-di-biologia-nella-scuola-primaria\\\/\"]}]},{\"@type\":\"ImageObject\",\"inLanguage\":\"en-GB\",\"@id\":\"https:\\\/\\\/www.ledizioni.it\\\/prodotto\\\/antonella-pezzotti-esperienze-pratiche-di-biologia-nella-scuola-primaria\\\/#primaryimage\",\"url\":\"https:\\\/\\\/www.ledizioni.it\\\/stag\\\/wp-content\\\/uploads\\\/2014\\\/06\\\/sitoled.jpg\",\"contentUrl\":\"https:\\\/\\\/www.ledizioni.it\\\/stag\\\/wp-content\\\/uploads\\\/2014\\\/06\\\/sitoled.jpg\",\"width\":1504,\"height\":2080},{\"@type\":\"BreadcrumbList\",\"@id\":\"https:\\\/\\\/www.ledizioni.it\\\/prodotto\\\/antonella-pezzotti-esperienze-pratiche-di-biologia-nella-scuola-primaria\\\/#breadcrumb\",\"itemListElement\":[{\"@type\":\"ListItem\",\"position\":1,\"name\":\"Shop\",\"item\":\"https:\\\/\\\/www.ledizioni.it\\\/shop-2\\\/\"},{\"@type\":\"ListItem\",\"position\":2,\"name\":\"ESPERIENZE PRATICHE DI BIOLOGIA NELLA SCUOLA PRIMARIA\"}]},{\"@type\":\"WebSite\",\"@id\":\"https:\\\/\\\/www.ledizioni.it\\\/#website\",\"url\":\"https:\\\/\\\/www.ledizioni.it\\\/\",\"name\":\"Ledizioni\",\"description\":\"The Innovative LediPublishing Company - Casa Editrice Universitaria\",\"publisher\":{\"@id\":\"https:\\\/\\\/www.ledizioni.it\\\/#organization\"},\"potentialAction\":[{\"@type\":\"SearchAction\",\"target\":{\"@type\":\"EntryPoint\",\"urlTemplate\":\"https:\\\/\\\/www.ledizioni.it\\\/?s={search_term_string}\"},\"query-input\":{\"@type\":\"PropertyValueSpecification\",\"valueRequired\":true,\"valueName\":\"search_term_string\"}}],\"inLanguage\":\"en-GB\"},{\"@type\":\"Organization\",\"@id\":\"https:\\\/\\\/www.ledizioni.it\\\/#organization\",\"name\":\"Ledizioni\",\"url\":\"https:\\\/\\\/www.ledizioni.it\\\/\",\"logo\":{\"@type\":\"ImageObject\",\"inLanguage\":\"en-GB\",\"@id\":\"https:\\\/\\\/www.ledizioni.it\\\/#\\\/schema\\\/logo\\\/image\\\/\",\"url\":\"https:\\\/\\\/www.ledizioni.it\\\/stag\\\/wp-content\\\/uploads\\\/2023\\\/10\\\/newlogoledizioni500x110_2-1.jpg\",\"contentUrl\":\"https:\\\/\\\/www.ledizioni.it\\\/stag\\\/wp-content\\\/uploads\\\/2023\\\/10\\\/newlogoledizioni500x110_2-1.jpg\",\"width\":354,\"height\":87,\"caption\":\"Ledizioni\"},\"image\":{\"@id\":\"https:\\\/\\\/www.ledizioni.it\\\/#\\\/schema\\\/logo\\\/image\\\/\"},\"sameAs\":[\"https:\\\/\\\/www.facebook.com\\\/pages\\\/Ledizioni-LediPublishing\\\/109120559173329\",\"https:\\\/\\\/x.com\\\/ledizioni\"]}]}<\/script>\n<!-- \/ Yoast SEO plugin. -->","yoast_head_json":{"title":"Antonella Pezzotti - Esperienze pratiche di biologia","description":"La biologia parla sempre di noi. Queste esperienze pratiche di biologia per la scuola primaria aiutano nell'insegnamento.","robots":{"index":"index","follow":"follow","max-snippet":"max-snippet:-1","max-image-preview":"max-image-preview:large","max-video-preview":"max-video-preview:-1"},"canonical":"https:\/\/www.ledizioni.it\/en\/product\/antonella-pezzotti-esperienze-pratiche-di-biologia-nella-scuola-primaria\/","og_locale":"en_GB","og_type":"article","og_title":"Antonella Pezzotti - Esperienze pratiche di biologia","og_description":"La biologia parla sempre di noi. Queste esperienze pratiche di biologia per la scuola primaria aiutano nell'insegnamento.","og_url":"https:\/\/www.ledizioni.it\/en\/product\/antonella-pezzotti-esperienze-pratiche-di-biologia-nella-scuola-primaria\/","og_site_name":"Ledizioni","article_publisher":"https:\/\/www.facebook.com\/pages\/Ledizioni-LediPublishing\/109120559173329","article_modified_time":"2024-01-06T10:19:09+00:00","og_image":[{"width":1504,"height":2080,"url":"https:\/\/www.ledizioni.it\/stag\/wp-content\/uploads\/2014\/06\/sitoled.jpg","type":"image\/jpeg"}],"twitter_card":"summary_large_image","twitter_site":"@ledizioni","twitter_misc":{"Estimated reading time":"1 minute"},"schema":{"@context":"https:\/\/schema.org","@graph":[{"@type":"WebPage","@id":"https:\/\/www.ledizioni.it\/prodotto\/antonella-pezzotti-esperienze-pratiche-di-biologia-nella-scuola-primaria\/","url":"https:\/\/www.ledizioni.it\/prodotto\/antonella-pezzotti-esperienze-pratiche-di-biologia-nella-scuola-primaria\/","name":"Antonella Pezzotti - Esperienze pratiche di biologia","isPartOf":{"@id":"https:\/\/www.ledizioni.it\/#website"},"primaryImageOfPage":{"@id":"https:\/\/www.ledizioni.it\/prodotto\/antonella-pezzotti-esperienze-pratiche-di-biologia-nella-scuola-primaria\/#primaryimage"},"image":{"@id":"https:\/\/www.ledizioni.it\/prodotto\/antonella-pezzotti-esperienze-pratiche-di-biologia-nella-scuola-primaria\/#primaryimage"},"thumbnailUrl":"https:\/\/www.ledizioni.it\/stag\/wp-content\/uploads\/2014\/06\/sitoled.jpg","datePublished":"2014-06-25T16:04:05+00:00","dateModified":"2024-01-06T10:19:09+00:00","description":"La biologia parla sempre di noi. Queste esperienze pratiche di biologia per la scuola primaria aiutano nell'insegnamento.","breadcrumb":{"@id":"https:\/\/www.ledizioni.it\/prodotto\/antonella-pezzotti-esperienze-pratiche-di-biologia-nella-scuola-primaria\/#breadcrumb"},"inLanguage":"en-GB","potentialAction":[{"@type":"ReadAction","target":["https:\/\/www.ledizioni.it\/prodotto\/antonella-pezzotti-esperienze-pratiche-di-biologia-nella-scuola-primaria\/"]}]},{"@type":"ImageObject","inLanguage":"en-GB","@id":"https:\/\/www.ledizioni.it\/prodotto\/antonella-pezzotti-esperienze-pratiche-di-biologia-nella-scuola-primaria\/#primaryimage","url":"https:\/\/www.ledizioni.it\/stag\/wp-content\/uploads\/2014\/06\/sitoled.jpg","contentUrl":"https:\/\/www.ledizioni.it\/stag\/wp-content\/uploads\/2014\/06\/sitoled.jpg","width":1504,"height":2080},{"@type":"BreadcrumbList","@id":"https:\/\/www.ledizioni.it\/prodotto\/antonella-pezzotti-esperienze-pratiche-di-biologia-nella-scuola-primaria\/#breadcrumb","itemListElement":[{"@type":"ListItem","position":1,"name":"Shop","item":"https:\/\/www.ledizioni.it\/shop-2\/"},{"@type":"ListItem","position":2,"name":"ESPERIENZE PRATICHE DI BIOLOGIA NELLA SCUOLA PRIMARIA"}]},{"@type":"WebSite","@id":"https:\/\/www.ledizioni.it\/#website","url":"https:\/\/www.ledizioni.it\/","name":"Ledizioni","description":"The Innovative LediPublishing Company - Casa Editrice Universitaria","publisher":{"@id":"https:\/\/www.ledizioni.it\/#organization"},"potentialAction":[{"@type":"SearchAction","target":{"@type":"EntryPoint","urlTemplate":"https:\/\/www.ledizioni.it\/?s={search_term_string}"},"query-input":{"@type":"PropertyValueSpecification","valueRequired":true,"valueName":"search_term_string"}}],"inLanguage":"en-GB"},{"@type":"Organization","@id":"https:\/\/www.ledizioni.it\/#organization","name":"Ledizioni","url":"https:\/\/www.ledizioni.it\/","logo":{"@type":"ImageObject","inLanguage":"en-GB","@id":"https:\/\/www.ledizioni.it\/#\/schema\/logo\/image\/","url":"https:\/\/www.ledizioni.it\/stag\/wp-content\/uploads\/2023\/10\/newlogoledizioni500x110_2-1.jpg","contentUrl":"https:\/\/www.ledizioni.it\/stag\/wp-content\/uploads\/2023\/10\/newlogoledizioni500x110_2-1.jpg","width":354,"height":87,"caption":"Ledizioni"},"image":{"@id":"https:\/\/www.ledizioni.it\/#\/schema\/logo\/image\/"},"sameAs":["https:\/\/www.facebook.com\/pages\/Ledizioni-LediPublishing\/109120559173329","https:\/\/x.com\/ledizioni"]}]}},"jetpack_sharing_enabled":true,"_links":{"self":[{"href":"https:\/\/www.ledizioni.it\/en\/wp-json\/wp\/v2\/product\/8812","targetHints":{"allow":["GET"]}}],"collection":[{"href":"https:\/\/www.ledizioni.it\/en\/wp-json\/wp\/v2\/product"}],"about":[{"href":"https:\/\/www.ledizioni.it\/en\/wp-json\/wp\/v2\/types\/product"}],"replies":[{"embeddable":true,"href":"https:\/\/www.ledizioni.it\/en\/wp-json\/wp\/v2\/comments?post=8812"}],"version-history":[{"count":1,"href":"https:\/\/www.ledizioni.it\/en\/wp-json\/wp\/v2\/product\/8812\/revisions"}],"predecessor-version":[{"id":9706,"href":"https:\/\/www.ledizioni.it\/en\/wp-json\/wp\/v2\/product\/8812\/revisions\/9706"}],"wp:featuredmedia":[{"embeddable":true,"href":"https:\/\/www.ledizioni.it\/en\/wp-json\/wp\/v2\/media\/8814"}],"wp:attachment":[{"href":"https:\/\/www.ledizioni.it\/en\/wp-json\/wp\/v2\/media?parent=8812"}],"wp:term":[{"taxonomy":"product_brand","embeddable":true,"href":"https:\/\/www.ledizioni.it\/en\/wp-json\/wp\/v2\/product_brand?post=8812"},{"taxonomy":"product_cat","embeddable":true,"href":"https:\/\/www.ledizioni.it\/en\/wp-json\/wp\/v2\/product_cat?post=8812"},{"taxonomy":"product_tag","embeddable":true,"href":"https:\/\/www.ledizioni.it\/en\/wp-json\/wp\/v2\/product_tag?post=8812"}],"curies":[{"name":"wp","href":"https:\/\/api.w.org\/{rel}","templated":true}]}}