{"id":8883,"date":"2014-07-31T15:48:06","date_gmt":"2014-07-31T15:48:06","guid":{"rendered":"http:\/\/www.ledizioni.it\/prodotto\/pierluigi-sandonnini-manuale-della-tv-digitale-terrestre\/"},"modified":"2018-11-29T11:22:15","modified_gmt":"2018-11-29T11:22:15","slug":"pierluigi-sandonnini-manuale-della-tv-digitale-terrestre","status":"publish","type":"product","link":"https:\/\/www.ledizioni.it\/en\/product\/pierluigi-sandonnini-manuale-della-tv-digitale-terrestre\/","title":{"rendered":"MANUALE DELLA TV DIGITALE TERRESTRE"},"content":{"rendered":"<p style=\"text-align: justify;\">Il Manuale della tv digitale terrestre \u00e8 per tutti coloro che, per lavoro o solo per curiosit\u00e0, vogliono saperne di pi\u00f9 sulla tv digitale terrestre. Soprattutto, vogliono capire perch\u00e9 riscontrano problemi nella ricezione e, magari, conoscere il modo per risolverli. Un manuale che vuole diffondere la cultura della \u201cdtt\u201d, tecnologia ancora giovane e per questo ancora poco nota, mentre l\u2019ormai estinta tv analogica poteva avvalersi di oltre cinquant\u2019anni di \u201conorato servizio\u201d, durante i quali le soluzioni, i trucchetti, i vizi e le virt\u00f9 si erano tramandati e diffusi largamente.<\/p>\n<p>&nbsp;<\/p>\n<p><strong>DATI BIBLIOGRAFICI<\/strong><\/p>\n<table border=\"0\" width=\"100%\">\n<tbody>\n<tr>\n<td width=\"83%\">Autore:Pierluigi Sandonnini<br \/>\nEditore: Ledizioni<a title=\"Publishing: past, present and future\" href=\"http:\/\/www.ledizioni.it\/en\/collane\/libri-e-biblioteche\/editoria-presente-e-futuro\/\" target=\"_blank\" rel=\"noopener\"><br \/>\n<\/a> Formato: ePub<br \/>\nCollana: <a title=\"Fai da Tech\" href=\"http:\/\/www.ledizioni.it\/en\/collane\/varia\/fai-da-tech\/\">Fai da tech<\/a><br \/>\nPubblicato in: Luglio 2014<br \/>\nISBN:\u00a09788867052516 (ePub)<br \/>\nPrezzo (ePub): 4.99 \u20ac<\/td>\n<td width=\"17%\"><\/td>\n<\/tr>\n<\/tbody>\n<\/table>\n<p>&nbsp;<\/p>\n<p>&nbsp;<\/p>","protected":false},"excerpt":{"rendered":"<p>Il Manuale della tv digitale terrestre \u00e8 per tutti coloro che, per lavoro o solo per curiosit\u00e0, vogliono saperne di<\/p>","protected":false},"featured_media":8885,"comment_status":"open","ping_status":"closed","template":"","meta":{"_acf_changed":false},"product_brand":[],"product_cat":[16],"product_tag":[805,874,873,872],"class_list":{"0":"post-8883","1":"product","2":"type-product","3":"status-publish","4":"has-post-thumbnail","6":"product_cat-do-tech","7":"product_tag-digitale-2","8":"product_tag-digitale-terrestre","9":"product_tag-fai-da-te","10":"product_tag-televisione","11":"pa_accesso-pagamento","12":"pa_formato-ebook-in-epub","13":"pa_lingua-italiano","15":"first","16":"instock","17":"featured","18":"downloadable","19":"virtual","20":"purchasable","21":"product-type-simple"},"acf":[],"yoast_head":"<!-- This site is optimized with the Yoast SEO plugin v27.4 - https:\/\/yoast.com\/product\/yoast-seo-wordpress\/ -->\n<title>Pierluigi Sandonnini, Manuale Della TV Digitale Terrestre<\/title>\n<meta name=\"description\" content=\"Il Manuale della tv digitale terrestre \u00e8 un punto di inizio per professionisti e per hobbisti che vogliono capire come risolvere i problemi di ricezione.\" \/>\n<meta name=\"robots\" content=\"index, follow, max-snippet:-1, max-image-preview:large, max-video-preview:-1\" \/>\n<link rel=\"canonical\" href=\"https:\/\/www.ledizioni.it\/en\/product\/pierluigi-sandonnini-manuale-della-tv-digitale-terrestre\/\" \/>\n<meta property=\"og:locale\" content=\"en_GB\" \/>\n<meta property=\"og:type\" content=\"article\" \/>\n<meta property=\"og:title\" content=\"Pierluigi Sandonnini, Manuale Della TV Digitale Terrestre\" \/>\n<meta property=\"og:description\" content=\"Il Manuale della tv digitale terrestre \u00e8 un punto di inizio per professionisti e per hobbisti che vogliono capire come risolvere i problemi di ricezione.\" \/>\n<meta property=\"og:url\" content=\"https:\/\/www.ledizioni.it\/en\/product\/pierluigi-sandonnini-manuale-della-tv-digitale-terrestre\/\" \/>\n<meta property=\"og:site_name\" content=\"Ledizioni\" \/>\n<meta property=\"article:publisher\" content=\"https:\/\/www.facebook.com\/pages\/Ledizioni-LediPublishing\/109120559173329\" \/>\n<meta property=\"article:modified_time\" content=\"2018-11-29T11:22:15+00:00\" \/>\n<meta property=\"og:image\" content=\"https:\/\/www.ledizioni.it\/stag\/wp-content\/uploads\/2014\/07\/sito.jpg\" \/>\n\t<meta property=\"og:image:width\" content=\"1254\" \/>\n\t<meta property=\"og:image:height\" content=\"2040\" \/>\n\t<meta property=\"og:image:type\" content=\"image\/jpeg\" \/>\n<meta name=\"twitter:card\" content=\"summary_large_image\" \/>\n<meta name=\"twitter:site\" content=\"@ledizioni\" \/>\n<meta name=\"twitter:label1\" content=\"Estimated reading time\" \/>\n\t<meta name=\"twitter:data1\" content=\"1 minute\" \/>\n<script type=\"application\/ld+json\" class=\"yoast-schema-graph\">{\"@context\":\"https:\\\/\\\/schema.org\",\"@graph\":[{\"@type\":\"WebPage\",\"@id\":\"https:\\\/\\\/www.ledizioni.it\\\/prodotto\\\/pierluigi-sandonnini-manuale-della-tv-digitale-terrestre\\\/\",\"url\":\"https:\\\/\\\/www.ledizioni.it\\\/prodotto\\\/pierluigi-sandonnini-manuale-della-tv-digitale-terrestre\\\/\",\"name\":\"Pierluigi Sandonnini, Manuale Della TV Digitale Terrestre\",\"isPartOf\":{\"@id\":\"https:\\\/\\\/www.ledizioni.it\\\/#website\"},\"primaryImageOfPage\":{\"@id\":\"https:\\\/\\\/www.ledizioni.it\\\/prodotto\\\/pierluigi-sandonnini-manuale-della-tv-digitale-terrestre\\\/#primaryimage\"},\"image\":{\"@id\":\"https:\\\/\\\/www.ledizioni.it\\\/prodotto\\\/pierluigi-sandonnini-manuale-della-tv-digitale-terrestre\\\/#primaryimage\"},\"thumbnailUrl\":\"https:\\\/\\\/www.ledizioni.it\\\/stag\\\/wp-content\\\/uploads\\\/2014\\\/07\\\/sito.jpg\",\"datePublished\":\"2014-07-31T15:48:06+00:00\",\"dateModified\":\"2018-11-29T11:22:15+00:00\",\"description\":\"Il Manuale della tv digitale terrestre \u00e8 un punto di inizio per professionisti e per hobbisti che vogliono capire come risolvere i problemi di ricezione.\",\"breadcrumb\":{\"@id\":\"https:\\\/\\\/www.ledizioni.it\\\/prodotto\\\/pierluigi-sandonnini-manuale-della-tv-digitale-terrestre\\\/#breadcrumb\"},\"inLanguage\":\"en-GB\",\"potentialAction\":[{\"@type\":\"ReadAction\",\"target\":[\"https:\\\/\\\/www.ledizioni.it\\\/prodotto\\\/pierluigi-sandonnini-manuale-della-tv-digitale-terrestre\\\/\"]}]},{\"@type\":\"ImageObject\",\"inLanguage\":\"en-GB\",\"@id\":\"https:\\\/\\\/www.ledizioni.it\\\/prodotto\\\/pierluigi-sandonnini-manuale-della-tv-digitale-terrestre\\\/#primaryimage\",\"url\":\"https:\\\/\\\/www.ledizioni.it\\\/stag\\\/wp-content\\\/uploads\\\/2014\\\/07\\\/sito.jpg\",\"contentUrl\":\"https:\\\/\\\/www.ledizioni.it\\\/stag\\\/wp-content\\\/uploads\\\/2014\\\/07\\\/sito.jpg\",\"width\":1254,\"height\":2040},{\"@type\":\"BreadcrumbList\",\"@id\":\"https:\\\/\\\/www.ledizioni.it\\\/prodotto\\\/pierluigi-sandonnini-manuale-della-tv-digitale-terrestre\\\/#breadcrumb\",\"itemListElement\":[{\"@type\":\"ListItem\",\"position\":1,\"name\":\"Shop\",\"item\":\"https:\\\/\\\/www.ledizioni.it\\\/shop-2\\\/\"},{\"@type\":\"ListItem\",\"position\":2,\"name\":\"MANUALE DELLA TV DIGITALE TERRESTRE\"}]},{\"@type\":\"WebSite\",\"@id\":\"https:\\\/\\\/www.ledizioni.it\\\/#website\",\"url\":\"https:\\\/\\\/www.ledizioni.it\\\/\",\"name\":\"Ledizioni\",\"description\":\"The Innovative LediPublishing Company - Casa Editrice Universitaria\",\"publisher\":{\"@id\":\"https:\\\/\\\/www.ledizioni.it\\\/#organization\"},\"potentialAction\":[{\"@type\":\"SearchAction\",\"target\":{\"@type\":\"EntryPoint\",\"urlTemplate\":\"https:\\\/\\\/www.ledizioni.it\\\/?s={search_term_string}\"},\"query-input\":{\"@type\":\"PropertyValueSpecification\",\"valueRequired\":true,\"valueName\":\"search_term_string\"}}],\"inLanguage\":\"en-GB\"},{\"@type\":\"Organization\",\"@id\":\"https:\\\/\\\/www.ledizioni.it\\\/#organization\",\"name\":\"Ledizioni\",\"url\":\"https:\\\/\\\/www.ledizioni.it\\\/\",\"logo\":{\"@type\":\"ImageObject\",\"inLanguage\":\"en-GB\",\"@id\":\"https:\\\/\\\/www.ledizioni.it\\\/#\\\/schema\\\/logo\\\/image\\\/\",\"url\":\"https:\\\/\\\/www.ledizioni.it\\\/stag\\\/wp-content\\\/uploads\\\/2023\\\/10\\\/newlogoledizioni500x110_2-1.jpg\",\"contentUrl\":\"https:\\\/\\\/www.ledizioni.it\\\/stag\\\/wp-content\\\/uploads\\\/2023\\\/10\\\/newlogoledizioni500x110_2-1.jpg\",\"width\":354,\"height\":87,\"caption\":\"Ledizioni\"},\"image\":{\"@id\":\"https:\\\/\\\/www.ledizioni.it\\\/#\\\/schema\\\/logo\\\/image\\\/\"},\"sameAs\":[\"https:\\\/\\\/www.facebook.com\\\/pages\\\/Ledizioni-LediPublishing\\\/109120559173329\",\"https:\\\/\\\/x.com\\\/ledizioni\"]}]}<\/script>\n<!-- \/ Yoast SEO plugin. -->","yoast_head_json":{"title":"Pierluigi Sandonnini, Manuale Della TV Digitale Terrestre","description":"Il Manuale della tv digitale terrestre \u00e8 un punto di inizio per professionisti e per hobbisti che vogliono capire come risolvere i problemi di ricezione.","robots":{"index":"index","follow":"follow","max-snippet":"max-snippet:-1","max-image-preview":"max-image-preview:large","max-video-preview":"max-video-preview:-1"},"canonical":"https:\/\/www.ledizioni.it\/en\/product\/pierluigi-sandonnini-manuale-della-tv-digitale-terrestre\/","og_locale":"en_GB","og_type":"article","og_title":"Pierluigi Sandonnini, Manuale Della TV Digitale Terrestre","og_description":"Il Manuale della tv digitale terrestre \u00e8 un punto di inizio per professionisti e per hobbisti che vogliono capire come risolvere i problemi di ricezione.","og_url":"https:\/\/www.ledizioni.it\/en\/product\/pierluigi-sandonnini-manuale-della-tv-digitale-terrestre\/","og_site_name":"Ledizioni","article_publisher":"https:\/\/www.facebook.com\/pages\/Ledizioni-LediPublishing\/109120559173329","article_modified_time":"2018-11-29T11:22:15+00:00","og_image":[{"width":1254,"height":2040,"url":"https:\/\/www.ledizioni.it\/stag\/wp-content\/uploads\/2014\/07\/sito.jpg","type":"image\/jpeg"}],"twitter_card":"summary_large_image","twitter_site":"@ledizioni","twitter_misc":{"Estimated reading time":"1 minute"},"schema":{"@context":"https:\/\/schema.org","@graph":[{"@type":"WebPage","@id":"https:\/\/www.ledizioni.it\/prodotto\/pierluigi-sandonnini-manuale-della-tv-digitale-terrestre\/","url":"https:\/\/www.ledizioni.it\/prodotto\/pierluigi-sandonnini-manuale-della-tv-digitale-terrestre\/","name":"Pierluigi Sandonnini, Manuale Della TV Digitale Terrestre","isPartOf":{"@id":"https:\/\/www.ledizioni.it\/#website"},"primaryImageOfPage":{"@id":"https:\/\/www.ledizioni.it\/prodotto\/pierluigi-sandonnini-manuale-della-tv-digitale-terrestre\/#primaryimage"},"image":{"@id":"https:\/\/www.ledizioni.it\/prodotto\/pierluigi-sandonnini-manuale-della-tv-digitale-terrestre\/#primaryimage"},"thumbnailUrl":"https:\/\/www.ledizioni.it\/stag\/wp-content\/uploads\/2014\/07\/sito.jpg","datePublished":"2014-07-31T15:48:06+00:00","dateModified":"2018-11-29T11:22:15+00:00","description":"Il Manuale della tv digitale terrestre \u00e8 un punto di inizio per professionisti e per hobbisti che vogliono capire come risolvere i problemi di ricezione.","breadcrumb":{"@id":"https:\/\/www.ledizioni.it\/prodotto\/pierluigi-sandonnini-manuale-della-tv-digitale-terrestre\/#breadcrumb"},"inLanguage":"en-GB","potentialAction":[{"@type":"ReadAction","target":["https:\/\/www.ledizioni.it\/prodotto\/pierluigi-sandonnini-manuale-della-tv-digitale-terrestre\/"]}]},{"@type":"ImageObject","inLanguage":"en-GB","@id":"https:\/\/www.ledizioni.it\/prodotto\/pierluigi-sandonnini-manuale-della-tv-digitale-terrestre\/#primaryimage","url":"https:\/\/www.ledizioni.it\/stag\/wp-content\/uploads\/2014\/07\/sito.jpg","contentUrl":"https:\/\/www.ledizioni.it\/stag\/wp-content\/uploads\/2014\/07\/sito.jpg","width":1254,"height":2040},{"@type":"BreadcrumbList","@id":"https:\/\/www.ledizioni.it\/prodotto\/pierluigi-sandonnini-manuale-della-tv-digitale-terrestre\/#breadcrumb","itemListElement":[{"@type":"ListItem","position":1,"name":"Shop","item":"https:\/\/www.ledizioni.it\/shop-2\/"},{"@type":"ListItem","position":2,"name":"MANUALE DELLA TV DIGITALE TERRESTRE"}]},{"@type":"WebSite","@id":"https:\/\/www.ledizioni.it\/#website","url":"https:\/\/www.ledizioni.it\/","name":"Ledizioni","description":"The Innovative LediPublishing Company - Casa Editrice Universitaria","publisher":{"@id":"https:\/\/www.ledizioni.it\/#organization"},"potentialAction":[{"@type":"SearchAction","target":{"@type":"EntryPoint","urlTemplate":"https:\/\/www.ledizioni.it\/?s={search_term_string}"},"query-input":{"@type":"PropertyValueSpecification","valueRequired":true,"valueName":"search_term_string"}}],"inLanguage":"en-GB"},{"@type":"Organization","@id":"https:\/\/www.ledizioni.it\/#organization","name":"Ledizioni","url":"https:\/\/www.ledizioni.it\/","logo":{"@type":"ImageObject","inLanguage":"en-GB","@id":"https:\/\/www.ledizioni.it\/#\/schema\/logo\/image\/","url":"https:\/\/www.ledizioni.it\/stag\/wp-content\/uploads\/2023\/10\/newlogoledizioni500x110_2-1.jpg","contentUrl":"https:\/\/www.ledizioni.it\/stag\/wp-content\/uploads\/2023\/10\/newlogoledizioni500x110_2-1.jpg","width":354,"height":87,"caption":"Ledizioni"},"image":{"@id":"https:\/\/www.ledizioni.it\/#\/schema\/logo\/image\/"},"sameAs":["https:\/\/www.facebook.com\/pages\/Ledizioni-LediPublishing\/109120559173329","https:\/\/x.com\/ledizioni"]}]}},"jetpack_sharing_enabled":true,"_links":{"self":[{"href":"https:\/\/www.ledizioni.it\/en\/wp-json\/wp\/v2\/product\/8883","targetHints":{"allow":["GET"]}}],"collection":[{"href":"https:\/\/www.ledizioni.it\/en\/wp-json\/wp\/v2\/product"}],"about":[{"href":"https:\/\/www.ledizioni.it\/en\/wp-json\/wp\/v2\/types\/product"}],"replies":[{"embeddable":true,"href":"https:\/\/www.ledizioni.it\/en\/wp-json\/wp\/v2\/comments?post=8883"}],"version-history":[{"count":1,"href":"https:\/\/www.ledizioni.it\/en\/wp-json\/wp\/v2\/product\/8883\/revisions"}],"predecessor-version":[{"id":8886,"href":"https:\/\/www.ledizioni.it\/en\/wp-json\/wp\/v2\/product\/8883\/revisions\/8886"}],"wp:featuredmedia":[{"embeddable":true,"href":"https:\/\/www.ledizioni.it\/en\/wp-json\/wp\/v2\/media\/8885"}],"wp:attachment":[{"href":"https:\/\/www.ledizioni.it\/en\/wp-json\/wp\/v2\/media?parent=8883"}],"wp:term":[{"taxonomy":"product_brand","embeddable":true,"href":"https:\/\/www.ledizioni.it\/en\/wp-json\/wp\/v2\/product_brand?post=8883"},{"taxonomy":"product_cat","embeddable":true,"href":"https:\/\/www.ledizioni.it\/en\/wp-json\/wp\/v2\/product_cat?post=8883"},{"taxonomy":"product_tag","embeddable":true,"href":"https:\/\/www.ledizioni.it\/en\/wp-json\/wp\/v2\/product_tag?post=8883"}],"curies":[{"name":"wp","href":"https:\/\/api.w.org\/{rel}","templated":true}]}}