{"id":88890,"date":"2025-12-22T00:00:00","date_gmt":"2025-12-21T22:00:00","guid":{"rendered":"https:\/\/www.ledizioni.it\/?post_type=product&#038;p=88890"},"modified":"2025-12-22T13:32:22","modified_gmt":"2025-12-22T11:32:22","slug":"giovanni-giudici-e-i-libri-degli-altri","status":"publish","type":"product","link":"https:\/\/www.ledizioni.it\/en\/product\/giovanni-giudici-e-i-libri-degli-altri\/","title":{"rendered":"GIOVANNI GIUDICI E I LIBRI DEGLI ALTRI"},"content":{"rendered":"<p style=\"text-align: justify;\">Diceva Giacomo Noventa che dopo 7000 anni di letteratura non si poteva scrivere nulla di nuovo. O comunque era diventato difficile. Ma si danno casi in cui il \u00abnuovo\u00bb pu\u00f2 trovarsi l\u00e0 dove meno appare o tale non si pretende. Penso a certe poesie che a primo impatto sembrerebbero poco comprensibili e tuttavia riescono a sedurre: col ritmo, col suono, col geloso mistero della loro \u00ablingua strana\u00bb. Penso a romanzi dove il lettore non viene informato sul \u00abcome-va-a-finire\u00bb (e \u00abVa a finire che non finisce\u00bb verrebbe voglia di dirgli, magari consigliandolo di cercare in altro campo, fra le tonde e rigogliose zucche dei romanzi dove tutto \u00e8 spiegato). Ma pi\u00f9 che dare risposte (c&#8217;\u00e8 chi sostiene) l\u2019opera letteraria non dovrebbe aprire domande? Non sta proprio in questo la scommessa della sua durata?<\/p>\n<p>G. Giudici,<em> I mari di Biamonti, Trentarighe, <\/em>\u00abl\u2019Unit\u00e0\u00bb, 23 maggio 1994, p. 6<\/p>\n<p>____________________________________________<\/p>\n<p><strong>DATI BIBLIOGRAFICI<\/strong><br \/>\nA cura di: Simona Morando, Francesca Santucci<br \/>\nPubblicato nel: novembre 2025<br \/>\nCollana:\u00a0<a href=\"https:\/\/www.ledizioni.it\/en\/product-category\/umanistici\/testi-e-testimonianze-di-critica-letteraria\/\">Testi e testimonianze di critica letteraria<\/a><br \/>\nFormato: brossura, 232 p. \u2013 ePub<br \/>\nISBN cartaceo: 9791256005642<br \/>\nPrezzo cartaceo: 24,00 \u20ac<br \/>\nISBN ePub: 9791256005659<br \/>\nPrezzo ePub: 11,99 \u20ac<\/p>\n<p>&nbsp;<\/p>","protected":false},"excerpt":{"rendered":"<p>Diceva Giacomo Noventa che dopo 7000 anni di letteratura non si poteva scrivere nulla di nuovo. O comunque era diventato<\/p>","protected":false},"featured_media":89157,"comment_status":"closed","ping_status":"closed","template":"","meta":{"_acf_changed":false},"product_brand":[],"product_cat":[875],"product_tag":[1092,2875],"class_list":{"0":"post-88890","1":"product","2":"type-product","3":"status-publish","4":"has-post-thumbnail","6":"product_cat-testi-e-testimonianze-di-critica-letteraria","7":"product_tag-critica-letteraria","8":"product_tag-giovanni-giudici","9":"pa_formato-cartaceo","10":"pa_formato-ebook-in-epub","12":"first","13":"instock","14":"featured","15":"shipping-taxable","16":"purchasable","17":"product-type-variable"},"acf":[],"yoast_head":"<!-- This site is optimized with the Yoast SEO plugin v27.4 - https:\/\/yoast.com\/product\/yoast-seo-wordpress\/ -->\n<title>GIOVANNI GIUDICI E I LIBRI DEGLI ALTRI -<\/title>\n<meta name=\"description\" content=\"Ledizioni - Innovative Publishing. Casa editrice universitaria. Open Access. eBook, ePub. Creative Commons.\" \/>\n<meta name=\"robots\" content=\"index, follow, max-snippet:-1, max-image-preview:large, max-video-preview:-1\" \/>\n<link rel=\"canonical\" href=\"https:\/\/www.ledizioni.it\/en\/product\/giovanni-giudici-e-i-libri-degli-altri\/\" \/>\n<meta property=\"og:locale\" content=\"en_GB\" \/>\n<meta property=\"og:type\" content=\"article\" \/>\n<meta property=\"og:title\" content=\"GIOVANNI GIUDICI E I LIBRI DEGLI ALTRI -\" \/>\n<meta property=\"og:description\" content=\"Ledizioni - Innovative Publishing. Casa editrice universitaria. Open Access. eBook, ePub. Creative Commons.\" \/>\n<meta property=\"og:url\" content=\"https:\/\/www.ledizioni.it\/en\/product\/giovanni-giudici-e-i-libri-degli-altri\/\" \/>\n<meta property=\"og:site_name\" content=\"Ledizioni\" \/>\n<meta property=\"article:publisher\" content=\"https:\/\/www.facebook.com\/pages\/Ledizioni-LediPublishing\/109120559173329\" \/>\n<meta property=\"article:modified_time\" content=\"2025-12-22T11:32:22+00:00\" \/>\n<meta property=\"og:image\" content=\"https:\/\/www.ledizioni.it\/stag\/wp-content\/uploads\/2026\/01\/Cover-3D-1.jpg\" \/>\n\t<meta property=\"og:image:width\" content=\"1475\" \/>\n\t<meta property=\"og:image:height\" content=\"1884\" \/>\n\t<meta property=\"og:image:type\" content=\"image\/jpeg\" \/>\n<meta name=\"twitter:card\" content=\"summary_large_image\" \/>\n<meta name=\"twitter:site\" content=\"@ledizioni\" \/>\n<meta name=\"twitter:label1\" content=\"Estimated reading time\" \/>\n\t<meta name=\"twitter:data1\" content=\"2 minutes\" \/>\n<script type=\"application\/ld+json\" class=\"yoast-schema-graph\">{\"@context\":\"https:\\\/\\\/schema.org\",\"@graph\":[{\"@type\":\"WebPage\",\"@id\":\"https:\\\/\\\/www.ledizioni.it\\\/prodotto\\\/giovanni-giudici-e-i-libri-degli-altri\\\/\",\"url\":\"https:\\\/\\\/www.ledizioni.it\\\/prodotto\\\/giovanni-giudici-e-i-libri-degli-altri\\\/\",\"name\":\"GIOVANNI GIUDICI E I LIBRI DEGLI ALTRI -\",\"isPartOf\":{\"@id\":\"https:\\\/\\\/www.ledizioni.it\\\/#website\"},\"primaryImageOfPage\":{\"@id\":\"https:\\\/\\\/www.ledizioni.it\\\/prodotto\\\/giovanni-giudici-e-i-libri-degli-altri\\\/#primaryimage\"},\"image\":{\"@id\":\"https:\\\/\\\/www.ledizioni.it\\\/prodotto\\\/giovanni-giudici-e-i-libri-degli-altri\\\/#primaryimage\"},\"thumbnailUrl\":\"https:\\\/\\\/www.ledizioni.it\\\/stag\\\/wp-content\\\/uploads\\\/2026\\\/01\\\/Cover-3D-1.jpg\",\"datePublished\":\"2025-12-21T22:00:00+00:00\",\"dateModified\":\"2025-12-22T11:32:22+00:00\",\"description\":\"Ledizioni - Innovative Publishing. Casa editrice universitaria. Open Access. eBook, ePub. Creative Commons.\",\"breadcrumb\":{\"@id\":\"https:\\\/\\\/www.ledizioni.it\\\/prodotto\\\/giovanni-giudici-e-i-libri-degli-altri\\\/#breadcrumb\"},\"inLanguage\":\"en-GB\",\"potentialAction\":[{\"@type\":\"ReadAction\",\"target\":[\"https:\\\/\\\/www.ledizioni.it\\\/prodotto\\\/giovanni-giudici-e-i-libri-degli-altri\\\/\"]}]},{\"@type\":\"ImageObject\",\"inLanguage\":\"en-GB\",\"@id\":\"https:\\\/\\\/www.ledizioni.it\\\/prodotto\\\/giovanni-giudici-e-i-libri-degli-altri\\\/#primaryimage\",\"url\":\"https:\\\/\\\/www.ledizioni.it\\\/stag\\\/wp-content\\\/uploads\\\/2026\\\/01\\\/Cover-3D-1.jpg\",\"contentUrl\":\"https:\\\/\\\/www.ledizioni.it\\\/stag\\\/wp-content\\\/uploads\\\/2026\\\/01\\\/Cover-3D-1.jpg\",\"width\":1475,\"height\":1884},{\"@type\":\"BreadcrumbList\",\"@id\":\"https:\\\/\\\/www.ledizioni.it\\\/prodotto\\\/giovanni-giudici-e-i-libri-degli-altri\\\/#breadcrumb\",\"itemListElement\":[{\"@type\":\"ListItem\",\"position\":1,\"name\":\"Shop\",\"item\":\"https:\\\/\\\/www.ledizioni.it\\\/shop-2\\\/\"},{\"@type\":\"ListItem\",\"position\":2,\"name\":\"GIOVANNI GIUDICI E I LIBRI DEGLI ALTRI\"}]},{\"@type\":\"WebSite\",\"@id\":\"https:\\\/\\\/www.ledizioni.it\\\/#website\",\"url\":\"https:\\\/\\\/www.ledizioni.it\\\/\",\"name\":\"Ledizioni\",\"description\":\"The Innovative LediPublishing Company - Casa Editrice Universitaria\",\"publisher\":{\"@id\":\"https:\\\/\\\/www.ledizioni.it\\\/#organization\"},\"potentialAction\":[{\"@type\":\"SearchAction\",\"target\":{\"@type\":\"EntryPoint\",\"urlTemplate\":\"https:\\\/\\\/www.ledizioni.it\\\/?s={search_term_string}\"},\"query-input\":{\"@type\":\"PropertyValueSpecification\",\"valueRequired\":true,\"valueName\":\"search_term_string\"}}],\"inLanguage\":\"en-GB\"},{\"@type\":\"Organization\",\"@id\":\"https:\\\/\\\/www.ledizioni.it\\\/#organization\",\"name\":\"Ledizioni\",\"url\":\"https:\\\/\\\/www.ledizioni.it\\\/\",\"logo\":{\"@type\":\"ImageObject\",\"inLanguage\":\"en-GB\",\"@id\":\"https:\\\/\\\/www.ledizioni.it\\\/#\\\/schema\\\/logo\\\/image\\\/\",\"url\":\"https:\\\/\\\/www.ledizioni.it\\\/stag\\\/wp-content\\\/uploads\\\/2023\\\/10\\\/newlogoledizioni500x110_2-1.jpg\",\"contentUrl\":\"https:\\\/\\\/www.ledizioni.it\\\/stag\\\/wp-content\\\/uploads\\\/2023\\\/10\\\/newlogoledizioni500x110_2-1.jpg\",\"width\":354,\"height\":87,\"caption\":\"Ledizioni\"},\"image\":{\"@id\":\"https:\\\/\\\/www.ledizioni.it\\\/#\\\/schema\\\/logo\\\/image\\\/\"},\"sameAs\":[\"https:\\\/\\\/www.facebook.com\\\/pages\\\/Ledizioni-LediPublishing\\\/109120559173329\",\"https:\\\/\\\/x.com\\\/ledizioni\"]}]}<\/script>\n<!-- \/ Yoast SEO plugin. -->","yoast_head_json":{"title":"GIOVANNI GIUDICI E I LIBRI DEGLI ALTRI -","description":"Ledizioni - Innovative Publishing. Casa editrice universitaria. Open Access. eBook, ePub. Creative Commons.","robots":{"index":"index","follow":"follow","max-snippet":"max-snippet:-1","max-image-preview":"max-image-preview:large","max-video-preview":"max-video-preview:-1"},"canonical":"https:\/\/www.ledizioni.it\/en\/product\/giovanni-giudici-e-i-libri-degli-altri\/","og_locale":"en_GB","og_type":"article","og_title":"GIOVANNI GIUDICI E I LIBRI DEGLI ALTRI -","og_description":"Ledizioni - Innovative Publishing. Casa editrice universitaria. Open Access. eBook, ePub. Creative Commons.","og_url":"https:\/\/www.ledizioni.it\/en\/product\/giovanni-giudici-e-i-libri-degli-altri\/","og_site_name":"Ledizioni","article_publisher":"https:\/\/www.facebook.com\/pages\/Ledizioni-LediPublishing\/109120559173329","article_modified_time":"2025-12-22T11:32:22+00:00","og_image":[{"width":1475,"height":1884,"url":"https:\/\/www.ledizioni.it\/stag\/wp-content\/uploads\/2026\/01\/Cover-3D-1.jpg","type":"image\/jpeg"}],"twitter_card":"summary_large_image","twitter_site":"@ledizioni","twitter_misc":{"Estimated reading time":"2 minutes"},"schema":{"@context":"https:\/\/schema.org","@graph":[{"@type":"WebPage","@id":"https:\/\/www.ledizioni.it\/prodotto\/giovanni-giudici-e-i-libri-degli-altri\/","url":"https:\/\/www.ledizioni.it\/prodotto\/giovanni-giudici-e-i-libri-degli-altri\/","name":"GIOVANNI GIUDICI E I LIBRI DEGLI ALTRI -","isPartOf":{"@id":"https:\/\/www.ledizioni.it\/#website"},"primaryImageOfPage":{"@id":"https:\/\/www.ledizioni.it\/prodotto\/giovanni-giudici-e-i-libri-degli-altri\/#primaryimage"},"image":{"@id":"https:\/\/www.ledizioni.it\/prodotto\/giovanni-giudici-e-i-libri-degli-altri\/#primaryimage"},"thumbnailUrl":"https:\/\/www.ledizioni.it\/stag\/wp-content\/uploads\/2026\/01\/Cover-3D-1.jpg","datePublished":"2025-12-21T22:00:00+00:00","dateModified":"2025-12-22T11:32:22+00:00","description":"Ledizioni - Innovative Publishing. Casa editrice universitaria. Open Access. eBook, ePub. Creative Commons.","breadcrumb":{"@id":"https:\/\/www.ledizioni.it\/prodotto\/giovanni-giudici-e-i-libri-degli-altri\/#breadcrumb"},"inLanguage":"en-GB","potentialAction":[{"@type":"ReadAction","target":["https:\/\/www.ledizioni.it\/prodotto\/giovanni-giudici-e-i-libri-degli-altri\/"]}]},{"@type":"ImageObject","inLanguage":"en-GB","@id":"https:\/\/www.ledizioni.it\/prodotto\/giovanni-giudici-e-i-libri-degli-altri\/#primaryimage","url":"https:\/\/www.ledizioni.it\/stag\/wp-content\/uploads\/2026\/01\/Cover-3D-1.jpg","contentUrl":"https:\/\/www.ledizioni.it\/stag\/wp-content\/uploads\/2026\/01\/Cover-3D-1.jpg","width":1475,"height":1884},{"@type":"BreadcrumbList","@id":"https:\/\/www.ledizioni.it\/prodotto\/giovanni-giudici-e-i-libri-degli-altri\/#breadcrumb","itemListElement":[{"@type":"ListItem","position":1,"name":"Shop","item":"https:\/\/www.ledizioni.it\/shop-2\/"},{"@type":"ListItem","position":2,"name":"GIOVANNI GIUDICI E I LIBRI DEGLI ALTRI"}]},{"@type":"WebSite","@id":"https:\/\/www.ledizioni.it\/#website","url":"https:\/\/www.ledizioni.it\/","name":"Ledizioni","description":"The Innovative LediPublishing Company - Casa Editrice Universitaria","publisher":{"@id":"https:\/\/www.ledizioni.it\/#organization"},"potentialAction":[{"@type":"SearchAction","target":{"@type":"EntryPoint","urlTemplate":"https:\/\/www.ledizioni.it\/?s={search_term_string}"},"query-input":{"@type":"PropertyValueSpecification","valueRequired":true,"valueName":"search_term_string"}}],"inLanguage":"en-GB"},{"@type":"Organization","@id":"https:\/\/www.ledizioni.it\/#organization","name":"Ledizioni","url":"https:\/\/www.ledizioni.it\/","logo":{"@type":"ImageObject","inLanguage":"en-GB","@id":"https:\/\/www.ledizioni.it\/#\/schema\/logo\/image\/","url":"https:\/\/www.ledizioni.it\/stag\/wp-content\/uploads\/2023\/10\/newlogoledizioni500x110_2-1.jpg","contentUrl":"https:\/\/www.ledizioni.it\/stag\/wp-content\/uploads\/2023\/10\/newlogoledizioni500x110_2-1.jpg","width":354,"height":87,"caption":"Ledizioni"},"image":{"@id":"https:\/\/www.ledizioni.it\/#\/schema\/logo\/image\/"},"sameAs":["https:\/\/www.facebook.com\/pages\/Ledizioni-LediPublishing\/109120559173329","https:\/\/x.com\/ledizioni"]}]}},"jetpack_sharing_enabled":true,"_links":{"self":[{"href":"https:\/\/www.ledizioni.it\/en\/wp-json\/wp\/v2\/product\/88890","targetHints":{"allow":["GET"]}}],"collection":[{"href":"https:\/\/www.ledizioni.it\/en\/wp-json\/wp\/v2\/product"}],"about":[{"href":"https:\/\/www.ledizioni.it\/en\/wp-json\/wp\/v2\/types\/product"}],"replies":[{"embeddable":true,"href":"https:\/\/www.ledizioni.it\/en\/wp-json\/wp\/v2\/comments?post=88890"}],"version-history":[{"count":3,"href":"https:\/\/www.ledizioni.it\/en\/wp-json\/wp\/v2\/product\/88890\/revisions"}],"predecessor-version":[{"id":89190,"href":"https:\/\/www.ledizioni.it\/en\/wp-json\/wp\/v2\/product\/88890\/revisions\/89190"}],"wp:featuredmedia":[{"embeddable":true,"href":"https:\/\/www.ledizioni.it\/en\/wp-json\/wp\/v2\/media\/89157"}],"wp:attachment":[{"href":"https:\/\/www.ledizioni.it\/en\/wp-json\/wp\/v2\/media?parent=88890"}],"wp:term":[{"taxonomy":"product_brand","embeddable":true,"href":"https:\/\/www.ledizioni.it\/en\/wp-json\/wp\/v2\/product_brand?post=88890"},{"taxonomy":"product_cat","embeddable":true,"href":"https:\/\/www.ledizioni.it\/en\/wp-json\/wp\/v2\/product_cat?post=88890"},{"taxonomy":"product_tag","embeddable":true,"href":"https:\/\/www.ledizioni.it\/en\/wp-json\/wp\/v2\/product_tag?post=88890"}],"curies":[{"name":"wp","href":"https:\/\/api.w.org\/{rel}","templated":true}]}}