{"id":8962,"date":"2014-09-18T13:05:04","date_gmt":"2014-09-18T13:05:04","guid":{"rendered":"http:\/\/www.ledizioni.it\/prodotto\/dike-rivista-di-storia-del-diritto-greco-ed-ellenistico-n-162013\/"},"modified":"2019-08-01T15:45:43","modified_gmt":"2019-08-01T13:45:43","slug":"dike-rivista-di-storia-del-diritto-greco-ed-ellenistico-n-162013","status":"publish","type":"product","link":"https:\/\/www.ledizioni.it\/en\/product\/dike-rivista-di-storia-del-diritto-greco-ed-ellenistico-n-162013\/","title":{"rendered":"DIKE, Rivista di storia del diritto greco ed ellenistico N. 16\/2013"},"content":{"rendered":"<p style=\"text-align: justify;\">DIKE \u00e8 la prima rivista specificamente dedicata allo studio del diritto greco ed ellenistico: pubblica articoli sottoposti a \u201crevisione\u201d (peer review).<\/p>\n<p>La rivista, diretta da Eva Cantarella e Alberto Maffi, \u00e8 pubblicata con il contributo e sotto gli auspici del Dipartimento di Diritto privato e Storia del Diritto dell\u2019Universit\u00e0 degli Studi di Milano.<br \/>\nDIKE \u00e8 aperta non solo agli specialisti del settore, ma anche a tutti gli studiosi interessati agli aspetti giuridici della civilt\u00e0 greca.<br \/>\nPubblicher\u00e0 articoli in francese, inglese, greco, spagnolo, tedesco e italiano.<\/p>\n<p>Dike \u00e8 pubblicato on line sul sito dell\u2019Universit\u00e0 degli Studi di Milano all\u2019indirizzo: <a href=\"http:\/\/riviste.unimi.it\/index.php\/Dike\">http:\/\/riviste.unimi.it\/index.php\/Dike<\/a><\/p>\n<p style=\"text-align: justify;\"><strong>\u00a0Comitato Scienti\ufb01co<\/strong><br \/>\nMario Amelotti, David Cohen, Edward Cohen, Martin Dreher, Javier Fernandez Nieto, Michael Gagarin, Remo Martini, Joseph M\u00e9l\u00e8ze-Modrzejewski, Claude Moss\u00e9, Hans-Albert Rupprecht, Gerhard Th\u00fcr, Stephen Todd, Julie Velissaropoulos-Karakostas, Robert W. Wallace<\/p>\n<p><strong>INDICE<\/strong><\/p>\n<p><strong>Gerhard Th\u00fcr<\/strong>\u00a0 <em>THE STATUTE ON HOMOLOGEIN IN HYPERIDES\u2019 SPEECH AGAINST ATHENOGENES<\/em><br \/>\n<strong>Jakub Filonik<\/strong>\u00a0 <em>ATHENIAN IMPIETY TRIALS: A REAPPRAISAL<\/em><br \/>\n<strong>Hans Julius Wolff<\/strong> \u00a0\u00a0 <em>DIRITTO GRECO \u2013 DIRITTO TOLEMAICO \u00a0<\/em><br \/>\n<strong>Edward M. Harris<\/strong>\u00a0 <em>FINLEY\u2019S STUDIES IN LAND AND CREDIT SIXTY YEARS LATER<\/em><br \/>\n<strong>Michele Faraguna, Alberto Maffi, Laura Pepe<\/strong> \u00a0\u00a0\u00a0 <em>Recensioni \u00a0\u00a0\u00a0<\/em><\/p>\n<p>&#8212;&#8212;&#8212;&#8212;&#8212;&#8212;&#8212;&#8212;&#8212;&#8212;&#8212;&#8212;&#8212;&#8212;&#8212;-<\/p>\n<h3>DATI BIBLIOGRAFICI<\/h3>\n<p>Direttore: Eva Cantarella, Alberto Maffi<br \/>\nEditore: Ledizioni<br \/>\nCollana: Dike<br \/>\nFormato: Brossura<br \/>\nPubblicato in: Agosto 2014<br \/>\nISBN:\u00a09788867052509 (cartaceo)<br \/>\nISSN <a href=\"http:\/\/acnp.unibo.it\/cgi-ser\/start\/it\/cnr\/df-p.itcl?catno=1086747&amp;libr=&amp;person=false&amp;B=2&amp;proposto=NO&amp;year_poss_from=&amp;year_poss_to=\" target=\"_blank\" rel=\"noopener\">1128-8221<br \/>\n<\/a>Prezzo cartaceo: 35,00 \u20ac<\/p>\n<p>Prezzo due volumi (abbonamento annuale): 60,00 \u20ac<br \/>\nAbbonamento annuale: <a href=\"mailto:riviste@internationalbookseller.com\">contatta la Libreria Ledi Srl<\/a><\/p>","protected":false},"excerpt":{"rendered":"<p>DIKE \u00e8 la prima rivista specificamente dedicata allo studio del diritto greco ed ellenistico: pubblica articoli sottoposti a \u201crevisione\u201d (peer<\/p>","protected":false},"featured_media":8965,"comment_status":"open","ping_status":"closed","template":"","meta":{"_acf_changed":false},"product_brand":[],"product_cat":[1120],"product_tag":[764,501],"class_list":{"0":"post-8962","1":"product","2":"type-product","3":"status-publish","4":"has-post-thumbnail","6":"product_cat-dike","7":"product_tag-open-access-2","8":"product_tag-storia-del-diritto-greco","9":"pa_accesso-open-access","10":"pa_accesso-pagamento","11":"pa_formato-cartaceo","12":"pa_formato-ebook-in-pdf","13":"pa_lingua-inglese","14":"pa_lingua-italiano","16":"first","17":"instock","18":"shipping-taxable","19":"purchasable","20":"product-type-variable"},"acf":[],"yoast_head":"<!-- This site is optimized with the Yoast SEO plugin v27.5 - https:\/\/yoast.com\/product\/yoast-seo-wordpress\/ -->\n<title>DIKE, Rivista di storia del diritto greco ed ellenistico N. 16\/2013<\/title>\n<meta name=\"description\" content=\"DIKE \u00e8 la prima rivista specificamente dedicata allo studio del diritto greco ed ellenistico: pubblica articoli sottoposti a \u201crevisione\u201d (peer review).\" \/>\n<meta name=\"robots\" content=\"index, follow, max-snippet:-1, max-image-preview:large, max-video-preview:-1\" \/>\n<link rel=\"canonical\" href=\"https:\/\/www.ledizioni.it\/en\/product\/dike-rivista-di-storia-del-diritto-greco-ed-ellenistico-n-162013\/\" \/>\n<meta property=\"og:locale\" content=\"en_GB\" \/>\n<meta property=\"og:type\" content=\"article\" \/>\n<meta property=\"og:title\" content=\"DIKE, Rivista di storia del diritto greco ed ellenistico N. 16\/2013\" \/>\n<meta property=\"og:description\" content=\"DIKE \u00e8 la prima rivista specificamente dedicata allo studio del diritto greco ed ellenistico: pubblica articoli sottoposti a \u201crevisione\u201d (peer review).\" \/>\n<meta property=\"og:url\" content=\"https:\/\/www.ledizioni.it\/en\/product\/dike-rivista-di-storia-del-diritto-greco-ed-ellenistico-n-162013\/\" \/>\n<meta property=\"og:site_name\" content=\"Ledizioni\" \/>\n<meta property=\"article:publisher\" content=\"https:\/\/www.facebook.com\/pages\/Ledizioni-LediPublishing\/109120559173329\" \/>\n<meta property=\"article:modified_time\" content=\"2019-08-01T13:45:43+00:00\" \/>\n<meta property=\"og:image\" content=\"https:\/\/www.ledizioni.it\/stag\/wp-content\/uploads\/2014\/09\/sito4.jpg\" \/>\n\t<meta property=\"og:image:width\" content=\"1427\" \/>\n\t<meta property=\"og:image:height\" content=\"1860\" \/>\n\t<meta property=\"og:image:type\" content=\"image\/jpeg\" \/>\n<meta name=\"twitter:card\" content=\"summary_large_image\" \/>\n<meta name=\"twitter:site\" content=\"@ledizioni\" \/>\n<meta name=\"twitter:label1\" content=\"Estimated reading time\" \/>\n\t<meta name=\"twitter:data1\" content=\"1 minute\" \/>\n<script type=\"application\/ld+json\" class=\"yoast-schema-graph\">{\"@context\":\"https:\\\/\\\/schema.org\",\"@graph\":[{\"@type\":\"WebPage\",\"@id\":\"https:\\\/\\\/www.ledizioni.it\\\/en\\\/product\\\/dike-rivista-di-storia-del-diritto-greco-ed-ellenistico-n-162013\\\/\",\"url\":\"https:\\\/\\\/www.ledizioni.it\\\/en\\\/product\\\/dike-rivista-di-storia-del-diritto-greco-ed-ellenistico-n-162013\\\/\",\"name\":\"DIKE, Rivista di storia del diritto greco ed ellenistico N. 16\\\/2013\",\"isPartOf\":{\"@id\":\"https:\\\/\\\/www.ledizioni.it\\\/#website\"},\"primaryImageOfPage\":{\"@id\":\"https:\\\/\\\/www.ledizioni.it\\\/en\\\/product\\\/dike-rivista-di-storia-del-diritto-greco-ed-ellenistico-n-162013\\\/#primaryimage\"},\"image\":{\"@id\":\"https:\\\/\\\/www.ledizioni.it\\\/en\\\/product\\\/dike-rivista-di-storia-del-diritto-greco-ed-ellenistico-n-162013\\\/#primaryimage\"},\"thumbnailUrl\":\"https:\\\/\\\/www.ledizioni.it\\\/stag\\\/wp-content\\\/uploads\\\/2014\\\/09\\\/sito4.jpg\",\"datePublished\":\"2014-09-18T13:05:04+00:00\",\"dateModified\":\"2019-08-01T13:45:43+00:00\",\"description\":\"DIKE \u00e8 la prima rivista specificamente dedicata allo studio del diritto greco ed ellenistico: pubblica articoli sottoposti a \u201crevisione\u201d (peer review).\",\"breadcrumb\":{\"@id\":\"https:\\\/\\\/www.ledizioni.it\\\/en\\\/product\\\/dike-rivista-di-storia-del-diritto-greco-ed-ellenistico-n-162013\\\/#breadcrumb\"},\"inLanguage\":\"en-GB\",\"potentialAction\":[{\"@type\":\"ReadAction\",\"target\":[\"https:\\\/\\\/www.ledizioni.it\\\/en\\\/product\\\/dike-rivista-di-storia-del-diritto-greco-ed-ellenistico-n-162013\\\/\"]}]},{\"@type\":\"ImageObject\",\"inLanguage\":\"en-GB\",\"@id\":\"https:\\\/\\\/www.ledizioni.it\\\/en\\\/product\\\/dike-rivista-di-storia-del-diritto-greco-ed-ellenistico-n-162013\\\/#primaryimage\",\"url\":\"https:\\\/\\\/www.ledizioni.it\\\/stag\\\/wp-content\\\/uploads\\\/2014\\\/09\\\/sito4.jpg\",\"contentUrl\":\"https:\\\/\\\/www.ledizioni.it\\\/stag\\\/wp-content\\\/uploads\\\/2014\\\/09\\\/sito4.jpg\",\"width\":1427,\"height\":1860},{\"@type\":\"BreadcrumbList\",\"@id\":\"https:\\\/\\\/www.ledizioni.it\\\/en\\\/product\\\/dike-rivista-di-storia-del-diritto-greco-ed-ellenistico-n-162013\\\/#breadcrumb\",\"itemListElement\":[{\"@type\":\"ListItem\",\"position\":1,\"name\":\"Shop\",\"item\":\"https:\\\/\\\/www.ledizioni.it\\\/shop-2\\\/\"},{\"@type\":\"ListItem\",\"position\":2,\"name\":\"DIKE, Rivista di storia del diritto greco ed ellenistico N. 16\\\/2013\"}]},{\"@type\":\"WebSite\",\"@id\":\"https:\\\/\\\/www.ledizioni.it\\\/#website\",\"url\":\"https:\\\/\\\/www.ledizioni.it\\\/\",\"name\":\"Ledizioni\",\"description\":\"The Innovative LediPublishing Company - Casa Editrice Universitaria\",\"publisher\":{\"@id\":\"https:\\\/\\\/www.ledizioni.it\\\/#organization\"},\"potentialAction\":[{\"@type\":\"SearchAction\",\"target\":{\"@type\":\"EntryPoint\",\"urlTemplate\":\"https:\\\/\\\/www.ledizioni.it\\\/?s={search_term_string}\"},\"query-input\":{\"@type\":\"PropertyValueSpecification\",\"valueRequired\":true,\"valueName\":\"search_term_string\"}}],\"inLanguage\":\"en-GB\"},{\"@type\":\"Organization\",\"@id\":\"https:\\\/\\\/www.ledizioni.it\\\/#organization\",\"name\":\"Ledizioni\",\"url\":\"https:\\\/\\\/www.ledizioni.it\\\/\",\"logo\":{\"@type\":\"ImageObject\",\"inLanguage\":\"en-GB\",\"@id\":\"https:\\\/\\\/www.ledizioni.it\\\/#\\\/schema\\\/logo\\\/image\\\/\",\"url\":\"https:\\\/\\\/www.ledizioni.it\\\/stag\\\/wp-content\\\/uploads\\\/2023\\\/10\\\/newlogoledizioni500x110_2-1.jpg\",\"contentUrl\":\"https:\\\/\\\/www.ledizioni.it\\\/stag\\\/wp-content\\\/uploads\\\/2023\\\/10\\\/newlogoledizioni500x110_2-1.jpg\",\"width\":354,\"height\":87,\"caption\":\"Ledizioni\"},\"image\":{\"@id\":\"https:\\\/\\\/www.ledizioni.it\\\/#\\\/schema\\\/logo\\\/image\\\/\"},\"sameAs\":[\"https:\\\/\\\/www.facebook.com\\\/pages\\\/Ledizioni-LediPublishing\\\/109120559173329\",\"https:\\\/\\\/x.com\\\/ledizioni\"]}]}<\/script>\n<!-- \/ Yoast SEO plugin. -->","yoast_head_json":{"title":"DIKE, Rivista di storia del diritto greco ed ellenistico N. 16\/2013","description":"DIKE \u00e8 la prima rivista specificamente dedicata allo studio del diritto greco ed ellenistico: pubblica articoli sottoposti a \u201crevisione\u201d (peer review).","robots":{"index":"index","follow":"follow","max-snippet":"max-snippet:-1","max-image-preview":"max-image-preview:large","max-video-preview":"max-video-preview:-1"},"canonical":"https:\/\/www.ledizioni.it\/en\/product\/dike-rivista-di-storia-del-diritto-greco-ed-ellenistico-n-162013\/","og_locale":"en_GB","og_type":"article","og_title":"DIKE, Rivista di storia del diritto greco ed ellenistico N. 16\/2013","og_description":"DIKE \u00e8 la prima rivista specificamente dedicata allo studio del diritto greco ed ellenistico: pubblica articoli sottoposti a \u201crevisione\u201d (peer review).","og_url":"https:\/\/www.ledizioni.it\/en\/product\/dike-rivista-di-storia-del-diritto-greco-ed-ellenistico-n-162013\/","og_site_name":"Ledizioni","article_publisher":"https:\/\/www.facebook.com\/pages\/Ledizioni-LediPublishing\/109120559173329","article_modified_time":"2019-08-01T13:45:43+00:00","og_image":[{"width":1427,"height":1860,"url":"https:\/\/www.ledizioni.it\/stag\/wp-content\/uploads\/2014\/09\/sito4.jpg","type":"image\/jpeg"}],"twitter_card":"summary_large_image","twitter_site":"@ledizioni","twitter_misc":{"Estimated reading time":"1 minute"},"schema":{"@context":"https:\/\/schema.org","@graph":[{"@type":"WebPage","@id":"https:\/\/www.ledizioni.it\/en\/product\/dike-rivista-di-storia-del-diritto-greco-ed-ellenistico-n-162013\/","url":"https:\/\/www.ledizioni.it\/en\/product\/dike-rivista-di-storia-del-diritto-greco-ed-ellenistico-n-162013\/","name":"DIKE, Rivista di storia del diritto greco ed ellenistico N. 16\/2013","isPartOf":{"@id":"https:\/\/www.ledizioni.it\/#website"},"primaryImageOfPage":{"@id":"https:\/\/www.ledizioni.it\/en\/product\/dike-rivista-di-storia-del-diritto-greco-ed-ellenistico-n-162013\/#primaryimage"},"image":{"@id":"https:\/\/www.ledizioni.it\/en\/product\/dike-rivista-di-storia-del-diritto-greco-ed-ellenistico-n-162013\/#primaryimage"},"thumbnailUrl":"https:\/\/www.ledizioni.it\/stag\/wp-content\/uploads\/2014\/09\/sito4.jpg","datePublished":"2014-09-18T13:05:04+00:00","dateModified":"2019-08-01T13:45:43+00:00","description":"DIKE \u00e8 la prima rivista specificamente dedicata allo studio del diritto greco ed ellenistico: pubblica articoli sottoposti a \u201crevisione\u201d (peer review).","breadcrumb":{"@id":"https:\/\/www.ledizioni.it\/en\/product\/dike-rivista-di-storia-del-diritto-greco-ed-ellenistico-n-162013\/#breadcrumb"},"inLanguage":"en-GB","potentialAction":[{"@type":"ReadAction","target":["https:\/\/www.ledizioni.it\/en\/product\/dike-rivista-di-storia-del-diritto-greco-ed-ellenistico-n-162013\/"]}]},{"@type":"ImageObject","inLanguage":"en-GB","@id":"https:\/\/www.ledizioni.it\/en\/product\/dike-rivista-di-storia-del-diritto-greco-ed-ellenistico-n-162013\/#primaryimage","url":"https:\/\/www.ledizioni.it\/stag\/wp-content\/uploads\/2014\/09\/sito4.jpg","contentUrl":"https:\/\/www.ledizioni.it\/stag\/wp-content\/uploads\/2014\/09\/sito4.jpg","width":1427,"height":1860},{"@type":"BreadcrumbList","@id":"https:\/\/www.ledizioni.it\/en\/product\/dike-rivista-di-storia-del-diritto-greco-ed-ellenistico-n-162013\/#breadcrumb","itemListElement":[{"@type":"ListItem","position":1,"name":"Shop","item":"https:\/\/www.ledizioni.it\/shop-2\/"},{"@type":"ListItem","position":2,"name":"DIKE, Rivista di storia del diritto greco ed ellenistico N. 16\/2013"}]},{"@type":"WebSite","@id":"https:\/\/www.ledizioni.it\/#website","url":"https:\/\/www.ledizioni.it\/","name":"Ledizioni","description":"The Innovative LediPublishing Company - Casa Editrice Universitaria","publisher":{"@id":"https:\/\/www.ledizioni.it\/#organization"},"potentialAction":[{"@type":"SearchAction","target":{"@type":"EntryPoint","urlTemplate":"https:\/\/www.ledizioni.it\/?s={search_term_string}"},"query-input":{"@type":"PropertyValueSpecification","valueRequired":true,"valueName":"search_term_string"}}],"inLanguage":"en-GB"},{"@type":"Organization","@id":"https:\/\/www.ledizioni.it\/#organization","name":"Ledizioni","url":"https:\/\/www.ledizioni.it\/","logo":{"@type":"ImageObject","inLanguage":"en-GB","@id":"https:\/\/www.ledizioni.it\/#\/schema\/logo\/image\/","url":"https:\/\/www.ledizioni.it\/stag\/wp-content\/uploads\/2023\/10\/newlogoledizioni500x110_2-1.jpg","contentUrl":"https:\/\/www.ledizioni.it\/stag\/wp-content\/uploads\/2023\/10\/newlogoledizioni500x110_2-1.jpg","width":354,"height":87,"caption":"Ledizioni"},"image":{"@id":"https:\/\/www.ledizioni.it\/#\/schema\/logo\/image\/"},"sameAs":["https:\/\/www.facebook.com\/pages\/Ledizioni-LediPublishing\/109120559173329","https:\/\/x.com\/ledizioni"]}]}},"jetpack_sharing_enabled":true,"_links":{"self":[{"href":"https:\/\/www.ledizioni.it\/en\/wp-json\/wp\/v2\/product\/8962","targetHints":{"allow":["GET"]}}],"collection":[{"href":"https:\/\/www.ledizioni.it\/en\/wp-json\/wp\/v2\/product"}],"about":[{"href":"https:\/\/www.ledizioni.it\/en\/wp-json\/wp\/v2\/types\/product"}],"replies":[{"embeddable":true,"href":"https:\/\/www.ledizioni.it\/en\/wp-json\/wp\/v2\/comments?post=8962"}],"version-history":[{"count":1,"href":"https:\/\/www.ledizioni.it\/en\/wp-json\/wp\/v2\/product\/8962\/revisions"}],"predecessor-version":[{"id":8974,"href":"https:\/\/www.ledizioni.it\/en\/wp-json\/wp\/v2\/product\/8962\/revisions\/8974"}],"wp:featuredmedia":[{"embeddable":true,"href":"https:\/\/www.ledizioni.it\/en\/wp-json\/wp\/v2\/media\/8965"}],"wp:attachment":[{"href":"https:\/\/www.ledizioni.it\/en\/wp-json\/wp\/v2\/media?parent=8962"}],"wp:term":[{"taxonomy":"product_brand","embeddable":true,"href":"https:\/\/www.ledizioni.it\/en\/wp-json\/wp\/v2\/product_brand?post=8962"},{"taxonomy":"product_cat","embeddable":true,"href":"https:\/\/www.ledizioni.it\/en\/wp-json\/wp\/v2\/product_cat?post=8962"},{"taxonomy":"product_tag","embeddable":true,"href":"https:\/\/www.ledizioni.it\/en\/wp-json\/wp\/v2\/product_tag?post=8962"}],"curies":[{"name":"wp","href":"https:\/\/api.w.org\/{rel}","templated":true}]}}