{"id":9053,"date":"2020-01-29T08:14:00","date_gmt":"2020-01-29T06:14:00","guid":{"rendered":"http:\/\/www.ledizioni.it\/?post_type=product&#038;p=9053"},"modified":"2021-11-09T10:43:58","modified_gmt":"2021-11-09T08:43:58","slug":"werner-sombart-capitalismo-moderno","status":"publish","type":"product","link":"https:\/\/www.ledizioni.it\/en\/product\/werner-sombart-capitalismo-moderno\/","title":{"rendered":"IL CAPITALISMO MODERNO"},"content":{"rendered":"<p><strong><em>In libreria dal 13 febbraio<\/em><\/strong><\/p>\n<p style=\"text-align: justify;\"><em>ll Capitalismo Moderno<\/em> \u00e8 considerato una pietra miliare della Storia dell\u2019Economia. Pubblicata nel 1902, \u00e8 l\u2019opera che conia il termine \u201cCapitalismo\u201d e offre una storia sistematica dell\u2019economia attraverso i criteri della scuola storica tedesca: studiare le leggi economiche non in astratto ma con grande attenzione al contesto storico e sociale.<br \/>\nSombart scrive su temi che sono ancora oggi al centro del dibattito politico e intellettuale. Ci\u00f2 pu\u00f2 significare che esso non \u00e8 ancora uscito da una problematica vecchia ormai di pi\u00f9 di un secolo nonostante la trasformazione delle strutture, oppure che questa stessa trasformazione ha lasciato sopravvivere certi temi e certi problemi. Il pensiero di Sombart conserva elementi di attualit\u00e0 ma questa attualit\u00e0 non deve farci considerare il suo come un intervento nel dibattito d\u2019oggi, un punto di vista che pu\u00f2 essere fatto valere nella situazione attuale, astraendolo quindi dal suo particolare orizzonte storico. <em>Il Capitalismo Moderno<\/em> di Sombart non deve essere visto nella sua funzione glorificatrice o denigratrice del capitalismo contemporaneo (anche se l\u2019autore ha utilizzato frequentemente i suoi scritti ai fini della polemica immediata) ma appunto come un documento di quella polemica che ha riempito i primi decenni del XX secolo e che possa aiutarci a capire alcuni tratti dominanti della societ\u00e0 industriale.<\/p>\n<h3 style=\"text-align: justify;\"><strong><span style=\"color: #000000;\">DATI BIBLIOGRAFICI<\/span><\/strong><\/h3>\n<p style=\"text-align: justify;\">Autore: Werner Sombart<br \/>\nEditore: Ledizioni<br \/>\nCollana:\u00a0 <a href=\"https:\/\/www.ledizioni.it\/en\/product-category\/reprints\/sociologica-reprints\/\">Sociologica Reprints<\/a><br \/>\nFormato: brossura con alette, 564 p. &#8211; ePub<br \/>\nPubblicato in: Gennaio 2020<br \/>\nISBN cartaceo: 9788855260855<br \/>\nISBN ePub: 9788867052622<br \/>\nPrezzo cartaceo: 39 \u20ac<br \/>\nPrezzo ePub: 3,99 \u20ac<\/p>\n<p>[button link=&#8221;https:\/\/www.ledizioni.it\/download\/33341\/&#8221; style=&#8221;download&#8221; color=&#8221;red&#8221;]Scarica Introduzione[\/button]<\/p>\n<p><a href=\"http:\/\/digital.casalini.it\/9788855260855\"><img decoding=\"async\" class=\"aligncenter wp-image-23912\" src=\"https:\/\/www.ledizioni.it\/stag\/wp-content\/uploads\/2019\/07\/torrossa_web-150x80.jpg\" alt=\"\" width=\"200\" height=\"60\" \/><\/a><\/p>","protected":false},"excerpt":{"rendered":"<p>In libreria dal 13 febbraio ll Capitalismo Moderno \u00e8 considerato una pietra miliare della Storia dell\u2019Economia. Pubblicata nel 1902, \u00e8<\/p>","protected":false},"featured_media":26979,"comment_status":"open","ping_status":"closed","template":"","meta":{"_acf_changed":false},"product_brand":[],"product_cat":[569],"product_tag":[1067,796,1206,2293],"class_list":{"0":"post-9053","1":"product","2":"type-product","3":"status-publish","4":"has-post-thumbnail","6":"product_cat-sociologica-reprints","7":"product_tag-capitalismo","8":"product_tag-classici","9":"product_tag-economia","10":"product_tag-storia-della-sociologia","11":"pa_formato-cartaceo","12":"pa_formato-ebook-in-epub","14":"first","15":"instock","16":"featured","17":"shipping-taxable","18":"purchasable","19":"product-type-variable"},"acf":[],"yoast_head":"<!-- This site is optimized with the Yoast SEO plugin v27.3 - https:\/\/yoast.com\/product\/yoast-seo-wordpress\/ -->\n<title>Werner Sombart, Il Capitalismo Moderno<\/title>\n<meta name=\"description\" content=\"Il Capitalismo Moderno \u00e8 considerato come una pietra miliare della storia economica\" \/>\n<meta name=\"robots\" content=\"index, follow, max-snippet:-1, max-image-preview:large, max-video-preview:-1\" \/>\n<link rel=\"canonical\" href=\"https:\/\/www.ledizioni.it\/en\/product\/werner-sombart-capitalismo-moderno\/\" \/>\n<meta property=\"og:locale\" content=\"en_GB\" \/>\n<meta property=\"og:type\" content=\"article\" \/>\n<meta property=\"og:title\" content=\"Werner Sombart, Il Capitalismo Moderno\" \/>\n<meta property=\"og:description\" content=\"Il Capitalismo Moderno \u00e8 considerato come una pietra miliare della storia economica\" \/>\n<meta property=\"og:url\" content=\"https:\/\/www.ledizioni.it\/en\/product\/werner-sombart-capitalismo-moderno\/\" \/>\n<meta property=\"og:site_name\" content=\"Ledizioni\" \/>\n<meta property=\"article:publisher\" content=\"https:\/\/www.facebook.com\/pages\/Ledizioni-LediPublishing\/109120559173329\" \/>\n<meta property=\"article:modified_time\" content=\"2021-11-09T08:43:58+00:00\" \/>\n<meta property=\"og:image\" content=\"https:\/\/www.ledizioni.it\/stag\/wp-content\/uploads\/2014\/10\/Copertina-Sombart_3D1.jpg\" \/>\n\t<meta property=\"og:image:width\" content=\"500\" \/>\n\t<meta property=\"og:image:height\" content=\"636\" \/>\n\t<meta property=\"og:image:type\" content=\"image\/jpeg\" \/>\n<meta name=\"twitter:card\" content=\"summary_large_image\" \/>\n<meta name=\"twitter:site\" content=\"@ledizioni\" \/>\n<meta name=\"twitter:label1\" content=\"Estimated reading time\" \/>\n\t<meta name=\"twitter:data1\" content=\"1 minute\" \/>\n<script type=\"application\/ld+json\" class=\"yoast-schema-graph\">{\"@context\":\"https:\\\/\\\/schema.org\",\"@graph\":[{\"@type\":\"WebPage\",\"@id\":\"https:\\\/\\\/www.ledizioni.it\\\/prodotto\\\/werner-sombart-capitalismo-moderno\\\/\",\"url\":\"https:\\\/\\\/www.ledizioni.it\\\/prodotto\\\/werner-sombart-capitalismo-moderno\\\/\",\"name\":\"Werner Sombart, Il Capitalismo Moderno\",\"isPartOf\":{\"@id\":\"https:\\\/\\\/www.ledizioni.it\\\/#website\"},\"primaryImageOfPage\":{\"@id\":\"https:\\\/\\\/www.ledizioni.it\\\/prodotto\\\/werner-sombart-capitalismo-moderno\\\/#primaryimage\"},\"image\":{\"@id\":\"https:\\\/\\\/www.ledizioni.it\\\/prodotto\\\/werner-sombart-capitalismo-moderno\\\/#primaryimage\"},\"thumbnailUrl\":\"https:\\\/\\\/www.ledizioni.it\\\/stag\\\/wp-content\\\/uploads\\\/2014\\\/10\\\/Copertina-Sombart_3D1.jpg\",\"datePublished\":\"2020-01-29T06:14:00+00:00\",\"dateModified\":\"2021-11-09T08:43:58+00:00\",\"description\":\"Il Capitalismo Moderno \u00e8 considerato come una pietra miliare della storia economica\",\"breadcrumb\":{\"@id\":\"https:\\\/\\\/www.ledizioni.it\\\/prodotto\\\/werner-sombart-capitalismo-moderno\\\/#breadcrumb\"},\"inLanguage\":\"en-GB\",\"potentialAction\":[{\"@type\":\"ReadAction\",\"target\":[\"https:\\\/\\\/www.ledizioni.it\\\/prodotto\\\/werner-sombart-capitalismo-moderno\\\/\"]}]},{\"@type\":\"ImageObject\",\"inLanguage\":\"en-GB\",\"@id\":\"https:\\\/\\\/www.ledizioni.it\\\/prodotto\\\/werner-sombart-capitalismo-moderno\\\/#primaryimage\",\"url\":\"https:\\\/\\\/www.ledizioni.it\\\/stag\\\/wp-content\\\/uploads\\\/2014\\\/10\\\/Copertina-Sombart_3D1.jpg\",\"contentUrl\":\"https:\\\/\\\/www.ledizioni.it\\\/stag\\\/wp-content\\\/uploads\\\/2014\\\/10\\\/Copertina-Sombart_3D1.jpg\",\"width\":500,\"height\":636},{\"@type\":\"BreadcrumbList\",\"@id\":\"https:\\\/\\\/www.ledizioni.it\\\/prodotto\\\/werner-sombart-capitalismo-moderno\\\/#breadcrumb\",\"itemListElement\":[{\"@type\":\"ListItem\",\"position\":1,\"name\":\"Shop\",\"item\":\"https:\\\/\\\/www.ledizioni.it\\\/shop-2\\\/\"},{\"@type\":\"ListItem\",\"position\":2,\"name\":\"IL CAPITALISMO MODERNO\"}]},{\"@type\":\"WebSite\",\"@id\":\"https:\\\/\\\/www.ledizioni.it\\\/#website\",\"url\":\"https:\\\/\\\/www.ledizioni.it\\\/\",\"name\":\"Ledizioni\",\"description\":\"The Innovative LediPublishing Company - Casa Editrice Universitaria\",\"publisher\":{\"@id\":\"https:\\\/\\\/www.ledizioni.it\\\/#organization\"},\"potentialAction\":[{\"@type\":\"SearchAction\",\"target\":{\"@type\":\"EntryPoint\",\"urlTemplate\":\"https:\\\/\\\/www.ledizioni.it\\\/?s={search_term_string}\"},\"query-input\":{\"@type\":\"PropertyValueSpecification\",\"valueRequired\":true,\"valueName\":\"search_term_string\"}}],\"inLanguage\":\"en-GB\"},{\"@type\":\"Organization\",\"@id\":\"https:\\\/\\\/www.ledizioni.it\\\/#organization\",\"name\":\"Ledizioni\",\"url\":\"https:\\\/\\\/www.ledizioni.it\\\/\",\"logo\":{\"@type\":\"ImageObject\",\"inLanguage\":\"en-GB\",\"@id\":\"https:\\\/\\\/www.ledizioni.it\\\/#\\\/schema\\\/logo\\\/image\\\/\",\"url\":\"https:\\\/\\\/www.ledizioni.it\\\/stag\\\/wp-content\\\/uploads\\\/2023\\\/10\\\/newlogoledizioni500x110_2-1.jpg\",\"contentUrl\":\"https:\\\/\\\/www.ledizioni.it\\\/stag\\\/wp-content\\\/uploads\\\/2023\\\/10\\\/newlogoledizioni500x110_2-1.jpg\",\"width\":354,\"height\":87,\"caption\":\"Ledizioni\"},\"image\":{\"@id\":\"https:\\\/\\\/www.ledizioni.it\\\/#\\\/schema\\\/logo\\\/image\\\/\"},\"sameAs\":[\"https:\\\/\\\/www.facebook.com\\\/pages\\\/Ledizioni-LediPublishing\\\/109120559173329\",\"https:\\\/\\\/x.com\\\/ledizioni\"]}]}<\/script>\n<!-- \/ Yoast SEO plugin. -->","yoast_head_json":{"title":"Werner Sombart, Il Capitalismo Moderno","description":"Il Capitalismo Moderno \u00e8 considerato come una pietra miliare della storia economica","robots":{"index":"index","follow":"follow","max-snippet":"max-snippet:-1","max-image-preview":"max-image-preview:large","max-video-preview":"max-video-preview:-1"},"canonical":"https:\/\/www.ledizioni.it\/en\/product\/werner-sombart-capitalismo-moderno\/","og_locale":"en_GB","og_type":"article","og_title":"Werner Sombart, Il Capitalismo Moderno","og_description":"Il Capitalismo Moderno \u00e8 considerato come una pietra miliare della storia economica","og_url":"https:\/\/www.ledizioni.it\/en\/product\/werner-sombart-capitalismo-moderno\/","og_site_name":"Ledizioni","article_publisher":"https:\/\/www.facebook.com\/pages\/Ledizioni-LediPublishing\/109120559173329","article_modified_time":"2021-11-09T08:43:58+00:00","og_image":[{"width":500,"height":636,"url":"https:\/\/www.ledizioni.it\/stag\/wp-content\/uploads\/2014\/10\/Copertina-Sombart_3D1.jpg","type":"image\/jpeg"}],"twitter_card":"summary_large_image","twitter_site":"@ledizioni","twitter_misc":{"Estimated reading time":"1 minute"},"schema":{"@context":"https:\/\/schema.org","@graph":[{"@type":"WebPage","@id":"https:\/\/www.ledizioni.it\/prodotto\/werner-sombart-capitalismo-moderno\/","url":"https:\/\/www.ledizioni.it\/prodotto\/werner-sombart-capitalismo-moderno\/","name":"Werner Sombart, Il Capitalismo Moderno","isPartOf":{"@id":"https:\/\/www.ledizioni.it\/#website"},"primaryImageOfPage":{"@id":"https:\/\/www.ledizioni.it\/prodotto\/werner-sombart-capitalismo-moderno\/#primaryimage"},"image":{"@id":"https:\/\/www.ledizioni.it\/prodotto\/werner-sombart-capitalismo-moderno\/#primaryimage"},"thumbnailUrl":"https:\/\/www.ledizioni.it\/stag\/wp-content\/uploads\/2014\/10\/Copertina-Sombart_3D1.jpg","datePublished":"2020-01-29T06:14:00+00:00","dateModified":"2021-11-09T08:43:58+00:00","description":"Il Capitalismo Moderno \u00e8 considerato come una pietra miliare della storia economica","breadcrumb":{"@id":"https:\/\/www.ledizioni.it\/prodotto\/werner-sombart-capitalismo-moderno\/#breadcrumb"},"inLanguage":"en-GB","potentialAction":[{"@type":"ReadAction","target":["https:\/\/www.ledizioni.it\/prodotto\/werner-sombart-capitalismo-moderno\/"]}]},{"@type":"ImageObject","inLanguage":"en-GB","@id":"https:\/\/www.ledizioni.it\/prodotto\/werner-sombart-capitalismo-moderno\/#primaryimage","url":"https:\/\/www.ledizioni.it\/stag\/wp-content\/uploads\/2014\/10\/Copertina-Sombart_3D1.jpg","contentUrl":"https:\/\/www.ledizioni.it\/stag\/wp-content\/uploads\/2014\/10\/Copertina-Sombart_3D1.jpg","width":500,"height":636},{"@type":"BreadcrumbList","@id":"https:\/\/www.ledizioni.it\/prodotto\/werner-sombart-capitalismo-moderno\/#breadcrumb","itemListElement":[{"@type":"ListItem","position":1,"name":"Shop","item":"https:\/\/www.ledizioni.it\/shop-2\/"},{"@type":"ListItem","position":2,"name":"IL CAPITALISMO MODERNO"}]},{"@type":"WebSite","@id":"https:\/\/www.ledizioni.it\/#website","url":"https:\/\/www.ledizioni.it\/","name":"Ledizioni","description":"The Innovative LediPublishing Company - Casa Editrice Universitaria","publisher":{"@id":"https:\/\/www.ledizioni.it\/#organization"},"potentialAction":[{"@type":"SearchAction","target":{"@type":"EntryPoint","urlTemplate":"https:\/\/www.ledizioni.it\/?s={search_term_string}"},"query-input":{"@type":"PropertyValueSpecification","valueRequired":true,"valueName":"search_term_string"}}],"inLanguage":"en-GB"},{"@type":"Organization","@id":"https:\/\/www.ledizioni.it\/#organization","name":"Ledizioni","url":"https:\/\/www.ledizioni.it\/","logo":{"@type":"ImageObject","inLanguage":"en-GB","@id":"https:\/\/www.ledizioni.it\/#\/schema\/logo\/image\/","url":"https:\/\/www.ledizioni.it\/stag\/wp-content\/uploads\/2023\/10\/newlogoledizioni500x110_2-1.jpg","contentUrl":"https:\/\/www.ledizioni.it\/stag\/wp-content\/uploads\/2023\/10\/newlogoledizioni500x110_2-1.jpg","width":354,"height":87,"caption":"Ledizioni"},"image":{"@id":"https:\/\/www.ledizioni.it\/#\/schema\/logo\/image\/"},"sameAs":["https:\/\/www.facebook.com\/pages\/Ledizioni-LediPublishing\/109120559173329","https:\/\/x.com\/ledizioni"]}]}},"jetpack_sharing_enabled":true,"_links":{"self":[{"href":"https:\/\/www.ledizioni.it\/en\/wp-json\/wp\/v2\/product\/9053","targetHints":{"allow":["GET"]}}],"collection":[{"href":"https:\/\/www.ledizioni.it\/en\/wp-json\/wp\/v2\/product"}],"about":[{"href":"https:\/\/www.ledizioni.it\/en\/wp-json\/wp\/v2\/types\/product"}],"replies":[{"embeddable":true,"href":"https:\/\/www.ledizioni.it\/en\/wp-json\/wp\/v2\/comments?post=9053"}],"version-history":[{"count":1,"href":"https:\/\/www.ledizioni.it\/en\/wp-json\/wp\/v2\/product\/9053\/revisions"}],"predecessor-version":[{"id":26966,"href":"https:\/\/www.ledizioni.it\/en\/wp-json\/wp\/v2\/product\/9053\/revisions\/26966"}],"wp:featuredmedia":[{"embeddable":true,"href":"https:\/\/www.ledizioni.it\/en\/wp-json\/wp\/v2\/media\/26979"}],"wp:attachment":[{"href":"https:\/\/www.ledizioni.it\/en\/wp-json\/wp\/v2\/media?parent=9053"}],"wp:term":[{"taxonomy":"product_brand","embeddable":true,"href":"https:\/\/www.ledizioni.it\/en\/wp-json\/wp\/v2\/product_brand?post=9053"},{"taxonomy":"product_cat","embeddable":true,"href":"https:\/\/www.ledizioni.it\/en\/wp-json\/wp\/v2\/product_cat?post=9053"},{"taxonomy":"product_tag","embeddable":true,"href":"https:\/\/www.ledizioni.it\/en\/wp-json\/wp\/v2\/product_tag?post=9053"}],"curies":[{"name":"wp","href":"https:\/\/api.w.org\/{rel}","templated":true}]}}