{"id":92363,"date":"2026-02-19T00:00:00","date_gmt":"2026-02-18T22:00:00","guid":{"rendered":"https:\/\/www.ledizioni.it\/?post_type=product&#038;p=92363"},"modified":"2026-02-19T16:42:10","modified_gmt":"2026-02-19T14:42:10","slug":"dialogo-conversacion-y-otros-hilos-en-la-narrativa-de-carmen-martin-gaite","status":"publish","type":"product","link":"https:\/\/www.ledizioni.it\/en\/product\/dialogo-conversacion-y-otros-hilos-en-la-narrativa-de-carmen-martin-gaite\/","title":{"rendered":"DI\u00c1LOGO, CONVERSACI\u00d3N Y OTROS HILOS EN LA NARRATIVA DE CARMEN MART\u00cdN GAITE"},"content":{"rendered":"<div data-elementor-type=\"product-post\" data-elementor-id=\"92363\" class=\"elementor elementor-92363\" data-elementor-post-type=\"product\">\n\t\t\t\t\t\t<section class=\"elementor-section elementor-top-section elementor-element elementor-element-1126fb29 elementor-section-boxed elementor-section-height-default elementor-section-height-default wd-section-disabled\" data-id=\"1126fb29\" data-element_type=\"section\" data-e-type=\"section\">\n\t\t\t\t\t\t<div class=\"elementor-container elementor-column-gap-default\">\n\t\t\t\t\t<div class=\"elementor-column elementor-col-100 elementor-top-column elementor-element elementor-element-60e09846\" data-id=\"60e09846\" data-element_type=\"column\" data-e-type=\"column\">\n\t\t\t<div class=\"elementor-widget-wrap elementor-element-populated\">\n\t\t\t\t\t\t<div class=\"elementor-element elementor-element-7bdafbf6 color-scheme-inherit text-left elementor-widget elementor-widget-text-editor\" data-id=\"7bdafbf6\" data-element_type=\"widget\" data-e-type=\"widget\" data-widget_type=\"text-editor.default\">\n\t\t\t\t<div class=\"elementor-widget-container\">\n\t\t\t\t\t\t\t\t\t<p style=\"text-align: justify;\">El tema del di\u00e1logo es un elemento clave tanto en la po\u00e9tica de Carmen Mart\u00edn Gaite (1925-2000) \u2013quien siempre abog\u00f3 por una visi\u00f3n de la obra literaria abierta y respetuosa con el lector\u2013 como en su agudo an\u00e1lisis de las relaciones humanas, condicionadas por los v\u00ednculos socioculturales de cada \u00e9poca. Este libro propone un recorrido por las principales novelas de la escritora, poniendo de relieve la originalidad y la modernidad de una obra que se adentra en un amplio espectro de pr\u00e1cticas comunicativas, desde la conversaci\u00f3n m\u00e1s rutinaria hasta el di\u00e1logo profundo y creativo, en el que confluyen el yo y el otro. Maestra en el manejo de la oralidad, la autora salmantina explor\u00f3 a fondo varios ingredientes decisivos de la din\u00e1mica interpersonal, como el espacio, el tiempo y la corporalidad, en los que la palabra adquiere su sentido pleno.<\/p>\n<p><strong>DATI BIBLIOGRAFICI<\/strong><br>Autore: Maria Vittoria Calvi<br>Editore: Ledizioni&nbsp;<br>Pubblicato in: dicembre 2025<br>Disponibile dal: 27 marzo 2026<br>Collana: <a href=\"https:\/\/www.ledizioni.it\/en\/product-category\/letteratura\/disegni\/\">Di\/Segni<\/a><br>Formato: brossura, 239 p. &#8211; PDF in OA<br>ISBN: 9791256006267<br>Prezzo: 28,00 \u20ac<\/p>\t\t\t\t\t\t\t\t<\/div>\n\t\t\t\t<\/div>\n\t\t\t\t\t<\/div>\n\t\t<\/div>\n\t\t\t\t\t<\/div>\n\t\t<\/section>\n\t\t\t\t<section class=\"elementor-section elementor-top-section elementor-element elementor-element-4938557 elementor-section-boxed elementor-section-height-default elementor-section-height-default wd-section-disabled\" data-id=\"4938557\" data-element_type=\"section\" data-e-type=\"section\">\n\t\t\t\t\t\t<div class=\"elementor-container elementor-column-gap-default\">\n\t\t\t\t\t<div class=\"elementor-column elementor-col-100 elementor-top-column elementor-element elementor-element-2438e21\" data-id=\"2438e21\" data-element_type=\"column\" data-e-type=\"column\">\n\t\t\t<div class=\"elementor-widget-wrap elementor-element-populated\">\n\t\t\t\t\t\t<div class=\"elementor-element elementor-element-34727ff elementor-button-danger elementor-align-center elementor-widget elementor-widget-button\" data-id=\"34727ff\" data-element_type=\"widget\" data-e-type=\"widget\" data-widget_type=\"button.default\">\n\t\t\t\t<div class=\"elementor-widget-container\">\n\t\t\t\t\t\t\t\t\t<div class=\"elementor-button-wrapper\">\n\t\t\t\t\t<a class=\"elementor-button elementor-button-link elementor-size-sm\" href=\"https:\/\/www.ledizioni.it\/en\/download\/92909\/\">\n\t\t\t\t\t\t<span class=\"elementor-button-content-wrapper\">\n\t\t\t\t\t\t\t\t\t<span class=\"elementor-button-text\">Scarica il PDF in Open Access<\/span>\n\t\t\t\t\t<\/span>\n\t\t\t\t\t<\/a>\n\t\t\t\t<\/div>\n\t\t\t\t\t\t\t\t<\/div>\n\t\t\t\t<\/div>\n\t\t\t\t\t<\/div>\n\t\t<\/div>\n\t\t\t\t\t<\/div>\n\t\t<\/section>\n\t\t\t\t<\/div>","protected":false},"excerpt":{"rendered":"<p>El tema del di\u00e1logo es un elemento clave tanto en la po\u00e9tica de Carmen Mart\u00edn Gaite (1925-2000) \u2013quien siempre abog\u00f3<\/p>","protected":false},"featured_media":92911,"comment_status":"closed","ping_status":"closed","template":"","meta":{"_acf_changed":false},"product_brand":[],"product_cat":[1080],"product_tag":[3627,3317,2712,764],"class_list":{"0":"post-92363","1":"product","2":"type-product","3":"status-publish","4":"has-post-thumbnail","6":"product_cat-disegni","7":"product_tag-carmen-martin-gaite","8":"product_tag-di-segni","9":"product_tag-letteratura-spagnola","10":"product_tag-open-access-2","11":"pa_formato-cartaceo","12":"pa_formato-ebook-in-pdf","14":"first","15":"instock","16":"featured","17":"shipping-taxable","18":"purchasable","19":"product-type-variable"},"acf":[],"yoast_head":"<!-- This site is optimized with the Yoast SEO plugin v27.3 - https:\/\/yoast.com\/product\/yoast-seo-wordpress\/ -->\n<title>DI\u00c1LOGO, CONVERSACI\u00d3N Y OTROS HILOS EN LA NARRATIVA DE CARMEN MART\u00cdN GAITE -<\/title>\n<meta name=\"description\" content=\"Ledizioni - Innovative Publishing. Casa editrice universitaria. Open Access. eBook, ePub. Creative Commons.\" \/>\n<meta name=\"robots\" content=\"index, follow, max-snippet:-1, max-image-preview:large, max-video-preview:-1\" \/>\n<link rel=\"canonical\" href=\"https:\/\/www.ledizioni.it\/en\/product\/dialogo-conversacion-y-otros-hilos-en-la-narrativa-de-carmen-martin-gaite\/\" \/>\n<meta property=\"og:locale\" content=\"en_GB\" \/>\n<meta property=\"og:type\" content=\"article\" \/>\n<meta property=\"og:title\" content=\"DI\u00c1LOGO, CONVERSACI\u00d3N Y OTROS HILOS EN LA NARRATIVA DE CARMEN MART\u00cdN GAITE -\" \/>\n<meta property=\"og:description\" content=\"Ledizioni - Innovative Publishing. Casa editrice universitaria. Open Access. eBook, ePub. Creative Commons.\" \/>\n<meta property=\"og:url\" content=\"https:\/\/www.ledizioni.it\/en\/product\/dialogo-conversacion-y-otros-hilos-en-la-narrativa-de-carmen-martin-gaite\/\" \/>\n<meta property=\"og:site_name\" content=\"Ledizioni\" \/>\n<meta property=\"article:publisher\" content=\"https:\/\/www.facebook.com\/pages\/Ledizioni-LediPublishing\/109120559173329\" \/>\n<meta property=\"article:modified_time\" content=\"2026-02-19T14:42:10+00:00\" \/>\n<meta property=\"og:image\" content=\"https:\/\/www.ledizioni.it\/stag\/wp-content\/uploads\/2026\/03\/cover_Calvi-stampa_3D.jpg\" \/>\n\t<meta property=\"og:image:width\" content=\"1480\" \/>\n\t<meta property=\"og:image:height\" content=\"1980\" \/>\n\t<meta property=\"og:image:type\" content=\"image\/jpeg\" \/>\n<meta name=\"twitter:card\" content=\"summary_large_image\" \/>\n<meta name=\"twitter:site\" content=\"@ledizioni\" \/>\n<script type=\"application\/ld+json\" class=\"yoast-schema-graph\">{\"@context\":\"https:\\\/\\\/schema.org\",\"@graph\":[{\"@type\":\"WebPage\",\"@id\":\"https:\\\/\\\/www.ledizioni.it\\\/prodotto\\\/dialogo-conversacion-y-otros-hilos-en-la-narrativa-de-carmen-martin-gaite\\\/\",\"url\":\"https:\\\/\\\/www.ledizioni.it\\\/prodotto\\\/dialogo-conversacion-y-otros-hilos-en-la-narrativa-de-carmen-martin-gaite\\\/\",\"name\":\"DI\u00c1LOGO, CONVERSACI\u00d3N Y OTROS HILOS EN LA NARRATIVA DE CARMEN MART\u00cdN GAITE -\",\"isPartOf\":{\"@id\":\"https:\\\/\\\/www.ledizioni.it\\\/#website\"},\"primaryImageOfPage\":{\"@id\":\"https:\\\/\\\/www.ledizioni.it\\\/prodotto\\\/dialogo-conversacion-y-otros-hilos-en-la-narrativa-de-carmen-martin-gaite\\\/#primaryimage\"},\"image\":{\"@id\":\"https:\\\/\\\/www.ledizioni.it\\\/prodotto\\\/dialogo-conversacion-y-otros-hilos-en-la-narrativa-de-carmen-martin-gaite\\\/#primaryimage\"},\"thumbnailUrl\":\"https:\\\/\\\/www.ledizioni.it\\\/stag\\\/wp-content\\\/uploads\\\/2026\\\/03\\\/cover_Calvi-stampa_3D.jpg\",\"datePublished\":\"2026-02-18T22:00:00+00:00\",\"dateModified\":\"2026-02-19T14:42:10+00:00\",\"description\":\"Ledizioni - Innovative Publishing. Casa editrice universitaria. Open Access. eBook, ePub. Creative Commons.\",\"breadcrumb\":{\"@id\":\"https:\\\/\\\/www.ledizioni.it\\\/prodotto\\\/dialogo-conversacion-y-otros-hilos-en-la-narrativa-de-carmen-martin-gaite\\\/#breadcrumb\"},\"inLanguage\":\"en-GB\",\"potentialAction\":[{\"@type\":\"ReadAction\",\"target\":[\"https:\\\/\\\/www.ledizioni.it\\\/prodotto\\\/dialogo-conversacion-y-otros-hilos-en-la-narrativa-de-carmen-martin-gaite\\\/\"]}]},{\"@type\":\"ImageObject\",\"inLanguage\":\"en-GB\",\"@id\":\"https:\\\/\\\/www.ledizioni.it\\\/prodotto\\\/dialogo-conversacion-y-otros-hilos-en-la-narrativa-de-carmen-martin-gaite\\\/#primaryimage\",\"url\":\"https:\\\/\\\/www.ledizioni.it\\\/stag\\\/wp-content\\\/uploads\\\/2026\\\/03\\\/cover_Calvi-stampa_3D.jpg\",\"contentUrl\":\"https:\\\/\\\/www.ledizioni.it\\\/stag\\\/wp-content\\\/uploads\\\/2026\\\/03\\\/cover_Calvi-stampa_3D.jpg\",\"width\":1480,\"height\":1980},{\"@type\":\"BreadcrumbList\",\"@id\":\"https:\\\/\\\/www.ledizioni.it\\\/prodotto\\\/dialogo-conversacion-y-otros-hilos-en-la-narrativa-de-carmen-martin-gaite\\\/#breadcrumb\",\"itemListElement\":[{\"@type\":\"ListItem\",\"position\":1,\"name\":\"Shop\",\"item\":\"https:\\\/\\\/www.ledizioni.it\\\/shop-2\\\/\"},{\"@type\":\"ListItem\",\"position\":2,\"name\":\"DI\u00c1LOGO, CONVERSACI\u00d3N Y OTROS HILOS EN LA NARRATIVA DE CARMEN MART\u00cdN GAITE\"}]},{\"@type\":\"WebSite\",\"@id\":\"https:\\\/\\\/www.ledizioni.it\\\/#website\",\"url\":\"https:\\\/\\\/www.ledizioni.it\\\/\",\"name\":\"Ledizioni\",\"description\":\"The Innovative LediPublishing Company - Casa Editrice Universitaria\",\"publisher\":{\"@id\":\"https:\\\/\\\/www.ledizioni.it\\\/#organization\"},\"potentialAction\":[{\"@type\":\"SearchAction\",\"target\":{\"@type\":\"EntryPoint\",\"urlTemplate\":\"https:\\\/\\\/www.ledizioni.it\\\/?s={search_term_string}\"},\"query-input\":{\"@type\":\"PropertyValueSpecification\",\"valueRequired\":true,\"valueName\":\"search_term_string\"}}],\"inLanguage\":\"en-GB\"},{\"@type\":\"Organization\",\"@id\":\"https:\\\/\\\/www.ledizioni.it\\\/#organization\",\"name\":\"Ledizioni\",\"url\":\"https:\\\/\\\/www.ledizioni.it\\\/\",\"logo\":{\"@type\":\"ImageObject\",\"inLanguage\":\"en-GB\",\"@id\":\"https:\\\/\\\/www.ledizioni.it\\\/#\\\/schema\\\/logo\\\/image\\\/\",\"url\":\"https:\\\/\\\/www.ledizioni.it\\\/stag\\\/wp-content\\\/uploads\\\/2023\\\/10\\\/newlogoledizioni500x110_2-1.jpg\",\"contentUrl\":\"https:\\\/\\\/www.ledizioni.it\\\/stag\\\/wp-content\\\/uploads\\\/2023\\\/10\\\/newlogoledizioni500x110_2-1.jpg\",\"width\":354,\"height\":87,\"caption\":\"Ledizioni\"},\"image\":{\"@id\":\"https:\\\/\\\/www.ledizioni.it\\\/#\\\/schema\\\/logo\\\/image\\\/\"},\"sameAs\":[\"https:\\\/\\\/www.facebook.com\\\/pages\\\/Ledizioni-LediPublishing\\\/109120559173329\",\"https:\\\/\\\/x.com\\\/ledizioni\"]}]}<\/script>\n<!-- \/ Yoast SEO plugin. -->","yoast_head_json":{"title":"DI\u00c1LOGO, CONVERSACI\u00d3N Y OTROS HILOS EN LA NARRATIVA DE CARMEN MART\u00cdN GAITE -","description":"Ledizioni - Innovative Publishing. Casa editrice universitaria. Open Access. eBook, ePub. Creative Commons.","robots":{"index":"index","follow":"follow","max-snippet":"max-snippet:-1","max-image-preview":"max-image-preview:large","max-video-preview":"max-video-preview:-1"},"canonical":"https:\/\/www.ledizioni.it\/en\/product\/dialogo-conversacion-y-otros-hilos-en-la-narrativa-de-carmen-martin-gaite\/","og_locale":"en_GB","og_type":"article","og_title":"DI\u00c1LOGO, CONVERSACI\u00d3N Y OTROS HILOS EN LA NARRATIVA DE CARMEN MART\u00cdN GAITE -","og_description":"Ledizioni - Innovative Publishing. Casa editrice universitaria. Open Access. eBook, ePub. Creative Commons.","og_url":"https:\/\/www.ledizioni.it\/en\/product\/dialogo-conversacion-y-otros-hilos-en-la-narrativa-de-carmen-martin-gaite\/","og_site_name":"Ledizioni","article_publisher":"https:\/\/www.facebook.com\/pages\/Ledizioni-LediPublishing\/109120559173329","article_modified_time":"2026-02-19T14:42:10+00:00","og_image":[{"width":1480,"height":1980,"url":"https:\/\/www.ledizioni.it\/stag\/wp-content\/uploads\/2026\/03\/cover_Calvi-stampa_3D.jpg","type":"image\/jpeg"}],"twitter_card":"summary_large_image","twitter_site":"@ledizioni","schema":{"@context":"https:\/\/schema.org","@graph":[{"@type":"WebPage","@id":"https:\/\/www.ledizioni.it\/prodotto\/dialogo-conversacion-y-otros-hilos-en-la-narrativa-de-carmen-martin-gaite\/","url":"https:\/\/www.ledizioni.it\/prodotto\/dialogo-conversacion-y-otros-hilos-en-la-narrativa-de-carmen-martin-gaite\/","name":"DI\u00c1LOGO, CONVERSACI\u00d3N Y OTROS HILOS EN LA NARRATIVA DE CARMEN MART\u00cdN GAITE -","isPartOf":{"@id":"https:\/\/www.ledizioni.it\/#website"},"primaryImageOfPage":{"@id":"https:\/\/www.ledizioni.it\/prodotto\/dialogo-conversacion-y-otros-hilos-en-la-narrativa-de-carmen-martin-gaite\/#primaryimage"},"image":{"@id":"https:\/\/www.ledizioni.it\/prodotto\/dialogo-conversacion-y-otros-hilos-en-la-narrativa-de-carmen-martin-gaite\/#primaryimage"},"thumbnailUrl":"https:\/\/www.ledizioni.it\/stag\/wp-content\/uploads\/2026\/03\/cover_Calvi-stampa_3D.jpg","datePublished":"2026-02-18T22:00:00+00:00","dateModified":"2026-02-19T14:42:10+00:00","description":"Ledizioni - Innovative Publishing. Casa editrice universitaria. Open Access. eBook, ePub. Creative Commons.","breadcrumb":{"@id":"https:\/\/www.ledizioni.it\/prodotto\/dialogo-conversacion-y-otros-hilos-en-la-narrativa-de-carmen-martin-gaite\/#breadcrumb"},"inLanguage":"en-GB","potentialAction":[{"@type":"ReadAction","target":["https:\/\/www.ledizioni.it\/prodotto\/dialogo-conversacion-y-otros-hilos-en-la-narrativa-de-carmen-martin-gaite\/"]}]},{"@type":"ImageObject","inLanguage":"en-GB","@id":"https:\/\/www.ledizioni.it\/prodotto\/dialogo-conversacion-y-otros-hilos-en-la-narrativa-de-carmen-martin-gaite\/#primaryimage","url":"https:\/\/www.ledizioni.it\/stag\/wp-content\/uploads\/2026\/03\/cover_Calvi-stampa_3D.jpg","contentUrl":"https:\/\/www.ledizioni.it\/stag\/wp-content\/uploads\/2026\/03\/cover_Calvi-stampa_3D.jpg","width":1480,"height":1980},{"@type":"BreadcrumbList","@id":"https:\/\/www.ledizioni.it\/prodotto\/dialogo-conversacion-y-otros-hilos-en-la-narrativa-de-carmen-martin-gaite\/#breadcrumb","itemListElement":[{"@type":"ListItem","position":1,"name":"Shop","item":"https:\/\/www.ledizioni.it\/shop-2\/"},{"@type":"ListItem","position":2,"name":"DI\u00c1LOGO, CONVERSACI\u00d3N Y OTROS HILOS EN LA NARRATIVA DE CARMEN MART\u00cdN GAITE"}]},{"@type":"WebSite","@id":"https:\/\/www.ledizioni.it\/#website","url":"https:\/\/www.ledizioni.it\/","name":"Ledizioni","description":"The Innovative LediPublishing Company - Casa Editrice Universitaria","publisher":{"@id":"https:\/\/www.ledizioni.it\/#organization"},"potentialAction":[{"@type":"SearchAction","target":{"@type":"EntryPoint","urlTemplate":"https:\/\/www.ledizioni.it\/?s={search_term_string}"},"query-input":{"@type":"PropertyValueSpecification","valueRequired":true,"valueName":"search_term_string"}}],"inLanguage":"en-GB"},{"@type":"Organization","@id":"https:\/\/www.ledizioni.it\/#organization","name":"Ledizioni","url":"https:\/\/www.ledizioni.it\/","logo":{"@type":"ImageObject","inLanguage":"en-GB","@id":"https:\/\/www.ledizioni.it\/#\/schema\/logo\/image\/","url":"https:\/\/www.ledizioni.it\/stag\/wp-content\/uploads\/2023\/10\/newlogoledizioni500x110_2-1.jpg","contentUrl":"https:\/\/www.ledizioni.it\/stag\/wp-content\/uploads\/2023\/10\/newlogoledizioni500x110_2-1.jpg","width":354,"height":87,"caption":"Ledizioni"},"image":{"@id":"https:\/\/www.ledizioni.it\/#\/schema\/logo\/image\/"},"sameAs":["https:\/\/www.facebook.com\/pages\/Ledizioni-LediPublishing\/109120559173329","https:\/\/x.com\/ledizioni"]}]}},"jetpack_sharing_enabled":true,"_links":{"self":[{"href":"https:\/\/www.ledizioni.it\/en\/wp-json\/wp\/v2\/product\/92363","targetHints":{"allow":["GET"]}}],"collection":[{"href":"https:\/\/www.ledizioni.it\/en\/wp-json\/wp\/v2\/product"}],"about":[{"href":"https:\/\/www.ledizioni.it\/en\/wp-json\/wp\/v2\/types\/product"}],"replies":[{"embeddable":true,"href":"https:\/\/www.ledizioni.it\/en\/wp-json\/wp\/v2\/comments?post=92363"}],"version-history":[{"count":7,"href":"https:\/\/www.ledizioni.it\/en\/wp-json\/wp\/v2\/product\/92363\/revisions"}],"predecessor-version":[{"id":92920,"href":"https:\/\/www.ledizioni.it\/en\/wp-json\/wp\/v2\/product\/92363\/revisions\/92920"}],"wp:featuredmedia":[{"embeddable":true,"href":"https:\/\/www.ledizioni.it\/en\/wp-json\/wp\/v2\/media\/92911"}],"wp:attachment":[{"href":"https:\/\/www.ledizioni.it\/en\/wp-json\/wp\/v2\/media?parent=92363"}],"wp:term":[{"taxonomy":"product_brand","embeddable":true,"href":"https:\/\/www.ledizioni.it\/en\/wp-json\/wp\/v2\/product_brand?post=92363"},{"taxonomy":"product_cat","embeddable":true,"href":"https:\/\/www.ledizioni.it\/en\/wp-json\/wp\/v2\/product_cat?post=92363"},{"taxonomy":"product_tag","embeddable":true,"href":"https:\/\/www.ledizioni.it\/en\/wp-json\/wp\/v2\/product_tag?post=92363"}],"curies":[{"name":"wp","href":"https:\/\/api.w.org\/{rel}","templated":true}]}}