{"id":92703,"date":"2026-02-11T00:00:00","date_gmt":"2026-02-10T22:00:00","guid":{"rendered":"https:\/\/www.ledizioni.it\/?post_type=product&#038;p=92703"},"modified":"2026-02-11T10:49:07","modified_gmt":"2026-02-11T08:49:07","slug":"africana-rivista-di-studi-extraeuropei-2025","status":"publish","type":"product","link":"https:\/\/www.ledizioni.it\/en\/product\/africana-rivista-di-studi-extraeuropei-2025\/","title":{"rendered":"Africana &#8211; Rivista di Studi Extraeuropei 2025"},"content":{"rendered":"<p>ISBN: 9791256005857<br \/>\nISSN: 1592-9639<br \/>\nPrezzo cartaceo: 15,00 \u20ac<\/p>\n<ul>\n<li>L&#8217;umanit\u00e0 del Tao, Nadua Antonelli<\/li>\n<li>Guerra di secessione americana 1861-65. Fra esigenze e apparenze, Giovanni Armillotta<\/li>\n<li>Il Banco di Roma nel Mediterraneo e in Africa nord-orientale tra il 1905 e la nascita dell\u2019IRI, Chiara d\u2019Auria<\/li>\n<li>La Grande Muraglia Verde africana, Umberto Bosna<\/li>\n<li>Mu&#8217;ammar al-Qaddafi e la chiamata all\u2019Islam. La da\u2018wa contemporanea tra socialismo e islamismo, Tommaso Conte<\/li>\n<li>Geofilosofia della Cina globale, Orazio Maria Gnerre<\/li>\n<li>How U.S. economic warfare provoked Japan\u2019s attack on Pearl Harbor, Robert Higgs<\/li>\n<li>Le occasioni perse dal Regno di Sardegna con il Brasile. L\u2019accordo commerciale d\u2019epoca carloalbertina, Luca Lavarino<\/li>\n<li>Italiani del sud nella guerra civile tra Unione e Confederazione nordamericane, Gaetano Marabello<\/li>\n<li>La tensione tra religione e Stato nel M\u00e0ghreb. Evoluzioni storiche e politiche, Arianna Meoni<\/li>\n<li>Ritardi tecnologici e persistenze del costume bellico nella storia militare dei Mamelucchi d\u2019Egitto, Moreno Pedrinzani<\/li>\n<li>Il \u2018petrolio\u2019 di Bourguiba. La sinergia tra eni e diplomazia italiana in Tunisia (1960-63), Francesco Tamburini<\/li>\n<li>La strategia di \u2018Umar Al-Mukhtar (1858-1931). Metodologie di resistenza attraverso la guerriglia, Nazzareno Tirino<\/li>\n<li>I Grandi Lama nelle relazioni internazionali. Il governo del Tibet in esilio e i suoi tentativi di politica estera, Francesco Valacchi<\/li>\n<li>Trump: la geopolitica del \u2018ritorno\u2019. Dal Polo Nord al Polo Sud, passando per gli Oceani, Giancarlo Elia Valori<\/li>\n<li>Nigeria: the giant with clay feet, Vito Varricchio<\/li>\n<li>I fondamenti della querelle circa un episodio di neo-[ri]colonialismo toponomastico. La citt\u00e0 di Mo\u00e7\u00e2medes\/Namibe (Angola meridionale), Luciano Venturi<\/li>\n<li>La politica indigena italiana in Libia ed i suoi riflessi nel Nord Africa francese all\u2019indomani della Prima Guerra Mondiale (in alcuni documenti riservati), Maurizio Vernassa<\/li>\n<\/ul>","protected":false},"excerpt":{"rendered":"<p>ISBN: 9791256005857 ISSN: 1592-9639 Prezzo cartaceo: 15,00 \u20ac L&#8217;umanit\u00e0 del Tao, Nadua Antonelli Guerra di secessione americana 1861-65. Fra esigenze<\/p>","protected":false},"featured_media":92717,"comment_status":"closed","ping_status":"closed","template":"","meta":{"_acf_changed":false},"product_brand":[],"product_cat":[1303],"product_tag":[],"class_list":{"0":"post-92703","1":"product","2":"type-product","3":"status-publish","4":"has-post-thumbnail","6":"product_cat-africana","8":"first","9":"instock","10":"featured","11":"shipping-taxable","12":"purchasable","13":"product-type-simple"},"acf":[],"yoast_head":"<!-- This site is optimized with the Yoast SEO plugin v27.3 - https:\/\/yoast.com\/product\/yoast-seo-wordpress\/ -->\n<title>Africana - Rivista di Studi Extraeuropei 2025 -<\/title>\n<meta name=\"description\" content=\"Ledizioni - Innovative Publishing. Casa editrice universitaria. Open Access. eBook, ePub. Creative Commons.\" \/>\n<meta name=\"robots\" content=\"index, follow, max-snippet:-1, max-image-preview:large, max-video-preview:-1\" \/>\n<link rel=\"canonical\" href=\"https:\/\/www.ledizioni.it\/en\/product\/africana-rivista-di-studi-extraeuropei-2025\/\" \/>\n<meta property=\"og:locale\" content=\"en_GB\" \/>\n<meta property=\"og:type\" content=\"article\" \/>\n<meta property=\"og:title\" content=\"Africana - Rivista di Studi Extraeuropei 2025 -\" \/>\n<meta property=\"og:description\" content=\"Ledizioni - Innovative Publishing. Casa editrice universitaria. Open Access. eBook, ePub. Creative Commons.\" \/>\n<meta property=\"og:url\" content=\"https:\/\/www.ledizioni.it\/en\/product\/africana-rivista-di-studi-extraeuropei-2025\/\" \/>\n<meta property=\"og:site_name\" content=\"Ledizioni\" \/>\n<meta property=\"article:publisher\" content=\"https:\/\/www.facebook.com\/pages\/Ledizioni-LediPublishing\/109120559173329\" \/>\n<meta property=\"article:modified_time\" content=\"2026-02-11T08:49:07+00:00\" \/>\n<meta property=\"og:image\" content=\"https:\/\/www.ledizioni.it\/stag\/wp-content\/uploads\/2026\/02\/cover_Africana2025-3D.png\" \/>\n\t<meta property=\"og:image:width\" content=\"1516\" \/>\n\t<meta property=\"og:image:height\" content=\"2016\" \/>\n\t<meta property=\"og:image:type\" content=\"image\/png\" \/>\n<meta name=\"twitter:card\" content=\"summary_large_image\" \/>\n<meta name=\"twitter:site\" content=\"@ledizioni\" \/>\n<meta name=\"twitter:label1\" content=\"Estimated reading time\" \/>\n\t<meta name=\"twitter:data1\" content=\"2 minutes\" \/>\n<script type=\"application\/ld+json\" class=\"yoast-schema-graph\">{\"@context\":\"https:\\\/\\\/schema.org\",\"@graph\":[{\"@type\":\"WebPage\",\"@id\":\"https:\\\/\\\/www.ledizioni.it\\\/prodotto\\\/africana-rivista-di-studi-extraeuropei-2025\\\/\",\"url\":\"https:\\\/\\\/www.ledizioni.it\\\/prodotto\\\/africana-rivista-di-studi-extraeuropei-2025\\\/\",\"name\":\"Africana - Rivista di Studi Extraeuropei 2025 -\",\"isPartOf\":{\"@id\":\"https:\\\/\\\/www.ledizioni.it\\\/#website\"},\"primaryImageOfPage\":{\"@id\":\"https:\\\/\\\/www.ledizioni.it\\\/prodotto\\\/africana-rivista-di-studi-extraeuropei-2025\\\/#primaryimage\"},\"image\":{\"@id\":\"https:\\\/\\\/www.ledizioni.it\\\/prodotto\\\/africana-rivista-di-studi-extraeuropei-2025\\\/#primaryimage\"},\"thumbnailUrl\":\"https:\\\/\\\/www.ledizioni.it\\\/stag\\\/wp-content\\\/uploads\\\/2026\\\/02\\\/cover_Africana2025-3D.png\",\"datePublished\":\"2026-02-10T22:00:00+00:00\",\"dateModified\":\"2026-02-11T08:49:07+00:00\",\"description\":\"Ledizioni - Innovative Publishing. Casa editrice universitaria. Open Access. eBook, ePub. Creative Commons.\",\"breadcrumb\":{\"@id\":\"https:\\\/\\\/www.ledizioni.it\\\/prodotto\\\/africana-rivista-di-studi-extraeuropei-2025\\\/#breadcrumb\"},\"inLanguage\":\"en-GB\",\"potentialAction\":[{\"@type\":\"ReadAction\",\"target\":[\"https:\\\/\\\/www.ledizioni.it\\\/prodotto\\\/africana-rivista-di-studi-extraeuropei-2025\\\/\"]}]},{\"@type\":\"ImageObject\",\"inLanguage\":\"en-GB\",\"@id\":\"https:\\\/\\\/www.ledizioni.it\\\/prodotto\\\/africana-rivista-di-studi-extraeuropei-2025\\\/#primaryimage\",\"url\":\"https:\\\/\\\/www.ledizioni.it\\\/stag\\\/wp-content\\\/uploads\\\/2026\\\/02\\\/cover_Africana2025-3D.png\",\"contentUrl\":\"https:\\\/\\\/www.ledizioni.it\\\/stag\\\/wp-content\\\/uploads\\\/2026\\\/02\\\/cover_Africana2025-3D.png\",\"width\":1516,\"height\":2016},{\"@type\":\"BreadcrumbList\",\"@id\":\"https:\\\/\\\/www.ledizioni.it\\\/prodotto\\\/africana-rivista-di-studi-extraeuropei-2025\\\/#breadcrumb\",\"itemListElement\":[{\"@type\":\"ListItem\",\"position\":1,\"name\":\"Shop\",\"item\":\"https:\\\/\\\/www.ledizioni.it\\\/shop-2\\\/\"},{\"@type\":\"ListItem\",\"position\":2,\"name\":\"Africana &#8211; Rivista di Studi Extraeuropei 2025\"}]},{\"@type\":\"WebSite\",\"@id\":\"https:\\\/\\\/www.ledizioni.it\\\/#website\",\"url\":\"https:\\\/\\\/www.ledizioni.it\\\/\",\"name\":\"Ledizioni\",\"description\":\"The Innovative LediPublishing Company - Casa Editrice Universitaria\",\"publisher\":{\"@id\":\"https:\\\/\\\/www.ledizioni.it\\\/#organization\"},\"potentialAction\":[{\"@type\":\"SearchAction\",\"target\":{\"@type\":\"EntryPoint\",\"urlTemplate\":\"https:\\\/\\\/www.ledizioni.it\\\/?s={search_term_string}\"},\"query-input\":{\"@type\":\"PropertyValueSpecification\",\"valueRequired\":true,\"valueName\":\"search_term_string\"}}],\"inLanguage\":\"en-GB\"},{\"@type\":\"Organization\",\"@id\":\"https:\\\/\\\/www.ledizioni.it\\\/#organization\",\"name\":\"Ledizioni\",\"url\":\"https:\\\/\\\/www.ledizioni.it\\\/\",\"logo\":{\"@type\":\"ImageObject\",\"inLanguage\":\"en-GB\",\"@id\":\"https:\\\/\\\/www.ledizioni.it\\\/#\\\/schema\\\/logo\\\/image\\\/\",\"url\":\"https:\\\/\\\/www.ledizioni.it\\\/stag\\\/wp-content\\\/uploads\\\/2023\\\/10\\\/newlogoledizioni500x110_2-1.jpg\",\"contentUrl\":\"https:\\\/\\\/www.ledizioni.it\\\/stag\\\/wp-content\\\/uploads\\\/2023\\\/10\\\/newlogoledizioni500x110_2-1.jpg\",\"width\":354,\"height\":87,\"caption\":\"Ledizioni\"},\"image\":{\"@id\":\"https:\\\/\\\/www.ledizioni.it\\\/#\\\/schema\\\/logo\\\/image\\\/\"},\"sameAs\":[\"https:\\\/\\\/www.facebook.com\\\/pages\\\/Ledizioni-LediPublishing\\\/109120559173329\",\"https:\\\/\\\/x.com\\\/ledizioni\"]}]}<\/script>\n<!-- \/ Yoast SEO plugin. -->","yoast_head_json":{"title":"Africana - Rivista di Studi Extraeuropei 2025 -","description":"Ledizioni - Innovative Publishing. Casa editrice universitaria. Open Access. eBook, ePub. Creative Commons.","robots":{"index":"index","follow":"follow","max-snippet":"max-snippet:-1","max-image-preview":"max-image-preview:large","max-video-preview":"max-video-preview:-1"},"canonical":"https:\/\/www.ledizioni.it\/en\/product\/africana-rivista-di-studi-extraeuropei-2025\/","og_locale":"en_GB","og_type":"article","og_title":"Africana - Rivista di Studi Extraeuropei 2025 -","og_description":"Ledizioni - Innovative Publishing. Casa editrice universitaria. Open Access. eBook, ePub. Creative Commons.","og_url":"https:\/\/www.ledizioni.it\/en\/product\/africana-rivista-di-studi-extraeuropei-2025\/","og_site_name":"Ledizioni","article_publisher":"https:\/\/www.facebook.com\/pages\/Ledizioni-LediPublishing\/109120559173329","article_modified_time":"2026-02-11T08:49:07+00:00","og_image":[{"width":1516,"height":2016,"url":"https:\/\/www.ledizioni.it\/stag\/wp-content\/uploads\/2026\/02\/cover_Africana2025-3D.png","type":"image\/png"}],"twitter_card":"summary_large_image","twitter_site":"@ledizioni","twitter_misc":{"Estimated reading time":"2 minutes"},"schema":{"@context":"https:\/\/schema.org","@graph":[{"@type":"WebPage","@id":"https:\/\/www.ledizioni.it\/prodotto\/africana-rivista-di-studi-extraeuropei-2025\/","url":"https:\/\/www.ledizioni.it\/prodotto\/africana-rivista-di-studi-extraeuropei-2025\/","name":"Africana - Rivista di Studi Extraeuropei 2025 -","isPartOf":{"@id":"https:\/\/www.ledizioni.it\/#website"},"primaryImageOfPage":{"@id":"https:\/\/www.ledizioni.it\/prodotto\/africana-rivista-di-studi-extraeuropei-2025\/#primaryimage"},"image":{"@id":"https:\/\/www.ledizioni.it\/prodotto\/africana-rivista-di-studi-extraeuropei-2025\/#primaryimage"},"thumbnailUrl":"https:\/\/www.ledizioni.it\/stag\/wp-content\/uploads\/2026\/02\/cover_Africana2025-3D.png","datePublished":"2026-02-10T22:00:00+00:00","dateModified":"2026-02-11T08:49:07+00:00","description":"Ledizioni - Innovative Publishing. Casa editrice universitaria. Open Access. eBook, ePub. Creative Commons.","breadcrumb":{"@id":"https:\/\/www.ledizioni.it\/prodotto\/africana-rivista-di-studi-extraeuropei-2025\/#breadcrumb"},"inLanguage":"en-GB","potentialAction":[{"@type":"ReadAction","target":["https:\/\/www.ledizioni.it\/prodotto\/africana-rivista-di-studi-extraeuropei-2025\/"]}]},{"@type":"ImageObject","inLanguage":"en-GB","@id":"https:\/\/www.ledizioni.it\/prodotto\/africana-rivista-di-studi-extraeuropei-2025\/#primaryimage","url":"https:\/\/www.ledizioni.it\/stag\/wp-content\/uploads\/2026\/02\/cover_Africana2025-3D.png","contentUrl":"https:\/\/www.ledizioni.it\/stag\/wp-content\/uploads\/2026\/02\/cover_Africana2025-3D.png","width":1516,"height":2016},{"@type":"BreadcrumbList","@id":"https:\/\/www.ledizioni.it\/prodotto\/africana-rivista-di-studi-extraeuropei-2025\/#breadcrumb","itemListElement":[{"@type":"ListItem","position":1,"name":"Shop","item":"https:\/\/www.ledizioni.it\/shop-2\/"},{"@type":"ListItem","position":2,"name":"Africana &#8211; Rivista di Studi Extraeuropei 2025"}]},{"@type":"WebSite","@id":"https:\/\/www.ledizioni.it\/#website","url":"https:\/\/www.ledizioni.it\/","name":"Ledizioni","description":"The Innovative LediPublishing Company - Casa Editrice Universitaria","publisher":{"@id":"https:\/\/www.ledizioni.it\/#organization"},"potentialAction":[{"@type":"SearchAction","target":{"@type":"EntryPoint","urlTemplate":"https:\/\/www.ledizioni.it\/?s={search_term_string}"},"query-input":{"@type":"PropertyValueSpecification","valueRequired":true,"valueName":"search_term_string"}}],"inLanguage":"en-GB"},{"@type":"Organization","@id":"https:\/\/www.ledizioni.it\/#organization","name":"Ledizioni","url":"https:\/\/www.ledizioni.it\/","logo":{"@type":"ImageObject","inLanguage":"en-GB","@id":"https:\/\/www.ledizioni.it\/#\/schema\/logo\/image\/","url":"https:\/\/www.ledizioni.it\/stag\/wp-content\/uploads\/2023\/10\/newlogoledizioni500x110_2-1.jpg","contentUrl":"https:\/\/www.ledizioni.it\/stag\/wp-content\/uploads\/2023\/10\/newlogoledizioni500x110_2-1.jpg","width":354,"height":87,"caption":"Ledizioni"},"image":{"@id":"https:\/\/www.ledizioni.it\/#\/schema\/logo\/image\/"},"sameAs":["https:\/\/www.facebook.com\/pages\/Ledizioni-LediPublishing\/109120559173329","https:\/\/x.com\/ledizioni"]}]}},"jetpack_sharing_enabled":true,"_links":{"self":[{"href":"https:\/\/www.ledizioni.it\/en\/wp-json\/wp\/v2\/product\/92703","targetHints":{"allow":["GET"]}}],"collection":[{"href":"https:\/\/www.ledizioni.it\/en\/wp-json\/wp\/v2\/product"}],"about":[{"href":"https:\/\/www.ledizioni.it\/en\/wp-json\/wp\/v2\/types\/product"}],"replies":[{"embeddable":true,"href":"https:\/\/www.ledizioni.it\/en\/wp-json\/wp\/v2\/comments?post=92703"}],"version-history":[{"count":3,"href":"https:\/\/www.ledizioni.it\/en\/wp-json\/wp\/v2\/product\/92703\/revisions"}],"predecessor-version":[{"id":92718,"href":"https:\/\/www.ledizioni.it\/en\/wp-json\/wp\/v2\/product\/92703\/revisions\/92718"}],"wp:featuredmedia":[{"embeddable":true,"href":"https:\/\/www.ledizioni.it\/en\/wp-json\/wp\/v2\/media\/92717"}],"wp:attachment":[{"href":"https:\/\/www.ledizioni.it\/en\/wp-json\/wp\/v2\/media?parent=92703"}],"wp:term":[{"taxonomy":"product_brand","embeddable":true,"href":"https:\/\/www.ledizioni.it\/en\/wp-json\/wp\/v2\/product_brand?post=92703"},{"taxonomy":"product_cat","embeddable":true,"href":"https:\/\/www.ledizioni.it\/en\/wp-json\/wp\/v2\/product_cat?post=92703"},{"taxonomy":"product_tag","embeddable":true,"href":"https:\/\/www.ledizioni.it\/en\/wp-json\/wp\/v2\/product_tag?post=92703"}],"curies":[{"name":"wp","href":"https:\/\/api.w.org\/{rel}","templated":true}]}}