{"id":92829,"date":"2026-02-16T09:59:24","date_gmt":"2026-02-16T07:59:24","guid":{"rendered":"https:\/\/www.ledizioni.it\/?post_type=product&#038;p=92829"},"modified":"2026-02-16T10:11:52","modified_gmt":"2026-02-16T08:11:52","slug":"o-direito-sindical-no-sistema-juridico-italiano-e-brasileiro","status":"publish","type":"product","link":"https:\/\/www.ledizioni.it\/en\/product\/o-direito-sindical-no-sistema-juridico-italiano-e-brasileiro\/","title":{"rendered":"O DIREITO SINDICAL NO SISTEMA JUR\u00cdDICO ITALIANO E BRASILEIRO"},"content":{"rendered":"<div data-elementor-type=\"product-post\" data-elementor-id=\"92829\" class=\"elementor elementor-92829\" data-elementor-post-type=\"product\">\n\t\t\t\t\t\t<section class=\"elementor-section elementor-top-section elementor-element elementor-element-f866dec elementor-section-boxed elementor-section-height-default elementor-section-height-default wd-section-disabled\" data-id=\"f866dec\" data-element_type=\"section\" data-e-type=\"section\">\n\t\t\t\t\t\t<div class=\"elementor-container elementor-column-gap-default\">\n\t\t\t\t\t<div class=\"elementor-column elementor-col-100 elementor-top-column elementor-element elementor-element-5a34e92\" data-id=\"5a34e92\" data-element_type=\"column\" data-e-type=\"column\">\n\t\t\t<div class=\"elementor-widget-wrap elementor-element-populated\">\n\t\t\t\t\t\t<div class=\"elementor-element elementor-element-86ff5a3 elementor-widget elementor-widget-wd_text_block\" data-id=\"86ff5a3\" data-element_type=\"widget\" data-e-type=\"widget\" data-widget_type=\"wd_text_block.default\">\n\t\t\t\t<div class=\"elementor-widget-container\">\n\t\t\t\t\t\t\t<div class=\"wd-text-block reset-last-child text-left\">\n\t\t\t\n\t\t\t<p>A an\u00e1lise entre diferentes modelos nacionais de regulamenta\u00e7\u00e3o das rela\u00e7\u00f5es coletivas de trabalho constitui uma opera\u00e7\u00e3o de indubit\u00e1vel interesse em termos comparativos, sobretudo quando existe uma rela\u00e7\u00e3o hist\u00f3rica precisa entre os sistemas comparados. Atrav\u00e9s da an\u00e1lise aprofundada dos diferentes aspectos do direito sindical, os volumes pretendem dar conta das profundas diferen\u00e7as que existem entre a regulamenta\u00e7\u00e3o italiana que, ap\u00f3s o fim do sistema corporativo, adotou um modelo de regulamenta\u00e7\u00e3o firmemente baseado na liberdade sindical, e a regulamenta\u00e7\u00e3o brasileira, que, pelo contr\u00e1rio, ainda se caracteriza por uma regulamenta\u00e7\u00e3o amplamente inspirada no modelo corporativo italiano. A publica\u00e7\u00e3o do volume em duas vers\u00f5es, italiana e portuguesa, visa facilitar, em conson\u00e2ncia com o objetivo da Cole\u00e7\u00e3o, a compara\u00e7\u00e3o e o debate entre os estudiosos de ambos os pa\u00edses.<\/p><hr \/><p><strong>DATI BIBLIOGRAFICI<br \/><\/strong>A cura di: Giuseppe Ludovico, Lucio Imberti, Gilberto St\u00fcrmer, Thereza Christina Nahas<br \/>Editore: <a href=\"https:\/\/www.ledizioni.it\/en\/product-category\/milanoup\/\">Milano University Press<\/a><br \/>Formato: brossura, 400 p.<br \/>Pubblicato in: gennaio 2026<br \/>ISBN cartaceo: 979-12-5510-399-8<br \/>Prezzo cartaceo: \u20ac 24,00<\/p>\n\t\t\t\t\t<\/div>\n\t\t\t\t\t\t<\/div>\n\t\t\t\t<\/div>\n\t\t\t\t\t<\/div>\n\t\t<\/div>\n\t\t\t\t\t<\/div>\n\t\t<\/section>\n\t\t\t\t<section class=\"elementor-section elementor-top-section elementor-element elementor-element-75cc9e0 elementor-section-boxed elementor-section-height-default elementor-section-height-default wd-section-disabled\" data-id=\"75cc9e0\" data-element_type=\"section\" data-e-type=\"section\">\n\t\t\t\t\t\t<div class=\"elementor-container elementor-column-gap-default\">\n\t\t\t\t\t<div class=\"elementor-column elementor-col-100 elementor-top-column elementor-element elementor-element-f0b40fc\" data-id=\"f0b40fc\" data-element_type=\"column\" data-e-type=\"column\">\n\t\t\t<div class=\"elementor-widget-wrap elementor-element-populated\">\n\t\t\t\t\t\t<div class=\"elementor-element elementor-element-ded990d elementor-button-danger elementor-align-center elementor-widget elementor-widget-button\" data-id=\"ded990d\" data-element_type=\"widget\" data-e-type=\"widget\" data-widget_type=\"button.default\">\n\t\t\t\t<div class=\"elementor-widget-container\">\n\t\t\t\t\t\t\t\t\t<div class=\"elementor-button-wrapper\">\n\t\t\t\t\t<a class=\"elementor-button elementor-button-link elementor-size-sm\" href=\"https:\/\/libri.unimi.it\/index.php\/sdlps\/catalog\/book\/290\">\n\t\t\t\t\t\t<span class=\"elementor-button-content-wrapper\">\n\t\t\t\t\t\t\t\t\t<span class=\"elementor-button-text\">Scarica il PDF in Open Access sul sito Milano University Press<\/span>\n\t\t\t\t\t<\/span>\n\t\t\t\t\t<\/a>\n\t\t\t\t<\/div>\n\t\t\t\t\t\t\t\t<\/div>\n\t\t\t\t<\/div>\n\t\t\t\t\t<\/div>\n\t\t<\/div>\n\t\t\t\t\t<\/div>\n\t\t<\/section>\n\t\t\t\t<\/div>","protected":false},"excerpt":{"rendered":"<p>A an\u00e1lise entre diferentes modelos nacionais de regulamenta\u00e7\u00e3o das rela\u00e7\u00f5es coletivas de trabalho constitui uma opera\u00e7\u00e3o de indubit\u00e1vel interesse em<\/p>","protected":false},"featured_media":92830,"comment_status":"open","ping_status":"closed","template":"","meta":{"_acf_changed":false},"product_brand":[],"product_cat":[2336],"product_tag":[3548,3546,2343,3547],"class_list":{"0":"post-92829","1":"product","2":"type-product","3":"status-publish","4":"has-post-thumbnail","6":"product_cat-milanoup","7":"product_tag-contrattazione-collettiva","8":"product_tag-diritto-sindacale","9":"product_tag-milano-university-press","10":"product_tag-organizzazioni-sindacali","12":"first","13":"instock","14":"shipping-taxable","15":"purchasable","16":"product-type-simple"},"acf":[],"yoast_head":"<!-- This site is optimized with the Yoast SEO plugin v27.5 - https:\/\/yoast.com\/product\/yoast-seo-wordpress\/ -->\n<title>O DIREITO SINDICAL NO SISTEMA JUR\u00cdDICO ITALIANO E BRASILEIRO -<\/title>\n<meta name=\"description\" content=\"Ledizioni - Innovative Publishing. Casa editrice universitaria. Open Access. eBook, ePub. Creative Commons.\" \/>\n<meta name=\"robots\" content=\"index, follow, max-snippet:-1, max-image-preview:large, max-video-preview:-1\" \/>\n<link rel=\"canonical\" href=\"https:\/\/www.ledizioni.it\/en\/product\/o-direito-sindical-no-sistema-juridico-italiano-e-brasileiro\/\" \/>\n<meta property=\"og:locale\" content=\"en_GB\" \/>\n<meta property=\"og:type\" content=\"article\" \/>\n<meta property=\"og:title\" content=\"O DIREITO SINDICAL NO SISTEMA JUR\u00cdDICO ITALIANO E BRASILEIRO -\" \/>\n<meta property=\"og:description\" content=\"Ledizioni - Innovative Publishing. Casa editrice universitaria. Open Access. eBook, ePub. Creative Commons.\" \/>\n<meta property=\"og:url\" content=\"https:\/\/www.ledizioni.it\/en\/product\/o-direito-sindical-no-sistema-juridico-italiano-e-brasileiro\/\" \/>\n<meta property=\"og:site_name\" content=\"Ledizioni\" \/>\n<meta property=\"article:publisher\" content=\"https:\/\/www.facebook.com\/pages\/Ledizioni-LediPublishing\/109120559173329\" \/>\n<meta property=\"article:modified_time\" content=\"2026-02-16T08:11:52+00:00\" \/>\n<meta property=\"og:image\" content=\"https:\/\/www.ledizioni.it\/stag\/wp-content\/uploads\/2026\/02\/Cover-3D-9.jpg\" \/>\n\t<meta property=\"og:image:width\" content=\"1506\" \/>\n\t<meta property=\"og:image:height\" content=\"1954\" \/>\n\t<meta property=\"og:image:type\" content=\"image\/jpeg\" \/>\n<meta name=\"twitter:card\" content=\"summary_large_image\" \/>\n<meta name=\"twitter:site\" content=\"@ledizioni\" \/>\n<script type=\"application\/ld+json\" class=\"yoast-schema-graph\">{\"@context\":\"https:\\\/\\\/schema.org\",\"@graph\":[{\"@type\":\"WebPage\",\"@id\":\"https:\\\/\\\/www.ledizioni.it\\\/prodotto\\\/o-direito-sindical-no-sistema-juridico-italiano-e-brasileiro\\\/\",\"url\":\"https:\\\/\\\/www.ledizioni.it\\\/prodotto\\\/o-direito-sindical-no-sistema-juridico-italiano-e-brasileiro\\\/\",\"name\":\"O DIREITO SINDICAL NO SISTEMA JUR\u00cdDICO ITALIANO E BRASILEIRO -\",\"isPartOf\":{\"@id\":\"https:\\\/\\\/www.ledizioni.it\\\/#website\"},\"primaryImageOfPage\":{\"@id\":\"https:\\\/\\\/www.ledizioni.it\\\/prodotto\\\/o-direito-sindical-no-sistema-juridico-italiano-e-brasileiro\\\/#primaryimage\"},\"image\":{\"@id\":\"https:\\\/\\\/www.ledizioni.it\\\/prodotto\\\/o-direito-sindical-no-sistema-juridico-italiano-e-brasileiro\\\/#primaryimage\"},\"thumbnailUrl\":\"https:\\\/\\\/www.ledizioni.it\\\/stag\\\/wp-content\\\/uploads\\\/2026\\\/02\\\/Cover-3D-9.jpg\",\"datePublished\":\"2026-02-16T07:59:24+00:00\",\"dateModified\":\"2026-02-16T08:11:52+00:00\",\"description\":\"Ledizioni - Innovative Publishing. Casa editrice universitaria. Open Access. eBook, ePub. Creative Commons.\",\"breadcrumb\":{\"@id\":\"https:\\\/\\\/www.ledizioni.it\\\/prodotto\\\/o-direito-sindical-no-sistema-juridico-italiano-e-brasileiro\\\/#breadcrumb\"},\"inLanguage\":\"en-GB\",\"potentialAction\":[{\"@type\":\"ReadAction\",\"target\":[\"https:\\\/\\\/www.ledizioni.it\\\/prodotto\\\/o-direito-sindical-no-sistema-juridico-italiano-e-brasileiro\\\/\"]}]},{\"@type\":\"ImageObject\",\"inLanguage\":\"en-GB\",\"@id\":\"https:\\\/\\\/www.ledizioni.it\\\/prodotto\\\/o-direito-sindical-no-sistema-juridico-italiano-e-brasileiro\\\/#primaryimage\",\"url\":\"https:\\\/\\\/www.ledizioni.it\\\/stag\\\/wp-content\\\/uploads\\\/2026\\\/02\\\/Cover-3D-9.jpg\",\"contentUrl\":\"https:\\\/\\\/www.ledizioni.it\\\/stag\\\/wp-content\\\/uploads\\\/2026\\\/02\\\/Cover-3D-9.jpg\",\"width\":1506,\"height\":1954},{\"@type\":\"BreadcrumbList\",\"@id\":\"https:\\\/\\\/www.ledizioni.it\\\/prodotto\\\/o-direito-sindical-no-sistema-juridico-italiano-e-brasileiro\\\/#breadcrumb\",\"itemListElement\":[{\"@type\":\"ListItem\",\"position\":1,\"name\":\"Shop\",\"item\":\"https:\\\/\\\/www.ledizioni.it\\\/shop-2\\\/\"},{\"@type\":\"ListItem\",\"position\":2,\"name\":\"O DIREITO SINDICAL NO SISTEMA JUR\u00cdDICO ITALIANO E BRASILEIRO\"}]},{\"@type\":\"WebSite\",\"@id\":\"https:\\\/\\\/www.ledizioni.it\\\/#website\",\"url\":\"https:\\\/\\\/www.ledizioni.it\\\/\",\"name\":\"Ledizioni\",\"description\":\"The Innovative LediPublishing Company - Casa Editrice Universitaria\",\"publisher\":{\"@id\":\"https:\\\/\\\/www.ledizioni.it\\\/#organization\"},\"potentialAction\":[{\"@type\":\"SearchAction\",\"target\":{\"@type\":\"EntryPoint\",\"urlTemplate\":\"https:\\\/\\\/www.ledizioni.it\\\/?s={search_term_string}\"},\"query-input\":{\"@type\":\"PropertyValueSpecification\",\"valueRequired\":true,\"valueName\":\"search_term_string\"}}],\"inLanguage\":\"en-GB\"},{\"@type\":\"Organization\",\"@id\":\"https:\\\/\\\/www.ledizioni.it\\\/#organization\",\"name\":\"Ledizioni\",\"url\":\"https:\\\/\\\/www.ledizioni.it\\\/\",\"logo\":{\"@type\":\"ImageObject\",\"inLanguage\":\"en-GB\",\"@id\":\"https:\\\/\\\/www.ledizioni.it\\\/#\\\/schema\\\/logo\\\/image\\\/\",\"url\":\"https:\\\/\\\/www.ledizioni.it\\\/stag\\\/wp-content\\\/uploads\\\/2023\\\/10\\\/newlogoledizioni500x110_2-1.jpg\",\"contentUrl\":\"https:\\\/\\\/www.ledizioni.it\\\/stag\\\/wp-content\\\/uploads\\\/2023\\\/10\\\/newlogoledizioni500x110_2-1.jpg\",\"width\":354,\"height\":87,\"caption\":\"Ledizioni\"},\"image\":{\"@id\":\"https:\\\/\\\/www.ledizioni.it\\\/#\\\/schema\\\/logo\\\/image\\\/\"},\"sameAs\":[\"https:\\\/\\\/www.facebook.com\\\/pages\\\/Ledizioni-LediPublishing\\\/109120559173329\",\"https:\\\/\\\/x.com\\\/ledizioni\"]}]}<\/script>\n<!-- \/ Yoast SEO plugin. -->","yoast_head_json":{"title":"O DIREITO SINDICAL NO SISTEMA JUR\u00cdDICO ITALIANO E BRASILEIRO -","description":"Ledizioni - Innovative Publishing. Casa editrice universitaria. Open Access. eBook, ePub. Creative Commons.","robots":{"index":"index","follow":"follow","max-snippet":"max-snippet:-1","max-image-preview":"max-image-preview:large","max-video-preview":"max-video-preview:-1"},"canonical":"https:\/\/www.ledizioni.it\/en\/product\/o-direito-sindical-no-sistema-juridico-italiano-e-brasileiro\/","og_locale":"en_GB","og_type":"article","og_title":"O DIREITO SINDICAL NO SISTEMA JUR\u00cdDICO ITALIANO E BRASILEIRO -","og_description":"Ledizioni - Innovative Publishing. Casa editrice universitaria. Open Access. eBook, ePub. Creative Commons.","og_url":"https:\/\/www.ledizioni.it\/en\/product\/o-direito-sindical-no-sistema-juridico-italiano-e-brasileiro\/","og_site_name":"Ledizioni","article_publisher":"https:\/\/www.facebook.com\/pages\/Ledizioni-LediPublishing\/109120559173329","article_modified_time":"2026-02-16T08:11:52+00:00","og_image":[{"width":1506,"height":1954,"url":"https:\/\/www.ledizioni.it\/stag\/wp-content\/uploads\/2026\/02\/Cover-3D-9.jpg","type":"image\/jpeg"}],"twitter_card":"summary_large_image","twitter_site":"@ledizioni","schema":{"@context":"https:\/\/schema.org","@graph":[{"@type":"WebPage","@id":"https:\/\/www.ledizioni.it\/prodotto\/o-direito-sindical-no-sistema-juridico-italiano-e-brasileiro\/","url":"https:\/\/www.ledizioni.it\/prodotto\/o-direito-sindical-no-sistema-juridico-italiano-e-brasileiro\/","name":"O DIREITO SINDICAL NO SISTEMA JUR\u00cdDICO ITALIANO E BRASILEIRO -","isPartOf":{"@id":"https:\/\/www.ledizioni.it\/#website"},"primaryImageOfPage":{"@id":"https:\/\/www.ledizioni.it\/prodotto\/o-direito-sindical-no-sistema-juridico-italiano-e-brasileiro\/#primaryimage"},"image":{"@id":"https:\/\/www.ledizioni.it\/prodotto\/o-direito-sindical-no-sistema-juridico-italiano-e-brasileiro\/#primaryimage"},"thumbnailUrl":"https:\/\/www.ledizioni.it\/stag\/wp-content\/uploads\/2026\/02\/Cover-3D-9.jpg","datePublished":"2026-02-16T07:59:24+00:00","dateModified":"2026-02-16T08:11:52+00:00","description":"Ledizioni - Innovative Publishing. Casa editrice universitaria. Open Access. eBook, ePub. Creative Commons.","breadcrumb":{"@id":"https:\/\/www.ledizioni.it\/prodotto\/o-direito-sindical-no-sistema-juridico-italiano-e-brasileiro\/#breadcrumb"},"inLanguage":"en-GB","potentialAction":[{"@type":"ReadAction","target":["https:\/\/www.ledizioni.it\/prodotto\/o-direito-sindical-no-sistema-juridico-italiano-e-brasileiro\/"]}]},{"@type":"ImageObject","inLanguage":"en-GB","@id":"https:\/\/www.ledizioni.it\/prodotto\/o-direito-sindical-no-sistema-juridico-italiano-e-brasileiro\/#primaryimage","url":"https:\/\/www.ledizioni.it\/stag\/wp-content\/uploads\/2026\/02\/Cover-3D-9.jpg","contentUrl":"https:\/\/www.ledizioni.it\/stag\/wp-content\/uploads\/2026\/02\/Cover-3D-9.jpg","width":1506,"height":1954},{"@type":"BreadcrumbList","@id":"https:\/\/www.ledizioni.it\/prodotto\/o-direito-sindical-no-sistema-juridico-italiano-e-brasileiro\/#breadcrumb","itemListElement":[{"@type":"ListItem","position":1,"name":"Shop","item":"https:\/\/www.ledizioni.it\/shop-2\/"},{"@type":"ListItem","position":2,"name":"O DIREITO SINDICAL NO SISTEMA JUR\u00cdDICO ITALIANO E BRASILEIRO"}]},{"@type":"WebSite","@id":"https:\/\/www.ledizioni.it\/#website","url":"https:\/\/www.ledizioni.it\/","name":"Ledizioni","description":"The Innovative LediPublishing Company - Casa Editrice Universitaria","publisher":{"@id":"https:\/\/www.ledizioni.it\/#organization"},"potentialAction":[{"@type":"SearchAction","target":{"@type":"EntryPoint","urlTemplate":"https:\/\/www.ledizioni.it\/?s={search_term_string}"},"query-input":{"@type":"PropertyValueSpecification","valueRequired":true,"valueName":"search_term_string"}}],"inLanguage":"en-GB"},{"@type":"Organization","@id":"https:\/\/www.ledizioni.it\/#organization","name":"Ledizioni","url":"https:\/\/www.ledizioni.it\/","logo":{"@type":"ImageObject","inLanguage":"en-GB","@id":"https:\/\/www.ledizioni.it\/#\/schema\/logo\/image\/","url":"https:\/\/www.ledizioni.it\/stag\/wp-content\/uploads\/2023\/10\/newlogoledizioni500x110_2-1.jpg","contentUrl":"https:\/\/www.ledizioni.it\/stag\/wp-content\/uploads\/2023\/10\/newlogoledizioni500x110_2-1.jpg","width":354,"height":87,"caption":"Ledizioni"},"image":{"@id":"https:\/\/www.ledizioni.it\/#\/schema\/logo\/image\/"},"sameAs":["https:\/\/www.facebook.com\/pages\/Ledizioni-LediPublishing\/109120559173329","https:\/\/x.com\/ledizioni"]}]}},"jetpack_sharing_enabled":true,"_links":{"self":[{"href":"https:\/\/www.ledizioni.it\/en\/wp-json\/wp\/v2\/product\/92829","targetHints":{"allow":["GET"]}}],"collection":[{"href":"https:\/\/www.ledizioni.it\/en\/wp-json\/wp\/v2\/product"}],"about":[{"href":"https:\/\/www.ledizioni.it\/en\/wp-json\/wp\/v2\/types\/product"}],"replies":[{"embeddable":true,"href":"https:\/\/www.ledizioni.it\/en\/wp-json\/wp\/v2\/comments?post=92829"}],"version-history":[{"count":5,"href":"https:\/\/www.ledizioni.it\/en\/wp-json\/wp\/v2\/product\/92829\/revisions"}],"predecessor-version":[{"id":92835,"href":"https:\/\/www.ledizioni.it\/en\/wp-json\/wp\/v2\/product\/92829\/revisions\/92835"}],"wp:featuredmedia":[{"embeddable":true,"href":"https:\/\/www.ledizioni.it\/en\/wp-json\/wp\/v2\/media\/92830"}],"wp:attachment":[{"href":"https:\/\/www.ledizioni.it\/en\/wp-json\/wp\/v2\/media?parent=92829"}],"wp:term":[{"taxonomy":"product_brand","embeddable":true,"href":"https:\/\/www.ledizioni.it\/en\/wp-json\/wp\/v2\/product_brand?post=92829"},{"taxonomy":"product_cat","embeddable":true,"href":"https:\/\/www.ledizioni.it\/en\/wp-json\/wp\/v2\/product_cat?post=92829"},{"taxonomy":"product_tag","embeddable":true,"href":"https:\/\/www.ledizioni.it\/en\/wp-json\/wp\/v2\/product_tag?post=92829"}],"curies":[{"name":"wp","href":"https:\/\/api.w.org\/{rel}","templated":true}]}}