{"id":92898,"date":"2026-02-19T00:00:00","date_gmt":"2026-02-18T22:00:00","guid":{"rendered":"https:\/\/www.ledizioni.it\/?post_type=product&#038;p=92898"},"modified":"2026-02-19T16:13:13","modified_gmt":"2026-02-19T14:13:13","slug":"lucae-holstenii-geographi-graeci-minores-prima-institutio-geographiae","status":"publish","type":"product","link":"https:\/\/www.ledizioni.it\/en\/product\/lucae-holstenii-geographi-graeci-minores-prima-institutio-geographiae\/","title":{"rendered":"LUCAE HOLSTENII GEOGRAPHI GRAECI MINORES PRIMA INSTITUTIO GEOGRAPHIAE"},"content":{"rendered":"<p style=\"text-align: justify;\">Dopo aver copiato e studiato manoscritti nelle biblioteche di Londra, Parigi e Roma, Lukas Holste, erudito amburghese e romano di adozione, fu il primo a concepire il progetto di una grande edizione commentata dei geografi greci minori, che avrebbe dovuto comprendere opere di carattere teorico, opere descrittive e opere di geografia storica. A queste si sarebbero aggiunte opere su Constantinopoli e di geografia sacra. Preso dalle sue molte occupazioni, Holste non pot\u00e9 venire a capo di questo ambizioso progetto, che rest\u00f2 cos\u00ec un meraviglioso inedito. Questo volume raccoglie i suoi progetti editoriali di un&#8217;introduzione generale alla geografia e di cinque testi greci di geografia teorica che vedeva come propedeutici all\u2019intera silloge. Si tratta della descrizione della terra tramandata sotto il nome sia di Niceforo Blemmida sia di Michele Psello, degli abbozzi di geografia di Agatemero figlio di Ortone e di un autore anonimo e degli opuscoli sul modello sferico della Terra, anonimo il primo, di Isacco Argiro il secondo.<\/p>\n<p><strong>DATI BIBLIOGRAFICI<\/strong><br \/>\nA cura di: Stefano Belfiore<br \/>\nEditore: Ledizioni<br \/>\nPubblicato in: febbraio 2026<br \/>\nCollana: <a href=\"https:\/\/www.ledizioni.it\/en\/product-category\/umanistici\/apium-urbis-scripta-inedita-ac-rariora\/\">Apium Urbis scripta inedita ac rariora<\/a><br \/>\nFormato: brossura, 280 p.<br \/>\nISBN: 9791256006502<br \/>\nPrezzo: 28,00 \u20ac<\/p>","protected":false},"excerpt":{"rendered":"<p>Dopo aver copiato e studiato manoscritti nelle biblioteche di Londra, Parigi e Roma, Lukas Holste, erudito amburghese e romano di<\/p>","protected":false},"featured_media":92904,"comment_status":"closed","ping_status":"closed","template":"","meta":{"_acf_changed":false},"product_brand":[],"product_cat":[3377],"product_tag":[3626,2723,2635,3381],"class_list":{"0":"post-92898","1":"product","2":"type-product","3":"status-publish","4":"has-post-thumbnail","6":"product_cat-apium-urbis-scripta-inedita-ac-rariora","7":"product_tag-geografi-greci-minori","8":"product_tag-geografia","9":"product_tag-letteratura","10":"product_tag-lukas-holste","12":"first","13":"instock","14":"featured","15":"shipping-taxable","16":"purchasable","17":"product-type-simple"},"acf":[],"yoast_head":"<!-- This site is optimized with the Yoast SEO plugin v27.3 - https:\/\/yoast.com\/product\/yoast-seo-wordpress\/ -->\n<title>LUCAE HOLSTENII GEOGRAPHI GRAECI MINORES PRIMA INSTITUTIO GEOGRAPHIAE -<\/title>\n<meta name=\"description\" content=\"Ledizioni - Innovative Publishing. Casa editrice universitaria. Open Access. eBook, ePub. Creative Commons.\" \/>\n<meta name=\"robots\" content=\"index, follow, max-snippet:-1, max-image-preview:large, max-video-preview:-1\" \/>\n<link rel=\"canonical\" href=\"https:\/\/www.ledizioni.it\/en\/product\/lucae-holstenii-geographi-graeci-minores-prima-institutio-geographiae\/\" \/>\n<meta property=\"og:locale\" content=\"en_GB\" \/>\n<meta property=\"og:type\" content=\"article\" \/>\n<meta property=\"og:title\" content=\"LUCAE HOLSTENII GEOGRAPHI GRAECI MINORES PRIMA INSTITUTIO GEOGRAPHIAE -\" \/>\n<meta property=\"og:description\" content=\"Ledizioni - Innovative Publishing. Casa editrice universitaria. Open Access. eBook, ePub. Creative Commons.\" \/>\n<meta property=\"og:url\" content=\"https:\/\/www.ledizioni.it\/en\/product\/lucae-holstenii-geographi-graeci-minores-prima-institutio-geographiae\/\" \/>\n<meta property=\"og:site_name\" content=\"Ledizioni\" \/>\n<meta property=\"article:publisher\" content=\"https:\/\/www.facebook.com\/pages\/Ledizioni-LediPublishing\/109120559173329\" \/>\n<meta property=\"article:modified_time\" content=\"2026-02-19T14:13:13+00:00\" \/>\n<meta property=\"og:image\" content=\"https:\/\/www.ledizioni.it\/stag\/wp-content\/uploads\/2026\/03\/Belfiore_cover_2-_3D.jpg\" \/>\n\t<meta property=\"og:image:width\" content=\"1498\" \/>\n\t<meta property=\"og:image:height\" content=\"1986\" \/>\n\t<meta property=\"og:image:type\" content=\"image\/jpeg\" \/>\n<meta name=\"twitter:card\" content=\"summary_large_image\" \/>\n<meta name=\"twitter:site\" content=\"@ledizioni\" \/>\n<meta name=\"twitter:label1\" content=\"Estimated reading time\" \/>\n\t<meta name=\"twitter:data1\" content=\"2 minutes\" \/>\n<script type=\"application\/ld+json\" class=\"yoast-schema-graph\">{\"@context\":\"https:\\\/\\\/schema.org\",\"@graph\":[{\"@type\":\"WebPage\",\"@id\":\"https:\\\/\\\/www.ledizioni.it\\\/prodotto\\\/lucae-holstenii-geographi-graeci-minores-prima-institutio-geographiae\\\/\",\"url\":\"https:\\\/\\\/www.ledizioni.it\\\/prodotto\\\/lucae-holstenii-geographi-graeci-minores-prima-institutio-geographiae\\\/\",\"name\":\"LUCAE HOLSTENII GEOGRAPHI GRAECI MINORES PRIMA INSTITUTIO GEOGRAPHIAE -\",\"isPartOf\":{\"@id\":\"https:\\\/\\\/www.ledizioni.it\\\/#website\"},\"primaryImageOfPage\":{\"@id\":\"https:\\\/\\\/www.ledizioni.it\\\/prodotto\\\/lucae-holstenii-geographi-graeci-minores-prima-institutio-geographiae\\\/#primaryimage\"},\"image\":{\"@id\":\"https:\\\/\\\/www.ledizioni.it\\\/prodotto\\\/lucae-holstenii-geographi-graeci-minores-prima-institutio-geographiae\\\/#primaryimage\"},\"thumbnailUrl\":\"https:\\\/\\\/www.ledizioni.it\\\/stag\\\/wp-content\\\/uploads\\\/2026\\\/03\\\/Belfiore_cover_2-_3D.jpg\",\"datePublished\":\"2026-02-18T22:00:00+00:00\",\"dateModified\":\"2026-02-19T14:13:13+00:00\",\"description\":\"Ledizioni - Innovative Publishing. Casa editrice universitaria. Open Access. eBook, ePub. Creative Commons.\",\"breadcrumb\":{\"@id\":\"https:\\\/\\\/www.ledizioni.it\\\/prodotto\\\/lucae-holstenii-geographi-graeci-minores-prima-institutio-geographiae\\\/#breadcrumb\"},\"inLanguage\":\"en-GB\",\"potentialAction\":[{\"@type\":\"ReadAction\",\"target\":[\"https:\\\/\\\/www.ledizioni.it\\\/prodotto\\\/lucae-holstenii-geographi-graeci-minores-prima-institutio-geographiae\\\/\"]}]},{\"@type\":\"ImageObject\",\"inLanguage\":\"en-GB\",\"@id\":\"https:\\\/\\\/www.ledizioni.it\\\/prodotto\\\/lucae-holstenii-geographi-graeci-minores-prima-institutio-geographiae\\\/#primaryimage\",\"url\":\"https:\\\/\\\/www.ledizioni.it\\\/stag\\\/wp-content\\\/uploads\\\/2026\\\/03\\\/Belfiore_cover_2-_3D.jpg\",\"contentUrl\":\"https:\\\/\\\/www.ledizioni.it\\\/stag\\\/wp-content\\\/uploads\\\/2026\\\/03\\\/Belfiore_cover_2-_3D.jpg\",\"width\":1498,\"height\":1986},{\"@type\":\"BreadcrumbList\",\"@id\":\"https:\\\/\\\/www.ledizioni.it\\\/prodotto\\\/lucae-holstenii-geographi-graeci-minores-prima-institutio-geographiae\\\/#breadcrumb\",\"itemListElement\":[{\"@type\":\"ListItem\",\"position\":1,\"name\":\"Shop\",\"item\":\"https:\\\/\\\/www.ledizioni.it\\\/shop-2\\\/\"},{\"@type\":\"ListItem\",\"position\":2,\"name\":\"LUCAE HOLSTENII GEOGRAPHI GRAECI MINORES PRIMA INSTITUTIO GEOGRAPHIAE\"}]},{\"@type\":\"WebSite\",\"@id\":\"https:\\\/\\\/www.ledizioni.it\\\/#website\",\"url\":\"https:\\\/\\\/www.ledizioni.it\\\/\",\"name\":\"Ledizioni\",\"description\":\"The Innovative LediPublishing Company - Casa Editrice Universitaria\",\"publisher\":{\"@id\":\"https:\\\/\\\/www.ledizioni.it\\\/#organization\"},\"potentialAction\":[{\"@type\":\"SearchAction\",\"target\":{\"@type\":\"EntryPoint\",\"urlTemplate\":\"https:\\\/\\\/www.ledizioni.it\\\/?s={search_term_string}\"},\"query-input\":{\"@type\":\"PropertyValueSpecification\",\"valueRequired\":true,\"valueName\":\"search_term_string\"}}],\"inLanguage\":\"en-GB\"},{\"@type\":\"Organization\",\"@id\":\"https:\\\/\\\/www.ledizioni.it\\\/#organization\",\"name\":\"Ledizioni\",\"url\":\"https:\\\/\\\/www.ledizioni.it\\\/\",\"logo\":{\"@type\":\"ImageObject\",\"inLanguage\":\"en-GB\",\"@id\":\"https:\\\/\\\/www.ledizioni.it\\\/#\\\/schema\\\/logo\\\/image\\\/\",\"url\":\"https:\\\/\\\/www.ledizioni.it\\\/stag\\\/wp-content\\\/uploads\\\/2023\\\/10\\\/newlogoledizioni500x110_2-1.jpg\",\"contentUrl\":\"https:\\\/\\\/www.ledizioni.it\\\/stag\\\/wp-content\\\/uploads\\\/2023\\\/10\\\/newlogoledizioni500x110_2-1.jpg\",\"width\":354,\"height\":87,\"caption\":\"Ledizioni\"},\"image\":{\"@id\":\"https:\\\/\\\/www.ledizioni.it\\\/#\\\/schema\\\/logo\\\/image\\\/\"},\"sameAs\":[\"https:\\\/\\\/www.facebook.com\\\/pages\\\/Ledizioni-LediPublishing\\\/109120559173329\",\"https:\\\/\\\/x.com\\\/ledizioni\"]}]}<\/script>\n<!-- \/ Yoast SEO plugin. -->","yoast_head_json":{"title":"LUCAE HOLSTENII GEOGRAPHI GRAECI MINORES PRIMA INSTITUTIO GEOGRAPHIAE -","description":"Ledizioni - Innovative Publishing. Casa editrice universitaria. Open Access. eBook, ePub. Creative Commons.","robots":{"index":"index","follow":"follow","max-snippet":"max-snippet:-1","max-image-preview":"max-image-preview:large","max-video-preview":"max-video-preview:-1"},"canonical":"https:\/\/www.ledizioni.it\/en\/product\/lucae-holstenii-geographi-graeci-minores-prima-institutio-geographiae\/","og_locale":"en_GB","og_type":"article","og_title":"LUCAE HOLSTENII GEOGRAPHI GRAECI MINORES PRIMA INSTITUTIO GEOGRAPHIAE -","og_description":"Ledizioni - Innovative Publishing. Casa editrice universitaria. Open Access. eBook, ePub. Creative Commons.","og_url":"https:\/\/www.ledizioni.it\/en\/product\/lucae-holstenii-geographi-graeci-minores-prima-institutio-geographiae\/","og_site_name":"Ledizioni","article_publisher":"https:\/\/www.facebook.com\/pages\/Ledizioni-LediPublishing\/109120559173329","article_modified_time":"2026-02-19T14:13:13+00:00","og_image":[{"width":1498,"height":1986,"url":"https:\/\/www.ledizioni.it\/stag\/wp-content\/uploads\/2026\/03\/Belfiore_cover_2-_3D.jpg","type":"image\/jpeg"}],"twitter_card":"summary_large_image","twitter_site":"@ledizioni","twitter_misc":{"Estimated reading time":"2 minutes"},"schema":{"@context":"https:\/\/schema.org","@graph":[{"@type":"WebPage","@id":"https:\/\/www.ledizioni.it\/prodotto\/lucae-holstenii-geographi-graeci-minores-prima-institutio-geographiae\/","url":"https:\/\/www.ledizioni.it\/prodotto\/lucae-holstenii-geographi-graeci-minores-prima-institutio-geographiae\/","name":"LUCAE HOLSTENII GEOGRAPHI GRAECI MINORES PRIMA INSTITUTIO GEOGRAPHIAE -","isPartOf":{"@id":"https:\/\/www.ledizioni.it\/#website"},"primaryImageOfPage":{"@id":"https:\/\/www.ledizioni.it\/prodotto\/lucae-holstenii-geographi-graeci-minores-prima-institutio-geographiae\/#primaryimage"},"image":{"@id":"https:\/\/www.ledizioni.it\/prodotto\/lucae-holstenii-geographi-graeci-minores-prima-institutio-geographiae\/#primaryimage"},"thumbnailUrl":"https:\/\/www.ledizioni.it\/stag\/wp-content\/uploads\/2026\/03\/Belfiore_cover_2-_3D.jpg","datePublished":"2026-02-18T22:00:00+00:00","dateModified":"2026-02-19T14:13:13+00:00","description":"Ledizioni - Innovative Publishing. Casa editrice universitaria. Open Access. eBook, ePub. Creative Commons.","breadcrumb":{"@id":"https:\/\/www.ledizioni.it\/prodotto\/lucae-holstenii-geographi-graeci-minores-prima-institutio-geographiae\/#breadcrumb"},"inLanguage":"en-GB","potentialAction":[{"@type":"ReadAction","target":["https:\/\/www.ledizioni.it\/prodotto\/lucae-holstenii-geographi-graeci-minores-prima-institutio-geographiae\/"]}]},{"@type":"ImageObject","inLanguage":"en-GB","@id":"https:\/\/www.ledizioni.it\/prodotto\/lucae-holstenii-geographi-graeci-minores-prima-institutio-geographiae\/#primaryimage","url":"https:\/\/www.ledizioni.it\/stag\/wp-content\/uploads\/2026\/03\/Belfiore_cover_2-_3D.jpg","contentUrl":"https:\/\/www.ledizioni.it\/stag\/wp-content\/uploads\/2026\/03\/Belfiore_cover_2-_3D.jpg","width":1498,"height":1986},{"@type":"BreadcrumbList","@id":"https:\/\/www.ledizioni.it\/prodotto\/lucae-holstenii-geographi-graeci-minores-prima-institutio-geographiae\/#breadcrumb","itemListElement":[{"@type":"ListItem","position":1,"name":"Shop","item":"https:\/\/www.ledizioni.it\/shop-2\/"},{"@type":"ListItem","position":2,"name":"LUCAE HOLSTENII GEOGRAPHI GRAECI MINORES PRIMA INSTITUTIO GEOGRAPHIAE"}]},{"@type":"WebSite","@id":"https:\/\/www.ledizioni.it\/#website","url":"https:\/\/www.ledizioni.it\/","name":"Ledizioni","description":"The Innovative LediPublishing Company - Casa Editrice Universitaria","publisher":{"@id":"https:\/\/www.ledizioni.it\/#organization"},"potentialAction":[{"@type":"SearchAction","target":{"@type":"EntryPoint","urlTemplate":"https:\/\/www.ledizioni.it\/?s={search_term_string}"},"query-input":{"@type":"PropertyValueSpecification","valueRequired":true,"valueName":"search_term_string"}}],"inLanguage":"en-GB"},{"@type":"Organization","@id":"https:\/\/www.ledizioni.it\/#organization","name":"Ledizioni","url":"https:\/\/www.ledizioni.it\/","logo":{"@type":"ImageObject","inLanguage":"en-GB","@id":"https:\/\/www.ledizioni.it\/#\/schema\/logo\/image\/","url":"https:\/\/www.ledizioni.it\/stag\/wp-content\/uploads\/2023\/10\/newlogoledizioni500x110_2-1.jpg","contentUrl":"https:\/\/www.ledizioni.it\/stag\/wp-content\/uploads\/2023\/10\/newlogoledizioni500x110_2-1.jpg","width":354,"height":87,"caption":"Ledizioni"},"image":{"@id":"https:\/\/www.ledizioni.it\/#\/schema\/logo\/image\/"},"sameAs":["https:\/\/www.facebook.com\/pages\/Ledizioni-LediPublishing\/109120559173329","https:\/\/x.com\/ledizioni"]}]}},"jetpack_sharing_enabled":true,"_links":{"self":[{"href":"https:\/\/www.ledizioni.it\/en\/wp-json\/wp\/v2\/product\/92898","targetHints":{"allow":["GET"]}}],"collection":[{"href":"https:\/\/www.ledizioni.it\/en\/wp-json\/wp\/v2\/product"}],"about":[{"href":"https:\/\/www.ledizioni.it\/en\/wp-json\/wp\/v2\/types\/product"}],"replies":[{"embeddable":true,"href":"https:\/\/www.ledizioni.it\/en\/wp-json\/wp\/v2\/comments?post=92898"}],"version-history":[{"count":3,"href":"https:\/\/www.ledizioni.it\/en\/wp-json\/wp\/v2\/product\/92898\/revisions"}],"predecessor-version":[{"id":92906,"href":"https:\/\/www.ledizioni.it\/en\/wp-json\/wp\/v2\/product\/92898\/revisions\/92906"}],"wp:featuredmedia":[{"embeddable":true,"href":"https:\/\/www.ledizioni.it\/en\/wp-json\/wp\/v2\/media\/92904"}],"wp:attachment":[{"href":"https:\/\/www.ledizioni.it\/en\/wp-json\/wp\/v2\/media?parent=92898"}],"wp:term":[{"taxonomy":"product_brand","embeddable":true,"href":"https:\/\/www.ledizioni.it\/en\/wp-json\/wp\/v2\/product_brand?post=92898"},{"taxonomy":"product_cat","embeddable":true,"href":"https:\/\/www.ledizioni.it\/en\/wp-json\/wp\/v2\/product_cat?post=92898"},{"taxonomy":"product_tag","embeddable":true,"href":"https:\/\/www.ledizioni.it\/en\/wp-json\/wp\/v2\/product_tag?post=92898"}],"curies":[{"name":"wp","href":"https:\/\/api.w.org\/{rel}","templated":true}]}}