{"id":9304,"date":"2014-11-28T16:25:20","date_gmt":"2014-11-28T14:25:20","guid":{"rendered":"http:\/\/www.ledizioni.it\/?post_type=product&#038;p=9304"},"modified":"2021-05-28T14:15:04","modified_gmt":"2021-05-28T12:15:04","slug":"antropologia-nuova-serie-n-1-southeast-asia","status":"publish","type":"product","link":"https:\/\/www.ledizioni.it\/en\/product\/antropologia-nuova-serie-n-1-southeast-asia\/","title":{"rendered":"Antropologia, nuova serie &#8211; n.1, Southeast Asia"},"content":{"rendered":"<p style=\"text-align: justify;\"><em><strong>Southeast Asia: Subjects and Places <\/strong><\/em><\/p>\n<p style=\"text-align: justify;\">Questo numero monografico di <em>Anthropology<\/em>, il primo della Nuova Serie, nasce in seno all\u2019Associazione Italiana per gli Studi del Sudest Asiatico (ITASEAS) come manifesto di una rete di ricerca nazionale ed europea multidisciplinare oltre che come frutto di interrogativi specifici. La domanda sottesa alla maggior parte degli articoli riguarda l\u2019intima relazione esistente fra soggetti e localit\u00e0 nel caso del Sudest Asiatico contemporaneo. Pi\u00f9 precisamente, gli autori si chiedono come persone e gruppi sono influenzati dagli spazi che abitano (citt\u00e0, campagne, foreste, zone turistiche, spazi domestici di riabilitazione o di controllo), come reagiscono alle trasformazioni ambientali e come, al contempo, contribuiscono a determinarle.<br \/>\nLe ricerche presentate riguardano innanzitutto soggetti urbani. Giacarta (Giacomo Tabacco), Surabaya (Matteo Alcano), Bangkok (Giuseppe Bolotta), Siem Reap (Adele Esposito), Penang (Silvia Vignato) costituiscono la trama di soggettivazione delle persone esaminate dagli autori, siano essi giovani operai migrati dai villaggi giavanesi, membri di bande al confine con il crimine, adolescenti delle baraccopoli, pianificatori delle agenzie internazionali in procinto di costruire uno dei parchi archeologici pi\u00f9 estesi del mondo (il complesso di Angkor Wat) o responsabili di istituzioni per l\u2019affido dei bambini scaricati ai margini del boom industriale malesiano. Soggetti rurali o forestali, invece, sono i protagonisti dei saggi di Amalia Rossi e Antonia Soriente, gli uni, monaci produttori di pratiche e discorsi specifici sull\u2019ambiente e gli altri, locutori di lingue nate da un\u2019intricata storia di contatti legati al nomadismo lungo i fiumi e le coste del Borneo. Soggetti mobili, infine, fra spazi rurali e urbani sono le donne sottratte alle reti della prostituzione e ricoverate in strutture di accoglienza e riabilitazione descritte da Runa Lazzarino.<br \/>\nIl volume restituisce cos\u00ec alcune dinamiche fondamentali del Sudest Asiatico contemporaneo e fa appello alla necessit\u00e0 di una comparazione transnazionale e transcontinentale per situare i processi di soggettivazione analizzati fuori da ogni contesto esotizzante. Cercando una definizione analitica di nozioni quali \u201csoggetto\u201d, \u201cluogo\u201d e \u201cmargine\u201d, i saggi suggeriscono un dialogo possibile fra il Sudest Asiatico e l\u2019Europa \u2013 due vaste regioni dove Stati dal passato parzialmente condiviso creano o cercano di creare uno spazio geopolitico comune. Per questa vocazione comparatista, il volume si rivela un utile strumento di analisi al di l\u00e0 dei confini regionali considerati.<\/p>","protected":false},"excerpt":{"rendered":"<p>Southeast Asia: Subjects and Places Questo numero monografico di Antropologia, il primo della Nuova Serie, nasce in seno all\u2019Associazione Italiana<\/p>","protected":false},"featured_media":9305,"comment_status":"open","ping_status":"closed","template":"","meta":{"_acf_changed":false},"product_brand":[],"product_cat":[14],"product_tag":[2261],"class_list":{"0":"post-9304","1":"product","2":"type-product","3":"status-publish","4":"has-post-thumbnail","6":"product_cat-yearbook-of-anthropology","7":"product_tag-asia","8":"pa_formato-cartaceo","9":"pa_lingua-inglese","11":"first","12":"instock","13":"featured","14":"shipping-taxable","15":"purchasable","16":"product-type-simple"},"acf":[],"yoast_head":"<!-- This site is optimized with the Yoast SEO plugin v27.4 - https:\/\/yoast.com\/product\/yoast-seo-wordpress\/ -->\n<title>Antropologia, nuova serie - n.1, Southeast Asia<\/title>\n<meta name=\"description\" content=\"Il volume restituisce alcune dinamiche fondamentali del Sudest Asiatico contemporaneo.\" \/>\n<meta name=\"robots\" content=\"index, follow, max-snippet:-1, max-image-preview:large, max-video-preview:-1\" \/>\n<link rel=\"canonical\" href=\"https:\/\/www.ledizioni.it\/en\/product\/antropologia-nuova-serie-n-1-southeast-asia\/\" \/>\n<meta property=\"og:locale\" content=\"en_GB\" \/>\n<meta property=\"og:type\" content=\"article\" \/>\n<meta property=\"og:title\" content=\"Antropologia, nuova serie - n.1, Southeast Asia\" \/>\n<meta property=\"og:description\" content=\"Il volume restituisce alcune dinamiche fondamentali del Sudest Asiatico contemporaneo.\" \/>\n<meta property=\"og:url\" content=\"https:\/\/www.ledizioni.it\/en\/product\/antropologia-nuova-serie-n-1-southeast-asia\/\" \/>\n<meta property=\"og:site_name\" content=\"Ledizioni\" \/>\n<meta property=\"article:publisher\" content=\"https:\/\/www.facebook.com\/pages\/Ledizioni-LediPublishing\/109120559173329\" \/>\n<meta property=\"article:modified_time\" content=\"2021-05-28T12:15:04+00:00\" \/>\n<meta property=\"og:image\" content=\"https:\/\/www.ledizioni.it\/stag\/wp-content\/uploads\/2014\/11\/Cover3D.jpg\" \/>\n\t<meta property=\"og:image:width\" content=\"1582\" \/>\n\t<meta property=\"og:image:height\" content=\"2112\" \/>\n\t<meta property=\"og:image:type\" content=\"image\/jpeg\" \/>\n<meta name=\"twitter:card\" content=\"summary_large_image\" \/>\n<meta name=\"twitter:site\" content=\"@ledizioni\" \/>\n<meta name=\"twitter:label1\" content=\"Estimated reading time\" \/>\n\t<meta name=\"twitter:data1\" content=\"2 minutes\" \/>\n<script type=\"application\/ld+json\" class=\"yoast-schema-graph\">{\"@context\":\"https:\\\/\\\/schema.org\",\"@graph\":[{\"@type\":\"WebPage\",\"@id\":\"https:\\\/\\\/www.ledizioni.it\\\/en\\\/product\\\/antropologia-nuova-serie-n-1-southeast-asia\\\/\",\"url\":\"https:\\\/\\\/www.ledizioni.it\\\/en\\\/product\\\/antropologia-nuova-serie-n-1-southeast-asia\\\/\",\"name\":\"Antropologia, nuova serie - n.1, Southeast Asia\",\"isPartOf\":{\"@id\":\"https:\\\/\\\/www.ledizioni.it\\\/#website\"},\"primaryImageOfPage\":{\"@id\":\"https:\\\/\\\/www.ledizioni.it\\\/en\\\/product\\\/antropologia-nuova-serie-n-1-southeast-asia\\\/#primaryimage\"},\"image\":{\"@id\":\"https:\\\/\\\/www.ledizioni.it\\\/en\\\/product\\\/antropologia-nuova-serie-n-1-southeast-asia\\\/#primaryimage\"},\"thumbnailUrl\":\"https:\\\/\\\/www.ledizioni.it\\\/stag\\\/wp-content\\\/uploads\\\/2014\\\/11\\\/Cover3D.jpg\",\"datePublished\":\"2014-11-28T14:25:20+00:00\",\"dateModified\":\"2021-05-28T12:15:04+00:00\",\"description\":\"Il volume restituisce alcune dinamiche fondamentali del Sudest Asiatico contemporaneo.\",\"breadcrumb\":{\"@id\":\"https:\\\/\\\/www.ledizioni.it\\\/en\\\/product\\\/antropologia-nuova-serie-n-1-southeast-asia\\\/#breadcrumb\"},\"inLanguage\":\"en-GB\",\"potentialAction\":[{\"@type\":\"ReadAction\",\"target\":[\"https:\\\/\\\/www.ledizioni.it\\\/en\\\/product\\\/antropologia-nuova-serie-n-1-southeast-asia\\\/\"]}]},{\"@type\":\"ImageObject\",\"inLanguage\":\"en-GB\",\"@id\":\"https:\\\/\\\/www.ledizioni.it\\\/en\\\/product\\\/antropologia-nuova-serie-n-1-southeast-asia\\\/#primaryimage\",\"url\":\"https:\\\/\\\/www.ledizioni.it\\\/stag\\\/wp-content\\\/uploads\\\/2014\\\/11\\\/Cover3D.jpg\",\"contentUrl\":\"https:\\\/\\\/www.ledizioni.it\\\/stag\\\/wp-content\\\/uploads\\\/2014\\\/11\\\/Cover3D.jpg\",\"width\":1582,\"height\":2112},{\"@type\":\"BreadcrumbList\",\"@id\":\"https:\\\/\\\/www.ledizioni.it\\\/en\\\/product\\\/antropologia-nuova-serie-n-1-southeast-asia\\\/#breadcrumb\",\"itemListElement\":[{\"@type\":\"ListItem\",\"position\":1,\"name\":\"Shop\",\"item\":\"https:\\\/\\\/www.ledizioni.it\\\/shop-2\\\/\"},{\"@type\":\"ListItem\",\"position\":2,\"name\":\"Antropologia, nuova serie &#8211; n.1, Southeast Asia\"}]},{\"@type\":\"WebSite\",\"@id\":\"https:\\\/\\\/www.ledizioni.it\\\/#website\",\"url\":\"https:\\\/\\\/www.ledizioni.it\\\/\",\"name\":\"Ledizioni\",\"description\":\"The Innovative LediPublishing Company - Casa Editrice Universitaria\",\"publisher\":{\"@id\":\"https:\\\/\\\/www.ledizioni.it\\\/#organization\"},\"potentialAction\":[{\"@type\":\"SearchAction\",\"target\":{\"@type\":\"EntryPoint\",\"urlTemplate\":\"https:\\\/\\\/www.ledizioni.it\\\/?s={search_term_string}\"},\"query-input\":{\"@type\":\"PropertyValueSpecification\",\"valueRequired\":true,\"valueName\":\"search_term_string\"}}],\"inLanguage\":\"en-GB\"},{\"@type\":\"Organization\",\"@id\":\"https:\\\/\\\/www.ledizioni.it\\\/#organization\",\"name\":\"Ledizioni\",\"url\":\"https:\\\/\\\/www.ledizioni.it\\\/\",\"logo\":{\"@type\":\"ImageObject\",\"inLanguage\":\"en-GB\",\"@id\":\"https:\\\/\\\/www.ledizioni.it\\\/#\\\/schema\\\/logo\\\/image\\\/\",\"url\":\"https:\\\/\\\/www.ledizioni.it\\\/stag\\\/wp-content\\\/uploads\\\/2023\\\/10\\\/newlogoledizioni500x110_2-1.jpg\",\"contentUrl\":\"https:\\\/\\\/www.ledizioni.it\\\/stag\\\/wp-content\\\/uploads\\\/2023\\\/10\\\/newlogoledizioni500x110_2-1.jpg\",\"width\":354,\"height\":87,\"caption\":\"Ledizioni\"},\"image\":{\"@id\":\"https:\\\/\\\/www.ledizioni.it\\\/#\\\/schema\\\/logo\\\/image\\\/\"},\"sameAs\":[\"https:\\\/\\\/www.facebook.com\\\/pages\\\/Ledizioni-LediPublishing\\\/109120559173329\",\"https:\\\/\\\/x.com\\\/ledizioni\"]}]}<\/script>\n<!-- \/ Yoast SEO plugin. -->","yoast_head_json":{"title":"Antropologia, nuova serie - n.1, Southeast Asia","description":"Il volume restituisce alcune dinamiche fondamentali del Sudest Asiatico contemporaneo.","robots":{"index":"index","follow":"follow","max-snippet":"max-snippet:-1","max-image-preview":"max-image-preview:large","max-video-preview":"max-video-preview:-1"},"canonical":"https:\/\/www.ledizioni.it\/en\/product\/antropologia-nuova-serie-n-1-southeast-asia\/","og_locale":"en_GB","og_type":"article","og_title":"Antropologia, nuova serie - n.1, Southeast Asia","og_description":"Il volume restituisce alcune dinamiche fondamentali del Sudest Asiatico contemporaneo.","og_url":"https:\/\/www.ledizioni.it\/en\/product\/antropologia-nuova-serie-n-1-southeast-asia\/","og_site_name":"Ledizioni","article_publisher":"https:\/\/www.facebook.com\/pages\/Ledizioni-LediPublishing\/109120559173329","article_modified_time":"2021-05-28T12:15:04+00:00","og_image":[{"width":1582,"height":2112,"url":"https:\/\/www.ledizioni.it\/stag\/wp-content\/uploads\/2014\/11\/Cover3D.jpg","type":"image\/jpeg"}],"twitter_card":"summary_large_image","twitter_site":"@ledizioni","twitter_misc":{"Estimated reading time":"2 minutes"},"schema":{"@context":"https:\/\/schema.org","@graph":[{"@type":"WebPage","@id":"https:\/\/www.ledizioni.it\/en\/product\/antropologia-nuova-serie-n-1-southeast-asia\/","url":"https:\/\/www.ledizioni.it\/en\/product\/antropologia-nuova-serie-n-1-southeast-asia\/","name":"Antropologia, nuova serie - n.1, Southeast Asia","isPartOf":{"@id":"https:\/\/www.ledizioni.it\/#website"},"primaryImageOfPage":{"@id":"https:\/\/www.ledizioni.it\/en\/product\/antropologia-nuova-serie-n-1-southeast-asia\/#primaryimage"},"image":{"@id":"https:\/\/www.ledizioni.it\/en\/product\/antropologia-nuova-serie-n-1-southeast-asia\/#primaryimage"},"thumbnailUrl":"https:\/\/www.ledizioni.it\/stag\/wp-content\/uploads\/2014\/11\/Cover3D.jpg","datePublished":"2014-11-28T14:25:20+00:00","dateModified":"2021-05-28T12:15:04+00:00","description":"Il volume restituisce alcune dinamiche fondamentali del Sudest Asiatico contemporaneo.","breadcrumb":{"@id":"https:\/\/www.ledizioni.it\/en\/product\/antropologia-nuova-serie-n-1-southeast-asia\/#breadcrumb"},"inLanguage":"en-GB","potentialAction":[{"@type":"ReadAction","target":["https:\/\/www.ledizioni.it\/en\/product\/antropologia-nuova-serie-n-1-southeast-asia\/"]}]},{"@type":"ImageObject","inLanguage":"en-GB","@id":"https:\/\/www.ledizioni.it\/en\/product\/antropologia-nuova-serie-n-1-southeast-asia\/#primaryimage","url":"https:\/\/www.ledizioni.it\/stag\/wp-content\/uploads\/2014\/11\/Cover3D.jpg","contentUrl":"https:\/\/www.ledizioni.it\/stag\/wp-content\/uploads\/2014\/11\/Cover3D.jpg","width":1582,"height":2112},{"@type":"BreadcrumbList","@id":"https:\/\/www.ledizioni.it\/en\/product\/antropologia-nuova-serie-n-1-southeast-asia\/#breadcrumb","itemListElement":[{"@type":"ListItem","position":1,"name":"Shop","item":"https:\/\/www.ledizioni.it\/shop-2\/"},{"@type":"ListItem","position":2,"name":"Antropologia, nuova serie &#8211; n.1, Southeast Asia"}]},{"@type":"WebSite","@id":"https:\/\/www.ledizioni.it\/#website","url":"https:\/\/www.ledizioni.it\/","name":"Ledizioni","description":"The Innovative LediPublishing Company - Casa Editrice Universitaria","publisher":{"@id":"https:\/\/www.ledizioni.it\/#organization"},"potentialAction":[{"@type":"SearchAction","target":{"@type":"EntryPoint","urlTemplate":"https:\/\/www.ledizioni.it\/?s={search_term_string}"},"query-input":{"@type":"PropertyValueSpecification","valueRequired":true,"valueName":"search_term_string"}}],"inLanguage":"en-GB"},{"@type":"Organization","@id":"https:\/\/www.ledizioni.it\/#organization","name":"Ledizioni","url":"https:\/\/www.ledizioni.it\/","logo":{"@type":"ImageObject","inLanguage":"en-GB","@id":"https:\/\/www.ledizioni.it\/#\/schema\/logo\/image\/","url":"https:\/\/www.ledizioni.it\/stag\/wp-content\/uploads\/2023\/10\/newlogoledizioni500x110_2-1.jpg","contentUrl":"https:\/\/www.ledizioni.it\/stag\/wp-content\/uploads\/2023\/10\/newlogoledizioni500x110_2-1.jpg","width":354,"height":87,"caption":"Ledizioni"},"image":{"@id":"https:\/\/www.ledizioni.it\/#\/schema\/logo\/image\/"},"sameAs":["https:\/\/www.facebook.com\/pages\/Ledizioni-LediPublishing\/109120559173329","https:\/\/x.com\/ledizioni"]}]}},"jetpack_sharing_enabled":true,"_links":{"self":[{"href":"https:\/\/www.ledizioni.it\/en\/wp-json\/wp\/v2\/product\/9304","targetHints":{"allow":["GET"]}}],"collection":[{"href":"https:\/\/www.ledizioni.it\/en\/wp-json\/wp\/v2\/product"}],"about":[{"href":"https:\/\/www.ledizioni.it\/en\/wp-json\/wp\/v2\/types\/product"}],"replies":[{"embeddable":true,"href":"https:\/\/www.ledizioni.it\/en\/wp-json\/wp\/v2\/comments?post=9304"}],"version-history":[{"count":0,"href":"https:\/\/www.ledizioni.it\/en\/wp-json\/wp\/v2\/product\/9304\/revisions"}],"wp:featuredmedia":[{"embeddable":true,"href":"https:\/\/www.ledizioni.it\/en\/wp-json\/wp\/v2\/media\/9305"}],"wp:attachment":[{"href":"https:\/\/www.ledizioni.it\/en\/wp-json\/wp\/v2\/media?parent=9304"}],"wp:term":[{"taxonomy":"product_brand","embeddable":true,"href":"https:\/\/www.ledizioni.it\/en\/wp-json\/wp\/v2\/product_brand?post=9304"},{"taxonomy":"product_cat","embeddable":true,"href":"https:\/\/www.ledizioni.it\/en\/wp-json\/wp\/v2\/product_cat?post=9304"},{"taxonomy":"product_tag","embeddable":true,"href":"https:\/\/www.ledizioni.it\/en\/wp-json\/wp\/v2\/product_tag?post=9304"}],"curies":[{"name":"wp","href":"https:\/\/api.w.org\/{rel}","templated":true}]}}