{"id":93144,"date":"2026-03-02T00:00:00","date_gmt":"2026-03-01T22:00:00","guid":{"rendered":"https:\/\/www.ledizioni.it\/?post_type=product&#038;p=93144"},"modified":"2026-03-11T10:13:06","modified_gmt":"2026-03-11T08:13:06","slug":"la-tutela-della-persona-nel-lavoro-computazionale","status":"publish","type":"product","link":"https:\/\/www.ledizioni.it\/en\/product\/la-tutela-della-persona-nel-lavoro-computazionale\/","title":{"rendered":"LA TUTELA DELLA PERSONA NEL LAVORO COMPUTAZIONALE"},"content":{"rendered":"<p style=\"text-align: justify;\">Nell\u2019era della trasformazione digitale, l\u2019Intelligenza Artificiale sta velocemente modificando societ\u00e0, lavoro e relativi diritti; \u00e8 quindi riduttivo pensare che tale trasformazione nel mondo del lavoro coincida con una semplice sostituzione di ruoli e mansioni, poich\u00e9 l\u2019ecosistema delle competenze va indagato tenendo a mente che l\u2019efficienza computazionale non significa intelligenza decisionale. Attribuire all\u2019IA qualit\u00e0 umane \u00e8 fuorviante perch\u00e9, se \u00e8 vero che un algoritmo pu\u00f2 riprodurre un comportamento umano, in quanto la macchina impara velocemente ed \u00e8 capace di calcolare correlazioni, \u00e8 altrettanto vero che il pensiero critico, la creativit\u00e0, l\u2019empatia restano connotazioni esclusivamente umane.<br \/>\nIl presente testo raccoglie al riguardo gli autorevoli contributi dei Professori Maria Cristina Cataudella, Pasquale Passalacqua, della Dott.ssa di Ricerca Livia Tamburro, dei Magistrati Dott.ri Nicola De Marinis ed Emanuela Vitello nonch\u00e9 dell\u2019 Avv. Pierluigi Pernisco intervenuti al Convegno \u201cLa tutela dei diritti nel lavoro computazionale\u201d, tenutosi a Roma il 24 febbraio 2025, patrocinato e organizzato dall\u2019Associazione Nazionale Forense (ANF) con la collaborazione dell\u2019Avv. Antonietta Mareschi, quale componente del Gruppo Lavoro e Privacy di ANF, per offrire occasioni di dibattito e strumenti interpretativi funzionali ad indagare il ruolo della persona nel lavoro computazionale.<br \/>\nPer quanto la leadership nel rapporto con la macchina resti sempre quella umana, le problematiche sulle discriminazioni algoritmiche, sulle nuove forme di subordinazione, sulla tutela della salute e sicurezza del lavoratore che opera su piattaforma, sui nuovi rischi di natura psicosociale e gestione del rischio nell\u2019ambito di tutela sancito dall\u2019art. 2087 c.c., sull\u2019utilizzo dei cosiddetti \u201cdecisori automatici\u201d per la selezione e gestione del personale, nonch\u00e9 il fenomeno dell\u2019<em>Algorithmic Management<\/em> vanno affrontati nell\u2019ottica di una leadership umana che dialoga con l\u2019intelligenza artificiale e che evolve tanto pi\u00f9 celermente quanto pi\u00f9 efficacemente \u00e8 capace di governarla.<\/p>\n<p><strong>DATI BIBLIOGRAFICI<\/strong><br \/>\nA cura di: Antonietta Mareschi<br \/>\nEditore: Ledizioni<br \/>\nPubblicato in: marzo 2026<br \/>\nFormato: brossura, 105 p. &#8211; ePub<br \/>\nISBN cartaceo: 9791256006014<br \/>\nISBN ePub: 9791256006021<br \/>\nPrezzo cartaceo: 18,00 \u20ac<br \/>\nPrezzo ePub: 6,99 \u20ac<\/p>","protected":false},"excerpt":{"rendered":"<p>Nell\u2019era della trasformazione digitale, l\u2019Intelligenza Artificiale sta velocemente modificando societ\u00e0, lavoro e relativi diritti; \u00e8 quindi riduttivo pensare che tale<\/p>","protected":false},"featured_media":93366,"comment_status":"closed","ping_status":"closed","template":"","meta":{"_acf_changed":false},"product_brand":[],"product_cat":[566],"product_tag":[2632,2567,2686,3660],"class_list":{"0":"post-93144","1":"product","2":"type-product","3":"status-publish","4":"has-post-thumbnail","6":"product_cat-diritto-2","7":"product_tag-diritto","8":"product_tag-diritto-del-lavoro","9":"product_tag-ia","10":"product_tag-tutele","11":"pa_formato-cartaceo","12":"pa_formato-ebook-in-epub","14":"first","15":"instock","16":"featured","17":"shipping-taxable","18":"purchasable","19":"product-type-variable"},"acf":[],"yoast_head":"<!-- This site is optimized with the Yoast SEO plugin v27.4 - https:\/\/yoast.com\/product\/yoast-seo-wordpress\/ -->\n<title>LA TUTELA DELLA PERSONA NEL LAVORO COMPUTAZIONALE -<\/title>\n<meta name=\"description\" content=\"Ledizioni - Innovative Publishing. Casa editrice universitaria. Open Access. eBook, ePub. Creative Commons.\" \/>\n<meta name=\"robots\" content=\"index, follow, max-snippet:-1, max-image-preview:large, max-video-preview:-1\" \/>\n<link rel=\"canonical\" href=\"https:\/\/www.ledizioni.it\/en\/product\/la-tutela-della-persona-nel-lavoro-computazionale\/\" \/>\n<meta property=\"og:locale\" content=\"en_GB\" \/>\n<meta property=\"og:type\" content=\"article\" \/>\n<meta property=\"og:title\" content=\"LA TUTELA DELLA PERSONA NEL LAVORO COMPUTAZIONALE -\" \/>\n<meta property=\"og:description\" content=\"Ledizioni - Innovative Publishing. Casa editrice universitaria. Open Access. eBook, ePub. Creative Commons.\" \/>\n<meta property=\"og:url\" content=\"https:\/\/www.ledizioni.it\/en\/product\/la-tutela-della-persona-nel-lavoro-computazionale\/\" \/>\n<meta property=\"og:site_name\" content=\"Ledizioni\" \/>\n<meta property=\"article:publisher\" content=\"https:\/\/www.facebook.com\/pages\/Ledizioni-LediPublishing\/109120559173329\" \/>\n<meta property=\"article:modified_time\" content=\"2026-03-11T08:13:06+00:00\" \/>\n<meta property=\"og:image\" content=\"https:\/\/www.ledizioni.it\/stag\/wp-content\/uploads\/2026\/03\/cover-mareschi-3D.jpg\" \/>\n\t<meta property=\"og:image:width\" content=\"1486\" \/>\n\t<meta property=\"og:image:height\" content=\"1962\" \/>\n\t<meta property=\"og:image:type\" content=\"image\/jpeg\" \/>\n<meta name=\"twitter:card\" content=\"summary_large_image\" \/>\n<meta name=\"twitter:site\" content=\"@ledizioni\" \/>\n<meta name=\"twitter:label1\" content=\"Estimated reading time\" \/>\n\t<meta name=\"twitter:data1\" content=\"2 minutes\" \/>\n<script type=\"application\/ld+json\" class=\"yoast-schema-graph\">{\"@context\":\"https:\\\/\\\/schema.org\",\"@graph\":[{\"@type\":\"WebPage\",\"@id\":\"https:\\\/\\\/www.ledizioni.it\\\/prodotto\\\/la-tutela-della-persona-nel-lavoro-computazionale\\\/\",\"url\":\"https:\\\/\\\/www.ledizioni.it\\\/prodotto\\\/la-tutela-della-persona-nel-lavoro-computazionale\\\/\",\"name\":\"LA TUTELA DELLA PERSONA NEL LAVORO COMPUTAZIONALE -\",\"isPartOf\":{\"@id\":\"https:\\\/\\\/www.ledizioni.it\\\/#website\"},\"primaryImageOfPage\":{\"@id\":\"https:\\\/\\\/www.ledizioni.it\\\/prodotto\\\/la-tutela-della-persona-nel-lavoro-computazionale\\\/#primaryimage\"},\"image\":{\"@id\":\"https:\\\/\\\/www.ledizioni.it\\\/prodotto\\\/la-tutela-della-persona-nel-lavoro-computazionale\\\/#primaryimage\"},\"thumbnailUrl\":\"https:\\\/\\\/www.ledizioni.it\\\/stag\\\/wp-content\\\/uploads\\\/2026\\\/03\\\/cover-mareschi-3D.jpg\",\"datePublished\":\"2026-03-01T22:00:00+00:00\",\"dateModified\":\"2026-03-11T08:13:06+00:00\",\"description\":\"Ledizioni - Innovative Publishing. Casa editrice universitaria. Open Access. eBook, ePub. Creative Commons.\",\"breadcrumb\":{\"@id\":\"https:\\\/\\\/www.ledizioni.it\\\/prodotto\\\/la-tutela-della-persona-nel-lavoro-computazionale\\\/#breadcrumb\"},\"inLanguage\":\"en-GB\",\"potentialAction\":[{\"@type\":\"ReadAction\",\"target\":[\"https:\\\/\\\/www.ledizioni.it\\\/prodotto\\\/la-tutela-della-persona-nel-lavoro-computazionale\\\/\"]}]},{\"@type\":\"ImageObject\",\"inLanguage\":\"en-GB\",\"@id\":\"https:\\\/\\\/www.ledizioni.it\\\/prodotto\\\/la-tutela-della-persona-nel-lavoro-computazionale\\\/#primaryimage\",\"url\":\"https:\\\/\\\/www.ledizioni.it\\\/stag\\\/wp-content\\\/uploads\\\/2026\\\/03\\\/cover-mareschi-3D.jpg\",\"contentUrl\":\"https:\\\/\\\/www.ledizioni.it\\\/stag\\\/wp-content\\\/uploads\\\/2026\\\/03\\\/cover-mareschi-3D.jpg\",\"width\":1486,\"height\":1962},{\"@type\":\"BreadcrumbList\",\"@id\":\"https:\\\/\\\/www.ledizioni.it\\\/prodotto\\\/la-tutela-della-persona-nel-lavoro-computazionale\\\/#breadcrumb\",\"itemListElement\":[{\"@type\":\"ListItem\",\"position\":1,\"name\":\"Shop\",\"item\":\"https:\\\/\\\/www.ledizioni.it\\\/shop-2\\\/\"},{\"@type\":\"ListItem\",\"position\":2,\"name\":\"LA TUTELA DELLA PERSONA NEL LAVORO COMPUTAZIONALE\"}]},{\"@type\":\"WebSite\",\"@id\":\"https:\\\/\\\/www.ledizioni.it\\\/#website\",\"url\":\"https:\\\/\\\/www.ledizioni.it\\\/\",\"name\":\"Ledizioni\",\"description\":\"The Innovative LediPublishing Company - Casa Editrice Universitaria\",\"publisher\":{\"@id\":\"https:\\\/\\\/www.ledizioni.it\\\/#organization\"},\"potentialAction\":[{\"@type\":\"SearchAction\",\"target\":{\"@type\":\"EntryPoint\",\"urlTemplate\":\"https:\\\/\\\/www.ledizioni.it\\\/?s={search_term_string}\"},\"query-input\":{\"@type\":\"PropertyValueSpecification\",\"valueRequired\":true,\"valueName\":\"search_term_string\"}}],\"inLanguage\":\"en-GB\"},{\"@type\":\"Organization\",\"@id\":\"https:\\\/\\\/www.ledizioni.it\\\/#organization\",\"name\":\"Ledizioni\",\"url\":\"https:\\\/\\\/www.ledizioni.it\\\/\",\"logo\":{\"@type\":\"ImageObject\",\"inLanguage\":\"en-GB\",\"@id\":\"https:\\\/\\\/www.ledizioni.it\\\/#\\\/schema\\\/logo\\\/image\\\/\",\"url\":\"https:\\\/\\\/www.ledizioni.it\\\/stag\\\/wp-content\\\/uploads\\\/2023\\\/10\\\/newlogoledizioni500x110_2-1.jpg\",\"contentUrl\":\"https:\\\/\\\/www.ledizioni.it\\\/stag\\\/wp-content\\\/uploads\\\/2023\\\/10\\\/newlogoledizioni500x110_2-1.jpg\",\"width\":354,\"height\":87,\"caption\":\"Ledizioni\"},\"image\":{\"@id\":\"https:\\\/\\\/www.ledizioni.it\\\/#\\\/schema\\\/logo\\\/image\\\/\"},\"sameAs\":[\"https:\\\/\\\/www.facebook.com\\\/pages\\\/Ledizioni-LediPublishing\\\/109120559173329\",\"https:\\\/\\\/x.com\\\/ledizioni\"]}]}<\/script>\n<!-- \/ Yoast SEO plugin. -->","yoast_head_json":{"title":"LA TUTELA DELLA PERSONA NEL LAVORO COMPUTAZIONALE -","description":"Ledizioni - Innovative Publishing. Casa editrice universitaria. Open Access. eBook, ePub. Creative Commons.","robots":{"index":"index","follow":"follow","max-snippet":"max-snippet:-1","max-image-preview":"max-image-preview:large","max-video-preview":"max-video-preview:-1"},"canonical":"https:\/\/www.ledizioni.it\/en\/product\/la-tutela-della-persona-nel-lavoro-computazionale\/","og_locale":"en_GB","og_type":"article","og_title":"LA TUTELA DELLA PERSONA NEL LAVORO COMPUTAZIONALE -","og_description":"Ledizioni - Innovative Publishing. Casa editrice universitaria. Open Access. eBook, ePub. Creative Commons.","og_url":"https:\/\/www.ledizioni.it\/en\/product\/la-tutela-della-persona-nel-lavoro-computazionale\/","og_site_name":"Ledizioni","article_publisher":"https:\/\/www.facebook.com\/pages\/Ledizioni-LediPublishing\/109120559173329","article_modified_time":"2026-03-11T08:13:06+00:00","og_image":[{"width":1486,"height":1962,"url":"https:\/\/www.ledizioni.it\/stag\/wp-content\/uploads\/2026\/03\/cover-mareschi-3D.jpg","type":"image\/jpeg"}],"twitter_card":"summary_large_image","twitter_site":"@ledizioni","twitter_misc":{"Estimated reading time":"2 minutes"},"schema":{"@context":"https:\/\/schema.org","@graph":[{"@type":"WebPage","@id":"https:\/\/www.ledizioni.it\/prodotto\/la-tutela-della-persona-nel-lavoro-computazionale\/","url":"https:\/\/www.ledizioni.it\/prodotto\/la-tutela-della-persona-nel-lavoro-computazionale\/","name":"LA TUTELA DELLA PERSONA NEL LAVORO COMPUTAZIONALE -","isPartOf":{"@id":"https:\/\/www.ledizioni.it\/#website"},"primaryImageOfPage":{"@id":"https:\/\/www.ledizioni.it\/prodotto\/la-tutela-della-persona-nel-lavoro-computazionale\/#primaryimage"},"image":{"@id":"https:\/\/www.ledizioni.it\/prodotto\/la-tutela-della-persona-nel-lavoro-computazionale\/#primaryimage"},"thumbnailUrl":"https:\/\/www.ledizioni.it\/stag\/wp-content\/uploads\/2026\/03\/cover-mareschi-3D.jpg","datePublished":"2026-03-01T22:00:00+00:00","dateModified":"2026-03-11T08:13:06+00:00","description":"Ledizioni - Innovative Publishing. Casa editrice universitaria. Open Access. eBook, ePub. Creative Commons.","breadcrumb":{"@id":"https:\/\/www.ledizioni.it\/prodotto\/la-tutela-della-persona-nel-lavoro-computazionale\/#breadcrumb"},"inLanguage":"en-GB","potentialAction":[{"@type":"ReadAction","target":["https:\/\/www.ledizioni.it\/prodotto\/la-tutela-della-persona-nel-lavoro-computazionale\/"]}]},{"@type":"ImageObject","inLanguage":"en-GB","@id":"https:\/\/www.ledizioni.it\/prodotto\/la-tutela-della-persona-nel-lavoro-computazionale\/#primaryimage","url":"https:\/\/www.ledizioni.it\/stag\/wp-content\/uploads\/2026\/03\/cover-mareschi-3D.jpg","contentUrl":"https:\/\/www.ledizioni.it\/stag\/wp-content\/uploads\/2026\/03\/cover-mareschi-3D.jpg","width":1486,"height":1962},{"@type":"BreadcrumbList","@id":"https:\/\/www.ledizioni.it\/prodotto\/la-tutela-della-persona-nel-lavoro-computazionale\/#breadcrumb","itemListElement":[{"@type":"ListItem","position":1,"name":"Shop","item":"https:\/\/www.ledizioni.it\/shop-2\/"},{"@type":"ListItem","position":2,"name":"LA TUTELA DELLA PERSONA NEL LAVORO COMPUTAZIONALE"}]},{"@type":"WebSite","@id":"https:\/\/www.ledizioni.it\/#website","url":"https:\/\/www.ledizioni.it\/","name":"Ledizioni","description":"The Innovative LediPublishing Company - Casa Editrice Universitaria","publisher":{"@id":"https:\/\/www.ledizioni.it\/#organization"},"potentialAction":[{"@type":"SearchAction","target":{"@type":"EntryPoint","urlTemplate":"https:\/\/www.ledizioni.it\/?s={search_term_string}"},"query-input":{"@type":"PropertyValueSpecification","valueRequired":true,"valueName":"search_term_string"}}],"inLanguage":"en-GB"},{"@type":"Organization","@id":"https:\/\/www.ledizioni.it\/#organization","name":"Ledizioni","url":"https:\/\/www.ledizioni.it\/","logo":{"@type":"ImageObject","inLanguage":"en-GB","@id":"https:\/\/www.ledizioni.it\/#\/schema\/logo\/image\/","url":"https:\/\/www.ledizioni.it\/stag\/wp-content\/uploads\/2023\/10\/newlogoledizioni500x110_2-1.jpg","contentUrl":"https:\/\/www.ledizioni.it\/stag\/wp-content\/uploads\/2023\/10\/newlogoledizioni500x110_2-1.jpg","width":354,"height":87,"caption":"Ledizioni"},"image":{"@id":"https:\/\/www.ledizioni.it\/#\/schema\/logo\/image\/"},"sameAs":["https:\/\/www.facebook.com\/pages\/Ledizioni-LediPublishing\/109120559173329","https:\/\/x.com\/ledizioni"]}]}},"jetpack_sharing_enabled":true,"_links":{"self":[{"href":"https:\/\/www.ledizioni.it\/en\/wp-json\/wp\/v2\/product\/93144","targetHints":{"allow":["GET"]}}],"collection":[{"href":"https:\/\/www.ledizioni.it\/en\/wp-json\/wp\/v2\/product"}],"about":[{"href":"https:\/\/www.ledizioni.it\/en\/wp-json\/wp\/v2\/types\/product"}],"replies":[{"embeddable":true,"href":"https:\/\/www.ledizioni.it\/en\/wp-json\/wp\/v2\/comments?post=93144"}],"version-history":[{"count":3,"href":"https:\/\/www.ledizioni.it\/en\/wp-json\/wp\/v2\/product\/93144\/revisions"}],"predecessor-version":[{"id":93367,"href":"https:\/\/www.ledizioni.it\/en\/wp-json\/wp\/v2\/product\/93144\/revisions\/93367"}],"wp:featuredmedia":[{"embeddable":true,"href":"https:\/\/www.ledizioni.it\/en\/wp-json\/wp\/v2\/media\/93366"}],"wp:attachment":[{"href":"https:\/\/www.ledizioni.it\/en\/wp-json\/wp\/v2\/media?parent=93144"}],"wp:term":[{"taxonomy":"product_brand","embeddable":true,"href":"https:\/\/www.ledizioni.it\/en\/wp-json\/wp\/v2\/product_brand?post=93144"},{"taxonomy":"product_cat","embeddable":true,"href":"https:\/\/www.ledizioni.it\/en\/wp-json\/wp\/v2\/product_cat?post=93144"},{"taxonomy":"product_tag","embeddable":true,"href":"https:\/\/www.ledizioni.it\/en\/wp-json\/wp\/v2\/product_tag?post=93144"}],"curies":[{"name":"wp","href":"https:\/\/api.w.org\/{rel}","templated":true}]}}