{"id":9379,"date":"2014-12-18T13:29:01","date_gmt":"2014-12-18T13:29:01","guid":{"rendered":"http:\/\/www.ledizioni.it\/prodotto\/alexjan-carraturo-guida-introduttiva-ai-sistemi-gnulinux\/"},"modified":"2021-12-29T02:07:50","modified_gmt":"2021-12-29T00:07:50","slug":"alexjan-carraturo-guida-introduttiva-ai-sistemi-gnulinux","status":"publish","type":"product","link":"https:\/\/www.ledizioni.it\/en\/product\/alexjan-carraturo-guida-introduttiva-ai-sistemi-gnulinux\/","title":{"rendered":"GUIDA INTRODUTTIVA AI SISTEMI GNU\/LINUX"},"content":{"rendered":"<p style=\"text-align: justify;\">Nel corso di questi ultimi anni \u00e8 aumentata l&#8217;esigenza di privati, imprese e pubbliche amministrazioni di interfacciarsi a sistemi server e macchine workstation basate su sistemi operativi Linux. A fronte di tale esigenza, le aziende legate al mondo dei FOSS (Free Open Source Software) del settore IT italiano si sono attrezzate per fornire una formazione sempre pi\u00f9 professonale e completa. Talvolta per\u00f2, durante la formazione, si \u00e8 visto che i testi utilizzati potevano risultare di difficile approccio per utenti neofiti, sia per la omnicomprensivit\u00e0 del testo, sia per la lingua (spesso l&#8217;inglese) o il linguaggio (squisitamente tecnico) utilizzato.<\/p>\n<p style=\"text-align: justify;\">Lo scopo di questo testo \u00e8 di fornire un aiuto didattico, oltre a quelli specifici per i corsi, in lingua italiana, semplificato, facile e di ridotte dimensioni. In questa prima edizione si \u00e8 cercato di mantenere una formulazione compatta, che lasci al lettore la possibilit\u00e0 di provare praticamente quanto appreso, senza per\u00f2 trascurare una minima base teorica imprescindibile dai contenuti tecnici.<\/p>\n<p>&nbsp;<\/p>\n<h3 style=\"text-align: justify;\"><strong><span style=\"color: #000000;\">DATI BIBLIOGRAFICI<\/span><\/strong><\/h3>\n<p style=\"text-align: justify;\">Autori: Alexjan Carraturo<br \/>\nEditore: Ledizioni<br \/>\nFormato: Brossura<br \/>\nPubblicato in: Dicembre 2014<br \/>\nISBN cartaceo: 9788867052691<br \/>\nPrezzo cartaceo: 14 \u20ac<\/p>\n<p><a href=\"http:\/\/www.mondadoristore.it\/Guida-introduttiva-sistemi-Alexjan-Carraturo\/eai978886705269\/?sessionToken=fuqqW8Is5mYu813b24xHlzgnb1ZJSo5U\" target=\"_blank\" rel=\"noopener\"><img decoding=\"async\" class=\"alignnone size-full wp-image-14398 aligncenter\" src=\"http:\/\/www.ledizioni.it\/stag\/wp-content\/uploads\/2012\/06\/red-podok.jpg\" alt=\"Pod MondadoriStore\" width=\"200\" height=\"82\" \/><\/a><\/p>\n<p style=\"text-align: justify;\"><em><strong>\u00a0<\/strong><\/em><\/p>","protected":false},"excerpt":{"rendered":"<p>Nel corso di questi ultimi anni \u00e8 aumentata l&#8217;esigenza di privati, imprese e pubbliche amministrazioni di interfacciarsi a sistemi server<\/p>","protected":false},"featured_media":9382,"comment_status":"open","ping_status":"closed","template":"","meta":{"_acf_changed":false},"product_brand":[],"product_cat":[430],"product_tag":[722,913],"class_list":{"0":"post-9379","1":"product","2":"type-product","3":"status-publish","4":"has-post-thumbnail","6":"product_cat-copyleft-italy","7":"product_tag-informatica-2","8":"product_tag-sistema-operativo","9":"pa_formato-cartaceo","10":"pa_lingua-italiano","12":"first","13":"instock","14":"featured","15":"shipping-taxable","16":"purchasable","17":"product-type-simple"},"acf":[],"yoast_head":"<!-- This site is optimized with the Yoast SEO plugin v27.3 - https:\/\/yoast.com\/product\/yoast-seo-wordpress\/ -->\n<title>Alexjan Carraturo, Guida introduttiva ai sistemi GNU\/Linux<\/title>\n<meta name=\"description\" content=\"Una sintetica guida, teorica e pratica, ai sistemi server e macchine workstation basate su sistemi operativi Linux.\" \/>\n<meta name=\"robots\" content=\"index, follow, max-snippet:-1, max-image-preview:large, max-video-preview:-1\" \/>\n<link rel=\"canonical\" href=\"https:\/\/www.ledizioni.it\/en\/product\/alexjan-carraturo-guida-introduttiva-ai-sistemi-gnulinux\/\" \/>\n<meta property=\"og:locale\" content=\"en_GB\" \/>\n<meta property=\"og:type\" content=\"article\" \/>\n<meta property=\"og:title\" content=\"Alexjan Carraturo, Guida introduttiva ai sistemi GNU\/Linux\" \/>\n<meta property=\"og:description\" content=\"Una sintetica guida, teorica e pratica, ai sistemi server e macchine workstation basate su sistemi operativi Linux.\" \/>\n<meta property=\"og:url\" content=\"https:\/\/www.ledizioni.it\/en\/product\/alexjan-carraturo-guida-introduttiva-ai-sistemi-gnulinux\/\" \/>\n<meta property=\"og:site_name\" content=\"Ledizioni\" \/>\n<meta property=\"article:publisher\" content=\"https:\/\/www.facebook.com\/pages\/Ledizioni-LediPublishing\/109120559173329\" \/>\n<meta property=\"article:modified_time\" content=\"2021-12-29T00:07:50+00:00\" \/>\n<meta property=\"og:image\" content=\"https:\/\/www.ledizioni.it\/stag\/wp-content\/uploads\/2014\/12\/Carraturo3D.jpg\" \/>\n\t<meta property=\"og:image:width\" content=\"1523\" \/>\n\t<meta property=\"og:image:height\" content=\"2046\" \/>\n\t<meta property=\"og:image:type\" content=\"image\/jpeg\" \/>\n<meta name=\"twitter:card\" content=\"summary_large_image\" \/>\n<meta name=\"twitter:site\" content=\"@ledizioni\" \/>\n<meta name=\"twitter:label1\" content=\"Estimated reading time\" \/>\n\t<meta name=\"twitter:data1\" content=\"1 minute\" \/>\n<script type=\"application\/ld+json\" class=\"yoast-schema-graph\">{\"@context\":\"https:\\\/\\\/schema.org\",\"@graph\":[{\"@type\":\"WebPage\",\"@id\":\"https:\\\/\\\/www.ledizioni.it\\\/prodotto\\\/alexjan-carraturo-guida-introduttiva-ai-sistemi-gnulinux\\\/\",\"url\":\"https:\\\/\\\/www.ledizioni.it\\\/prodotto\\\/alexjan-carraturo-guida-introduttiva-ai-sistemi-gnulinux\\\/\",\"name\":\"Alexjan Carraturo, Guida introduttiva ai sistemi GNU\\\/Linux\",\"isPartOf\":{\"@id\":\"https:\\\/\\\/www.ledizioni.it\\\/#website\"},\"primaryImageOfPage\":{\"@id\":\"https:\\\/\\\/www.ledizioni.it\\\/prodotto\\\/alexjan-carraturo-guida-introduttiva-ai-sistemi-gnulinux\\\/#primaryimage\"},\"image\":{\"@id\":\"https:\\\/\\\/www.ledizioni.it\\\/prodotto\\\/alexjan-carraturo-guida-introduttiva-ai-sistemi-gnulinux\\\/#primaryimage\"},\"thumbnailUrl\":\"https:\\\/\\\/www.ledizioni.it\\\/stag\\\/wp-content\\\/uploads\\\/2014\\\/12\\\/Carraturo3D.jpg\",\"datePublished\":\"2014-12-18T13:29:01+00:00\",\"dateModified\":\"2021-12-29T00:07:50+00:00\",\"description\":\"Una sintetica guida, teorica e pratica, ai sistemi server e macchine workstation basate su sistemi operativi Linux.\",\"breadcrumb\":{\"@id\":\"https:\\\/\\\/www.ledizioni.it\\\/prodotto\\\/alexjan-carraturo-guida-introduttiva-ai-sistemi-gnulinux\\\/#breadcrumb\"},\"inLanguage\":\"en-GB\",\"potentialAction\":[{\"@type\":\"ReadAction\",\"target\":[\"https:\\\/\\\/www.ledizioni.it\\\/prodotto\\\/alexjan-carraturo-guida-introduttiva-ai-sistemi-gnulinux\\\/\"]}]},{\"@type\":\"ImageObject\",\"inLanguage\":\"en-GB\",\"@id\":\"https:\\\/\\\/www.ledizioni.it\\\/prodotto\\\/alexjan-carraturo-guida-introduttiva-ai-sistemi-gnulinux\\\/#primaryimage\",\"url\":\"https:\\\/\\\/www.ledizioni.it\\\/stag\\\/wp-content\\\/uploads\\\/2014\\\/12\\\/Carraturo3D.jpg\",\"contentUrl\":\"https:\\\/\\\/www.ledizioni.it\\\/stag\\\/wp-content\\\/uploads\\\/2014\\\/12\\\/Carraturo3D.jpg\",\"width\":1523,\"height\":2046},{\"@type\":\"BreadcrumbList\",\"@id\":\"https:\\\/\\\/www.ledizioni.it\\\/prodotto\\\/alexjan-carraturo-guida-introduttiva-ai-sistemi-gnulinux\\\/#breadcrumb\",\"itemListElement\":[{\"@type\":\"ListItem\",\"position\":1,\"name\":\"Shop\",\"item\":\"https:\\\/\\\/www.ledizioni.it\\\/shop-2\\\/\"},{\"@type\":\"ListItem\",\"position\":2,\"name\":\"GUIDA INTRODUTTIVA AI SISTEMI GNU\\\/LINUX\"}]},{\"@type\":\"WebSite\",\"@id\":\"https:\\\/\\\/www.ledizioni.it\\\/#website\",\"url\":\"https:\\\/\\\/www.ledizioni.it\\\/\",\"name\":\"Ledizioni\",\"description\":\"The Innovative LediPublishing Company - Casa Editrice Universitaria\",\"publisher\":{\"@id\":\"https:\\\/\\\/www.ledizioni.it\\\/#organization\"},\"potentialAction\":[{\"@type\":\"SearchAction\",\"target\":{\"@type\":\"EntryPoint\",\"urlTemplate\":\"https:\\\/\\\/www.ledizioni.it\\\/?s={search_term_string}\"},\"query-input\":{\"@type\":\"PropertyValueSpecification\",\"valueRequired\":true,\"valueName\":\"search_term_string\"}}],\"inLanguage\":\"en-GB\"},{\"@type\":\"Organization\",\"@id\":\"https:\\\/\\\/www.ledizioni.it\\\/#organization\",\"name\":\"Ledizioni\",\"url\":\"https:\\\/\\\/www.ledizioni.it\\\/\",\"logo\":{\"@type\":\"ImageObject\",\"inLanguage\":\"en-GB\",\"@id\":\"https:\\\/\\\/www.ledizioni.it\\\/#\\\/schema\\\/logo\\\/image\\\/\",\"url\":\"https:\\\/\\\/www.ledizioni.it\\\/stag\\\/wp-content\\\/uploads\\\/2023\\\/10\\\/newlogoledizioni500x110_2-1.jpg\",\"contentUrl\":\"https:\\\/\\\/www.ledizioni.it\\\/stag\\\/wp-content\\\/uploads\\\/2023\\\/10\\\/newlogoledizioni500x110_2-1.jpg\",\"width\":354,\"height\":87,\"caption\":\"Ledizioni\"},\"image\":{\"@id\":\"https:\\\/\\\/www.ledizioni.it\\\/#\\\/schema\\\/logo\\\/image\\\/\"},\"sameAs\":[\"https:\\\/\\\/www.facebook.com\\\/pages\\\/Ledizioni-LediPublishing\\\/109120559173329\",\"https:\\\/\\\/x.com\\\/ledizioni\"]}]}<\/script>\n<!-- \/ Yoast SEO plugin. -->","yoast_head_json":{"title":"Alexjan Carraturo, Guida introduttiva ai sistemi GNU\/Linux","description":"Una sintetica guida, teorica e pratica, ai sistemi server e macchine workstation basate su sistemi operativi Linux.","robots":{"index":"index","follow":"follow","max-snippet":"max-snippet:-1","max-image-preview":"max-image-preview:large","max-video-preview":"max-video-preview:-1"},"canonical":"https:\/\/www.ledizioni.it\/en\/product\/alexjan-carraturo-guida-introduttiva-ai-sistemi-gnulinux\/","og_locale":"en_GB","og_type":"article","og_title":"Alexjan Carraturo, Guida introduttiva ai sistemi GNU\/Linux","og_description":"Una sintetica guida, teorica e pratica, ai sistemi server e macchine workstation basate su sistemi operativi Linux.","og_url":"https:\/\/www.ledizioni.it\/en\/product\/alexjan-carraturo-guida-introduttiva-ai-sistemi-gnulinux\/","og_site_name":"Ledizioni","article_publisher":"https:\/\/www.facebook.com\/pages\/Ledizioni-LediPublishing\/109120559173329","article_modified_time":"2021-12-29T00:07:50+00:00","og_image":[{"width":1523,"height":2046,"url":"https:\/\/www.ledizioni.it\/stag\/wp-content\/uploads\/2014\/12\/Carraturo3D.jpg","type":"image\/jpeg"}],"twitter_card":"summary_large_image","twitter_site":"@ledizioni","twitter_misc":{"Estimated reading time":"1 minute"},"schema":{"@context":"https:\/\/schema.org","@graph":[{"@type":"WebPage","@id":"https:\/\/www.ledizioni.it\/prodotto\/alexjan-carraturo-guida-introduttiva-ai-sistemi-gnulinux\/","url":"https:\/\/www.ledizioni.it\/prodotto\/alexjan-carraturo-guida-introduttiva-ai-sistemi-gnulinux\/","name":"Alexjan Carraturo, Guida introduttiva ai sistemi GNU\/Linux","isPartOf":{"@id":"https:\/\/www.ledizioni.it\/#website"},"primaryImageOfPage":{"@id":"https:\/\/www.ledizioni.it\/prodotto\/alexjan-carraturo-guida-introduttiva-ai-sistemi-gnulinux\/#primaryimage"},"image":{"@id":"https:\/\/www.ledizioni.it\/prodotto\/alexjan-carraturo-guida-introduttiva-ai-sistemi-gnulinux\/#primaryimage"},"thumbnailUrl":"https:\/\/www.ledizioni.it\/stag\/wp-content\/uploads\/2014\/12\/Carraturo3D.jpg","datePublished":"2014-12-18T13:29:01+00:00","dateModified":"2021-12-29T00:07:50+00:00","description":"Una sintetica guida, teorica e pratica, ai sistemi server e macchine workstation basate su sistemi operativi Linux.","breadcrumb":{"@id":"https:\/\/www.ledizioni.it\/prodotto\/alexjan-carraturo-guida-introduttiva-ai-sistemi-gnulinux\/#breadcrumb"},"inLanguage":"en-GB","potentialAction":[{"@type":"ReadAction","target":["https:\/\/www.ledizioni.it\/prodotto\/alexjan-carraturo-guida-introduttiva-ai-sistemi-gnulinux\/"]}]},{"@type":"ImageObject","inLanguage":"en-GB","@id":"https:\/\/www.ledizioni.it\/prodotto\/alexjan-carraturo-guida-introduttiva-ai-sistemi-gnulinux\/#primaryimage","url":"https:\/\/www.ledizioni.it\/stag\/wp-content\/uploads\/2014\/12\/Carraturo3D.jpg","contentUrl":"https:\/\/www.ledizioni.it\/stag\/wp-content\/uploads\/2014\/12\/Carraturo3D.jpg","width":1523,"height":2046},{"@type":"BreadcrumbList","@id":"https:\/\/www.ledizioni.it\/prodotto\/alexjan-carraturo-guida-introduttiva-ai-sistemi-gnulinux\/#breadcrumb","itemListElement":[{"@type":"ListItem","position":1,"name":"Shop","item":"https:\/\/www.ledizioni.it\/shop-2\/"},{"@type":"ListItem","position":2,"name":"GUIDA INTRODUTTIVA AI SISTEMI GNU\/LINUX"}]},{"@type":"WebSite","@id":"https:\/\/www.ledizioni.it\/#website","url":"https:\/\/www.ledizioni.it\/","name":"Ledizioni","description":"The Innovative LediPublishing Company - Casa Editrice Universitaria","publisher":{"@id":"https:\/\/www.ledizioni.it\/#organization"},"potentialAction":[{"@type":"SearchAction","target":{"@type":"EntryPoint","urlTemplate":"https:\/\/www.ledizioni.it\/?s={search_term_string}"},"query-input":{"@type":"PropertyValueSpecification","valueRequired":true,"valueName":"search_term_string"}}],"inLanguage":"en-GB"},{"@type":"Organization","@id":"https:\/\/www.ledizioni.it\/#organization","name":"Ledizioni","url":"https:\/\/www.ledizioni.it\/","logo":{"@type":"ImageObject","inLanguage":"en-GB","@id":"https:\/\/www.ledizioni.it\/#\/schema\/logo\/image\/","url":"https:\/\/www.ledizioni.it\/stag\/wp-content\/uploads\/2023\/10\/newlogoledizioni500x110_2-1.jpg","contentUrl":"https:\/\/www.ledizioni.it\/stag\/wp-content\/uploads\/2023\/10\/newlogoledizioni500x110_2-1.jpg","width":354,"height":87,"caption":"Ledizioni"},"image":{"@id":"https:\/\/www.ledizioni.it\/#\/schema\/logo\/image\/"},"sameAs":["https:\/\/www.facebook.com\/pages\/Ledizioni-LediPublishing\/109120559173329","https:\/\/x.com\/ledizioni"]}]}},"jetpack_sharing_enabled":true,"_links":{"self":[{"href":"https:\/\/www.ledizioni.it\/en\/wp-json\/wp\/v2\/product\/9379","targetHints":{"allow":["GET"]}}],"collection":[{"href":"https:\/\/www.ledizioni.it\/en\/wp-json\/wp\/v2\/product"}],"about":[{"href":"https:\/\/www.ledizioni.it\/en\/wp-json\/wp\/v2\/types\/product"}],"replies":[{"embeddable":true,"href":"https:\/\/www.ledizioni.it\/en\/wp-json\/wp\/v2\/comments?post=9379"}],"version-history":[{"count":1,"href":"https:\/\/www.ledizioni.it\/en\/wp-json\/wp\/v2\/product\/9379\/revisions"}],"predecessor-version":[{"id":21612,"href":"https:\/\/www.ledizioni.it\/en\/wp-json\/wp\/v2\/product\/9379\/revisions\/21612"}],"wp:featuredmedia":[{"embeddable":true,"href":"https:\/\/www.ledizioni.it\/en\/wp-json\/wp\/v2\/media\/9382"}],"wp:attachment":[{"href":"https:\/\/www.ledizioni.it\/en\/wp-json\/wp\/v2\/media?parent=9379"}],"wp:term":[{"taxonomy":"product_brand","embeddable":true,"href":"https:\/\/www.ledizioni.it\/en\/wp-json\/wp\/v2\/product_brand?post=9379"},{"taxonomy":"product_cat","embeddable":true,"href":"https:\/\/www.ledizioni.it\/en\/wp-json\/wp\/v2\/product_cat?post=9379"},{"taxonomy":"product_tag","embeddable":true,"href":"https:\/\/www.ledizioni.it\/en\/wp-json\/wp\/v2\/product_tag?post=9379"}],"curies":[{"name":"wp","href":"https:\/\/api.w.org\/{rel}","templated":true}]}}