{"id":9383,"date":"2014-12-18T13:51:01","date_gmt":"2014-12-18T13:51:01","guid":{"rendered":"http:\/\/www.ledizioni.it\/prodotto\/gabriele-falistocco-marco-giacomello-fiorenzo-pilla-io-digitale\/"},"modified":"2021-07-12T17:04:38","modified_gmt":"2021-07-12T15:04:38","slug":"gabriele-falistocco-marco-giacomello-fiorenzo-pilla-io-digitale","status":"publish","type":"product","link":"https:\/\/www.ledizioni.it\/en\/product\/gabriele-falistocco-marco-giacomello-fiorenzo-pilla-io-digitale\/","title":{"rendered":"IO DIGITALE"},"content":{"rendered":"<p>[amazon_link asins=&#8217;8867052705&#8242; template=&#8217;PriceLink1&#8242; store=&#8217;ledizioni-21&#8242; marketplace=&#8217;IT&#8217; link_id=&#8217;0258783e-cad4-11e8-bcfb-735d9d49c276&#8242;]<\/p>\n<p style=\"text-align: justify;\">Quale influenza esercita l&#8217;universo digitale sulla nostra vita quotidiana? Come pu\u00f2 un algoritmo di ricerca decidere, al nostro posto, ci\u00f2 che desideriamo o non desideriamo conoscere? Cos&#8217;\u00e8 il diritto all&#8217;oblio?<br \/>\nSono solo alcune delle domande a cui questo libro prova a fornire una risposta esauriente e, al tempo stesso, accessibile.<br \/>\nBasandosi su un attento lavoro di analisi e ricerca, gli autori esaminano i differenti aspetti che contribuiscono a comporre l&#8217;identit\u00e0 digitale, il riflesso grazie al quale ciascuno di noi assume autonomia e forma nel contesto immateriale della rete.<\/p>\n<h3 style=\"text-align: justify;\"><strong><span style=\"color: #000000;\">DATI BIBLIOGRAFICI<\/span><\/strong><\/h3>\n<p style=\"text-align: justify;\">Autori: Gabriele Falistocco, Marco Giacomello, Fiorenzo Pilla<br \/>\nEditore: Ledizioni<br \/>\nFormato: Brossura<br \/>\nPubblicato in: Dicembre 2014<br \/>\nISBN: 9788867052707 (cartaceo)\/ 9788867052714 (ePub)<br \/>\nPrezzo: 12 \u20ac (cartaceo)\/ 2.99 \u20ac (ePub)<\/p>\n<p><a href=\"http:\/\/www.mondadoristore.it\/Io-digitale-Fiorenzo-Pilla-Gabriele-Falistocco-Marco-Giacomello\/eai978886705270\/?sessionToken=vsLhyoE0m9nRT7bCry8Ztx7S6RB4g89x\" target=\"_blank\" rel=\"noopener\"><img decoding=\"async\" class=\"alignnone size-full wp-image-14398 aligncenter\" src=\"http:\/\/www.ledizioni.it\/stag\/wp-content\/uploads\/2012\/06\/red-podok.jpg\" alt=\"Pod MondadoriStore\" width=\"200\" height=\"82\" \/><\/a><\/p>\n<p style=\"text-align: justify;\"><em><strong>\u00a0<\/strong><\/em><\/p>","protected":false},"excerpt":{"rendered":"<p>[amazon_link asins=&#8217;8867052705&#8242; template=&#8217;PriceLink1&#8242; store=&#8217;ledizioni-21&#8242; marketplace=&#8217;IT&#8217; link_id=&#8217;0258783e-cad4-11e8-bcfb-735d9d49c276&#8242;] Quale influenza esercita l&#8217;universo digitale sulla nostra vita quotidiana? Come pu\u00f2 un algoritmo di<\/p>","protected":false},"featured_media":9386,"comment_status":"open","ping_status":"closed","template":"","meta":{"_acf_changed":false},"product_brand":[],"product_cat":[392],"product_tag":[805,2519,722,2517,916,853],"class_list":{"0":"post-9383","1":"product","2":"type-product","3":"status-publish","4":"has-post-thumbnail","6":"product_cat-technology-and-society","7":"product_tag-digitale-2","8":"product_tag-identita-digitale","9":"product_tag-informatica-2","10":"product_tag-nativi-digitali","11":"product_tag-internet","12":"product_tag-social-media","13":"pa_formato-cartaceo","14":"pa_formato-ebook-in-epub","15":"pa_lingua-italiano","17":"first","18":"instock","19":"featured","20":"shipping-taxable","21":"purchasable","22":"product-type-variable"},"acf":[],"yoast_head":"<!-- This site is optimized with the Yoast SEO plugin v27.3 - https:\/\/yoast.com\/product\/yoast-seo-wordpress\/ -->\n<title>IO DIGITALE<\/title>\n<meta name=\"description\" content=\"Una guida sui rapporti tra l&#039;individuo e il mondo digitale: i comportamenti e le scelte che danno forma al proprio io nel contesto immateriale.\" \/>\n<meta name=\"robots\" content=\"index, follow, max-snippet:-1, max-image-preview:large, max-video-preview:-1\" \/>\n<link rel=\"canonical\" href=\"https:\/\/www.ledizioni.it\/en\/product\/gabriele-falistocco-marco-giacomello-fiorenzo-pilla-io-digitale\/\" \/>\n<meta property=\"og:locale\" content=\"en_GB\" \/>\n<meta property=\"og:type\" content=\"article\" \/>\n<meta property=\"og:title\" content=\"IO DIGITALE\" \/>\n<meta property=\"og:description\" content=\"Una guida sui rapporti tra l&#039;individuo e il mondo digitale: i comportamenti e le scelte che danno forma al proprio io nel contesto immateriale.\" \/>\n<meta property=\"og:url\" content=\"https:\/\/www.ledizioni.it\/en\/product\/gabriele-falistocco-marco-giacomello-fiorenzo-pilla-io-digitale\/\" \/>\n<meta property=\"og:site_name\" content=\"Ledizioni\" \/>\n<meta property=\"article:publisher\" content=\"https:\/\/www.facebook.com\/pages\/Ledizioni-LediPublishing\/109120559173329\" \/>\n<meta property=\"article:modified_time\" content=\"2021-07-12T15:04:38+00:00\" \/>\n<meta property=\"og:image\" content=\"https:\/\/www.ledizioni.it\/stag\/wp-content\/uploads\/2014\/12\/Libro3D.jpg\" \/>\n\t<meta property=\"og:image:width\" content=\"1498\" \/>\n\t<meta property=\"og:image:height\" content=\"1950\" \/>\n\t<meta property=\"og:image:type\" content=\"image\/jpeg\" \/>\n<meta name=\"twitter:card\" content=\"summary_large_image\" \/>\n<meta name=\"twitter:site\" content=\"@ledizioni\" \/>\n<meta name=\"twitter:label1\" content=\"Estimated reading time\" \/>\n\t<meta name=\"twitter:data1\" content=\"1 minute\" \/>\n<script type=\"application\/ld+json\" class=\"yoast-schema-graph\">{\"@context\":\"https:\\\/\\\/schema.org\",\"@graph\":[{\"@type\":\"WebPage\",\"@id\":\"https:\\\/\\\/www.ledizioni.it\\\/en\\\/product\\\/gabriele-falistocco-marco-giacomello-fiorenzo-pilla-io-digitale\\\/\",\"url\":\"https:\\\/\\\/www.ledizioni.it\\\/en\\\/product\\\/gabriele-falistocco-marco-giacomello-fiorenzo-pilla-io-digitale\\\/\",\"name\":\"IO DIGITALE\",\"isPartOf\":{\"@id\":\"https:\\\/\\\/www.ledizioni.it\\\/#website\"},\"primaryImageOfPage\":{\"@id\":\"https:\\\/\\\/www.ledizioni.it\\\/en\\\/product\\\/gabriele-falistocco-marco-giacomello-fiorenzo-pilla-io-digitale\\\/#primaryimage\"},\"image\":{\"@id\":\"https:\\\/\\\/www.ledizioni.it\\\/en\\\/product\\\/gabriele-falistocco-marco-giacomello-fiorenzo-pilla-io-digitale\\\/#primaryimage\"},\"thumbnailUrl\":\"https:\\\/\\\/www.ledizioni.it\\\/stag\\\/wp-content\\\/uploads\\\/2014\\\/12\\\/Libro3D.jpg\",\"datePublished\":\"2014-12-18T13:51:01+00:00\",\"dateModified\":\"2021-07-12T15:04:38+00:00\",\"description\":\"Una guida sui rapporti tra l'individuo e il mondo digitale: i comportamenti e le scelte che danno forma al proprio io nel contesto immateriale.\",\"breadcrumb\":{\"@id\":\"https:\\\/\\\/www.ledizioni.it\\\/en\\\/product\\\/gabriele-falistocco-marco-giacomello-fiorenzo-pilla-io-digitale\\\/#breadcrumb\"},\"inLanguage\":\"en-GB\",\"potentialAction\":[{\"@type\":\"ReadAction\",\"target\":[\"https:\\\/\\\/www.ledizioni.it\\\/en\\\/product\\\/gabriele-falistocco-marco-giacomello-fiorenzo-pilla-io-digitale\\\/\"]}]},{\"@type\":\"ImageObject\",\"inLanguage\":\"en-GB\",\"@id\":\"https:\\\/\\\/www.ledizioni.it\\\/en\\\/product\\\/gabriele-falistocco-marco-giacomello-fiorenzo-pilla-io-digitale\\\/#primaryimage\",\"url\":\"https:\\\/\\\/www.ledizioni.it\\\/stag\\\/wp-content\\\/uploads\\\/2014\\\/12\\\/Libro3D.jpg\",\"contentUrl\":\"https:\\\/\\\/www.ledizioni.it\\\/stag\\\/wp-content\\\/uploads\\\/2014\\\/12\\\/Libro3D.jpg\",\"width\":1498,\"height\":1950},{\"@type\":\"BreadcrumbList\",\"@id\":\"https:\\\/\\\/www.ledizioni.it\\\/en\\\/product\\\/gabriele-falistocco-marco-giacomello-fiorenzo-pilla-io-digitale\\\/#breadcrumb\",\"itemListElement\":[{\"@type\":\"ListItem\",\"position\":1,\"name\":\"Shop\",\"item\":\"https:\\\/\\\/www.ledizioni.it\\\/shop-2\\\/\"},{\"@type\":\"ListItem\",\"position\":2,\"name\":\"IO DIGITALE\"}]},{\"@type\":\"WebSite\",\"@id\":\"https:\\\/\\\/www.ledizioni.it\\\/#website\",\"url\":\"https:\\\/\\\/www.ledizioni.it\\\/\",\"name\":\"Ledizioni\",\"description\":\"The Innovative LediPublishing Company - Casa Editrice Universitaria\",\"publisher\":{\"@id\":\"https:\\\/\\\/www.ledizioni.it\\\/#organization\"},\"potentialAction\":[{\"@type\":\"SearchAction\",\"target\":{\"@type\":\"EntryPoint\",\"urlTemplate\":\"https:\\\/\\\/www.ledizioni.it\\\/?s={search_term_string}\"},\"query-input\":{\"@type\":\"PropertyValueSpecification\",\"valueRequired\":true,\"valueName\":\"search_term_string\"}}],\"inLanguage\":\"en-GB\"},{\"@type\":\"Organization\",\"@id\":\"https:\\\/\\\/www.ledizioni.it\\\/#organization\",\"name\":\"Ledizioni\",\"url\":\"https:\\\/\\\/www.ledizioni.it\\\/\",\"logo\":{\"@type\":\"ImageObject\",\"inLanguage\":\"en-GB\",\"@id\":\"https:\\\/\\\/www.ledizioni.it\\\/#\\\/schema\\\/logo\\\/image\\\/\",\"url\":\"https:\\\/\\\/www.ledizioni.it\\\/stag\\\/wp-content\\\/uploads\\\/2023\\\/10\\\/newlogoledizioni500x110_2-1.jpg\",\"contentUrl\":\"https:\\\/\\\/www.ledizioni.it\\\/stag\\\/wp-content\\\/uploads\\\/2023\\\/10\\\/newlogoledizioni500x110_2-1.jpg\",\"width\":354,\"height\":87,\"caption\":\"Ledizioni\"},\"image\":{\"@id\":\"https:\\\/\\\/www.ledizioni.it\\\/#\\\/schema\\\/logo\\\/image\\\/\"},\"sameAs\":[\"https:\\\/\\\/www.facebook.com\\\/pages\\\/Ledizioni-LediPublishing\\\/109120559173329\",\"https:\\\/\\\/x.com\\\/ledizioni\"]}]}<\/script>\n<!-- \/ Yoast SEO plugin. -->","yoast_head_json":{"title":"IO DIGITALE","description":"Una guida sui rapporti tra l'individuo e il mondo digitale: i comportamenti e le scelte che danno forma al proprio io nel contesto immateriale.","robots":{"index":"index","follow":"follow","max-snippet":"max-snippet:-1","max-image-preview":"max-image-preview:large","max-video-preview":"max-video-preview:-1"},"canonical":"https:\/\/www.ledizioni.it\/en\/product\/gabriele-falistocco-marco-giacomello-fiorenzo-pilla-io-digitale\/","og_locale":"en_GB","og_type":"article","og_title":"IO DIGITALE","og_description":"Una guida sui rapporti tra l'individuo e il mondo digitale: i comportamenti e le scelte che danno forma al proprio io nel contesto immateriale.","og_url":"https:\/\/www.ledizioni.it\/en\/product\/gabriele-falistocco-marco-giacomello-fiorenzo-pilla-io-digitale\/","og_site_name":"Ledizioni","article_publisher":"https:\/\/www.facebook.com\/pages\/Ledizioni-LediPublishing\/109120559173329","article_modified_time":"2021-07-12T15:04:38+00:00","og_image":[{"width":1498,"height":1950,"url":"https:\/\/www.ledizioni.it\/stag\/wp-content\/uploads\/2014\/12\/Libro3D.jpg","type":"image\/jpeg"}],"twitter_card":"summary_large_image","twitter_site":"@ledizioni","twitter_misc":{"Estimated reading time":"1 minute"},"schema":{"@context":"https:\/\/schema.org","@graph":[{"@type":"WebPage","@id":"https:\/\/www.ledizioni.it\/en\/product\/gabriele-falistocco-marco-giacomello-fiorenzo-pilla-io-digitale\/","url":"https:\/\/www.ledizioni.it\/en\/product\/gabriele-falistocco-marco-giacomello-fiorenzo-pilla-io-digitale\/","name":"IO DIGITALE","isPartOf":{"@id":"https:\/\/www.ledizioni.it\/#website"},"primaryImageOfPage":{"@id":"https:\/\/www.ledizioni.it\/en\/product\/gabriele-falistocco-marco-giacomello-fiorenzo-pilla-io-digitale\/#primaryimage"},"image":{"@id":"https:\/\/www.ledizioni.it\/en\/product\/gabriele-falistocco-marco-giacomello-fiorenzo-pilla-io-digitale\/#primaryimage"},"thumbnailUrl":"https:\/\/www.ledizioni.it\/stag\/wp-content\/uploads\/2014\/12\/Libro3D.jpg","datePublished":"2014-12-18T13:51:01+00:00","dateModified":"2021-07-12T15:04:38+00:00","description":"Una guida sui rapporti tra l'individuo e il mondo digitale: i comportamenti e le scelte che danno forma al proprio io nel contesto immateriale.","breadcrumb":{"@id":"https:\/\/www.ledizioni.it\/en\/product\/gabriele-falistocco-marco-giacomello-fiorenzo-pilla-io-digitale\/#breadcrumb"},"inLanguage":"en-GB","potentialAction":[{"@type":"ReadAction","target":["https:\/\/www.ledizioni.it\/en\/product\/gabriele-falistocco-marco-giacomello-fiorenzo-pilla-io-digitale\/"]}]},{"@type":"ImageObject","inLanguage":"en-GB","@id":"https:\/\/www.ledizioni.it\/en\/product\/gabriele-falistocco-marco-giacomello-fiorenzo-pilla-io-digitale\/#primaryimage","url":"https:\/\/www.ledizioni.it\/stag\/wp-content\/uploads\/2014\/12\/Libro3D.jpg","contentUrl":"https:\/\/www.ledizioni.it\/stag\/wp-content\/uploads\/2014\/12\/Libro3D.jpg","width":1498,"height":1950},{"@type":"BreadcrumbList","@id":"https:\/\/www.ledizioni.it\/en\/product\/gabriele-falistocco-marco-giacomello-fiorenzo-pilla-io-digitale\/#breadcrumb","itemListElement":[{"@type":"ListItem","position":1,"name":"Shop","item":"https:\/\/www.ledizioni.it\/shop-2\/"},{"@type":"ListItem","position":2,"name":"IO DIGITALE"}]},{"@type":"WebSite","@id":"https:\/\/www.ledizioni.it\/#website","url":"https:\/\/www.ledizioni.it\/","name":"Ledizioni","description":"The Innovative LediPublishing Company - Casa Editrice Universitaria","publisher":{"@id":"https:\/\/www.ledizioni.it\/#organization"},"potentialAction":[{"@type":"SearchAction","target":{"@type":"EntryPoint","urlTemplate":"https:\/\/www.ledizioni.it\/?s={search_term_string}"},"query-input":{"@type":"PropertyValueSpecification","valueRequired":true,"valueName":"search_term_string"}}],"inLanguage":"en-GB"},{"@type":"Organization","@id":"https:\/\/www.ledizioni.it\/#organization","name":"Ledizioni","url":"https:\/\/www.ledizioni.it\/","logo":{"@type":"ImageObject","inLanguage":"en-GB","@id":"https:\/\/www.ledizioni.it\/#\/schema\/logo\/image\/","url":"https:\/\/www.ledizioni.it\/stag\/wp-content\/uploads\/2023\/10\/newlogoledizioni500x110_2-1.jpg","contentUrl":"https:\/\/www.ledizioni.it\/stag\/wp-content\/uploads\/2023\/10\/newlogoledizioni500x110_2-1.jpg","width":354,"height":87,"caption":"Ledizioni"},"image":{"@id":"https:\/\/www.ledizioni.it\/#\/schema\/logo\/image\/"},"sameAs":["https:\/\/www.facebook.com\/pages\/Ledizioni-LediPublishing\/109120559173329","https:\/\/x.com\/ledizioni"]}]}},"jetpack_sharing_enabled":true,"_links":{"self":[{"href":"https:\/\/www.ledizioni.it\/en\/wp-json\/wp\/v2\/product\/9383","targetHints":{"allow":["GET"]}}],"collection":[{"href":"https:\/\/www.ledizioni.it\/en\/wp-json\/wp\/v2\/product"}],"about":[{"href":"https:\/\/www.ledizioni.it\/en\/wp-json\/wp\/v2\/types\/product"}],"replies":[{"embeddable":true,"href":"https:\/\/www.ledizioni.it\/en\/wp-json\/wp\/v2\/comments?post=9383"}],"version-history":[{"count":1,"href":"https:\/\/www.ledizioni.it\/en\/wp-json\/wp\/v2\/product\/9383\/revisions"}],"predecessor-version":[{"id":9390,"href":"https:\/\/www.ledizioni.it\/en\/wp-json\/wp\/v2\/product\/9383\/revisions\/9390"}],"wp:featuredmedia":[{"embeddable":true,"href":"https:\/\/www.ledizioni.it\/en\/wp-json\/wp\/v2\/media\/9386"}],"wp:attachment":[{"href":"https:\/\/www.ledizioni.it\/en\/wp-json\/wp\/v2\/media?parent=9383"}],"wp:term":[{"taxonomy":"product_brand","embeddable":true,"href":"https:\/\/www.ledizioni.it\/en\/wp-json\/wp\/v2\/product_brand?post=9383"},{"taxonomy":"product_cat","embeddable":true,"href":"https:\/\/www.ledizioni.it\/en\/wp-json\/wp\/v2\/product_cat?post=9383"},{"taxonomy":"product_tag","embeddable":true,"href":"https:\/\/www.ledizioni.it\/en\/wp-json\/wp\/v2\/product_tag?post=9383"}],"curies":[{"name":"wp","href":"https:\/\/api.w.org\/{rel}","templated":true}]}}