{"id":93845,"date":"2026-03-16T00:00:00","date_gmt":"2026-03-15T22:00:00","guid":{"rendered":"https:\/\/www.ledizioni.it\/?post_type=product&#038;p=93845"},"modified":"2026-03-19T11:24:28","modified_gmt":"2026-03-19T09:24:28","slug":"una-conversazione-letteraria-in-forma-di-repubblica-crescimbeni-e-la-prima-arcadia","status":"publish","type":"product","link":"https:\/\/www.ledizioni.it\/en\/product\/una-conversazione-letteraria-in-forma-di-repubblica-crescimbeni-e-la-prima-arcadia\/","title":{"rendered":"\u00abUNA CONVERSAZIONE LETTERARIA  IN FORMA DI REPUBBLICA\u00bb: CRESCIMBENI E LA PRIMA ARCADIA"},"content":{"rendered":"<div data-elementor-type=\"product-post\" data-elementor-id=\"93845\" class=\"elementor elementor-93845\" data-elementor-post-type=\"product\">\n\t\t\t\t\t\t<section class=\"elementor-section elementor-top-section elementor-element elementor-element-643f05ee elementor-section-boxed elementor-section-height-default elementor-section-height-default wd-section-disabled\" data-id=\"643f05ee\" data-element_type=\"section\" data-e-type=\"section\">\n\t\t\t\t\t\t<div class=\"elementor-container elementor-column-gap-default\">\n\t\t\t\t\t<div class=\"elementor-column elementor-col-100 elementor-top-column elementor-element elementor-element-38793877\" data-id=\"38793877\" data-element_type=\"column\" data-e-type=\"column\">\n\t\t\t<div class=\"elementor-widget-wrap elementor-element-populated\">\n\t\t\t\t\t\t<div class=\"elementor-element elementor-element-75b05f63 color-scheme-inherit text-left elementor-widget elementor-widget-text-editor\" data-id=\"75b05f63\" data-element_type=\"widget\" data-e-type=\"widget\" data-widget_type=\"text-editor.default\">\n\t\t\t\t<div class=\"elementor-widget-container\">\n\t\t\t\t\t\t\t\t\t<p>Il volume indaga attraverso quali azioni e strategie il primo Custode, Giovan Mario Crescimbeni, ha reso l&#8217;Arcadia, che guid\u00f2 dal 1690 fino alla morte avvenuta nel 1728, un\u2019istituzione in grado di dominare la vita culturale italiana per decenni, fino al termine dell\u2019<em>Ancien R\u00e9gime<\/em>. L\u2019arco temporale del primo custodiato coincide con gli anni cosiddetti della &#8220;crisi della coscienza europea&#8221;, che mise in discussione verit\u00e0 consolidate, investendo inevitabilmente anche Roma e il potere ecclesiastico. La <em>\u00abConversazione letteraria in forma di Repubblica\u00bb<\/em> avviata a Roma nel 1690 fu una delle risposte di maggior successo tramite le quali la cultura dello Stato della Chiesa transit\u00f2 nel nuovo secolo e reag\u00ec alle sue prospettive rivoluzionarie, in parte includendole in una struttura molto pi\u00f9 versatile e aperta di quello che ci si potrebbe aspettare da un\u2019accademia nata nell\u2019ultimo decennio del secolo XVII, totalmente consacrata all\u2019attivit\u00e0 poetica e letteraria.<\/p><p><strong>DATI BIBLIOGRAFICI<\/strong><br \/>Autore: Silvia Tatti<br \/>Editore: Ledizioni<br \/>Pubblicato nel: marzo 2026<br \/>Formato: brossura, 182 p. \u2013 ePub \u2013 PDF in OA<br \/>ISBN cartaceo: 9791256006458<br \/>ISBN ePub: 9791256006465<br \/>ISBN PDF Open Access: 9791256006472<br \/>Prezzo cartaceo: 18,00 \u20ac<br \/>Prezzo ePub: 8,99 \u20ac<\/p>\t\t\t\t\t\t\t\t<\/div>\n\t\t\t\t<\/div>\n\t\t\t\t\t<\/div>\n\t\t<\/div>\n\t\t\t\t\t<\/div>\n\t\t<\/section>\n\t\t\t\t<section class=\"elementor-section elementor-top-section elementor-element elementor-element-ead1a8e elementor-section-boxed elementor-section-height-default elementor-section-height-default wd-section-disabled\" data-id=\"ead1a8e\" data-element_type=\"section\" data-e-type=\"section\">\n\t\t\t\t\t\t<div class=\"elementor-container elementor-column-gap-default\">\n\t\t\t\t\t<div class=\"elementor-column elementor-col-100 elementor-top-column elementor-element elementor-element-cd275c8\" data-id=\"cd275c8\" data-element_type=\"column\" data-e-type=\"column\">\n\t\t\t<div class=\"elementor-widget-wrap elementor-element-populated\">\n\t\t\t\t\t\t<div class=\"elementor-element elementor-element-4c0eda5 elementor-align-center elementor-widget elementor-widget-button\" data-id=\"4c0eda5\" data-element_type=\"widget\" data-e-type=\"widget\" data-widget_type=\"button.default\">\n\t\t\t\t<div class=\"elementor-widget-container\">\n\t\t\t\t\t\t\t\t\t<div class=\"elementor-button-wrapper\">\n\t\t\t\t\t<a class=\"elementor-button elementor-button-link elementor-size-sm\" href=\"https:\/\/www.ledizioni.it\/en\/download\/93878\/\">\n\t\t\t\t\t\t<span class=\"elementor-button-content-wrapper\">\n\t\t\t\t\t\t\t\t\t<span class=\"elementor-button-text\">Scarica il PDF Open Access<\/span>\n\t\t\t\t\t<\/span>\n\t\t\t\t\t<\/a>\n\t\t\t\t<\/div>\n\t\t\t\t\t\t\t\t<\/div>\n\t\t\t\t<\/div>\n\t\t\t\t\t<\/div>\n\t\t<\/div>\n\t\t\t\t\t<\/div>\n\t\t<\/section>\n\t\t\t\t<\/div>","protected":false},"excerpt":{"rendered":"<p>Il volume indaga attraverso quali azioni e strategie il primo Custode, Giovan Mario Crescimbeni, ha reso l&#8217;Arcadia, che guid\u00f2 dal<\/p>","protected":false},"featured_media":94076,"comment_status":"closed","ping_status":"closed","template":"","meta":{"_acf_changed":false},"product_brand":[],"product_cat":[2459],"product_tag":[],"class_list":{"0":"post-93845","1":"product","2":"type-product","3":"status-publish","4":"has-post-thumbnail","6":"product_cat-umanistici","7":"pa_formato-cartaceo","8":"pa_formato-ebook-in-epub","9":"pa_formato-ebook-in-pdf","11":"first","12":"instock","13":"featured","14":"shipping-taxable","15":"purchasable","16":"product-type-variable"},"acf":[],"yoast_head":"<!-- This site is optimized with the Yoast SEO plugin v27.3 - https:\/\/yoast.com\/product\/yoast-seo-wordpress\/ -->\n<title>\u00abUNA CONVERSAZIONE LETTERARIA IN FORMA DI REPUBBLICA\u00bb: CRESCIMBENI E LA PRIMA ARCADIA -<\/title>\n<meta name=\"description\" content=\"Ledizioni - Innovative Publishing. Casa editrice universitaria. Open Access. eBook, ePub. Creative Commons.\" \/>\n<meta name=\"robots\" content=\"index, follow, max-snippet:-1, max-image-preview:large, max-video-preview:-1\" \/>\n<link rel=\"canonical\" href=\"https:\/\/www.ledizioni.it\/en\/product\/una-conversazione-letteraria-in-forma-di-repubblica-crescimbeni-e-la-prima-arcadia\/\" \/>\n<meta property=\"og:locale\" content=\"en_GB\" \/>\n<meta property=\"og:type\" content=\"article\" \/>\n<meta property=\"og:title\" content=\"\u00abUNA CONVERSAZIONE LETTERARIA IN FORMA DI REPUBBLICA\u00bb: CRESCIMBENI E LA PRIMA ARCADIA -\" \/>\n<meta property=\"og:description\" content=\"Ledizioni - Innovative Publishing. Casa editrice universitaria. Open Access. eBook, ePub. Creative Commons.\" \/>\n<meta property=\"og:url\" content=\"https:\/\/www.ledizioni.it\/en\/product\/una-conversazione-letteraria-in-forma-di-repubblica-crescimbeni-e-la-prima-arcadia\/\" \/>\n<meta property=\"og:site_name\" content=\"Ledizioni\" \/>\n<meta property=\"article:publisher\" content=\"https:\/\/www.facebook.com\/pages\/Ledizioni-LediPublishing\/109120559173329\" \/>\n<meta property=\"article:modified_time\" content=\"2026-03-19T09:24:28+00:00\" \/>\n<meta property=\"og:image\" content=\"https:\/\/www.ledizioni.it\/stag\/wp-content\/uploads\/2026\/04\/Tatti_ConversazoneLetteraria_Copertina_3D.jpg\" \/>\n\t<meta property=\"og:image:width\" content=\"1546\" \/>\n\t<meta property=\"og:image:height\" content=\"1998\" \/>\n\t<meta property=\"og:image:type\" content=\"image\/jpeg\" \/>\n<meta name=\"twitter:card\" content=\"summary_large_image\" \/>\n<meta name=\"twitter:site\" content=\"@ledizioni\" \/>\n<meta name=\"twitter:label1\" content=\"Estimated reading time\" \/>\n\t<meta name=\"twitter:data1\" content=\"2 minutes\" \/>\n<script type=\"application\/ld+json\" class=\"yoast-schema-graph\">{\"@context\":\"https:\\\/\\\/schema.org\",\"@graph\":[{\"@type\":\"WebPage\",\"@id\":\"https:\\\/\\\/www.ledizioni.it\\\/prodotto\\\/una-conversazione-letteraria-in-forma-di-repubblica-crescimbeni-e-la-prima-arcadia\\\/\",\"url\":\"https:\\\/\\\/www.ledizioni.it\\\/prodotto\\\/una-conversazione-letteraria-in-forma-di-repubblica-crescimbeni-e-la-prima-arcadia\\\/\",\"name\":\"\u00abUNA CONVERSAZIONE LETTERARIA IN FORMA DI REPUBBLICA\u00bb: CRESCIMBENI E LA PRIMA ARCADIA -\",\"isPartOf\":{\"@id\":\"https:\\\/\\\/www.ledizioni.it\\\/#website\"},\"primaryImageOfPage\":{\"@id\":\"https:\\\/\\\/www.ledizioni.it\\\/prodotto\\\/una-conversazione-letteraria-in-forma-di-repubblica-crescimbeni-e-la-prima-arcadia\\\/#primaryimage\"},\"image\":{\"@id\":\"https:\\\/\\\/www.ledizioni.it\\\/prodotto\\\/una-conversazione-letteraria-in-forma-di-repubblica-crescimbeni-e-la-prima-arcadia\\\/#primaryimage\"},\"thumbnailUrl\":\"https:\\\/\\\/www.ledizioni.it\\\/stag\\\/wp-content\\\/uploads\\\/2026\\\/04\\\/Tatti_ConversazoneLetteraria_Copertina_3D.jpg\",\"datePublished\":\"2026-03-15T22:00:00+00:00\",\"dateModified\":\"2026-03-19T09:24:28+00:00\",\"description\":\"Ledizioni - Innovative Publishing. Casa editrice universitaria. Open Access. eBook, ePub. Creative Commons.\",\"breadcrumb\":{\"@id\":\"https:\\\/\\\/www.ledizioni.it\\\/prodotto\\\/una-conversazione-letteraria-in-forma-di-repubblica-crescimbeni-e-la-prima-arcadia\\\/#breadcrumb\"},\"inLanguage\":\"en-GB\",\"potentialAction\":[{\"@type\":\"ReadAction\",\"target\":[\"https:\\\/\\\/www.ledizioni.it\\\/prodotto\\\/una-conversazione-letteraria-in-forma-di-repubblica-crescimbeni-e-la-prima-arcadia\\\/\"]}]},{\"@type\":\"ImageObject\",\"inLanguage\":\"en-GB\",\"@id\":\"https:\\\/\\\/www.ledizioni.it\\\/prodotto\\\/una-conversazione-letteraria-in-forma-di-repubblica-crescimbeni-e-la-prima-arcadia\\\/#primaryimage\",\"url\":\"https:\\\/\\\/www.ledizioni.it\\\/stag\\\/wp-content\\\/uploads\\\/2026\\\/04\\\/Tatti_ConversazoneLetteraria_Copertina_3D.jpg\",\"contentUrl\":\"https:\\\/\\\/www.ledizioni.it\\\/stag\\\/wp-content\\\/uploads\\\/2026\\\/04\\\/Tatti_ConversazoneLetteraria_Copertina_3D.jpg\",\"width\":1546,\"height\":1998},{\"@type\":\"BreadcrumbList\",\"@id\":\"https:\\\/\\\/www.ledizioni.it\\\/prodotto\\\/una-conversazione-letteraria-in-forma-di-repubblica-crescimbeni-e-la-prima-arcadia\\\/#breadcrumb\",\"itemListElement\":[{\"@type\":\"ListItem\",\"position\":1,\"name\":\"Shop\",\"item\":\"https:\\\/\\\/www.ledizioni.it\\\/shop-2\\\/\"},{\"@type\":\"ListItem\",\"position\":2,\"name\":\"\u00abUNA CONVERSAZIONE LETTERARIA IN FORMA DI REPUBBLICA\u00bb: CRESCIMBENI E LA PRIMA ARCADIA\"}]},{\"@type\":\"WebSite\",\"@id\":\"https:\\\/\\\/www.ledizioni.it\\\/#website\",\"url\":\"https:\\\/\\\/www.ledizioni.it\\\/\",\"name\":\"Ledizioni\",\"description\":\"The Innovative LediPublishing Company - Casa Editrice Universitaria\",\"publisher\":{\"@id\":\"https:\\\/\\\/www.ledizioni.it\\\/#organization\"},\"potentialAction\":[{\"@type\":\"SearchAction\",\"target\":{\"@type\":\"EntryPoint\",\"urlTemplate\":\"https:\\\/\\\/www.ledizioni.it\\\/?s={search_term_string}\"},\"query-input\":{\"@type\":\"PropertyValueSpecification\",\"valueRequired\":true,\"valueName\":\"search_term_string\"}}],\"inLanguage\":\"en-GB\"},{\"@type\":\"Organization\",\"@id\":\"https:\\\/\\\/www.ledizioni.it\\\/#organization\",\"name\":\"Ledizioni\",\"url\":\"https:\\\/\\\/www.ledizioni.it\\\/\",\"logo\":{\"@type\":\"ImageObject\",\"inLanguage\":\"en-GB\",\"@id\":\"https:\\\/\\\/www.ledizioni.it\\\/#\\\/schema\\\/logo\\\/image\\\/\",\"url\":\"https:\\\/\\\/www.ledizioni.it\\\/stag\\\/wp-content\\\/uploads\\\/2023\\\/10\\\/newlogoledizioni500x110_2-1.jpg\",\"contentUrl\":\"https:\\\/\\\/www.ledizioni.it\\\/stag\\\/wp-content\\\/uploads\\\/2023\\\/10\\\/newlogoledizioni500x110_2-1.jpg\",\"width\":354,\"height\":87,\"caption\":\"Ledizioni\"},\"image\":{\"@id\":\"https:\\\/\\\/www.ledizioni.it\\\/#\\\/schema\\\/logo\\\/image\\\/\"},\"sameAs\":[\"https:\\\/\\\/www.facebook.com\\\/pages\\\/Ledizioni-LediPublishing\\\/109120559173329\",\"https:\\\/\\\/x.com\\\/ledizioni\"]}]}<\/script>\n<!-- \/ Yoast SEO plugin. -->","yoast_head_json":{"title":"\u00abUNA CONVERSAZIONE LETTERARIA IN FORMA DI REPUBBLICA\u00bb: CRESCIMBENI E LA PRIMA ARCADIA -","description":"Ledizioni - Innovative Publishing. Casa editrice universitaria. Open Access. eBook, ePub. Creative Commons.","robots":{"index":"index","follow":"follow","max-snippet":"max-snippet:-1","max-image-preview":"max-image-preview:large","max-video-preview":"max-video-preview:-1"},"canonical":"https:\/\/www.ledizioni.it\/en\/product\/una-conversazione-letteraria-in-forma-di-repubblica-crescimbeni-e-la-prima-arcadia\/","og_locale":"en_GB","og_type":"article","og_title":"\u00abUNA CONVERSAZIONE LETTERARIA IN FORMA DI REPUBBLICA\u00bb: CRESCIMBENI E LA PRIMA ARCADIA -","og_description":"Ledizioni - Innovative Publishing. Casa editrice universitaria. Open Access. eBook, ePub. Creative Commons.","og_url":"https:\/\/www.ledizioni.it\/en\/product\/una-conversazione-letteraria-in-forma-di-repubblica-crescimbeni-e-la-prima-arcadia\/","og_site_name":"Ledizioni","article_publisher":"https:\/\/www.facebook.com\/pages\/Ledizioni-LediPublishing\/109120559173329","article_modified_time":"2026-03-19T09:24:28+00:00","og_image":[{"width":1546,"height":1998,"url":"https:\/\/www.ledizioni.it\/stag\/wp-content\/uploads\/2026\/04\/Tatti_ConversazoneLetteraria_Copertina_3D.jpg","type":"image\/jpeg"}],"twitter_card":"summary_large_image","twitter_site":"@ledizioni","twitter_misc":{"Estimated reading time":"2 minutes"},"schema":{"@context":"https:\/\/schema.org","@graph":[{"@type":"WebPage","@id":"https:\/\/www.ledizioni.it\/prodotto\/una-conversazione-letteraria-in-forma-di-repubblica-crescimbeni-e-la-prima-arcadia\/","url":"https:\/\/www.ledizioni.it\/prodotto\/una-conversazione-letteraria-in-forma-di-repubblica-crescimbeni-e-la-prima-arcadia\/","name":"\u00abUNA CONVERSAZIONE LETTERARIA IN FORMA DI REPUBBLICA\u00bb: CRESCIMBENI E LA PRIMA ARCADIA -","isPartOf":{"@id":"https:\/\/www.ledizioni.it\/#website"},"primaryImageOfPage":{"@id":"https:\/\/www.ledizioni.it\/prodotto\/una-conversazione-letteraria-in-forma-di-repubblica-crescimbeni-e-la-prima-arcadia\/#primaryimage"},"image":{"@id":"https:\/\/www.ledizioni.it\/prodotto\/una-conversazione-letteraria-in-forma-di-repubblica-crescimbeni-e-la-prima-arcadia\/#primaryimage"},"thumbnailUrl":"https:\/\/www.ledizioni.it\/stag\/wp-content\/uploads\/2026\/04\/Tatti_ConversazoneLetteraria_Copertina_3D.jpg","datePublished":"2026-03-15T22:00:00+00:00","dateModified":"2026-03-19T09:24:28+00:00","description":"Ledizioni - Innovative Publishing. Casa editrice universitaria. Open Access. eBook, ePub. Creative Commons.","breadcrumb":{"@id":"https:\/\/www.ledizioni.it\/prodotto\/una-conversazione-letteraria-in-forma-di-repubblica-crescimbeni-e-la-prima-arcadia\/#breadcrumb"},"inLanguage":"en-GB","potentialAction":[{"@type":"ReadAction","target":["https:\/\/www.ledizioni.it\/prodotto\/una-conversazione-letteraria-in-forma-di-repubblica-crescimbeni-e-la-prima-arcadia\/"]}]},{"@type":"ImageObject","inLanguage":"en-GB","@id":"https:\/\/www.ledizioni.it\/prodotto\/una-conversazione-letteraria-in-forma-di-repubblica-crescimbeni-e-la-prima-arcadia\/#primaryimage","url":"https:\/\/www.ledizioni.it\/stag\/wp-content\/uploads\/2026\/04\/Tatti_ConversazoneLetteraria_Copertina_3D.jpg","contentUrl":"https:\/\/www.ledizioni.it\/stag\/wp-content\/uploads\/2026\/04\/Tatti_ConversazoneLetteraria_Copertina_3D.jpg","width":1546,"height":1998},{"@type":"BreadcrumbList","@id":"https:\/\/www.ledizioni.it\/prodotto\/una-conversazione-letteraria-in-forma-di-repubblica-crescimbeni-e-la-prima-arcadia\/#breadcrumb","itemListElement":[{"@type":"ListItem","position":1,"name":"Shop","item":"https:\/\/www.ledizioni.it\/shop-2\/"},{"@type":"ListItem","position":2,"name":"\u00abUNA CONVERSAZIONE LETTERARIA IN FORMA DI REPUBBLICA\u00bb: CRESCIMBENI E LA PRIMA ARCADIA"}]},{"@type":"WebSite","@id":"https:\/\/www.ledizioni.it\/#website","url":"https:\/\/www.ledizioni.it\/","name":"Ledizioni","description":"The Innovative LediPublishing Company - Casa Editrice Universitaria","publisher":{"@id":"https:\/\/www.ledizioni.it\/#organization"},"potentialAction":[{"@type":"SearchAction","target":{"@type":"EntryPoint","urlTemplate":"https:\/\/www.ledizioni.it\/?s={search_term_string}"},"query-input":{"@type":"PropertyValueSpecification","valueRequired":true,"valueName":"search_term_string"}}],"inLanguage":"en-GB"},{"@type":"Organization","@id":"https:\/\/www.ledizioni.it\/#organization","name":"Ledizioni","url":"https:\/\/www.ledizioni.it\/","logo":{"@type":"ImageObject","inLanguage":"en-GB","@id":"https:\/\/www.ledizioni.it\/#\/schema\/logo\/image\/","url":"https:\/\/www.ledizioni.it\/stag\/wp-content\/uploads\/2023\/10\/newlogoledizioni500x110_2-1.jpg","contentUrl":"https:\/\/www.ledizioni.it\/stag\/wp-content\/uploads\/2023\/10\/newlogoledizioni500x110_2-1.jpg","width":354,"height":87,"caption":"Ledizioni"},"image":{"@id":"https:\/\/www.ledizioni.it\/#\/schema\/logo\/image\/"},"sameAs":["https:\/\/www.facebook.com\/pages\/Ledizioni-LediPublishing\/109120559173329","https:\/\/x.com\/ledizioni"]}]}},"jetpack_sharing_enabled":true,"_links":{"self":[{"href":"https:\/\/www.ledizioni.it\/en\/wp-json\/wp\/v2\/product\/93845","targetHints":{"allow":["GET"]}}],"collection":[{"href":"https:\/\/www.ledizioni.it\/en\/wp-json\/wp\/v2\/product"}],"about":[{"href":"https:\/\/www.ledizioni.it\/en\/wp-json\/wp\/v2\/types\/product"}],"replies":[{"embeddable":true,"href":"https:\/\/www.ledizioni.it\/en\/wp-json\/wp\/v2\/comments?post=93845"}],"version-history":[{"count":10,"href":"https:\/\/www.ledizioni.it\/en\/wp-json\/wp\/v2\/product\/93845\/revisions"}],"predecessor-version":[{"id":94405,"href":"https:\/\/www.ledizioni.it\/en\/wp-json\/wp\/v2\/product\/93845\/revisions\/94405"}],"wp:featuredmedia":[{"embeddable":true,"href":"https:\/\/www.ledizioni.it\/en\/wp-json\/wp\/v2\/media\/94076"}],"wp:attachment":[{"href":"https:\/\/www.ledizioni.it\/en\/wp-json\/wp\/v2\/media?parent=93845"}],"wp:term":[{"taxonomy":"product_brand","embeddable":true,"href":"https:\/\/www.ledizioni.it\/en\/wp-json\/wp\/v2\/product_brand?post=93845"},{"taxonomy":"product_cat","embeddable":true,"href":"https:\/\/www.ledizioni.it\/en\/wp-json\/wp\/v2\/product_cat?post=93845"},{"taxonomy":"product_tag","embeddable":true,"href":"https:\/\/www.ledizioni.it\/en\/wp-json\/wp\/v2\/product_tag?post=93845"}],"curies":[{"name":"wp","href":"https:\/\/api.w.org\/{rel}","templated":true}]}}