{"id":95388,"date":"2026-03-31T00:00:00","date_gmt":"2026-03-30T22:00:00","guid":{"rendered":"https:\/\/www.ledizioni.it\/?post_type=product&#038;p=95388"},"modified":"2026-03-31T13:06:43","modified_gmt":"2026-03-31T11:06:43","slug":"il-giocatore-di-croquet","status":"publish","type":"product","link":"https:\/\/www.ledizioni.it\/en\/product\/il-giocatore-di-croquet\/","title":{"rendered":"IL GIOCATORE DI CROQUET"},"content":{"rendered":"<p style=\"text-align: justify;\">Anno 1936. Un pacifico e un po&#8217; infantile giocatore di croquet, in giro per l\u2019Europa assieme alla zia, incontra alcuni personaggi inquietanti, che gli raccontano una storia angosciosa, dando ai suoi eventi interpretazioni diverse. Nelle paludi inglesi di Cainmarsch una serie di atti di violenza e di crimini efferati sembra far riemergere alla superficie la ferocia di un passato primordiale. Forse il Caino biblico \u00e8 tornato a manifestarsi, oppure si tratta delle distorsioni di una psiche malata. Sta di fatto che un teschio primitivo dall\u2019aspetto terrificante \u00e8 stato estratto dalle paludi. Forse \u00e8 la civilt\u00e0 tutta che sta regredendo a una condizione di barbarie, mentre un conflitto apocalittico si manifesta all\u2019orizzonte della Storia.<\/p>\n<p>__________________________<br \/>\n<strong>DATI BIBLIOGRAFICI<br \/>\n<\/strong>Autore: H.G. Wells<br \/>\nIntroduzione di: Maria Teresa Chialant<br \/>\nEditore: Ledizioni<br \/>\nPubblicato in: marzo 2026<br \/>\nCollana: <a href=\"https:\/\/www.ledizioni.it\/en\/product-category\/letteratura\/messaggi-da-nessun-luogo\/\">Messages from nowhere<\/a><br \/>\nFormato: brossura, 98 p. \u2013 ePub<br \/>\nISBN cartaceo: 9791256007578<br \/>\nPrezzo cartaceo: \u20ac 14,90<br \/>\nISBN ePub: 9791256007585<br \/>\nPrezzo ePub: \u20ac 6,99<\/p>","protected":false},"excerpt":{"rendered":"<p>Anno 1936. Un pacifico e un po&#8217; infantile giocatore di croquet, in giro per l\u2019Europa assieme alla zia, incontra alcuni<\/p>","protected":false},"featured_media":95408,"comment_status":"closed","ping_status":"closed","template":"","meta":{"_acf_changed":false},"product_brand":[],"product_cat":[2445],"product_tag":[3706,3707,3708,1761,3709],"class_list":{"0":"post-95388","1":"product","2":"type-product","3":"status-publish","4":"has-post-thumbnail","6":"product_cat-messaggi-da-nessun-luogo","7":"product_tag-fantascienza-filosofica","8":"product_tag-mistero-e-suspense","9":"product_tag-narrativa-gotica","10":"product_tag-psicologia","11":"product_tag-wells","12":"pa_formato-cartaceo","13":"pa_formato-ebook-in-epub","15":"first","16":"instock","17":"featured","18":"shipping-taxable","19":"purchasable","20":"product-type-variable"},"acf":[],"yoast_head":"<!-- This site is optimized with the Yoast SEO plugin v27.3 - https:\/\/yoast.com\/product\/yoast-seo-wordpress\/ -->\n<title>IL GIOCATORE DI CROQUET -<\/title>\n<meta name=\"description\" content=\"Ledizioni - Innovative Publishing. Casa editrice universitaria. Open Access. eBook, ePub. Creative Commons.\" \/>\n<meta name=\"robots\" content=\"index, follow, max-snippet:-1, max-image-preview:large, max-video-preview:-1\" \/>\n<link rel=\"canonical\" href=\"https:\/\/www.ledizioni.it\/en\/product\/il-giocatore-di-croquet\/\" \/>\n<meta property=\"og:locale\" content=\"en_GB\" \/>\n<meta property=\"og:type\" content=\"article\" \/>\n<meta property=\"og:title\" content=\"IL GIOCATORE DI CROQUET -\" \/>\n<meta property=\"og:description\" content=\"Ledizioni - Innovative Publishing. Casa editrice universitaria. Open Access. eBook, ePub. Creative Commons.\" \/>\n<meta property=\"og:url\" content=\"https:\/\/www.ledizioni.it\/en\/product\/il-giocatore-di-croquet\/\" \/>\n<meta property=\"og:site_name\" content=\"Ledizioni\" \/>\n<meta property=\"article:publisher\" content=\"https:\/\/www.facebook.com\/pages\/Ledizioni-LediPublishing\/109120559173329\" \/>\n<meta property=\"article:modified_time\" content=\"2026-03-31T11:06:43+00:00\" \/>\n<meta property=\"og:image\" content=\"https:\/\/www.ledizioni.it\/stag\/wp-content\/uploads\/2026\/05\/Cover-3D.jpg\" \/>\n\t<meta property=\"og:image:width\" content=\"1486\" \/>\n\t<meta property=\"og:image:height\" content=\"1948\" \/>\n\t<meta property=\"og:image:type\" content=\"image\/jpeg\" \/>\n<meta name=\"twitter:card\" content=\"summary_large_image\" \/>\n<meta name=\"twitter:site\" content=\"@ledizioni\" \/>\n<meta name=\"twitter:label1\" content=\"Estimated reading time\" \/>\n\t<meta name=\"twitter:data1\" content=\"2 minutes\" \/>\n<script type=\"application\/ld+json\" class=\"yoast-schema-graph\">{\"@context\":\"https:\\\/\\\/schema.org\",\"@graph\":[{\"@type\":\"WebPage\",\"@id\":\"https:\\\/\\\/www.ledizioni.it\\\/prodotto\\\/il-giocatore-di-croquet\\\/\",\"url\":\"https:\\\/\\\/www.ledizioni.it\\\/prodotto\\\/il-giocatore-di-croquet\\\/\",\"name\":\"IL GIOCATORE DI CROQUET -\",\"isPartOf\":{\"@id\":\"https:\\\/\\\/www.ledizioni.it\\\/#website\"},\"primaryImageOfPage\":{\"@id\":\"https:\\\/\\\/www.ledizioni.it\\\/prodotto\\\/il-giocatore-di-croquet\\\/#primaryimage\"},\"image\":{\"@id\":\"https:\\\/\\\/www.ledizioni.it\\\/prodotto\\\/il-giocatore-di-croquet\\\/#primaryimage\"},\"thumbnailUrl\":\"https:\\\/\\\/www.ledizioni.it\\\/stag\\\/wp-content\\\/uploads\\\/2026\\\/05\\\/Cover-3D.jpg\",\"datePublished\":\"2026-03-30T22:00:00+00:00\",\"dateModified\":\"2026-03-31T11:06:43+00:00\",\"description\":\"Ledizioni - Innovative Publishing. Casa editrice universitaria. Open Access. eBook, ePub. Creative Commons.\",\"breadcrumb\":{\"@id\":\"https:\\\/\\\/www.ledizioni.it\\\/prodotto\\\/il-giocatore-di-croquet\\\/#breadcrumb\"},\"inLanguage\":\"en-GB\",\"potentialAction\":[{\"@type\":\"ReadAction\",\"target\":[\"https:\\\/\\\/www.ledizioni.it\\\/prodotto\\\/il-giocatore-di-croquet\\\/\"]}]},{\"@type\":\"ImageObject\",\"inLanguage\":\"en-GB\",\"@id\":\"https:\\\/\\\/www.ledizioni.it\\\/prodotto\\\/il-giocatore-di-croquet\\\/#primaryimage\",\"url\":\"https:\\\/\\\/www.ledizioni.it\\\/stag\\\/wp-content\\\/uploads\\\/2026\\\/05\\\/Cover-3D.jpg\",\"contentUrl\":\"https:\\\/\\\/www.ledizioni.it\\\/stag\\\/wp-content\\\/uploads\\\/2026\\\/05\\\/Cover-3D.jpg\",\"width\":1486,\"height\":1948},{\"@type\":\"BreadcrumbList\",\"@id\":\"https:\\\/\\\/www.ledizioni.it\\\/prodotto\\\/il-giocatore-di-croquet\\\/#breadcrumb\",\"itemListElement\":[{\"@type\":\"ListItem\",\"position\":1,\"name\":\"Shop\",\"item\":\"https:\\\/\\\/www.ledizioni.it\\\/shop-2\\\/\"},{\"@type\":\"ListItem\",\"position\":2,\"name\":\"IL GIOCATORE DI CROQUET\"}]},{\"@type\":\"WebSite\",\"@id\":\"https:\\\/\\\/www.ledizioni.it\\\/#website\",\"url\":\"https:\\\/\\\/www.ledizioni.it\\\/\",\"name\":\"Ledizioni\",\"description\":\"The Innovative LediPublishing Company - Casa Editrice Universitaria\",\"publisher\":{\"@id\":\"https:\\\/\\\/www.ledizioni.it\\\/#organization\"},\"potentialAction\":[{\"@type\":\"SearchAction\",\"target\":{\"@type\":\"EntryPoint\",\"urlTemplate\":\"https:\\\/\\\/www.ledizioni.it\\\/?s={search_term_string}\"},\"query-input\":{\"@type\":\"PropertyValueSpecification\",\"valueRequired\":true,\"valueName\":\"search_term_string\"}}],\"inLanguage\":\"en-GB\"},{\"@type\":\"Organization\",\"@id\":\"https:\\\/\\\/www.ledizioni.it\\\/#organization\",\"name\":\"Ledizioni\",\"url\":\"https:\\\/\\\/www.ledizioni.it\\\/\",\"logo\":{\"@type\":\"ImageObject\",\"inLanguage\":\"en-GB\",\"@id\":\"https:\\\/\\\/www.ledizioni.it\\\/#\\\/schema\\\/logo\\\/image\\\/\",\"url\":\"https:\\\/\\\/www.ledizioni.it\\\/stag\\\/wp-content\\\/uploads\\\/2023\\\/10\\\/newlogoledizioni500x110_2-1.jpg\",\"contentUrl\":\"https:\\\/\\\/www.ledizioni.it\\\/stag\\\/wp-content\\\/uploads\\\/2023\\\/10\\\/newlogoledizioni500x110_2-1.jpg\",\"width\":354,\"height\":87,\"caption\":\"Ledizioni\"},\"image\":{\"@id\":\"https:\\\/\\\/www.ledizioni.it\\\/#\\\/schema\\\/logo\\\/image\\\/\"},\"sameAs\":[\"https:\\\/\\\/www.facebook.com\\\/pages\\\/Ledizioni-LediPublishing\\\/109120559173329\",\"https:\\\/\\\/x.com\\\/ledizioni\"]}]}<\/script>\n<!-- \/ Yoast SEO plugin. -->","yoast_head_json":{"title":"IL GIOCATORE DI CROQUET -","description":"Ledizioni - Innovative Publishing. Casa editrice universitaria. Open Access. eBook, ePub. Creative Commons.","robots":{"index":"index","follow":"follow","max-snippet":"max-snippet:-1","max-image-preview":"max-image-preview:large","max-video-preview":"max-video-preview:-1"},"canonical":"https:\/\/www.ledizioni.it\/en\/product\/il-giocatore-di-croquet\/","og_locale":"en_GB","og_type":"article","og_title":"IL GIOCATORE DI CROQUET -","og_description":"Ledizioni - Innovative Publishing. Casa editrice universitaria. Open Access. eBook, ePub. Creative Commons.","og_url":"https:\/\/www.ledizioni.it\/en\/product\/il-giocatore-di-croquet\/","og_site_name":"Ledizioni","article_publisher":"https:\/\/www.facebook.com\/pages\/Ledizioni-LediPublishing\/109120559173329","article_modified_time":"2026-03-31T11:06:43+00:00","og_image":[{"width":1486,"height":1948,"url":"https:\/\/www.ledizioni.it\/stag\/wp-content\/uploads\/2026\/05\/Cover-3D.jpg","type":"image\/jpeg"}],"twitter_card":"summary_large_image","twitter_site":"@ledizioni","twitter_misc":{"Estimated reading time":"2 minutes"},"schema":{"@context":"https:\/\/schema.org","@graph":[{"@type":"WebPage","@id":"https:\/\/www.ledizioni.it\/prodotto\/il-giocatore-di-croquet\/","url":"https:\/\/www.ledizioni.it\/prodotto\/il-giocatore-di-croquet\/","name":"IL GIOCATORE DI CROQUET -","isPartOf":{"@id":"https:\/\/www.ledizioni.it\/#website"},"primaryImageOfPage":{"@id":"https:\/\/www.ledizioni.it\/prodotto\/il-giocatore-di-croquet\/#primaryimage"},"image":{"@id":"https:\/\/www.ledizioni.it\/prodotto\/il-giocatore-di-croquet\/#primaryimage"},"thumbnailUrl":"https:\/\/www.ledizioni.it\/stag\/wp-content\/uploads\/2026\/05\/Cover-3D.jpg","datePublished":"2026-03-30T22:00:00+00:00","dateModified":"2026-03-31T11:06:43+00:00","description":"Ledizioni - Innovative Publishing. Casa editrice universitaria. Open Access. eBook, ePub. Creative Commons.","breadcrumb":{"@id":"https:\/\/www.ledizioni.it\/prodotto\/il-giocatore-di-croquet\/#breadcrumb"},"inLanguage":"en-GB","potentialAction":[{"@type":"ReadAction","target":["https:\/\/www.ledizioni.it\/prodotto\/il-giocatore-di-croquet\/"]}]},{"@type":"ImageObject","inLanguage":"en-GB","@id":"https:\/\/www.ledizioni.it\/prodotto\/il-giocatore-di-croquet\/#primaryimage","url":"https:\/\/www.ledizioni.it\/stag\/wp-content\/uploads\/2026\/05\/Cover-3D.jpg","contentUrl":"https:\/\/www.ledizioni.it\/stag\/wp-content\/uploads\/2026\/05\/Cover-3D.jpg","width":1486,"height":1948},{"@type":"BreadcrumbList","@id":"https:\/\/www.ledizioni.it\/prodotto\/il-giocatore-di-croquet\/#breadcrumb","itemListElement":[{"@type":"ListItem","position":1,"name":"Shop","item":"https:\/\/www.ledizioni.it\/shop-2\/"},{"@type":"ListItem","position":2,"name":"IL GIOCATORE DI CROQUET"}]},{"@type":"WebSite","@id":"https:\/\/www.ledizioni.it\/#website","url":"https:\/\/www.ledizioni.it\/","name":"Ledizioni","description":"The Innovative LediPublishing Company - Casa Editrice Universitaria","publisher":{"@id":"https:\/\/www.ledizioni.it\/#organization"},"potentialAction":[{"@type":"SearchAction","target":{"@type":"EntryPoint","urlTemplate":"https:\/\/www.ledizioni.it\/?s={search_term_string}"},"query-input":{"@type":"PropertyValueSpecification","valueRequired":true,"valueName":"search_term_string"}}],"inLanguage":"en-GB"},{"@type":"Organization","@id":"https:\/\/www.ledizioni.it\/#organization","name":"Ledizioni","url":"https:\/\/www.ledizioni.it\/","logo":{"@type":"ImageObject","inLanguage":"en-GB","@id":"https:\/\/www.ledizioni.it\/#\/schema\/logo\/image\/","url":"https:\/\/www.ledizioni.it\/stag\/wp-content\/uploads\/2023\/10\/newlogoledizioni500x110_2-1.jpg","contentUrl":"https:\/\/www.ledizioni.it\/stag\/wp-content\/uploads\/2023\/10\/newlogoledizioni500x110_2-1.jpg","width":354,"height":87,"caption":"Ledizioni"},"image":{"@id":"https:\/\/www.ledizioni.it\/#\/schema\/logo\/image\/"},"sameAs":["https:\/\/www.facebook.com\/pages\/Ledizioni-LediPublishing\/109120559173329","https:\/\/x.com\/ledizioni"]}]}},"jetpack_sharing_enabled":true,"_links":{"self":[{"href":"https:\/\/www.ledizioni.it\/en\/wp-json\/wp\/v2\/product\/95388","targetHints":{"allow":["GET"]}}],"collection":[{"href":"https:\/\/www.ledizioni.it\/en\/wp-json\/wp\/v2\/product"}],"about":[{"href":"https:\/\/www.ledizioni.it\/en\/wp-json\/wp\/v2\/types\/product"}],"replies":[{"embeddable":true,"href":"https:\/\/www.ledizioni.it\/en\/wp-json\/wp\/v2\/comments?post=95388"}],"version-history":[{"count":4,"href":"https:\/\/www.ledizioni.it\/en\/wp-json\/wp\/v2\/product\/95388\/revisions"}],"predecessor-version":[{"id":95403,"href":"https:\/\/www.ledizioni.it\/en\/wp-json\/wp\/v2\/product\/95388\/revisions\/95403"}],"wp:featuredmedia":[{"embeddable":true,"href":"https:\/\/www.ledizioni.it\/en\/wp-json\/wp\/v2\/media\/95408"}],"wp:attachment":[{"href":"https:\/\/www.ledizioni.it\/en\/wp-json\/wp\/v2\/media?parent=95388"}],"wp:term":[{"taxonomy":"product_brand","embeddable":true,"href":"https:\/\/www.ledizioni.it\/en\/wp-json\/wp\/v2\/product_brand?post=95388"},{"taxonomy":"product_cat","embeddable":true,"href":"https:\/\/www.ledizioni.it\/en\/wp-json\/wp\/v2\/product_cat?post=95388"},{"taxonomy":"product_tag","embeddable":true,"href":"https:\/\/www.ledizioni.it\/en\/wp-json\/wp\/v2\/product_tag?post=95388"}],"curies":[{"name":"wp","href":"https:\/\/api.w.org\/{rel}","templated":true}]}}