{"id":96543,"date":"2026-04-27T00:00:00","date_gmt":"2026-04-26T22:00:00","guid":{"rendered":"https:\/\/www.ledizioni.it\/?post_type=product&#038;p=96543"},"modified":"2026-04-27T09:44:24","modified_gmt":"2026-04-27T07:44:24","slug":"le-regole-della-qualita-alimentare","status":"publish","type":"product","link":"https:\/\/www.ledizioni.it\/en\/product\/le-regole-della-qualita-alimentare\/","title":{"rendered":"LE REGOLE DELLA QUALIT\u00c0 ALIMENTARE"},"content":{"rendered":"<div data-elementor-type=\"product-post\" data-elementor-id=\"96543\" class=\"elementor elementor-96543\" data-elementor-post-type=\"product\">\n\t\t\t\t\t\t<section class=\"elementor-section elementor-top-section elementor-element elementor-element-41ce5dce elementor-section-boxed elementor-section-height-default elementor-section-height-default wd-section-disabled\" data-id=\"41ce5dce\" data-element_type=\"section\" data-e-type=\"section\">\n\t\t\t\t\t\t<div class=\"elementor-container elementor-column-gap-default\">\n\t\t\t\t\t<div class=\"elementor-column elementor-col-100 elementor-top-column elementor-element elementor-element-779015bd\" data-id=\"779015bd\" data-element_type=\"column\" data-e-type=\"column\">\n\t\t\t<div class=\"elementor-widget-wrap elementor-element-populated\">\n\t\t\t\t\t\t<div class=\"elementor-element elementor-element-4cac0ad6 color-scheme-inherit text-left elementor-widget elementor-widget-text-editor\" data-id=\"4cac0ad6\" data-element_type=\"widget\" data-e-type=\"widget\" data-widget_type=\"text-editor.default\">\n\t\t\t\t<div class=\"elementor-widget-container\">\n\t\t\t\t\t\t\t\t\t<p style=\"text-align: justify;\">Che cosa significa \u201cqualit\u00e0 alimentare\u201d? Bench\u00e9 sia al centro delle politiche agricole europee e delle strategie di valorizzazione del cibo, la qualit\u00e0 alimentare non \u00e8 definita dal diritto in modo compiuto. Essa prende forma attraverso certificazioni e simboli che selezionano alcuni criteri \u2014 l\u2019origine geografica, la tradizione, i metodi di produzione \u2014 senza mai esaurirne il significato.Attraverso un approccio socio-giuridico, questo volume ricostruisce la genealogia contemporanea dell\u2019idea di qualit\u00e0 alimentare e mostra come il diritto contribuisca a produrne il significato, non solo mediante regole tecniche, ma anche attraverso la formalizzazione di valori. Al tempo stesso, il libro rimette al centro la prospettiva dei consumatori, interrogandosi su che cosa essi intendano davvero per qualit\u00e0 e su quanto comprendano dei dispositivi giuridici che regolano il sistema alimentare. Una riflessione critica sul rapporto tra cibo, diritto e democrazia.<\/p>\n<p style=\"text-align: justify;\"><strong>DATI BIBLIOGRAFICI<\/strong><br>Autore: Emma Sofia Lunghi<br>Editore: Ledizioni<br>Collana: <a href=\"https:\/\/www.ledizioni.it\/en\/product-category\/diritto-2\/etica-diritto-e-mutamento-sociale\/\">Etica, Diritto e Mutamento Sociale<\/a><br>Pubblicato in: aprile 2026<br>Formato: brossura, 212 p. &#8211; ePub &#8211; PDF in OA<br>ISBN cartaceo: 9791256007370&nbsp;<br>ISBN ePub: 9791256007387<br>Prezzo cartaceo: 39,00 \u20ac<br>Prezzo ePub: 15,99 \u20ac<\/p>\t\t\t\t\t\t\t\t<\/div>\n\t\t\t\t<\/div>\n\t\t\t\t\t<\/div>\n\t\t<\/div>\n\t\t\t\t\t<\/div>\n\t\t<\/section>\n\t\t\t\t<section class=\"elementor-section elementor-top-section elementor-element elementor-element-6e593a7 elementor-section-boxed elementor-section-height-default elementor-section-height-default wd-section-disabled\" data-id=\"6e593a7\" data-element_type=\"section\" data-e-type=\"section\">\n\t\t\t\t\t\t<div class=\"elementor-container elementor-column-gap-default\">\n\t\t\t\t\t<div class=\"elementor-column elementor-col-100 elementor-top-column elementor-element elementor-element-1dce1b0\" data-id=\"1dce1b0\" data-element_type=\"column\" data-e-type=\"column\">\n\t\t\t<div class=\"elementor-widget-wrap elementor-element-populated\">\n\t\t\t\t\t\t<div class=\"elementor-element elementor-element-dccd6ce elementor-button-danger elementor-align-center elementor-widget elementor-widget-button\" data-id=\"dccd6ce\" data-element_type=\"widget\" data-e-type=\"widget\" data-widget_type=\"button.default\">\n\t\t\t\t<div class=\"elementor-widget-container\">\n\t\t\t\t\t\t\t\t\t<div class=\"elementor-button-wrapper\">\n\t\t\t\t\t<a class=\"elementor-button elementor-button-link elementor-size-sm\" href=\"https:\/\/www.ledizioni.it\/en\/download\/96579\/\">\n\t\t\t\t\t\t<span class=\"elementor-button-content-wrapper\">\n\t\t\t\t\t\t\t\t\t<span class=\"elementor-button-text\">Scarica PDF Open Access<\/span>\n\t\t\t\t\t<\/span>\n\t\t\t\t\t<\/a>\n\t\t\t\t<\/div>\n\t\t\t\t\t\t\t\t<\/div>\n\t\t\t\t<\/div>\n\t\t\t\t\t<\/div>\n\t\t<\/div>\n\t\t\t\t\t<\/div>\n\t\t<\/section>\n\t\t\t\t<\/div>","protected":false},"excerpt":{"rendered":"<p>Che cosa significa \u201cqualit\u00e0 alimentare\u201d? Bench\u00e9 sia al centro delle politiche agricole europee e delle strategie di valorizzazione del cibo,<\/p>","protected":false},"featured_media":96573,"comment_status":"closed","ping_status":"closed","template":"","meta":{"_acf_changed":false},"product_brand":[],"product_cat":[3758],"product_tag":[3781,3775,3776,3782,764,3780,3089],"class_list":{"0":"post-96543","1":"product","2":"type-product","3":"status-publish","4":"has-post-thumbnail","6":"product_cat-etica-diritto-e-mutamento-sociale","7":"product_tag-certificazioni-europee","8":"product_tag-denominazioni-origine","9":"product_tag-diritto-alimentare","10":"product_tag-made-in-italy","11":"product_tag-open-access-2","12":"product_tag-politiche-agricole","13":"product_tag-sicurezza-alimentare","14":"pa_formato-cartaceo","15":"pa_formato-ebook-in-epub","16":"pa_formato-ebook-in-pdf","18":"first","19":"instock","20":"featured","21":"shipping-taxable","22":"purchasable","23":"product-type-variable"},"acf":[],"yoast_head":"<!-- This site is optimized with the Yoast SEO plugin v27.4 - https:\/\/yoast.com\/product\/yoast-seo-wordpress\/ -->\n<title>LE REGOLE DELLA QUALIT\u00c0 ALIMENTARE -<\/title>\n<meta name=\"description\" content=\"Ledizioni - Innovative Publishing. Casa editrice universitaria. Open Access. eBook, ePub. Creative Commons.\" \/>\n<meta name=\"robots\" content=\"index, follow, max-snippet:-1, max-image-preview:large, max-video-preview:-1\" \/>\n<link rel=\"canonical\" href=\"https:\/\/www.ledizioni.it\/en\/product\/le-regole-della-qualita-alimentare\/\" \/>\n<meta property=\"og:locale\" content=\"en_GB\" \/>\n<meta property=\"og:type\" content=\"article\" \/>\n<meta property=\"og:title\" content=\"LE REGOLE DELLA QUALIT\u00c0 ALIMENTARE -\" \/>\n<meta property=\"og:description\" content=\"Ledizioni - Innovative Publishing. Casa editrice universitaria. Open Access. eBook, ePub. Creative Commons.\" \/>\n<meta property=\"og:url\" content=\"https:\/\/www.ledizioni.it\/en\/product\/le-regole-della-qualita-alimentare\/\" \/>\n<meta property=\"og:site_name\" content=\"Ledizioni\" \/>\n<meta property=\"article:publisher\" content=\"https:\/\/www.facebook.com\/pages\/Ledizioni-LediPublishing\/109120559173329\" \/>\n<meta property=\"article:modified_time\" content=\"2026-04-27T07:44:24+00:00\" \/>\n<meta property=\"og:image\" content=\"https:\/\/www.ledizioni.it\/stag\/wp-content\/uploads\/2026\/05\/Cover_Lunghi-3D.jpg\" \/>\n\t<meta property=\"og:image:width\" content=\"1486\" \/>\n\t<meta property=\"og:image:height\" content=\"1938\" \/>\n\t<meta property=\"og:image:type\" content=\"image\/jpeg\" \/>\n<meta name=\"twitter:card\" content=\"summary_large_image\" \/>\n<meta name=\"twitter:site\" content=\"@ledizioni\" \/>\n<script type=\"application\/ld+json\" class=\"yoast-schema-graph\">{\"@context\":\"https:\\\/\\\/schema.org\",\"@graph\":[{\"@type\":\"WebPage\",\"@id\":\"https:\\\/\\\/www.ledizioni.it\\\/prodotto\\\/le-regole-della-qualita-alimentare\\\/\",\"url\":\"https:\\\/\\\/www.ledizioni.it\\\/prodotto\\\/le-regole-della-qualita-alimentare\\\/\",\"name\":\"LE REGOLE DELLA QUALIT\u00c0 ALIMENTARE -\",\"isPartOf\":{\"@id\":\"https:\\\/\\\/www.ledizioni.it\\\/#website\"},\"primaryImageOfPage\":{\"@id\":\"https:\\\/\\\/www.ledizioni.it\\\/prodotto\\\/le-regole-della-qualita-alimentare\\\/#primaryimage\"},\"image\":{\"@id\":\"https:\\\/\\\/www.ledizioni.it\\\/prodotto\\\/le-regole-della-qualita-alimentare\\\/#primaryimage\"},\"thumbnailUrl\":\"https:\\\/\\\/www.ledizioni.it\\\/stag\\\/wp-content\\\/uploads\\\/2026\\\/05\\\/Cover_Lunghi-3D.jpg\",\"datePublished\":\"2026-04-26T22:00:00+00:00\",\"dateModified\":\"2026-04-27T07:44:24+00:00\",\"description\":\"Ledizioni - Innovative Publishing. Casa editrice universitaria. Open Access. eBook, ePub. Creative Commons.\",\"breadcrumb\":{\"@id\":\"https:\\\/\\\/www.ledizioni.it\\\/prodotto\\\/le-regole-della-qualita-alimentare\\\/#breadcrumb\"},\"inLanguage\":\"en-GB\",\"potentialAction\":[{\"@type\":\"ReadAction\",\"target\":[\"https:\\\/\\\/www.ledizioni.it\\\/prodotto\\\/le-regole-della-qualita-alimentare\\\/\"]}]},{\"@type\":\"ImageObject\",\"inLanguage\":\"en-GB\",\"@id\":\"https:\\\/\\\/www.ledizioni.it\\\/prodotto\\\/le-regole-della-qualita-alimentare\\\/#primaryimage\",\"url\":\"https:\\\/\\\/www.ledizioni.it\\\/stag\\\/wp-content\\\/uploads\\\/2026\\\/05\\\/Cover_Lunghi-3D.jpg\",\"contentUrl\":\"https:\\\/\\\/www.ledizioni.it\\\/stag\\\/wp-content\\\/uploads\\\/2026\\\/05\\\/Cover_Lunghi-3D.jpg\",\"width\":1486,\"height\":1938},{\"@type\":\"BreadcrumbList\",\"@id\":\"https:\\\/\\\/www.ledizioni.it\\\/prodotto\\\/le-regole-della-qualita-alimentare\\\/#breadcrumb\",\"itemListElement\":[{\"@type\":\"ListItem\",\"position\":1,\"name\":\"Shop\",\"item\":\"https:\\\/\\\/www.ledizioni.it\\\/shop-2\\\/\"},{\"@type\":\"ListItem\",\"position\":2,\"name\":\"LE REGOLE DELLA QUALIT\u00c0 ALIMENTARE\"}]},{\"@type\":\"WebSite\",\"@id\":\"https:\\\/\\\/www.ledizioni.it\\\/#website\",\"url\":\"https:\\\/\\\/www.ledizioni.it\\\/\",\"name\":\"Ledizioni\",\"description\":\"The Innovative LediPublishing Company - Casa Editrice Universitaria\",\"publisher\":{\"@id\":\"https:\\\/\\\/www.ledizioni.it\\\/#organization\"},\"potentialAction\":[{\"@type\":\"SearchAction\",\"target\":{\"@type\":\"EntryPoint\",\"urlTemplate\":\"https:\\\/\\\/www.ledizioni.it\\\/?s={search_term_string}\"},\"query-input\":{\"@type\":\"PropertyValueSpecification\",\"valueRequired\":true,\"valueName\":\"search_term_string\"}}],\"inLanguage\":\"en-GB\"},{\"@type\":\"Organization\",\"@id\":\"https:\\\/\\\/www.ledizioni.it\\\/#organization\",\"name\":\"Ledizioni\",\"url\":\"https:\\\/\\\/www.ledizioni.it\\\/\",\"logo\":{\"@type\":\"ImageObject\",\"inLanguage\":\"en-GB\",\"@id\":\"https:\\\/\\\/www.ledizioni.it\\\/#\\\/schema\\\/logo\\\/image\\\/\",\"url\":\"https:\\\/\\\/www.ledizioni.it\\\/stag\\\/wp-content\\\/uploads\\\/2023\\\/10\\\/newlogoledizioni500x110_2-1.jpg\",\"contentUrl\":\"https:\\\/\\\/www.ledizioni.it\\\/stag\\\/wp-content\\\/uploads\\\/2023\\\/10\\\/newlogoledizioni500x110_2-1.jpg\",\"width\":354,\"height\":87,\"caption\":\"Ledizioni\"},\"image\":{\"@id\":\"https:\\\/\\\/www.ledizioni.it\\\/#\\\/schema\\\/logo\\\/image\\\/\"},\"sameAs\":[\"https:\\\/\\\/www.facebook.com\\\/pages\\\/Ledizioni-LediPublishing\\\/109120559173329\",\"https:\\\/\\\/x.com\\\/ledizioni\"]}]}<\/script>\n<!-- \/ Yoast SEO plugin. -->","yoast_head_json":{"title":"LE REGOLE DELLA QUALIT\u00c0 ALIMENTARE -","description":"Ledizioni - Innovative Publishing. Casa editrice universitaria. Open Access. eBook, ePub. Creative Commons.","robots":{"index":"index","follow":"follow","max-snippet":"max-snippet:-1","max-image-preview":"max-image-preview:large","max-video-preview":"max-video-preview:-1"},"canonical":"https:\/\/www.ledizioni.it\/en\/product\/le-regole-della-qualita-alimentare\/","og_locale":"en_GB","og_type":"article","og_title":"LE REGOLE DELLA QUALIT\u00c0 ALIMENTARE -","og_description":"Ledizioni - Innovative Publishing. Casa editrice universitaria. Open Access. eBook, ePub. Creative Commons.","og_url":"https:\/\/www.ledizioni.it\/en\/product\/le-regole-della-qualita-alimentare\/","og_site_name":"Ledizioni","article_publisher":"https:\/\/www.facebook.com\/pages\/Ledizioni-LediPublishing\/109120559173329","article_modified_time":"2026-04-27T07:44:24+00:00","og_image":[{"width":1486,"height":1938,"url":"https:\/\/www.ledizioni.it\/stag\/wp-content\/uploads\/2026\/05\/Cover_Lunghi-3D.jpg","type":"image\/jpeg"}],"twitter_card":"summary_large_image","twitter_site":"@ledizioni","schema":{"@context":"https:\/\/schema.org","@graph":[{"@type":"WebPage","@id":"https:\/\/www.ledizioni.it\/prodotto\/le-regole-della-qualita-alimentare\/","url":"https:\/\/www.ledizioni.it\/prodotto\/le-regole-della-qualita-alimentare\/","name":"LE REGOLE DELLA QUALIT\u00c0 ALIMENTARE -","isPartOf":{"@id":"https:\/\/www.ledizioni.it\/#website"},"primaryImageOfPage":{"@id":"https:\/\/www.ledizioni.it\/prodotto\/le-regole-della-qualita-alimentare\/#primaryimage"},"image":{"@id":"https:\/\/www.ledizioni.it\/prodotto\/le-regole-della-qualita-alimentare\/#primaryimage"},"thumbnailUrl":"https:\/\/www.ledizioni.it\/stag\/wp-content\/uploads\/2026\/05\/Cover_Lunghi-3D.jpg","datePublished":"2026-04-26T22:00:00+00:00","dateModified":"2026-04-27T07:44:24+00:00","description":"Ledizioni - Innovative Publishing. Casa editrice universitaria. Open Access. eBook, ePub. Creative Commons.","breadcrumb":{"@id":"https:\/\/www.ledizioni.it\/prodotto\/le-regole-della-qualita-alimentare\/#breadcrumb"},"inLanguage":"en-GB","potentialAction":[{"@type":"ReadAction","target":["https:\/\/www.ledizioni.it\/prodotto\/le-regole-della-qualita-alimentare\/"]}]},{"@type":"ImageObject","inLanguage":"en-GB","@id":"https:\/\/www.ledizioni.it\/prodotto\/le-regole-della-qualita-alimentare\/#primaryimage","url":"https:\/\/www.ledizioni.it\/stag\/wp-content\/uploads\/2026\/05\/Cover_Lunghi-3D.jpg","contentUrl":"https:\/\/www.ledizioni.it\/stag\/wp-content\/uploads\/2026\/05\/Cover_Lunghi-3D.jpg","width":1486,"height":1938},{"@type":"BreadcrumbList","@id":"https:\/\/www.ledizioni.it\/prodotto\/le-regole-della-qualita-alimentare\/#breadcrumb","itemListElement":[{"@type":"ListItem","position":1,"name":"Shop","item":"https:\/\/www.ledizioni.it\/shop-2\/"},{"@type":"ListItem","position":2,"name":"LE REGOLE DELLA QUALIT\u00c0 ALIMENTARE"}]},{"@type":"WebSite","@id":"https:\/\/www.ledizioni.it\/#website","url":"https:\/\/www.ledizioni.it\/","name":"Ledizioni","description":"The Innovative LediPublishing Company - Casa Editrice Universitaria","publisher":{"@id":"https:\/\/www.ledizioni.it\/#organization"},"potentialAction":[{"@type":"SearchAction","target":{"@type":"EntryPoint","urlTemplate":"https:\/\/www.ledizioni.it\/?s={search_term_string}"},"query-input":{"@type":"PropertyValueSpecification","valueRequired":true,"valueName":"search_term_string"}}],"inLanguage":"en-GB"},{"@type":"Organization","@id":"https:\/\/www.ledizioni.it\/#organization","name":"Ledizioni","url":"https:\/\/www.ledizioni.it\/","logo":{"@type":"ImageObject","inLanguage":"en-GB","@id":"https:\/\/www.ledizioni.it\/#\/schema\/logo\/image\/","url":"https:\/\/www.ledizioni.it\/stag\/wp-content\/uploads\/2023\/10\/newlogoledizioni500x110_2-1.jpg","contentUrl":"https:\/\/www.ledizioni.it\/stag\/wp-content\/uploads\/2023\/10\/newlogoledizioni500x110_2-1.jpg","width":354,"height":87,"caption":"Ledizioni"},"image":{"@id":"https:\/\/www.ledizioni.it\/#\/schema\/logo\/image\/"},"sameAs":["https:\/\/www.facebook.com\/pages\/Ledizioni-LediPublishing\/109120559173329","https:\/\/x.com\/ledizioni"]}]}},"jetpack_sharing_enabled":true,"_links":{"self":[{"href":"https:\/\/www.ledizioni.it\/en\/wp-json\/wp\/v2\/product\/96543","targetHints":{"allow":["GET"]}}],"collection":[{"href":"https:\/\/www.ledizioni.it\/en\/wp-json\/wp\/v2\/product"}],"about":[{"href":"https:\/\/www.ledizioni.it\/en\/wp-json\/wp\/v2\/types\/product"}],"replies":[{"embeddable":true,"href":"https:\/\/www.ledizioni.it\/en\/wp-json\/wp\/v2\/comments?post=96543"}],"version-history":[{"count":4,"href":"https:\/\/www.ledizioni.it\/en\/wp-json\/wp\/v2\/product\/96543\/revisions"}],"predecessor-version":[{"id":96584,"href":"https:\/\/www.ledizioni.it\/en\/wp-json\/wp\/v2\/product\/96543\/revisions\/96584"}],"wp:featuredmedia":[{"embeddable":true,"href":"https:\/\/www.ledizioni.it\/en\/wp-json\/wp\/v2\/media\/96573"}],"wp:attachment":[{"href":"https:\/\/www.ledizioni.it\/en\/wp-json\/wp\/v2\/media?parent=96543"}],"wp:term":[{"taxonomy":"product_brand","embeddable":true,"href":"https:\/\/www.ledizioni.it\/en\/wp-json\/wp\/v2\/product_brand?post=96543"},{"taxonomy":"product_cat","embeddable":true,"href":"https:\/\/www.ledizioni.it\/en\/wp-json\/wp\/v2\/product_cat?post=96543"},{"taxonomy":"product_tag","embeddable":true,"href":"https:\/\/www.ledizioni.it\/en\/wp-json\/wp\/v2\/product_tag?post=96543"}],"curies":[{"name":"wp","href":"https:\/\/api.w.org\/{rel}","templated":true}]}}