{"id":9691,"date":"2015-03-10T14:44:20","date_gmt":"2015-03-10T14:44:20","guid":{"rendered":"http:\/\/www.ledizioni.it\/?post_type=product&#038;p=9691"},"modified":"2022-03-30T14:44:48","modified_gmt":"2022-03-30T12:44:48","slug":"linfedele","status":"publish","type":"product","link":"https:\/\/www.ledizioni.it\/en\/product\/linfedele\/","title":{"rendered":"L&#8217;infedele"},"content":{"rendered":"<p>Quattro racconti di amori intensi e brucianti di una delle pi\u00f9 grandi scrittrici dell\u2019inizio del Novecento: un tormentato triangolo amoroso che si dipana tra la passione, le debolezze umane e le regole della buona societ\u00e0 altoborghese dell\u2019epoca. Alla fine, non rimane che un ideale di amore desiderato, vagheggiato e non ottenuto, un amore visto come \u201cun vano e miserabile sogno\u201d.<br \/>\nLedizioni ripubblica quest\u2019opera fuori diritti in formato epub e cartaceo.<\/p>\n<p>Autore: Matilde Serao<br \/>\nTitolo: L&#8217;Infedele<br \/>\nCollana: <a href=\"https:\/\/www.ledizioni.it\/en\/product-category\/reprints\/digital-classics\/\" target=\"_blank\" rel=\"noopener\">Digital Classics<\/a><br \/>\nISBN ebook: 9788867053001<br \/>\nISBN cartaceo: 9788867053063<br \/>\nPrezzo ebook: 0.99\u20ac<br \/>\nPrezzo cartaceo: 7.90\u20ac<\/p>\n<p><a href=\"http:\/\/www.mondadoristore.it\/L-infedele-Matilde-Serao\/eai978886705306\/\" target=\"_blank\" rel=\"noopener\"><img decoding=\"async\" class=\"alignnone size-full wp-image-14398 aligncenter\" src=\"http:\/\/www.ledizioni.it\/stag\/wp-content\/uploads\/2012\/06\/red-podok.jpg\" alt=\"Pod MondadoriStore\" width=\"200\" height=\"82\" \/><\/a><\/p>\n<p>&nbsp;<\/p>","protected":false},"excerpt":{"rendered":"<p>&#8220;Chi tradisce \u00e8 un infame, Cherie, e non vi pu\u00f2 essere piet\u00e0, per chi tradisce. Io ho tradito&#8221;.<\/p>","protected":false},"featured_media":9692,"comment_status":"open","ping_status":"closed","template":"","meta":{"_acf_changed":false},"product_brand":[],"product_cat":[1031],"product_tag":[796,840,756],"class_list":{"0":"post-9691","1":"product","2":"type-product","3":"status-publish","4":"has-post-thumbnail","6":"product_cat-digital-classics","7":"product_tag-classici","8":"product_tag-letteratura-italiana","9":"product_tag-romanzo-2","10":"pa_formato-cartaceo","11":"pa_formato-ebook-in-epub","12":"pa_lingua-italiano","14":"first","15":"instock","16":"shipping-taxable","17":"purchasable","18":"product-type-variable","19":"has-default-attributes"},"acf":[],"yoast_head":"<!-- This site is optimized with the Yoast SEO plugin v27.3 - https:\/\/yoast.com\/product\/yoast-seo-wordpress\/ -->\n<title>L&#039;infedele -<\/title>\n<meta name=\"description\" content=\"Un tormentato triangolo amoroso raccontato da una delle pi\u00f9 grandi scrittrici dell\u2019inizio del Novecento.\" \/>\n<meta name=\"robots\" content=\"index, follow, max-snippet:-1, max-image-preview:large, max-video-preview:-1\" \/>\n<link rel=\"canonical\" href=\"https:\/\/www.ledizioni.it\/en\/product\/linfedele\/\" \/>\n<meta property=\"og:locale\" content=\"en_GB\" \/>\n<meta property=\"og:type\" content=\"article\" \/>\n<meta property=\"og:title\" content=\"L&#039;infedele -\" \/>\n<meta property=\"og:description\" content=\"Un tormentato triangolo amoroso raccontato da una delle pi\u00f9 grandi scrittrici dell\u2019inizio del Novecento.\" \/>\n<meta property=\"og:url\" content=\"https:\/\/www.ledizioni.it\/en\/product\/linfedele\/\" \/>\n<meta property=\"og:site_name\" content=\"Ledizioni\" \/>\n<meta property=\"article:publisher\" content=\"https:\/\/www.facebook.com\/pages\/Ledizioni-LediPublishing\/109120559173329\" \/>\n<meta property=\"article:modified_time\" content=\"2022-03-30T12:44:48+00:00\" \/>\n<meta property=\"og:image\" content=\"https:\/\/www.ledizioni.it\/stag\/wp-content\/uploads\/2015\/03\/Copertina_3D.jpg\" \/>\n\t<meta property=\"og:image:width\" content=\"1469\" \/>\n\t<meta property=\"og:image:height\" content=\"2016\" \/>\n\t<meta property=\"og:image:type\" content=\"image\/jpeg\" \/>\n<meta name=\"twitter:card\" content=\"summary_large_image\" \/>\n<meta name=\"twitter:site\" content=\"@ledizioni\" \/>\n<script type=\"application\/ld+json\" class=\"yoast-schema-graph\">{\"@context\":\"https:\\\/\\\/schema.org\",\"@graph\":[{\"@type\":\"WebPage\",\"@id\":\"https:\\\/\\\/www.ledizioni.it\\\/prodotto\\\/linfedele\\\/\",\"url\":\"https:\\\/\\\/www.ledizioni.it\\\/prodotto\\\/linfedele\\\/\",\"name\":\"L'infedele -\",\"isPartOf\":{\"@id\":\"https:\\\/\\\/www.ledizioni.it\\\/#website\"},\"primaryImageOfPage\":{\"@id\":\"https:\\\/\\\/www.ledizioni.it\\\/prodotto\\\/linfedele\\\/#primaryimage\"},\"image\":{\"@id\":\"https:\\\/\\\/www.ledizioni.it\\\/prodotto\\\/linfedele\\\/#primaryimage\"},\"thumbnailUrl\":\"https:\\\/\\\/www.ledizioni.it\\\/stag\\\/wp-content\\\/uploads\\\/2015\\\/03\\\/Copertina_3D.jpg\",\"datePublished\":\"2015-03-10T14:44:20+00:00\",\"dateModified\":\"2022-03-30T12:44:48+00:00\",\"description\":\"Un tormentato triangolo amoroso raccontato da una delle pi\u00f9 grandi scrittrici dell\u2019inizio del Novecento.\",\"breadcrumb\":{\"@id\":\"https:\\\/\\\/www.ledizioni.it\\\/prodotto\\\/linfedele\\\/#breadcrumb\"},\"inLanguage\":\"en-GB\",\"potentialAction\":[{\"@type\":\"ReadAction\",\"target\":[\"https:\\\/\\\/www.ledizioni.it\\\/prodotto\\\/linfedele\\\/\"]}]},{\"@type\":\"ImageObject\",\"inLanguage\":\"en-GB\",\"@id\":\"https:\\\/\\\/www.ledizioni.it\\\/prodotto\\\/linfedele\\\/#primaryimage\",\"url\":\"https:\\\/\\\/www.ledizioni.it\\\/stag\\\/wp-content\\\/uploads\\\/2015\\\/03\\\/Copertina_3D.jpg\",\"contentUrl\":\"https:\\\/\\\/www.ledizioni.it\\\/stag\\\/wp-content\\\/uploads\\\/2015\\\/03\\\/Copertina_3D.jpg\",\"width\":1469,\"height\":2016},{\"@type\":\"BreadcrumbList\",\"@id\":\"https:\\\/\\\/www.ledizioni.it\\\/prodotto\\\/linfedele\\\/#breadcrumb\",\"itemListElement\":[{\"@type\":\"ListItem\",\"position\":1,\"name\":\"Shop\",\"item\":\"https:\\\/\\\/www.ledizioni.it\\\/shop-2\\\/\"},{\"@type\":\"ListItem\",\"position\":2,\"name\":\"L&#8217;infedele\"}]},{\"@type\":\"WebSite\",\"@id\":\"https:\\\/\\\/www.ledizioni.it\\\/#website\",\"url\":\"https:\\\/\\\/www.ledizioni.it\\\/\",\"name\":\"Ledizioni\",\"description\":\"The Innovative LediPublishing Company - Casa Editrice Universitaria\",\"publisher\":{\"@id\":\"https:\\\/\\\/www.ledizioni.it\\\/#organization\"},\"potentialAction\":[{\"@type\":\"SearchAction\",\"target\":{\"@type\":\"EntryPoint\",\"urlTemplate\":\"https:\\\/\\\/www.ledizioni.it\\\/?s={search_term_string}\"},\"query-input\":{\"@type\":\"PropertyValueSpecification\",\"valueRequired\":true,\"valueName\":\"search_term_string\"}}],\"inLanguage\":\"en-GB\"},{\"@type\":\"Organization\",\"@id\":\"https:\\\/\\\/www.ledizioni.it\\\/#organization\",\"name\":\"Ledizioni\",\"url\":\"https:\\\/\\\/www.ledizioni.it\\\/\",\"logo\":{\"@type\":\"ImageObject\",\"inLanguage\":\"en-GB\",\"@id\":\"https:\\\/\\\/www.ledizioni.it\\\/#\\\/schema\\\/logo\\\/image\\\/\",\"url\":\"https:\\\/\\\/www.ledizioni.it\\\/stag\\\/wp-content\\\/uploads\\\/2023\\\/10\\\/newlogoledizioni500x110_2-1.jpg\",\"contentUrl\":\"https:\\\/\\\/www.ledizioni.it\\\/stag\\\/wp-content\\\/uploads\\\/2023\\\/10\\\/newlogoledizioni500x110_2-1.jpg\",\"width\":354,\"height\":87,\"caption\":\"Ledizioni\"},\"image\":{\"@id\":\"https:\\\/\\\/www.ledizioni.it\\\/#\\\/schema\\\/logo\\\/image\\\/\"},\"sameAs\":[\"https:\\\/\\\/www.facebook.com\\\/pages\\\/Ledizioni-LediPublishing\\\/109120559173329\",\"https:\\\/\\\/x.com\\\/ledizioni\"]}]}<\/script>\n<!-- \/ Yoast SEO plugin. -->","yoast_head_json":{"title":"L'infedele -","description":"Un tormentato triangolo amoroso raccontato da una delle pi\u00f9 grandi scrittrici dell\u2019inizio del Novecento.","robots":{"index":"index","follow":"follow","max-snippet":"max-snippet:-1","max-image-preview":"max-image-preview:large","max-video-preview":"max-video-preview:-1"},"canonical":"https:\/\/www.ledizioni.it\/en\/product\/linfedele\/","og_locale":"en_GB","og_type":"article","og_title":"L'infedele -","og_description":"Un tormentato triangolo amoroso raccontato da una delle pi\u00f9 grandi scrittrici dell\u2019inizio del Novecento.","og_url":"https:\/\/www.ledizioni.it\/en\/product\/linfedele\/","og_site_name":"Ledizioni","article_publisher":"https:\/\/www.facebook.com\/pages\/Ledizioni-LediPublishing\/109120559173329","article_modified_time":"2022-03-30T12:44:48+00:00","og_image":[{"width":1469,"height":2016,"url":"https:\/\/www.ledizioni.it\/stag\/wp-content\/uploads\/2015\/03\/Copertina_3D.jpg","type":"image\/jpeg"}],"twitter_card":"summary_large_image","twitter_site":"@ledizioni","schema":{"@context":"https:\/\/schema.org","@graph":[{"@type":"WebPage","@id":"https:\/\/www.ledizioni.it\/prodotto\/linfedele\/","url":"https:\/\/www.ledizioni.it\/prodotto\/linfedele\/","name":"L'infedele -","isPartOf":{"@id":"https:\/\/www.ledizioni.it\/#website"},"primaryImageOfPage":{"@id":"https:\/\/www.ledizioni.it\/prodotto\/linfedele\/#primaryimage"},"image":{"@id":"https:\/\/www.ledizioni.it\/prodotto\/linfedele\/#primaryimage"},"thumbnailUrl":"https:\/\/www.ledizioni.it\/stag\/wp-content\/uploads\/2015\/03\/Copertina_3D.jpg","datePublished":"2015-03-10T14:44:20+00:00","dateModified":"2022-03-30T12:44:48+00:00","description":"Un tormentato triangolo amoroso raccontato da una delle pi\u00f9 grandi scrittrici dell\u2019inizio del Novecento.","breadcrumb":{"@id":"https:\/\/www.ledizioni.it\/prodotto\/linfedele\/#breadcrumb"},"inLanguage":"en-GB","potentialAction":[{"@type":"ReadAction","target":["https:\/\/www.ledizioni.it\/prodotto\/linfedele\/"]}]},{"@type":"ImageObject","inLanguage":"en-GB","@id":"https:\/\/www.ledizioni.it\/prodotto\/linfedele\/#primaryimage","url":"https:\/\/www.ledizioni.it\/stag\/wp-content\/uploads\/2015\/03\/Copertina_3D.jpg","contentUrl":"https:\/\/www.ledizioni.it\/stag\/wp-content\/uploads\/2015\/03\/Copertina_3D.jpg","width":1469,"height":2016},{"@type":"BreadcrumbList","@id":"https:\/\/www.ledizioni.it\/prodotto\/linfedele\/#breadcrumb","itemListElement":[{"@type":"ListItem","position":1,"name":"Shop","item":"https:\/\/www.ledizioni.it\/shop-2\/"},{"@type":"ListItem","position":2,"name":"L&#8217;infedele"}]},{"@type":"WebSite","@id":"https:\/\/www.ledizioni.it\/#website","url":"https:\/\/www.ledizioni.it\/","name":"Ledizioni","description":"The Innovative LediPublishing Company - Casa Editrice Universitaria","publisher":{"@id":"https:\/\/www.ledizioni.it\/#organization"},"potentialAction":[{"@type":"SearchAction","target":{"@type":"EntryPoint","urlTemplate":"https:\/\/www.ledizioni.it\/?s={search_term_string}"},"query-input":{"@type":"PropertyValueSpecification","valueRequired":true,"valueName":"search_term_string"}}],"inLanguage":"en-GB"},{"@type":"Organization","@id":"https:\/\/www.ledizioni.it\/#organization","name":"Ledizioni","url":"https:\/\/www.ledizioni.it\/","logo":{"@type":"ImageObject","inLanguage":"en-GB","@id":"https:\/\/www.ledizioni.it\/#\/schema\/logo\/image\/","url":"https:\/\/www.ledizioni.it\/stag\/wp-content\/uploads\/2023\/10\/newlogoledizioni500x110_2-1.jpg","contentUrl":"https:\/\/www.ledizioni.it\/stag\/wp-content\/uploads\/2023\/10\/newlogoledizioni500x110_2-1.jpg","width":354,"height":87,"caption":"Ledizioni"},"image":{"@id":"https:\/\/www.ledizioni.it\/#\/schema\/logo\/image\/"},"sameAs":["https:\/\/www.facebook.com\/pages\/Ledizioni-LediPublishing\/109120559173329","https:\/\/x.com\/ledizioni"]}]}},"jetpack_sharing_enabled":true,"_links":{"self":[{"href":"https:\/\/www.ledizioni.it\/en\/wp-json\/wp\/v2\/product\/9691","targetHints":{"allow":["GET"]}}],"collection":[{"href":"https:\/\/www.ledizioni.it\/en\/wp-json\/wp\/v2\/product"}],"about":[{"href":"https:\/\/www.ledizioni.it\/en\/wp-json\/wp\/v2\/types\/product"}],"replies":[{"embeddable":true,"href":"https:\/\/www.ledizioni.it\/en\/wp-json\/wp\/v2\/comments?post=9691"}],"version-history":[{"count":1,"href":"https:\/\/www.ledizioni.it\/en\/wp-json\/wp\/v2\/product\/9691\/revisions"}],"predecessor-version":[{"id":9806,"href":"https:\/\/www.ledizioni.it\/en\/wp-json\/wp\/v2\/product\/9691\/revisions\/9806"}],"wp:featuredmedia":[{"embeddable":true,"href":"https:\/\/www.ledizioni.it\/en\/wp-json\/wp\/v2\/media\/9692"}],"wp:attachment":[{"href":"https:\/\/www.ledizioni.it\/en\/wp-json\/wp\/v2\/media?parent=9691"}],"wp:term":[{"taxonomy":"product_brand","embeddable":true,"href":"https:\/\/www.ledizioni.it\/en\/wp-json\/wp\/v2\/product_brand?post=9691"},{"taxonomy":"product_cat","embeddable":true,"href":"https:\/\/www.ledizioni.it\/en\/wp-json\/wp\/v2\/product_cat?post=9691"},{"taxonomy":"product_tag","embeddable":true,"href":"https:\/\/www.ledizioni.it\/en\/wp-json\/wp\/v2\/product_tag?post=9691"}],"curies":[{"name":"wp","href":"https:\/\/api.w.org\/{rel}","templated":true}]}}