{"id":9708,"date":"2015-03-12T16:38:46","date_gmt":"2015-03-12T16:38:46","guid":{"rendered":"http:\/\/www.ledizioni.it\/?post_type=product&#038;p=9708"},"modified":"2020-10-05T14:49:26","modified_gmt":"2020-10-05T12:49:26","slug":"madrigne-in-ununica-partitura","status":"publish","type":"product","link":"https:\/\/www.ledizioni.it\/en\/product\/madrigne-in-ununica-partitura\/","title":{"rendered":"MADRIGNE in un&#8217;unica partitura"},"content":{"rendered":"<p style=\"text-align: justify;\"><a href=\"http:\/\/www.compagniadellepoete.com\/\" target=\"_blank\" rel=\"noopener\">www.compagniadellepoete.com<\/a><\/p>\n<p style=\"text-align: justify;\">&#8220;La poesia della migrazione in italiano \u00e8 costituita soprattutto da voci femminili, tante, diverse, ma tra loro solidali, amiche. Una poesia particolare nel panorama contemporaneo, poich\u00e9 \u00e8 pi\u00f9 narrativa, o pi\u00f9 legata alla rappresentazione, al teatro [&#8230;] una poesia in cui l\u2019\u00abio\u00bb lirico proviene da spazi geografici lontani, spesso frammentato in suoni diversi, poich\u00e9 proveniente da lingue diverse, ma che confluisce nell\u2019italiano, lingua di adozione per scelta, per amore o per necessit\u00e0. Una poesia legata molto al corpo e a quotidianit\u00e0 passate e presenti, ove il termine <em>Madrigne<\/em>, titolo che raccoglie e riunisce una pluralit\u00e0 di voci, rappresenta una cellula che condensa tanti ruoli femminili: quello di madre, di madrina, di matrigna. Una sorta di grande matriosca che contiene donne e voci nascoste, pezzi di vita nascosti, tutto sotto il segno della muliebrit\u00e0&#8221;.<br \/>\n(Dall&#8217;introduzione di Laura Toppan)<\/p>\n<p style=\"text-align: justify;\"><strong>DATI BIBLIOGRAFICI<\/strong><br \/>\nTitolo: MADRIGNE in un&#8217;unica partitura<br \/>\nAutore: Compagnia delle Poete (a cura di Gioia Panzarella)<br \/>\nCollana: <a href=\"http:\/\/www.ledizioni.it\/en\/product-category\/scienze-umane-2\/teatro-scienze-umane-2\/intercult\/\">Teatro Interculturale<\/a><br \/>\nFormato: cartaceo ed ePub<br \/>\nISBN cartaceo: 9788867052912<br \/>\nISBN ebook: 9788867052929<br \/>\nPrezzo cartaceo: 10.00\u20ac<br \/>\nPrezzo ebook: 2.99\u20ac<\/p>\n<p><a href=\"http:\/\/www.mondadoristore.it\/Madrigne-in-un-unica-partitura-Compagnia-delle-Poete\/eai978886705291\/?sessionToken=Yf6jDiaXLV0vg4TifJ0yhNKVFAJTd9uh\" target=\"_blank\" rel=\"noopener\"><img decoding=\"async\" class=\"alignnone size-full wp-image-14398 aligncenter\" src=\"http:\/\/www.ledizioni.it\/stag\/wp-content\/uploads\/2012\/06\/red-podok.jpg\" alt=\"Pod MondadoriStore\" width=\"200\" height=\"82\" \/><\/a><\/p>","protected":false},"excerpt":{"rendered":"<p>www.compagniadellepoete.com &#8220;La poesia della migrazione in italiano \u00e8 costituita soprattutto da voci femminili, tante, diverse, ma tra loro solidali, amiche.<\/p>","protected":false},"featured_media":9709,"comment_status":"open","ping_status":"closed","template":"","meta":{"_acf_changed":false},"product_brand":[],"product_cat":[635],"product_tag":[646,1056,1041],"class_list":{"0":"post-9708","1":"product","2":"type-product","3":"status-publish","4":"has-post-thumbnail","6":"product_cat-intercult","7":"product_tag-interculturale","8":"product_tag-poesia","9":"product_tag-teatro","10":"pa_formato-cartaceo","11":"pa_formato-ebook-in-epub","13":"first","14":"instock","15":"featured","16":"shipping-taxable","17":"purchasable","18":"product-type-variable"},"acf":[],"yoast_head":"<!-- This site is optimized with the Yoast SEO plugin v27.4 - https:\/\/yoast.com\/product\/yoast-seo-wordpress\/ -->\n<title>MADRIGNE in un&#039;unica partitura -<\/title>\n<meta name=\"description\" content=\"Ledizioni - Innovative Publishing. Casa editrice universitaria. Open Access. eBook, ePub. Creative Commons.\" \/>\n<meta name=\"robots\" content=\"index, follow, max-snippet:-1, max-image-preview:large, max-video-preview:-1\" \/>\n<link rel=\"canonical\" href=\"https:\/\/www.ledizioni.it\/en\/product\/madrigne-in-ununica-partitura\/\" \/>\n<meta property=\"og:locale\" content=\"en_GB\" \/>\n<meta property=\"og:type\" content=\"article\" \/>\n<meta property=\"og:title\" content=\"MADRIGNE in un&#039;unica partitura -\" \/>\n<meta property=\"og:description\" content=\"Ledizioni - Innovative Publishing. Casa editrice universitaria. Open Access. eBook, ePub. Creative Commons.\" \/>\n<meta property=\"og:url\" content=\"https:\/\/www.ledizioni.it\/en\/product\/madrigne-in-ununica-partitura\/\" \/>\n<meta property=\"og:site_name\" content=\"Ledizioni\" \/>\n<meta property=\"article:publisher\" content=\"https:\/\/www.facebook.com\/pages\/Ledizioni-LediPublishing\/109120559173329\" \/>\n<meta property=\"article:modified_time\" content=\"2020-10-05T12:49:26+00:00\" \/>\n<meta property=\"og:image\" content=\"https:\/\/www.ledizioni.it\/stag\/wp-content\/uploads\/2015\/03\/Copertina_3D1.jpg\" \/>\n\t<meta property=\"og:image:width\" content=\"1481\" \/>\n\t<meta property=\"og:image:height\" content=\"2058\" \/>\n\t<meta property=\"og:image:type\" content=\"image\/jpeg\" \/>\n<meta name=\"twitter:card\" content=\"summary_large_image\" \/>\n<meta name=\"twitter:site\" content=\"@ledizioni\" \/>\n<meta name=\"twitter:label1\" content=\"Estimated reading time\" \/>\n\t<meta name=\"twitter:data1\" content=\"1 minute\" \/>\n<script type=\"application\/ld+json\" class=\"yoast-schema-graph\">{\"@context\":\"https:\\\/\\\/schema.org\",\"@graph\":[{\"@type\":\"WebPage\",\"@id\":\"https:\\\/\\\/www.ledizioni.it\\\/prodotto\\\/madrigne-in-ununica-partitura\\\/\",\"url\":\"https:\\\/\\\/www.ledizioni.it\\\/prodotto\\\/madrigne-in-ununica-partitura\\\/\",\"name\":\"MADRIGNE in un'unica partitura -\",\"isPartOf\":{\"@id\":\"https:\\\/\\\/www.ledizioni.it\\\/#website\"},\"primaryImageOfPage\":{\"@id\":\"https:\\\/\\\/www.ledizioni.it\\\/prodotto\\\/madrigne-in-ununica-partitura\\\/#primaryimage\"},\"image\":{\"@id\":\"https:\\\/\\\/www.ledizioni.it\\\/prodotto\\\/madrigne-in-ununica-partitura\\\/#primaryimage\"},\"thumbnailUrl\":\"https:\\\/\\\/www.ledizioni.it\\\/stag\\\/wp-content\\\/uploads\\\/2015\\\/03\\\/Copertina_3D1.jpg\",\"datePublished\":\"2015-03-12T16:38:46+00:00\",\"dateModified\":\"2020-10-05T12:49:26+00:00\",\"description\":\"Ledizioni - Innovative Publishing. Casa editrice universitaria. Open Access. eBook, ePub. Creative Commons.\",\"breadcrumb\":{\"@id\":\"https:\\\/\\\/www.ledizioni.it\\\/prodotto\\\/madrigne-in-ununica-partitura\\\/#breadcrumb\"},\"inLanguage\":\"en-GB\",\"potentialAction\":[{\"@type\":\"ReadAction\",\"target\":[\"https:\\\/\\\/www.ledizioni.it\\\/prodotto\\\/madrigne-in-ununica-partitura\\\/\"]}]},{\"@type\":\"ImageObject\",\"inLanguage\":\"en-GB\",\"@id\":\"https:\\\/\\\/www.ledizioni.it\\\/prodotto\\\/madrigne-in-ununica-partitura\\\/#primaryimage\",\"url\":\"https:\\\/\\\/www.ledizioni.it\\\/stag\\\/wp-content\\\/uploads\\\/2015\\\/03\\\/Copertina_3D1.jpg\",\"contentUrl\":\"https:\\\/\\\/www.ledizioni.it\\\/stag\\\/wp-content\\\/uploads\\\/2015\\\/03\\\/Copertina_3D1.jpg\",\"width\":1481,\"height\":2058},{\"@type\":\"BreadcrumbList\",\"@id\":\"https:\\\/\\\/www.ledizioni.it\\\/prodotto\\\/madrigne-in-ununica-partitura\\\/#breadcrumb\",\"itemListElement\":[{\"@type\":\"ListItem\",\"position\":1,\"name\":\"Shop\",\"item\":\"https:\\\/\\\/www.ledizioni.it\\\/shop-2\\\/\"},{\"@type\":\"ListItem\",\"position\":2,\"name\":\"MADRIGNE in un&#8217;unica partitura\"}]},{\"@type\":\"WebSite\",\"@id\":\"https:\\\/\\\/www.ledizioni.it\\\/#website\",\"url\":\"https:\\\/\\\/www.ledizioni.it\\\/\",\"name\":\"Ledizioni\",\"description\":\"The Innovative LediPublishing Company - Casa Editrice Universitaria\",\"publisher\":{\"@id\":\"https:\\\/\\\/www.ledizioni.it\\\/#organization\"},\"potentialAction\":[{\"@type\":\"SearchAction\",\"target\":{\"@type\":\"EntryPoint\",\"urlTemplate\":\"https:\\\/\\\/www.ledizioni.it\\\/?s={search_term_string}\"},\"query-input\":{\"@type\":\"PropertyValueSpecification\",\"valueRequired\":true,\"valueName\":\"search_term_string\"}}],\"inLanguage\":\"en-GB\"},{\"@type\":\"Organization\",\"@id\":\"https:\\\/\\\/www.ledizioni.it\\\/#organization\",\"name\":\"Ledizioni\",\"url\":\"https:\\\/\\\/www.ledizioni.it\\\/\",\"logo\":{\"@type\":\"ImageObject\",\"inLanguage\":\"en-GB\",\"@id\":\"https:\\\/\\\/www.ledizioni.it\\\/#\\\/schema\\\/logo\\\/image\\\/\",\"url\":\"https:\\\/\\\/www.ledizioni.it\\\/stag\\\/wp-content\\\/uploads\\\/2023\\\/10\\\/newlogoledizioni500x110_2-1.jpg\",\"contentUrl\":\"https:\\\/\\\/www.ledizioni.it\\\/stag\\\/wp-content\\\/uploads\\\/2023\\\/10\\\/newlogoledizioni500x110_2-1.jpg\",\"width\":354,\"height\":87,\"caption\":\"Ledizioni\"},\"image\":{\"@id\":\"https:\\\/\\\/www.ledizioni.it\\\/#\\\/schema\\\/logo\\\/image\\\/\"},\"sameAs\":[\"https:\\\/\\\/www.facebook.com\\\/pages\\\/Ledizioni-LediPublishing\\\/109120559173329\",\"https:\\\/\\\/x.com\\\/ledizioni\"]}]}<\/script>\n<!-- \/ Yoast SEO plugin. -->","yoast_head_json":{"title":"MADRIGNE in un'unica partitura -","description":"Ledizioni - Innovative Publishing. Casa editrice universitaria. Open Access. eBook, ePub. Creative Commons.","robots":{"index":"index","follow":"follow","max-snippet":"max-snippet:-1","max-image-preview":"max-image-preview:large","max-video-preview":"max-video-preview:-1"},"canonical":"https:\/\/www.ledizioni.it\/en\/product\/madrigne-in-ununica-partitura\/","og_locale":"en_GB","og_type":"article","og_title":"MADRIGNE in un'unica partitura -","og_description":"Ledizioni - Innovative Publishing. Casa editrice universitaria. Open Access. eBook, ePub. Creative Commons.","og_url":"https:\/\/www.ledizioni.it\/en\/product\/madrigne-in-ununica-partitura\/","og_site_name":"Ledizioni","article_publisher":"https:\/\/www.facebook.com\/pages\/Ledizioni-LediPublishing\/109120559173329","article_modified_time":"2020-10-05T12:49:26+00:00","og_image":[{"width":1481,"height":2058,"url":"https:\/\/www.ledizioni.it\/stag\/wp-content\/uploads\/2015\/03\/Copertina_3D1.jpg","type":"image\/jpeg"}],"twitter_card":"summary_large_image","twitter_site":"@ledizioni","twitter_misc":{"Estimated reading time":"1 minute"},"schema":{"@context":"https:\/\/schema.org","@graph":[{"@type":"WebPage","@id":"https:\/\/www.ledizioni.it\/prodotto\/madrigne-in-ununica-partitura\/","url":"https:\/\/www.ledizioni.it\/prodotto\/madrigne-in-ununica-partitura\/","name":"MADRIGNE in un'unica partitura -","isPartOf":{"@id":"https:\/\/www.ledizioni.it\/#website"},"primaryImageOfPage":{"@id":"https:\/\/www.ledizioni.it\/prodotto\/madrigne-in-ununica-partitura\/#primaryimage"},"image":{"@id":"https:\/\/www.ledizioni.it\/prodotto\/madrigne-in-ununica-partitura\/#primaryimage"},"thumbnailUrl":"https:\/\/www.ledizioni.it\/stag\/wp-content\/uploads\/2015\/03\/Copertina_3D1.jpg","datePublished":"2015-03-12T16:38:46+00:00","dateModified":"2020-10-05T12:49:26+00:00","description":"Ledizioni - Innovative Publishing. Casa editrice universitaria. Open Access. eBook, ePub. Creative Commons.","breadcrumb":{"@id":"https:\/\/www.ledizioni.it\/prodotto\/madrigne-in-ununica-partitura\/#breadcrumb"},"inLanguage":"en-GB","potentialAction":[{"@type":"ReadAction","target":["https:\/\/www.ledizioni.it\/prodotto\/madrigne-in-ununica-partitura\/"]}]},{"@type":"ImageObject","inLanguage":"en-GB","@id":"https:\/\/www.ledizioni.it\/prodotto\/madrigne-in-ununica-partitura\/#primaryimage","url":"https:\/\/www.ledizioni.it\/stag\/wp-content\/uploads\/2015\/03\/Copertina_3D1.jpg","contentUrl":"https:\/\/www.ledizioni.it\/stag\/wp-content\/uploads\/2015\/03\/Copertina_3D1.jpg","width":1481,"height":2058},{"@type":"BreadcrumbList","@id":"https:\/\/www.ledizioni.it\/prodotto\/madrigne-in-ununica-partitura\/#breadcrumb","itemListElement":[{"@type":"ListItem","position":1,"name":"Shop","item":"https:\/\/www.ledizioni.it\/shop-2\/"},{"@type":"ListItem","position":2,"name":"MADRIGNE in un&#8217;unica partitura"}]},{"@type":"WebSite","@id":"https:\/\/www.ledizioni.it\/#website","url":"https:\/\/www.ledizioni.it\/","name":"Ledizioni","description":"The Innovative LediPublishing Company - Casa Editrice Universitaria","publisher":{"@id":"https:\/\/www.ledizioni.it\/#organization"},"potentialAction":[{"@type":"SearchAction","target":{"@type":"EntryPoint","urlTemplate":"https:\/\/www.ledizioni.it\/?s={search_term_string}"},"query-input":{"@type":"PropertyValueSpecification","valueRequired":true,"valueName":"search_term_string"}}],"inLanguage":"en-GB"},{"@type":"Organization","@id":"https:\/\/www.ledizioni.it\/#organization","name":"Ledizioni","url":"https:\/\/www.ledizioni.it\/","logo":{"@type":"ImageObject","inLanguage":"en-GB","@id":"https:\/\/www.ledizioni.it\/#\/schema\/logo\/image\/","url":"https:\/\/www.ledizioni.it\/stag\/wp-content\/uploads\/2023\/10\/newlogoledizioni500x110_2-1.jpg","contentUrl":"https:\/\/www.ledizioni.it\/stag\/wp-content\/uploads\/2023\/10\/newlogoledizioni500x110_2-1.jpg","width":354,"height":87,"caption":"Ledizioni"},"image":{"@id":"https:\/\/www.ledizioni.it\/#\/schema\/logo\/image\/"},"sameAs":["https:\/\/www.facebook.com\/pages\/Ledizioni-LediPublishing\/109120559173329","https:\/\/x.com\/ledizioni"]}]}},"jetpack_sharing_enabled":true,"_links":{"self":[{"href":"https:\/\/www.ledizioni.it\/en\/wp-json\/wp\/v2\/product\/9708","targetHints":{"allow":["GET"]}}],"collection":[{"href":"https:\/\/www.ledizioni.it\/en\/wp-json\/wp\/v2\/product"}],"about":[{"href":"https:\/\/www.ledizioni.it\/en\/wp-json\/wp\/v2\/types\/product"}],"replies":[{"embeddable":true,"href":"https:\/\/www.ledizioni.it\/en\/wp-json\/wp\/v2\/comments?post=9708"}],"version-history":[{"count":1,"href":"https:\/\/www.ledizioni.it\/en\/wp-json\/wp\/v2\/product\/9708\/revisions"}],"predecessor-version":[{"id":9780,"href":"https:\/\/www.ledizioni.it\/en\/wp-json\/wp\/v2\/product\/9708\/revisions\/9780"}],"wp:featuredmedia":[{"embeddable":true,"href":"https:\/\/www.ledizioni.it\/en\/wp-json\/wp\/v2\/media\/9709"}],"wp:attachment":[{"href":"https:\/\/www.ledizioni.it\/en\/wp-json\/wp\/v2\/media?parent=9708"}],"wp:term":[{"taxonomy":"product_brand","embeddable":true,"href":"https:\/\/www.ledizioni.it\/en\/wp-json\/wp\/v2\/product_brand?post=9708"},{"taxonomy":"product_cat","embeddable":true,"href":"https:\/\/www.ledizioni.it\/en\/wp-json\/wp\/v2\/product_cat?post=9708"},{"taxonomy":"product_tag","embeddable":true,"href":"https:\/\/www.ledizioni.it\/en\/wp-json\/wp\/v2\/product_tag?post=9708"}],"curies":[{"name":"wp","href":"https:\/\/api.w.org\/{rel}","templated":true}]}}