{"id":9840,"date":"2015-03-25T14:57:00","date_gmt":"2015-03-25T14:57:00","guid":{"rendered":"http:\/\/www.ledizioni.it\/?post_type=product&#038;p=9840"},"modified":"2021-05-13T17:02:30","modified_gmt":"2021-05-13T15:02:30","slug":"mario-autieri-husserl-intenzionalita-e-precategoriale","status":"publish","type":"product","link":"https:\/\/www.ledizioni.it\/en\/product\/mario-autieri-husserl-intenzionalita-e-precategoriale\/","title":{"rendered":"HUSSERL. INTENZIONALIT\u00c0 E PRECATEGORIALE"},"content":{"rendered":"<p style=\"text-align: justify;\">Se la percezione \u00e8 gi\u00f9 strutturata linguisticamente, l\u2019idea che il reale oggettivo, cos\u00ec come esso \u00e8 espresso dal giudizio\u00a0<em>S \u00e9 P<\/em>, possa radicarsi nella sfera intuitiva viene a cadere, proprio perch\u00e9 ritroveremmo in esso non delle propriet\u00e0 reali, ma delle specie concettuali. A meno che, come in effetti si prover\u00e0 a spiegare, non sia possibile riconoscere un accordo tra la sfera intuitiva e quella concettuale mediante l\u2019operativit\u00e0 di una \u201ctipica\u201d della coscienza passiva. Se, come avviene in\u00a0<em>Esperienza e Giudizio<\/em>, noi constatiamo che la percezione non \u00e8 \u201csemplice\u201d, e che ogni gi\u00e0 in essa opera una sintesi esplicativa, noi stiamo considerando il livello dell\u2019intuizione come autonomo rispetto al giudizio, cio\u00e8 rispetto alla necessit\u00e0 che intervengano nuovi atti intenzionali per determinare le caratteristiche della percezione. Ma se la percezione annovera gi\u00e0 in s\u00e9 dei riferimenti a delle oggettivit\u00e0 universali, ci si scontra con il problema che la genesi di quest\u2019 ultime viene da Husserl tracciata proprio a partire dalla sfera intuitiva, come si evince in\u00a0<em>Esperienza e Giudizio<\/em>; veniamo cos\u00ec rinviati dalla sfera intuitiva agli elementi concettuali e viceversa; \u00e8 possibile uscire da quello che, in effetti, \u00e8 un circolo vizioso?<\/p>\n<p style=\"text-align: justify;\"><strong>DATI BIBLIOGRAFICI<\/strong><br \/>\nAutore: Mario Autieri<br \/>\nTitolo: Husserl. Intenzionalit\u00e0 e precategoriale<br \/>\nCollana: <a href=\"https:\/\/www.ledizioni.it\/en\/product-category\/filosofia1\/filo\/\" target=\"_blank\" rel=\"noopener\">Philosophy<\/a><br \/>\nISBN cartaceo: 9788867053100<br \/>\nPrezzo cartaceo: \u20ac 14.00<\/p>\n<p style=\"text-align: justify;\"><a href=\"http:\/\/www.mondadoristore.it\/Husserl-Autieri-Mario\/eab\/selfespress\/9788867053100\/\" target=\"_blank\" rel=\"noopener\"><img decoding=\"async\" class=\"size-full wp-image-14398 aligncenter\" src=\"http:\/\/www.ledizioni.it\/stag\/wp-content\/uploads\/2012\/06\/red-podok.jpg\" alt=\"Pod MondadoriStore\" width=\"200\" height=\"82\" \/><\/a><\/p>\n<p><a href=\"https:\/\/www.amazon.it\/gp\/product\/8867053108\/ref=as_li_tl?ie=UTF8&amp;camp=3414&amp;creative=21718&amp;creativeASIN=8867057839&amp;linkCode=as2&amp;tag=ledizioni-21&amp;linkId=21587617ce23b3075bd3743ada8c92c3\" target=\"_blank\" rel=\"noopener\"><img decoding=\"async\" class=\"aligncenter size-medium wp-image-23060\" src=\"https:\/\/www.ledizioni.it\/stag\/wp-content\/uploads\/2018\/10\/pulsante-amazon-1-300x104.jpg\" alt=\"\" width=\"150\" height=\"50\" \/><\/a><img decoding=\"async\" style=\"border: none !important; margin: 0px !important;\" src=\"\/\/ir-it.amazon-adsystem.com\/e\/ir?t=ledizioni-21&amp;l=am2&amp;o=29&amp;a=8867057839\" alt=\"\" width=\"1\" height=\"1\" border=\"0\" \/><\/p>\n<p><a href=\"https:\/\/www.torrossa.com\/it\/resources\/an\/3062117\"><img loading=\"lazy\" decoding=\"async\" class=\"aligncenter wp-image-23912\" src=\"https:\/\/www.ledizioni.it\/stag\/wp-content\/uploads\/2019\/07\/torrossa_web-150x80.jpg\" alt=\"\" width=\"200\" height=\"60\" \/><\/a><\/p>","protected":false},"excerpt":{"rendered":"<p>Se la percezione \u00e8 gi\u00f9 strutturata linguisticamente, l\u2019idea che il reale oggettivo, cos\u00ec come esso \u00e8 espresso dal giudizio\u00a0S \u00e9<\/p>","protected":false},"featured_media":9841,"comment_status":"open","ping_status":"closed","template":"","meta":{"_acf_changed":false},"product_brand":[],"product_cat":[2457],"product_tag":[2502],"class_list":{"0":"post-9840","1":"product","2":"type-product","3":"status-publish","4":"has-post-thumbnail","6":"product_cat-filo","7":"product_tag-fenomelogia","8":"pa_formato-cartaceo","9":"pa_lingua-italiano","11":"first","12":"instock","13":"featured","14":"shipping-taxable","15":"purchasable","16":"product-type-simple"},"acf":[],"yoast_head":"<!-- This site is optimized with the Yoast SEO plugin v27.3 - https:\/\/yoast.com\/product\/yoast-seo-wordpress\/ -->\n<title>HUSSERL. INTENZIONALIT\u00c0 E PRECATEGORIALE -<\/title>\n<meta name=\"description\" content=\"Husserl. Intenzionalit\u00e0 e precategoriale, una discussione a partire da Esperienza e Giudizio\" \/>\n<meta name=\"robots\" content=\"index, follow, max-snippet:-1, max-image-preview:large, max-video-preview:-1\" \/>\n<link rel=\"canonical\" href=\"https:\/\/www.ledizioni.it\/en\/product\/mario-autieri-husserl-intenzionalita-e-precategoriale\/\" \/>\n<meta property=\"og:locale\" content=\"en_GB\" \/>\n<meta property=\"og:type\" content=\"article\" \/>\n<meta property=\"og:title\" content=\"HUSSERL. INTENZIONALIT\u00c0 E PRECATEGORIALE -\" \/>\n<meta property=\"og:description\" content=\"Husserl. Intenzionalit\u00e0 e precategoriale, una discussione a partire da Esperienza e Giudizio\" \/>\n<meta property=\"og:url\" content=\"https:\/\/www.ledizioni.it\/en\/product\/mario-autieri-husserl-intenzionalita-e-precategoriale\/\" \/>\n<meta property=\"og:site_name\" content=\"Ledizioni\" \/>\n<meta property=\"article:publisher\" content=\"https:\/\/www.facebook.com\/pages\/Ledizioni-LediPublishing\/109120559173329\" \/>\n<meta property=\"article:modified_time\" content=\"2021-05-13T15:02:30+00:00\" \/>\n<meta property=\"og:image\" content=\"https:\/\/www.ledizioni.it\/stag\/wp-content\/uploads\/2015\/03\/Copertina_3D4.jpg\" \/>\n\t<meta property=\"og:image:width\" content=\"1499\" \/>\n\t<meta property=\"og:image:height\" content=\"1902\" \/>\n\t<meta property=\"og:image:type\" content=\"image\/jpeg\" \/>\n<meta name=\"twitter:card\" content=\"summary_large_image\" \/>\n<meta name=\"twitter:site\" content=\"@ledizioni\" \/>\n<meta name=\"twitter:label1\" content=\"Estimated reading time\" \/>\n\t<meta name=\"twitter:data1\" content=\"1 minute\" \/>\n<script type=\"application\/ld+json\" class=\"yoast-schema-graph\">{\"@context\":\"https:\\\/\\\/schema.org\",\"@graph\":[{\"@type\":\"WebPage\",\"@id\":\"https:\\\/\\\/www.ledizioni.it\\\/en\\\/product\\\/mario-autieri-husserl-intenzionalita-e-precategoriale\\\/\",\"url\":\"https:\\\/\\\/www.ledizioni.it\\\/en\\\/product\\\/mario-autieri-husserl-intenzionalita-e-precategoriale\\\/\",\"name\":\"HUSSERL. INTENZIONALIT\u00c0 E PRECATEGORIALE -\",\"isPartOf\":{\"@id\":\"https:\\\/\\\/www.ledizioni.it\\\/#website\"},\"primaryImageOfPage\":{\"@id\":\"https:\\\/\\\/www.ledizioni.it\\\/en\\\/product\\\/mario-autieri-husserl-intenzionalita-e-precategoriale\\\/#primaryimage\"},\"image\":{\"@id\":\"https:\\\/\\\/www.ledizioni.it\\\/en\\\/product\\\/mario-autieri-husserl-intenzionalita-e-precategoriale\\\/#primaryimage\"},\"thumbnailUrl\":\"https:\\\/\\\/www.ledizioni.it\\\/stag\\\/wp-content\\\/uploads\\\/2015\\\/03\\\/Copertina_3D4.jpg\",\"datePublished\":\"2015-03-25T14:57:00+00:00\",\"dateModified\":\"2021-05-13T15:02:30+00:00\",\"description\":\"Husserl. Intenzionalit\u00e0 e precategoriale, una discussione a partire da Esperienza e Giudizio\",\"breadcrumb\":{\"@id\":\"https:\\\/\\\/www.ledizioni.it\\\/en\\\/product\\\/mario-autieri-husserl-intenzionalita-e-precategoriale\\\/#breadcrumb\"},\"inLanguage\":\"en-GB\",\"potentialAction\":[{\"@type\":\"ReadAction\",\"target\":[\"https:\\\/\\\/www.ledizioni.it\\\/en\\\/product\\\/mario-autieri-husserl-intenzionalita-e-precategoriale\\\/\"]}]},{\"@type\":\"ImageObject\",\"inLanguage\":\"en-GB\",\"@id\":\"https:\\\/\\\/www.ledizioni.it\\\/en\\\/product\\\/mario-autieri-husserl-intenzionalita-e-precategoriale\\\/#primaryimage\",\"url\":\"https:\\\/\\\/www.ledizioni.it\\\/stag\\\/wp-content\\\/uploads\\\/2015\\\/03\\\/Copertina_3D4.jpg\",\"contentUrl\":\"https:\\\/\\\/www.ledizioni.it\\\/stag\\\/wp-content\\\/uploads\\\/2015\\\/03\\\/Copertina_3D4.jpg\",\"width\":1499,\"height\":1902},{\"@type\":\"BreadcrumbList\",\"@id\":\"https:\\\/\\\/www.ledizioni.it\\\/en\\\/product\\\/mario-autieri-husserl-intenzionalita-e-precategoriale\\\/#breadcrumb\",\"itemListElement\":[{\"@type\":\"ListItem\",\"position\":1,\"name\":\"Shop\",\"item\":\"https:\\\/\\\/www.ledizioni.it\\\/shop-2\\\/\"},{\"@type\":\"ListItem\",\"position\":2,\"name\":\"HUSSERL. INTENZIONALIT\u00c0 E PRECATEGORIALE\"}]},{\"@type\":\"WebSite\",\"@id\":\"https:\\\/\\\/www.ledizioni.it\\\/#website\",\"url\":\"https:\\\/\\\/www.ledizioni.it\\\/\",\"name\":\"Ledizioni\",\"description\":\"The Innovative LediPublishing Company - Casa Editrice Universitaria\",\"publisher\":{\"@id\":\"https:\\\/\\\/www.ledizioni.it\\\/#organization\"},\"potentialAction\":[{\"@type\":\"SearchAction\",\"target\":{\"@type\":\"EntryPoint\",\"urlTemplate\":\"https:\\\/\\\/www.ledizioni.it\\\/?s={search_term_string}\"},\"query-input\":{\"@type\":\"PropertyValueSpecification\",\"valueRequired\":true,\"valueName\":\"search_term_string\"}}],\"inLanguage\":\"en-GB\"},{\"@type\":\"Organization\",\"@id\":\"https:\\\/\\\/www.ledizioni.it\\\/#organization\",\"name\":\"Ledizioni\",\"url\":\"https:\\\/\\\/www.ledizioni.it\\\/\",\"logo\":{\"@type\":\"ImageObject\",\"inLanguage\":\"en-GB\",\"@id\":\"https:\\\/\\\/www.ledizioni.it\\\/#\\\/schema\\\/logo\\\/image\\\/\",\"url\":\"https:\\\/\\\/www.ledizioni.it\\\/stag\\\/wp-content\\\/uploads\\\/2023\\\/10\\\/newlogoledizioni500x110_2-1.jpg\",\"contentUrl\":\"https:\\\/\\\/www.ledizioni.it\\\/stag\\\/wp-content\\\/uploads\\\/2023\\\/10\\\/newlogoledizioni500x110_2-1.jpg\",\"width\":354,\"height\":87,\"caption\":\"Ledizioni\"},\"image\":{\"@id\":\"https:\\\/\\\/www.ledizioni.it\\\/#\\\/schema\\\/logo\\\/image\\\/\"},\"sameAs\":[\"https:\\\/\\\/www.facebook.com\\\/pages\\\/Ledizioni-LediPublishing\\\/109120559173329\",\"https:\\\/\\\/x.com\\\/ledizioni\"]}]}<\/script>\n<!-- \/ Yoast SEO plugin. -->","yoast_head_json":{"title":"HUSSERL. INTENZIONALIT\u00c0 E PRECATEGORIALE -","description":"Husserl. Intenzionalit\u00e0 e precategoriale, una discussione a partire da Esperienza e Giudizio","robots":{"index":"index","follow":"follow","max-snippet":"max-snippet:-1","max-image-preview":"max-image-preview:large","max-video-preview":"max-video-preview:-1"},"canonical":"https:\/\/www.ledizioni.it\/en\/product\/mario-autieri-husserl-intenzionalita-e-precategoriale\/","og_locale":"en_GB","og_type":"article","og_title":"HUSSERL. INTENZIONALIT\u00c0 E PRECATEGORIALE -","og_description":"Husserl. Intenzionalit\u00e0 e precategoriale, una discussione a partire da Esperienza e Giudizio","og_url":"https:\/\/www.ledizioni.it\/en\/product\/mario-autieri-husserl-intenzionalita-e-precategoriale\/","og_site_name":"Ledizioni","article_publisher":"https:\/\/www.facebook.com\/pages\/Ledizioni-LediPublishing\/109120559173329","article_modified_time":"2021-05-13T15:02:30+00:00","og_image":[{"width":1499,"height":1902,"url":"https:\/\/www.ledizioni.it\/stag\/wp-content\/uploads\/2015\/03\/Copertina_3D4.jpg","type":"image\/jpeg"}],"twitter_card":"summary_large_image","twitter_site":"@ledizioni","twitter_misc":{"Estimated reading time":"1 minute"},"schema":{"@context":"https:\/\/schema.org","@graph":[{"@type":"WebPage","@id":"https:\/\/www.ledizioni.it\/en\/product\/mario-autieri-husserl-intenzionalita-e-precategoriale\/","url":"https:\/\/www.ledizioni.it\/en\/product\/mario-autieri-husserl-intenzionalita-e-precategoriale\/","name":"HUSSERL. INTENZIONALIT\u00c0 E PRECATEGORIALE -","isPartOf":{"@id":"https:\/\/www.ledizioni.it\/#website"},"primaryImageOfPage":{"@id":"https:\/\/www.ledizioni.it\/en\/product\/mario-autieri-husserl-intenzionalita-e-precategoriale\/#primaryimage"},"image":{"@id":"https:\/\/www.ledizioni.it\/en\/product\/mario-autieri-husserl-intenzionalita-e-precategoriale\/#primaryimage"},"thumbnailUrl":"https:\/\/www.ledizioni.it\/stag\/wp-content\/uploads\/2015\/03\/Copertina_3D4.jpg","datePublished":"2015-03-25T14:57:00+00:00","dateModified":"2021-05-13T15:02:30+00:00","description":"Husserl. Intenzionalit\u00e0 e precategoriale, una discussione a partire da Esperienza e Giudizio","breadcrumb":{"@id":"https:\/\/www.ledizioni.it\/en\/product\/mario-autieri-husserl-intenzionalita-e-precategoriale\/#breadcrumb"},"inLanguage":"en-GB","potentialAction":[{"@type":"ReadAction","target":["https:\/\/www.ledizioni.it\/en\/product\/mario-autieri-husserl-intenzionalita-e-precategoriale\/"]}]},{"@type":"ImageObject","inLanguage":"en-GB","@id":"https:\/\/www.ledizioni.it\/en\/product\/mario-autieri-husserl-intenzionalita-e-precategoriale\/#primaryimage","url":"https:\/\/www.ledizioni.it\/stag\/wp-content\/uploads\/2015\/03\/Copertina_3D4.jpg","contentUrl":"https:\/\/www.ledizioni.it\/stag\/wp-content\/uploads\/2015\/03\/Copertina_3D4.jpg","width":1499,"height":1902},{"@type":"BreadcrumbList","@id":"https:\/\/www.ledizioni.it\/en\/product\/mario-autieri-husserl-intenzionalita-e-precategoriale\/#breadcrumb","itemListElement":[{"@type":"ListItem","position":1,"name":"Shop","item":"https:\/\/www.ledizioni.it\/shop-2\/"},{"@type":"ListItem","position":2,"name":"HUSSERL. INTENZIONALIT\u00c0 E PRECATEGORIALE"}]},{"@type":"WebSite","@id":"https:\/\/www.ledizioni.it\/#website","url":"https:\/\/www.ledizioni.it\/","name":"Ledizioni","description":"The Innovative LediPublishing Company - Casa Editrice Universitaria","publisher":{"@id":"https:\/\/www.ledizioni.it\/#organization"},"potentialAction":[{"@type":"SearchAction","target":{"@type":"EntryPoint","urlTemplate":"https:\/\/www.ledizioni.it\/?s={search_term_string}"},"query-input":{"@type":"PropertyValueSpecification","valueRequired":true,"valueName":"search_term_string"}}],"inLanguage":"en-GB"},{"@type":"Organization","@id":"https:\/\/www.ledizioni.it\/#organization","name":"Ledizioni","url":"https:\/\/www.ledizioni.it\/","logo":{"@type":"ImageObject","inLanguage":"en-GB","@id":"https:\/\/www.ledizioni.it\/#\/schema\/logo\/image\/","url":"https:\/\/www.ledizioni.it\/stag\/wp-content\/uploads\/2023\/10\/newlogoledizioni500x110_2-1.jpg","contentUrl":"https:\/\/www.ledizioni.it\/stag\/wp-content\/uploads\/2023\/10\/newlogoledizioni500x110_2-1.jpg","width":354,"height":87,"caption":"Ledizioni"},"image":{"@id":"https:\/\/www.ledizioni.it\/#\/schema\/logo\/image\/"},"sameAs":["https:\/\/www.facebook.com\/pages\/Ledizioni-LediPublishing\/109120559173329","https:\/\/x.com\/ledizioni"]}]}},"jetpack_sharing_enabled":true,"_links":{"self":[{"href":"https:\/\/www.ledizioni.it\/en\/wp-json\/wp\/v2\/product\/9840","targetHints":{"allow":["GET"]}}],"collection":[{"href":"https:\/\/www.ledizioni.it\/en\/wp-json\/wp\/v2\/product"}],"about":[{"href":"https:\/\/www.ledizioni.it\/en\/wp-json\/wp\/v2\/types\/product"}],"replies":[{"embeddable":true,"href":"https:\/\/www.ledizioni.it\/en\/wp-json\/wp\/v2\/comments?post=9840"}],"version-history":[{"count":1,"href":"https:\/\/www.ledizioni.it\/en\/wp-json\/wp\/v2\/product\/9840\/revisions"}],"predecessor-version":[{"id":38461,"href":"https:\/\/www.ledizioni.it\/en\/wp-json\/wp\/v2\/product\/9840\/revisions\/38461"}],"wp:featuredmedia":[{"embeddable":true,"href":"https:\/\/www.ledizioni.it\/en\/wp-json\/wp\/v2\/media\/9841"}],"wp:attachment":[{"href":"https:\/\/www.ledizioni.it\/en\/wp-json\/wp\/v2\/media?parent=9840"}],"wp:term":[{"taxonomy":"product_brand","embeddable":true,"href":"https:\/\/www.ledizioni.it\/en\/wp-json\/wp\/v2\/product_brand?post=9840"},{"taxonomy":"product_cat","embeddable":true,"href":"https:\/\/www.ledizioni.it\/en\/wp-json\/wp\/v2\/product_cat?post=9840"},{"taxonomy":"product_tag","embeddable":true,"href":"https:\/\/www.ledizioni.it\/en\/wp-json\/wp\/v2\/product_tag?post=9840"}],"curies":[{"name":"wp","href":"https:\/\/api.w.org\/{rel}","templated":true}]}}